{"id":4870,"date":"2019-01-23T10:25:49","date_gmt":"2019-01-23T07:25:49","guid":{"rendered":"https:\/\/esemineu.ro\/product\/semineu-pe-lemne-brichete-economic-s\/"},"modified":"2026-02-20T16:28:13","modified_gmt":"2026-02-20T14:28:13","slug":"az-economic-s-boltives-kandallo-fm-gyartmanyu-szabadonallo-kandallo-5kw-1-8-kg-h","status":"publish","type":"product","link":"https:\/\/esemineu.ro\/hu\/termek\/az-economic-s-boltives-kandallo-fm-gyartmanyu-szabadonallo-kandallo-5kw-1-8-kg-h\/","title":{"rendered":"Az Economic S bolt\u00edves kandall\u00f3, FM gy\u00e1rtm\u00e1ny\u00fa szabadon\u00e1ll\u00f3 kandall\u00f3, 5kW, 1.8 kg\/h"},"content":{"rendered":"<p>Economic S bolt\u00edves kandall\u00f3<\/p>\n<p>Az <strong>Economic S bolt\u00edves kandall\u00f3<\/strong> egyed\u00fcl\u00e1ll\u00f3an kombin\u00e1lja a hagyom\u00e1nyos diz\u00e1jnt a modern technol\u00f3gi\u00e1val, hogy a leghat\u00e9konyabb f\u0171t\u00e9si megold\u00e1st k\u00edn\u00e1lja otthona sz\u00e1m\u00e1ra. Gy\u00e1rt\u00f3ja, a neves <strong>Miklos Steel<\/strong>, garant\u00e1lja a kiv\u00e1l\u00f3 min\u0151s\u00e9get \u00e9s a hossz\u00fa \u00e9lettartamot, amelyre az otthonoknak sz\u00fcks\u00e9ge van a hideg h\u00f3napokban.<\/p>\n<p>Az <strong>Economic S kandall\u00f3<\/strong> a leg\u00fajabb trendeket k\u00f6vetve <strong>matt fekete<\/strong> sz\u00ednben pomp\u00e1zik, ami nem csak eszt\u00e9tikai \u00e9lm\u00e9nyt ny\u00fajt, hanem t\u00f6k\u00e9letesen illeszkedik b\u00e1rmilyen bels\u0151 t\u00e9rbe, legyen az modern vagy klasszikus. Az egyik k\u00fcl\u00f6nlegess\u00e9ge a <strong>bolt\u00edves<\/strong> diz\u00e1jn, mely nem csak a st\u00edlusos megjelen\u00e9s\u00e9rt felel, hanem az \u00e9g\u00e9si folyamat optimaliz\u00e1l\u00e1s\u00e1ban is szerepet j\u00e1tszik.<\/p>\n<p>Az 5kW teljes\u00edtm\u00e9ny, amit ez a szabadon\u00e1ll\u00f3 kandall\u00f3 ny\u00fajt, ide\u00e1lis a k\u00f6zepes m\u00e9ret\u0171 helyis\u00e9gek hat\u00e9kony \u00e9s gyors f\u0171t\u00e9s\u00e9re. De nem csak a teljes\u00edtm\u00e9nye emeli ki a t\u00f6bbi k\u00f6z\u00fcl, hanem a kiv\u00e1l\u00f3 h\u0151tart\u00e1s is, k\u00f6sz\u00f6nhet\u0151en a speci\u00e1lis <strong>szilik\u00e1ttal<\/strong> val\u00f3 bels\u0151 kib\u00e9lel\u00e9snek. Ez biztos\u00edtja, hogy a h\u0151 sok\u00e1ig megmaradjon, m\u00e9g miut\u00e1n a t\u0171z kialszik.<\/p>\n<p>Az <strong>Economic S kandall\u00f3<\/strong> tov\u00e1bbi fontos jellemz\u0151je a <strong>120 mm-es f\u00fcst elvezet\u00e9s<\/strong>. Ez nemcsak a hat\u00e9kony m\u0171k\u00f6d\u00e9st, hanem a biztons\u00e1gos \u00fczemeltet\u00e9st is garant\u00e1lja. R\u00e1ad\u00e1sul a kandall\u00f3ban tal\u00e1lhat\u00f3 egy praktikus t\u0171zifa-t\u00e1rol\u00f3, \u00edgy mindig k\u00e9zn\u00e9l lesz a k\u00f6vetkez\u0151 adag fa.<\/p>\n<p>A kandall\u00f3 kiv\u00e1laszt\u00e1s\u00e1n\u00e1l fontos, hogy megb\u00edzhat\u00f3 forr\u00e1sb\u00f3l szerezz\u00fck be. Az <strong>esemineu.ro<\/strong> aj\u00e1nl\u00e1s\u00e1val biztos lehet benne, hogy a legjobb min\u0151s\u00e9g\u0171, \u00e9s legmegb\u00edzhat\u00f3bb term\u00e9ket v\u00e1lasztja. Ne hagyja ki ezt az alkalmat, \u00e9s tegye m\u00e9g melegebb\u00e9 \u00e9s otthonosabb\u00e1 az otthon\u00e1t ezzel a kiv\u00e1l\u00f3 kandall\u00f3val!<\/p>\n<p>Ide\u00e1lis helys\u00e9gek a kandall\u00f3 sz\u00e1m\u00e1ra:<\/p>\n<p>Kis \u00e9s k\u00f6zepes m\u00e9ret\u0171 lak\u00e1sok: Az 5kW kandall\u00f3 t\u00f6k\u00e9letes v\u00e1laszt\u00e1s lehet kisebb \u00e9s k\u00f6zepes m\u00e9ret\u0171 lak\u00e1sokhoz, ahol a hely korl\u00e1tozott. Ez a kandall\u00f3 elegend\u0151 h\u0151t biztos\u00edt ahhoz, hogy kellemes melegs\u00e9g uralkodjon a helyis\u00e9gben.<\/p>\n<p>Nyaral\u00f3k \u00e9s vid\u00e9ki h\u00e1zak: A nyaral\u00f3kban \u00e9s vid\u00e9ki h\u00e1zakban az 5kW kandall\u00f3 kellemes hangulatot teremt a hidegebb id\u0151szakokban. Ez a kandall\u00f3 hozz\u00e1j\u00e1rul az otthonos l\u00e9gk\u00f6rh\u00f6z, mik\u00f6zben meleg\u00edt \u00e9s k\u00e9nyelmet ny\u00fajt a tart\u00f3zkod\u00e1s ideje alatt.<br \/>\nFontos megjegyezni, hogy minden h\u00e1zt\u00edpus k\u00fcl\u00f6nb\u00f6zik, \u00e9s az elhelyez\u00e9s el\u0151tt fontos figyelembe venni a helyi t\u0171zv\u00e9delmi \u00e9s \u00e9p\u00edt\u00e9szeti el\u0151\u00edr\u00e1sokat. Mindig aj\u00e1nlott szakemberrel konzult\u00e1lni a kandall\u00f3 telep\u00edt\u00e9se \u00e9s haszn\u00e1lata el\u0151tt, hogy biztons\u00e1gosan \u00e9s hat\u00e9konyan m\u0171k\u00f6dj\u00f6n az adott h\u00e1zt\u00edpusban.<\/p>\n<h4>Sz\u00e1ll\u00edt\u00e1si hat\u00e1rid\u0151:<\/h4>\n<ul>\n<li><strong>Magyarorsz\u00e1g \u00e9s az eg\u00e9sz Eur\u00f3pai Uni\u00f3 ter\u00fclet\u00e9n<\/strong>\u00a0is sz\u00e1ll\u00edtjuk.<\/li>\n<li>Rom\u00e1ni\u00e1ba 2-3 munkanap alatt sz\u00e1ll\u00edtjuk<\/li>\n<li>Magyarorsz\u00e1gra \u00e9s az EU ter\u00fclet\u00e9re az \u00e1tutal\u00e1s ut\u00e1n 5 munkanapon bel\u00fcl \u00e9rkezik meg a term\u00e9k.<\/li>\n<\/ul>\n<p>Ha b\u00e1rmilyen k\u00e9rd\u00e9se van, k\u00e9rj\u00fck, l\u00e9pjen kapcsolatba vel\u00fcnk.<\/p>\n<p>Tov\u00e1bbi aj\u00e1nlatok\u00e9rt kattintson\u00a0<a href=\"https:\/\/esemineu.ro\/hu\/termek-kategoria\/mobil-hordozhato-szabadon-allo-kandallok\/\">ide<\/a><\/p>\n<p>T\u0151bb inform\u00e1ci\u00f3\u00e9rt l\u00e1togasson el\u00a0<a href=\"https:\/\/www.youtube.com\/@esemineuromania\">YouTube<\/a>-csatorn\u00e1nkra, valamint\u00a0<a href=\"https:\/\/www.facebook.com\/eSemineu\">Facebook<\/a>\u00a0\u00e9s\u00a0<a href=\"https:\/\/www.instagram.com\/esemineu\/\">Instagram<\/a>\u00a0oldalainkra.<\/p>\n<p><a href=\"https:\/\/esemineu.ro\/\">eSemineu.ro<\/a>\u00a0 \u00a0Te rakod a t\u0171zet, mi adjuk a meleget!<\/p>\n","protected":false},"excerpt":{"rendered":"<p>Economic S bolt\u00edves kandall\u00f3 Az Economic S bolt\u00edves kandall\u00f3 egyed\u00fcl\u00e1ll\u00f3an kombin\u00e1lja a hagyom\u00e1nyos diz\u00e1jnt a modern technol\u00f3gi\u00e1val, hogy a leghat\u00e9konyabb f\u0171t\u00e9si megold\u00e1st k\u00edn\u00e1lja otthona sz\u00e1m\u00e1ra. Gy\u00e1rt\u00f3ja, a neves Miklos Steel, garant\u00e1lja a kiv\u00e1l\u00f3 min\u0151s\u00e9get \u00e9s a hossz\u00fa \u00e9lettartamot, amelyre az otthonoknak sz\u00fcks\u00e9ge van a hideg h\u00f3napokban. Az Economic S kandall\u00f3 a leg\u00fajabb trendeket k\u00f6vetve matt fekete sz\u00ednben pomp\u00e1zik, ami nem csak eszt\u00e9tikai \u00e9lm\u00e9nyt ny\u00fajt, hanem t\u00f6k\u00e9letesen illeszkedik b\u00e1rmilyen bels\u0151 t\u00e9rbe, legyen az modern vagy klasszikus. Az egyik k\u00fcl\u00f6nlegess\u00e9ge a bolt\u00edves diz\u00e1jn, mely nem csak a st\u00edlusos megjelen\u00e9s\u00e9rt felel, hanem az \u00e9g\u00e9si folyamat optimaliz\u00e1l\u00e1s\u00e1ban is szerepet j\u00e1tszik. Az 5kW teljes\u00edtm\u00e9ny, amit ez a szabadon\u00e1ll\u00f3 kandall\u00f3 ny\u00fajt, ide\u00e1lis a k\u00f6zepes m\u00e9ret\u0171 helyis\u00e9gek hat\u00e9kony \u00e9s gyors f\u0171t\u00e9s\u00e9re. De nem csak a teljes\u00edtm\u00e9nye emeli ki a t\u00f6bbi k\u00f6z\u00fcl, hanem a kiv\u00e1l\u00f3 h\u0151tart\u00e1s is, k\u00f6sz\u00f6nhet\u0151en a speci\u00e1lis szilik\u00e1ttal val\u00f3 bels\u0151 kib\u00e9lel\u00e9snek. Ez biztos\u00edtja, hogy a h\u0151 sok\u00e1ig megmaradjon, m\u00e9g miut\u00e1n a t\u0171z kialszik. Az Economic &hellip; <a href=\"https:\/\/esemineu.ro\/hu\/termek\/az-economic-s-boltives-kandallo-fm-gyartmanyu-szabadonallo-kandallo-5kw-1-8-kg-h\/\">Folytatva<\/a><\/p>\n","protected":false},"featured_media":17262,"comment_status":"open","ping_status":"closed","template":"","meta":[],"product_brand":[690],"product_cat":[2346,836],"product_tag":[],"class_list":{"0":"post-4870","1":"product","2":"type-product","3":"status-publish","4":"has-post-thumbnail","6":"product_brand-fm-group","7":"product_cat-fatuzelesu-kandallok-2","8":"product_cat-mobil-hordozhato-szabadon-allo-kandallok","9":"product_shipping_class-grillsutok-kerti-sutok","10":"pa_combustibil-utilizat-brikett","11":"pa_combustibil-utilizat-fa","12":"pa_culoare-matt-fekete","13":"pa_diametru-racordului-la-cos-120-mm-hu","14":"pa_material-acel","15":"pa_model-hordozhato-hu","16":"pa_putere-55-kw-hu","17":"pa_randament-75-hu","18":"pa_spatiu-de-aer-incalzit-90-110-m3-hu","19":"producer-miklos-steel","21":"first","22":"instock","23":"sale","24":"shipping-taxable","25":"purchasable","26":"product-type-simple"},"acf":[],"yoast_head":"<!-- This site is optimized with the Yoast SEO Premium plugin v21.0 (Yoast SEO v27.3) - https:\/\/yoast.com\/product\/yoast-seo-premium-wordpress\/ -->\n<title>Economic S bolt\u00edves kandall\u00f3 | Kandall\u00f3k | eSemineu.ro<\/title>\n<meta name=\"description\" content=\"Economic S bolt\u00edves kandall\u00f3 Economic S bolt\u00edves kandall\u00f3: elegancia \u00e9s hat\u00e9konys\u00e1g egyben. T\u00f6k\u00e9letes v\u00e1laszt\u00e1s minden otthonba | eSemineu.ro\" \/>\n<meta name=\"robots\" content=\"index, follow, max-snippet:-1, max-image-preview:large, max-video-preview:-1\" \/>\n<link rel=\"canonical\" href=\"https:\/\/esemineu.ro\/hu\/termek\/az-economic-s-boltives-kandallo-fm-gyartmanyu-szabadonallo-kandallo-5kw-1-8-kg-h\/\" \/>\n<meta property=\"og:locale\" content=\"hu_HU\" \/>\n<meta property=\"og:type\" content=\"article\" \/>\n<meta property=\"og:title\" content=\"Economic S bolt\u00edves kandall\u00f3 | Kandall\u00f3k | eSemineu.ro\" \/>\n<meta property=\"og:description\" content=\"Economic S bolt\u00edves kandall\u00f3 Economic S bolt\u00edves kandall\u00f3: elegancia \u00e9s hat\u00e9konys\u00e1g egyben. T\u00f6k\u00e9letes v\u00e1laszt\u00e1s minden otthonba | eSemineu.ro\" \/>\n<meta property=\"og:url\" content=\"https:\/\/esemineu.ro\/hu\/termek\/az-economic-s-boltives-kandallo-fm-gyartmanyu-szabadonallo-kandallo-5kw-1-8-kg-h\/\" \/>\n<meta property=\"og:site_name\" content=\"eSemineu\" \/>\n<meta property=\"article:publisher\" content=\"https:\/\/web.facebook.com\/eSemineu\" \/>\n<meta property=\"article:modified_time\" content=\"2026-02-20T14:28:13+00:00\" \/>\n<meta property=\"og:image\" content=\"https:\/\/esemineu.ro\/wp-content\/uploads\/2019\/01\/ECONOMIC-S-FRONT-FR.jpg\" \/>\n\t<meta property=\"og:image:width\" content=\"1000\" \/>\n\t<meta property=\"og:image:height\" content=\"1000\" \/>\n\t<meta property=\"og:image:type\" content=\"image\/jpeg\" \/>\n<meta name=\"twitter:card\" content=\"summary_large_image\" \/>\n<meta name=\"twitter:label1\" content=\"Becs\u00fclt olvas\u00e1si id\u0151\" \/>\n\t<meta name=\"twitter:data1\" content=\"3 perc\" \/>\n<script type=\"application\/ld+json\" class=\"yoast-schema-graph\">{\"@context\":\"https:\\\/\\\/schema.org\",\"@graph\":[{\"@type\":\"WebPage\",\"@id\":\"https:\\\/\\\/esemineu.ro\\\/hu\\\/termek\\\/az-economic-s-boltives-kandallo-fm-gyartmanyu-szabadonallo-kandallo-5kw-1-8-kg-h\\\/\",\"url\":\"https:\\\/\\\/esemineu.ro\\\/hu\\\/termek\\\/az-economic-s-boltives-kandallo-fm-gyartmanyu-szabadonallo-kandallo-5kw-1-8-kg-h\\\/\",\"name\":\"Economic S bolt\u00edves kandall\u00f3 | Kandall\u00f3k | eSemineu.ro\",\"isPartOf\":{\"@id\":\"https:\\\/\\\/esemineu.ro\\\/hu\\\/#website\"},\"primaryImageOfPage\":{\"@id\":\"https:\\\/\\\/esemineu.ro\\\/hu\\\/termek\\\/az-economic-s-boltives-kandallo-fm-gyartmanyu-szabadonallo-kandallo-5kw-1-8-kg-h\\\/#primaryimage\"},\"image\":{\"@id\":\"https:\\\/\\\/esemineu.ro\\\/hu\\\/termek\\\/az-economic-s-boltives-kandallo-fm-gyartmanyu-szabadonallo-kandallo-5kw-1-8-kg-h\\\/#primaryimage\"},\"thumbnailUrl\":\"https:\\\/\\\/esemineu.ro\\\/wp-content\\\/uploads\\\/2019\\\/01\\\/ECONOMIC-S-FRONT-FR.jpg\",\"datePublished\":\"2019-01-23T07:25:49+00:00\",\"dateModified\":\"2026-02-20T14:28:13+00:00\",\"description\":\"Economic S bolt\u00edves kandall\u00f3 Economic S bolt\u00edves kandall\u00f3: elegancia \u00e9s hat\u00e9konys\u00e1g egyben. T\u00f6k\u00e9letes v\u00e1laszt\u00e1s minden otthonba | eSemineu.ro\",\"breadcrumb\":{\"@id\":\"https:\\\/\\\/esemineu.ro\\\/hu\\\/termek\\\/az-economic-s-boltives-kandallo-fm-gyartmanyu-szabadonallo-kandallo-5kw-1-8-kg-h\\\/#breadcrumb\"},\"inLanguage\":\"hu\",\"potentialAction\":[{\"@type\":\"ReadAction\",\"target\":[\"https:\\\/\\\/esemineu.ro\\\/hu\\\/termek\\\/az-economic-s-boltives-kandallo-fm-gyartmanyu-szabadonallo-kandallo-5kw-1-8-kg-h\\\/\"]}]},{\"@type\":\"ImageObject\",\"inLanguage\":\"hu\",\"@id\":\"https:\\\/\\\/esemineu.ro\\\/hu\\\/termek\\\/az-economic-s-boltives-kandallo-fm-gyartmanyu-szabadonallo-kandallo-5kw-1-8-kg-h\\\/#primaryimage\",\"url\":\"https:\\\/\\\/esemineu.ro\\\/wp-content\\\/uploads\\\/2019\\\/01\\\/ECONOMIC-S-FRONT-FR.jpg\",\"contentUrl\":\"https:\\\/\\\/esemineu.ro\\\/wp-content\\\/uploads\\\/2019\\\/01\\\/ECONOMIC-S-FRONT-FR.jpg\",\"width\":1000,\"height\":1000,\"caption\":\"Economic S bolt\u00edves kandall\u00f3\"},{\"@type\":\"BreadcrumbList\",\"@id\":\"https:\\\/\\\/esemineu.ro\\\/hu\\\/termek\\\/az-economic-s-boltives-kandallo-fm-gyartmanyu-szabadonallo-kandallo-5kw-1-8-kg-h\\\/#breadcrumb\",\"itemListElement\":[{\"@type\":\"ListItem\",\"position\":1,\"name\":\"Kezd\u0151lap\",\"item\":\"https:\\\/\\\/esemineu.ro\\\/hu\\\/\"},{\"@type\":\"ListItem\",\"position\":2,\"name\":\"\u00c1ruh\u00e1z\",\"item\":\"https:\\\/\\\/esemineu.ro\\\/hu\\\/aruhaz\\\/\"},{\"@type\":\"ListItem\",\"position\":3,\"name\":\"Az Economic S bolt\u00edves kandall\u00f3, FM gy\u00e1rtm\u00e1ny\u00fa szabadon\u00e1ll\u00f3 kandall\u00f3, 5kW, 1.8 kg\\\/h\"}]},{\"@type\":\"WebSite\",\"@id\":\"https:\\\/\\\/esemineu.ro\\\/hu\\\/#website\",\"url\":\"https:\\\/\\\/esemineu.ro\\\/hu\\\/\",\"name\":\"eSemineu\",\"description\":\"\u0218eminee de cea mai \u00eenalt\u0103 calitate\",\"potentialAction\":[{\"@type\":\"SearchAction\",\"target\":{\"@type\":\"EntryPoint\",\"urlTemplate\":\"https:\\\/\\\/esemineu.ro\\\/hu\\\/?s={search_term_string}\"},\"query-input\":{\"@type\":\"PropertyValueSpecification\",\"valueRequired\":true,\"valueName\":\"search_term_string\"}}],\"inLanguage\":\"hu\"}]}<\/script>\n<!-- \/ Yoast SEO Premium plugin. -->","yoast_head_json":{"title":"Economic S bolt\u00edves kandall\u00f3 | Kandall\u00f3k | eSemineu.ro","description":"Economic S bolt\u00edves kandall\u00f3 Economic S bolt\u00edves kandall\u00f3: elegancia \u00e9s hat\u00e9konys\u00e1g egyben. T\u00f6k\u00e9letes v\u00e1laszt\u00e1s minden otthonba | eSemineu.ro","robots":{"index":"index","follow":"follow","max-snippet":"max-snippet:-1","max-image-preview":"max-image-preview:large","max-video-preview":"max-video-preview:-1"},"canonical":"https:\/\/esemineu.ro\/hu\/termek\/az-economic-s-boltives-kandallo-fm-gyartmanyu-szabadonallo-kandallo-5kw-1-8-kg-h\/","og_locale":"hu_HU","og_type":"article","og_title":"Economic S bolt\u00edves kandall\u00f3 | Kandall\u00f3k | eSemineu.ro","og_description":"Economic S bolt\u00edves kandall\u00f3 Economic S bolt\u00edves kandall\u00f3: elegancia \u00e9s hat\u00e9konys\u00e1g egyben. T\u00f6k\u00e9letes v\u00e1laszt\u00e1s minden otthonba | eSemineu.ro","og_url":"https:\/\/esemineu.ro\/hu\/termek\/az-economic-s-boltives-kandallo-fm-gyartmanyu-szabadonallo-kandallo-5kw-1-8-kg-h\/","og_site_name":"eSemineu","article_publisher":"https:\/\/web.facebook.com\/eSemineu","article_modified_time":"2026-02-20T14:28:13+00:00","og_image":[{"width":1000,"height":1000,"url":"https:\/\/esemineu.ro\/wp-content\/uploads\/2019\/01\/ECONOMIC-S-FRONT-FR.jpg","type":"image\/jpeg"}],"twitter_card":"summary_large_image","twitter_misc":{"Becs\u00fclt olvas\u00e1si id\u0151":"3 perc"},"schema":{"@context":"https:\/\/schema.org","@graph":[{"@type":"WebPage","@id":"https:\/\/esemineu.ro\/hu\/termek\/az-economic-s-boltives-kandallo-fm-gyartmanyu-szabadonallo-kandallo-5kw-1-8-kg-h\/","url":"https:\/\/esemineu.ro\/hu\/termek\/az-economic-s-boltives-kandallo-fm-gyartmanyu-szabadonallo-kandallo-5kw-1-8-kg-h\/","name":"Economic S bolt\u00edves kandall\u00f3 | Kandall\u00f3k | eSemineu.ro","isPartOf":{"@id":"https:\/\/esemineu.ro\/hu\/#website"},"primaryImageOfPage":{"@id":"https:\/\/esemineu.ro\/hu\/termek\/az-economic-s-boltives-kandallo-fm-gyartmanyu-szabadonallo-kandallo-5kw-1-8-kg-h\/#primaryimage"},"image":{"@id":"https:\/\/esemineu.ro\/hu\/termek\/az-economic-s-boltives-kandallo-fm-gyartmanyu-szabadonallo-kandallo-5kw-1-8-kg-h\/#primaryimage"},"thumbnailUrl":"https:\/\/esemineu.ro\/wp-content\/uploads\/2019\/01\/ECONOMIC-S-FRONT-FR.jpg","datePublished":"2019-01-23T07:25:49+00:00","dateModified":"2026-02-20T14:28:13+00:00","description":"Economic S bolt\u00edves kandall\u00f3 Economic S bolt\u00edves kandall\u00f3: elegancia \u00e9s hat\u00e9konys\u00e1g egyben. T\u00f6k\u00e9letes v\u00e1laszt\u00e1s minden otthonba | eSemineu.ro","breadcrumb":{"@id":"https:\/\/esemineu.ro\/hu\/termek\/az-economic-s-boltives-kandallo-fm-gyartmanyu-szabadonallo-kandallo-5kw-1-8-kg-h\/#breadcrumb"},"inLanguage":"hu","potentialAction":[{"@type":"ReadAction","target":["https:\/\/esemineu.ro\/hu\/termek\/az-economic-s-boltives-kandallo-fm-gyartmanyu-szabadonallo-kandallo-5kw-1-8-kg-h\/"]}]},{"@type":"ImageObject","inLanguage":"hu","@id":"https:\/\/esemineu.ro\/hu\/termek\/az-economic-s-boltives-kandallo-fm-gyartmanyu-szabadonallo-kandallo-5kw-1-8-kg-h\/#primaryimage","url":"https:\/\/esemineu.ro\/wp-content\/uploads\/2019\/01\/ECONOMIC-S-FRONT-FR.jpg","contentUrl":"https:\/\/esemineu.ro\/wp-content\/uploads\/2019\/01\/ECONOMIC-S-FRONT-FR.jpg","width":1000,"height":1000,"caption":"Economic S bolt\u00edves kandall\u00f3"},{"@type":"BreadcrumbList","@id":"https:\/\/esemineu.ro\/hu\/termek\/az-economic-s-boltives-kandallo-fm-gyartmanyu-szabadonallo-kandallo-5kw-1-8-kg-h\/#breadcrumb","itemListElement":[{"@type":"ListItem","position":1,"name":"Kezd\u0151lap","item":"https:\/\/esemineu.ro\/hu\/"},{"@type":"ListItem","position":2,"name":"\u00c1ruh\u00e1z","item":"https:\/\/esemineu.ro\/hu\/aruhaz\/"},{"@type":"ListItem","position":3,"name":"Az Economic S bolt\u00edves kandall\u00f3, FM gy\u00e1rtm\u00e1ny\u00fa szabadon\u00e1ll\u00f3 kandall\u00f3, 5kW, 1.8 kg\/h"}]},{"@type":"WebSite","@id":"https:\/\/esemineu.ro\/hu\/#website","url":"https:\/\/esemineu.ro\/hu\/","name":"eSemineu","description":"\u0218eminee de cea mai \u00eenalt\u0103 calitate","potentialAction":[{"@type":"SearchAction","target":{"@type":"EntryPoint","urlTemplate":"https:\/\/esemineu.ro\/hu\/?s={search_term_string}"},"query-input":{"@type":"PropertyValueSpecification","valueRequired":true,"valueName":"search_term_string"}}],"inLanguage":"hu"}]}},"_links":{"self":[{"href":"https:\/\/esemineu.ro\/hu\/wp-json\/wp\/v2\/product\/4870","targetHints":{"allow":["GET"]}}],"collection":[{"href":"https:\/\/esemineu.ro\/hu\/wp-json\/wp\/v2\/product"}],"about":[{"href":"https:\/\/esemineu.ro\/hu\/wp-json\/wp\/v2\/types\/product"}],"replies":[{"embeddable":true,"href":"https:\/\/esemineu.ro\/hu\/wp-json\/wp\/v2\/comments?post=4870"}],"wp:featuredmedia":[{"embeddable":true,"href":"https:\/\/esemineu.ro\/hu\/wp-json\/wp\/v2\/media\/17262"}],"wp:attachment":[{"href":"https:\/\/esemineu.ro\/hu\/wp-json\/wp\/v2\/media?parent=4870"}],"wp:term":[{"taxonomy":"product_brand","embeddable":true,"href":"https:\/\/esemineu.ro\/hu\/wp-json\/wp\/v2\/product_brand?post=4870"},{"taxonomy":"product_cat","embeddable":true,"href":"https:\/\/esemineu.ro\/hu\/wp-json\/wp\/v2\/product_cat?post=4870"},{"taxonomy":"product_tag","embeddable":true,"href":"https:\/\/esemineu.ro\/hu\/wp-json\/wp\/v2\/product_tag?post=4870"}],"curies":[{"name":"wp","href":"https:\/\/api.w.org\/{rel}","templated":true}]}}