{"id":4869,"date":"2021-03-23T09:55:23","date_gmt":"2021-03-23T06:55:23","guid":{"rendered":"https:\/\/esemineu.ro\/product\/semineu-patrat-economic-9kw-fm-pe-lemne-si-brichete-3-4-kg-h\/"},"modified":"2026-02-23T10:28:06","modified_gmt":"2026-02-23T08:28:06","slug":"economic-9kw-laposteteju-kandallo-fm-gyartmanyu-szabadonallo-kandallo-3-4-kg-h","status":"publish","type":"product","link":"https:\/\/esemineu.ro\/hu\/termek\/economic-9kw-laposteteju-kandallo-fm-gyartmanyu-szabadonallo-kandallo-3-4-kg-h\/","title":{"rendered":"Economic 9kW lapostetej\u0171 kandall\u00f3, FM gy\u00e1rtm\u00e1ny\u00fa szabadon\u00e1ll\u00f3 kandall\u00f3, 3.4 kg\/h"},"content":{"rendered":"<p>Economic 9kW lapostetej\u0171 kandall\u00f3<\/p>\n<p>Az <strong>Economic 9kW lapostetej\u0171 kandall\u00f3<\/strong> az otthonos melegs\u00e9g \u00e9s a modern design t\u00f6k\u00e9letes kombin\u00e1ci\u00f3j\u00e1t k\u00edn\u00e1lja. Azok sz\u00e1m\u00e1ra tervezve, akik nem csak hat\u00e9kony f\u0171t\u00e9si megold\u00e1st keresnek, hanem egyedi diz\u00e1jnt \u00e9s kiv\u00e1l\u00f3 min\u0151s\u00e9g\u0171 anyagokat is \u00e9rt\u00e9kelnek, ez a term\u00e9k kiv\u00e1l\u00f3 v\u00e1laszt\u00e1s minden otthon sz\u00e1m\u00e1ra.<\/p>\n<p>A <strong>sz\u00f6gletes, robusztus kandall\u00f3<\/strong> diz\u00e1jnj\u00e1t a Miklos Steel c\u00e9g k\u00e9sz\u00edtette, mely a min\u0151s\u00e9gi term\u00e9kek ter\u00e9n \u00e9vtizedes tapasztalattal rendelkezik. Az <strong>ac\u00e9l<\/strong>, melyb\u0151l a kandall\u00f3 k\u00e9sz\u00fclt, rendk\u00edv\u00fcl tart\u00f3s \u00e9s hossz\u00fa \u00e9lettartamot biztos\u00edt, m\u00edg a <strong>samottal belelt<\/strong> bels\u0151 r\u00e9sze garant\u00e1lja az egyenletes \u00e9s hat\u00e9kony h\u0151eloszl\u00e1st. Ez a kombin\u00e1ci\u00f3 biztos\u00edtja, hogy az <strong>Economic 9kW<\/strong> minden alkalommal t\u00f6k\u00e9letes f\u0171t\u00e9si teljes\u00edtm\u00e9nyt ny\u00fajtson.<\/p>\n<p>El\u00e9rhet\u0151 az <strong>esemineu.ro<\/strong> web\u00e1ruh\u00e1zban, ez a <strong>matt fekete ac\u00e9l kandall\u00f3<\/strong> st\u00edlusos megjelen\u00e9ssel rendelkezik, mely minden otthonban impoz\u00e1ns l\u00e1tv\u00e1nyt ny\u00fajt. Az <strong>h\u0151\u00e1ll\u00f3 \u00fcveggel<\/strong> ell\u00e1tott ajt\u00f3 lehet\u0151v\u00e9 teszi a t\u0171z l\u00e1tv\u00e1ny\u00e1nak \u00e9lvezet\u00e9t an\u00e9lk\u00fcl, hogy h\u0151t vesz\u00edten\u00e9nk, m\u00edg a <strong>hamut\u00e1lc\u00e1val<\/strong> rendelkez\u0151 als\u00f3 r\u00e9sz praktikuss\u00e1got \u00e9s k\u00f6nny\u0171 tiszt\u00edthat\u00f3s\u00e1got biztos\u00edt.<\/p>\n<p>A <strong>120mm f\u00fcstelvezet\u00e9s<\/strong> gondoskodik arr\u00f3l, hogy a f\u00fcst biztons\u00e1gosan t\u00e1vozzon, m\u00edg a <strong>nagy t\u0171zt\u00e9rrel \u00e9s nagy ajt\u00f3val<\/strong> rendelkez\u0151 design lehet\u0151v\u00e9 teszi a vastagabb f\u00e1k egyszer\u0171 behelyez\u00e9s\u00e9t is. \u00cdgy a hosszabb \u00e9g\u00e9si id\u0151t is garant\u00e1lva k\u00e9nyelmet biztos\u00edt a felhaszn\u00e1l\u00f3k sz\u00e1m\u00e1ra.<\/p>\n<p>Az <strong>Economic 9kW lapostetej\u0171 kandall\u00f3<\/strong> t\u00f6bb, mint egy egyszer\u0171 f\u0171t\u00e9si eszk\u00f6z: egy m\u0171alkot\u00e1s, amely hozz\u00e1adja az otthon\u00e1hoz azt a k\u00fcl\u00f6nleges hangulatot, melyet csak egy kiv\u00e1l\u00f3 min\u0151s\u00e9g\u0171, gondosan tervezett kandall\u00f3 k\u00e9pes biztos\u00edtani.<\/p>\n<p>Ez a kandall\u00f3 rendk\u00edv\u00fcl hat\u00e9kony, hiszen kihaszn\u00e1lja a t\u00fczel\u0151anyag energi\u00e1j\u00e1t, \u00edgy minim\u00e1lis vesztes\u00e9ggel biztos\u00edtja a h\u0151 lead\u00e1s\u00e1t. A 9kW-os teljes\u00edtm\u00e9nye elegend\u0151 ahhoz, hogy kellemes meleget biztos\u00edtson egy k\u00f6zepes m\u00e9ret\u0171 szob\u00e1ban vagy nappaliban.<\/p>\n<h3>Economic 9kW lapostetej\u0171 kandall\u00f3 sz\u00e1ll\u00edt\u00e1si hat\u00e1rideje:<\/h3>\n<ul>\n<li><strong>Magyarorsz\u00e1g \u00e9s az eg\u00e9sz Eur\u00f3pai Uni\u00f3 ter\u00fclet\u00e9n<\/strong>\u00a0is sz\u00e1ll\u00edtjuk.<\/li>\n<li>Rom\u00e1ni\u00e1ba 2-3 munkanap alatt sz\u00e1ll\u00edtjuk<\/li>\n<li>Magyarorsz\u00e1gra \u00e9s az EU ter\u00fclet\u00e9re az \u00e1tutal\u00e1s ut\u00e1n 5 munkanapon bel\u00fcl \u00e9rkezik meg a term\u00e9k.<\/li>\n<\/ul>\n<p>Ha b\u00e1rmilyen k\u00e9rd\u00e9se van, k\u00e9rj\u00fck, l\u00e9pjen kapcsolatba vel\u00fcnk.<\/p>\n<p>Tov\u00e1bbi aj\u00e1nlatok\u00e9rt kattintson\u00a0<a href=\"https:\/\/esemineu.ro\/hu\/termek-kategoria\/mobil-hordozhato-szabadon-allo-kandallok\/\">ide<\/a><\/p>\n<p>T\u0151bb inform\u00e1ci\u00f3\u00e9rt l\u00e1togasson el\u00a0<a href=\"https:\/\/www.youtube.com\/@esemineuromania\">YouTube<\/a>-csatorn\u00e1nkra, valamint\u00a0<a href=\"https:\/\/www.facebook.com\/eSemineu\">Facebook<\/a>\u00a0\u00e9s\u00a0<a href=\"https:\/\/www.instagram.com\/esemineu\/\">Instagram<\/a>\u00a0oldalainkra.<\/p>\n<p><a href=\"https:\/\/esemineu.ro\/\">eSemineu.ro<\/a>\u00a0 \u00a0Te rakod a t\u0171zet, mi adjuk a meleget!<\/p>\n","protected":false},"excerpt":{"rendered":"<p>Economic 9kW lapostetej\u0171 kandall\u00f3 Az Economic 9kW lapostetej\u0171 kandall\u00f3 az otthonos melegs\u00e9g \u00e9s a modern design t\u00f6k\u00e9letes kombin\u00e1ci\u00f3j\u00e1t k\u00edn\u00e1lja. Azok sz\u00e1m\u00e1ra tervezve, akik nem csak hat\u00e9kony f\u0171t\u00e9si megold\u00e1st keresnek, hanem egyedi diz\u00e1jnt \u00e9s kiv\u00e1l\u00f3 min\u0151s\u00e9g\u0171 anyagokat is \u00e9rt\u00e9kelnek, ez a term\u00e9k kiv\u00e1l\u00f3 v\u00e1laszt\u00e1s minden otthon sz\u00e1m\u00e1ra. A sz\u00f6gletes, robusztus kandall\u00f3 diz\u00e1jnj\u00e1t a Miklos Steel c\u00e9g k\u00e9sz\u00edtette, mely a min\u0151s\u00e9gi term\u00e9kek ter\u00e9n \u00e9vtizedes tapasztalattal rendelkezik. Az ac\u00e9l, melyb\u0151l a kandall\u00f3 k\u00e9sz\u00fclt, rendk\u00edv\u00fcl tart\u00f3s \u00e9s hossz\u00fa \u00e9lettartamot biztos\u00edt, m\u00edg a samottal belelt bels\u0151 r\u00e9sze garant\u00e1lja az egyenletes \u00e9s hat\u00e9kony h\u0151eloszl\u00e1st. Ez a kombin\u00e1ci\u00f3 biztos\u00edtja, hogy az Economic 9kW minden alkalommal t\u00f6k\u00e9letes f\u0171t\u00e9si teljes\u00edtm\u00e9nyt ny\u00fajtson. El\u00e9rhet\u0151 az esemineu.ro web\u00e1ruh\u00e1zban, ez a matt fekete ac\u00e9l kandall\u00f3 st\u00edlusos megjelen\u00e9ssel rendelkezik, mely minden otthonban impoz\u00e1ns l\u00e1tv\u00e1nyt ny\u00fajt. Az h\u0151\u00e1ll\u00f3 \u00fcveggel ell\u00e1tott ajt\u00f3 lehet\u0151v\u00e9 teszi a t\u0171z l\u00e1tv\u00e1ny\u00e1nak \u00e9lvezet\u00e9t an\u00e9lk\u00fcl, hogy h\u0151t vesz\u00edten\u00e9nk, m\u00edg a hamut\u00e1lc\u00e1val rendelkez\u0151 als\u00f3 r\u00e9sz praktikuss\u00e1got \u00e9s k\u00f6nny\u0171 tiszt\u00edthat\u00f3s\u00e1got biztos\u00edt. A 120mm f\u00fcstelvezet\u00e9s &hellip; <a href=\"https:\/\/esemineu.ro\/hu\/termek\/economic-9kw-laposteteju-kandallo-fm-gyartmanyu-szabadonallo-kandallo-3-4-kg-h\/\">Folytatva<\/a><\/p>\n","protected":false},"featured_media":20148,"comment_status":"open","ping_status":"closed","template":"","meta":[],"product_brand":[690],"product_cat":[2346,836],"product_tag":[],"class_list":{"0":"post-4869","1":"product","2":"type-product","3":"status-publish","4":"has-post-thumbnail","6":"product_brand-fm-group","7":"product_cat-fatuzelesu-kandallok-2","8":"product_cat-mobil-hordozhato-szabadon-allo-kandallok","9":"product_shipping_class-grillsutok-kerti-sutok","10":"pa_combustibil-utilizat-brikett","11":"pa_combustibil-utilizat-fa","12":"pa_culoare-matt-fekete","13":"pa_diametru-racordului-la-cos-120-mm-hu","14":"pa_material-acel","15":"pa_model-hordozhato-hu","16":"pa_putere-9-kw-hu","17":"pa_randament-761-hu","18":"pa_spatiu-de-aer-incalzit-160-180-m3-hu","19":"producer-miklos-steel","21":"first","22":"instock","23":"shipping-taxable","24":"purchasable","25":"product-type-simple"},"acf":[],"yoast_head":"<!-- This site is optimized with the Yoast SEO Premium plugin v21.0 (Yoast SEO v27.3) - https:\/\/yoast.com\/product\/yoast-seo-premium-wordpress\/ -->\n<title>Economic 9kW lapostetej\u0171 kandall\u00f3 | nagy t\u0171zt\u00e9r | eSemineu.ro<\/title>\n<meta name=\"description\" content=\"Economic 9kW lapostetej\u0171 kandall\u00f3 - Kiemelked\u0151 h\u0151teljes\u00edtm\u00e9nnyel, nagy t\u0171zt\u00e9rrel \u00e9s t\u00e1gas ajt\u00f3val rendelkezik a vastagabb faanyagok k\u00f6nny\u0171 bet\u00f6lt\u00e9s\u00e9hez.\" \/>\n<meta name=\"robots\" content=\"index, follow, max-snippet:-1, max-image-preview:large, max-video-preview:-1\" \/>\n<link rel=\"canonical\" href=\"https:\/\/esemineu.ro\/hu\/termek\/economic-9kw-laposteteju-kandallo-fm-gyartmanyu-szabadonallo-kandallo-3-4-kg-h\/\" \/>\n<meta property=\"og:locale\" content=\"hu_HU\" \/>\n<meta property=\"og:type\" content=\"article\" \/>\n<meta property=\"og:title\" content=\"Economic 9kW lapostetej\u0171 kandall\u00f3 | nagy t\u0171zt\u00e9r | eSemineu.ro\" \/>\n<meta property=\"og:description\" content=\"Economic 9kW lapostetej\u0171 kandall\u00f3 - Kiemelked\u0151 h\u0151teljes\u00edtm\u00e9nnyel, nagy t\u0171zt\u00e9rrel \u00e9s t\u00e1gas ajt\u00f3val rendelkezik a vastagabb faanyagok k\u00f6nny\u0171 bet\u00f6lt\u00e9s\u00e9hez.\" \/>\n<meta property=\"og:url\" content=\"https:\/\/esemineu.ro\/hu\/termek\/economic-9kw-laposteteju-kandallo-fm-gyartmanyu-szabadonallo-kandallo-3-4-kg-h\/\" \/>\n<meta property=\"og:site_name\" content=\"eSemineu\" \/>\n<meta property=\"article:publisher\" content=\"https:\/\/web.facebook.com\/eSemineu\" \/>\n<meta property=\"article:modified_time\" content=\"2026-02-23T08:28:06+00:00\" \/>\n<meta property=\"og:image\" content=\"https:\/\/esemineu.ro\/wp-content\/uploads\/2021\/03\/ECONOMIC-9KW-FRONT-FR.jpg\" \/>\n\t<meta property=\"og:image:width\" content=\"1000\" \/>\n\t<meta property=\"og:image:height\" content=\"1000\" \/>\n\t<meta property=\"og:image:type\" content=\"image\/jpeg\" \/>\n<meta name=\"twitter:card\" content=\"summary_large_image\" \/>\n<meta name=\"twitter:label1\" content=\"Becs\u00fclt olvas\u00e1si id\u0151\" \/>\n\t<meta name=\"twitter:data1\" content=\"3 perc\" \/>\n<script type=\"application\/ld+json\" class=\"yoast-schema-graph\">{\"@context\":\"https:\\\/\\\/schema.org\",\"@graph\":[{\"@type\":\"WebPage\",\"@id\":\"https:\\\/\\\/esemineu.ro\\\/hu\\\/termek\\\/economic-9kw-laposteteju-kandallo-fm-gyartmanyu-szabadonallo-kandallo-3-4-kg-h\\\/\",\"url\":\"https:\\\/\\\/esemineu.ro\\\/hu\\\/termek\\\/economic-9kw-laposteteju-kandallo-fm-gyartmanyu-szabadonallo-kandallo-3-4-kg-h\\\/\",\"name\":\"Economic 9kW lapostetej\u0171 kandall\u00f3 | nagy t\u0171zt\u00e9r | eSemineu.ro\",\"isPartOf\":{\"@id\":\"https:\\\/\\\/esemineu.ro\\\/hu\\\/#website\"},\"primaryImageOfPage\":{\"@id\":\"https:\\\/\\\/esemineu.ro\\\/hu\\\/termek\\\/economic-9kw-laposteteju-kandallo-fm-gyartmanyu-szabadonallo-kandallo-3-4-kg-h\\\/#primaryimage\"},\"image\":{\"@id\":\"https:\\\/\\\/esemineu.ro\\\/hu\\\/termek\\\/economic-9kw-laposteteju-kandallo-fm-gyartmanyu-szabadonallo-kandallo-3-4-kg-h\\\/#primaryimage\"},\"thumbnailUrl\":\"https:\\\/\\\/esemineu.ro\\\/wp-content\\\/uploads\\\/2021\\\/03\\\/ECONOMIC-9KW-FRONT-FR.jpg\",\"datePublished\":\"2021-03-23T06:55:23+00:00\",\"dateModified\":\"2026-02-23T08:28:06+00:00\",\"description\":\"Economic 9kW lapostetej\u0171 kandall\u00f3 - Kiemelked\u0151 h\u0151teljes\u00edtm\u00e9nnyel, nagy t\u0171zt\u00e9rrel \u00e9s t\u00e1gas ajt\u00f3val rendelkezik a vastagabb faanyagok k\u00f6nny\u0171 bet\u00f6lt\u00e9s\u00e9hez.\",\"breadcrumb\":{\"@id\":\"https:\\\/\\\/esemineu.ro\\\/hu\\\/termek\\\/economic-9kw-laposteteju-kandallo-fm-gyartmanyu-szabadonallo-kandallo-3-4-kg-h\\\/#breadcrumb\"},\"inLanguage\":\"hu\",\"potentialAction\":[{\"@type\":\"ReadAction\",\"target\":[\"https:\\\/\\\/esemineu.ro\\\/hu\\\/termek\\\/economic-9kw-laposteteju-kandallo-fm-gyartmanyu-szabadonallo-kandallo-3-4-kg-h\\\/\"]}]},{\"@type\":\"ImageObject\",\"inLanguage\":\"hu\",\"@id\":\"https:\\\/\\\/esemineu.ro\\\/hu\\\/termek\\\/economic-9kw-laposteteju-kandallo-fm-gyartmanyu-szabadonallo-kandallo-3-4-kg-h\\\/#primaryimage\",\"url\":\"https:\\\/\\\/esemineu.ro\\\/wp-content\\\/uploads\\\/2021\\\/03\\\/ECONOMIC-9KW-FRONT-FR.jpg\",\"contentUrl\":\"https:\\\/\\\/esemineu.ro\\\/wp-content\\\/uploads\\\/2021\\\/03\\\/ECONOMIC-9KW-FRONT-FR.jpg\",\"width\":1000,\"height\":1000,\"caption\":\"Semineu p\u0103trat Economic 9kW FM\"},{\"@type\":\"BreadcrumbList\",\"@id\":\"https:\\\/\\\/esemineu.ro\\\/hu\\\/termek\\\/economic-9kw-laposteteju-kandallo-fm-gyartmanyu-szabadonallo-kandallo-3-4-kg-h\\\/#breadcrumb\",\"itemListElement\":[{\"@type\":\"ListItem\",\"position\":1,\"name\":\"Kezd\u0151lap\",\"item\":\"https:\\\/\\\/esemineu.ro\\\/hu\\\/\"},{\"@type\":\"ListItem\",\"position\":2,\"name\":\"\u00c1ruh\u00e1z\",\"item\":\"https:\\\/\\\/esemineu.ro\\\/hu\\\/aruhaz\\\/\"},{\"@type\":\"ListItem\",\"position\":3,\"name\":\"Economic 9kW lapostetej\u0171 kandall\u00f3, FM gy\u00e1rtm\u00e1ny\u00fa szabadon\u00e1ll\u00f3 kandall\u00f3, 3.4 kg\\\/h\"}]},{\"@type\":\"WebSite\",\"@id\":\"https:\\\/\\\/esemineu.ro\\\/hu\\\/#website\",\"url\":\"https:\\\/\\\/esemineu.ro\\\/hu\\\/\",\"name\":\"eSemineu\",\"description\":\"\u0218eminee de cea mai \u00eenalt\u0103 calitate\",\"potentialAction\":[{\"@type\":\"SearchAction\",\"target\":{\"@type\":\"EntryPoint\",\"urlTemplate\":\"https:\\\/\\\/esemineu.ro\\\/hu\\\/?s={search_term_string}\"},\"query-input\":{\"@type\":\"PropertyValueSpecification\",\"valueRequired\":true,\"valueName\":\"search_term_string\"}}],\"inLanguage\":\"hu\"}]}<\/script>\n<!-- \/ Yoast SEO Premium plugin. -->","yoast_head_json":{"title":"Economic 9kW lapostetej\u0171 kandall\u00f3 | nagy t\u0171zt\u00e9r | eSemineu.ro","description":"Economic 9kW lapostetej\u0171 kandall\u00f3 - Kiemelked\u0151 h\u0151teljes\u00edtm\u00e9nnyel, nagy t\u0171zt\u00e9rrel \u00e9s t\u00e1gas ajt\u00f3val rendelkezik a vastagabb faanyagok k\u00f6nny\u0171 bet\u00f6lt\u00e9s\u00e9hez.","robots":{"index":"index","follow":"follow","max-snippet":"max-snippet:-1","max-image-preview":"max-image-preview:large","max-video-preview":"max-video-preview:-1"},"canonical":"https:\/\/esemineu.ro\/hu\/termek\/economic-9kw-laposteteju-kandallo-fm-gyartmanyu-szabadonallo-kandallo-3-4-kg-h\/","og_locale":"hu_HU","og_type":"article","og_title":"Economic 9kW lapostetej\u0171 kandall\u00f3 | nagy t\u0171zt\u00e9r | eSemineu.ro","og_description":"Economic 9kW lapostetej\u0171 kandall\u00f3 - Kiemelked\u0151 h\u0151teljes\u00edtm\u00e9nnyel, nagy t\u0171zt\u00e9rrel \u00e9s t\u00e1gas ajt\u00f3val rendelkezik a vastagabb faanyagok k\u00f6nny\u0171 bet\u00f6lt\u00e9s\u00e9hez.","og_url":"https:\/\/esemineu.ro\/hu\/termek\/economic-9kw-laposteteju-kandallo-fm-gyartmanyu-szabadonallo-kandallo-3-4-kg-h\/","og_site_name":"eSemineu","article_publisher":"https:\/\/web.facebook.com\/eSemineu","article_modified_time":"2026-02-23T08:28:06+00:00","og_image":[{"width":1000,"height":1000,"url":"https:\/\/esemineu.ro\/wp-content\/uploads\/2021\/03\/ECONOMIC-9KW-FRONT-FR.jpg","type":"image\/jpeg"}],"twitter_card":"summary_large_image","twitter_misc":{"Becs\u00fclt olvas\u00e1si id\u0151":"3 perc"},"schema":{"@context":"https:\/\/schema.org","@graph":[{"@type":"WebPage","@id":"https:\/\/esemineu.ro\/hu\/termek\/economic-9kw-laposteteju-kandallo-fm-gyartmanyu-szabadonallo-kandallo-3-4-kg-h\/","url":"https:\/\/esemineu.ro\/hu\/termek\/economic-9kw-laposteteju-kandallo-fm-gyartmanyu-szabadonallo-kandallo-3-4-kg-h\/","name":"Economic 9kW lapostetej\u0171 kandall\u00f3 | nagy t\u0171zt\u00e9r | eSemineu.ro","isPartOf":{"@id":"https:\/\/esemineu.ro\/hu\/#website"},"primaryImageOfPage":{"@id":"https:\/\/esemineu.ro\/hu\/termek\/economic-9kw-laposteteju-kandallo-fm-gyartmanyu-szabadonallo-kandallo-3-4-kg-h\/#primaryimage"},"image":{"@id":"https:\/\/esemineu.ro\/hu\/termek\/economic-9kw-laposteteju-kandallo-fm-gyartmanyu-szabadonallo-kandallo-3-4-kg-h\/#primaryimage"},"thumbnailUrl":"https:\/\/esemineu.ro\/wp-content\/uploads\/2021\/03\/ECONOMIC-9KW-FRONT-FR.jpg","datePublished":"2021-03-23T06:55:23+00:00","dateModified":"2026-02-23T08:28:06+00:00","description":"Economic 9kW lapostetej\u0171 kandall\u00f3 - Kiemelked\u0151 h\u0151teljes\u00edtm\u00e9nnyel, nagy t\u0171zt\u00e9rrel \u00e9s t\u00e1gas ajt\u00f3val rendelkezik a vastagabb faanyagok k\u00f6nny\u0171 bet\u00f6lt\u00e9s\u00e9hez.","breadcrumb":{"@id":"https:\/\/esemineu.ro\/hu\/termek\/economic-9kw-laposteteju-kandallo-fm-gyartmanyu-szabadonallo-kandallo-3-4-kg-h\/#breadcrumb"},"inLanguage":"hu","potentialAction":[{"@type":"ReadAction","target":["https:\/\/esemineu.ro\/hu\/termek\/economic-9kw-laposteteju-kandallo-fm-gyartmanyu-szabadonallo-kandallo-3-4-kg-h\/"]}]},{"@type":"ImageObject","inLanguage":"hu","@id":"https:\/\/esemineu.ro\/hu\/termek\/economic-9kw-laposteteju-kandallo-fm-gyartmanyu-szabadonallo-kandallo-3-4-kg-h\/#primaryimage","url":"https:\/\/esemineu.ro\/wp-content\/uploads\/2021\/03\/ECONOMIC-9KW-FRONT-FR.jpg","contentUrl":"https:\/\/esemineu.ro\/wp-content\/uploads\/2021\/03\/ECONOMIC-9KW-FRONT-FR.jpg","width":1000,"height":1000,"caption":"Semineu p\u0103trat Economic 9kW FM"},{"@type":"BreadcrumbList","@id":"https:\/\/esemineu.ro\/hu\/termek\/economic-9kw-laposteteju-kandallo-fm-gyartmanyu-szabadonallo-kandallo-3-4-kg-h\/#breadcrumb","itemListElement":[{"@type":"ListItem","position":1,"name":"Kezd\u0151lap","item":"https:\/\/esemineu.ro\/hu\/"},{"@type":"ListItem","position":2,"name":"\u00c1ruh\u00e1z","item":"https:\/\/esemineu.ro\/hu\/aruhaz\/"},{"@type":"ListItem","position":3,"name":"Economic 9kW lapostetej\u0171 kandall\u00f3, FM gy\u00e1rtm\u00e1ny\u00fa szabadon\u00e1ll\u00f3 kandall\u00f3, 3.4 kg\/h"}]},{"@type":"WebSite","@id":"https:\/\/esemineu.ro\/hu\/#website","url":"https:\/\/esemineu.ro\/hu\/","name":"eSemineu","description":"\u0218eminee de cea mai \u00eenalt\u0103 calitate","potentialAction":[{"@type":"SearchAction","target":{"@type":"EntryPoint","urlTemplate":"https:\/\/esemineu.ro\/hu\/?s={search_term_string}"},"query-input":{"@type":"PropertyValueSpecification","valueRequired":true,"valueName":"search_term_string"}}],"inLanguage":"hu"}]}},"_links":{"self":[{"href":"https:\/\/esemineu.ro\/hu\/wp-json\/wp\/v2\/product\/4869","targetHints":{"allow":["GET"]}}],"collection":[{"href":"https:\/\/esemineu.ro\/hu\/wp-json\/wp\/v2\/product"}],"about":[{"href":"https:\/\/esemineu.ro\/hu\/wp-json\/wp\/v2\/types\/product"}],"replies":[{"embeddable":true,"href":"https:\/\/esemineu.ro\/hu\/wp-json\/wp\/v2\/comments?post=4869"}],"wp:featuredmedia":[{"embeddable":true,"href":"https:\/\/esemineu.ro\/hu\/wp-json\/wp\/v2\/media\/20148"}],"wp:attachment":[{"href":"https:\/\/esemineu.ro\/hu\/wp-json\/wp\/v2\/media?parent=4869"}],"wp:term":[{"taxonomy":"product_brand","embeddable":true,"href":"https:\/\/esemineu.ro\/hu\/wp-json\/wp\/v2\/product_brand?post=4869"},{"taxonomy":"product_cat","embeddable":true,"href":"https:\/\/esemineu.ro\/hu\/wp-json\/wp\/v2\/product_cat?post=4869"},{"taxonomy":"product_tag","embeddable":true,"href":"https:\/\/esemineu.ro\/hu\/wp-json\/wp\/v2\/product_tag?post=4869"}],"curies":[{"name":"wp","href":"https:\/\/api.w.org\/{rel}","templated":true}]}}