{"id":4868,"date":"2021-03-23T10:19:32","date_gmt":"2021-03-23T07:19:32","guid":{"rendered":"https:\/\/esemineu.ro\/product\/semineu-economic-b-7kw-fm-cu-bolta-pe-lemne-si-brichete-2-6-kg-h\/"},"modified":"2024-11-24T15:42:28","modified_gmt":"2024-11-24T13:42:28","slug":"economic-b-boltives-kandallo-7kw-fm-2-6-kg-h","status":"publish","type":"product","link":"https:\/\/esemineu.ro\/hu\/termek\/economic-b-boltives-kandallo-7kw-fm-2-6-kg-h\/","title":{"rendered":"Economic B bolt\u00edves kandall\u00f3 7kW, FM, 2.6 kg\/h"},"content":{"rendered":"<p>Economic B bolt\u00edves kandall\u00f3 7kW<\/p>\n<p>Az <strong>Economic B bolt\u00edves kandall\u00f3<\/strong> t\u00f6k\u00e9letes v\u00e1laszt\u00e1s mindazok sz\u00e1m\u00e1ra, akik meleg, otthonos atmoszf\u00e9r\u00e1t szeretn\u00e9nek teremteni otthonukban. A 7 kW teljes\u00edtm\u00e9ny garant\u00e1lja, hogy m\u00e9g a hidegebb t\u00e9li napokon is kellemes h\u0151\u00e9rzetet biztos\u00edt, ugyanakkor az <strong>FM<\/strong> gy\u00e1rtm\u00e1ny\u00fa technol\u00f3gia biztos\u00edtja a hosszantart\u00f3 \u00e9s hat\u00e9kony m\u0171k\u00f6d\u00e9st.<\/p>\n<p>A kandall\u00f3 k\u00fclseje egy igazi m\u0171alkot\u00e1s. A <strong>bolt\u00edves<\/strong> design azonnal megfogja a tekintetet, \u00e9s luxus hat\u00e1st k\u00f6lcs\u00f6n\u00f6z a helyis\u00e9gnek. A <strong>matt fekete<\/strong> sz\u00edn pedig minden enteri\u0151rbe t\u00f6k\u00e9letesen illeszkedik, legyen az rusztikus vagy modern. Emellett a kandall\u00f3 anyaga is magas min\u0151s\u00e9g\u0171, az <strong>ac\u00e9l<\/strong> szerkezet tart\u00f3ss\u00e1got \u00e9s stabilit\u00e1st garant\u00e1l hossz\u00fa \u00e9veken kereszt\u00fcl.<\/p>\n<p>Az <strong>Economic B<\/strong> el\u0151nyei nem \u00e1llnak meg a designn\u00e1l. A <strong>fa t\u00fczel\u00e9s\u0171<\/strong> rendszer lehet\u0151v\u00e9 teszi, hogy az \u00e9g\u00e9s hat\u00e9kony \u00e9s gazdas\u00e1gos legyen, mik\u00f6zben a term\u00e9szetes faillatot is \u00e9lvezhetj\u00fck. Az <strong>\u00fcveg ajt\u00f3s<\/strong> kialak\u00edt\u00e1s lehet\u0151v\u00e9 teszi, hogy \u00e9lvezhess\u00fck a t\u0171z var\u00e1zslatos l\u00e1tv\u00e1ny\u00e1t, mik\u00f6zben a <strong>ho\u00e1ll\u00f3 \u00fcveg<\/strong> megv\u00e9di otthonunkat a h\u0151 \u00e9s a szikr\u00e1k ellen.<\/p>\n<p>A kandall\u00f3 egyik legpraktikusabb funkci\u00f3ja a <strong>fa tart\u00f3<\/strong>, amely t\u00f6k\u00e9letes t\u00e1rol\u00e1si helyet biztos\u00edt a t\u0171zif\u00e1nak. A <strong>120 mm-es f\u00fcstelvezet\u0151<\/strong> rendszer pedig biztons\u00e1gosan vezeti el a f\u00fcst\u00f6t, \u00edgy garant\u00e1lva, hogy a leveg\u0151 az otthonodban tiszta \u00e9s friss maradjon.<\/p>\n<p>Nem szabad megfeledkezni az <strong>Economic B<\/strong> k\u00f6rnyezetv\u00e9delmi el\u0151nyeir\u0151l sem. Az \u00faj technol\u00f3giai fejleszt\u00e9seknek k\u00f6sz\u00f6nhet\u0151en a kandall\u00f3 kevesebb faanyagot ig\u00e9nyel az \u00e9g\u00e9s sor\u00e1n, \u00edgy hozz\u00e1j\u00e1rulva a k\u00f6rnyezetv\u00e9delemhez.<\/p>\n<p>Economic B bolt\u00edves kandall\u00f3 7kW, a kandall\u00f3 k\u00f6nnyed\u00e9n hordozhat\u00f3. Legyen sz\u00f3 egy \u00faj helyr\u0151l a nappaliban, vagy egy k\u00f6lt\u00f6z\u00e9sr\u0151l, az <strong>Economic B<\/strong> mindig veled lesz, hogy meleget \u00e9s k\u00e9nyelmet biztos\u00edtson.<\/p>\n<p>Az <strong>esemineu.ro<\/strong> aj\u00e1nl\u00e1s\u00e1val a <strong>Economic B bolt\u00edves kandall\u00f3<\/strong> nem csak egy egyszer\u0171 f\u0171t\u00e9si megold\u00e1s, hanem egy igazi st\u00edlusjegy is otthonodban. Ezzel a kandall\u00f3val garant\u00e1ltan magasabbra emelheted otthonod hangulat\u00e1t \u00e9s k\u00e9nyelm\u00e9t.<\/p>\n<h4>Sz\u00e1ll\u00edt\u00e1si hat\u00e1rid\u0151:<\/h4>\n<ul>\n<li><strong>Magyarorsz\u00e1g \u00e9s az eg\u00e9sz Eur\u00f3pai Uni\u00f3 ter\u00fclet\u00e9n<\/strong>\u00a0is sz\u00e1ll\u00edtjuk.<\/li>\n<li>Rom\u00e1ni\u00e1ba 2-3 munkanap alatt sz\u00e1ll\u00edtjuk<\/li>\n<li>Magyarorsz\u00e1gra \u00e9s az EU ter\u00fclet\u00e9re az \u00e1tutal\u00e1s ut\u00e1n 5 munkanapon bel\u00fcl \u00e9rkezik meg a term\u00e9k.<\/li>\n<\/ul>\n<p>Ha b\u00e1rmilyen k\u00e9rd\u00e9se van, k\u00e9rj\u00fck, l\u00e9pjen kapcsolatba vel\u00fcnk.<\/p>\n<p>Tov\u00e1bbi aj\u00e1nlatok\u00e9rt kattintson\u00a0<a href=\"https:\/\/esemineu.ro\/hu\/termek-kategoria\/mobil-hordozhato-szabadon-allo-kandallok\/\">ide<\/a><\/p>\n<p>T\u0151bb inform\u00e1ci\u00f3\u00e9rt l\u00e1togasson el\u00a0<a href=\"https:\/\/www.youtube.com\/@esemineuromania\">YouTube<\/a>-csatorn\u00e1nkra, valamint\u00a0<a href=\"https:\/\/www.facebook.com\/eSemineu\">Facebook<\/a>\u00a0\u00e9s\u00a0<a href=\"https:\/\/www.instagram.com\/esemineu\/\">Instagram<\/a>\u00a0oldalainkra.<\/p>\n<p><a href=\"https:\/\/esemineu.ro\/\">eSemineu.ro<\/a>\u00a0 \u00a0Te rakod a t\u0171zet, mi adjuk a meleget!<\/p>\n","protected":false},"excerpt":{"rendered":"<p>Economic B bolt\u00edves kandall\u00f3 7kW Az Economic B bolt\u00edves kandall\u00f3 t\u00f6k\u00e9letes v\u00e1laszt\u00e1s mindazok sz\u00e1m\u00e1ra, akik meleg, otthonos atmoszf\u00e9r\u00e1t szeretn\u00e9nek teremteni otthonukban. A 7 kW teljes\u00edtm\u00e9ny garant\u00e1lja, hogy m\u00e9g a hidegebb t\u00e9li napokon is kellemes h\u0151\u00e9rzetet biztos\u00edt, ugyanakkor az FM gy\u00e1rtm\u00e1ny\u00fa technol\u00f3gia biztos\u00edtja a hosszantart\u00f3 \u00e9s hat\u00e9kony m\u0171k\u00f6d\u00e9st. A kandall\u00f3 k\u00fclseje egy igazi m\u0171alkot\u00e1s. A bolt\u00edves design azonnal megfogja a tekintetet, \u00e9s luxus hat\u00e1st k\u00f6lcs\u00f6n\u00f6z a helyis\u00e9gnek. A matt fekete sz\u00edn pedig minden enteri\u0151rbe t\u00f6k\u00e9letesen illeszkedik, legyen az rusztikus vagy modern. Emellett a kandall\u00f3 anyaga is magas min\u0151s\u00e9g\u0171, az ac\u00e9l szerkezet tart\u00f3ss\u00e1got \u00e9s stabilit\u00e1st garant\u00e1l hossz\u00fa \u00e9veken kereszt\u00fcl. Az Economic B el\u0151nyei nem \u00e1llnak meg a designn\u00e1l. A fa t\u00fczel\u00e9s\u0171 rendszer lehet\u0151v\u00e9 teszi, hogy az \u00e9g\u00e9s hat\u00e9kony \u00e9s gazdas\u00e1gos legyen, mik\u00f6zben a term\u00e9szetes faillatot is \u00e9lvezhetj\u00fck. Az \u00fcveg ajt\u00f3s kialak\u00edt\u00e1s lehet\u0151v\u00e9 teszi, hogy \u00e9lvezhess\u00fck a t\u0171z var\u00e1zslatos l\u00e1tv\u00e1ny\u00e1t, mik\u00f6zben a ho\u00e1ll\u00f3 \u00fcveg megv\u00e9di otthonunkat a h\u0151 \u00e9s a szikr\u00e1k ellen. A &hellip; <a href=\"https:\/\/esemineu.ro\/hu\/termek\/economic-b-boltives-kandallo-7kw-fm-2-6-kg-h\/\">Folytatva<\/a><\/p>\n","protected":false},"featured_media":18957,"comment_status":"open","ping_status":"closed","template":"","meta":[],"product_brand":[690],"product_cat":[2346,836],"product_tag":[],"class_list":{"0":"post-4868","1":"product","2":"type-product","3":"status-publish","4":"has-post-thumbnail","6":"product_brand-fm-group","7":"product_cat-fatuzelesu-kandallok-2","8":"product_cat-mobil-hordozhato-szabadon-allo-kandallok","9":"product_shipping_class-kandallok","10":"pa_combustibil-utilizat-brikett","11":"pa_combustibil-utilizat-fa","12":"pa_culoare-matt-fekete","13":"pa_diametru-racordului-la-cos-120-mm-hu","14":"pa_material-acel","15":"pa_model-hordozhato-hu","16":"pa_putere-7-kw-hu","17":"pa_randament-761-hu","18":"pa_spatiu-de-aer-incalzit-120-140-m3-hu","19":"producer-miklos-steel","21":"first","22":"instock","23":"shipping-taxable","24":"purchasable","25":"product-type-simple"},"acf":[],"yoast_head":"<!-- This site is optimized with the Yoast SEO Premium plugin v21.0 (Yoast SEO v27.3) - https:\/\/yoast.com\/product\/yoast-seo-premium-wordpress\/ -->\n<title>Economic B bolt\u00edves kandall\u00f3 7kW | Kandall\u00f3k | eSemineu.ro<\/title>\n<meta name=\"description\" content=\"Economic B bolt\u00edves kandall\u00f3 7kW - fa t\u00fczel\u00e9ssel \u00e9s h\u0151\u00e1ll\u00f3 \u00fcveg ajt\u00f3val. Modern matt fekete kivitel, ac\u00e9l kandall\u00f3, praktikus fa tart\u00f3val. eSemineu.ro\" \/>\n<meta name=\"robots\" content=\"index, follow, max-snippet:-1, max-image-preview:large, max-video-preview:-1\" \/>\n<link rel=\"canonical\" href=\"https:\/\/esemineu.ro\/hu\/termek\/economic-b-boltives-kandallo-7kw-fm-2-6-kg-h\/\" \/>\n<meta property=\"og:locale\" content=\"hu_HU\" \/>\n<meta property=\"og:type\" content=\"article\" \/>\n<meta property=\"og:title\" content=\"Economic B bolt\u00edves kandall\u00f3 7kW | Kandall\u00f3k | eSemineu.ro\" \/>\n<meta property=\"og:description\" content=\"Economic B bolt\u00edves kandall\u00f3 7kW - fa t\u00fczel\u00e9ssel \u00e9s h\u0151\u00e1ll\u00f3 \u00fcveg ajt\u00f3val. Modern matt fekete kivitel, ac\u00e9l kandall\u00f3, praktikus fa tart\u00f3val. eSemineu.ro\" \/>\n<meta property=\"og:url\" content=\"https:\/\/esemineu.ro\/hu\/termek\/economic-b-boltives-kandallo-7kw-fm-2-6-kg-h\/\" \/>\n<meta property=\"og:site_name\" content=\"eSemineu\" \/>\n<meta property=\"article:publisher\" content=\"https:\/\/web.facebook.com\/eSemineu\" \/>\n<meta property=\"article:modified_time\" content=\"2024-11-24T13:42:28+00:00\" \/>\n<meta property=\"og:image\" content=\"https:\/\/esemineu.ro\/wp-content\/uploads\/2021\/03\/ECONOMIC-B-FR-1.jpg\" \/>\n\t<meta property=\"og:image:width\" content=\"1000\" \/>\n\t<meta property=\"og:image:height\" content=\"1000\" \/>\n\t<meta property=\"og:image:type\" content=\"image\/jpeg\" \/>\n<meta name=\"twitter:card\" content=\"summary_large_image\" \/>\n<meta name=\"twitter:label1\" content=\"Becs\u00fclt olvas\u00e1si id\u0151\" \/>\n\t<meta name=\"twitter:data1\" content=\"3 perc\" \/>\n<script type=\"application\/ld+json\" class=\"yoast-schema-graph\">{\"@context\":\"https:\\\/\\\/schema.org\",\"@graph\":[{\"@type\":\"WebPage\",\"@id\":\"https:\\\/\\\/esemineu.ro\\\/hu\\\/termek\\\/economic-b-boltives-kandallo-7kw-fm-2-6-kg-h\\\/\",\"url\":\"https:\\\/\\\/esemineu.ro\\\/hu\\\/termek\\\/economic-b-boltives-kandallo-7kw-fm-2-6-kg-h\\\/\",\"name\":\"Economic B bolt\u00edves kandall\u00f3 7kW | Kandall\u00f3k | eSemineu.ro\",\"isPartOf\":{\"@id\":\"https:\\\/\\\/esemineu.ro\\\/hu\\\/#website\"},\"primaryImageOfPage\":{\"@id\":\"https:\\\/\\\/esemineu.ro\\\/hu\\\/termek\\\/economic-b-boltives-kandallo-7kw-fm-2-6-kg-h\\\/#primaryimage\"},\"image\":{\"@id\":\"https:\\\/\\\/esemineu.ro\\\/hu\\\/termek\\\/economic-b-boltives-kandallo-7kw-fm-2-6-kg-h\\\/#primaryimage\"},\"thumbnailUrl\":\"https:\\\/\\\/esemineu.ro\\\/wp-content\\\/uploads\\\/2021\\\/03\\\/ECONOMIC-B-FR-1.jpg\",\"datePublished\":\"2021-03-23T07:19:32+00:00\",\"dateModified\":\"2024-11-24T13:42:28+00:00\",\"description\":\"Economic B bolt\u00edves kandall\u00f3 7kW - fa t\u00fczel\u00e9ssel \u00e9s h\u0151\u00e1ll\u00f3 \u00fcveg ajt\u00f3val. Modern matt fekete kivitel, ac\u00e9l kandall\u00f3, praktikus fa tart\u00f3val. eSemineu.ro\",\"breadcrumb\":{\"@id\":\"https:\\\/\\\/esemineu.ro\\\/hu\\\/termek\\\/economic-b-boltives-kandallo-7kw-fm-2-6-kg-h\\\/#breadcrumb\"},\"inLanguage\":\"hu\",\"potentialAction\":[{\"@type\":\"ReadAction\",\"target\":[\"https:\\\/\\\/esemineu.ro\\\/hu\\\/termek\\\/economic-b-boltives-kandallo-7kw-fm-2-6-kg-h\\\/\"]}]},{\"@type\":\"ImageObject\",\"inLanguage\":\"hu\",\"@id\":\"https:\\\/\\\/esemineu.ro\\\/hu\\\/termek\\\/economic-b-boltives-kandallo-7kw-fm-2-6-kg-h\\\/#primaryimage\",\"url\":\"https:\\\/\\\/esemineu.ro\\\/wp-content\\\/uploads\\\/2021\\\/03\\\/ECONOMIC-B-FR-1.jpg\",\"contentUrl\":\"https:\\\/\\\/esemineu.ro\\\/wp-content\\\/uploads\\\/2021\\\/03\\\/ECONOMIC-B-FR-1.jpg\",\"width\":1000,\"height\":1000},{\"@type\":\"BreadcrumbList\",\"@id\":\"https:\\\/\\\/esemineu.ro\\\/hu\\\/termek\\\/economic-b-boltives-kandallo-7kw-fm-2-6-kg-h\\\/#breadcrumb\",\"itemListElement\":[{\"@type\":\"ListItem\",\"position\":1,\"name\":\"Kezd\u0151lap\",\"item\":\"https:\\\/\\\/esemineu.ro\\\/hu\\\/\"},{\"@type\":\"ListItem\",\"position\":2,\"name\":\"\u00c1ruh\u00e1z\",\"item\":\"https:\\\/\\\/esemineu.ro\\\/hu\\\/aruhaz\\\/\"},{\"@type\":\"ListItem\",\"position\":3,\"name\":\"Economic B bolt\u00edves kandall\u00f3 7kW, FM, 2.6 kg\\\/h\"}]},{\"@type\":\"WebSite\",\"@id\":\"https:\\\/\\\/esemineu.ro\\\/hu\\\/#website\",\"url\":\"https:\\\/\\\/esemineu.ro\\\/hu\\\/\",\"name\":\"eSemineu\",\"description\":\"\u0218eminee de cea mai \u00eenalt\u0103 calitate\",\"potentialAction\":[{\"@type\":\"SearchAction\",\"target\":{\"@type\":\"EntryPoint\",\"urlTemplate\":\"https:\\\/\\\/esemineu.ro\\\/hu\\\/?s={search_term_string}\"},\"query-input\":{\"@type\":\"PropertyValueSpecification\",\"valueRequired\":true,\"valueName\":\"search_term_string\"}}],\"inLanguage\":\"hu\"}]}<\/script>\n<!-- \/ Yoast SEO Premium plugin. -->","yoast_head_json":{"title":"Economic B bolt\u00edves kandall\u00f3 7kW | Kandall\u00f3k | eSemineu.ro","description":"Economic B bolt\u00edves kandall\u00f3 7kW - fa t\u00fczel\u00e9ssel \u00e9s h\u0151\u00e1ll\u00f3 \u00fcveg ajt\u00f3val. Modern matt fekete kivitel, ac\u00e9l kandall\u00f3, praktikus fa tart\u00f3val. eSemineu.ro","robots":{"index":"index","follow":"follow","max-snippet":"max-snippet:-1","max-image-preview":"max-image-preview:large","max-video-preview":"max-video-preview:-1"},"canonical":"https:\/\/esemineu.ro\/hu\/termek\/economic-b-boltives-kandallo-7kw-fm-2-6-kg-h\/","og_locale":"hu_HU","og_type":"article","og_title":"Economic B bolt\u00edves kandall\u00f3 7kW | Kandall\u00f3k | eSemineu.ro","og_description":"Economic B bolt\u00edves kandall\u00f3 7kW - fa t\u00fczel\u00e9ssel \u00e9s h\u0151\u00e1ll\u00f3 \u00fcveg ajt\u00f3val. Modern matt fekete kivitel, ac\u00e9l kandall\u00f3, praktikus fa tart\u00f3val. eSemineu.ro","og_url":"https:\/\/esemineu.ro\/hu\/termek\/economic-b-boltives-kandallo-7kw-fm-2-6-kg-h\/","og_site_name":"eSemineu","article_publisher":"https:\/\/web.facebook.com\/eSemineu","article_modified_time":"2024-11-24T13:42:28+00:00","og_image":[{"width":1000,"height":1000,"url":"https:\/\/esemineu.ro\/wp-content\/uploads\/2021\/03\/ECONOMIC-B-FR-1.jpg","type":"image\/jpeg"}],"twitter_card":"summary_large_image","twitter_misc":{"Becs\u00fclt olvas\u00e1si id\u0151":"3 perc"},"schema":{"@context":"https:\/\/schema.org","@graph":[{"@type":"WebPage","@id":"https:\/\/esemineu.ro\/hu\/termek\/economic-b-boltives-kandallo-7kw-fm-2-6-kg-h\/","url":"https:\/\/esemineu.ro\/hu\/termek\/economic-b-boltives-kandallo-7kw-fm-2-6-kg-h\/","name":"Economic B bolt\u00edves kandall\u00f3 7kW | Kandall\u00f3k | eSemineu.ro","isPartOf":{"@id":"https:\/\/esemineu.ro\/hu\/#website"},"primaryImageOfPage":{"@id":"https:\/\/esemineu.ro\/hu\/termek\/economic-b-boltives-kandallo-7kw-fm-2-6-kg-h\/#primaryimage"},"image":{"@id":"https:\/\/esemineu.ro\/hu\/termek\/economic-b-boltives-kandallo-7kw-fm-2-6-kg-h\/#primaryimage"},"thumbnailUrl":"https:\/\/esemineu.ro\/wp-content\/uploads\/2021\/03\/ECONOMIC-B-FR-1.jpg","datePublished":"2021-03-23T07:19:32+00:00","dateModified":"2024-11-24T13:42:28+00:00","description":"Economic B bolt\u00edves kandall\u00f3 7kW - fa t\u00fczel\u00e9ssel \u00e9s h\u0151\u00e1ll\u00f3 \u00fcveg ajt\u00f3val. Modern matt fekete kivitel, ac\u00e9l kandall\u00f3, praktikus fa tart\u00f3val. eSemineu.ro","breadcrumb":{"@id":"https:\/\/esemineu.ro\/hu\/termek\/economic-b-boltives-kandallo-7kw-fm-2-6-kg-h\/#breadcrumb"},"inLanguage":"hu","potentialAction":[{"@type":"ReadAction","target":["https:\/\/esemineu.ro\/hu\/termek\/economic-b-boltives-kandallo-7kw-fm-2-6-kg-h\/"]}]},{"@type":"ImageObject","inLanguage":"hu","@id":"https:\/\/esemineu.ro\/hu\/termek\/economic-b-boltives-kandallo-7kw-fm-2-6-kg-h\/#primaryimage","url":"https:\/\/esemineu.ro\/wp-content\/uploads\/2021\/03\/ECONOMIC-B-FR-1.jpg","contentUrl":"https:\/\/esemineu.ro\/wp-content\/uploads\/2021\/03\/ECONOMIC-B-FR-1.jpg","width":1000,"height":1000},{"@type":"BreadcrumbList","@id":"https:\/\/esemineu.ro\/hu\/termek\/economic-b-boltives-kandallo-7kw-fm-2-6-kg-h\/#breadcrumb","itemListElement":[{"@type":"ListItem","position":1,"name":"Kezd\u0151lap","item":"https:\/\/esemineu.ro\/hu\/"},{"@type":"ListItem","position":2,"name":"\u00c1ruh\u00e1z","item":"https:\/\/esemineu.ro\/hu\/aruhaz\/"},{"@type":"ListItem","position":3,"name":"Economic B bolt\u00edves kandall\u00f3 7kW, FM, 2.6 kg\/h"}]},{"@type":"WebSite","@id":"https:\/\/esemineu.ro\/hu\/#website","url":"https:\/\/esemineu.ro\/hu\/","name":"eSemineu","description":"\u0218eminee de cea mai \u00eenalt\u0103 calitate","potentialAction":[{"@type":"SearchAction","target":{"@type":"EntryPoint","urlTemplate":"https:\/\/esemineu.ro\/hu\/?s={search_term_string}"},"query-input":{"@type":"PropertyValueSpecification","valueRequired":true,"valueName":"search_term_string"}}],"inLanguage":"hu"}]}},"_links":{"self":[{"href":"https:\/\/esemineu.ro\/hu\/wp-json\/wp\/v2\/product\/4868","targetHints":{"allow":["GET"]}}],"collection":[{"href":"https:\/\/esemineu.ro\/hu\/wp-json\/wp\/v2\/product"}],"about":[{"href":"https:\/\/esemineu.ro\/hu\/wp-json\/wp\/v2\/types\/product"}],"replies":[{"embeddable":true,"href":"https:\/\/esemineu.ro\/hu\/wp-json\/wp\/v2\/comments?post=4868"}],"wp:featuredmedia":[{"embeddable":true,"href":"https:\/\/esemineu.ro\/hu\/wp-json\/wp\/v2\/media\/18957"}],"wp:attachment":[{"href":"https:\/\/esemineu.ro\/hu\/wp-json\/wp\/v2\/media?parent=4868"}],"wp:term":[{"taxonomy":"product_brand","embeddable":true,"href":"https:\/\/esemineu.ro\/hu\/wp-json\/wp\/v2\/product_brand?post=4868"},{"taxonomy":"product_cat","embeddable":true,"href":"https:\/\/esemineu.ro\/hu\/wp-json\/wp\/v2\/product_cat?post=4868"},{"taxonomy":"product_tag","embeddable":true,"href":"https:\/\/esemineu.ro\/hu\/wp-json\/wp\/v2\/product_tag?post=4868"}],"curies":[{"name":"wp","href":"https:\/\/api.w.org\/{rel}","templated":true}]}}