{"id":4865,"date":"2021-03-23T10:31:54","date_gmt":"2021-03-23T07:31:54","guid":{"rendered":"https:\/\/esemineu.ro\/product\/ansamblu-boiler-inox-cazan-90-litri\/"},"modified":"2025-09-15T13:06:32","modified_gmt":"2025-09-15T11:06:32","slug":"rozsdamentes-acel-fatuzelesu-bojlerrendszer-90l-eco-tuzterrel-2kg-h","status":"publish","type":"product","link":"https:\/\/esemineu.ro\/hu\/termek\/rozsdamentes-acel-fatuzelesu-bojlerrendszer-90l-eco-tuzterrel-2kg-h\/","title":{"rendered":"Rozsdamentes Ac\u00e9l Fat\u00fczel\u00e9s\u0171 bojlerrendszer 90L, Eco t\u0171zt\u00e9rrel, 2kg\/h"},"content":{"rendered":"<p>Rozsdamentes Ac\u00e9l Fat\u00fczel\u00e9s\u0171 bojlerrendszer 90L<\/p>\n<p>Fedezze fel a Rozsdamentes Ac\u00e9l Fat\u00fczel\u00e9s\u0171 bojlerrendszer 90L<strong>.<\/strong> Amelyet az esemineu.ro k\u00edn\u00e1l. Egy rendk\u00edv\u00fcl hat\u00e9kony, <strong>5,5 kW teljes\u00edtm\u00e9ny\u0171<\/strong> berendez\u00e9s, amely <strong>50 kg t\u00f6meg\u0171<\/strong> \u00e9s <strong>36 \u00d7 36 \u00d7 115 cm m\u00e9ret\u0171.<\/strong> T\u00f6k\u00e9letes v\u00e1laszt\u00e1s minden h\u00e1ztart\u00e1s sz\u00e1m\u00e1ra.<\/p>\n<p>Ez a <strong>rozsdamentes ac\u00e9lb\u00f3l k\u00e9sz\u00fclt<\/strong> kaz\u00e1n, melynek <strong>2 mm az anyagvastags\u00e1ga.<\/strong> Garant\u00e1lja a tart\u00f3ss\u00e1got \u00e9s az ellen\u00e1ll\u00f3 k\u00e9pess\u00e9get az id\u0151 m\u00fal\u00e1s\u00e1val szemben. A <strong>120 mm \u00e1tm\u00e9r\u0151j\u0171 k\u00e9m\u00e9ny csatlakoz\u00e1sa<\/strong> biztos\u00edtja a k\u00f6nny\u0171 telep\u00edt\u00e9st \u00e9s a hat\u00e9kony f\u00fcstelvezet\u00e9st. A <strong>90 literes kapacit\u00e1sa<\/strong> b\u0151ven elegend\u0151 a csal\u00e1di ig\u00e9nyek kiel\u00e9g\u00edt\u00e9s\u00e9re.<\/p>\n<p>Legyen sz\u00f3 <strong>brikettr\u0151l vagy f\u00e1r\u00f3l<\/strong>, mint felhaszn\u00e1lt t\u00fczel\u0151anyagr\u00f3l, ez a kaz\u00e1n rugalmasan alkalmazkodik az \u00d6n preferenci\u00e1ihoz. A <strong>maxim\u00e1lis \u00fczemi nyom\u00e1s 3 bar<\/strong>, \u00e9s k\u00e9pes el\u00e9rni a <strong>maxim\u00e1lis 95 \u00b0C h\u0151m\u00e9rs\u00e9kletet<\/strong>, biztos\u00edtva ezzel a gyors \u00e9s hat\u00e9kony melegv\u00edz-ell\u00e1t\u00e1st.<\/p>\n<p>Az <strong>esemineu.ro<\/strong> \u00e1ltal k\u00edn\u00e1lt fat\u00fczel\u00e9s\u0171 rozsdamentes ac\u00e9l kaz\u00e1n nem csak praktikus, hanem gazdas\u00e1gos megold\u00e1s is minden h\u00e1ztart\u00e1s sz\u00e1m\u00e1ra, lehet\u0151v\u00e9 t\u00e9ve a melegv\u00edz-ell\u00e1t\u00e1s fenntarthat\u00f3 \u00e9s k\u00f6lts\u00e9ghat\u00e9kony m\u00f3dj\u00e1t. T\u00f6k\u00e9letes v\u00e1laszt\u00e1s azok sz\u00e1m\u00e1ra, akik \u00e9rt\u00e9kelik a megb\u00edzhat\u00f3s\u00e1got, a hat\u00e9konys\u00e1got \u00e9s a k\u00f6rnyezettudatoss\u00e1got egyar\u00e1nt.<\/p>\n<p>V\u00e1lassza ezt a <strong>90 literes, fat\u00fczel\u00e9s\u0171, rozsdamentes ac\u00e9l bojler<\/strong> az esemineu.ro-r\u00f3l, \u00e9s \u00e9lvezze a folyamatos melegv\u00edz-ell\u00e1t\u00e1s k\u00e9nyelm\u00e9t, mik\u00f6zben cs\u00f6kkenti az energiak\u00f6lts\u00e9geket \u00e9s v\u00e9di a k\u00f6rnyezetet.<\/p>\n<h4>Aj\u00e1nl\u00e1s a maxim\u00e1lis hat\u00e1sfok el\u00e9r\u00e9s\u00e9hez:<\/h4>\n<p>Az \u00e9g\u00e9s sor\u00e1n aj\u00e1nljuk, hogy tartsa az hamuz\u00f3 ajtaj\u00e1t legal\u00e1bb egy ujjnyira nyitva, hogy legyen megfelel\u0151 huzat. Miut\u00e1n a t\u0171z lelohadt, z\u00e1rja be az hamuz\u00f3t, hogy ne \u00e1ramoljon leveg\u0151 a k\u00e1lyh\u00e1ba \u00e9s a h\u0151 min\u00e9l hosszabb ideig megmaradjon. Ez el\u0151seg\u00edti az \u00e9g\u00e9si folyamat hat\u00e9konys\u00e1g\u00e1t \u00e9s a h\u0151m\u00e9rs\u00e9klet hosszabb ideig t\u00f6rt\u00e9n\u0151 fenntart\u00e1s\u00e1t. Az els\u0151 n\u00e9h\u00e1ny t\u0171zn\u00e9l ne f\u0171ts\u00f6n intenz\u00edven \u00e9s meleg\u00edtse fel a k\u00e1lyh\u00e1t fokozatosan. A k\u00e9m\u00e9ny (f\u0171stelvezet\u0151 cs\u0151) hossz\u00e1nak legal\u00e1bb 5 m\u00e9ternek kell lennie.<\/p>\n<h4>Ne \u00e9gessen!<\/h4>\n<p>Rozsdamentes Ac\u00e9l Fat\u00fczel\u00e9s\u0171 bojlerrendszer 90L, h\u00e1ztart\u00e1si hullad\u00e9kot, ragasztott vagy festett falemezt, forg\u00e1cslapot vagy egy\u00e9b fapartikul\u00e1kat tartalmaz\u00f3 lapokat, vagy m\u00e1s, mesters\u00e9ges k\u00e9miai kever\u00e9keket tartalmaz\u00f3 hullad\u00e9kokat, mivel a m\u00e9rgek nem \u00e9gnek el, csak megv\u00e1ltoztatj\u00e1k form\u00e1jukat, \u00e9s amikor a l\u00e9gk\u00f6rbe ker\u00fclnek, kisz\u00e1m\u00edthatatlan k\u00f6vetkezm\u00e9nyekhez vezethetnek. Ha hullad\u00e9kot \u00e9get a k\u00e1lyh\u00e1ban, elt\u00f6m\u0151dhet a bojler f\u00fcstelvezet\u0151 ny\u00edl\u00e1sa.<\/p>\n<h4>Figyelmeztet\u00e9s!<\/h4>\n<p>Minden kaz\u00e1nt, kandall\u00f3t \u00e9s t\u0171zhelyet a k\u00e9m\u00e9nysepr\u0151nek kell j\u00f3v\u00e1hagynia, amikor azokat csatlakoztatj\u00e1k. Ez t\u00f6rv\u00e9nyileg k\u00f6telez\u0151, ellenkez\u0151 esetben a term\u00e9kre semmilyen garancia nem vonatkozik:<\/p>\n<p>\u2022 A 2012-es XC. EU torv\u00e9ny a k\u00f6zszolg\u00e1lati k\u00e9m\u00e9nysepr\u00e9sr\u0151l \u00e9s a (XII.11) BM rendelet kimondja, hogy egy \u00e9g\u0151berendez\u00e9s k\u00e9m\u00e9nyhez t\u00f6rt\u00e9n\u0151 csatlakoztat\u00e1s\u00e1t a k\u00e9m\u00e9nysepr\u0151nek kell j\u00f3v\u00e1hagynia.<\/p>\n<p>\u2022 Az ipari k\u00e9m\u00e9nytiszt\u00edt\u00e1s nyilatkozata nem helyettes\u00edti a k\u00f6zszolg\u00e1lati k\u00e9m\u00e9nysepr\u0151 igazol\u00e1s\u00e1t.<\/p>\n<h4>Rozsdamentes Ac\u00e9l Fat\u00fczel\u00e9s\u0171 bojlerrendszer 90L sz\u00e1ll\u00edt\u00e1si hat\u00e1rideje:<\/h4>\n<ul>\n<li><strong>Magyarorsz\u00e1g \u00e9s az eg\u00e9sz Eur\u00f3pai Uni\u00f3 ter\u00fclet\u00e9n<\/strong>\u00a0is sz\u00e1ll\u00edtjuk.<\/li>\n<li>Rom\u00e1ni\u00e1ba 2-3 munkanap alatt sz\u00e1ll\u00edtjuk<\/li>\n<li>Magyarorsz\u00e1gra \u00e9s az EU ter\u00fclet\u00e9re az \u00e1tutal\u00e1s ut\u00e1n 5 munkanapon bel\u00fcl \u00e9rkezik meg a term\u00e9k.<\/li>\n<\/ul>\n<p>Ha b\u00e1rmilyen k\u00e9rd\u00e9se van, k\u00e9rj\u00fck, l\u00e9pjen kapcsolatba vel\u00fcnk.<\/p>\n<p>Tov\u00e1bbi aj\u00e1nlatok\u00e9rt kattintson\u00a0<a href=\"https:\/\/esemineu.ro\/hu\/termek-kategoria\/furdoszobai-kazanok\/\">ide<\/a><\/p>\n<p>T\u0151bb inform\u00e1ci\u00f3\u00e9rt l\u00e1togasson el\u00a0<a href=\"https:\/\/www.youtube.com\/@esemineuromania\">YouTube<\/a>-csatorn\u00e1nkra, valamint\u00a0<a href=\"https:\/\/www.facebook.com\/eSemineu\">Facebook<\/a>\u00a0\u00e9s\u00a0<a href=\"https:\/\/www.instagram.com\/esemineu\/\">Instagram<\/a>\u00a0oldalainkra.<\/p>\n<p><a href=\"https:\/\/esemineu.ro\/\">eSemineu.ro<\/a>\u00a0 \u00a0Te rakod a t\u0171zet mi adjuk a meleget!<\/p>\n","protected":false},"excerpt":{"rendered":"<p>Rozsdamentes Ac\u00e9l Fat\u00fczel\u00e9s\u0171 bojlerrendszer 90L Fedezze fel a Rozsdamentes Ac\u00e9l Fat\u00fczel\u00e9s\u0171 bojlerrendszer 90L. Amelyet az esemineu.ro k\u00edn\u00e1l. Egy rendk\u00edv\u00fcl hat\u00e9kony, 5,5 kW teljes\u00edtm\u00e9ny\u0171 berendez\u00e9s, amely 50 kg t\u00f6meg\u0171 \u00e9s 36 \u00d7 36 \u00d7 115 cm m\u00e9ret\u0171. T\u00f6k\u00e9letes v\u00e1laszt\u00e1s minden h\u00e1ztart\u00e1s sz\u00e1m\u00e1ra. Ez a rozsdamentes ac\u00e9lb\u00f3l k\u00e9sz\u00fclt kaz\u00e1n, melynek 2 mm az anyagvastags\u00e1ga. Garant\u00e1lja a tart\u00f3ss\u00e1got \u00e9s az ellen\u00e1ll\u00f3 k\u00e9pess\u00e9get az id\u0151 m\u00fal\u00e1s\u00e1val szemben. A 120 mm \u00e1tm\u00e9r\u0151j\u0171 k\u00e9m\u00e9ny csatlakoz\u00e1sa biztos\u00edtja a k\u00f6nny\u0171 telep\u00edt\u00e9st \u00e9s a hat\u00e9kony f\u00fcstelvezet\u00e9st. A 90 literes kapacit\u00e1sa b\u0151ven elegend\u0151 a csal\u00e1di ig\u00e9nyek kiel\u00e9g\u00edt\u00e9s\u00e9re. Legyen sz\u00f3 brikettr\u0151l vagy f\u00e1r\u00f3l, mint felhaszn\u00e1lt t\u00fczel\u0151anyagr\u00f3l, ez a kaz\u00e1n rugalmasan alkalmazkodik az \u00d6n preferenci\u00e1ihoz. A maxim\u00e1lis \u00fczemi nyom\u00e1s 3 bar, \u00e9s k\u00e9pes el\u00e9rni a maxim\u00e1lis 95 \u00b0C h\u0151m\u00e9rs\u00e9kletet, biztos\u00edtva ezzel a gyors \u00e9s hat\u00e9kony melegv\u00edz-ell\u00e1t\u00e1st. Az esemineu.ro \u00e1ltal k\u00edn\u00e1lt fat\u00fczel\u00e9s\u0171 rozsdamentes ac\u00e9l kaz\u00e1n nem csak praktikus, hanem gazdas\u00e1gos megold\u00e1s is minden h\u00e1ztart\u00e1s sz\u00e1m\u00e1ra, lehet\u0151v\u00e9 t\u00e9ve a melegv\u00edz-ell\u00e1t\u00e1s fenntarthat\u00f3 \u00e9s k\u00f6lts\u00e9ghat\u00e9kony m\u00f3dj\u00e1t. &hellip; <a href=\"https:\/\/esemineu.ro\/hu\/termek\/rozsdamentes-acel-fatuzelesu-bojlerrendszer-90l-eco-tuzterrel-2kg-h\/\">Folytatva<\/a><\/p>\n","protected":false},"featured_media":9408,"comment_status":"open","ping_status":"closed","template":"","meta":[],"product_brand":[1904],"product_cat":[1140],"product_tag":[],"class_list":{"0":"post-4865","1":"product","2":"type-product","3":"status-publish","4":"has-post-thumbnail","6":"product_brand-mss","7":"product_cat-fatuzelesu-bojlerek","8":"product_shipping_class-furdoszobai-kazanok","9":"pa_capacitate-90-l-hu","10":"pa_combustibil-utilizat-brikett","11":"pa_combustibil-utilizat-fa","12":"pa_diametru-racordului-la-cos-120-mm-hu","13":"pa_material-rozsdamentes-acel-hu","14":"pa_presiune-maxima-de-lucru-3-bar-hu","15":"pa_putere-55-kw-hu","16":"pa_temperatura-maxima-80-c-hu","17":"producer-miklos-steel","19":"first","20":"instock","21":"shipping-taxable","22":"purchasable","23":"product-type-simple"},"acf":[],"yoast_head":"<!-- This site is optimized with the Yoast SEO Premium plugin v21.0 (Yoast SEO v27.3) - https:\/\/yoast.com\/product\/yoast-seo-premium-wordpress\/ -->\n<title>Rozsdamentes Ac\u00e9l Fat\u00fczel\u00e9s\u0171 bojlerrendszer 90L | Bojler<\/title>\n<meta name=\"description\" content=\"Rozsdamentes Ac\u00e9l Fat\u00fczel\u00e9s\u0171 bojlerrendszer 90L-es inox kaz\u00e1n, rozsdamentes ac\u00e9l kaz\u00e1nj\u00e1t ac\u00e9l ajt\u00f3kkal, amely 5,5 kW teljes\u00edtm\u00e9nnyel.\" \/>\n<meta name=\"robots\" content=\"index, follow, max-snippet:-1, max-image-preview:large, max-video-preview:-1\" \/>\n<link rel=\"canonical\" href=\"https:\/\/esemineu.ro\/hu\/termek\/rozsdamentes-acel-fatuzelesu-bojlerrendszer-90l-eco-tuzterrel-2kg-h\/\" \/>\n<meta property=\"og:locale\" content=\"hu_HU\" \/>\n<meta property=\"og:type\" content=\"article\" \/>\n<meta property=\"og:title\" content=\"Rozsdamentes Ac\u00e9l Fat\u00fczel\u00e9s\u0171 bojlerrendszer 90L | Bojler\" \/>\n<meta property=\"og:description\" content=\"Rozsdamentes Ac\u00e9l Fat\u00fczel\u00e9s\u0171 bojlerrendszer 90L-es inox kaz\u00e1n, rozsdamentes ac\u00e9l kaz\u00e1nj\u00e1t ac\u00e9l ajt\u00f3kkal, amely 5,5 kW teljes\u00edtm\u00e9nnyel.\" \/>\n<meta property=\"og:url\" content=\"https:\/\/esemineu.ro\/hu\/termek\/rozsdamentes-acel-fatuzelesu-bojlerrendszer-90l-eco-tuzterrel-2kg-h\/\" \/>\n<meta property=\"og:site_name\" content=\"eSemineu\" \/>\n<meta property=\"article:publisher\" content=\"https:\/\/web.facebook.com\/eSemineu\" \/>\n<meta property=\"article:modified_time\" content=\"2025-09-15T11:06:32+00:00\" \/>\n<meta property=\"og:image\" content=\"https:\/\/esemineu.ro\/wp-content\/uploads\/2023\/09\/2012957.jpg\" \/>\n\t<meta property=\"og:image:width\" content=\"2000\" \/>\n\t<meta property=\"og:image:height\" content=\"2000\" \/>\n\t<meta property=\"og:image:type\" content=\"image\/jpeg\" \/>\n<meta name=\"twitter:card\" content=\"summary_large_image\" \/>\n<meta name=\"twitter:label1\" content=\"Becs\u00fclt olvas\u00e1si id\u0151\" \/>\n\t<meta name=\"twitter:data1\" content=\"3 perc\" \/>\n<script type=\"application\/ld+json\" class=\"yoast-schema-graph\">{\"@context\":\"https:\\\/\\\/schema.org\",\"@graph\":[{\"@type\":\"WebPage\",\"@id\":\"https:\\\/\\\/esemineu.ro\\\/hu\\\/termek\\\/rozsdamentes-acel-fatuzelesu-bojlerrendszer-90l-eco-tuzterrel-2kg-h\\\/\",\"url\":\"https:\\\/\\\/esemineu.ro\\\/hu\\\/termek\\\/rozsdamentes-acel-fatuzelesu-bojlerrendszer-90l-eco-tuzterrel-2kg-h\\\/\",\"name\":\"Rozsdamentes Ac\u00e9l Fat\u00fczel\u00e9s\u0171 bojlerrendszer 90L | Bojler\",\"isPartOf\":{\"@id\":\"https:\\\/\\\/esemineu.ro\\\/hu\\\/#website\"},\"primaryImageOfPage\":{\"@id\":\"https:\\\/\\\/esemineu.ro\\\/hu\\\/termek\\\/rozsdamentes-acel-fatuzelesu-bojlerrendszer-90l-eco-tuzterrel-2kg-h\\\/#primaryimage\"},\"image\":{\"@id\":\"https:\\\/\\\/esemineu.ro\\\/hu\\\/termek\\\/rozsdamentes-acel-fatuzelesu-bojlerrendszer-90l-eco-tuzterrel-2kg-h\\\/#primaryimage\"},\"thumbnailUrl\":\"https:\\\/\\\/esemineu.ro\\\/wp-content\\\/uploads\\\/2023\\\/09\\\/2012957.jpg\",\"datePublished\":\"2021-03-23T07:31:54+00:00\",\"dateModified\":\"2025-09-15T11:06:32+00:00\",\"description\":\"Rozsdamentes Ac\u00e9l Fat\u00fczel\u00e9s\u0171 bojlerrendszer 90L-es inox kaz\u00e1n, rozsdamentes ac\u00e9l kaz\u00e1nj\u00e1t ac\u00e9l ajt\u00f3kkal, amely 5,5 kW teljes\u00edtm\u00e9nnyel.\",\"breadcrumb\":{\"@id\":\"https:\\\/\\\/esemineu.ro\\\/hu\\\/termek\\\/rozsdamentes-acel-fatuzelesu-bojlerrendszer-90l-eco-tuzterrel-2kg-h\\\/#breadcrumb\"},\"inLanguage\":\"hu\",\"potentialAction\":[{\"@type\":\"ReadAction\",\"target\":[\"https:\\\/\\\/esemineu.ro\\\/hu\\\/termek\\\/rozsdamentes-acel-fatuzelesu-bojlerrendszer-90l-eco-tuzterrel-2kg-h\\\/\"]}]},{\"@type\":\"ImageObject\",\"inLanguage\":\"hu\",\"@id\":\"https:\\\/\\\/esemineu.ro\\\/hu\\\/termek\\\/rozsdamentes-acel-fatuzelesu-bojlerrendszer-90l-eco-tuzterrel-2kg-h\\\/#primaryimage\",\"url\":\"https:\\\/\\\/esemineu.ro\\\/wp-content\\\/uploads\\\/2023\\\/09\\\/2012957.jpg\",\"contentUrl\":\"https:\\\/\\\/esemineu.ro\\\/wp-content\\\/uploads\\\/2023\\\/09\\\/2012957.jpg\",\"width\":2000,\"height\":2000,\"caption\":\"Rozsdamentes Ac\u00e9l Fat\u00fczel\u00e9s\u0171 bojlerrendszer 90L\"},{\"@type\":\"BreadcrumbList\",\"@id\":\"https:\\\/\\\/esemineu.ro\\\/hu\\\/termek\\\/rozsdamentes-acel-fatuzelesu-bojlerrendszer-90l-eco-tuzterrel-2kg-h\\\/#breadcrumb\",\"itemListElement\":[{\"@type\":\"ListItem\",\"position\":1,\"name\":\"Kezd\u0151lap\",\"item\":\"https:\\\/\\\/esemineu.ro\\\/hu\\\/\"},{\"@type\":\"ListItem\",\"position\":2,\"name\":\"\u00c1ruh\u00e1z\",\"item\":\"https:\\\/\\\/esemineu.ro\\\/hu\\\/aruhaz\\\/\"},{\"@type\":\"ListItem\",\"position\":3,\"name\":\"Rozsdamentes Ac\u00e9l Fat\u00fczel\u00e9s\u0171 bojlerrendszer 90L, Eco t\u0171zt\u00e9rrel, 2kg\\\/h\"}]},{\"@type\":\"WebSite\",\"@id\":\"https:\\\/\\\/esemineu.ro\\\/hu\\\/#website\",\"url\":\"https:\\\/\\\/esemineu.ro\\\/hu\\\/\",\"name\":\"eSemineu\",\"description\":\"\u0218eminee de cea mai \u00eenalt\u0103 calitate\",\"potentialAction\":[{\"@type\":\"SearchAction\",\"target\":{\"@type\":\"EntryPoint\",\"urlTemplate\":\"https:\\\/\\\/esemineu.ro\\\/hu\\\/?s={search_term_string}\"},\"query-input\":{\"@type\":\"PropertyValueSpecification\",\"valueRequired\":true,\"valueName\":\"search_term_string\"}}],\"inLanguage\":\"hu\"}]}<\/script>\n<!-- \/ Yoast SEO Premium plugin. -->","yoast_head_json":{"title":"Rozsdamentes Ac\u00e9l Fat\u00fczel\u00e9s\u0171 bojlerrendszer 90L | Bojler","description":"Rozsdamentes Ac\u00e9l Fat\u00fczel\u00e9s\u0171 bojlerrendszer 90L-es inox kaz\u00e1n, rozsdamentes ac\u00e9l kaz\u00e1nj\u00e1t ac\u00e9l ajt\u00f3kkal, amely 5,5 kW teljes\u00edtm\u00e9nnyel.","robots":{"index":"index","follow":"follow","max-snippet":"max-snippet:-1","max-image-preview":"max-image-preview:large","max-video-preview":"max-video-preview:-1"},"canonical":"https:\/\/esemineu.ro\/hu\/termek\/rozsdamentes-acel-fatuzelesu-bojlerrendszer-90l-eco-tuzterrel-2kg-h\/","og_locale":"hu_HU","og_type":"article","og_title":"Rozsdamentes Ac\u00e9l Fat\u00fczel\u00e9s\u0171 bojlerrendszer 90L | Bojler","og_description":"Rozsdamentes Ac\u00e9l Fat\u00fczel\u00e9s\u0171 bojlerrendszer 90L-es inox kaz\u00e1n, rozsdamentes ac\u00e9l kaz\u00e1nj\u00e1t ac\u00e9l ajt\u00f3kkal, amely 5,5 kW teljes\u00edtm\u00e9nnyel.","og_url":"https:\/\/esemineu.ro\/hu\/termek\/rozsdamentes-acel-fatuzelesu-bojlerrendszer-90l-eco-tuzterrel-2kg-h\/","og_site_name":"eSemineu","article_publisher":"https:\/\/web.facebook.com\/eSemineu","article_modified_time":"2025-09-15T11:06:32+00:00","og_image":[{"width":2000,"height":2000,"url":"https:\/\/esemineu.ro\/wp-content\/uploads\/2023\/09\/2012957.jpg","type":"image\/jpeg"}],"twitter_card":"summary_large_image","twitter_misc":{"Becs\u00fclt olvas\u00e1si id\u0151":"3 perc"},"schema":{"@context":"https:\/\/schema.org","@graph":[{"@type":"WebPage","@id":"https:\/\/esemineu.ro\/hu\/termek\/rozsdamentes-acel-fatuzelesu-bojlerrendszer-90l-eco-tuzterrel-2kg-h\/","url":"https:\/\/esemineu.ro\/hu\/termek\/rozsdamentes-acel-fatuzelesu-bojlerrendszer-90l-eco-tuzterrel-2kg-h\/","name":"Rozsdamentes Ac\u00e9l Fat\u00fczel\u00e9s\u0171 bojlerrendszer 90L | Bojler","isPartOf":{"@id":"https:\/\/esemineu.ro\/hu\/#website"},"primaryImageOfPage":{"@id":"https:\/\/esemineu.ro\/hu\/termek\/rozsdamentes-acel-fatuzelesu-bojlerrendszer-90l-eco-tuzterrel-2kg-h\/#primaryimage"},"image":{"@id":"https:\/\/esemineu.ro\/hu\/termek\/rozsdamentes-acel-fatuzelesu-bojlerrendszer-90l-eco-tuzterrel-2kg-h\/#primaryimage"},"thumbnailUrl":"https:\/\/esemineu.ro\/wp-content\/uploads\/2023\/09\/2012957.jpg","datePublished":"2021-03-23T07:31:54+00:00","dateModified":"2025-09-15T11:06:32+00:00","description":"Rozsdamentes Ac\u00e9l Fat\u00fczel\u00e9s\u0171 bojlerrendszer 90L-es inox kaz\u00e1n, rozsdamentes ac\u00e9l kaz\u00e1nj\u00e1t ac\u00e9l ajt\u00f3kkal, amely 5,5 kW teljes\u00edtm\u00e9nnyel.","breadcrumb":{"@id":"https:\/\/esemineu.ro\/hu\/termek\/rozsdamentes-acel-fatuzelesu-bojlerrendszer-90l-eco-tuzterrel-2kg-h\/#breadcrumb"},"inLanguage":"hu","potentialAction":[{"@type":"ReadAction","target":["https:\/\/esemineu.ro\/hu\/termek\/rozsdamentes-acel-fatuzelesu-bojlerrendszer-90l-eco-tuzterrel-2kg-h\/"]}]},{"@type":"ImageObject","inLanguage":"hu","@id":"https:\/\/esemineu.ro\/hu\/termek\/rozsdamentes-acel-fatuzelesu-bojlerrendszer-90l-eco-tuzterrel-2kg-h\/#primaryimage","url":"https:\/\/esemineu.ro\/wp-content\/uploads\/2023\/09\/2012957.jpg","contentUrl":"https:\/\/esemineu.ro\/wp-content\/uploads\/2023\/09\/2012957.jpg","width":2000,"height":2000,"caption":"Rozsdamentes Ac\u00e9l Fat\u00fczel\u00e9s\u0171 bojlerrendszer 90L"},{"@type":"BreadcrumbList","@id":"https:\/\/esemineu.ro\/hu\/termek\/rozsdamentes-acel-fatuzelesu-bojlerrendszer-90l-eco-tuzterrel-2kg-h\/#breadcrumb","itemListElement":[{"@type":"ListItem","position":1,"name":"Kezd\u0151lap","item":"https:\/\/esemineu.ro\/hu\/"},{"@type":"ListItem","position":2,"name":"\u00c1ruh\u00e1z","item":"https:\/\/esemineu.ro\/hu\/aruhaz\/"},{"@type":"ListItem","position":3,"name":"Rozsdamentes Ac\u00e9l Fat\u00fczel\u00e9s\u0171 bojlerrendszer 90L, Eco t\u0171zt\u00e9rrel, 2kg\/h"}]},{"@type":"WebSite","@id":"https:\/\/esemineu.ro\/hu\/#website","url":"https:\/\/esemineu.ro\/hu\/","name":"eSemineu","description":"\u0218eminee de cea mai \u00eenalt\u0103 calitate","potentialAction":[{"@type":"SearchAction","target":{"@type":"EntryPoint","urlTemplate":"https:\/\/esemineu.ro\/hu\/?s={search_term_string}"},"query-input":{"@type":"PropertyValueSpecification","valueRequired":true,"valueName":"search_term_string"}}],"inLanguage":"hu"}]}},"_links":{"self":[{"href":"https:\/\/esemineu.ro\/hu\/wp-json\/wp\/v2\/product\/4865","targetHints":{"allow":["GET"]}}],"collection":[{"href":"https:\/\/esemineu.ro\/hu\/wp-json\/wp\/v2\/product"}],"about":[{"href":"https:\/\/esemineu.ro\/hu\/wp-json\/wp\/v2\/types\/product"}],"replies":[{"embeddable":true,"href":"https:\/\/esemineu.ro\/hu\/wp-json\/wp\/v2\/comments?post=4865"}],"wp:featuredmedia":[{"embeddable":true,"href":"https:\/\/esemineu.ro\/hu\/wp-json\/wp\/v2\/media\/9408"}],"wp:attachment":[{"href":"https:\/\/esemineu.ro\/hu\/wp-json\/wp\/v2\/media?parent=4865"}],"wp:term":[{"taxonomy":"product_brand","embeddable":true,"href":"https:\/\/esemineu.ro\/hu\/wp-json\/wp\/v2\/product_brand?post=4865"},{"taxonomy":"product_cat","embeddable":true,"href":"https:\/\/esemineu.ro\/hu\/wp-json\/wp\/v2\/product_cat?post=4865"},{"taxonomy":"product_tag","embeddable":true,"href":"https:\/\/esemineu.ro\/hu\/wp-json\/wp\/v2\/product_tag?post=4865"}],"curies":[{"name":"wp","href":"https:\/\/api.w.org\/{rel}","templated":true}]}}