{"id":4847,"date":"2021-03-29T03:58:10","date_gmt":"2021-03-29T00:58:10","guid":{"rendered":"https:\/\/esemineu.ro\/product\/soba-de-teracota-pentru-gatit-si-incalzit\/"},"modified":"2025-12-13T15:44:20","modified_gmt":"2025-12-13T13:44:20","slug":"fatuzelesu-cserepkalyha-fozolappal-es-sutovel-7kw","status":"publish","type":"product","link":"https:\/\/esemineu.ro\/hu\/termek\/fatuzelesu-cserepkalyha-fozolappal-es-sutovel-7kw\/","title":{"rendered":"Fat\u00fczel\u00e9s\u0171 cser\u00e9pk\u00e1lyha, f\u0151z\u0151lappal \u00e9s s\u00fct\u0151vel, 7kW"},"content":{"rendered":"<p>Fat\u00fczel\u00e9s\u0171 cser\u00e9pk\u00e1lyha<\/p>\n<p>A Fat\u00fczel\u00e9s\u0171 cser\u00e9pk\u00e1lyha f\u0151z\u0151lappal \u00e9s s\u00fct\u0151vel rendelkez\u0151 kivitel\u00e9ben egy praktikus \u00e9s meghitt megold\u00e1st k\u00edn\u00e1l az otthon meleg\u00e9re \u00e9s k\u00e9nyelm\u00e9re. A k\u00e1lyha st\u00edlusos megjelen\u00e9se \u00e9s hat\u00e9kony m\u0171k\u00f6d\u00e9se egyar\u00e1nt vonz\u00f3v\u00e1 teszi, emellett a f\u0151z\u0151lap \u00e9s s\u00fct\u0151funkci\u00f3 lehet\u0151v\u00e9 teszi a hagyom\u00e1nyos f\u0151z\u00e9si \u00e9s s\u00fct\u00e9si \u00e9lm\u00e9nyt egy meleg \u00e9s bar\u00e1ts\u00e1gos k\u00f6rnyezetben.<\/p>\n<p>A 7 kW-os teljes\u00edtm\u00e9ny\u0171 k\u00e1lyha azt jelenti, hogy ez a f\u0171t\u0151berendez\u00e9s 7 kilowatt (kW) h\u0151energi\u00e1t tud leadni, amikor teljes kapacit\u00e1son m\u0171k\u00f6dik. Ez az adat azt mutatja, hogy milyen nagy h\u0151mennyis\u00e9get tud termelni a k\u00e1lyha. Meghat\u00e1rozza, milyen m\u00e9ret\u0171 helyis\u00e9gekben lehet hat\u00e9konyan haszn\u00e1lni.<\/p>\n<p>A k\u00e1lyha kiv\u00e1l\u00f3 min\u0151s\u00e9g\u0171 anyagokb\u00f3l k\u00e9sz\u00fclt, amelyek garant\u00e1lj\u00e1k a hossz\u00fa \u00e9lettartamot \u00e9s megb\u00edzhat\u00f3 m\u0171k\u00f6d\u00e9st. Az ac\u00e9l l\u00e1bak stabil alapot ny\u00fajtanak a k\u00e1lyha sz\u00e1m\u00e1ra. Az \u00f6ntv\u00e9ny ajt\u00f3k \u00e9s f\u0151z\u0151lap ellen\u00e1ll\u00f3ak \u00e9s h\u0151\u00e1ll\u00f3ak, \u00edgy biztos\u00edtva a hat\u00e9kony \u00e9s biztons\u00e1gos haszn\u00e1latot.<\/p>\n<p>A k\u00e1lyha f\u00fcstcs\u0151je 120 mm-es, ami lehet\u0151v\u00e9 teszi a hat\u00e9kony f\u00fcstelt\u00e1vol\u00edt\u00e1st, \u00e9s a bal \u00e9s jobb oldalon elhelyezked\u0151 f\u00fcstkivezet\u00e9s lehet\u0151s\u00e9get k\u00edn\u00e1l a k\u00e1lyha elhelyez\u00e9s\u00e9re a helyis\u00e9g adotts\u00e1gait\u00f3l f\u00fcgg\u0151en.<\/p>\n<p>A barna sz\u00edn\u0171 cser\u00e9pk\u00e1lyha kellemes \u00e9s meghitt hangulatot csemp\u00e9sz az otthon\u00e1ba, m\u00edg a 7kW-os teljes\u00edtm\u00e9nye ide\u00e1lis meleg biztos\u00edt\u00e1s\u00e1hoz egy k\u00f6zepes m\u00e9ret\u0171 helyis\u00e9gben. A t\u00fczel\u0151anyag lehet\u0151s\u00e9gei, brikett \u00e9s t\u0171zifa, biztos\u00edtj\u00e1k az \u00f6n ig\u00e9nyeinek \u00e9s preferenci\u00e1inak megfelel\u0151 f\u0171t\u00e9si lehet\u0151s\u00e9get.<\/p>\n<p>A k\u00e1lyha m\u00e9retei (780 mm x 780 mm x 460 mm) kisebb helyis\u00e9gekbe val\u00f3 t\u00f6k\u00e9letes illeszked\u00e9st tesznek lehet\u0151v\u00e9, \u00edgy ide\u00e1lis v\u00e1laszt\u00e1s lehet egy lak\u00e1s vagy kisebb h\u00e1z f\u0171t\u00e9s\u00e9re. A f\u0151z\u0151lappal \u00e9s s\u00fct\u0151vel felszerelt kivitel pedig praktikus megold\u00e1st k\u00edn\u00e1l a k\u00e1lyha haszn\u00e1l\u00f3inak, akik egyszerre szeretn\u00e9nek f\u0171teni \u00e9s f\u0151zni egy meghitt \u00e9s meleg k\u00f6rnyezetben.<\/p>\n<p>Fontos megjegyezni, hogy a t\u0171zhely hullad\u00e9k \u00e9get\u00e9s\u00e9re nem alkalmas, kiz\u00e1r\u00f3lag f\u0171t\u00e9sre \u00e9s f\u0151z\u00e9sre haszn\u00e1lhat\u00f3. Az ilyen hullad\u00e9k \u00e9get\u00e9sekor a cser\u00e9pk\u00e1lyha f\u00fcstkivezet\u0151 ny\u00edl\u00e1sa k\u00f6nnyen elt\u00f6m\u0151dhet. Aj\u00e1nlott kiz\u00e1r\u00f3lag megfelel\u0151 anyagokat \u00e9getni benne.<\/p>\n<h6>Sz\u00e1ll\u00edt\u00e1si hat\u00e1rid\u0151:<\/h6>\n<ul>\n<li><strong>Magyarorsz\u00e1g \u00e9s az eg\u00e9sz Eur\u00f3pai Uni\u00f3 ter\u00fclet\u00e9n<\/strong>\u00a0is sz\u00e1ll\u00edtjuk.<\/li>\n<li>Rom\u00e1ni\u00e1ba 2-3 munkanap alatt sz\u00e1ll\u00edtjuk<\/li>\n<li>Magyarorsz\u00e1gra \u00e9s az EU ter\u00fclet\u00e9re az \u00e1tutal\u00e1s ut\u00e1n 5 munkanapon bel\u00fcl \u00e9rkezik meg a term\u00e9k.<\/li>\n<\/ul>\n<p>Ha b\u00e1rmilyen k\u00e9rd\u00e9se van, k\u00e9rj\u00fck, l\u00e9pjen kapcsolatba vel\u00fcnk.<\/p>\n<p>Tov\u00e1bbi aj\u00e1nlatok\u00e9rt kattintson\u00a0<a href=\"https:\/\/esemineu.ro\/hu\/termek-kategoria\/hordozhato-cserepkalyhak\/\">ide<\/a><\/p>\n<p>T\u0151bb inform\u00e1ci\u00f3\u00e9rt l\u00e1togasson el\u00a0<a href=\"https:\/\/www.youtube.com\/@esemineuromania\">YouTube<\/a>-csatorn\u00e1nkra, valamint\u00a0<a href=\"https:\/\/www.facebook.com\/eSemineu\">Facebook<\/a>\u00a0\u00e9s\u00a0<a href=\"https:\/\/www.instagram.com\/esemineu\/\">Instagram<\/a>\u00a0oldalainkra.<\/p>\n<p><a href=\"https:\/\/esemineu.ro\/\">eSemineu.ro<\/a>\u00a0 \u00a0Te rakod a t\u0171zet mi adjuk a meleget!<\/p>\n","protected":false},"excerpt":{"rendered":"<p>Fat\u00fczel\u00e9s\u0171 cser\u00e9pk\u00e1lyha A Fat\u00fczel\u00e9s\u0171 cser\u00e9pk\u00e1lyha f\u0151z\u0151lappal \u00e9s s\u00fct\u0151vel rendelkez\u0151 kivitel\u00e9ben egy praktikus \u00e9s meghitt megold\u00e1st k\u00edn\u00e1l az otthon meleg\u00e9re \u00e9s k\u00e9nyelm\u00e9re. A k\u00e1lyha st\u00edlusos megjelen\u00e9se \u00e9s hat\u00e9kony m\u0171k\u00f6d\u00e9se egyar\u00e1nt vonz\u00f3v\u00e1 teszi, emellett a f\u0151z\u0151lap \u00e9s s\u00fct\u0151funkci\u00f3 lehet\u0151v\u00e9 teszi a hagyom\u00e1nyos f\u0151z\u00e9si \u00e9s s\u00fct\u00e9si \u00e9lm\u00e9nyt egy meleg \u00e9s bar\u00e1ts\u00e1gos k\u00f6rnyezetben. A 7 kW-os teljes\u00edtm\u00e9ny\u0171 k\u00e1lyha azt jelenti, hogy ez a f\u0171t\u0151berendez\u00e9s 7 kilowatt (kW) h\u0151energi\u00e1t tud leadni, amikor teljes kapacit\u00e1son m\u0171k\u00f6dik. Ez az adat azt mutatja, hogy milyen nagy h\u0151mennyis\u00e9get tud termelni a k\u00e1lyha. Meghat\u00e1rozza, milyen m\u00e9ret\u0171 helyis\u00e9gekben lehet hat\u00e9konyan haszn\u00e1lni. A k\u00e1lyha kiv\u00e1l\u00f3 min\u0151s\u00e9g\u0171 anyagokb\u00f3l k\u00e9sz\u00fclt, amelyek garant\u00e1lj\u00e1k a hossz\u00fa \u00e9lettartamot \u00e9s megb\u00edzhat\u00f3 m\u0171k\u00f6d\u00e9st. Az ac\u00e9l l\u00e1bak stabil alapot ny\u00fajtanak a k\u00e1lyha sz\u00e1m\u00e1ra. Az \u00f6ntv\u00e9ny ajt\u00f3k \u00e9s f\u0151z\u0151lap ellen\u00e1ll\u00f3ak \u00e9s h\u0151\u00e1ll\u00f3ak, \u00edgy biztos\u00edtva a hat\u00e9kony \u00e9s biztons\u00e1gos haszn\u00e1latot. A k\u00e1lyha f\u00fcstcs\u0151je 120 mm-es, ami lehet\u0151v\u00e9 teszi a hat\u00e9kony f\u00fcstelt\u00e1vol\u00edt\u00e1st, \u00e9s a bal \u00e9s jobb oldalon elhelyezked\u0151 f\u00fcstkivezet\u00e9s lehet\u0151s\u00e9get k\u00edn\u00e1l a &hellip; <a href=\"https:\/\/esemineu.ro\/hu\/termek\/fatuzelesu-cserepkalyha-fozolappal-es-sutovel-7kw\/\">Folytatva<\/a><\/p>\n","protected":false},"featured_media":9582,"comment_status":"open","ping_status":"closed","template":"","meta":[],"product_brand":[695],"product_cat":[1682,729],"product_tag":[],"class_list":{"0":"post-4847","1":"product","2":"type-product","3":"status-publish","4":"has-post-thumbnail","6":"product_brand-esemineu","7":"product_cat-fozo","8":"product_cat-hordozhato-cserepkalyhak","9":"product_shipping_class-csempekalyhak","10":"pa_combustibil-utilizat-brikett","11":"pa_combustibil-utilizat-fa","12":"pa_culoare-barna","13":"pa_diametru-racordului-la-cos-120-mm-hu","14":"pa_evacuare-fum-bal","15":"pa_evacuare-fum-jobb","16":"pa_material-acel-labak","17":"pa_material-teracota-hu","18":"pa_material-ontveny-fozolap","19":"pa_model-asztal-tipusu-hu","20":"pa_putere-7-kw-hu","21":"pa_randament-80-hu","22":"pa_suprafata-incalzita-mp-26-40-hu","23":"producer-soberom","25":"first","26":"instock","27":"shipping-taxable","28":"purchasable","29":"product-type-variable"},"acf":[],"yoast_head":"<!-- This site is optimized with the Yoast SEO Premium plugin v21.0 (Yoast SEO v27.3) - https:\/\/yoast.com\/product\/yoast-seo-premium-wordpress\/ -->\n<title>Fat\u00fczel\u00e9s\u0171 cser\u00e9pk\u00e1lyha | eSemineu.ro<\/title>\n<meta name=\"description\" content=\"Fat\u00fczel\u00e9s\u0171 cser\u00e9pk\u00e1lyha - Hat\u00e9kony \u00e9s eszt\u00e9tikus f\u0171t\u00e9s otthon\u00e1ban. Sz\u00e9les v\u00e1laszt\u00e9k, kedvez\u0151 \u00e1rak. V\u00e1s\u00e1roljon megb\u00edzhat\u00f3 min\u0151s\u00e9g\u0171 cser\u00e9pk\u00e1lyh\u00e1t!\" \/>\n<meta name=\"robots\" content=\"index, follow, max-snippet:-1, max-image-preview:large, max-video-preview:-1\" \/>\n<link rel=\"canonical\" href=\"https:\/\/esemineu.ro\/hu\/termek\/fatuzelesu-cserepkalyha-fozolappal-es-sutovel-7kw\/\" \/>\n<meta property=\"og:locale\" content=\"hu_HU\" \/>\n<meta property=\"og:type\" content=\"article\" \/>\n<meta property=\"og:title\" content=\"Fat\u00fczel\u00e9s\u0171 cser\u00e9pk\u00e1lyha | eSemineu.ro\" \/>\n<meta property=\"og:description\" content=\"Fat\u00fczel\u00e9s\u0171 cser\u00e9pk\u00e1lyha - Hat\u00e9kony \u00e9s eszt\u00e9tikus f\u0171t\u00e9s otthon\u00e1ban. Sz\u00e9les v\u00e1laszt\u00e9k, kedvez\u0151 \u00e1rak. V\u00e1s\u00e1roljon megb\u00edzhat\u00f3 min\u0151s\u00e9g\u0171 cser\u00e9pk\u00e1lyh\u00e1t!\" \/>\n<meta property=\"og:url\" content=\"https:\/\/esemineu.ro\/hu\/termek\/fatuzelesu-cserepkalyha-fozolappal-es-sutovel-7kw\/\" \/>\n<meta property=\"og:site_name\" content=\"eSemineu\" \/>\n<meta property=\"article:publisher\" content=\"https:\/\/web.facebook.com\/eSemineu\" \/>\n<meta property=\"article:modified_time\" content=\"2025-12-13T13:44:20+00:00\" \/>\n<meta property=\"og:image\" content=\"https:\/\/esemineu.ro\/wp-content\/uploads\/2023\/09\/20230418_084927-PhotoRoom-NEW.png\" \/>\n\t<meta property=\"og:image:width\" content=\"1000\" \/>\n\t<meta property=\"og:image:height\" content=\"1000\" \/>\n\t<meta property=\"og:image:type\" content=\"image\/png\" \/>\n<meta name=\"twitter:card\" content=\"summary_large_image\" \/>\n<meta name=\"twitter:label1\" content=\"Becs\u00fclt olvas\u00e1si id\u0151\" \/>\n\t<meta name=\"twitter:data1\" content=\"4 perc\" \/>\n<script type=\"application\/ld+json\" class=\"yoast-schema-graph\">{\"@context\":\"https:\\\/\\\/schema.org\",\"@graph\":[{\"@type\":\"WebPage\",\"@id\":\"https:\\\/\\\/esemineu.ro\\\/hu\\\/termek\\\/fatuzelesu-cserepkalyha-fozolappal-es-sutovel-7kw\\\/\",\"url\":\"https:\\\/\\\/esemineu.ro\\\/hu\\\/termek\\\/fatuzelesu-cserepkalyha-fozolappal-es-sutovel-7kw\\\/\",\"name\":\"Fat\u00fczel\u00e9s\u0171 cser\u00e9pk\u00e1lyha | eSemineu.ro\",\"isPartOf\":{\"@id\":\"https:\\\/\\\/esemineu.ro\\\/hu\\\/#website\"},\"primaryImageOfPage\":{\"@id\":\"https:\\\/\\\/esemineu.ro\\\/hu\\\/termek\\\/fatuzelesu-cserepkalyha-fozolappal-es-sutovel-7kw\\\/#primaryimage\"},\"image\":{\"@id\":\"https:\\\/\\\/esemineu.ro\\\/hu\\\/termek\\\/fatuzelesu-cserepkalyha-fozolappal-es-sutovel-7kw\\\/#primaryimage\"},\"thumbnailUrl\":\"https:\\\/\\\/esemineu.ro\\\/wp-content\\\/uploads\\\/2023\\\/09\\\/20230418_084927-PhotoRoom-NEW.png\",\"datePublished\":\"2021-03-29T00:58:10+00:00\",\"dateModified\":\"2025-12-13T13:44:20+00:00\",\"description\":\"Fat\u00fczel\u00e9s\u0171 cser\u00e9pk\u00e1lyha - Hat\u00e9kony \u00e9s eszt\u00e9tikus f\u0171t\u00e9s otthon\u00e1ban. Sz\u00e9les v\u00e1laszt\u00e9k, kedvez\u0151 \u00e1rak. V\u00e1s\u00e1roljon megb\u00edzhat\u00f3 min\u0151s\u00e9g\u0171 cser\u00e9pk\u00e1lyh\u00e1t!\",\"breadcrumb\":{\"@id\":\"https:\\\/\\\/esemineu.ro\\\/hu\\\/termek\\\/fatuzelesu-cserepkalyha-fozolappal-es-sutovel-7kw\\\/#breadcrumb\"},\"inLanguage\":\"hu\",\"potentialAction\":[{\"@type\":\"ReadAction\",\"target\":[\"https:\\\/\\\/esemineu.ro\\\/hu\\\/termek\\\/fatuzelesu-cserepkalyha-fozolappal-es-sutovel-7kw\\\/\"]}]},{\"@type\":\"ImageObject\",\"inLanguage\":\"hu\",\"@id\":\"https:\\\/\\\/esemineu.ro\\\/hu\\\/termek\\\/fatuzelesu-cserepkalyha-fozolappal-es-sutovel-7kw\\\/#primaryimage\",\"url\":\"https:\\\/\\\/esemineu.ro\\\/wp-content\\\/uploads\\\/2023\\\/09\\\/20230418_084927-PhotoRoom-NEW.png\",\"contentUrl\":\"https:\\\/\\\/esemineu.ro\\\/wp-content\\\/uploads\\\/2023\\\/09\\\/20230418_084927-PhotoRoom-NEW.png\",\"width\":1000,\"height\":1000,\"caption\":\"Sob\u0103 teracot\u0103 pentru g\u0103tit \u0219i \u00eenc\u0103lzit\"},{\"@type\":\"BreadcrumbList\",\"@id\":\"https:\\\/\\\/esemineu.ro\\\/hu\\\/termek\\\/fatuzelesu-cserepkalyha-fozolappal-es-sutovel-7kw\\\/#breadcrumb\",\"itemListElement\":[{\"@type\":\"ListItem\",\"position\":1,\"name\":\"Kezd\u0151lap\",\"item\":\"https:\\\/\\\/esemineu.ro\\\/hu\\\/\"},{\"@type\":\"ListItem\",\"position\":2,\"name\":\"\u00c1ruh\u00e1z\",\"item\":\"https:\\\/\\\/esemineu.ro\\\/hu\\\/aruhaz\\\/\"},{\"@type\":\"ListItem\",\"position\":3,\"name\":\"Fat\u00fczel\u00e9s\u0171 cser\u00e9pk\u00e1lyha, f\u0151z\u0151lappal \u00e9s s\u00fct\u0151vel, 7kW\"}]},{\"@type\":\"WebSite\",\"@id\":\"https:\\\/\\\/esemineu.ro\\\/hu\\\/#website\",\"url\":\"https:\\\/\\\/esemineu.ro\\\/hu\\\/\",\"name\":\"eSemineu\",\"description\":\"\u0218eminee de cea mai \u00eenalt\u0103 calitate\",\"potentialAction\":[{\"@type\":\"SearchAction\",\"target\":{\"@type\":\"EntryPoint\",\"urlTemplate\":\"https:\\\/\\\/esemineu.ro\\\/hu\\\/?s={search_term_string}\"},\"query-input\":{\"@type\":\"PropertyValueSpecification\",\"valueRequired\":true,\"valueName\":\"search_term_string\"}}],\"inLanguage\":\"hu\"}]}<\/script>\n<!-- \/ Yoast SEO Premium plugin. -->","yoast_head_json":{"title":"Fat\u00fczel\u00e9s\u0171 cser\u00e9pk\u00e1lyha | eSemineu.ro","description":"Fat\u00fczel\u00e9s\u0171 cser\u00e9pk\u00e1lyha - Hat\u00e9kony \u00e9s eszt\u00e9tikus f\u0171t\u00e9s otthon\u00e1ban. Sz\u00e9les v\u00e1laszt\u00e9k, kedvez\u0151 \u00e1rak. V\u00e1s\u00e1roljon megb\u00edzhat\u00f3 min\u0151s\u00e9g\u0171 cser\u00e9pk\u00e1lyh\u00e1t!","robots":{"index":"index","follow":"follow","max-snippet":"max-snippet:-1","max-image-preview":"max-image-preview:large","max-video-preview":"max-video-preview:-1"},"canonical":"https:\/\/esemineu.ro\/hu\/termek\/fatuzelesu-cserepkalyha-fozolappal-es-sutovel-7kw\/","og_locale":"hu_HU","og_type":"article","og_title":"Fat\u00fczel\u00e9s\u0171 cser\u00e9pk\u00e1lyha | eSemineu.ro","og_description":"Fat\u00fczel\u00e9s\u0171 cser\u00e9pk\u00e1lyha - Hat\u00e9kony \u00e9s eszt\u00e9tikus f\u0171t\u00e9s otthon\u00e1ban. Sz\u00e9les v\u00e1laszt\u00e9k, kedvez\u0151 \u00e1rak. V\u00e1s\u00e1roljon megb\u00edzhat\u00f3 min\u0151s\u00e9g\u0171 cser\u00e9pk\u00e1lyh\u00e1t!","og_url":"https:\/\/esemineu.ro\/hu\/termek\/fatuzelesu-cserepkalyha-fozolappal-es-sutovel-7kw\/","og_site_name":"eSemineu","article_publisher":"https:\/\/web.facebook.com\/eSemineu","article_modified_time":"2025-12-13T13:44:20+00:00","og_image":[{"width":1000,"height":1000,"url":"https:\/\/esemineu.ro\/wp-content\/uploads\/2023\/09\/20230418_084927-PhotoRoom-NEW.png","type":"image\/png"}],"twitter_card":"summary_large_image","twitter_misc":{"Becs\u00fclt olvas\u00e1si id\u0151":"4 perc"},"schema":{"@context":"https:\/\/schema.org","@graph":[{"@type":"WebPage","@id":"https:\/\/esemineu.ro\/hu\/termek\/fatuzelesu-cserepkalyha-fozolappal-es-sutovel-7kw\/","url":"https:\/\/esemineu.ro\/hu\/termek\/fatuzelesu-cserepkalyha-fozolappal-es-sutovel-7kw\/","name":"Fat\u00fczel\u00e9s\u0171 cser\u00e9pk\u00e1lyha | eSemineu.ro","isPartOf":{"@id":"https:\/\/esemineu.ro\/hu\/#website"},"primaryImageOfPage":{"@id":"https:\/\/esemineu.ro\/hu\/termek\/fatuzelesu-cserepkalyha-fozolappal-es-sutovel-7kw\/#primaryimage"},"image":{"@id":"https:\/\/esemineu.ro\/hu\/termek\/fatuzelesu-cserepkalyha-fozolappal-es-sutovel-7kw\/#primaryimage"},"thumbnailUrl":"https:\/\/esemineu.ro\/wp-content\/uploads\/2023\/09\/20230418_084927-PhotoRoom-NEW.png","datePublished":"2021-03-29T00:58:10+00:00","dateModified":"2025-12-13T13:44:20+00:00","description":"Fat\u00fczel\u00e9s\u0171 cser\u00e9pk\u00e1lyha - Hat\u00e9kony \u00e9s eszt\u00e9tikus f\u0171t\u00e9s otthon\u00e1ban. Sz\u00e9les v\u00e1laszt\u00e9k, kedvez\u0151 \u00e1rak. V\u00e1s\u00e1roljon megb\u00edzhat\u00f3 min\u0151s\u00e9g\u0171 cser\u00e9pk\u00e1lyh\u00e1t!","breadcrumb":{"@id":"https:\/\/esemineu.ro\/hu\/termek\/fatuzelesu-cserepkalyha-fozolappal-es-sutovel-7kw\/#breadcrumb"},"inLanguage":"hu","potentialAction":[{"@type":"ReadAction","target":["https:\/\/esemineu.ro\/hu\/termek\/fatuzelesu-cserepkalyha-fozolappal-es-sutovel-7kw\/"]}]},{"@type":"ImageObject","inLanguage":"hu","@id":"https:\/\/esemineu.ro\/hu\/termek\/fatuzelesu-cserepkalyha-fozolappal-es-sutovel-7kw\/#primaryimage","url":"https:\/\/esemineu.ro\/wp-content\/uploads\/2023\/09\/20230418_084927-PhotoRoom-NEW.png","contentUrl":"https:\/\/esemineu.ro\/wp-content\/uploads\/2023\/09\/20230418_084927-PhotoRoom-NEW.png","width":1000,"height":1000,"caption":"Sob\u0103 teracot\u0103 pentru g\u0103tit \u0219i \u00eenc\u0103lzit"},{"@type":"BreadcrumbList","@id":"https:\/\/esemineu.ro\/hu\/termek\/fatuzelesu-cserepkalyha-fozolappal-es-sutovel-7kw\/#breadcrumb","itemListElement":[{"@type":"ListItem","position":1,"name":"Kezd\u0151lap","item":"https:\/\/esemineu.ro\/hu\/"},{"@type":"ListItem","position":2,"name":"\u00c1ruh\u00e1z","item":"https:\/\/esemineu.ro\/hu\/aruhaz\/"},{"@type":"ListItem","position":3,"name":"Fat\u00fczel\u00e9s\u0171 cser\u00e9pk\u00e1lyha, f\u0151z\u0151lappal \u00e9s s\u00fct\u0151vel, 7kW"}]},{"@type":"WebSite","@id":"https:\/\/esemineu.ro\/hu\/#website","url":"https:\/\/esemineu.ro\/hu\/","name":"eSemineu","description":"\u0218eminee de cea mai \u00eenalt\u0103 calitate","potentialAction":[{"@type":"SearchAction","target":{"@type":"EntryPoint","urlTemplate":"https:\/\/esemineu.ro\/hu\/?s={search_term_string}"},"query-input":{"@type":"PropertyValueSpecification","valueRequired":true,"valueName":"search_term_string"}}],"inLanguage":"hu"}]}},"_links":{"self":[{"href":"https:\/\/esemineu.ro\/hu\/wp-json\/wp\/v2\/product\/4847","targetHints":{"allow":["GET"]}}],"collection":[{"href":"https:\/\/esemineu.ro\/hu\/wp-json\/wp\/v2\/product"}],"about":[{"href":"https:\/\/esemineu.ro\/hu\/wp-json\/wp\/v2\/types\/product"}],"replies":[{"embeddable":true,"href":"https:\/\/esemineu.ro\/hu\/wp-json\/wp\/v2\/comments?post=4847"}],"wp:featuredmedia":[{"embeddable":true,"href":"https:\/\/esemineu.ro\/hu\/wp-json\/wp\/v2\/media\/9582"}],"wp:attachment":[{"href":"https:\/\/esemineu.ro\/hu\/wp-json\/wp\/v2\/media?parent=4847"}],"wp:term":[{"taxonomy":"product_brand","embeddable":true,"href":"https:\/\/esemineu.ro\/hu\/wp-json\/wp\/v2\/product_brand?post=4847"},{"taxonomy":"product_cat","embeddable":true,"href":"https:\/\/esemineu.ro\/hu\/wp-json\/wp\/v2\/product_cat?post=4847"},{"taxonomy":"product_tag","embeddable":true,"href":"https:\/\/esemineu.ro\/hu\/wp-json\/wp\/v2\/product_tag?post=4847"}],"curies":[{"name":"wp","href":"https:\/\/api.w.org\/{rel}","templated":true}]}}