{"id":4822,"date":"2021-05-21T10:25:11","date_gmt":"2021-05-21T08:25:11","guid":{"rendered":"https:\/\/esemineu.ro\/product\/gratar-memphis-xl-cu-roti\/"},"modified":"2024-05-28T07:29:49","modified_gmt":"2024-05-28T05:29:49","slug":"tarrington-house-deluxe-xl-grillkocsi","status":"publish","type":"product","link":"https:\/\/esemineu.ro\/hu\/termek\/tarrington-house-deluxe-xl-grillkocsi\/","title":{"rendered":"Tarrington House Deluxe XL grillkocsi"},"content":{"rendered":"<p>A Tarrington House Deluxe XL Grillkocsi egy leny\u0171g\u00f6z\u0151 kieg\u00e9sz\u00edt\u0151je lehet kertj\u00e9nek, amin sz\u00e9n seg\u00edts\u00e9g\u00e9vel var\u00e1zsolhatja el \u00e9telk\u00fcl\u00f6nlegess\u00e9geit. Az XL jelz\u00e9s nem v\u00e9letlen, hiszen ez a grillkocsi t\u00e1gas s\u00fct\u0151fel\u00fclet\u00e9vel kimagasl\u00f3an alkalmas nagyobb csal\u00e1di \u00f6sszej\u00f6vetelekre vagy bar\u00e1ti s\u00fct\u00f6get\u00e9sekre.<\/p>\n<p>Az ac\u00e9lb\u00f3l k\u00e9sz\u00fclt grillkocsi rendk\u00edv\u00fcl tart\u00f3s, \u00edgy hossz\u00fa t\u00e1von sz\u00e1m\u00edthat r\u00e1. Nem csak a min\u0151s\u00e9g\u00e9vel, de eleg\u00e1ns megjelen\u00e9s\u00e9vel is h\u00f3d\u00edt. Matt fekete sz\u00edne \u00e9s modern formatervez\u00e9se minden kertben vagy teraszon j\u00f3l mutat. A 120 cm magass\u00e1g ide\u00e1lis munkamagass\u00e1got biztos\u00edt, m\u00edg a 45 kg-os s\u00falya stabil \u00e1ll\u00e1st garant\u00e1l m\u00e9g sz\u00e9lben is.<\/p>\n<p>Ez a grillkocsi kifejezetten a sz\u00e9nt\u00fczel\u00e9st prefer\u00e1lja. A sz\u00e9nt\u00fczel\u00e9s\u0171 grills\u00fct\u0151k a f\u00fcst\u00f6s \u00edz\u00fcknek k\u00f6sz\u00f6nhet\u0151en sokak kedvencei, mely \u00edzvil\u00e1g g\u00e1zgrillel nem reproduk\u00e1lhat\u00f3. A Tarrington House Deluxe XL grillkocsija ezen fel\u00fcl remek\u00fcl szab\u00e1lyozhat\u00f3, \u00edgy k\u00f6nnyen el\u00e9rhet\u0151 az a t\u00f6k\u00e9letes s\u00fct\u00e9si h\u0151m\u00e9rs\u00e9klet, melyet az \u00e9teleink ig\u00e9nyelnek.<\/p>\n<p>A kocsi k\u00f6nnyen mozgathat\u00f3, \u00edgy k\u00f6nnyed\u00e9n a kert k\u00fcl\u00f6nb\u00f6z\u0151 r\u00e9szeire vihetj\u00fck, ahol a grillez\u00e9s a legide\u00e1lisabb. A tart\u00f3s ker\u00e9knek k\u00f6sz\u00f6nhet\u0151en ak\u00e1r terepen is k\u00f6nnyen mozgathat\u00f3.<\/p>\n<p>A grillkocsi ide\u00e1lis v\u00e1laszt\u00e1s kertekbe \u00e9s nagyobb teraszokra, ahol el\u00e9g hely \u00e1ll rendelkez\u00e9sre a mozgat\u00e1s\u00e1hoz \u00e9s a s\u00fct\u00e9shez. A grillkocsi nagys\u00e1ga miatt azonban nem csak otthoni haszn\u00e1latra, hanem nagyobb kerti partikra, rendezv\u00e9nyekre vagy ak\u00e1r vend\u00e9gl\u00e1t\u00f3ipari egys\u00e9gekbe is t\u00f6k\u00e9letesen alkalmas.<\/p>\n<p>V\u00e9g\u00fcl, de nem utols\u00f3sorban, a Tarrington House Deluxe XL grillkocsi haszn\u00e1lata egyszer\u0171. Az ac\u00e9l fel\u00fclete k\u00f6nnyen tiszt\u00edthat\u00f3, a sz\u00e9ntart\u00f3 pedig k\u00f6nnyed\u00e9n ki\u00fcr\u00edthet\u0151. A grillkocsi tervez\u00e9se sor\u00e1n a felhaszn\u00e1l\u00f3i \u00e9lm\u00e9ny volt a f\u0151 szempont, \u00edgy minden funkci\u00f3ja a k\u00e9nyelmet szolg\u00e1lja.<\/p>\n<p>\u00d6sszefoglalva a Tarrington House Deluxe XL grillkocsi a t\u00f6k\u00e9letes v\u00e1laszt\u00e1s mindenki sz\u00e1m\u00e1ra, aki szereti a grillez\u00e9st \u00e9s \u00e9rt\u00e9keli a k\u00e9nyelmet, a st\u00edlust \u00e9s a tart\u00f3ss\u00e1got.<\/p>\n<h6>Sz\u00e1ll\u00edt\u00e1si hat\u00e1rid\u0151:<\/h6>\n<ul>\n<li><strong>Magyarorsz\u00e1g \u00e9s az eg\u00e9sz Eur\u00f3pai Uni\u00f3 ter\u00fclet\u00e9n<\/strong>\u00a0is sz\u00e1ll\u00edtjuk.<\/li>\n<li>Rom\u00e1ni\u00e1ba 2-3 munkanap alatt sz\u00e1ll\u00edtjuk<\/li>\n<li>Magyarorsz\u00e1gra \u00e9s az EU ter\u00fclet\u00e9re az \u00e1tutal\u00e1s ut\u00e1n 5 munkanapon bel\u00fcl \u00e9rkezik meg a term\u00e9k.<\/li>\n<\/ul>\n<p>Ha b\u00e1rmilyen k\u00e9rd\u00e9se van, k\u00e9rj\u00fck, l\u00e9pjen kapcsolatba vel\u00fcnk.<\/p>\n<p>Tov\u00e1bbi aj\u00e1nlatok\u00e9rt kattintson\u00a0<a href=\"https:\/\/esemineu.ro\/hu\/termek-kategoria\/kerti-sutok\/\">ide<\/a><\/p>\n<p>T\u0151bb inform\u00e1ci\u00f3\u00e9rt l\u00e1togasson el\u00a0<a href=\"https:\/\/www.youtube.com\/@esemineuromania\">YouTube<\/a>-csatorn\u00e1nkra, valamint\u00a0<a href=\"https:\/\/www.facebook.com\/eSemineu\">Facebook<\/a>\u00a0\u00e9s\u00a0<a href=\"https:\/\/www.instagram.com\/esemineu\/\">Instagram<\/a>\u00a0oldalainkra.<\/p>\n<p><a href=\"https:\/\/esemineu.ro\/\">eSemineu.ro<\/a>\u00a0 \u00a0Te rakod a t\u0171zet, mi adjuk a meleget!<\/p>\n","protected":false},"excerpt":{"rendered":"<p>A Tarrington House Deluxe XL Grillkocsi egy leny\u0171g\u00f6z\u0151 kieg\u00e9sz\u00edt\u0151je lehet kertj\u00e9nek, amin sz\u00e9n seg\u00edts\u00e9g\u00e9vel var\u00e1zsolhatja el \u00e9telk\u00fcl\u00f6nlegess\u00e9geit. Az XL jelz\u00e9s nem v\u00e9letlen, hiszen ez a grillkocsi t\u00e1gas s\u00fct\u0151fel\u00fclet\u00e9vel kimagasl\u00f3an alkalmas nagyobb csal\u00e1di \u00f6sszej\u00f6vetelekre vagy bar\u00e1ti s\u00fct\u00f6get\u00e9sekre. Az ac\u00e9lb\u00f3l k\u00e9sz\u00fclt grillkocsi rendk\u00edv\u00fcl tart\u00f3s, \u00edgy hossz\u00fa t\u00e1von sz\u00e1m\u00edthat r\u00e1. Nem csak a min\u0151s\u00e9g\u00e9vel, de eleg\u00e1ns megjelen\u00e9s\u00e9vel is h\u00f3d\u00edt. Matt fekete sz\u00edne \u00e9s modern formatervez\u00e9se minden kertben vagy teraszon j\u00f3l mutat. A 120 cm magass\u00e1g ide\u00e1lis munkamagass\u00e1got biztos\u00edt, m\u00edg a 45 kg-os s\u00falya stabil \u00e1ll\u00e1st garant\u00e1l m\u00e9g sz\u00e9lben is. Ez a grillkocsi kifejezetten a sz\u00e9nt\u00fczel\u00e9st prefer\u00e1lja. A sz\u00e9nt\u00fczel\u00e9s\u0171 grills\u00fct\u0151k a f\u00fcst\u00f6s \u00edz\u00fcknek k\u00f6sz\u00f6nhet\u0151en sokak kedvencei, mely \u00edzvil\u00e1g g\u00e1zgrillel nem reproduk\u00e1lhat\u00f3. A Tarrington House Deluxe XL grillkocsija ezen fel\u00fcl remek\u00fcl szab\u00e1lyozhat\u00f3, \u00edgy k\u00f6nnyen el\u00e9rhet\u0151 az a t\u00f6k\u00e9letes s\u00fct\u00e9si h\u0151m\u00e9rs\u00e9klet, melyet az \u00e9teleink ig\u00e9nyelnek. A kocsi k\u00f6nnyen mozgathat\u00f3, \u00edgy k\u00f6nnyed\u00e9n a kert k\u00fcl\u00f6nb\u00f6z\u0151 r\u00e9szeire vihetj\u00fck, ahol a grillez\u00e9s a legide\u00e1lisabb. A tart\u00f3s ker\u00e9knek k\u00f6sz\u00f6nhet\u0151en ak\u00e1r &hellip; <a href=\"https:\/\/esemineu.ro\/hu\/termek\/tarrington-house-deluxe-xl-grillkocsi\/\">Folytatva<\/a><\/p>\n","protected":false},"featured_media":9868,"comment_status":"open","ping_status":"closed","template":"","meta":[],"product_brand":[698],"product_cat":[1622,1037],"product_tag":[],"class_list":{"0":"post-4822","1":"product","2":"type-product","3":"status-publish","4":"has-post-thumbnail","6":"product_brand-tarrington-house","7":"product_cat-grillsutok","8":"product_cat-kerti-sutok","9":"product_shipping_class-grillsutok-kerti-sutok","10":"pa_combustibil-utilizat-szen","11":"pa_gratar-ontottvas","12":"pa_material-acel","13":"pa_suprafata-de-gatit-71-x-46-cm-hu","14":"producer-metro","16":"first","17":"outofstock","18":"shipping-taxable","19":"purchasable","20":"product-type-simple"},"acf":[],"yoast_head":"<!-- This site is optimized with the Yoast SEO Premium plugin v21.0 (Yoast SEO v27.3) - https:\/\/yoast.com\/product\/yoast-seo-premium-wordpress\/ -->\n<title>Tarrington House Deluxe XL grillkocsi - eSemineu<\/title>\n<meta name=\"description\" content=\"Tarrington House Deluxe XL grillkocsi - a t\u00f6k\u00e9letes, min\u0151s\u00e9gi, sz\u00e9n t\u00fczel\u00e9s\u0171 grillez\u00e9s \u00e9lm\u00e9nye otthon\u00e1ban. | eSemineu.ro |\" \/>\n<meta name=\"robots\" content=\"index, follow, max-snippet:-1, max-image-preview:large, max-video-preview:-1\" \/>\n<link rel=\"canonical\" href=\"https:\/\/esemineu.ro\/hu\/termek\/tarrington-house-deluxe-xl-grillkocsi\/\" \/>\n<meta property=\"og:locale\" content=\"hu_HU\" \/>\n<meta property=\"og:type\" content=\"article\" \/>\n<meta property=\"og:title\" content=\"Tarrington House Deluxe XL grillkocsi - eSemineu\" \/>\n<meta property=\"og:description\" content=\"Tarrington House Deluxe XL grillkocsi - a t\u00f6k\u00e9letes, min\u0151s\u00e9gi, sz\u00e9n t\u00fczel\u00e9s\u0171 grillez\u00e9s \u00e9lm\u00e9nye otthon\u00e1ban. | eSemineu.ro |\" \/>\n<meta property=\"og:url\" content=\"https:\/\/esemineu.ro\/hu\/termek\/tarrington-house-deluxe-xl-grillkocsi\/\" \/>\n<meta property=\"og:site_name\" content=\"eSemineu\" \/>\n<meta property=\"article:publisher\" content=\"https:\/\/web.facebook.com\/eSemineu\" \/>\n<meta property=\"article:modified_time\" content=\"2024-05-28T05:29:49+00:00\" \/>\n<meta property=\"og:image\" content=\"https:\/\/esemineu.ro\/wp-content\/uploads\/2023\/09\/gratar-pe-carbuni-activa-angulatus-xxl-11250_6993996.jpg\" \/>\n\t<meta property=\"og:image:width\" content=\"640\" \/>\n\t<meta property=\"og:image:height\" content=\"640\" \/>\n\t<meta property=\"og:image:type\" content=\"image\/jpeg\" \/>\n<meta name=\"twitter:card\" content=\"summary_large_image\" \/>\n<meta name=\"twitter:label1\" content=\"Becs\u00fclt olvas\u00e1si id\u0151\" \/>\n\t<meta name=\"twitter:data1\" content=\"2 perc\" \/>\n<script type=\"application\/ld+json\" class=\"yoast-schema-graph\">{\"@context\":\"https:\\\/\\\/schema.org\",\"@graph\":[{\"@type\":\"WebPage\",\"@id\":\"https:\\\/\\\/esemineu.ro\\\/hu\\\/termek\\\/tarrington-house-deluxe-xl-grillkocsi\\\/\",\"url\":\"https:\\\/\\\/esemineu.ro\\\/hu\\\/termek\\\/tarrington-house-deluxe-xl-grillkocsi\\\/\",\"name\":\"Tarrington House Deluxe XL grillkocsi - eSemineu\",\"isPartOf\":{\"@id\":\"https:\\\/\\\/esemineu.ro\\\/hu\\\/#website\"},\"primaryImageOfPage\":{\"@id\":\"https:\\\/\\\/esemineu.ro\\\/hu\\\/termek\\\/tarrington-house-deluxe-xl-grillkocsi\\\/#primaryimage\"},\"image\":{\"@id\":\"https:\\\/\\\/esemineu.ro\\\/hu\\\/termek\\\/tarrington-house-deluxe-xl-grillkocsi\\\/#primaryimage\"},\"thumbnailUrl\":\"https:\\\/\\\/esemineu.ro\\\/wp-content\\\/uploads\\\/2023\\\/09\\\/gratar-pe-carbuni-activa-angulatus-xxl-11250_6993996.jpg\",\"datePublished\":\"2021-05-21T08:25:11+00:00\",\"dateModified\":\"2024-05-28T05:29:49+00:00\",\"description\":\"Tarrington House Deluxe XL grillkocsi - a t\u00f6k\u00e9letes, min\u0151s\u00e9gi, sz\u00e9n t\u00fczel\u00e9s\u0171 grillez\u00e9s \u00e9lm\u00e9nye otthon\u00e1ban. | eSemineu.ro |\",\"breadcrumb\":{\"@id\":\"https:\\\/\\\/esemineu.ro\\\/hu\\\/termek\\\/tarrington-house-deluxe-xl-grillkocsi\\\/#breadcrumb\"},\"inLanguage\":\"hu\",\"potentialAction\":[{\"@type\":\"ReadAction\",\"target\":[\"https:\\\/\\\/esemineu.ro\\\/hu\\\/termek\\\/tarrington-house-deluxe-xl-grillkocsi\\\/\"]}]},{\"@type\":\"ImageObject\",\"inLanguage\":\"hu\",\"@id\":\"https:\\\/\\\/esemineu.ro\\\/hu\\\/termek\\\/tarrington-house-deluxe-xl-grillkocsi\\\/#primaryimage\",\"url\":\"https:\\\/\\\/esemineu.ro\\\/wp-content\\\/uploads\\\/2023\\\/09\\\/gratar-pe-carbuni-activa-angulatus-xxl-11250_6993996.jpg\",\"contentUrl\":\"https:\\\/\\\/esemineu.ro\\\/wp-content\\\/uploads\\\/2023\\\/09\\\/gratar-pe-carbuni-activa-angulatus-xxl-11250_6993996.jpg\",\"width\":640,\"height\":640},{\"@type\":\"BreadcrumbList\",\"@id\":\"https:\\\/\\\/esemineu.ro\\\/hu\\\/termek\\\/tarrington-house-deluxe-xl-grillkocsi\\\/#breadcrumb\",\"itemListElement\":[{\"@type\":\"ListItem\",\"position\":1,\"name\":\"Kezd\u0151lap\",\"item\":\"https:\\\/\\\/esemineu.ro\\\/hu\\\/\"},{\"@type\":\"ListItem\",\"position\":2,\"name\":\"\u00c1ruh\u00e1z\",\"item\":\"https:\\\/\\\/esemineu.ro\\\/hu\\\/aruhaz\\\/\"},{\"@type\":\"ListItem\",\"position\":3,\"name\":\"Tarrington House Deluxe XL grillkocsi\"}]},{\"@type\":\"WebSite\",\"@id\":\"https:\\\/\\\/esemineu.ro\\\/hu\\\/#website\",\"url\":\"https:\\\/\\\/esemineu.ro\\\/hu\\\/\",\"name\":\"eSemineu\",\"description\":\"\u0218eminee de cea mai \u00eenalt\u0103 calitate\",\"potentialAction\":[{\"@type\":\"SearchAction\",\"target\":{\"@type\":\"EntryPoint\",\"urlTemplate\":\"https:\\\/\\\/esemineu.ro\\\/hu\\\/?s={search_term_string}\"},\"query-input\":{\"@type\":\"PropertyValueSpecification\",\"valueRequired\":true,\"valueName\":\"search_term_string\"}}],\"inLanguage\":\"hu\"}]}<\/script>\n<!-- \/ Yoast SEO Premium plugin. -->","yoast_head_json":{"title":"Tarrington House Deluxe XL grillkocsi - eSemineu","description":"Tarrington House Deluxe XL grillkocsi - a t\u00f6k\u00e9letes, min\u0151s\u00e9gi, sz\u00e9n t\u00fczel\u00e9s\u0171 grillez\u00e9s \u00e9lm\u00e9nye otthon\u00e1ban. | eSemineu.ro |","robots":{"index":"index","follow":"follow","max-snippet":"max-snippet:-1","max-image-preview":"max-image-preview:large","max-video-preview":"max-video-preview:-1"},"canonical":"https:\/\/esemineu.ro\/hu\/termek\/tarrington-house-deluxe-xl-grillkocsi\/","og_locale":"hu_HU","og_type":"article","og_title":"Tarrington House Deluxe XL grillkocsi - eSemineu","og_description":"Tarrington House Deluxe XL grillkocsi - a t\u00f6k\u00e9letes, min\u0151s\u00e9gi, sz\u00e9n t\u00fczel\u00e9s\u0171 grillez\u00e9s \u00e9lm\u00e9nye otthon\u00e1ban. | eSemineu.ro |","og_url":"https:\/\/esemineu.ro\/hu\/termek\/tarrington-house-deluxe-xl-grillkocsi\/","og_site_name":"eSemineu","article_publisher":"https:\/\/web.facebook.com\/eSemineu","article_modified_time":"2024-05-28T05:29:49+00:00","og_image":[{"width":640,"height":640,"url":"https:\/\/esemineu.ro\/wp-content\/uploads\/2023\/09\/gratar-pe-carbuni-activa-angulatus-xxl-11250_6993996.jpg","type":"image\/jpeg"}],"twitter_card":"summary_large_image","twitter_misc":{"Becs\u00fclt olvas\u00e1si id\u0151":"2 perc"},"schema":{"@context":"https:\/\/schema.org","@graph":[{"@type":"WebPage","@id":"https:\/\/esemineu.ro\/hu\/termek\/tarrington-house-deluxe-xl-grillkocsi\/","url":"https:\/\/esemineu.ro\/hu\/termek\/tarrington-house-deluxe-xl-grillkocsi\/","name":"Tarrington House Deluxe XL grillkocsi - eSemineu","isPartOf":{"@id":"https:\/\/esemineu.ro\/hu\/#website"},"primaryImageOfPage":{"@id":"https:\/\/esemineu.ro\/hu\/termek\/tarrington-house-deluxe-xl-grillkocsi\/#primaryimage"},"image":{"@id":"https:\/\/esemineu.ro\/hu\/termek\/tarrington-house-deluxe-xl-grillkocsi\/#primaryimage"},"thumbnailUrl":"https:\/\/esemineu.ro\/wp-content\/uploads\/2023\/09\/gratar-pe-carbuni-activa-angulatus-xxl-11250_6993996.jpg","datePublished":"2021-05-21T08:25:11+00:00","dateModified":"2024-05-28T05:29:49+00:00","description":"Tarrington House Deluxe XL grillkocsi - a t\u00f6k\u00e9letes, min\u0151s\u00e9gi, sz\u00e9n t\u00fczel\u00e9s\u0171 grillez\u00e9s \u00e9lm\u00e9nye otthon\u00e1ban. | eSemineu.ro |","breadcrumb":{"@id":"https:\/\/esemineu.ro\/hu\/termek\/tarrington-house-deluxe-xl-grillkocsi\/#breadcrumb"},"inLanguage":"hu","potentialAction":[{"@type":"ReadAction","target":["https:\/\/esemineu.ro\/hu\/termek\/tarrington-house-deluxe-xl-grillkocsi\/"]}]},{"@type":"ImageObject","inLanguage":"hu","@id":"https:\/\/esemineu.ro\/hu\/termek\/tarrington-house-deluxe-xl-grillkocsi\/#primaryimage","url":"https:\/\/esemineu.ro\/wp-content\/uploads\/2023\/09\/gratar-pe-carbuni-activa-angulatus-xxl-11250_6993996.jpg","contentUrl":"https:\/\/esemineu.ro\/wp-content\/uploads\/2023\/09\/gratar-pe-carbuni-activa-angulatus-xxl-11250_6993996.jpg","width":640,"height":640},{"@type":"BreadcrumbList","@id":"https:\/\/esemineu.ro\/hu\/termek\/tarrington-house-deluxe-xl-grillkocsi\/#breadcrumb","itemListElement":[{"@type":"ListItem","position":1,"name":"Kezd\u0151lap","item":"https:\/\/esemineu.ro\/hu\/"},{"@type":"ListItem","position":2,"name":"\u00c1ruh\u00e1z","item":"https:\/\/esemineu.ro\/hu\/aruhaz\/"},{"@type":"ListItem","position":3,"name":"Tarrington House Deluxe XL grillkocsi"}]},{"@type":"WebSite","@id":"https:\/\/esemineu.ro\/hu\/#website","url":"https:\/\/esemineu.ro\/hu\/","name":"eSemineu","description":"\u0218eminee de cea mai \u00eenalt\u0103 calitate","potentialAction":[{"@type":"SearchAction","target":{"@type":"EntryPoint","urlTemplate":"https:\/\/esemineu.ro\/hu\/?s={search_term_string}"},"query-input":{"@type":"PropertyValueSpecification","valueRequired":true,"valueName":"search_term_string"}}],"inLanguage":"hu"}]}},"_links":{"self":[{"href":"https:\/\/esemineu.ro\/hu\/wp-json\/wp\/v2\/product\/4822","targetHints":{"allow":["GET"]}}],"collection":[{"href":"https:\/\/esemineu.ro\/hu\/wp-json\/wp\/v2\/product"}],"about":[{"href":"https:\/\/esemineu.ro\/hu\/wp-json\/wp\/v2\/types\/product"}],"replies":[{"embeddable":true,"href":"https:\/\/esemineu.ro\/hu\/wp-json\/wp\/v2\/comments?post=4822"}],"wp:featuredmedia":[{"embeddable":true,"href":"https:\/\/esemineu.ro\/hu\/wp-json\/wp\/v2\/media\/9868"}],"wp:attachment":[{"href":"https:\/\/esemineu.ro\/hu\/wp-json\/wp\/v2\/media?parent=4822"}],"wp:term":[{"taxonomy":"product_brand","embeddable":true,"href":"https:\/\/esemineu.ro\/hu\/wp-json\/wp\/v2\/product_brand?post=4822"},{"taxonomy":"product_cat","embeddable":true,"href":"https:\/\/esemineu.ro\/hu\/wp-json\/wp\/v2\/product_cat?post=4822"},{"taxonomy":"product_tag","embeddable":true,"href":"https:\/\/esemineu.ro\/hu\/wp-json\/wp\/v2\/product_tag?post=4822"}],"curies":[{"name":"wp","href":"https:\/\/api.w.org\/{rel}","templated":true}]}}