{"id":4819,"date":"2021-05-26T10:43:16","date_gmt":"2021-05-26T08:43:16","guid":{"rendered":"https:\/\/esemineu.ro\/product\/ansamblu-boiler-inox-pe-lemne-electric-120l-focar-economic\/"},"modified":"2024-05-28T11:07:50","modified_gmt":"2024-05-28T09:07:50","slug":"rozsdamentes-acel-fatuzelesu-bojler-90l-spirallal-tuzter-nelkul","status":"publish","type":"product","link":"https:\/\/esemineu.ro\/hu\/termek\/rozsdamentes-acel-fatuzelesu-bojler-90l-spirallal-tuzter-nelkul\/","title":{"rendered":"Rozsdamentes Ac\u00e9l Fat\u00fczel\u00e9s\u0171 Bojler 90L spir\u00e1llal, T\u0171zt\u00e9r n\u00e9lk\u00fcl"},"content":{"rendered":"<p>Rozsdamentes Ac\u00e9l Fat\u00fczel\u00e9s\u0171 Bojler 90L spir\u00e1llal<\/p>\n<p><strong>Esemineu.ro<\/strong> k\u00edn\u00e1lat\u00e1ban kiemelkedik a Rozsdamentes Ac\u00e9l Fat\u00fczel\u00e9s\u0171 Bojler 90L spir\u00e1llal<strong>.<\/strong> Egy kifinomult \u00e9s hat\u00e9kony megold\u00e1s mindenki sz\u00e1m\u00e1ra, aki az otthoni vagy ipari f\u0171t\u00e9si rendszerekben megb\u00edzhat\u00f3s\u00e1got \u00e9s tart\u00f3ss\u00e1got keres. A <strong>32 kg<\/strong> t\u00f6meg\u0171 \u00e9s <strong>38 \u00d7 38 \u00d7 115 cm<\/strong> m\u00e9ret\u0171. Ez a kaz\u00e1n k\u00e9nyelmesen illeszkedik sz\u0171kebb helyekre is, mik\u00f6zben <strong>90 literes<\/strong> kapacit\u00e1sa biztos\u00edtja a folyamatos melegv\u00edz-ell\u00e1t\u00e1st.<\/p>\n<p>Ez a modell <strong>5,5 kW<\/strong> teljes\u00edtm\u00e9nnyel b\u00fcszk\u00e9lkedhet, ami elegend\u0151 energiahat\u00e9konys\u00e1got biztos\u00edt a legt\u00f6bb ig\u00e9ny kiel\u00e9g\u00edt\u00e9s\u00e9re. A <strong>maxim\u00e1lis \u00fczemi nyom\u00e1s<\/strong> <strong>3 bar<\/strong>, ami garant\u00e1lja a rendszer biztons\u00e1gos m\u0171k\u00f6d\u00e9s\u00e9t m\u00e9g magas h\u0151m\u00e9rs\u00e9kleten is. Az <strong>inox<\/strong> (m\u00e1s n\u00e9ven <strong>rozsdamentes ac\u00e9l<\/strong>) anyagb\u00f3l k\u00e9sz\u00fclt kaz\u00e1n k\u00fcl\u00f6n\u00f6sen ellen\u00e1ll\u00f3 a korr\u00f3zi\u00f3nak \u00e9s hossz\u00fa \u00e9lettartamot \u00edg\u00e9r, ami a beruh\u00e1z\u00e1s hossz\u00fa t\u00e1v\u00fa \u00e9rt\u00e9k\u00e9t n\u00f6veli.<\/p>\n<p>A <strong>k\u00e9m\u00e9ny csatlakoz\u00e1s \u00e1tm\u00e9r\u0151je 120 mm<\/strong>, ami k\u00f6nny\u0171 \u00e9s rugalmas telep\u00edt\u00e9st tesz lehet\u0151v\u00e9, b\u00e1rmilyen t\u00edpus\u00fa k\u00e9m\u00e9nyrendszerhez. Ez a rugalmass\u00e1g jelent\u0151s el\u0151nyt jelent a telep\u00edt\u00e9s sor\u00e1n \u00e9s n\u00f6veli a kompatibilit\u00e1s sokoldal\u00fas\u00e1g\u00e1t.<\/p>\n<p>A Rozsdamentes Ac\u00e9l Fat\u00fczel\u00e9s\u0171 Bojler 90L spir\u00e1llal\u00a0modell j\u00f6n egy <strong>5 \u00e9ves garanci\u00e1val<\/strong>, ami bizony\u00edtja az <strong>esemineu.ro<\/strong> elk\u00f6telezetts\u00e9g\u00e9t a min\u0151s\u00e9g \u00e9s az \u00fcgyf\u00e9l-el\u00e9gedetts\u00e9g mellett. Ez a garancia a v\u00e1s\u00e1rl\u00f3k bizalm\u00e1t \u00e9s nyugalm\u00e1t szolg\u00e1lja, tudva, hogy hossz\u00fa t\u00e1v\u00fa t\u00e1mogat\u00e1st \u00e9s megb\u00edzhat\u00f3s\u00e1got \u00e9lvezhetnek.<\/p>\n<p>\u00d6sszefoglalva, ez a rozsdamentes ac\u00e9l kaz\u00e1n spir\u00e1llal az <strong>esemineu.ro<\/strong>-t\u00f3l t\u00f6k\u00e9letes v\u00e1laszt\u00e1s azok sz\u00e1m\u00e1ra, akik egy megb\u00edzhat\u00f3, energiatakar\u00e9kos \u00e9s tart\u00f3s megold\u00e1st keresnek f\u0171t\u00e9si ig\u00e9nyeikre. Az innovat\u00edv design, a kiemelked\u0151 anyagmin\u0151s\u00e9g \u00e9s a hossz\u00fa t\u00e1v\u00fa garancia \u00f6tv\u00f6zete biztos\u00edtja, hogy ez a term\u00e9k hossz\u00fa \u00e9veken \u00e1t magas sz\u00ednvonal\u00fa szolg\u00e1ltat\u00e1st ny\u00fajtson.<\/p>\n<h4>Ne \u00e9gessen!<\/h4>\n<p>H\u00e1ztart\u00e1si hullad\u00e9kot, ragasztott vagy festett falemezt, forg\u00e1cslapot vagy egy\u00e9b fapartikul\u00e1kat tartalmaz\u00f3 lapokat, vagy m\u00e1s, mesters\u00e9ges k\u00e9miai kever\u00e9keket tartalmaz\u00f3 hullad\u00e9kokat, mivel a m\u00e9rgek nem \u00e9gnek el, csak megv\u00e1ltoztatj\u00e1k form\u00e1jukat, \u00e9s amikor a l\u00e9gk\u00f6rbe ker\u00fclnek, kisz\u00e1m\u00edthatatlan k\u00f6vetkezm\u00e9nyekhez vezethetnek. Ha hullad\u00e9kot \u00e9get a k\u00e1lyh\u00e1ban, elt\u00f6m\u0151dhet a Kaz\u00e1n f\u00fcstelvezet\u0151 ny\u00edl\u00e1sa.<\/p>\n<h4>Figyelmeztet\u00e9s!<\/h4>\n<p>Minden kaz\u00e1nt, kandall\u00f3t \u00e9s t\u0171zhelyet a k\u00e9m\u00e9nysepr\u0151nek kell j\u00f3v\u00e1hagynia, amikor azokat csatlakoztatj\u00e1k. Ez t\u00f6rv\u00e9nyileg k\u00f6telez\u0151, ellenkez\u0151 esetben a term\u00e9kre semmilyen garancia nem vonatkozik:<\/p>\n<p>\u2022 A 2012-es XC. EU torv\u00e9ny a k\u00f6zszolg\u00e1lati k\u00e9m\u00e9nysepr\u00e9sr\u0151l \u00e9s a (XII.11) BM rendelet kimondja, hogy egy \u00e9g\u0151berendez\u00e9s k\u00e9m\u00e9nyhez t\u00f6rt\u00e9n\u0151 csatlakoztat\u00e1s\u00e1t a k\u00e9m\u00e9nysepr\u0151nek kell j\u00f3v\u00e1hagynia.<\/p>\n<p>\u2022 Az ipari k\u00e9m\u00e9nytiszt\u00edt\u00e1s nyilatkozata nem helyettes\u00edti a k\u00f6zszolg\u00e1lati k\u00e9m\u00e9nysepr\u0151 igazol\u00e1s\u00e1t.<\/p>\n<h4>Fat\u00fczel\u00e9s\u0171 \u00e9s elektromos ac\u00e9l kaz\u00e1n 120L sz\u00e1ll\u00edt\u00e1si hat\u00e1rideje:<\/h4>\n<ul>\n<li><strong>Magyarorsz\u00e1g \u00e9s az eg\u00e9sz Eur\u00f3pai Uni\u00f3 ter\u00fclet\u00e9n<\/strong>\u00a0is sz\u00e1ll\u00edtjuk.<\/li>\n<li>Rom\u00e1ni\u00e1ba 2-3 munkanap alatt sz\u00e1ll\u00edtjuk<\/li>\n<li>Magyarorsz\u00e1gra \u00e9s az EU ter\u00fclet\u00e9re az \u00e1tutal\u00e1s ut\u00e1n 5 munkanapon bel\u00fcl \u00e9rkezik meg a term\u00e9k.<\/li>\n<\/ul>\n<p>Ha b\u00e1rmilyen k\u00e9rd\u00e9se van, k\u00e9rj\u00fck, l\u00e9pjen kapcsolatba vel\u00fcnk.<\/p>\n<p>Tov\u00e1bbi aj\u00e1nlatok\u00e9rt kattintson\u00a0<a href=\"https:\/\/esemineu.ro\/hu\/termek-kategoria\/furdoszobai-kazanok\/\">ide<\/a><\/p>\n<p>T\u0151bb inform\u00e1ci\u00f3\u00e9rt l\u00e1togasson el\u00a0<a href=\"https:\/\/www.youtube.com\/@esemineuromania\">YouTube<\/a>-csatorn\u00e1nkra, valamint\u00a0<a href=\"https:\/\/www.facebook.com\/eSemineu\">Facebook<\/a>\u00a0\u00e9s\u00a0<a href=\"https:\/\/www.instagram.com\/esemineu\/\">Instagram<\/a>\u00a0oldalainkra.<\/p>\n<p><a href=\"https:\/\/esemineu.ro\/\">eSemineu.ro<\/a>\u00a0 \u00a0Te rakod a t\u0171zet mi adjuk a meleget!<\/p>\n","protected":false},"excerpt":{"rendered":"<p>Rozsdamentes Ac\u00e9l Fat\u00fczel\u00e9s\u0171 Bojler 90L spir\u00e1llal Esemineu.ro k\u00edn\u00e1lat\u00e1ban kiemelkedik a Rozsdamentes Ac\u00e9l Fat\u00fczel\u00e9s\u0171 Bojler 90L spir\u00e1llal. Egy kifinomult \u00e9s hat\u00e9kony megold\u00e1s mindenki sz\u00e1m\u00e1ra, aki az otthoni vagy ipari f\u0171t\u00e9si rendszerekben megb\u00edzhat\u00f3s\u00e1got \u00e9s tart\u00f3ss\u00e1got keres. A 32 kg t\u00f6meg\u0171 \u00e9s 38 \u00d7 38 \u00d7 115 cm m\u00e9ret\u0171. Ez a kaz\u00e1n k\u00e9nyelmesen illeszkedik sz\u0171kebb helyekre is, mik\u00f6zben 90 literes kapacit\u00e1sa biztos\u00edtja a folyamatos melegv\u00edz-ell\u00e1t\u00e1st. Ez a modell 5,5 kW teljes\u00edtm\u00e9nnyel b\u00fcszk\u00e9lkedhet, ami elegend\u0151 energiahat\u00e9konys\u00e1got biztos\u00edt a legt\u00f6bb ig\u00e9ny kiel\u00e9g\u00edt\u00e9s\u00e9re. A maxim\u00e1lis \u00fczemi nyom\u00e1s 3 bar, ami garant\u00e1lja a rendszer biztons\u00e1gos m\u0171k\u00f6d\u00e9s\u00e9t m\u00e9g magas h\u0151m\u00e9rs\u00e9kleten is. Az inox (m\u00e1s n\u00e9ven rozsdamentes ac\u00e9l) anyagb\u00f3l k\u00e9sz\u00fclt kaz\u00e1n k\u00fcl\u00f6n\u00f6sen ellen\u00e1ll\u00f3 a korr\u00f3zi\u00f3nak \u00e9s hossz\u00fa \u00e9lettartamot \u00edg\u00e9r, ami a beruh\u00e1z\u00e1s hossz\u00fa t\u00e1v\u00fa \u00e9rt\u00e9k\u00e9t n\u00f6veli. A k\u00e9m\u00e9ny csatlakoz\u00e1s \u00e1tm\u00e9r\u0151je 120 mm, ami k\u00f6nny\u0171 \u00e9s rugalmas telep\u00edt\u00e9st tesz lehet\u0151v\u00e9, b\u00e1rmilyen t\u00edpus\u00fa k\u00e9m\u00e9nyrendszerhez. Ez a rugalmass\u00e1g jelent\u0151s el\u0151nyt jelent a telep\u00edt\u00e9s sor\u00e1n \u00e9s n\u00f6veli a kompatibilit\u00e1s sokoldal\u00fas\u00e1g\u00e1t. A Rozsdamentes Ac\u00e9l &hellip; <a href=\"https:\/\/esemineu.ro\/hu\/termek\/rozsdamentes-acel-fatuzelesu-bojler-90l-spirallal-tuzter-nelkul\/\">Folytatva<\/a><\/p>\n","protected":false},"featured_media":21843,"comment_status":"open","ping_status":"closed","template":"","meta":[],"product_brand":[1904],"product_cat":[1140],"product_tag":[],"class_list":{"0":"post-4819","1":"product","2":"type-product","3":"status-publish","4":"has-post-thumbnail","6":"product_brand-mss","7":"product_cat-fatuzelesu-bojlerek","8":"product_shipping_class-furdoszobai-kazanok","9":"pa_capacitate-90-l-hu","10":"pa_diametru-racordului-la-cos-120-mm-hu","11":"pa_grosime-material-2-mm-hu","12":"pa_material-rozsdamentes-acel-hu","13":"pa_model-90l-inox-spirallal-hu","14":"pa_presiune-maxima-de-lucru-3-bar-hu","15":"pa_putere-55-kw-hu","16":"producer-miklos-steel","18":"first","19":"onbackorder","20":"featured","21":"shipping-taxable","22":"purchasable","23":"product-type-simple"},"acf":[],"yoast_head":"<!-- This site is optimized with the Yoast SEO Premium plugin v21.0 (Yoast SEO v27.3) - https:\/\/yoast.com\/product\/yoast-seo-premium-wordpress\/ -->\n<title>Rozsdamentes Ac\u00e9l Fat\u00fczel\u00e9s\u0171 Bojler 90L spir\u00e1llal<\/title>\n<meta name=\"description\" content=\"Fedezd fel az esemineu.ro Rozsdamentes Ac\u00e9l Fat\u00fczel\u00e9s\u0171 Bojler 90L spir\u00e1llal: 5,5 kW teljes\u00edtm\u00e9ny, 3 bar nyom\u00e1s, 5 \u00e9v garancia. Ide\u00e1lis tart\u00f3s \u00e9s hat\u00e9kony.\" \/>\n<meta name=\"robots\" content=\"index, follow, max-snippet:-1, max-image-preview:large, max-video-preview:-1\" \/>\n<link rel=\"canonical\" href=\"https:\/\/esemineu.ro\/hu\/termek\/rozsdamentes-acel-fatuzelesu-bojler-90l-spirallal-tuzter-nelkul\/\" \/>\n<meta property=\"og:locale\" content=\"hu_HU\" \/>\n<meta property=\"og:type\" content=\"article\" \/>\n<meta property=\"og:title\" content=\"Rozsdamentes Ac\u00e9l Fat\u00fczel\u00e9s\u0171 Bojler 90L spir\u00e1llal\" \/>\n<meta property=\"og:description\" content=\"Fedezd fel az esemineu.ro Rozsdamentes Ac\u00e9l Fat\u00fczel\u00e9s\u0171 Bojler 90L spir\u00e1llal: 5,5 kW teljes\u00edtm\u00e9ny, 3 bar nyom\u00e1s, 5 \u00e9v garancia. Ide\u00e1lis tart\u00f3s \u00e9s hat\u00e9kony.\" \/>\n<meta property=\"og:url\" content=\"https:\/\/esemineu.ro\/hu\/termek\/rozsdamentes-acel-fatuzelesu-bojler-90l-spirallal-tuzter-nelkul\/\" \/>\n<meta property=\"og:site_name\" content=\"eSemineu\" \/>\n<meta property=\"article:publisher\" content=\"https:\/\/web.facebook.com\/eSemineu\" \/>\n<meta property=\"article:modified_time\" content=\"2024-05-28T09:07:50+00:00\" \/>\n<meta property=\"og:image\" content=\"https:\/\/esemineu.ro\/wp-content\/uploads\/2024\/02\/Inox-boiler-cu-spirala-90-l.jpg\" \/>\n\t<meta property=\"og:image:width\" content=\"1000\" \/>\n\t<meta property=\"og:image:height\" content=\"1000\" \/>\n\t<meta property=\"og:image:type\" content=\"image\/jpeg\" \/>\n<meta name=\"twitter:card\" content=\"summary_large_image\" \/>\n<meta name=\"twitter:label1\" content=\"Becs\u00fclt olvas\u00e1si id\u0151\" \/>\n\t<meta name=\"twitter:data1\" content=\"3 perc\" \/>\n<script type=\"application\/ld+json\" class=\"yoast-schema-graph\">{\"@context\":\"https:\\\/\\\/schema.org\",\"@graph\":[{\"@type\":\"WebPage\",\"@id\":\"https:\\\/\\\/esemineu.ro\\\/hu\\\/termek\\\/rozsdamentes-acel-fatuzelesu-bojler-90l-spirallal-tuzter-nelkul\\\/\",\"url\":\"https:\\\/\\\/esemineu.ro\\\/hu\\\/termek\\\/rozsdamentes-acel-fatuzelesu-bojler-90l-spirallal-tuzter-nelkul\\\/\",\"name\":\"Rozsdamentes Ac\u00e9l Fat\u00fczel\u00e9s\u0171 Bojler 90L spir\u00e1llal\",\"isPartOf\":{\"@id\":\"https:\\\/\\\/esemineu.ro\\\/hu\\\/#website\"},\"primaryImageOfPage\":{\"@id\":\"https:\\\/\\\/esemineu.ro\\\/hu\\\/termek\\\/rozsdamentes-acel-fatuzelesu-bojler-90l-spirallal-tuzter-nelkul\\\/#primaryimage\"},\"image\":{\"@id\":\"https:\\\/\\\/esemineu.ro\\\/hu\\\/termek\\\/rozsdamentes-acel-fatuzelesu-bojler-90l-spirallal-tuzter-nelkul\\\/#primaryimage\"},\"thumbnailUrl\":\"https:\\\/\\\/esemineu.ro\\\/wp-content\\\/uploads\\\/2024\\\/02\\\/Inox-boiler-cu-spirala-90-l.jpg\",\"datePublished\":\"2021-05-26T08:43:16+00:00\",\"dateModified\":\"2024-05-28T09:07:50+00:00\",\"description\":\"Fedezd fel az esemineu.ro Rozsdamentes Ac\u00e9l Fat\u00fczel\u00e9s\u0171 Bojler 90L spir\u00e1llal: 5,5 kW teljes\u00edtm\u00e9ny, 3 bar nyom\u00e1s, 5 \u00e9v garancia. Ide\u00e1lis tart\u00f3s \u00e9s hat\u00e9kony.\",\"breadcrumb\":{\"@id\":\"https:\\\/\\\/esemineu.ro\\\/hu\\\/termek\\\/rozsdamentes-acel-fatuzelesu-bojler-90l-spirallal-tuzter-nelkul\\\/#breadcrumb\"},\"inLanguage\":\"hu\",\"potentialAction\":[{\"@type\":\"ReadAction\",\"target\":[\"https:\\\/\\\/esemineu.ro\\\/hu\\\/termek\\\/rozsdamentes-acel-fatuzelesu-bojler-90l-spirallal-tuzter-nelkul\\\/\"]}]},{\"@type\":\"ImageObject\",\"inLanguage\":\"hu\",\"@id\":\"https:\\\/\\\/esemineu.ro\\\/hu\\\/termek\\\/rozsdamentes-acel-fatuzelesu-bojler-90l-spirallal-tuzter-nelkul\\\/#primaryimage\",\"url\":\"https:\\\/\\\/esemineu.ro\\\/wp-content\\\/uploads\\\/2024\\\/02\\\/Inox-boiler-cu-spirala-90-l.jpg\",\"contentUrl\":\"https:\\\/\\\/esemineu.ro\\\/wp-content\\\/uploads\\\/2024\\\/02\\\/Inox-boiler-cu-spirala-90-l.jpg\",\"width\":1000,\"height\":1000,\"caption\":\"Rozsdamentes Ac\u00e9l Fat\u00fczel\u00e9s\u0171 Bojler 90L spir\u00e1llal\"},{\"@type\":\"BreadcrumbList\",\"@id\":\"https:\\\/\\\/esemineu.ro\\\/hu\\\/termek\\\/rozsdamentes-acel-fatuzelesu-bojler-90l-spirallal-tuzter-nelkul\\\/#breadcrumb\",\"itemListElement\":[{\"@type\":\"ListItem\",\"position\":1,\"name\":\"Kezd\u0151lap\",\"item\":\"https:\\\/\\\/esemineu.ro\\\/hu\\\/\"},{\"@type\":\"ListItem\",\"position\":2,\"name\":\"\u00c1ruh\u00e1z\",\"item\":\"https:\\\/\\\/esemineu.ro\\\/hu\\\/aruhaz\\\/\"},{\"@type\":\"ListItem\",\"position\":3,\"name\":\"Rozsdamentes Ac\u00e9l Fat\u00fczel\u00e9s\u0171 Bojler 90L spir\u00e1llal, T\u0171zt\u00e9r n\u00e9lk\u00fcl\"}]},{\"@type\":\"WebSite\",\"@id\":\"https:\\\/\\\/esemineu.ro\\\/hu\\\/#website\",\"url\":\"https:\\\/\\\/esemineu.ro\\\/hu\\\/\",\"name\":\"eSemineu\",\"description\":\"\u0218eminee de cea mai \u00eenalt\u0103 calitate\",\"potentialAction\":[{\"@type\":\"SearchAction\",\"target\":{\"@type\":\"EntryPoint\",\"urlTemplate\":\"https:\\\/\\\/esemineu.ro\\\/hu\\\/?s={search_term_string}\"},\"query-input\":{\"@type\":\"PropertyValueSpecification\",\"valueRequired\":true,\"valueName\":\"search_term_string\"}}],\"inLanguage\":\"hu\"}]}<\/script>\n<!-- \/ Yoast SEO Premium plugin. -->","yoast_head_json":{"title":"Rozsdamentes Ac\u00e9l Fat\u00fczel\u00e9s\u0171 Bojler 90L spir\u00e1llal","description":"Fedezd fel az esemineu.ro Rozsdamentes Ac\u00e9l Fat\u00fczel\u00e9s\u0171 Bojler 90L spir\u00e1llal: 5,5 kW teljes\u00edtm\u00e9ny, 3 bar nyom\u00e1s, 5 \u00e9v garancia. Ide\u00e1lis tart\u00f3s \u00e9s hat\u00e9kony.","robots":{"index":"index","follow":"follow","max-snippet":"max-snippet:-1","max-image-preview":"max-image-preview:large","max-video-preview":"max-video-preview:-1"},"canonical":"https:\/\/esemineu.ro\/hu\/termek\/rozsdamentes-acel-fatuzelesu-bojler-90l-spirallal-tuzter-nelkul\/","og_locale":"hu_HU","og_type":"article","og_title":"Rozsdamentes Ac\u00e9l Fat\u00fczel\u00e9s\u0171 Bojler 90L spir\u00e1llal","og_description":"Fedezd fel az esemineu.ro Rozsdamentes Ac\u00e9l Fat\u00fczel\u00e9s\u0171 Bojler 90L spir\u00e1llal: 5,5 kW teljes\u00edtm\u00e9ny, 3 bar nyom\u00e1s, 5 \u00e9v garancia. Ide\u00e1lis tart\u00f3s \u00e9s hat\u00e9kony.","og_url":"https:\/\/esemineu.ro\/hu\/termek\/rozsdamentes-acel-fatuzelesu-bojler-90l-spirallal-tuzter-nelkul\/","og_site_name":"eSemineu","article_publisher":"https:\/\/web.facebook.com\/eSemineu","article_modified_time":"2024-05-28T09:07:50+00:00","og_image":[{"width":1000,"height":1000,"url":"https:\/\/esemineu.ro\/wp-content\/uploads\/2024\/02\/Inox-boiler-cu-spirala-90-l.jpg","type":"image\/jpeg"}],"twitter_card":"summary_large_image","twitter_misc":{"Becs\u00fclt olvas\u00e1si id\u0151":"3 perc"},"schema":{"@context":"https:\/\/schema.org","@graph":[{"@type":"WebPage","@id":"https:\/\/esemineu.ro\/hu\/termek\/rozsdamentes-acel-fatuzelesu-bojler-90l-spirallal-tuzter-nelkul\/","url":"https:\/\/esemineu.ro\/hu\/termek\/rozsdamentes-acel-fatuzelesu-bojler-90l-spirallal-tuzter-nelkul\/","name":"Rozsdamentes Ac\u00e9l Fat\u00fczel\u00e9s\u0171 Bojler 90L spir\u00e1llal","isPartOf":{"@id":"https:\/\/esemineu.ro\/hu\/#website"},"primaryImageOfPage":{"@id":"https:\/\/esemineu.ro\/hu\/termek\/rozsdamentes-acel-fatuzelesu-bojler-90l-spirallal-tuzter-nelkul\/#primaryimage"},"image":{"@id":"https:\/\/esemineu.ro\/hu\/termek\/rozsdamentes-acel-fatuzelesu-bojler-90l-spirallal-tuzter-nelkul\/#primaryimage"},"thumbnailUrl":"https:\/\/esemineu.ro\/wp-content\/uploads\/2024\/02\/Inox-boiler-cu-spirala-90-l.jpg","datePublished":"2021-05-26T08:43:16+00:00","dateModified":"2024-05-28T09:07:50+00:00","description":"Fedezd fel az esemineu.ro Rozsdamentes Ac\u00e9l Fat\u00fczel\u00e9s\u0171 Bojler 90L spir\u00e1llal: 5,5 kW teljes\u00edtm\u00e9ny, 3 bar nyom\u00e1s, 5 \u00e9v garancia. Ide\u00e1lis tart\u00f3s \u00e9s hat\u00e9kony.","breadcrumb":{"@id":"https:\/\/esemineu.ro\/hu\/termek\/rozsdamentes-acel-fatuzelesu-bojler-90l-spirallal-tuzter-nelkul\/#breadcrumb"},"inLanguage":"hu","potentialAction":[{"@type":"ReadAction","target":["https:\/\/esemineu.ro\/hu\/termek\/rozsdamentes-acel-fatuzelesu-bojler-90l-spirallal-tuzter-nelkul\/"]}]},{"@type":"ImageObject","inLanguage":"hu","@id":"https:\/\/esemineu.ro\/hu\/termek\/rozsdamentes-acel-fatuzelesu-bojler-90l-spirallal-tuzter-nelkul\/#primaryimage","url":"https:\/\/esemineu.ro\/wp-content\/uploads\/2024\/02\/Inox-boiler-cu-spirala-90-l.jpg","contentUrl":"https:\/\/esemineu.ro\/wp-content\/uploads\/2024\/02\/Inox-boiler-cu-spirala-90-l.jpg","width":1000,"height":1000,"caption":"Rozsdamentes Ac\u00e9l Fat\u00fczel\u00e9s\u0171 Bojler 90L spir\u00e1llal"},{"@type":"BreadcrumbList","@id":"https:\/\/esemineu.ro\/hu\/termek\/rozsdamentes-acel-fatuzelesu-bojler-90l-spirallal-tuzter-nelkul\/#breadcrumb","itemListElement":[{"@type":"ListItem","position":1,"name":"Kezd\u0151lap","item":"https:\/\/esemineu.ro\/hu\/"},{"@type":"ListItem","position":2,"name":"\u00c1ruh\u00e1z","item":"https:\/\/esemineu.ro\/hu\/aruhaz\/"},{"@type":"ListItem","position":3,"name":"Rozsdamentes Ac\u00e9l Fat\u00fczel\u00e9s\u0171 Bojler 90L spir\u00e1llal, T\u0171zt\u00e9r n\u00e9lk\u00fcl"}]},{"@type":"WebSite","@id":"https:\/\/esemineu.ro\/hu\/#website","url":"https:\/\/esemineu.ro\/hu\/","name":"eSemineu","description":"\u0218eminee de cea mai \u00eenalt\u0103 calitate","potentialAction":[{"@type":"SearchAction","target":{"@type":"EntryPoint","urlTemplate":"https:\/\/esemineu.ro\/hu\/?s={search_term_string}"},"query-input":{"@type":"PropertyValueSpecification","valueRequired":true,"valueName":"search_term_string"}}],"inLanguage":"hu"}]}},"_links":{"self":[{"href":"https:\/\/esemineu.ro\/hu\/wp-json\/wp\/v2\/product\/4819","targetHints":{"allow":["GET"]}}],"collection":[{"href":"https:\/\/esemineu.ro\/hu\/wp-json\/wp\/v2\/product"}],"about":[{"href":"https:\/\/esemineu.ro\/hu\/wp-json\/wp\/v2\/types\/product"}],"replies":[{"embeddable":true,"href":"https:\/\/esemineu.ro\/hu\/wp-json\/wp\/v2\/comments?post=4819"}],"wp:featuredmedia":[{"embeddable":true,"href":"https:\/\/esemineu.ro\/hu\/wp-json\/wp\/v2\/media\/21843"}],"wp:attachment":[{"href":"https:\/\/esemineu.ro\/hu\/wp-json\/wp\/v2\/media?parent=4819"}],"wp:term":[{"taxonomy":"product_brand","embeddable":true,"href":"https:\/\/esemineu.ro\/hu\/wp-json\/wp\/v2\/product_brand?post=4819"},{"taxonomy":"product_cat","embeddable":true,"href":"https:\/\/esemineu.ro\/hu\/wp-json\/wp\/v2\/product_cat?post=4819"},{"taxonomy":"product_tag","embeddable":true,"href":"https:\/\/esemineu.ro\/hu\/wp-json\/wp\/v2\/product_tag?post=4819"}],"curies":[{"name":"wp","href":"https:\/\/api.w.org\/{rel}","templated":true}]}}