{"id":4815,"date":"2021-05-27T08:11:25","date_gmt":"2021-05-27T05:11:25","guid":{"rendered":"https:\/\/esemineu.ro\/product\/ansamblu-boiler-cazan-inox-90l\/"},"modified":"2024-12-16T20:06:01","modified_gmt":"2024-12-16T18:06:01","slug":"rozsdamentes-acel-fatuzelesu-bojlerendszer-90l-ontottvas-ajtos-tuzterrel-2kg-h","status":"publish","type":"product","link":"https:\/\/esemineu.ro\/hu\/termek\/rozsdamentes-acel-fatuzelesu-bojlerendszer-90l-ontottvas-ajtos-tuzterrel-2kg-h\/","title":{"rendered":"Rozsdamentes Ac\u00e9l Fat\u00fczel\u00e9s\u0171 Bojlerendszer 90L, \u00d6nt\u00f6ttvas ajt\u00f3s t\u0171zt\u00e9rrel, 2kg\/h"},"content":{"rendered":"<p>Rozsdamentes Ac\u00e9l Fat\u00fczel\u00e9s\u0171 Bojlerendszer 90L<\/p>\n<div class=\"flex-1 overflow-hidden\">\n<div class=\"react-scroll-to-bottom--css-ljkac-79elbk h-full\">\n<div class=\"react-scroll-to-bottom--css-ljkac-1n7m0yu\">\n<div class=\"flex flex-col pb-9 text-sm\">\n<div class=\"w-full text-token-text-primary\" data-testid=\"conversation-turn-249\">\n<div class=\"px-4 py-2 justify-center text-base md:gap-6 m-auto\">\n<div class=\"flex flex-1 text-base mx-auto gap-3 md:px-5 lg:px-1 xl:px-5 md:max-w-3xl lg:max-w-[40rem] xl:max-w-[48rem] group final-completion\">\n<div class=\"relative flex w-full flex-col lg:w-[calc(100%-115px)] agent-turn\">\n<div class=\"flex-col gap-1 md:gap-3\">\n<div class=\"flex flex-grow flex-col max-w-full\">\n<div class=\"min-h-[20px] text-message flex flex-col items-start gap-3 whitespace-pre-wrap break-words [.text-message+&amp;]:mt-5 overflow-x-auto\" data-message-author-role=\"assistant\" data-message-id=\"ee9a1727-3a67-4248-a306-d35d4668b49c\">\n<div class=\"markdown prose w-full break-words dark:prose-invert light\">\n<p>Ismerje meg az <strong>FM \u00e1ltal k\u00e9sz\u00edtett fat\u00fczel\u00e9s\u0171 rozsdamentes 90L inox kaz\u00e1nt \u00f6nt\u00f6ttvas ajt\u00f3val<\/strong>, amely kiv\u00e1l\u00f3 v\u00e1laszt\u00e1s azok sz\u00e1m\u00e1ra, akik egy megb\u00edzhat\u00f3, hossz\u00fa t\u00e1v\u00fa megold\u00e1st keresnek a melegv\u00edz-ell\u00e1t\u00e1sra. Ez a <strong>kaz\u00e1n<\/strong> mind\u00f6ssze <strong>2kg\/h<\/strong> t\u00fczel\u0151anyag-fogyaszt\u00e1ssal rendelkezik, ami kiemelked\u0151en gazdas\u00e1gos \u00fczemeltet\u00e9st tesz lehet\u0151v\u00e9.<\/p>\n<p>A kaz\u00e1n <strong>45 kg t\u00f6mege<\/strong> \u00e9s <strong>36 \u00d7 36 \u00d7 115 cm m\u00e9retei<\/strong> ide\u00e1liss\u00e1 teszik minden helyis\u00e9gbe val\u00f3 beilleszt\u00e9shez. A <strong>90 literes kapacit\u00e1sa<\/strong> b\u0151s\u00e9gesen elegend\u0151 a csal\u00e1di h\u00e1zak sz\u00e1m\u00e1ra, biztos\u00edtva a folyamatos melegv\u00edz-ell\u00e1t\u00e1st.<\/p>\n<p>A <strong>5,5 kW teljes\u00edtm\u00e9ny<\/strong> gondoskodik arr\u00f3l, hogy a v\u00edz gyorsan \u00e9s hat\u00e9konyan melegedjen fel, m\u00edg az <strong>inox kaz\u00e1n anyaga<\/strong> \u00e9s a <strong>2 mm-es anyagvastags\u00e1g<\/strong> biztos\u00edtja a tart\u00f3ss\u00e1got \u00e9s a korr\u00f3zi\u00f3\u00e1ll\u00f3s\u00e1got. Az <strong>\u00f6nt\u00f6ttvas ajt\u00f3<\/strong> nem csak eszt\u00e9tikai szempontb\u00f3l kiemelked\u0151, hanem a t\u0171zt\u00e9r hossz\u00fa \u00e9lettartam\u00e1t is garant\u00e1lja.<\/p>\n<p>A <strong>120 mm \u00e1tm\u00e9r\u0151j\u0171 k\u00e9m\u00e9ny csatlakoz\u00e1s<\/strong> lehet\u0151v\u00e9 teszi az egyszer\u0171 \u00e9s probl\u00e9mamentes telep\u00edt\u00e9st. A kaz\u00e1n <strong>brikett \u00e9s fa<\/strong> t\u00fczel\u0151anyaggal is m\u0171k\u00f6dik, amelynek <strong>maximum 30 cm hossz\u00fas\u00e1g\u00fa<\/strong> darabjait haszn\u00e1lhatja fel, \u00edgy rugalmasan alkalmazkodik a rendelkez\u00e9sre \u00e1ll\u00f3 t\u00fczel\u0151anyag-t\u00edpushoz.<\/p>\n<p>A <strong>maxim\u00e1lis 3 bar \u00fczemi nyom\u00e1s<\/strong> \u00e9s a <strong>95 \u00b0C maxim\u00e1lis h\u0151m\u00e9rs\u00e9klet<\/strong> biztos\u00edtja, hogy a kaz\u00e1n m\u00e9g a legszigor\u00fabb ig\u00e9nyeknek is megfeleljen, legyen sz\u00f3 csal\u00e1di h\u00e1zakr\u00f3l vagy ak\u00e1r kisebb ipari l\u00e9tes\u00edtm\u00e9nyekr\u0151l.<\/p>\n<p>V\u00e1lassza a Rozsdamentes Ac\u00e9l Fat\u00fczel\u00e9s\u0171 Bojlerendszer 90L, ha egy magas min\u0151s\u00e9g\u0171, gazdas\u00e1gos \u00e9s hossz\u00fa t\u00e1von megb\u00edzhat\u00f3 megold\u00e1st keres a melegv\u00edz-ell\u00e1t\u00e1sra. Az <strong>FM \u00e1ltal k\u00edn\u00e1lt kaz\u00e1n<\/strong> nem csak hat\u00e9konys\u00e1g\u00e1val, hanem kiv\u00e1l\u00f3 tervez\u00e9s\u00e9vel is kiemelkedik, \u00edgy t\u00f6k\u00e9letes v\u00e1laszt\u00e1s minden otthonba.<\/p>\n<p>Fedezze fel a k\u00fcl\u00f6nbs\u00e9get, amit egy <strong>magas min\u0151s\u00e9g\u0171 inox kaz\u00e1n<\/strong> hozhat otthon\u00e1ba, \u00e9s \u00e9lvezze a megb\u00edzhat\u00f3, gazdas\u00e1gos melegv\u00edz-ell\u00e1t\u00e1st az <strong>esemineu.ro<\/strong> k\u00edn\u00e1lat\u00e1ban.<\/p>\n<h4>Aj\u00e1nl\u00e1s a maxim\u00e1lis hat\u00e1sfok el\u00e9r\u00e9s\u00e9hez:<\/h4>\n<\/div>\n<\/div>\n<\/div>\n<\/div>\n<\/div>\n<\/div>\n<\/div>\n<\/div>\n<\/div>\n<\/div>\n<\/div>\n<\/div>\n<p>Az \u00e9g\u00e9s sor\u00e1n aj\u00e1nljuk, hogy tartsa az hamuz\u00f3 ajtaj\u00e1t legal\u00e1bb egy ujjnyira nyitva, hogy legyen megfelel\u0151 huzat. Miut\u00e1n a t\u0171z lelohadt, z\u00e1rja be az hamuz\u00f3t, hogy ne \u00e1ramoljon leveg\u0151 a k\u00e1lyh\u00e1ba \u00e9s a h\u0151 min\u00e9l hosszabb ideig megmaradjon. Ez el\u0151seg\u00edti az \u00e9g\u00e9si folyamat hat\u00e9konys\u00e1g\u00e1t \u00e9s a h\u0151m\u00e9rs\u00e9klet hosszabb ideig t\u00f6rt\u00e9n\u0151 fenntart\u00e1s\u00e1t. Az els\u0151 n\u00e9h\u00e1ny t\u0171zn\u00e9l ne f\u0171ts\u00f6n intenz\u00edven \u00e9s meleg\u00edtse fel a k\u00e1lyh\u00e1t fokozatosan. A k\u00e9m\u00e9ny (f\u0171stelvezet\u0151 cs\u0151) hossz\u00e1nak legal\u00e1bb 5 m\u00e9ternek kell lennie.<\/p>\n<h4>Ne \u00e9gessen!<\/h4>\n<p>H\u00e1ztart\u00e1si hullad\u00e9kot, ragasztott vagy festett falemezt, forg\u00e1cslapot vagy egy\u00e9b fapartikul\u00e1kat tartalmaz\u00f3 lapokat, vagy m\u00e1s, mesters\u00e9ges k\u00e9miai kever\u00e9keket tartalmaz\u00f3 hullad\u00e9kokat, mivel a m\u00e9rgek nem \u00e9gnek el, csak megv\u00e1ltoztatj\u00e1k form\u00e1jukat, \u00e9s amikor a l\u00e9gk\u00f6rbe ker\u00fclnek, kisz\u00e1m\u00edthatatlan k\u00f6vetkezm\u00e9nyekhez vezethetnek. Ha hullad\u00e9kot \u00e9get a k\u00e1lyh\u00e1ban, elt\u00f6m\u0151dhet a bojler f\u00fcstelvezet\u0151 ny\u00edl\u00e1sa.<\/p>\n<h4>Figyelmeztet\u00e9s!<\/h4>\n<p>Minden kaz\u00e1nt, kandall\u00f3t \u00e9s t\u0171zhelyet a k\u00e9m\u00e9nysepr\u0151nek kell j\u00f3v\u00e1hagynia, amikor azokat csatlakoztatj\u00e1k. Ez t\u00f6rv\u00e9nyileg k\u00f6telez\u0151, ellenkez\u0151 esetben a term\u00e9kre semmilyen garancia nem vonatkozik:<\/p>\n<p>\u2022 A 2012-es XC. EU torv\u00e9ny a k\u00f6zszolg\u00e1lati k\u00e9m\u00e9nysepr\u00e9sr\u0151l \u00e9s a (XII.11) BM rendelet kimondja, hogy egy \u00e9g\u0151berendez\u00e9s k\u00e9m\u00e9nyhez t\u00f6rt\u00e9n\u0151 csatlakoztat\u00e1s\u00e1t a k\u00e9m\u00e9nysepr\u0151nek kell j\u00f3v\u00e1hagynia.<\/p>\n<p>\u2022 Az ipari k\u00e9m\u00e9nytiszt\u00edt\u00e1s nyilatkozata nem helyettes\u00edti a k\u00f6zszolg\u00e1lati k\u00e9m\u00e9nysepr\u0151 igazol\u00e1s\u00e1t.<\/p>\n<h4>Rozsdamentes Ac\u00e9l Fat\u00fczel\u00e9s\u0171 Bojlerendszer 90L sz\u00e1ll\u00edt\u00e1si hat\u00e1rideje:<\/h4>\n<ul>\n<li><strong>Magyarorsz\u00e1g \u00e9s az eg\u00e9sz Eur\u00f3pai Uni\u00f3 ter\u00fclet\u00e9n<\/strong>\u00a0is sz\u00e1ll\u00edtjuk.<\/li>\n<li>Rom\u00e1ni\u00e1ba 2-3 munkanap alatt sz\u00e1ll\u00edtjuk<\/li>\n<li>Magyarorsz\u00e1gra \u00e9s az EU ter\u00fclet\u00e9re az \u00e1tutal\u00e1s ut\u00e1n 5 munkanapon bel\u00fcl \u00e9rkezik meg a term\u00e9k.<\/li>\n<\/ul>\n<p>Ha b\u00e1rmilyen k\u00e9rd\u00e9se van, k\u00e9rj\u00fck, l\u00e9pjen kapcsolatba vel\u00fcnk.<\/p>\n<p>Tov\u00e1bbi aj\u00e1nlatok\u00e9rt kattintson\u00a0<a href=\"https:\/\/esemineu.ro\/hu\/termek-kategoria\/furdoszobai-kazanok\/\">ide<\/a><\/p>\n<p>T\u0151bb inform\u00e1ci\u00f3\u00e9rt l\u00e1togasson el\u00a0<a href=\"https:\/\/www.youtube.com\/@esemineuromania\">YouTube<\/a>-csatorn\u00e1nkra, valamint\u00a0<a href=\"https:\/\/www.facebook.com\/eSemineu\">Facebook<\/a>\u00a0\u00e9s\u00a0<a href=\"https:\/\/www.instagram.com\/esemineu\/\">Instagram<\/a>\u00a0oldalainkra.<\/p>\n<p><a href=\"https:\/\/esemineu.ro\/\">eSemineu.ro<\/a>\u00a0 \u00a0Te rakod a t\u0171zet mi adjuk a meleget!<\/p>\n","protected":false},"excerpt":{"rendered":"<p>Rozsdamentes Ac\u00e9l Fat\u00fczel\u00e9s\u0171 Bojlerendszer 90L Ismerje meg az FM \u00e1ltal k\u00e9sz\u00edtett fat\u00fczel\u00e9s\u0171 rozsdamentes 90L inox kaz\u00e1nt \u00f6nt\u00f6ttvas ajt\u00f3val, amely kiv\u00e1l\u00f3 v\u00e1laszt\u00e1s azok sz\u00e1m\u00e1ra, akik egy megb\u00edzhat\u00f3, hossz\u00fa t\u00e1v\u00fa megold\u00e1st keresnek a melegv\u00edz-ell\u00e1t\u00e1sra. Ez a kaz\u00e1n mind\u00f6ssze 2kg\/h t\u00fczel\u0151anyag-fogyaszt\u00e1ssal rendelkezik, ami kiemelked\u0151en gazdas\u00e1gos \u00fczemeltet\u00e9st tesz lehet\u0151v\u00e9. A kaz\u00e1n 45 kg t\u00f6mege \u00e9s 36 \u00d7 36 \u00d7 115 cm m\u00e9retei ide\u00e1liss\u00e1 teszik minden helyis\u00e9gbe val\u00f3 beilleszt\u00e9shez. A 90 literes kapacit\u00e1sa b\u0151s\u00e9gesen elegend\u0151 a csal\u00e1di h\u00e1zak sz\u00e1m\u00e1ra, biztos\u00edtva a folyamatos melegv\u00edz-ell\u00e1t\u00e1st. A 5,5 kW teljes\u00edtm\u00e9ny gondoskodik arr\u00f3l, hogy a v\u00edz gyorsan \u00e9s hat\u00e9konyan melegedjen fel, m\u00edg az inox kaz\u00e1n anyaga \u00e9s a 2 mm-es anyagvastags\u00e1g biztos\u00edtja a tart\u00f3ss\u00e1got \u00e9s a korr\u00f3zi\u00f3\u00e1ll\u00f3s\u00e1got. Az \u00f6nt\u00f6ttvas ajt\u00f3 nem csak eszt\u00e9tikai szempontb\u00f3l kiemelked\u0151, hanem a t\u0171zt\u00e9r hossz\u00fa \u00e9lettartam\u00e1t is garant\u00e1lja. A 120 mm \u00e1tm\u00e9r\u0151j\u0171 k\u00e9m\u00e9ny csatlakoz\u00e1s lehet\u0151v\u00e9 teszi az egyszer\u0171 \u00e9s probl\u00e9mamentes telep\u00edt\u00e9st. A kaz\u00e1n brikett \u00e9s fa t\u00fczel\u0151anyaggal is m\u0171k\u00f6dik, amelynek maximum 30 cm hossz\u00fas\u00e1g\u00fa darabjait &hellip; <a href=\"https:\/\/esemineu.ro\/hu\/termek\/rozsdamentes-acel-fatuzelesu-bojlerendszer-90l-ontottvas-ajtos-tuzterrel-2kg-h\/\">Folytatva<\/a><\/p>\n","protected":false},"featured_media":9976,"comment_status":"open","ping_status":"closed","template":"","meta":[],"product_brand":[1904],"product_cat":[1140],"product_tag":[],"class_list":{"0":"post-4815","1":"product","2":"type-product","3":"status-publish","4":"has-post-thumbnail","6":"product_brand-mss","7":"product_cat-fatuzelesu-bojlerek","8":"product_shipping_class-furdoszobai-kazanok","9":"pa_capacitate-90-l-hu","10":"pa_combustibil-utilizat-brikett","11":"pa_combustibil-utilizat-fa","12":"pa_diametru-racordului-la-cos-120-mm-hu","13":"pa_material-a-tuzter-ajtaja-ontveny","14":"pa_material-rozsdamentes-kazan","15":"pa_presiune-maxima-de-lucru-3-bar-hu","16":"pa_putere-55-kw-hu","17":"pa_temperatura-maxima-95-c-hu","18":"producer-miklos-steel","20":"first","21":"instock","22":"shipping-taxable","23":"purchasable","24":"product-type-simple"},"acf":[],"yoast_head":"<!-- This site is optimized with the Yoast SEO Premium plugin v21.0 (Yoast SEO v27.3) - https:\/\/yoast.com\/product\/yoast-seo-premium-wordpress\/ -->\n<title>Rozsdamentes Ac\u00e9l Fat\u00fczel\u00e9s\u0171 Bojlerendszer 90L | Bojler<\/title>\n<meta name=\"description\" content=\"Rozsdamentes Ac\u00e9l Fat\u00fczel\u00e9s\u0171 Bojlerendszer 90L \u00f6nt\u00f6ttvas ajt\u00f3val, ide\u00e1lis v\u00e1laszt\u00e1s a gazdas\u00e1gos melegv\u00edz-ell\u00e1t\u00e1shoz. 90L kapacit\u00e1s, 5,5kW teljes\u00edtm\u00e9ny.\" \/>\n<meta name=\"robots\" content=\"index, follow, max-snippet:-1, max-image-preview:large, max-video-preview:-1\" \/>\n<link rel=\"canonical\" href=\"https:\/\/esemineu.ro\/hu\/termek\/rozsdamentes-acel-fatuzelesu-bojlerendszer-90l-ontottvas-ajtos-tuzterrel-2kg-h\/\" \/>\n<meta property=\"og:locale\" content=\"hu_HU\" \/>\n<meta property=\"og:type\" content=\"article\" \/>\n<meta property=\"og:title\" content=\"Rozsdamentes Ac\u00e9l Fat\u00fczel\u00e9s\u0171 Bojlerendszer 90L | Bojler\" \/>\n<meta property=\"og:description\" content=\"Rozsdamentes Ac\u00e9l Fat\u00fczel\u00e9s\u0171 Bojlerendszer 90L \u00f6nt\u00f6ttvas ajt\u00f3val, ide\u00e1lis v\u00e1laszt\u00e1s a gazdas\u00e1gos melegv\u00edz-ell\u00e1t\u00e1shoz. 90L kapacit\u00e1s, 5,5kW teljes\u00edtm\u00e9ny.\" \/>\n<meta property=\"og:url\" content=\"https:\/\/esemineu.ro\/hu\/termek\/rozsdamentes-acel-fatuzelesu-bojlerendszer-90l-ontottvas-ajtos-tuzterrel-2kg-h\/\" \/>\n<meta property=\"og:site_name\" content=\"eSemineu\" \/>\n<meta property=\"article:publisher\" content=\"https:\/\/web.facebook.com\/eSemineu\" \/>\n<meta property=\"article:modified_time\" content=\"2024-12-16T18:06:01+00:00\" \/>\n<meta property=\"og:image\" content=\"https:\/\/esemineu.ro\/wp-content\/uploads\/2023\/09\/90L-Inox-Boiler-Festett-aj.jpg\" \/>\n\t<meta property=\"og:image:width\" content=\"1000\" \/>\n\t<meta property=\"og:image:height\" content=\"1000\" \/>\n\t<meta property=\"og:image:type\" content=\"image\/jpeg\" \/>\n<meta name=\"twitter:card\" content=\"summary_large_image\" \/>\n<meta name=\"twitter:label1\" content=\"Becs\u00fclt olvas\u00e1si id\u0151\" \/>\n\t<meta name=\"twitter:data1\" content=\"3 perc\" \/>\n<script type=\"application\/ld+json\" class=\"yoast-schema-graph\">{\"@context\":\"https:\\\/\\\/schema.org\",\"@graph\":[{\"@type\":\"WebPage\",\"@id\":\"https:\\\/\\\/esemineu.ro\\\/hu\\\/termek\\\/rozsdamentes-acel-fatuzelesu-bojlerendszer-90l-ontottvas-ajtos-tuzterrel-2kg-h\\\/\",\"url\":\"https:\\\/\\\/esemineu.ro\\\/hu\\\/termek\\\/rozsdamentes-acel-fatuzelesu-bojlerendszer-90l-ontottvas-ajtos-tuzterrel-2kg-h\\\/\",\"name\":\"Rozsdamentes Ac\u00e9l Fat\u00fczel\u00e9s\u0171 Bojlerendszer 90L | Bojler\",\"isPartOf\":{\"@id\":\"https:\\\/\\\/esemineu.ro\\\/hu\\\/#website\"},\"primaryImageOfPage\":{\"@id\":\"https:\\\/\\\/esemineu.ro\\\/hu\\\/termek\\\/rozsdamentes-acel-fatuzelesu-bojlerendszer-90l-ontottvas-ajtos-tuzterrel-2kg-h\\\/#primaryimage\"},\"image\":{\"@id\":\"https:\\\/\\\/esemineu.ro\\\/hu\\\/termek\\\/rozsdamentes-acel-fatuzelesu-bojlerendszer-90l-ontottvas-ajtos-tuzterrel-2kg-h\\\/#primaryimage\"},\"thumbnailUrl\":\"https:\\\/\\\/esemineu.ro\\\/wp-content\\\/uploads\\\/2023\\\/09\\\/90L-Inox-Boiler-Festett-aj.jpg\",\"datePublished\":\"2021-05-27T05:11:25+00:00\",\"dateModified\":\"2024-12-16T18:06:01+00:00\",\"description\":\"Rozsdamentes Ac\u00e9l Fat\u00fczel\u00e9s\u0171 Bojlerendszer 90L \u00f6nt\u00f6ttvas ajt\u00f3val, ide\u00e1lis v\u00e1laszt\u00e1s a gazdas\u00e1gos melegv\u00edz-ell\u00e1t\u00e1shoz. 90L kapacit\u00e1s, 5,5kW teljes\u00edtm\u00e9ny.\",\"breadcrumb\":{\"@id\":\"https:\\\/\\\/esemineu.ro\\\/hu\\\/termek\\\/rozsdamentes-acel-fatuzelesu-bojlerendszer-90l-ontottvas-ajtos-tuzterrel-2kg-h\\\/#breadcrumb\"},\"inLanguage\":\"hu\",\"potentialAction\":[{\"@type\":\"ReadAction\",\"target\":[\"https:\\\/\\\/esemineu.ro\\\/hu\\\/termek\\\/rozsdamentes-acel-fatuzelesu-bojlerendszer-90l-ontottvas-ajtos-tuzterrel-2kg-h\\\/\"]}]},{\"@type\":\"ImageObject\",\"inLanguage\":\"hu\",\"@id\":\"https:\\\/\\\/esemineu.ro\\\/hu\\\/termek\\\/rozsdamentes-acel-fatuzelesu-bojlerendszer-90l-ontottvas-ajtos-tuzterrel-2kg-h\\\/#primaryimage\",\"url\":\"https:\\\/\\\/esemineu.ro\\\/wp-content\\\/uploads\\\/2023\\\/09\\\/90L-Inox-Boiler-Festett-aj.jpg\",\"contentUrl\":\"https:\\\/\\\/esemineu.ro\\\/wp-content\\\/uploads\\\/2023\\\/09\\\/90L-Inox-Boiler-Festett-aj.jpg\",\"width\":1000,\"height\":1000,\"caption\":\"Rozsdamentes Ac\u00e9l Fat\u00fczel\u00e9s\u0171 Bojlerendszer 90L\"},{\"@type\":\"BreadcrumbList\",\"@id\":\"https:\\\/\\\/esemineu.ro\\\/hu\\\/termek\\\/rozsdamentes-acel-fatuzelesu-bojlerendszer-90l-ontottvas-ajtos-tuzterrel-2kg-h\\\/#breadcrumb\",\"itemListElement\":[{\"@type\":\"ListItem\",\"position\":1,\"name\":\"Kezd\u0151lap\",\"item\":\"https:\\\/\\\/esemineu.ro\\\/hu\\\/\"},{\"@type\":\"ListItem\",\"position\":2,\"name\":\"\u00c1ruh\u00e1z\",\"item\":\"https:\\\/\\\/esemineu.ro\\\/hu\\\/aruhaz\\\/\"},{\"@type\":\"ListItem\",\"position\":3,\"name\":\"Rozsdamentes Ac\u00e9l Fat\u00fczel\u00e9s\u0171 Bojlerendszer 90L, \u00d6nt\u00f6ttvas ajt\u00f3s t\u0171zt\u00e9rrel, 2kg\\\/h\"}]},{\"@type\":\"WebSite\",\"@id\":\"https:\\\/\\\/esemineu.ro\\\/hu\\\/#website\",\"url\":\"https:\\\/\\\/esemineu.ro\\\/hu\\\/\",\"name\":\"eSemineu\",\"description\":\"\u0218eminee de cea mai \u00eenalt\u0103 calitate\",\"potentialAction\":[{\"@type\":\"SearchAction\",\"target\":{\"@type\":\"EntryPoint\",\"urlTemplate\":\"https:\\\/\\\/esemineu.ro\\\/hu\\\/?s={search_term_string}\"},\"query-input\":{\"@type\":\"PropertyValueSpecification\",\"valueRequired\":true,\"valueName\":\"search_term_string\"}}],\"inLanguage\":\"hu\"}]}<\/script>\n<!-- \/ Yoast SEO Premium plugin. -->","yoast_head_json":{"title":"Rozsdamentes Ac\u00e9l Fat\u00fczel\u00e9s\u0171 Bojlerendszer 90L | Bojler","description":"Rozsdamentes Ac\u00e9l Fat\u00fczel\u00e9s\u0171 Bojlerendszer 90L \u00f6nt\u00f6ttvas ajt\u00f3val, ide\u00e1lis v\u00e1laszt\u00e1s a gazdas\u00e1gos melegv\u00edz-ell\u00e1t\u00e1shoz. 90L kapacit\u00e1s, 5,5kW teljes\u00edtm\u00e9ny.","robots":{"index":"index","follow":"follow","max-snippet":"max-snippet:-1","max-image-preview":"max-image-preview:large","max-video-preview":"max-video-preview:-1"},"canonical":"https:\/\/esemineu.ro\/hu\/termek\/rozsdamentes-acel-fatuzelesu-bojlerendszer-90l-ontottvas-ajtos-tuzterrel-2kg-h\/","og_locale":"hu_HU","og_type":"article","og_title":"Rozsdamentes Ac\u00e9l Fat\u00fczel\u00e9s\u0171 Bojlerendszer 90L | Bojler","og_description":"Rozsdamentes Ac\u00e9l Fat\u00fczel\u00e9s\u0171 Bojlerendszer 90L \u00f6nt\u00f6ttvas ajt\u00f3val, ide\u00e1lis v\u00e1laszt\u00e1s a gazdas\u00e1gos melegv\u00edz-ell\u00e1t\u00e1shoz. 90L kapacit\u00e1s, 5,5kW teljes\u00edtm\u00e9ny.","og_url":"https:\/\/esemineu.ro\/hu\/termek\/rozsdamentes-acel-fatuzelesu-bojlerendszer-90l-ontottvas-ajtos-tuzterrel-2kg-h\/","og_site_name":"eSemineu","article_publisher":"https:\/\/web.facebook.com\/eSemineu","article_modified_time":"2024-12-16T18:06:01+00:00","og_image":[{"width":1000,"height":1000,"url":"https:\/\/esemineu.ro\/wp-content\/uploads\/2023\/09\/90L-Inox-Boiler-Festett-aj.jpg","type":"image\/jpeg"}],"twitter_card":"summary_large_image","twitter_misc":{"Becs\u00fclt olvas\u00e1si id\u0151":"3 perc"},"schema":{"@context":"https:\/\/schema.org","@graph":[{"@type":"WebPage","@id":"https:\/\/esemineu.ro\/hu\/termek\/rozsdamentes-acel-fatuzelesu-bojlerendszer-90l-ontottvas-ajtos-tuzterrel-2kg-h\/","url":"https:\/\/esemineu.ro\/hu\/termek\/rozsdamentes-acel-fatuzelesu-bojlerendszer-90l-ontottvas-ajtos-tuzterrel-2kg-h\/","name":"Rozsdamentes Ac\u00e9l Fat\u00fczel\u00e9s\u0171 Bojlerendszer 90L | Bojler","isPartOf":{"@id":"https:\/\/esemineu.ro\/hu\/#website"},"primaryImageOfPage":{"@id":"https:\/\/esemineu.ro\/hu\/termek\/rozsdamentes-acel-fatuzelesu-bojlerendszer-90l-ontottvas-ajtos-tuzterrel-2kg-h\/#primaryimage"},"image":{"@id":"https:\/\/esemineu.ro\/hu\/termek\/rozsdamentes-acel-fatuzelesu-bojlerendszer-90l-ontottvas-ajtos-tuzterrel-2kg-h\/#primaryimage"},"thumbnailUrl":"https:\/\/esemineu.ro\/wp-content\/uploads\/2023\/09\/90L-Inox-Boiler-Festett-aj.jpg","datePublished":"2021-05-27T05:11:25+00:00","dateModified":"2024-12-16T18:06:01+00:00","description":"Rozsdamentes Ac\u00e9l Fat\u00fczel\u00e9s\u0171 Bojlerendszer 90L \u00f6nt\u00f6ttvas ajt\u00f3val, ide\u00e1lis v\u00e1laszt\u00e1s a gazdas\u00e1gos melegv\u00edz-ell\u00e1t\u00e1shoz. 90L kapacit\u00e1s, 5,5kW teljes\u00edtm\u00e9ny.","breadcrumb":{"@id":"https:\/\/esemineu.ro\/hu\/termek\/rozsdamentes-acel-fatuzelesu-bojlerendszer-90l-ontottvas-ajtos-tuzterrel-2kg-h\/#breadcrumb"},"inLanguage":"hu","potentialAction":[{"@type":"ReadAction","target":["https:\/\/esemineu.ro\/hu\/termek\/rozsdamentes-acel-fatuzelesu-bojlerendszer-90l-ontottvas-ajtos-tuzterrel-2kg-h\/"]}]},{"@type":"ImageObject","inLanguage":"hu","@id":"https:\/\/esemineu.ro\/hu\/termek\/rozsdamentes-acel-fatuzelesu-bojlerendszer-90l-ontottvas-ajtos-tuzterrel-2kg-h\/#primaryimage","url":"https:\/\/esemineu.ro\/wp-content\/uploads\/2023\/09\/90L-Inox-Boiler-Festett-aj.jpg","contentUrl":"https:\/\/esemineu.ro\/wp-content\/uploads\/2023\/09\/90L-Inox-Boiler-Festett-aj.jpg","width":1000,"height":1000,"caption":"Rozsdamentes Ac\u00e9l Fat\u00fczel\u00e9s\u0171 Bojlerendszer 90L"},{"@type":"BreadcrumbList","@id":"https:\/\/esemineu.ro\/hu\/termek\/rozsdamentes-acel-fatuzelesu-bojlerendszer-90l-ontottvas-ajtos-tuzterrel-2kg-h\/#breadcrumb","itemListElement":[{"@type":"ListItem","position":1,"name":"Kezd\u0151lap","item":"https:\/\/esemineu.ro\/hu\/"},{"@type":"ListItem","position":2,"name":"\u00c1ruh\u00e1z","item":"https:\/\/esemineu.ro\/hu\/aruhaz\/"},{"@type":"ListItem","position":3,"name":"Rozsdamentes Ac\u00e9l Fat\u00fczel\u00e9s\u0171 Bojlerendszer 90L, \u00d6nt\u00f6ttvas ajt\u00f3s t\u0171zt\u00e9rrel, 2kg\/h"}]},{"@type":"WebSite","@id":"https:\/\/esemineu.ro\/hu\/#website","url":"https:\/\/esemineu.ro\/hu\/","name":"eSemineu","description":"\u0218eminee de cea mai \u00eenalt\u0103 calitate","potentialAction":[{"@type":"SearchAction","target":{"@type":"EntryPoint","urlTemplate":"https:\/\/esemineu.ro\/hu\/?s={search_term_string}"},"query-input":{"@type":"PropertyValueSpecification","valueRequired":true,"valueName":"search_term_string"}}],"inLanguage":"hu"}]}},"_links":{"self":[{"href":"https:\/\/esemineu.ro\/hu\/wp-json\/wp\/v2\/product\/4815","targetHints":{"allow":["GET"]}}],"collection":[{"href":"https:\/\/esemineu.ro\/hu\/wp-json\/wp\/v2\/product"}],"about":[{"href":"https:\/\/esemineu.ro\/hu\/wp-json\/wp\/v2\/types\/product"}],"replies":[{"embeddable":true,"href":"https:\/\/esemineu.ro\/hu\/wp-json\/wp\/v2\/comments?post=4815"}],"wp:featuredmedia":[{"embeddable":true,"href":"https:\/\/esemineu.ro\/hu\/wp-json\/wp\/v2\/media\/9976"}],"wp:attachment":[{"href":"https:\/\/esemineu.ro\/hu\/wp-json\/wp\/v2\/media?parent=4815"}],"wp:term":[{"taxonomy":"product_brand","embeddable":true,"href":"https:\/\/esemineu.ro\/hu\/wp-json\/wp\/v2\/product_brand?post=4815"},{"taxonomy":"product_cat","embeddable":true,"href":"https:\/\/esemineu.ro\/hu\/wp-json\/wp\/v2\/product_cat?post=4815"},{"taxonomy":"product_tag","embeddable":true,"href":"https:\/\/esemineu.ro\/hu\/wp-json\/wp\/v2\/product_tag?post=4815"}],"curies":[{"name":"wp","href":"https:\/\/api.w.org\/{rel}","templated":true}]}}