{"id":4800,"date":"2021-06-03T12:04:28","date_gmt":"2021-06-03T09:04:28","guid":{"rendered":"https:\/\/esemineu.ro\/product\/rozeta-burlan-tabla-groasa-120mm\/"},"modified":"2026-01-21T08:33:09","modified_gmt":"2026-01-21T06:33:09","slug":"vastag-falu-falrozsa-120-mm-atmeroju-matt-fekete","status":"publish","type":"product","link":"https:\/\/esemineu.ro\/hu\/termek\/vastag-falu-falrozsa-120-mm-atmeroju-matt-fekete\/","title":{"rendered":"Vastag fal\u00fa falr\u00f3zsa, 120 mm \u00e1tm\u00e9r\u0151j\u0171, matt fekete"},"content":{"rendered":"<p>Vastag fal\u00fa falr\u00f3zsa &#8211; Eleg\u00e1ns \u00e9s hat\u00e9kony megold\u00e1s a f\u00fcst elvezet\u00e9s\u00e9re<\/p>\n<p>A matt fekete falr\u00f3zsa egy st\u00edlusos \u00e9s megb\u00edzhat\u00f3 eszk\u00f6z a f\u00fcst elvezet\u00e9s\u00e9re \u00e9s a f\u0171t\u00e9si rendszerek hat\u00e9kony m\u0171k\u00f6dtet\u00e9s\u00e9re. Kiv\u00e1l\u00f3 min\u0151s\u00e9g\u0171 anyagb\u00f3l k\u00e9sz\u00fcl, \u00e9s matt fekete r\u00e9teggel van bevonva, ami nemcsak eszt\u00e9tikus megjelen\u00e9st k\u00f6lcs\u00f6n\u00f6z neki, hanem extra v\u00e9delmet ny\u00fajt a korr\u00f3zi\u00f3 ellen is.<\/p>\n<p>F\u0151bb jellemz\u0151k a matt fekete falr\u00f3zs\u00e1ra:<\/p>\n<ol>\n<li>M\u00e9retek \u00e9s anyagok: A falr\u00f3zsa \u00e1tm\u00e9r\u0151je 120 mm, ami ide\u00e1lis a k\u00f6zepes \u00e9s nagyobb m\u00e9ret\u0171 f\u0171t\u00e9si rendszerekhez. Kiv\u00e1l\u00f3 min\u0151s\u00e9g\u0171 \u00e9s tart\u00f3s anyagb\u00f3l k\u00e9sz\u00fcl, amely ellen\u00e1ll a magas h\u0151m\u00e9rs\u00e9kleteknek \u00e9s a korr\u00f3zi\u00f3nak. Tov\u00e1bb\u00e1 a falr\u00f3zsa ac\u00e9l anyaga vastagabb, ami egy szil\u00e1rd \u00e9s massz\u00edv v\u00e9geredm\u00e9nyt produk\u00e1l.<\/li>\n<li>Hat\u00e9kony f\u00fcstelvezet\u00e9s: A matt fekete falr\u00f3zsa hat\u00e9konyan vezeti el a f\u00fcst\u00f6t \u00e9s az \u00e9g\u00e9sterm\u00e9keket. Biztos\u00edtja a megfelel\u0151 szell\u0151z\u00e9st \u00e9s minimaliz\u00e1lja a k\u00e1ros anyagok felhalmoz\u00f3d\u00e1s\u00e1t a lak\u00f3terekben.<\/li>\n<li>Egyszer\u0171 szerel\u00e9s \u00e9s haszn\u00e1lat: A falr\u00f3zsa k\u00f6nnyen \u00e9s gyorsan szerelhet\u0151. Kompatibilis a k\u00fcl\u00f6nb\u00f6z\u0151 f\u0171t\u00e9si rendszerekkel, \u00e9s k\u00f6nnyen kezelhet\u0151.<\/li>\n<li>Tart\u00f3ss\u00e1g \u00e9s megb\u00edzhat\u00f3s\u00e1g: A matt fekete falr\u00f3zsa kiv\u00e1l\u00f3 min\u0151s\u00e9g\u0171 anyagb\u00f3l k\u00e9sz\u00fcl, amely ellen\u00e1ll a k\u00f6rnyezeti hat\u00e1soknak \u00e9s hossz\u00fa \u00e9lettartammal rendelkezik. Biztos\u00edtja a hossz\u00fa t\u00e1v\u00fa megb\u00edzhat\u00f3 m\u0171k\u00f6d\u00e9st.<\/li>\n<li>Stabilit\u00e1s \u00e9s biztons\u00e1g: A matt fekete falr\u00f3zsa szil\u00e1rd \u00e9s stabil r\u00f6gz\u00edt\u00e9st biztos\u00edt a cs\u0151vezet\u00e9kek vagy m\u00e1s alkatr\u00e9szek sz\u00e1m\u00e1ra. Ez a stabilit\u00e1s fontos lehet a f\u0171t\u00e9si vagy v\u00edzell\u00e1t\u00e1si rendszerek biztons\u00e1gos m\u0171k\u00f6d\u00e9se szempontj\u00e1b\u00f3l, minimaliz\u00e1lva a meglazul\u00e1s vagy s\u00e9r\u00fcl\u00e9s lehet\u0151s\u00e9g\u00e9t.<\/li>\n<\/ol>\n<p>A vastag fal\u00fa falr\u00f3zsa ide\u00e1lis v\u00e1laszt\u00e1s azok sz\u00e1m\u00e1ra, akik eleg\u00e1ns \u00e9s hat\u00e9kony megold\u00e1st keresnek a f\u00fcst elvezet\u00e9s\u00e9re. B\u00edzza mag\u00e1t a min\u0151s\u00e9gre \u00e9s v\u00e1lassza a fekete zom\u00e1ncolt falr\u00f3zs\u00e1t, hogy f\u0171t\u00e9se mindig hat\u00e9kony \u00e9s biztons\u00e1gos legyen.<\/p>\n<h6>Sz\u00e1ll\u00edt\u00e1si hat\u00e1rid\u0151:<\/h6>\n<ul>\n<li><strong>Magyarorsz\u00e1g \u00e9s az eg\u00e9sz Eur\u00f3pai Uni\u00f3 ter\u00fclet\u00e9n<\/strong>\u00a0is sz\u00e1ll\u00edtjuk.<\/li>\n<li>Rom\u00e1ni\u00e1ba 2-3 munkanap alatt sz\u00e1ll\u00edtjuk<\/li>\n<li>Magyarorsz\u00e1gra es az EU ter\u00fclet\u00e9re az \u00e1tutal\u00e1s ut\u00e1n 5 munkanapon bel\u00fcl \u00e9rkezik meg a term\u00e9k.<\/li>\n<\/ul>\n<p>Ha b\u00e1rmilyen k\u00e9rd\u00e9se van, k\u00e9rj\u00fck, l\u00e9pjen kapcsolatba vel\u00fcnk.<\/p>\n<p>Tov\u00e1bbi aj\u00e1nlatok\u00e9rt kattintson <a href=\"https:\/\/esemineu.ro\/hu\/termek-kategoria\/fustcsovek\/\">ide<\/a><\/p>\n<p>T\u0151bb inform\u00e1ci\u00f3\u00e9rt l\u00e1togasson el <a href=\"https:\/\/www.youtube.com\/@esemineuromania\">YouTube<\/a>-csatorn\u00e1nkra, valamint\u00a0<a href=\"https:\/\/www.facebook.com\/eSemineu\">Facebook<\/a>\u00a0\u00e9s\u00a0<a href=\"https:\/\/www.instagram.com\/esemineu\/\">Instagram<\/a>\u00a0oldalainkra.<\/p>\n<p><a href=\"https:\/\/esemineu.ro\/\">eSemineu.ro<\/a>\u00a0 \u00a0Te rakod a t\u0171zet mi adjuk a meleget!<\/p>\n","protected":false},"excerpt":{"rendered":"<p>Vastag fal\u00fa falr\u00f3zsa &#8211; Eleg\u00e1ns \u00e9s hat\u00e9kony megold\u00e1s a f\u00fcst elvezet\u00e9s\u00e9re A matt fekete falr\u00f3zsa egy st\u00edlusos \u00e9s megb\u00edzhat\u00f3 eszk\u00f6z a f\u00fcst elvezet\u00e9s\u00e9re \u00e9s a f\u0171t\u00e9si rendszerek hat\u00e9kony m\u0171k\u00f6dtet\u00e9s\u00e9re. Kiv\u00e1l\u00f3 min\u0151s\u00e9g\u0171 anyagb\u00f3l k\u00e9sz\u00fcl, \u00e9s matt fekete r\u00e9teggel van bevonva, ami nemcsak eszt\u00e9tikus megjelen\u00e9st k\u00f6lcs\u00f6n\u00f6z neki, hanem extra v\u00e9delmet ny\u00fajt a korr\u00f3zi\u00f3 ellen is. F\u0151bb jellemz\u0151k a matt fekete falr\u00f3zs\u00e1ra: M\u00e9retek \u00e9s anyagok: A falr\u00f3zsa \u00e1tm\u00e9r\u0151je 120 mm, ami ide\u00e1lis a k\u00f6zepes \u00e9s nagyobb m\u00e9ret\u0171 f\u0171t\u00e9si rendszerekhez. Kiv\u00e1l\u00f3 min\u0151s\u00e9g\u0171 \u00e9s tart\u00f3s anyagb\u00f3l k\u00e9sz\u00fcl, amely ellen\u00e1ll a magas h\u0151m\u00e9rs\u00e9kleteknek \u00e9s a korr\u00f3zi\u00f3nak. Tov\u00e1bb\u00e1 a falr\u00f3zsa ac\u00e9l anyaga vastagabb, ami egy szil\u00e1rd \u00e9s massz\u00edv v\u00e9geredm\u00e9nyt produk\u00e1l. Hat\u00e9kony f\u00fcstelvezet\u00e9s: A matt fekete falr\u00f3zsa hat\u00e9konyan vezeti el a f\u00fcst\u00f6t \u00e9s az \u00e9g\u00e9sterm\u00e9keket. Biztos\u00edtja a megfelel\u0151 szell\u0151z\u00e9st \u00e9s minimaliz\u00e1lja a k\u00e1ros anyagok felhalmoz\u00f3d\u00e1s\u00e1t a lak\u00f3terekben. Egyszer\u0171 szerel\u00e9s \u00e9s haszn\u00e1lat: A falr\u00f3zsa k\u00f6nnyen \u00e9s gyorsan szerelhet\u0151. Kompatibilis a k\u00fcl\u00f6nb\u00f6z\u0151 f\u0171t\u00e9si rendszerekkel, \u00e9s k\u00f6nnyen kezelhet\u0151. Tart\u00f3ss\u00e1g \u00e9s megb\u00edzhat\u00f3s\u00e1g: &hellip; <a href=\"https:\/\/esemineu.ro\/hu\/termek\/vastag-falu-falrozsa-120-mm-atmeroju-matt-fekete\/\">Folytatva<\/a><\/p>\n","protected":false},"featured_media":10064,"comment_status":"open","ping_status":"closed","template":"","meta":[],"product_brand":[],"product_cat":[1467,1466,779],"product_tag":[],"class_list":{"0":"post-4800","1":"product","2":"type-product","3":"status-publish","4":"has-post-thumbnail","6":"product_cat-120-acel","7":"product_cat-acel-fekete-fustcso","8":"product_cat-fustcsovek","9":"product_shipping_class-fustcsovek","10":"pa_culoare-fekete","11":"pa_diametru-120-mm-hu","12":"pa_grosime-material-15mm-hu","13":"pa_material-acel-lemezbol","14":"producer-bricosan-bt","16":"first","17":"instock","18":"shipping-taxable","19":"purchasable","20":"product-type-simple"},"acf":[],"yoast_head":"<!-- This site is optimized with the Yoast SEO Premium plugin v21.0 (Yoast SEO v27.3) - https:\/\/yoast.com\/product\/yoast-seo-premium-wordpress\/ -->\n<title>Vastag fal\u00fa falr\u00f3zsa, 120 mm \u00e1tm\u00e9r\u0151j\u0171, matt fekete | eSemineu.ro<\/title>\n<meta name=\"description\" content=\"Vastag fal\u00fa falr\u00f3zsa, 120 mm \u00e1tm\u00e9r\u0151j\u0171 - Min\u0151s\u00e9gi \u00e9s tart\u00f3s megold\u00e1s, ide\u00e1lis f\u0171t\u00e9si \u00e9s \u00e9g\u00e9sterm\u00e9k-elvezet\u0151 rendszerekhez | eSemineu.ro\" \/>\n<meta name=\"robots\" content=\"index, follow, max-snippet:-1, max-image-preview:large, max-video-preview:-1\" \/>\n<link rel=\"canonical\" href=\"https:\/\/esemineu.ro\/hu\/termek\/vastag-falu-falrozsa-120-mm-atmeroju-matt-fekete\/\" \/>\n<meta property=\"og:locale\" content=\"hu_HU\" \/>\n<meta property=\"og:type\" content=\"article\" \/>\n<meta property=\"og:title\" content=\"Vastag fal\u00fa falr\u00f3zsa, 120 mm \u00e1tm\u00e9r\u0151j\u0171, matt fekete | eSemineu.ro\" \/>\n<meta property=\"og:description\" content=\"Vastag fal\u00fa falr\u00f3zsa, 120 mm \u00e1tm\u00e9r\u0151j\u0171 - Min\u0151s\u00e9gi \u00e9s tart\u00f3s megold\u00e1s, ide\u00e1lis f\u0171t\u00e9si \u00e9s \u00e9g\u00e9sterm\u00e9k-elvezet\u0151 rendszerekhez | eSemineu.ro\" \/>\n<meta property=\"og:url\" content=\"https:\/\/esemineu.ro\/hu\/termek\/vastag-falu-falrozsa-120-mm-atmeroju-matt-fekete\/\" \/>\n<meta property=\"og:site_name\" content=\"eSemineu\" \/>\n<meta property=\"article:publisher\" content=\"https:\/\/web.facebook.com\/eSemineu\" \/>\n<meta property=\"article:modified_time\" content=\"2026-01-21T06:33:09+00:00\" \/>\n<meta property=\"og:image\" content=\"https:\/\/esemineu.ro\/wp-content\/uploads\/2023\/09\/inelmatnegru.jpg\" \/>\n\t<meta property=\"og:image:width\" content=\"1000\" \/>\n\t<meta property=\"og:image:height\" content=\"1000\" \/>\n\t<meta property=\"og:image:type\" content=\"image\/jpeg\" \/>\n<meta name=\"twitter:card\" content=\"summary_large_image\" \/>\n<meta name=\"twitter:label1\" content=\"Becs\u00fclt olvas\u00e1si id\u0151\" \/>\n\t<meta name=\"twitter:data1\" content=\"3 perc\" \/>\n<script type=\"application\/ld+json\" class=\"yoast-schema-graph\">{\"@context\":\"https:\\\/\\\/schema.org\",\"@graph\":[{\"@type\":\"WebPage\",\"@id\":\"https:\\\/\\\/esemineu.ro\\\/hu\\\/termek\\\/vastag-falu-falrozsa-120-mm-atmeroju-matt-fekete\\\/\",\"url\":\"https:\\\/\\\/esemineu.ro\\\/hu\\\/termek\\\/vastag-falu-falrozsa-120-mm-atmeroju-matt-fekete\\\/\",\"name\":\"Vastag fal\u00fa falr\u00f3zsa, 120 mm \u00e1tm\u00e9r\u0151j\u0171, matt fekete | eSemineu.ro\",\"isPartOf\":{\"@id\":\"https:\\\/\\\/esemineu.ro\\\/hu\\\/#website\"},\"primaryImageOfPage\":{\"@id\":\"https:\\\/\\\/esemineu.ro\\\/hu\\\/termek\\\/vastag-falu-falrozsa-120-mm-atmeroju-matt-fekete\\\/#primaryimage\"},\"image\":{\"@id\":\"https:\\\/\\\/esemineu.ro\\\/hu\\\/termek\\\/vastag-falu-falrozsa-120-mm-atmeroju-matt-fekete\\\/#primaryimage\"},\"thumbnailUrl\":\"https:\\\/\\\/esemineu.ro\\\/wp-content\\\/uploads\\\/2023\\\/09\\\/inelmatnegru.jpg\",\"datePublished\":\"2021-06-03T09:04:28+00:00\",\"dateModified\":\"2026-01-21T06:33:09+00:00\",\"description\":\"Vastag fal\u00fa falr\u00f3zsa, 120 mm \u00e1tm\u00e9r\u0151j\u0171 - Min\u0151s\u00e9gi \u00e9s tart\u00f3s megold\u00e1s, ide\u00e1lis f\u0171t\u00e9si \u00e9s \u00e9g\u00e9sterm\u00e9k-elvezet\u0151 rendszerekhez | eSemineu.ro\",\"breadcrumb\":{\"@id\":\"https:\\\/\\\/esemineu.ro\\\/hu\\\/termek\\\/vastag-falu-falrozsa-120-mm-atmeroju-matt-fekete\\\/#breadcrumb\"},\"inLanguage\":\"hu\",\"potentialAction\":[{\"@type\":\"ReadAction\",\"target\":[\"https:\\\/\\\/esemineu.ro\\\/hu\\\/termek\\\/vastag-falu-falrozsa-120-mm-atmeroju-matt-fekete\\\/\"]}]},{\"@type\":\"ImageObject\",\"inLanguage\":\"hu\",\"@id\":\"https:\\\/\\\/esemineu.ro\\\/hu\\\/termek\\\/vastag-falu-falrozsa-120-mm-atmeroju-matt-fekete\\\/#primaryimage\",\"url\":\"https:\\\/\\\/esemineu.ro\\\/wp-content\\\/uploads\\\/2023\\\/09\\\/inelmatnegru.jpg\",\"contentUrl\":\"https:\\\/\\\/esemineu.ro\\\/wp-content\\\/uploads\\\/2023\\\/09\\\/inelmatnegru.jpg\",\"width\":1000,\"height\":1000,\"caption\":\"Vastag fal\u00fa falr\u00f3zsa 130 mm \u00e1tm\u00e9r\u0151j\u0171\"},{\"@type\":\"BreadcrumbList\",\"@id\":\"https:\\\/\\\/esemineu.ro\\\/hu\\\/termek\\\/vastag-falu-falrozsa-120-mm-atmeroju-matt-fekete\\\/#breadcrumb\",\"itemListElement\":[{\"@type\":\"ListItem\",\"position\":1,\"name\":\"Kezd\u0151lap\",\"item\":\"https:\\\/\\\/esemineu.ro\\\/hu\\\/\"},{\"@type\":\"ListItem\",\"position\":2,\"name\":\"\u00c1ruh\u00e1z\",\"item\":\"https:\\\/\\\/esemineu.ro\\\/hu\\\/aruhaz\\\/\"},{\"@type\":\"ListItem\",\"position\":3,\"name\":\"Vastag fal\u00fa falr\u00f3zsa, 120 mm \u00e1tm\u00e9r\u0151j\u0171, matt fekete\"}]},{\"@type\":\"WebSite\",\"@id\":\"https:\\\/\\\/esemineu.ro\\\/hu\\\/#website\",\"url\":\"https:\\\/\\\/esemineu.ro\\\/hu\\\/\",\"name\":\"eSemineu\",\"description\":\"\u0218eminee de cea mai \u00eenalt\u0103 calitate\",\"potentialAction\":[{\"@type\":\"SearchAction\",\"target\":{\"@type\":\"EntryPoint\",\"urlTemplate\":\"https:\\\/\\\/esemineu.ro\\\/hu\\\/?s={search_term_string}\"},\"query-input\":{\"@type\":\"PropertyValueSpecification\",\"valueRequired\":true,\"valueName\":\"search_term_string\"}}],\"inLanguage\":\"hu\"}]}<\/script>\n<!-- \/ Yoast SEO Premium plugin. -->","yoast_head_json":{"title":"Vastag fal\u00fa falr\u00f3zsa, 120 mm \u00e1tm\u00e9r\u0151j\u0171, matt fekete | eSemineu.ro","description":"Vastag fal\u00fa falr\u00f3zsa, 120 mm \u00e1tm\u00e9r\u0151j\u0171 - Min\u0151s\u00e9gi \u00e9s tart\u00f3s megold\u00e1s, ide\u00e1lis f\u0171t\u00e9si \u00e9s \u00e9g\u00e9sterm\u00e9k-elvezet\u0151 rendszerekhez | eSemineu.ro","robots":{"index":"index","follow":"follow","max-snippet":"max-snippet:-1","max-image-preview":"max-image-preview:large","max-video-preview":"max-video-preview:-1"},"canonical":"https:\/\/esemineu.ro\/hu\/termek\/vastag-falu-falrozsa-120-mm-atmeroju-matt-fekete\/","og_locale":"hu_HU","og_type":"article","og_title":"Vastag fal\u00fa falr\u00f3zsa, 120 mm \u00e1tm\u00e9r\u0151j\u0171, matt fekete | eSemineu.ro","og_description":"Vastag fal\u00fa falr\u00f3zsa, 120 mm \u00e1tm\u00e9r\u0151j\u0171 - Min\u0151s\u00e9gi \u00e9s tart\u00f3s megold\u00e1s, ide\u00e1lis f\u0171t\u00e9si \u00e9s \u00e9g\u00e9sterm\u00e9k-elvezet\u0151 rendszerekhez | eSemineu.ro","og_url":"https:\/\/esemineu.ro\/hu\/termek\/vastag-falu-falrozsa-120-mm-atmeroju-matt-fekete\/","og_site_name":"eSemineu","article_publisher":"https:\/\/web.facebook.com\/eSemineu","article_modified_time":"2026-01-21T06:33:09+00:00","og_image":[{"width":1000,"height":1000,"url":"https:\/\/esemineu.ro\/wp-content\/uploads\/2023\/09\/inelmatnegru.jpg","type":"image\/jpeg"}],"twitter_card":"summary_large_image","twitter_misc":{"Becs\u00fclt olvas\u00e1si id\u0151":"3 perc"},"schema":{"@context":"https:\/\/schema.org","@graph":[{"@type":"WebPage","@id":"https:\/\/esemineu.ro\/hu\/termek\/vastag-falu-falrozsa-120-mm-atmeroju-matt-fekete\/","url":"https:\/\/esemineu.ro\/hu\/termek\/vastag-falu-falrozsa-120-mm-atmeroju-matt-fekete\/","name":"Vastag fal\u00fa falr\u00f3zsa, 120 mm \u00e1tm\u00e9r\u0151j\u0171, matt fekete | eSemineu.ro","isPartOf":{"@id":"https:\/\/esemineu.ro\/hu\/#website"},"primaryImageOfPage":{"@id":"https:\/\/esemineu.ro\/hu\/termek\/vastag-falu-falrozsa-120-mm-atmeroju-matt-fekete\/#primaryimage"},"image":{"@id":"https:\/\/esemineu.ro\/hu\/termek\/vastag-falu-falrozsa-120-mm-atmeroju-matt-fekete\/#primaryimage"},"thumbnailUrl":"https:\/\/esemineu.ro\/wp-content\/uploads\/2023\/09\/inelmatnegru.jpg","datePublished":"2021-06-03T09:04:28+00:00","dateModified":"2026-01-21T06:33:09+00:00","description":"Vastag fal\u00fa falr\u00f3zsa, 120 mm \u00e1tm\u00e9r\u0151j\u0171 - Min\u0151s\u00e9gi \u00e9s tart\u00f3s megold\u00e1s, ide\u00e1lis f\u0171t\u00e9si \u00e9s \u00e9g\u00e9sterm\u00e9k-elvezet\u0151 rendszerekhez | eSemineu.ro","breadcrumb":{"@id":"https:\/\/esemineu.ro\/hu\/termek\/vastag-falu-falrozsa-120-mm-atmeroju-matt-fekete\/#breadcrumb"},"inLanguage":"hu","potentialAction":[{"@type":"ReadAction","target":["https:\/\/esemineu.ro\/hu\/termek\/vastag-falu-falrozsa-120-mm-atmeroju-matt-fekete\/"]}]},{"@type":"ImageObject","inLanguage":"hu","@id":"https:\/\/esemineu.ro\/hu\/termek\/vastag-falu-falrozsa-120-mm-atmeroju-matt-fekete\/#primaryimage","url":"https:\/\/esemineu.ro\/wp-content\/uploads\/2023\/09\/inelmatnegru.jpg","contentUrl":"https:\/\/esemineu.ro\/wp-content\/uploads\/2023\/09\/inelmatnegru.jpg","width":1000,"height":1000,"caption":"Vastag fal\u00fa falr\u00f3zsa 130 mm \u00e1tm\u00e9r\u0151j\u0171"},{"@type":"BreadcrumbList","@id":"https:\/\/esemineu.ro\/hu\/termek\/vastag-falu-falrozsa-120-mm-atmeroju-matt-fekete\/#breadcrumb","itemListElement":[{"@type":"ListItem","position":1,"name":"Kezd\u0151lap","item":"https:\/\/esemineu.ro\/hu\/"},{"@type":"ListItem","position":2,"name":"\u00c1ruh\u00e1z","item":"https:\/\/esemineu.ro\/hu\/aruhaz\/"},{"@type":"ListItem","position":3,"name":"Vastag fal\u00fa falr\u00f3zsa, 120 mm \u00e1tm\u00e9r\u0151j\u0171, matt fekete"}]},{"@type":"WebSite","@id":"https:\/\/esemineu.ro\/hu\/#website","url":"https:\/\/esemineu.ro\/hu\/","name":"eSemineu","description":"\u0218eminee de cea mai \u00eenalt\u0103 calitate","potentialAction":[{"@type":"SearchAction","target":{"@type":"EntryPoint","urlTemplate":"https:\/\/esemineu.ro\/hu\/?s={search_term_string}"},"query-input":{"@type":"PropertyValueSpecification","valueRequired":true,"valueName":"search_term_string"}}],"inLanguage":"hu"}]}},"_links":{"self":[{"href":"https:\/\/esemineu.ro\/hu\/wp-json\/wp\/v2\/product\/4800","targetHints":{"allow":["GET"]}}],"collection":[{"href":"https:\/\/esemineu.ro\/hu\/wp-json\/wp\/v2\/product"}],"about":[{"href":"https:\/\/esemineu.ro\/hu\/wp-json\/wp\/v2\/types\/product"}],"replies":[{"embeddable":true,"href":"https:\/\/esemineu.ro\/hu\/wp-json\/wp\/v2\/comments?post=4800"}],"wp:featuredmedia":[{"embeddable":true,"href":"https:\/\/esemineu.ro\/hu\/wp-json\/wp\/v2\/media\/10064"}],"wp:attachment":[{"href":"https:\/\/esemineu.ro\/hu\/wp-json\/wp\/v2\/media?parent=4800"}],"wp:term":[{"taxonomy":"product_brand","embeddable":true,"href":"https:\/\/esemineu.ro\/hu\/wp-json\/wp\/v2\/product_brand?post=4800"},{"taxonomy":"product_cat","embeddable":true,"href":"https:\/\/esemineu.ro\/hu\/wp-json\/wp\/v2\/product_cat?post=4800"},{"taxonomy":"product_tag","embeddable":true,"href":"https:\/\/esemineu.ro\/hu\/wp-json\/wp\/v2\/product_tag?post=4800"}],"curies":[{"name":"wp","href":"https:\/\/api.w.org\/{rel}","templated":true}]}}