{"id":4797,"date":"2021-06-03T13:10:09","date_gmt":"2021-06-03T10:10:09","guid":{"rendered":"https:\/\/esemineu.ro\/product\/ansamblu-boiler-otel-90l-lemn-electric\/"},"modified":"2025-11-12T08:47:17","modified_gmt":"2025-11-12T06:47:17","slug":"szogletes-tuzter-90l-ontottvas-ajtoval-fm","status":"publish","type":"product","link":"https:\/\/esemineu.ro\/hu\/termek\/szogletes-tuzter-90l-ontottvas-ajtoval-fm\/","title":{"rendered":"Sz\u00f6gletes t\u0171zt\u00e9r 90L, \u00d6nt\u00f6ttvas ajt\u00f3val, FM"},"content":{"rendered":"<p>Sz\u00f6gletes t\u0171zt\u00e9r 90L, \u00d6nt\u00f6ttvas ajt\u00f3val<\/p>\n<div class=\"flex-1 overflow-hidden\">\n<div class=\"react-scroll-to-bottom--css-dgmad-79elbk h-full\">\n<div class=\"react-scroll-to-bottom--css-dgmad-1n7m0yu\">\n<div class=\"flex flex-col pb-9 text-sm\">\n<div class=\"w-full text-token-text-primary\" data-testid=\"conversation-turn-30\">\n<div class=\"px-4 py-2 justify-center text-base md:gap-6 m-auto\">\n<div class=\"flex flex-1 text-base mx-auto gap-3 md:px-5 lg:px-1 xl:px-5 md:max-w-3xl lg:max-w-[40rem] xl:max-w-[48rem] group final-completion\">\n<div class=\"relative flex w-full flex-col agent-turn\">\n<div class=\"flex-col gap-1 md:gap-3\">\n<div class=\"flex flex-grow flex-col max-w-full\">\n<div class=\"min-h-[20px] text-message flex flex-col items-start gap-3 whitespace-pre-wrap break-words [.text-message+&amp;]:mt-5 overflow-x-auto\" data-message-author-role=\"assistant\" data-message-id=\"4f90a2cb-e542-4002-851f-08410a1d63f6\">\n<div class=\"markdown prose w-full break-words dark:prose-invert light\">\n<p><strong>Esemineu.ro<\/strong> b\u00fcszk\u00e9n mutatja be a <strong>Sz\u00f6gletes t\u0171zt\u00e9r 90L \u00d6nt\u00f6ttvas ajt\u00f3val<\/strong> modellt, amely kiv\u00e1l\u00f3 v\u00e1laszt\u00e1s azok sz\u00e1m\u00e1ra, akik egy megb\u00edzhat\u00f3, hat\u00e9kony \u00e9s eszt\u00e9tikailag vonz\u00f3 t\u0171zt\u00e9rr\u0151l \u00e1lmodnak. Ez a k\u00fcl\u00f6nleges t\u0171zt\u00e9r <strong>27 kg<\/strong> t\u00f6meg\u0171 \u00e9s <strong>42 \u00d7 42 \u00d7 40 cm<\/strong> m\u00e9ret\u0171, ide\u00e1lis m\u00e9ret a t\u00f6k\u00e9letes illeszked\u00e9shez b\u00e1rmilyen t\u00e9rben.<\/p>\n<p>A <strong>t\u0171zt\u00e9r ac\u00e9lb\u00f3l<\/strong>, az <strong>ajt\u00f3k pedig \u00f6ntv\u00e9nyb\u0151l<\/strong> k\u00e9sz\u00fcltek, amelyek garant\u00e1lj\u00e1k a tart\u00f3ss\u00e1got \u00e9s a hossz\u00fa \u00e9lettartamot. Ezek az anyagok ellen\u00e1llnak a magas h\u0151m\u00e9rs\u00e9kleteknek \u00e9s meg\u0151rzik a t\u0171zt\u00e9r integrit\u00e1s\u00e1t \u00e9veken \u00e1t. A <strong>brikett<\/strong> \u00e9s <strong>fa<\/strong> felhaszn\u00e1l\u00e1s\u00e1val m\u0171k\u00f6dik, ami rugalmass\u00e1got biztos\u00edt a t\u00fczel\u0151anyag-v\u00e1laszt\u00e1sban. Az <strong>\u00e1tlagos \u00f3r\u00e1nk\u00e9nti fogyaszt\u00e1s<\/strong> csup\u00e1n <strong>2,6 kg<\/strong>, ami gazdas\u00e1gos \u00e9s hat\u00e9kony \u00e9g\u00e9st tesz lehet\u0151v\u00e9.<\/p>\n<p>A t\u0171zt\u00e9rbe <strong>300 mm<\/strong> hossz\u00fa t\u00fczel\u0151anyag helyezhet\u0151, ami a nagyobb m\u00e9ret\u0171 faanyagok felhaszn\u00e1l\u00e1s\u00e1t is lehet\u0151v\u00e9 teszi. A <strong>hamm\u00fa r\u00e1cs<\/strong> <strong>\u00f6nt\u00f6ttvasb\u00f3l<\/strong> k\u00e9sz\u00fclt, ami er\u0151s \u00e9s tart\u00f3s alapot biztos\u00edt a t\u0171z sz\u00e1m\u00e1ra.<\/p>\n<p>A <strong>90L \u00d6nt\u00f6ttvas ajt\u00f3<\/strong> modell <strong>2 \u00e9v garanci\u00e1val<\/strong> rendelkezik, ami a <strong>eSemineu.ro<\/strong> elk\u00f6telezetts\u00e9g\u00e9t mutatja a min\u0151s\u00e9g \u00e9s az \u00fcgyf\u00e9l el\u00e9gedetts\u00e9g ir\u00e1nt. Ez a garancia biztos\u00edtja, hogy a v\u00e1s\u00e1rl\u00f3k nyugodtan \u00e9lvezhetik term\u00e9k\u00fck el\u0151nyeit, tudva, hogy t\u00e1mogat\u00e1s \u00e1ll m\u00f6g\u00f6tt\u00fck.<\/p>\n<p>\u00d6sszess\u00e9g\u00e9ben, ez a sz\u00f6gletes t\u0171zt\u00e9r kiv\u00e1l\u00f3an \u00f6tv\u00f6zi a funkcionalit\u00e1st, a megb\u00edzhat\u00f3s\u00e1got \u00e9s az eszt\u00e9tikai vonzer\u0151t. Az ac\u00e9l \u00e9s \u00f6ntv\u00e9ny anyagok, a gazdas\u00e1gos fogyaszt\u00e1s, a rugalmas t\u00fczel\u0151anyag-haszn\u00e1lat \u00e9s a megb\u00edzhat\u00f3 garancia mind hozz\u00e1j\u00e1rulnak ahhoz, hogy ez a t\u0171zt\u00e9r ide\u00e1lis v\u00e1laszt\u00e1s legyen minden otthon sz\u00e1m\u00e1ra.<\/p>\n<\/div>\n<\/div>\n<\/div>\n<\/div>\n<\/div>\n<\/div>\n<\/div>\n<\/div>\n<\/div>\n<\/div>\n<\/div>\n<\/div>\n<h4>Ne \u00e9gessen!<\/h4>\n<p>H\u00e1ztart\u00e1si hullad\u00e9kot, ragasztott vagy festett falemezt, forg\u00e1cslapot vagy egy\u00e9b fapartikul\u00e1kat tartalmaz\u00f3 lapokat, vagy m\u00e1s, mesters\u00e9ges k\u00e9miai kever\u00e9keket tartalmaz\u00f3 hullad\u00e9kokat, mivel a m\u00e9rgek nem \u00e9gnek el, csak megv\u00e1ltoztatj\u00e1k form\u00e1jukat, \u00e9s amikor a l\u00e9gk\u00f6rbe ker\u00fclnek, kisz\u00e1m\u00edthatatlan k\u00f6vetkezm\u00e9nyekhez vezethetnek. Ha hullad\u00e9kot \u00e9get a k\u00e1lyh\u00e1ban, elt\u00f6m\u0151dhet a Kaz\u00e1n f\u00fcstelvezet\u0151 ny\u00edl\u00e1sa.<\/p>\n<h4>Figyelmeztet\u00e9s!<\/h4>\n<p>Minden kaz\u00e1nt, kandall\u00f3t \u00e9s t\u0171zhelyet a k\u00e9m\u00e9nysepr\u0151nek kell j\u00f3v\u00e1hagynia, amikor azokat csatlakoztatj\u00e1k. Ez t\u00f6rv\u00e9nyileg k\u00f6telez\u0151, ellenkez\u0151 esetben a term\u00e9kre semmilyen garancia nem vonatkozik:<\/p>\n<p>\u2022 A 2012-es XC. EU torv\u00e9ny a k\u00f6zszolg\u00e1lati k\u00e9m\u00e9nysepr\u00e9sr\u0151l \u00e9s a (XII.11) BM rendelet kimondja, hogy egy \u00e9g\u0151berendez\u00e9s k\u00e9m\u00e9nyhez t\u00f6rt\u00e9n\u0151 csatlakoztat\u00e1s\u00e1t a k\u00e9m\u00e9nysepr\u0151nek kell j\u00f3v\u00e1hagynia.<\/p>\n<p>\u2022 Az ipari k\u00e9m\u00e9nytiszt\u00edt\u00e1s nyilatkozata nem helyettes\u00edti a k\u00f6zszolg\u00e1lati k\u00e9m\u00e9nysepr\u0151 igazol\u00e1s\u00e1t.<\/p>\n<h4>Sz\u00f6gletes t\u0171zt\u00e9r 90L sz\u00e1ll\u00edt\u00e1si hat\u00e1rideje:<\/h4>\n<ul>\n<li><strong>Magyarorsz\u00e1g \u00e9s az eg\u00e9sz Eur\u00f3pai Uni\u00f3 ter\u00fclet\u00e9n<\/strong>\u00a0is sz\u00e1ll\u00edtjuk.<\/li>\n<li>Rom\u00e1ni\u00e1ba 2-3 munkanap alatt sz\u00e1ll\u00edtjuk<\/li>\n<li>Magyarorsz\u00e1gra \u00e9s az EU ter\u00fclet\u00e9re az \u00e1tutal\u00e1s ut\u00e1n 5 munkanapon bel\u00fcl \u00e9rkezik meg a term\u00e9k.<\/li>\n<\/ul>\n<p>Ha b\u00e1rmilyen k\u00e9rd\u00e9se van, k\u00e9rj\u00fck, l\u00e9pjen kapcsolatba vel\u00fcnk.<\/p>\n<p>Tov\u00e1bbi aj\u00e1nlatok\u00e9rt kattintson\u00a0<a href=\"https:\/\/esemineu.ro\/hu\/termek-kategoria\/furdoszobai-kazanok\/\">ide<\/a><\/p>\n<p>T\u00f6bb inform\u00e1ci\u00f3\u00e9rt l\u00e1togasson el <a href=\"https:\/\/www.youtube.com\/@esemineuromania\">YouTube<\/a>-csatorn\u00e1nkra, valamint\u00a0<a href=\"https:\/\/www.facebook.com\/eSemineu\">Facebook<\/a>\u00a0\u00e9s\u00a0<a href=\"https:\/\/www.instagram.com\/esemineu\/\">Instagram<\/a>\u00a0oldalainkra.<\/p>\n<p><a href=\"https:\/\/esemineu.ro\/\">eSemineu.ro<\/a>\u00a0 \u00a0Te rakod a t\u0171zet mi adjuk a meleget!<\/p>\n","protected":false},"excerpt":{"rendered":"<p>Sz\u00f6gletes t\u0171zt\u00e9r 90L, \u00d6nt\u00f6ttvas ajt\u00f3val Esemineu.ro b\u00fcszk\u00e9n mutatja be a Sz\u00f6gletes t\u0171zt\u00e9r 90L \u00d6nt\u00f6ttvas ajt\u00f3val modellt, amely kiv\u00e1l\u00f3 v\u00e1laszt\u00e1s azok sz\u00e1m\u00e1ra, akik egy megb\u00edzhat\u00f3, hat\u00e9kony \u00e9s eszt\u00e9tikailag vonz\u00f3 t\u0171zt\u00e9rr\u0151l \u00e1lmodnak. Ez a k\u00fcl\u00f6nleges t\u0171zt\u00e9r 27 kg t\u00f6meg\u0171 \u00e9s 42 \u00d7 42 \u00d7 40 cm m\u00e9ret\u0171, ide\u00e1lis m\u00e9ret a t\u00f6k\u00e9letes illeszked\u00e9shez b\u00e1rmilyen t\u00e9rben. A t\u0171zt\u00e9r ac\u00e9lb\u00f3l, az ajt\u00f3k pedig \u00f6ntv\u00e9nyb\u0151l k\u00e9sz\u00fcltek, amelyek garant\u00e1lj\u00e1k a tart\u00f3ss\u00e1got \u00e9s a hossz\u00fa \u00e9lettartamot. Ezek az anyagok ellen\u00e1llnak a magas h\u0151m\u00e9rs\u00e9kleteknek \u00e9s meg\u0151rzik a t\u0171zt\u00e9r integrit\u00e1s\u00e1t \u00e9veken \u00e1t. A brikett \u00e9s fa felhaszn\u00e1l\u00e1s\u00e1val m\u0171k\u00f6dik, ami rugalmass\u00e1got biztos\u00edt a t\u00fczel\u0151anyag-v\u00e1laszt\u00e1sban. Az \u00e1tlagos \u00f3r\u00e1nk\u00e9nti fogyaszt\u00e1s csup\u00e1n 2,6 kg, ami gazdas\u00e1gos \u00e9s hat\u00e9kony \u00e9g\u00e9st tesz lehet\u0151v\u00e9. A t\u0171zt\u00e9rbe 300 mm hossz\u00fa t\u00fczel\u0151anyag helyezhet\u0151, ami a nagyobb m\u00e9ret\u0171 faanyagok felhaszn\u00e1l\u00e1s\u00e1t is lehet\u0151v\u00e9 teszi. A hamm\u00fa r\u00e1cs \u00f6nt\u00f6ttvasb\u00f3l k\u00e9sz\u00fclt, ami er\u0151s \u00e9s tart\u00f3s alapot biztos\u00edt a t\u0171z sz\u00e1m\u00e1ra. A 90L \u00d6nt\u00f6ttvas ajt\u00f3 modell 2 \u00e9v garanci\u00e1val rendelkezik, ami a eSemineu.ro elk\u00f6telezetts\u00e9g\u00e9t &hellip; <a href=\"https:\/\/esemineu.ro\/hu\/termek\/szogletes-tuzter-90l-ontottvas-ajtoval-fm\/\">Folytatva<\/a><\/p>\n","protected":false},"featured_media":21759,"comment_status":"open","ping_status":"closed","template":"","meta":[],"product_brand":[690],"product_cat":[1140],"product_tag":[],"class_list":{"0":"post-4797","1":"product","2":"type-product","3":"status-publish","4":"has-post-thumbnail","6":"product_brand-fm-group","7":"product_cat-fatuzelesu-bojlerek","8":"product_shipping_class-furdoszobai-kazanok","9":"pa_combustibil-utilizat-brikett","10":"pa_combustibil-utilizat-fa","11":"pa_consum-mediu-ora-26-kg-h-hu","12":"pa_gratar-ontottvas","13":"pa_material-acel-tuzter","14":"pa_material-ontveny-ajtok","15":"pa_model-90l-ontotvas-ajto-hu","17":"first","18":"onbackorder","19":"shipping-taxable","20":"purchasable","21":"product-type-simple"},"acf":[],"yoast_head":"<!-- This site is optimized with the Yoast SEO Premium plugin v21.0 (Yoast SEO v27.3) - https:\/\/yoast.com\/product\/yoast-seo-premium-wordpress\/ -->\n<title>Sz\u00f6gletes t\u0171zt\u00e9r 90L<\/title>\n<meta name=\"description\" content=\"Fedezd fel a 90L-es sz\u00f6gletes t\u0171zt\u00e9r k\u00edn\u00e1latunkat, amely ide\u00e1lis megold\u00e1st ny\u00fajt a hat\u00e9kony \u00e9s melegv\u00edz ell\u00e1t\u00e1shoz. | eSemineu.ro\" \/>\n<meta name=\"robots\" content=\"index, follow, max-snippet:-1, max-image-preview:large, max-video-preview:-1\" \/>\n<link rel=\"canonical\" href=\"https:\/\/esemineu.ro\/hu\/termek\/szogletes-tuzter-90l-ontottvas-ajtoval-fm\/\" \/>\n<meta property=\"og:locale\" content=\"hu_HU\" \/>\n<meta property=\"og:type\" content=\"article\" \/>\n<meta property=\"og:title\" content=\"Sz\u00f6gletes t\u0171zt\u00e9r 90L\" \/>\n<meta property=\"og:description\" content=\"Fedezd fel a 90L-es sz\u00f6gletes t\u0171zt\u00e9r k\u00edn\u00e1latunkat, amely ide\u00e1lis megold\u00e1st ny\u00fajt a hat\u00e9kony \u00e9s melegv\u00edz ell\u00e1t\u00e1shoz. | eSemineu.ro\" \/>\n<meta property=\"og:url\" content=\"https:\/\/esemineu.ro\/hu\/termek\/szogletes-tuzter-90l-ontottvas-ajtoval-fm\/\" \/>\n<meta property=\"og:site_name\" content=\"eSemineu\" \/>\n<meta property=\"article:publisher\" content=\"https:\/\/web.facebook.com\/eSemineu\" \/>\n<meta property=\"article:modified_time\" content=\"2025-11-12T06:47:17+00:00\" \/>\n<meta property=\"og:image\" content=\"https:\/\/esemineu.ro\/wp-content\/uploads\/2024\/02\/Focar-90l-usa-fonta.jpg\" \/>\n\t<meta property=\"og:image:width\" content=\"1000\" \/>\n\t<meta property=\"og:image:height\" content=\"1000\" \/>\n\t<meta property=\"og:image:type\" content=\"image\/jpeg\" \/>\n<meta name=\"twitter:card\" content=\"summary_large_image\" \/>\n<meta name=\"twitter:label1\" content=\"Becs\u00fclt olvas\u00e1si id\u0151\" \/>\n\t<meta name=\"twitter:data1\" content=\"3 perc\" \/>\n<script type=\"application\/ld+json\" class=\"yoast-schema-graph\">{\"@context\":\"https:\\\/\\\/schema.org\",\"@graph\":[{\"@type\":\"WebPage\",\"@id\":\"https:\\\/\\\/esemineu.ro\\\/hu\\\/termek\\\/szogletes-tuzter-90l-ontottvas-ajtoval-fm\\\/\",\"url\":\"https:\\\/\\\/esemineu.ro\\\/hu\\\/termek\\\/szogletes-tuzter-90l-ontottvas-ajtoval-fm\\\/\",\"name\":\"Sz\u00f6gletes t\u0171zt\u00e9r 90L\",\"isPartOf\":{\"@id\":\"https:\\\/\\\/esemineu.ro\\\/hu\\\/#website\"},\"primaryImageOfPage\":{\"@id\":\"https:\\\/\\\/esemineu.ro\\\/hu\\\/termek\\\/szogletes-tuzter-90l-ontottvas-ajtoval-fm\\\/#primaryimage\"},\"image\":{\"@id\":\"https:\\\/\\\/esemineu.ro\\\/hu\\\/termek\\\/szogletes-tuzter-90l-ontottvas-ajtoval-fm\\\/#primaryimage\"},\"thumbnailUrl\":\"https:\\\/\\\/esemineu.ro\\\/wp-content\\\/uploads\\\/2024\\\/02\\\/Focar-90l-usa-fonta.jpg\",\"datePublished\":\"2021-06-03T10:10:09+00:00\",\"dateModified\":\"2025-11-12T06:47:17+00:00\",\"description\":\"Fedezd fel a 90L-es sz\u00f6gletes t\u0171zt\u00e9r k\u00edn\u00e1latunkat, amely ide\u00e1lis megold\u00e1st ny\u00fajt a hat\u00e9kony \u00e9s melegv\u00edz ell\u00e1t\u00e1shoz. | eSemineu.ro\",\"breadcrumb\":{\"@id\":\"https:\\\/\\\/esemineu.ro\\\/hu\\\/termek\\\/szogletes-tuzter-90l-ontottvas-ajtoval-fm\\\/#breadcrumb\"},\"inLanguage\":\"hu\",\"potentialAction\":[{\"@type\":\"ReadAction\",\"target\":[\"https:\\\/\\\/esemineu.ro\\\/hu\\\/termek\\\/szogletes-tuzter-90l-ontottvas-ajtoval-fm\\\/\"]}]},{\"@type\":\"ImageObject\",\"inLanguage\":\"hu\",\"@id\":\"https:\\\/\\\/esemineu.ro\\\/hu\\\/termek\\\/szogletes-tuzter-90l-ontottvas-ajtoval-fm\\\/#primaryimage\",\"url\":\"https:\\\/\\\/esemineu.ro\\\/wp-content\\\/uploads\\\/2024\\\/02\\\/Focar-90l-usa-fonta.jpg\",\"contentUrl\":\"https:\\\/\\\/esemineu.ro\\\/wp-content\\\/uploads\\\/2024\\\/02\\\/Focar-90l-usa-fonta.jpg\",\"width\":1000,\"height\":1000,\"caption\":\"Sz\u00f6gletes t\u0171zt\u00e9r 90L\"},{\"@type\":\"BreadcrumbList\",\"@id\":\"https:\\\/\\\/esemineu.ro\\\/hu\\\/termek\\\/szogletes-tuzter-90l-ontottvas-ajtoval-fm\\\/#breadcrumb\",\"itemListElement\":[{\"@type\":\"ListItem\",\"position\":1,\"name\":\"Kezd\u0151lap\",\"item\":\"https:\\\/\\\/esemineu.ro\\\/hu\\\/\"},{\"@type\":\"ListItem\",\"position\":2,\"name\":\"\u00c1ruh\u00e1z\",\"item\":\"https:\\\/\\\/esemineu.ro\\\/hu\\\/aruhaz\\\/\"},{\"@type\":\"ListItem\",\"position\":3,\"name\":\"Sz\u00f6gletes t\u0171zt\u00e9r 90L, \u00d6nt\u00f6ttvas ajt\u00f3val, FM\"}]},{\"@type\":\"WebSite\",\"@id\":\"https:\\\/\\\/esemineu.ro\\\/hu\\\/#website\",\"url\":\"https:\\\/\\\/esemineu.ro\\\/hu\\\/\",\"name\":\"eSemineu\",\"description\":\"\u0218eminee de cea mai \u00eenalt\u0103 calitate\",\"potentialAction\":[{\"@type\":\"SearchAction\",\"target\":{\"@type\":\"EntryPoint\",\"urlTemplate\":\"https:\\\/\\\/esemineu.ro\\\/hu\\\/?s={search_term_string}\"},\"query-input\":{\"@type\":\"PropertyValueSpecification\",\"valueRequired\":true,\"valueName\":\"search_term_string\"}}],\"inLanguage\":\"hu\"}]}<\/script>\n<!-- \/ Yoast SEO Premium plugin. -->","yoast_head_json":{"title":"Sz\u00f6gletes t\u0171zt\u00e9r 90L","description":"Fedezd fel a 90L-es sz\u00f6gletes t\u0171zt\u00e9r k\u00edn\u00e1latunkat, amely ide\u00e1lis megold\u00e1st ny\u00fajt a hat\u00e9kony \u00e9s melegv\u00edz ell\u00e1t\u00e1shoz. | eSemineu.ro","robots":{"index":"index","follow":"follow","max-snippet":"max-snippet:-1","max-image-preview":"max-image-preview:large","max-video-preview":"max-video-preview:-1"},"canonical":"https:\/\/esemineu.ro\/hu\/termek\/szogletes-tuzter-90l-ontottvas-ajtoval-fm\/","og_locale":"hu_HU","og_type":"article","og_title":"Sz\u00f6gletes t\u0171zt\u00e9r 90L","og_description":"Fedezd fel a 90L-es sz\u00f6gletes t\u0171zt\u00e9r k\u00edn\u00e1latunkat, amely ide\u00e1lis megold\u00e1st ny\u00fajt a hat\u00e9kony \u00e9s melegv\u00edz ell\u00e1t\u00e1shoz. | eSemineu.ro","og_url":"https:\/\/esemineu.ro\/hu\/termek\/szogletes-tuzter-90l-ontottvas-ajtoval-fm\/","og_site_name":"eSemineu","article_publisher":"https:\/\/web.facebook.com\/eSemineu","article_modified_time":"2025-11-12T06:47:17+00:00","og_image":[{"width":1000,"height":1000,"url":"https:\/\/esemineu.ro\/wp-content\/uploads\/2024\/02\/Focar-90l-usa-fonta.jpg","type":"image\/jpeg"}],"twitter_card":"summary_large_image","twitter_misc":{"Becs\u00fclt olvas\u00e1si id\u0151":"3 perc"},"schema":{"@context":"https:\/\/schema.org","@graph":[{"@type":"WebPage","@id":"https:\/\/esemineu.ro\/hu\/termek\/szogletes-tuzter-90l-ontottvas-ajtoval-fm\/","url":"https:\/\/esemineu.ro\/hu\/termek\/szogletes-tuzter-90l-ontottvas-ajtoval-fm\/","name":"Sz\u00f6gletes t\u0171zt\u00e9r 90L","isPartOf":{"@id":"https:\/\/esemineu.ro\/hu\/#website"},"primaryImageOfPage":{"@id":"https:\/\/esemineu.ro\/hu\/termek\/szogletes-tuzter-90l-ontottvas-ajtoval-fm\/#primaryimage"},"image":{"@id":"https:\/\/esemineu.ro\/hu\/termek\/szogletes-tuzter-90l-ontottvas-ajtoval-fm\/#primaryimage"},"thumbnailUrl":"https:\/\/esemineu.ro\/wp-content\/uploads\/2024\/02\/Focar-90l-usa-fonta.jpg","datePublished":"2021-06-03T10:10:09+00:00","dateModified":"2025-11-12T06:47:17+00:00","description":"Fedezd fel a 90L-es sz\u00f6gletes t\u0171zt\u00e9r k\u00edn\u00e1latunkat, amely ide\u00e1lis megold\u00e1st ny\u00fajt a hat\u00e9kony \u00e9s melegv\u00edz ell\u00e1t\u00e1shoz. | eSemineu.ro","breadcrumb":{"@id":"https:\/\/esemineu.ro\/hu\/termek\/szogletes-tuzter-90l-ontottvas-ajtoval-fm\/#breadcrumb"},"inLanguage":"hu","potentialAction":[{"@type":"ReadAction","target":["https:\/\/esemineu.ro\/hu\/termek\/szogletes-tuzter-90l-ontottvas-ajtoval-fm\/"]}]},{"@type":"ImageObject","inLanguage":"hu","@id":"https:\/\/esemineu.ro\/hu\/termek\/szogletes-tuzter-90l-ontottvas-ajtoval-fm\/#primaryimage","url":"https:\/\/esemineu.ro\/wp-content\/uploads\/2024\/02\/Focar-90l-usa-fonta.jpg","contentUrl":"https:\/\/esemineu.ro\/wp-content\/uploads\/2024\/02\/Focar-90l-usa-fonta.jpg","width":1000,"height":1000,"caption":"Sz\u00f6gletes t\u0171zt\u00e9r 90L"},{"@type":"BreadcrumbList","@id":"https:\/\/esemineu.ro\/hu\/termek\/szogletes-tuzter-90l-ontottvas-ajtoval-fm\/#breadcrumb","itemListElement":[{"@type":"ListItem","position":1,"name":"Kezd\u0151lap","item":"https:\/\/esemineu.ro\/hu\/"},{"@type":"ListItem","position":2,"name":"\u00c1ruh\u00e1z","item":"https:\/\/esemineu.ro\/hu\/aruhaz\/"},{"@type":"ListItem","position":3,"name":"Sz\u00f6gletes t\u0171zt\u00e9r 90L, \u00d6nt\u00f6ttvas ajt\u00f3val, FM"}]},{"@type":"WebSite","@id":"https:\/\/esemineu.ro\/hu\/#website","url":"https:\/\/esemineu.ro\/hu\/","name":"eSemineu","description":"\u0218eminee de cea mai \u00eenalt\u0103 calitate","potentialAction":[{"@type":"SearchAction","target":{"@type":"EntryPoint","urlTemplate":"https:\/\/esemineu.ro\/hu\/?s={search_term_string}"},"query-input":{"@type":"PropertyValueSpecification","valueRequired":true,"valueName":"search_term_string"}}],"inLanguage":"hu"}]}},"_links":{"self":[{"href":"https:\/\/esemineu.ro\/hu\/wp-json\/wp\/v2\/product\/4797","targetHints":{"allow":["GET"]}}],"collection":[{"href":"https:\/\/esemineu.ro\/hu\/wp-json\/wp\/v2\/product"}],"about":[{"href":"https:\/\/esemineu.ro\/hu\/wp-json\/wp\/v2\/types\/product"}],"replies":[{"embeddable":true,"href":"https:\/\/esemineu.ro\/hu\/wp-json\/wp\/v2\/comments?post=4797"}],"wp:featuredmedia":[{"embeddable":true,"href":"https:\/\/esemineu.ro\/hu\/wp-json\/wp\/v2\/media\/21759"}],"wp:attachment":[{"href":"https:\/\/esemineu.ro\/hu\/wp-json\/wp\/v2\/media?parent=4797"}],"wp:term":[{"taxonomy":"product_brand","embeddable":true,"href":"https:\/\/esemineu.ro\/hu\/wp-json\/wp\/v2\/product_brand?post=4797"},{"taxonomy":"product_cat","embeddable":true,"href":"https:\/\/esemineu.ro\/hu\/wp-json\/wp\/v2\/product_cat?post=4797"},{"taxonomy":"product_tag","embeddable":true,"href":"https:\/\/esemineu.ro\/hu\/wp-json\/wp\/v2\/product_tag?post=4797"}],"curies":[{"name":"wp","href":"https:\/\/api.w.org\/{rel}","templated":true}]}}