{"id":4791,"date":"2021-06-30T10:45:48","date_gmt":"2021-06-30T08:45:48","guid":{"rendered":"https:\/\/esemineu.ro\/product\/gratar-de-gradina-fm-premium\/"},"modified":"2024-03-26T07:37:00","modified_gmt":"2024-03-26T05:37:00","slug":"fm-premium-hordozhato-faszenes-grill-58x30-cm","status":"publish","type":"product","link":"https:\/\/esemineu.ro\/hu\/termek\/fm-premium-hordozhato-faszenes-grill-58x30-cm\/","title":{"rendered":"FM Premium hordozhat\u00f3 faszenes grill, 58X30 cm"},"content":{"rendered":"<p>FM Premium hordozhat\u00f3 faszenes grill<\/p>\n<p>Az FM Premium hordozhat\u00f3 faszenes grillt azoknak aj\u00e1nljuk, akik nem szeretn\u00e9k lemondani a hagyom\u00e1nyos, fasz\u00e9nen grillezett \u00e9telek \u00edz\u00e9nek \u00e9lvezet\u00e9r\u0151l. Ez a grill ide\u00e1lis a kerti \u00f6sszej\u00f6vetelekhez, strandol\u00e1shoz vagy kempingez\u00e9shez, mindig szolg\u00e1lva a leny\u0171g\u00f6z\u0151 f\u00fcst\u00f6s \u00edz\u00e9lm\u00e9nyt.<\/p>\n<p>Az ac\u00e9l \u00e9s kr\u00f3mozott fel\u00fcletek kombin\u00e1ci\u00f3ja nemcsak kiv\u00e1l\u00f3 h\u0151eloszl\u00e1st biztos\u00edt, de hosszan tart\u00f3 ellen\u00e1ll\u00f3 k\u00e9pess\u00e9get is ad a grillnek az id\u0151j\u00e1r\u00e1s viszontags\u00e1gaival szemben. Magass\u00e1ga, 70 cm, lehet\u0151v\u00e9 teszi a k\u00f6nny\u0171 hozz\u00e1f\u00e9r\u00e9st \u00e9s a k\u00e9nyelmes f\u0151z\u00e9st, m\u00edg a 25 kg-os s\u00falya tov\u00e1bbra is lehet\u0151v\u00e9 teszi a hordozhat\u00f3s\u00e1got.<\/p>\n<p>A fa \u00e9s sz\u00e9n t\u00fczel\u00e9s\u0171 FM Premium hordozhat\u00f3 grill az\u00e9rt k\u00fcl\u00f6nleges, mert lehet\u0151v\u00e9 teszi a f\u0151z\u00e9si m\u00f3d szem\u00e9lyre szab\u00e1s\u00e1t. Az er\u0151s ac\u00e9lb\u00f3l k\u00e9sz\u00fclt test biztos\u00edtja a grill tart\u00f3ss\u00e1g\u00e1t \u00e9s megb\u00edzhat\u00f3s\u00e1g\u00e1t, a kr\u00f3mozott fel\u00fcletek pedig ellen\u00e1llnak a h\u0151nek \u00e9s korr\u00f3zi\u00f3nak.<\/p>\n<p>Ezen fel\u00fcl a grill k\u00f6nnyed\u00e9n tiszt\u00edthat\u00f3 \u00e9s karbantarthat\u00f3, \u00edgy minden grillez\u00e9s ut\u00e1n k\u00f6nnyed\u00e9n vissza\u00e1ll\u00edthat\u00f3 az eredeti \u00e1llapotba. Mindezekkel a jellemz\u0151kkel az FM Premium hordozhat\u00f3 faszenes grill az a term\u00e9k, amely egyszer\u0171s\u00edti a grillez\u00e9st \u00e9s egyben \u00e9lm\u00e9nny\u00e9 teszi azt.<\/p>\n<p>Az FM Premium hordozhat\u00f3 faszenes grill ide\u00e1lis v\u00e1laszt\u00e1s lehet otthoni haszn\u00e1latra, legyen sz\u00f3 h\u00e1ts\u00f3 kertben t\u00f6rt\u00e9n\u0151 grillez\u00e9sr\u0151l, vagy ak\u00e1r erk\u00e9lyen is. Ugyanakkor kiv\u00e1l\u00f3an alkalmas piknikekre, t\u00e1boroz\u00e1sokra, strandra, vagy b\u00e1rmilyen szabadt\u00e9ri rendezv\u00e9nyre, ahol szeretn\u00e9nk grillezett \u00e9teleket k\u00e9sz\u00edteni. K\u00f6nny\u0171 s\u00falya \u00e9s hordozhat\u00f3s\u00e1ga miatt, b\u00e1rhov\u00e1 magunkkal vihetj\u00fck, ahol csak szeretn\u00e9nk \u00e9lvezni a szabadt\u00e9ri f\u0151z\u00e9s \u00f6r\u00f6meit.<\/p>\n<p>V\u00e9g\u00fcl is, az FM Premium hordozhat\u00f3 faszenes grill t\u00f6k\u00e9letes v\u00e1laszt\u00e1s mindazok sz\u00e1m\u00e1ra, akik szeretik a hagyom\u00e1nyos grillez\u00e9si m\u00f3dot, de nem szeretn\u00e9k lemondani a mobilit\u00e1s k\u00e9nyelm\u00e9r\u0151l. B\u00e1rhol is legyen, \u00e9lvezze a fasz\u00e9nnel grillezett \u00e9telek \u00edz\u00e9t ezzel a megb\u00edzhat\u00f3 \u00e9s k\u00f6nnyen haszn\u00e1lhat\u00f3 grilllel.<\/p>\n<h6>Sz\u00e1ll\u00edt\u00e1si hat\u00e1rid\u0151:<\/h6>\n<ul>\n<li><strong>Magyarorsz\u00e1g \u00e9s az eg\u00e9sz Eur\u00f3pai Uni\u00f3 ter\u00fclet\u00e9n<\/strong>\u00a0is sz\u00e1ll\u00edtjuk.<\/li>\n<li>Rom\u00e1ni\u00e1ba 2-3 munkanap alatt sz\u00e1ll\u00edtjuk<\/li>\n<li>Magyarorsz\u00e1gra \u00e9s az EU ter\u00fclet\u00e9re az \u00e1tutal\u00e1s ut\u00e1n 5 munkanapon bel\u00fcl \u00e9rkezik meg a term\u00e9k.<\/li>\n<\/ul>\n<p>Ha b\u00e1rmilyen k\u00e9rd\u00e9se van, k\u00e9rj\u00fck, l\u00e9pjen kapcsolatba vel\u00fcnk.<\/p>\n<p>Tov\u00e1bbi aj\u00e1nlatok\u00e9rt kattintson\u00a0<a href=\"https:\/\/esemineu.ro\/hu\/termek-kategoria\/kerti-sutok\/\">ide<\/a><\/p>\n<p>T\u0151bb inform\u00e1ci\u00f3\u00e9rt l\u00e1togasson el\u00a0<a href=\"https:\/\/www.youtube.com\/@esemineuromania\">YouTube<\/a>-csatorn\u00e1nkra, valamint\u00a0<a href=\"https:\/\/www.facebook.com\/eSemineu\">Facebook<\/a>\u00a0\u00e9s\u00a0<a href=\"https:\/\/www.instagram.com\/esemineu\/\">Instagram<\/a>\u00a0oldalainkra.<\/p>\n<p><a href=\"https:\/\/esemineu.ro\/\">eSemineu.ro<\/a>\u00a0 \u00a0Te rakod a t\u0171zet, mi adjuk a meleget!<\/p>\n","protected":false},"excerpt":{"rendered":"<p>FM Premium hordozhat\u00f3 faszenes grill Az FM Premium hordozhat\u00f3 faszenes grillt azoknak aj\u00e1nljuk, akik nem szeretn\u00e9k lemondani a hagyom\u00e1nyos, fasz\u00e9nen grillezett \u00e9telek \u00edz\u00e9nek \u00e9lvezet\u00e9r\u0151l. Ez a grill ide\u00e1lis a kerti \u00f6sszej\u00f6vetelekhez, strandol\u00e1shoz vagy kempingez\u00e9shez, mindig szolg\u00e1lva a leny\u0171g\u00f6z\u0151 f\u00fcst\u00f6s \u00edz\u00e9lm\u00e9nyt. Az ac\u00e9l \u00e9s kr\u00f3mozott fel\u00fcletek kombin\u00e1ci\u00f3ja nemcsak kiv\u00e1l\u00f3 h\u0151eloszl\u00e1st biztos\u00edt, de hosszan tart\u00f3 ellen\u00e1ll\u00f3 k\u00e9pess\u00e9get is ad a grillnek az id\u0151j\u00e1r\u00e1s viszontags\u00e1gaival szemben. Magass\u00e1ga, 70 cm, lehet\u0151v\u00e9 teszi a k\u00f6nny\u0171 hozz\u00e1f\u00e9r\u00e9st \u00e9s a k\u00e9nyelmes f\u0151z\u00e9st, m\u00edg a 25 kg-os s\u00falya tov\u00e1bbra is lehet\u0151v\u00e9 teszi a hordozhat\u00f3s\u00e1got. A fa \u00e9s sz\u00e9n t\u00fczel\u00e9s\u0171 FM Premium hordozhat\u00f3 grill az\u00e9rt k\u00fcl\u00f6nleges, mert lehet\u0151v\u00e9 teszi a f\u0151z\u00e9si m\u00f3d szem\u00e9lyre szab\u00e1s\u00e1t. Az er\u0151s ac\u00e9lb\u00f3l k\u00e9sz\u00fclt test biztos\u00edtja a grill tart\u00f3ss\u00e1g\u00e1t \u00e9s megb\u00edzhat\u00f3s\u00e1g\u00e1t, a kr\u00f3mozott fel\u00fcletek pedig ellen\u00e1llnak a h\u0151nek \u00e9s korr\u00f3zi\u00f3nak. Ezen fel\u00fcl a grill k\u00f6nnyed\u00e9n tiszt\u00edthat\u00f3 \u00e9s karbantarthat\u00f3, \u00edgy minden grillez\u00e9s ut\u00e1n k\u00f6nnyed\u00e9n vissza\u00e1ll\u00edthat\u00f3 az eredeti \u00e1llapotba. Mindezekkel a jellemz\u0151kkel az FM Premium hordozhat\u00f3 faszenes &hellip; <a href=\"https:\/\/esemineu.ro\/hu\/termek\/fm-premium-hordozhato-faszenes-grill-58x30-cm\/\">Folytatva<\/a><\/p>\n","protected":false},"featured_media":22825,"comment_status":"open","ping_status":"closed","template":"","meta":[],"product_brand":[690],"product_cat":[1622,1037],"product_tag":[],"class_list":{"0":"post-4791","1":"product","2":"type-product","3":"status-publish","4":"has-post-thumbnail","6":"product_brand-fm-group","7":"product_cat-grillsutok","8":"product_cat-kerti-sutok","9":"product_shipping_class-grillsutok-kerti-sutok","10":"pa_combustibil-utilizat-fa","11":"pa_combustibil-utilizat-szen","12":"pa_gratar-kromozott-acel","13":"pa_material-acel","14":"pa_material-kromozott","15":"pa_suprafata-de-gatit-58cm-x-30cm-hu","16":"producer-miklos-steel","18":"first","19":"instock","20":"shipping-taxable","21":"purchasable","22":"product-type-simple"},"acf":[],"yoast_head":"<!-- This site is optimized with the Yoast SEO Premium plugin v21.0 (Yoast SEO v27.3) - https:\/\/yoast.com\/product\/yoast-seo-premium-wordpress\/ -->\n<title>FM Premium hordozhat\u00f3 faszenes grill, 58X30 cm - eSemineu<\/title>\n<meta name=\"description\" content=\"Hordozhat\u00f3, ac\u00e9lb\u00f3l k\u00e9sz\u00fclt FM Premium faszenes grill, mely ide\u00e1lis t\u00e1rs a szabadban t\u00f6rt\u00e9n\u0151 grillez\u00e9shez \u00e9s a f\u00fcst\u00f6s \u00edz\u00e9lm\u00e9nyhez, b\u00e1rhol is legyen.\" \/>\n<meta name=\"robots\" content=\"index, follow, max-snippet:-1, max-image-preview:large, max-video-preview:-1\" \/>\n<link rel=\"canonical\" href=\"https:\/\/esemineu.ro\/hu\/termek\/fm-premium-hordozhato-faszenes-grill-58x30-cm\/\" \/>\n<meta property=\"og:locale\" content=\"hu_HU\" \/>\n<meta property=\"og:type\" content=\"article\" \/>\n<meta property=\"og:title\" content=\"FM Premium hordozhat\u00f3 faszenes grill, 58X30 cm - eSemineu\" \/>\n<meta property=\"og:description\" content=\"Hordozhat\u00f3, ac\u00e9lb\u00f3l k\u00e9sz\u00fclt FM Premium faszenes grill, mely ide\u00e1lis t\u00e1rs a szabadban t\u00f6rt\u00e9n\u0151 grillez\u00e9shez \u00e9s a f\u00fcst\u00f6s \u00edz\u00e9lm\u00e9nyhez, b\u00e1rhol is legyen.\" \/>\n<meta property=\"og:url\" content=\"https:\/\/esemineu.ro\/hu\/termek\/fm-premium-hordozhato-faszenes-grill-58x30-cm\/\" \/>\n<meta property=\"og:site_name\" content=\"eSemineu\" \/>\n<meta property=\"article:publisher\" content=\"https:\/\/web.facebook.com\/eSemineu\" \/>\n<meta property=\"article:modified_time\" content=\"2024-03-26T05:37:00+00:00\" \/>\n<meta property=\"og:image\" content=\"https:\/\/esemineu.ro\/wp-content\/uploads\/2024\/03\/Nevtelen-1.jpg\" \/>\n\t<meta property=\"og:image:width\" content=\"1000\" \/>\n\t<meta property=\"og:image:height\" content=\"1000\" \/>\n\t<meta property=\"og:image:type\" content=\"image\/jpeg\" \/>\n<meta name=\"twitter:card\" content=\"summary_large_image\" \/>\n<meta name=\"twitter:label1\" content=\"Becs\u00fclt olvas\u00e1si id\u0151\" \/>\n\t<meta name=\"twitter:data1\" content=\"1 perc\" \/>\n<script type=\"application\/ld+json\" class=\"yoast-schema-graph\">{\"@context\":\"https:\\\/\\\/schema.org\",\"@graph\":[{\"@type\":\"WebPage\",\"@id\":\"https:\\\/\\\/esemineu.ro\\\/hu\\\/termek\\\/fm-premium-hordozhato-faszenes-grill-58x30-cm\\\/\",\"url\":\"https:\\\/\\\/esemineu.ro\\\/hu\\\/termek\\\/fm-premium-hordozhato-faszenes-grill-58x30-cm\\\/\",\"name\":\"FM Premium hordozhat\u00f3 faszenes grill, 58X30 cm - eSemineu\",\"isPartOf\":{\"@id\":\"https:\\\/\\\/esemineu.ro\\\/hu\\\/#website\"},\"primaryImageOfPage\":{\"@id\":\"https:\\\/\\\/esemineu.ro\\\/hu\\\/termek\\\/fm-premium-hordozhato-faszenes-grill-58x30-cm\\\/#primaryimage\"},\"image\":{\"@id\":\"https:\\\/\\\/esemineu.ro\\\/hu\\\/termek\\\/fm-premium-hordozhato-faszenes-grill-58x30-cm\\\/#primaryimage\"},\"thumbnailUrl\":\"https:\\\/\\\/esemineu.ro\\\/wp-content\\\/uploads\\\/2024\\\/03\\\/Nevtelen-1.jpg\",\"datePublished\":\"2021-06-30T08:45:48+00:00\",\"dateModified\":\"2024-03-26T05:37:00+00:00\",\"description\":\"Hordozhat\u00f3, ac\u00e9lb\u00f3l k\u00e9sz\u00fclt FM Premium faszenes grill, mely ide\u00e1lis t\u00e1rs a szabadban t\u00f6rt\u00e9n\u0151 grillez\u00e9shez \u00e9s a f\u00fcst\u00f6s \u00edz\u00e9lm\u00e9nyhez, b\u00e1rhol is legyen.\",\"breadcrumb\":{\"@id\":\"https:\\\/\\\/esemineu.ro\\\/hu\\\/termek\\\/fm-premium-hordozhato-faszenes-grill-58x30-cm\\\/#breadcrumb\"},\"inLanguage\":\"hu\",\"potentialAction\":[{\"@type\":\"ReadAction\",\"target\":[\"https:\\\/\\\/esemineu.ro\\\/hu\\\/termek\\\/fm-premium-hordozhato-faszenes-grill-58x30-cm\\\/\"]}]},{\"@type\":\"ImageObject\",\"inLanguage\":\"hu\",\"@id\":\"https:\\\/\\\/esemineu.ro\\\/hu\\\/termek\\\/fm-premium-hordozhato-faszenes-grill-58x30-cm\\\/#primaryimage\",\"url\":\"https:\\\/\\\/esemineu.ro\\\/wp-content\\\/uploads\\\/2024\\\/03\\\/Nevtelen-1.jpg\",\"contentUrl\":\"https:\\\/\\\/esemineu.ro\\\/wp-content\\\/uploads\\\/2024\\\/03\\\/Nevtelen-1.jpg\",\"width\":1000,\"height\":1000,\"caption\":\"FM Premium hordozhat\u00f3 faszenes grill\"},{\"@type\":\"BreadcrumbList\",\"@id\":\"https:\\\/\\\/esemineu.ro\\\/hu\\\/termek\\\/fm-premium-hordozhato-faszenes-grill-58x30-cm\\\/#breadcrumb\",\"itemListElement\":[{\"@type\":\"ListItem\",\"position\":1,\"name\":\"Kezd\u0151lap\",\"item\":\"https:\\\/\\\/esemineu.ro\\\/hu\\\/\"},{\"@type\":\"ListItem\",\"position\":2,\"name\":\"\u00c1ruh\u00e1z\",\"item\":\"https:\\\/\\\/esemineu.ro\\\/hu\\\/aruhaz\\\/\"},{\"@type\":\"ListItem\",\"position\":3,\"name\":\"FM Premium hordozhat\u00f3 faszenes grill, 58X30 cm\"}]},{\"@type\":\"WebSite\",\"@id\":\"https:\\\/\\\/esemineu.ro\\\/hu\\\/#website\",\"url\":\"https:\\\/\\\/esemineu.ro\\\/hu\\\/\",\"name\":\"eSemineu\",\"description\":\"\u0218eminee de cea mai \u00eenalt\u0103 calitate\",\"potentialAction\":[{\"@type\":\"SearchAction\",\"target\":{\"@type\":\"EntryPoint\",\"urlTemplate\":\"https:\\\/\\\/esemineu.ro\\\/hu\\\/?s={search_term_string}\"},\"query-input\":{\"@type\":\"PropertyValueSpecification\",\"valueRequired\":true,\"valueName\":\"search_term_string\"}}],\"inLanguage\":\"hu\"}]}<\/script>\n<!-- \/ Yoast SEO Premium plugin. -->","yoast_head_json":{"title":"FM Premium hordozhat\u00f3 faszenes grill, 58X30 cm - eSemineu","description":"Hordozhat\u00f3, ac\u00e9lb\u00f3l k\u00e9sz\u00fclt FM Premium faszenes grill, mely ide\u00e1lis t\u00e1rs a szabadban t\u00f6rt\u00e9n\u0151 grillez\u00e9shez \u00e9s a f\u00fcst\u00f6s \u00edz\u00e9lm\u00e9nyhez, b\u00e1rhol is legyen.","robots":{"index":"index","follow":"follow","max-snippet":"max-snippet:-1","max-image-preview":"max-image-preview:large","max-video-preview":"max-video-preview:-1"},"canonical":"https:\/\/esemineu.ro\/hu\/termek\/fm-premium-hordozhato-faszenes-grill-58x30-cm\/","og_locale":"hu_HU","og_type":"article","og_title":"FM Premium hordozhat\u00f3 faszenes grill, 58X30 cm - eSemineu","og_description":"Hordozhat\u00f3, ac\u00e9lb\u00f3l k\u00e9sz\u00fclt FM Premium faszenes grill, mely ide\u00e1lis t\u00e1rs a szabadban t\u00f6rt\u00e9n\u0151 grillez\u00e9shez \u00e9s a f\u00fcst\u00f6s \u00edz\u00e9lm\u00e9nyhez, b\u00e1rhol is legyen.","og_url":"https:\/\/esemineu.ro\/hu\/termek\/fm-premium-hordozhato-faszenes-grill-58x30-cm\/","og_site_name":"eSemineu","article_publisher":"https:\/\/web.facebook.com\/eSemineu","article_modified_time":"2024-03-26T05:37:00+00:00","og_image":[{"width":1000,"height":1000,"url":"https:\/\/esemineu.ro\/wp-content\/uploads\/2024\/03\/Nevtelen-1.jpg","type":"image\/jpeg"}],"twitter_card":"summary_large_image","twitter_misc":{"Becs\u00fclt olvas\u00e1si id\u0151":"1 perc"},"schema":{"@context":"https:\/\/schema.org","@graph":[{"@type":"WebPage","@id":"https:\/\/esemineu.ro\/hu\/termek\/fm-premium-hordozhato-faszenes-grill-58x30-cm\/","url":"https:\/\/esemineu.ro\/hu\/termek\/fm-premium-hordozhato-faszenes-grill-58x30-cm\/","name":"FM Premium hordozhat\u00f3 faszenes grill, 58X30 cm - eSemineu","isPartOf":{"@id":"https:\/\/esemineu.ro\/hu\/#website"},"primaryImageOfPage":{"@id":"https:\/\/esemineu.ro\/hu\/termek\/fm-premium-hordozhato-faszenes-grill-58x30-cm\/#primaryimage"},"image":{"@id":"https:\/\/esemineu.ro\/hu\/termek\/fm-premium-hordozhato-faszenes-grill-58x30-cm\/#primaryimage"},"thumbnailUrl":"https:\/\/esemineu.ro\/wp-content\/uploads\/2024\/03\/Nevtelen-1.jpg","datePublished":"2021-06-30T08:45:48+00:00","dateModified":"2024-03-26T05:37:00+00:00","description":"Hordozhat\u00f3, ac\u00e9lb\u00f3l k\u00e9sz\u00fclt FM Premium faszenes grill, mely ide\u00e1lis t\u00e1rs a szabadban t\u00f6rt\u00e9n\u0151 grillez\u00e9shez \u00e9s a f\u00fcst\u00f6s \u00edz\u00e9lm\u00e9nyhez, b\u00e1rhol is legyen.","breadcrumb":{"@id":"https:\/\/esemineu.ro\/hu\/termek\/fm-premium-hordozhato-faszenes-grill-58x30-cm\/#breadcrumb"},"inLanguage":"hu","potentialAction":[{"@type":"ReadAction","target":["https:\/\/esemineu.ro\/hu\/termek\/fm-premium-hordozhato-faszenes-grill-58x30-cm\/"]}]},{"@type":"ImageObject","inLanguage":"hu","@id":"https:\/\/esemineu.ro\/hu\/termek\/fm-premium-hordozhato-faszenes-grill-58x30-cm\/#primaryimage","url":"https:\/\/esemineu.ro\/wp-content\/uploads\/2024\/03\/Nevtelen-1.jpg","contentUrl":"https:\/\/esemineu.ro\/wp-content\/uploads\/2024\/03\/Nevtelen-1.jpg","width":1000,"height":1000,"caption":"FM Premium hordozhat\u00f3 faszenes grill"},{"@type":"BreadcrumbList","@id":"https:\/\/esemineu.ro\/hu\/termek\/fm-premium-hordozhato-faszenes-grill-58x30-cm\/#breadcrumb","itemListElement":[{"@type":"ListItem","position":1,"name":"Kezd\u0151lap","item":"https:\/\/esemineu.ro\/hu\/"},{"@type":"ListItem","position":2,"name":"\u00c1ruh\u00e1z","item":"https:\/\/esemineu.ro\/hu\/aruhaz\/"},{"@type":"ListItem","position":3,"name":"FM Premium hordozhat\u00f3 faszenes grill, 58X30 cm"}]},{"@type":"WebSite","@id":"https:\/\/esemineu.ro\/hu\/#website","url":"https:\/\/esemineu.ro\/hu\/","name":"eSemineu","description":"\u0218eminee de cea mai \u00eenalt\u0103 calitate","potentialAction":[{"@type":"SearchAction","target":{"@type":"EntryPoint","urlTemplate":"https:\/\/esemineu.ro\/hu\/?s={search_term_string}"},"query-input":{"@type":"PropertyValueSpecification","valueRequired":true,"valueName":"search_term_string"}}],"inLanguage":"hu"}]}},"_links":{"self":[{"href":"https:\/\/esemineu.ro\/hu\/wp-json\/wp\/v2\/product\/4791","targetHints":{"allow":["GET"]}}],"collection":[{"href":"https:\/\/esemineu.ro\/hu\/wp-json\/wp\/v2\/product"}],"about":[{"href":"https:\/\/esemineu.ro\/hu\/wp-json\/wp\/v2\/types\/product"}],"replies":[{"embeddable":true,"href":"https:\/\/esemineu.ro\/hu\/wp-json\/wp\/v2\/comments?post=4791"}],"wp:featuredmedia":[{"embeddable":true,"href":"https:\/\/esemineu.ro\/hu\/wp-json\/wp\/v2\/media\/22825"}],"wp:attachment":[{"href":"https:\/\/esemineu.ro\/hu\/wp-json\/wp\/v2\/media?parent=4791"}],"wp:term":[{"taxonomy":"product_brand","embeddable":true,"href":"https:\/\/esemineu.ro\/hu\/wp-json\/wp\/v2\/product_brand?post=4791"},{"taxonomy":"product_cat","embeddable":true,"href":"https:\/\/esemineu.ro\/hu\/wp-json\/wp\/v2\/product_cat?post=4791"},{"taxonomy":"product_tag","embeddable":true,"href":"https:\/\/esemineu.ro\/hu\/wp-json\/wp\/v2\/product_tag?post=4791"}],"curies":[{"name":"wp","href":"https:\/\/api.w.org\/{rel}","templated":true}]}}