{"id":4743,"date":"2021-09-13T06:29:47","date_gmt":"2021-09-13T04:29:47","guid":{"rendered":"https:\/\/esemineu.ro\/product\/soba-de-teracota-romane-crin-9kw\/"},"modified":"2023-08-28T17:37:23","modified_gmt":"2023-08-28T14:37:23","slug":"romane-crin-csempekalyha","status":"publish","type":"product","link":"https:\/\/esemineu.ro\/hu\/termek\/romane-crin-csempekalyha\/","title":{"rendered":"Romane Crin csempek\u00e1lyha"},"content":{"rendered":"<p>Sob\u0103 de teracot\u0103 Romane Crin 9kW<\/p>\n<h5>Din 1906, la Teracota Media\u0219, fiecare cahla este turnat\u0103, finisat\u0103, glazurat\u0103 \u0219i pictat\u0103 manual.<\/h5>\n<p><iframe title=\"TERACOTA\" src=\"https:\/\/player.vimeo.com\/video\/394114536?dnt=1&amp;app_id=122963\" width=\"500\" height=\"281\" frameborder=\"0\" allow=\"autoplay; fullscreen; picture-in-picture; clipboard-write\"><\/iframe><\/p>\n<p>La prima folosire se inc\u0103lze\u0219te numai <strong>plita din font\u0103<\/strong>\u00a0si <strong>u\u0219ile din font\u0103<\/strong>, dup\u0103 2 focuri \u00eencepe s\u0103 se inc\u0103lzeasc\u0103 \u0219i soba de teracot\u0103.<\/p>\n<p>Soba de teracot\u0103 pe lemne <strong>radiaz\u0103 c\u0103ldura<\/strong> intreaga zi \u0219i noapte cu numai doua-trei focuri pe zi. Odat\u0103 aprins focul, arde p\u0103n\u0103 se stinge singur, a\u0219a c\u0103 nu este necesar s\u0103 reaproviziona\u021bi focul. Eliminindu-se astfel riscul lemnelor care ar c\u0103dea din foc si folosirea p\u0103rtilor fierbinti de metal de la u\u0219a sobei de teracot\u0103.<\/p>\n<h4>Aten\u021bie! Nu arde\u021bi!<\/h4>\n<p>Resturi casnice, fibr\u0103 lemnoasa lipit\u0103 sau vopsit\u0103, sperplat sau pl\u0103ci din particule din lemn sau alte resturi care contin amestecuri chimice artificiale, \u00eentruc\u0103t otr\u0103vurile nu ard, ci numai i\u0219i schimb\u0103 aspectul si c\u0103nd se arunc\u0103 in atmosfer\u0103 duc la urm\u0103ri imprevizibile. Soba este o instala\u021bie pentru \u00eenc\u0103lzit, dar si pentru g\u0103tit. Dac\u0103 arde\u021bi reziduri \u00een sob\u0103 se \u00eenfund\u0103 gura de evacuare a fumului sobei de teracot\u0103.<\/p>\n<p>Sobele de teracot\u0103 Media\u0219i pe lemne, sunt renumite pentru calitatea lor!<\/p>\n<p>Este indicat la primele focuri sa nu faceti foc intens \u0219i s\u0103 inc\u0103lziti soba treptat. Dup\u0103 2 focuri incepe s\u0103 se inc\u0103lzeasc\u0103 c\u0103ptuseala din \u0219amot si c\u0103ramizile de teracot\u0103 dup\u0103 care incepe sa radieze c\u0103ldura. <strong>Lungimea hornului <\/strong>(burlanului,co\u0219ului) <strong>trebuie s\u0103 fie de minim 5 metri. <\/strong>Vezi instruc\u021biunile de montare co\u0219 pe partea din spatele certificatului de garan\u021bie.<\/p>\n<p>Pentru mai multe produse din categoria sobe de teracot\u0103 click <a href=\"https:\/\/esemineu.ro\/categorie-produs\/sobe-teracota\/\">aici<\/a><\/p>\n<p><strong>Sob\u0103 de teracot\u0103 Romane Crin 9kW ,<\/strong> de inc\u0103lzit se livreaz\u0103: \u00a0Produsul este fixat pe palet cu benzi din plastic de 16mm s\u0103 nu cad\u0103 de pe palet in timpul livr\u0103rii. Este \u00eenvelit cu trei r\u0103nduri de folii. Folie cu bube din aer ca s\u0103 nu se ciobeasc\u0103 \u0219i folie strech.\u00a0 Soba de teracot\u0103 este \u00eenso\u021bit de manualul de utilizare, declara\u021bia de conformitate \u0219i certificatul de garan\u021bie.<\/p>\n<p>Produsul este disponibil numai la comand\u0103, termenul de executie si livrare aproximativ 60 zile!<\/p>\n<p>Tu faci focul noi d\u0103m confortul | eSemineu.ro<\/p>\n","protected":false},"excerpt":{"rendered":"<p>Sob\u0103 de teracot\u0103 Romane Crin 9kW Din 1906, la Teracota Media\u0219, fiecare cahla este turnat\u0103, finisat\u0103, glazurat\u0103 \u0219i pictat\u0103 manual. La prima folosire se inc\u0103lze\u0219te numai plita din font\u0103\u00a0si u\u0219ile din font\u0103, dup\u0103 2 focuri \u00eencepe s\u0103 se inc\u0103lzeasc\u0103 \u0219i soba de teracot\u0103. Soba de teracot\u0103 pe lemne radiaz\u0103 c\u0103ldura intreaga zi \u0219i noapte cu numai doua-trei focuri pe zi. Odat\u0103 aprins focul, arde p\u0103n\u0103 se stinge singur, a\u0219a c\u0103 nu este necesar s\u0103 reaproviziona\u021bi focul. Eliminindu-se astfel riscul lemnelor care ar c\u0103dea din foc si folosirea p\u0103rtilor fierbinti de metal de la u\u0219a sobei de teracot\u0103. Aten\u021bie! Nu arde\u021bi! Resturi casnice, fibr\u0103 lemnoasa lipit\u0103 sau vopsit\u0103, sperplat sau pl\u0103ci din particule din lemn sau alte resturi care contin amestecuri chimice artificiale, \u00eentruc\u0103t otr\u0103vurile nu ard, ci numai i\u0219i schimb\u0103 aspectul si c\u0103nd se arunc\u0103 in atmosfer\u0103 duc la urm\u0103ri imprevizibile. Soba este o instala\u021bie pentru \u00eenc\u0103lzit, dar si pentru &hellip; <a href=\"https:\/\/esemineu.ro\/hu\/termek\/romane-crin-csempekalyha\/\">Folytatva<\/a><\/p>\n","protected":false},"featured_media":10572,"comment_status":"open","ping_status":"closed","template":"","meta":[],"product_brand":[704],"product_cat":[24],"product_tag":[],"class_list":{"0":"post-4743","1":"product","2":"type-product","3":"status-publish","4":"has-post-thumbnail","6":"product_brand-sn-deco-group","7":"product_cat-kategoria-nelkul","8":"product_shipping_class-csempekalyhak","9":"pa_combustibil-utilizat-fa","10":"pa_diametru-racordului-la-cos-120-mm-hu","11":"pa_eficienta-70-hu","12":"pa_material-exterior-ontveny-labak-ajtok-fozolap-teto-es-fustcso-kivezetes-hu","13":"pa_material-interior-csempe-tegla","14":"pa_putere-9-kw-hu","15":"pa_randuri-teracota-4-hu","16":"pa_suprafata-maxima-mc-60-hu","17":"producer-sn-deco-group","19":"first","20":"outofstock","21":"featured","22":"shipping-taxable","23":"purchasable","24":"product-type-simple"},"acf":[],"yoast_head":"<!-- This site is optimized with the Yoast SEO Premium plugin v21.0 (Yoast SEO v27.3) - https:\/\/yoast.com\/product\/yoast-seo-premium-wordpress\/ -->\n<title>Romane Crin csempek\u00e1lyha - eSemineu<\/title>\n<meta name=\"robots\" content=\"index, follow, max-snippet:-1, max-image-preview:large, max-video-preview:-1\" \/>\n<link rel=\"canonical\" href=\"https:\/\/esemineu.ro\/hu\/termek\/romane-crin-csempekalyha\/\" \/>\n<meta property=\"og:locale\" content=\"hu_HU\" \/>\n<meta property=\"og:type\" content=\"article\" \/>\n<meta property=\"og:title\" content=\"Romane Crin csempek\u00e1lyha - eSemineu\" \/>\n<meta property=\"og:description\" content=\"Sob\u0103 de teracot\u0103 Romane Crin 9kW Din 1906, la Teracota Media\u0219, fiecare cahla este turnat\u0103, finisat\u0103, glazurat\u0103 \u0219i pictat\u0103 manual. La prima folosire se inc\u0103lze\u0219te numai plita din font\u0103\u00a0si u\u0219ile din font\u0103, dup\u0103 2 focuri \u00eencepe s\u0103 se inc\u0103lzeasc\u0103 \u0219i soba de teracot\u0103. Soba de teracot\u0103 pe lemne radiaz\u0103 c\u0103ldura intreaga zi \u0219i noapte cu numai doua-trei focuri pe zi. Odat\u0103 aprins focul, arde p\u0103n\u0103 se stinge singur, a\u0219a c\u0103 nu este necesar s\u0103 reaproviziona\u021bi focul. Eliminindu-se astfel riscul lemnelor care ar c\u0103dea din foc si folosirea p\u0103rtilor fierbinti de metal de la u\u0219a sobei de teracot\u0103. Aten\u021bie! Nu arde\u021bi! Resturi casnice, fibr\u0103 lemnoasa lipit\u0103 sau vopsit\u0103, sperplat sau pl\u0103ci din particule din lemn sau alte resturi care contin amestecuri chimice artificiale, \u00eentruc\u0103t otr\u0103vurile nu ard, ci numai i\u0219i schimb\u0103 aspectul si c\u0103nd se arunc\u0103 in atmosfer\u0103 duc la urm\u0103ri imprevizibile. Soba este o instala\u021bie pentru \u00eenc\u0103lzit, dar si pentru &hellip; Folytatva\" \/>\n<meta property=\"og:url\" content=\"https:\/\/esemineu.ro\/hu\/termek\/romane-crin-csempekalyha\/\" \/>\n<meta property=\"og:site_name\" content=\"eSemineu\" \/>\n<meta property=\"article:publisher\" content=\"https:\/\/web.facebook.com\/eSemineu\" \/>\n<meta property=\"article:modified_time\" content=\"2023-08-28T14:37:23+00:00\" \/>\n<meta property=\"og:image\" content=\"https:\/\/esemineu.ro\/wp-content\/uploads\/2023\/09\/Front-17-1.jpg\" \/>\n\t<meta property=\"og:image:width\" content=\"1000\" \/>\n\t<meta property=\"og:image:height\" content=\"1000\" \/>\n\t<meta property=\"og:image:type\" content=\"image\/jpeg\" \/>\n<meta name=\"twitter:card\" content=\"summary_large_image\" \/>\n<meta name=\"twitter:label1\" content=\"Becs\u00fclt olvas\u00e1si id\u0151\" \/>\n\t<meta name=\"twitter:data1\" content=\"2 perc\" \/>\n<script type=\"application\/ld+json\" class=\"yoast-schema-graph\">{\"@context\":\"https:\\\/\\\/schema.org\",\"@graph\":[{\"@type\":\"WebPage\",\"@id\":\"https:\\\/\\\/esemineu.ro\\\/hu\\\/termek\\\/romane-crin-csempekalyha\\\/\",\"url\":\"https:\\\/\\\/esemineu.ro\\\/hu\\\/termek\\\/romane-crin-csempekalyha\\\/\",\"name\":\"Romane Crin csempek\u00e1lyha - eSemineu\",\"isPartOf\":{\"@id\":\"https:\\\/\\\/esemineu.ro\\\/hu\\\/#website\"},\"primaryImageOfPage\":{\"@id\":\"https:\\\/\\\/esemineu.ro\\\/hu\\\/termek\\\/romane-crin-csempekalyha\\\/#primaryimage\"},\"image\":{\"@id\":\"https:\\\/\\\/esemineu.ro\\\/hu\\\/termek\\\/romane-crin-csempekalyha\\\/#primaryimage\"},\"thumbnailUrl\":\"https:\\\/\\\/esemineu.ro\\\/wp-content\\\/uploads\\\/2023\\\/09\\\/Front-17-1.jpg\",\"datePublished\":\"2021-09-13T04:29:47+00:00\",\"dateModified\":\"2023-08-28T14:37:23+00:00\",\"breadcrumb\":{\"@id\":\"https:\\\/\\\/esemineu.ro\\\/hu\\\/termek\\\/romane-crin-csempekalyha\\\/#breadcrumb\"},\"inLanguage\":\"hu\",\"potentialAction\":[{\"@type\":\"ReadAction\",\"target\":[\"https:\\\/\\\/esemineu.ro\\\/hu\\\/termek\\\/romane-crin-csempekalyha\\\/\"]}]},{\"@type\":\"ImageObject\",\"inLanguage\":\"hu\",\"@id\":\"https:\\\/\\\/esemineu.ro\\\/hu\\\/termek\\\/romane-crin-csempekalyha\\\/#primaryimage\",\"url\":\"https:\\\/\\\/esemineu.ro\\\/wp-content\\\/uploads\\\/2023\\\/09\\\/Front-17-1.jpg\",\"contentUrl\":\"https:\\\/\\\/esemineu.ro\\\/wp-content\\\/uploads\\\/2023\\\/09\\\/Front-17-1.jpg\",\"width\":1000,\"height\":1000},{\"@type\":\"BreadcrumbList\",\"@id\":\"https:\\\/\\\/esemineu.ro\\\/hu\\\/termek\\\/romane-crin-csempekalyha\\\/#breadcrumb\",\"itemListElement\":[{\"@type\":\"ListItem\",\"position\":1,\"name\":\"Kezd\u0151lap\",\"item\":\"https:\\\/\\\/esemineu.ro\\\/hu\\\/\"},{\"@type\":\"ListItem\",\"position\":2,\"name\":\"\u00c1ruh\u00e1z\",\"item\":\"https:\\\/\\\/esemineu.ro\\\/hu\\\/aruhaz\\\/\"},{\"@type\":\"ListItem\",\"position\":3,\"name\":\"Romane Crin csempek\u00e1lyha\"}]},{\"@type\":\"WebSite\",\"@id\":\"https:\\\/\\\/esemineu.ro\\\/hu\\\/#website\",\"url\":\"https:\\\/\\\/esemineu.ro\\\/hu\\\/\",\"name\":\"eSemineu\",\"description\":\"\u0218eminee de cea mai \u00eenalt\u0103 calitate\",\"potentialAction\":[{\"@type\":\"SearchAction\",\"target\":{\"@type\":\"EntryPoint\",\"urlTemplate\":\"https:\\\/\\\/esemineu.ro\\\/hu\\\/?s={search_term_string}\"},\"query-input\":{\"@type\":\"PropertyValueSpecification\",\"valueRequired\":true,\"valueName\":\"search_term_string\"}}],\"inLanguage\":\"hu\"}]}<\/script>\n<!-- \/ Yoast SEO Premium plugin. -->","yoast_head_json":{"title":"Romane Crin csempek\u00e1lyha - eSemineu","robots":{"index":"index","follow":"follow","max-snippet":"max-snippet:-1","max-image-preview":"max-image-preview:large","max-video-preview":"max-video-preview:-1"},"canonical":"https:\/\/esemineu.ro\/hu\/termek\/romane-crin-csempekalyha\/","og_locale":"hu_HU","og_type":"article","og_title":"Romane Crin csempek\u00e1lyha - eSemineu","og_description":"Sob\u0103 de teracot\u0103 Romane Crin 9kW Din 1906, la Teracota Media\u0219, fiecare cahla este turnat\u0103, finisat\u0103, glazurat\u0103 \u0219i pictat\u0103 manual. La prima folosire se inc\u0103lze\u0219te numai plita din font\u0103\u00a0si u\u0219ile din font\u0103, dup\u0103 2 focuri \u00eencepe s\u0103 se inc\u0103lzeasc\u0103 \u0219i soba de teracot\u0103. Soba de teracot\u0103 pe lemne radiaz\u0103 c\u0103ldura intreaga zi \u0219i noapte cu numai doua-trei focuri pe zi. Odat\u0103 aprins focul, arde p\u0103n\u0103 se stinge singur, a\u0219a c\u0103 nu este necesar s\u0103 reaproviziona\u021bi focul. Eliminindu-se astfel riscul lemnelor care ar c\u0103dea din foc si folosirea p\u0103rtilor fierbinti de metal de la u\u0219a sobei de teracot\u0103. Aten\u021bie! Nu arde\u021bi! Resturi casnice, fibr\u0103 lemnoasa lipit\u0103 sau vopsit\u0103, sperplat sau pl\u0103ci din particule din lemn sau alte resturi care contin amestecuri chimice artificiale, \u00eentruc\u0103t otr\u0103vurile nu ard, ci numai i\u0219i schimb\u0103 aspectul si c\u0103nd se arunc\u0103 in atmosfer\u0103 duc la urm\u0103ri imprevizibile. Soba este o instala\u021bie pentru \u00eenc\u0103lzit, dar si pentru &hellip; Folytatva","og_url":"https:\/\/esemineu.ro\/hu\/termek\/romane-crin-csempekalyha\/","og_site_name":"eSemineu","article_publisher":"https:\/\/web.facebook.com\/eSemineu","article_modified_time":"2023-08-28T14:37:23+00:00","og_image":[{"width":1000,"height":1000,"url":"https:\/\/esemineu.ro\/wp-content\/uploads\/2023\/09\/Front-17-1.jpg","type":"image\/jpeg"}],"twitter_card":"summary_large_image","twitter_misc":{"Becs\u00fclt olvas\u00e1si id\u0151":"2 perc"},"schema":{"@context":"https:\/\/schema.org","@graph":[{"@type":"WebPage","@id":"https:\/\/esemineu.ro\/hu\/termek\/romane-crin-csempekalyha\/","url":"https:\/\/esemineu.ro\/hu\/termek\/romane-crin-csempekalyha\/","name":"Romane Crin csempek\u00e1lyha - eSemineu","isPartOf":{"@id":"https:\/\/esemineu.ro\/hu\/#website"},"primaryImageOfPage":{"@id":"https:\/\/esemineu.ro\/hu\/termek\/romane-crin-csempekalyha\/#primaryimage"},"image":{"@id":"https:\/\/esemineu.ro\/hu\/termek\/romane-crin-csempekalyha\/#primaryimage"},"thumbnailUrl":"https:\/\/esemineu.ro\/wp-content\/uploads\/2023\/09\/Front-17-1.jpg","datePublished":"2021-09-13T04:29:47+00:00","dateModified":"2023-08-28T14:37:23+00:00","breadcrumb":{"@id":"https:\/\/esemineu.ro\/hu\/termek\/romane-crin-csempekalyha\/#breadcrumb"},"inLanguage":"hu","potentialAction":[{"@type":"ReadAction","target":["https:\/\/esemineu.ro\/hu\/termek\/romane-crin-csempekalyha\/"]}]},{"@type":"ImageObject","inLanguage":"hu","@id":"https:\/\/esemineu.ro\/hu\/termek\/romane-crin-csempekalyha\/#primaryimage","url":"https:\/\/esemineu.ro\/wp-content\/uploads\/2023\/09\/Front-17-1.jpg","contentUrl":"https:\/\/esemineu.ro\/wp-content\/uploads\/2023\/09\/Front-17-1.jpg","width":1000,"height":1000},{"@type":"BreadcrumbList","@id":"https:\/\/esemineu.ro\/hu\/termek\/romane-crin-csempekalyha\/#breadcrumb","itemListElement":[{"@type":"ListItem","position":1,"name":"Kezd\u0151lap","item":"https:\/\/esemineu.ro\/hu\/"},{"@type":"ListItem","position":2,"name":"\u00c1ruh\u00e1z","item":"https:\/\/esemineu.ro\/hu\/aruhaz\/"},{"@type":"ListItem","position":3,"name":"Romane Crin csempek\u00e1lyha"}]},{"@type":"WebSite","@id":"https:\/\/esemineu.ro\/hu\/#website","url":"https:\/\/esemineu.ro\/hu\/","name":"eSemineu","description":"\u0218eminee de cea mai \u00eenalt\u0103 calitate","potentialAction":[{"@type":"SearchAction","target":{"@type":"EntryPoint","urlTemplate":"https:\/\/esemineu.ro\/hu\/?s={search_term_string}"},"query-input":{"@type":"PropertyValueSpecification","valueRequired":true,"valueName":"search_term_string"}}],"inLanguage":"hu"}]}},"_links":{"self":[{"href":"https:\/\/esemineu.ro\/hu\/wp-json\/wp\/v2\/product\/4743","targetHints":{"allow":["GET"]}}],"collection":[{"href":"https:\/\/esemineu.ro\/hu\/wp-json\/wp\/v2\/product"}],"about":[{"href":"https:\/\/esemineu.ro\/hu\/wp-json\/wp\/v2\/types\/product"}],"replies":[{"embeddable":true,"href":"https:\/\/esemineu.ro\/hu\/wp-json\/wp\/v2\/comments?post=4743"}],"wp:featuredmedia":[{"embeddable":true,"href":"https:\/\/esemineu.ro\/hu\/wp-json\/wp\/v2\/media\/10572"}],"wp:attachment":[{"href":"https:\/\/esemineu.ro\/hu\/wp-json\/wp\/v2\/media?parent=4743"}],"wp:term":[{"taxonomy":"product_brand","embeddable":true,"href":"https:\/\/esemineu.ro\/hu\/wp-json\/wp\/v2\/product_brand?post=4743"},{"taxonomy":"product_cat","embeddable":true,"href":"https:\/\/esemineu.ro\/hu\/wp-json\/wp\/v2\/product_cat?post=4743"},{"taxonomy":"product_tag","embeddable":true,"href":"https:\/\/esemineu.ro\/hu\/wp-json\/wp\/v2\/product_tag?post=4743"}],"curies":[{"name":"wp","href":"https:\/\/api.w.org\/{rel}","templated":true}]}}