{"id":4721,"date":"2021-11-08T13:17:17","date_gmt":"2021-11-08T10:17:17","guid":{"rendered":"https:\/\/esemineu.ro\/product\/soba-de-teracota-pe-lemne-verde\/"},"modified":"2025-11-18T18:23:04","modified_gmt":"2025-11-18T16:23:04","slug":"hordozhato-3-soros-cserepkalyha-uvegezett-5-kw-zold","status":"publish","type":"product","link":"https:\/\/esemineu.ro\/hu\/termek\/hordozhato-3-soros-cserepkalyha-uvegezett-5-kw-zold\/","title":{"rendered":"Hordozhat\u00f3 3 soros cser\u00e9pk\u00e1lyha \u00fcvegezett, 5 kW, Z\u00f6ld"},"content":{"rendered":"<p>Hordozhat\u00f3 3 soros cser\u00e9pk\u00e1lyha \u00fcvegezett<\/p>\n<p>Fedezze fel a k\u00e9nyelmes \u00e9s praktikus Hordozhat\u00f3 3 soros cser\u00e9pk\u00e1lyh\u00e1t \u00fcvegezett kivitelben! Ez a z\u00f6ld sz\u00edn\u0171 k\u00e1lyha t\u00f6k\u00e9letes v\u00e1laszt\u00e1s az otthona meleg\u00e9nek biztos\u00edt\u00e1s\u00e1hoz \u00e9s egyedi, st\u00edlusos megjelen\u00e9st k\u00f6lcs\u00f6n\u00f6zhet a t\u00e9rnek.<\/p>\n<p>A k\u00e1lyha 5 kW teljes\u00edtm\u00e9nnyel rendelkezik, \u00edgy hat\u00e9konyan \u00e9s gyorsan felmeleg\u00edti a helyis\u00e9get. Kiv\u00e1l\u00f3an alkalmas olyan helyis\u00e9gek f\u0171t\u00e9s\u00e9re, mint a nappali, h\u00e1l\u00f3szoba vagy ak\u00e1r a f\u00fcrd\u0151szoba is. A f\u0151z\u0151lap kialak\u00edt\u00e1s lehet\u0151v\u00e9 teszi, hogy az \u00e9telt k\u00f6zvetlen\u00fcl a k\u00e1lyh\u00e1n f\u0151zze, \u00edgy praktikus \u00e9s gazdas\u00e1gos megold\u00e1st ny\u00fajt.<\/p>\n<p>Az \u00fcvegezett kivitelnek k\u00f6sz\u00f6nhet\u0151en a l\u00e1ngok l\u00e1tv\u00e1nya is \u00e9lvezhet\u0151, \u00edgy a k\u00e1lyha nemcsak a melegr\u0151l, hanem a hangulatr\u00f3l is gondoskodik. Az ac\u00e9l l\u00e1bak \u00e9s az \u00f6ntv\u00e9ny ajt\u00f3k a tart\u00f3ss\u00e1g \u00e9s a stabilit\u00e1s \u00e9rdek\u00e9ben k\u00e9sz\u00fcltek, \u00edgy hossz\u00fa \u00e9lettartamot garant\u00e1lnak.<\/p>\n<p>A Hordozhat\u00f3 3 soros cser\u00e9pk\u00e1lyha 120 mm-es f\u00fcstcs\u0151vel rendelkezik, amely hat\u00e9konyan vezeti el a f\u00fcst\u00f6t, \u00e9s hozz\u00e1j\u00e1rul a tiszta \u00e9g\u00e9shez. A k\u00e1lyh\u00e1t brikettel vagy f\u00e1val lehet f\u0171teni, \u00edgy az \u00fczemeltet\u00e9s is egyszer\u0171 \u00e9s k\u00f6nny\u0171.<\/p>\n<p>A Hordozhat\u00f3 3 soros cser\u00e9pk\u00e1lyha \u00fcvegezett m\u00e9retei 470 mm x 470 mm x 840 mm, a s\u00falya pedig 170 kg. Ez\u00e1ltal k\u00f6nnyed\u00e9n elhelyezhet\u0151 \u00e9s sz\u00e1ll\u00edthat\u00f3 a k\u00edv\u00e1nt helyre.<\/p>\n<p>Ha egy hat\u00e9kony, st\u00edlusos \u00e9s praktikus f\u0171t\u00e9si megold\u00e1st keres, akkor v\u00e1lassza a Hordozhat\u00f3 3 soros cser\u00e9pk\u00e1lyh\u00e1t \u00fcvegezett, z\u00f6ld kivitelben! Tegye otthon\u00e1t melegebb\u00e9 \u00e9s hangulatosabb\u00e1 ezzel a kiv\u00e1l\u00f3 min\u0151s\u00e9g\u0171 cser\u00e9pk\u00e1lyh\u00e1val!<\/p>\n<p>Fontos megjegyezni, hogy a t\u0171zhely hullad\u00e9k \u00e9get\u00e9s\u00e9re nem alkalmas, kiz\u00e1r\u00f3lag f\u0171t\u00e9sre \u00e9s f\u0151z\u00e9sre haszn\u00e1lhat\u00f3. Az ilyen hullad\u00e9k \u00e9get\u00e9sekor a cser\u00e9pk\u00e1lyha f\u00fcstkivezet\u0151 ny\u00edl\u00e1sa k\u00f6nnyen elt\u00f6m\u0151dhet, ez\u00e9rt aj\u00e1nlott kiz\u00e1r\u00f3lag megfelel\u0151 anyagokat \u00e9getni benne.<\/p>\n<h6>Sz\u00e1ll\u00edt\u00e1si hat\u00e1rid\u0151:<\/h6>\n<ul>\n<li><strong>Magyarorsz\u00e1g \u00e9s az eg\u00e9sz Eur\u00f3pai Uni\u00f3 ter\u00fclet\u00e9n<\/strong>\u00a0is sz\u00e1ll\u00edtjuk.<\/li>\n<li>Rom\u00e1ni\u00e1ba 2-3 munkanap alatt sz\u00e1ll\u00edtjuk<\/li>\n<li>Magyarorsz\u00e1gra \u00e9s az EU ter\u00fclet\u00e9re az \u00e1tutal\u00e1s ut\u00e1n 5 munkanapon bel\u00fcl \u00e9rkezik meg a term\u00e9k.<\/li>\n<\/ul>\n<p>Ha b\u00e1rmilyen k\u00e9rd\u00e9se van, k\u00e9rj\u00fck, l\u00e9pjen kapcsolatba vel\u00fcnk.<\/p>\n<p>Tov\u00e1bbi aj\u00e1nlatok\u00e9rt kattintson\u00a0<a href=\"https:\/\/esemineu.ro\/hu\/termek-kategoria\/hordozhato-cserepkalyhak\/\">ide<\/a><\/p>\n<p>T\u0151bb inform\u00e1ci\u00f3\u00e9rt l\u00e1togasson el\u00a0<a href=\"https:\/\/www.youtube.com\/@esemineuromania\">YouTube<\/a>-csatorn\u00e1nkra, valamint\u00a0<a href=\"https:\/\/www.facebook.com\/eSemineu\">Facebook<\/a>\u00a0\u00e9s\u00a0<a href=\"https:\/\/www.instagram.com\/esemineu\/\">Instagram<\/a>\u00a0oldalainkra.<\/p>\n<p><a href=\"https:\/\/esemineu.ro\/\">eSemineu.ro<\/a>\u00a0 \u00a0Te rakod a t\u0171zet mi adjuk a meleget!<\/p>\n","protected":false},"excerpt":{"rendered":"<p>Hordozhat\u00f3 3 soros cser\u00e9pk\u00e1lyha \u00fcvegezett Fedezze fel a k\u00e9nyelmes \u00e9s praktikus Hordozhat\u00f3 3 soros cser\u00e9pk\u00e1lyh\u00e1t \u00fcvegezett kivitelben! Ez a z\u00f6ld sz\u00edn\u0171 k\u00e1lyha t\u00f6k\u00e9letes v\u00e1laszt\u00e1s az otthona meleg\u00e9nek biztos\u00edt\u00e1s\u00e1hoz \u00e9s egyedi, st\u00edlusos megjelen\u00e9st k\u00f6lcs\u00f6n\u00f6zhet a t\u00e9rnek. A k\u00e1lyha 5 kW teljes\u00edtm\u00e9nnyel rendelkezik, \u00edgy hat\u00e9konyan \u00e9s gyorsan felmeleg\u00edti a helyis\u00e9get. Kiv\u00e1l\u00f3an alkalmas olyan helyis\u00e9gek f\u0171t\u00e9s\u00e9re, mint a nappali, h\u00e1l\u00f3szoba vagy ak\u00e1r a f\u00fcrd\u0151szoba is. A f\u0151z\u0151lap kialak\u00edt\u00e1s lehet\u0151v\u00e9 teszi, hogy az \u00e9telt k\u00f6zvetlen\u00fcl a k\u00e1lyh\u00e1n f\u0151zze, \u00edgy praktikus \u00e9s gazdas\u00e1gos megold\u00e1st ny\u00fajt. Az \u00fcvegezett kivitelnek k\u00f6sz\u00f6nhet\u0151en a l\u00e1ngok l\u00e1tv\u00e1nya is \u00e9lvezhet\u0151, \u00edgy a k\u00e1lyha nemcsak a melegr\u0151l, hanem a hangulatr\u00f3l is gondoskodik. Az ac\u00e9l l\u00e1bak \u00e9s az \u00f6ntv\u00e9ny ajt\u00f3k a tart\u00f3ss\u00e1g \u00e9s a stabilit\u00e1s \u00e9rdek\u00e9ben k\u00e9sz\u00fcltek, \u00edgy hossz\u00fa \u00e9lettartamot garant\u00e1lnak. A Hordozhat\u00f3 3 soros cser\u00e9pk\u00e1lyha 120 mm-es f\u00fcstcs\u0151vel rendelkezik, amely hat\u00e9konyan vezeti el a f\u00fcst\u00f6t, \u00e9s hozz\u00e1j\u00e1rul a tiszta \u00e9g\u00e9shez. A k\u00e1lyh\u00e1t brikettel vagy f\u00e1val lehet f\u0171teni, \u00edgy az \u00fczemeltet\u00e9s is egyszer\u0171 &hellip; <a href=\"https:\/\/esemineu.ro\/hu\/termek\/hordozhato-3-soros-cserepkalyha-uvegezett-5-kw-zold\/\">Folytatva<\/a><\/p>\n","protected":false},"featured_media":29600,"comment_status":"open","ping_status":"closed","template":"","meta":[],"product_brand":[695],"product_cat":[729,1680],"product_tag":[],"class_list":{"0":"post-4721","1":"product","2":"type-product","3":"status-publish","4":"has-post-thumbnail","6":"product_brand-esemineu","7":"product_cat-hordozhato-cserepkalyhak","8":"product_cat-melegito","9":"product_shipping_class-csempekalyhak","10":"pa_combustibil-utilizat-brikett","11":"pa_combustibil-utilizat-tuzifa-hu","12":"pa_culoare-zold","13":"pa_diametru-racordului-la-cos-120-mm-hu","14":"pa_material-teracota-hu","15":"pa_material-ontotvas-ajto-hoallo-uveggel","16":"pa_material-ontveny-fozolap","17":"pa_material-ontveny-labak","18":"pa_model-3-soros-melegito-hu","19":"pa_putere-5-kw-hu","20":"pa_randament-80-hu","21":"pa_suprafata-incalzita-mp-10-25-hu","22":"producer-soberom","24":"first","25":"instock","26":"shipping-taxable","27":"purchasable","28":"product-type-simple"},"acf":[],"yoast_head":"<!-- This site is optimized with the Yoast SEO Premium plugin v21.0 (Yoast SEO v27.3) - https:\/\/yoast.com\/product\/yoast-seo-premium-wordpress\/ -->\n<title>Hordozhat\u00f3 3 soros cser\u00e9pk\u00e1lyha \u00fcvegezett, 5 kW | eSemineu.ro<\/title>\n<meta name=\"description\" content=\"Kandall\u00f3 t\u00edpus\u00fa, z\u00f6ld cser\u00e9pk\u00e1lyha 5 kW, \u00fcvegezett \u00f6nt\u00f6ttvas ajt\u00f3val, bel\u00fcl samottal b\u00e9lelve. | eSemineu.ro | Te rakod a t\u00fczet, mi adjuk a meleget!\" \/>\n<meta name=\"robots\" content=\"index, follow, max-snippet:-1, max-image-preview:large, max-video-preview:-1\" \/>\n<link rel=\"canonical\" href=\"https:\/\/esemineu.ro\/hu\/termek\/hordozhato-3-soros-cserepkalyha-uvegezett-5-kw-zold\/\" \/>\n<meta property=\"og:locale\" content=\"hu_HU\" \/>\n<meta property=\"og:type\" content=\"article\" \/>\n<meta property=\"og:title\" content=\"Hordozhat\u00f3 3 soros cser\u00e9pk\u00e1lyha \u00fcvegezett, 5 kW | eSemineu.ro\" \/>\n<meta property=\"og:description\" content=\"Kandall\u00f3 t\u00edpus\u00fa, z\u00f6ld cser\u00e9pk\u00e1lyha 5 kW, \u00fcvegezett \u00f6nt\u00f6ttvas ajt\u00f3val, bel\u00fcl samottal b\u00e9lelve. | eSemineu.ro | Te rakod a t\u00fczet, mi adjuk a meleget!\" \/>\n<meta property=\"og:url\" content=\"https:\/\/esemineu.ro\/hu\/termek\/hordozhato-3-soros-cserepkalyha-uvegezett-5-kw-zold\/\" \/>\n<meta property=\"og:site_name\" content=\"eSemineu\" \/>\n<meta property=\"article:publisher\" content=\"https:\/\/web.facebook.com\/eSemineu\" \/>\n<meta property=\"article:modified_time\" content=\"2025-11-18T16:23:04+00:00\" \/>\n<meta property=\"og:image\" content=\"https:\/\/esemineu.ro\/wp-content\/uploads\/2021\/11\/3R-SB-VERDE-LANDING-FR.jpg\" \/>\n\t<meta property=\"og:image:width\" content=\"1000\" \/>\n\t<meta property=\"og:image:height\" content=\"1000\" \/>\n\t<meta property=\"og:image:type\" content=\"image\/jpeg\" \/>\n<meta name=\"twitter:card\" content=\"summary_large_image\" \/>\n<meta name=\"twitter:label1\" content=\"Becs\u00fclt olvas\u00e1si id\u0151\" \/>\n\t<meta name=\"twitter:data1\" content=\"3 perc\" \/>\n<script type=\"application\/ld+json\" class=\"yoast-schema-graph\">{\"@context\":\"https:\\\/\\\/schema.org\",\"@graph\":[{\"@type\":\"WebPage\",\"@id\":\"https:\\\/\\\/esemineu.ro\\\/hu\\\/termek\\\/hordozhato-3-soros-cserepkalyha-uvegezett-5-kw-zold\\\/\",\"url\":\"https:\\\/\\\/esemineu.ro\\\/hu\\\/termek\\\/hordozhato-3-soros-cserepkalyha-uvegezett-5-kw-zold\\\/\",\"name\":\"Hordozhat\u00f3 3 soros cser\u00e9pk\u00e1lyha \u00fcvegezett, 5 kW | eSemineu.ro\",\"isPartOf\":{\"@id\":\"https:\\\/\\\/esemineu.ro\\\/hu\\\/#website\"},\"primaryImageOfPage\":{\"@id\":\"https:\\\/\\\/esemineu.ro\\\/hu\\\/termek\\\/hordozhato-3-soros-cserepkalyha-uvegezett-5-kw-zold\\\/#primaryimage\"},\"image\":{\"@id\":\"https:\\\/\\\/esemineu.ro\\\/hu\\\/termek\\\/hordozhato-3-soros-cserepkalyha-uvegezett-5-kw-zold\\\/#primaryimage\"},\"thumbnailUrl\":\"https:\\\/\\\/esemineu.ro\\\/wp-content\\\/uploads\\\/2021\\\/11\\\/3R-VERDE-OTEL.jpg\",\"datePublished\":\"2021-11-08T10:17:17+00:00\",\"dateModified\":\"2025-11-18T16:23:04+00:00\",\"description\":\"Kandall\u00f3 t\u00edpus\u00fa, z\u00f6ld cser\u00e9pk\u00e1lyha 5 kW, \u00fcvegezett \u00f6nt\u00f6ttvas ajt\u00f3val, bel\u00fcl samottal b\u00e9lelve. | eSemineu.ro | Te rakod a t\u00fczet, mi adjuk a meleget!\",\"breadcrumb\":{\"@id\":\"https:\\\/\\\/esemineu.ro\\\/hu\\\/termek\\\/hordozhato-3-soros-cserepkalyha-uvegezett-5-kw-zold\\\/#breadcrumb\"},\"inLanguage\":\"hu\",\"potentialAction\":[{\"@type\":\"ReadAction\",\"target\":[\"https:\\\/\\\/esemineu.ro\\\/hu\\\/termek\\\/hordozhato-3-soros-cserepkalyha-uvegezett-5-kw-zold\\\/\"]}]},{\"@type\":\"ImageObject\",\"inLanguage\":\"hu\",\"@id\":\"https:\\\/\\\/esemineu.ro\\\/hu\\\/termek\\\/hordozhato-3-soros-cserepkalyha-uvegezett-5-kw-zold\\\/#primaryimage\",\"url\":\"https:\\\/\\\/esemineu.ro\\\/wp-content\\\/uploads\\\/2021\\\/11\\\/3R-VERDE-OTEL.jpg\",\"contentUrl\":\"https:\\\/\\\/esemineu.ro\\\/wp-content\\\/uploads\\\/2021\\\/11\\\/3R-VERDE-OTEL.jpg\",\"width\":1000,\"height\":1000},{\"@type\":\"BreadcrumbList\",\"@id\":\"https:\\\/\\\/esemineu.ro\\\/hu\\\/termek\\\/hordozhato-3-soros-cserepkalyha-uvegezett-5-kw-zold\\\/#breadcrumb\",\"itemListElement\":[{\"@type\":\"ListItem\",\"position\":1,\"name\":\"Kezd\u0151lap\",\"item\":\"https:\\\/\\\/esemineu.ro\\\/hu\\\/\"},{\"@type\":\"ListItem\",\"position\":2,\"name\":\"\u00c1ruh\u00e1z\",\"item\":\"https:\\\/\\\/esemineu.ro\\\/hu\\\/aruhaz\\\/\"},{\"@type\":\"ListItem\",\"position\":3,\"name\":\"Hordozhat\u00f3 3 soros cser\u00e9pk\u00e1lyha \u00fcvegezett, 5 kW, Z\u00f6ld\"}]},{\"@type\":\"WebSite\",\"@id\":\"https:\\\/\\\/esemineu.ro\\\/hu\\\/#website\",\"url\":\"https:\\\/\\\/esemineu.ro\\\/hu\\\/\",\"name\":\"eSemineu\",\"description\":\"\u0218eminee de cea mai \u00eenalt\u0103 calitate\",\"potentialAction\":[{\"@type\":\"SearchAction\",\"target\":{\"@type\":\"EntryPoint\",\"urlTemplate\":\"https:\\\/\\\/esemineu.ro\\\/hu\\\/?s={search_term_string}\"},\"query-input\":{\"@type\":\"PropertyValueSpecification\",\"valueRequired\":true,\"valueName\":\"search_term_string\"}}],\"inLanguage\":\"hu\"}]}<\/script>\n<!-- \/ Yoast SEO Premium plugin. -->","yoast_head_json":{"title":"Hordozhat\u00f3 3 soros cser\u00e9pk\u00e1lyha \u00fcvegezett, 5 kW | eSemineu.ro","description":"Kandall\u00f3 t\u00edpus\u00fa, z\u00f6ld cser\u00e9pk\u00e1lyha 5 kW, \u00fcvegezett \u00f6nt\u00f6ttvas ajt\u00f3val, bel\u00fcl samottal b\u00e9lelve. | eSemineu.ro | Te rakod a t\u00fczet, mi adjuk a meleget!","robots":{"index":"index","follow":"follow","max-snippet":"max-snippet:-1","max-image-preview":"max-image-preview:large","max-video-preview":"max-video-preview:-1"},"canonical":"https:\/\/esemineu.ro\/hu\/termek\/hordozhato-3-soros-cserepkalyha-uvegezett-5-kw-zold\/","og_locale":"hu_HU","og_type":"article","og_title":"Hordozhat\u00f3 3 soros cser\u00e9pk\u00e1lyha \u00fcvegezett, 5 kW | eSemineu.ro","og_description":"Kandall\u00f3 t\u00edpus\u00fa, z\u00f6ld cser\u00e9pk\u00e1lyha 5 kW, \u00fcvegezett \u00f6nt\u00f6ttvas ajt\u00f3val, bel\u00fcl samottal b\u00e9lelve. | eSemineu.ro | Te rakod a t\u00fczet, mi adjuk a meleget!","og_url":"https:\/\/esemineu.ro\/hu\/termek\/hordozhato-3-soros-cserepkalyha-uvegezett-5-kw-zold\/","og_site_name":"eSemineu","article_publisher":"https:\/\/web.facebook.com\/eSemineu","article_modified_time":"2025-11-18T16:23:04+00:00","og_image":[{"width":1000,"height":1000,"url":"https:\/\/esemineu.ro\/wp-content\/uploads\/2021\/11\/3R-SB-VERDE-LANDING-FR.jpg","type":"image\/jpeg"}],"twitter_card":"summary_large_image","twitter_misc":{"Becs\u00fclt olvas\u00e1si id\u0151":"3 perc"},"schema":{"@context":"https:\/\/schema.org","@graph":[{"@type":"WebPage","@id":"https:\/\/esemineu.ro\/hu\/termek\/hordozhato-3-soros-cserepkalyha-uvegezett-5-kw-zold\/","url":"https:\/\/esemineu.ro\/hu\/termek\/hordozhato-3-soros-cserepkalyha-uvegezett-5-kw-zold\/","name":"Hordozhat\u00f3 3 soros cser\u00e9pk\u00e1lyha \u00fcvegezett, 5 kW | eSemineu.ro","isPartOf":{"@id":"https:\/\/esemineu.ro\/hu\/#website"},"primaryImageOfPage":{"@id":"https:\/\/esemineu.ro\/hu\/termek\/hordozhato-3-soros-cserepkalyha-uvegezett-5-kw-zold\/#primaryimage"},"image":{"@id":"https:\/\/esemineu.ro\/hu\/termek\/hordozhato-3-soros-cserepkalyha-uvegezett-5-kw-zold\/#primaryimage"},"thumbnailUrl":"https:\/\/esemineu.ro\/wp-content\/uploads\/2021\/11\/3R-VERDE-OTEL.jpg","datePublished":"2021-11-08T10:17:17+00:00","dateModified":"2025-11-18T16:23:04+00:00","description":"Kandall\u00f3 t\u00edpus\u00fa, z\u00f6ld cser\u00e9pk\u00e1lyha 5 kW, \u00fcvegezett \u00f6nt\u00f6ttvas ajt\u00f3val, bel\u00fcl samottal b\u00e9lelve. | eSemineu.ro | Te rakod a t\u00fczet, mi adjuk a meleget!","breadcrumb":{"@id":"https:\/\/esemineu.ro\/hu\/termek\/hordozhato-3-soros-cserepkalyha-uvegezett-5-kw-zold\/#breadcrumb"},"inLanguage":"hu","potentialAction":[{"@type":"ReadAction","target":["https:\/\/esemineu.ro\/hu\/termek\/hordozhato-3-soros-cserepkalyha-uvegezett-5-kw-zold\/"]}]},{"@type":"ImageObject","inLanguage":"hu","@id":"https:\/\/esemineu.ro\/hu\/termek\/hordozhato-3-soros-cserepkalyha-uvegezett-5-kw-zold\/#primaryimage","url":"https:\/\/esemineu.ro\/wp-content\/uploads\/2021\/11\/3R-VERDE-OTEL.jpg","contentUrl":"https:\/\/esemineu.ro\/wp-content\/uploads\/2021\/11\/3R-VERDE-OTEL.jpg","width":1000,"height":1000},{"@type":"BreadcrumbList","@id":"https:\/\/esemineu.ro\/hu\/termek\/hordozhato-3-soros-cserepkalyha-uvegezett-5-kw-zold\/#breadcrumb","itemListElement":[{"@type":"ListItem","position":1,"name":"Kezd\u0151lap","item":"https:\/\/esemineu.ro\/hu\/"},{"@type":"ListItem","position":2,"name":"\u00c1ruh\u00e1z","item":"https:\/\/esemineu.ro\/hu\/aruhaz\/"},{"@type":"ListItem","position":3,"name":"Hordozhat\u00f3 3 soros cser\u00e9pk\u00e1lyha \u00fcvegezett, 5 kW, Z\u00f6ld"}]},{"@type":"WebSite","@id":"https:\/\/esemineu.ro\/hu\/#website","url":"https:\/\/esemineu.ro\/hu\/","name":"eSemineu","description":"\u0218eminee de cea mai \u00eenalt\u0103 calitate","potentialAction":[{"@type":"SearchAction","target":{"@type":"EntryPoint","urlTemplate":"https:\/\/esemineu.ro\/hu\/?s={search_term_string}"},"query-input":{"@type":"PropertyValueSpecification","valueRequired":true,"valueName":"search_term_string"}}],"inLanguage":"hu"}]}},"_links":{"self":[{"href":"https:\/\/esemineu.ro\/hu\/wp-json\/wp\/v2\/product\/4721","targetHints":{"allow":["GET"]}}],"collection":[{"href":"https:\/\/esemineu.ro\/hu\/wp-json\/wp\/v2\/product"}],"about":[{"href":"https:\/\/esemineu.ro\/hu\/wp-json\/wp\/v2\/types\/product"}],"replies":[{"embeddable":true,"href":"https:\/\/esemineu.ro\/hu\/wp-json\/wp\/v2\/comments?post=4721"}],"wp:featuredmedia":[{"embeddable":true,"href":"https:\/\/esemineu.ro\/hu\/wp-json\/wp\/v2\/media\/29600"}],"wp:attachment":[{"href":"https:\/\/esemineu.ro\/hu\/wp-json\/wp\/v2\/media?parent=4721"}],"wp:term":[{"taxonomy":"product_brand","embeddable":true,"href":"https:\/\/esemineu.ro\/hu\/wp-json\/wp\/v2\/product_brand?post=4721"},{"taxonomy":"product_cat","embeddable":true,"href":"https:\/\/esemineu.ro\/hu\/wp-json\/wp\/v2\/product_cat?post=4721"},{"taxonomy":"product_tag","embeddable":true,"href":"https:\/\/esemineu.ro\/hu\/wp-json\/wp\/v2\/product_tag?post=4721"}],"curies":[{"name":"wp","href":"https:\/\/api.w.org\/{rel}","templated":true}]}}