{"id":4719,"date":"2021-11-11T09:51:44","date_gmt":"2021-11-11T06:51:44","guid":{"rendered":"https:\/\/esemineu.ro\/product\/soba-teracota-morano-4-randuri\/"},"modified":"2025-12-11T11:37:29","modified_gmt":"2025-12-11T09:37:29","slug":"morano-barna-cserepkalyha-4r-granit-melegito-cserepkalyha-granitlappal-8kw","status":"publish","type":"product","link":"https:\/\/esemineu.ro\/hu\/termek\/morano-barna-cserepkalyha-4r-granit-melegito-cserepkalyha-granitlappal-8kw\/","title":{"rendered":"Morano Barna Cser\u00e9pk\u00e1lyha 4R Gr\u00e1nit, Meleg\u00edt\u0151 cser\u00e9pk\u00e1lyha gr\u00e1nitlappal 8kW"},"content":{"rendered":"<p>Morano Barna Cser\u00e9pk\u00e1lyha 4R Gr\u00e1nit<\/p>\n<p>Az impoz\u00e1ns 8 kW teljes\u00edtm\u00e9ny\u00e9vel a Morano Barna Cser\u00e9pk\u00e1lyha hat\u00e9konyan meleg\u00edti fel a szoba leveg\u0151j\u00e9t, \u00e9s egyar\u00e1nt alkalmas kisebb \u00e9s nagyobb helyis\u00e9gekben is. A magas, min. 70%-os hat\u00e1sfoknak k\u00f6sz\u00f6nhet\u0151en pedig kiv\u00e1l\u00f3an hasznos\u00edtja a t\u00fczel\u0151anyagb\u00f3l sz\u00e1rmaz\u00f3 h\u0151t, \u00edgy cs\u00f6kkentve az energiafelhaszn\u00e1l\u00e1st \u00e9s az \u00fczemeltet\u00e9si k\u00f6lts\u00e9geket.<\/p>\n<p>A k\u00e1lyha f\u00fcstcs\u0151j\u00e9nek m\u00e9rete 120 mm, ami optim\u00e1lis f\u00fcstelvezet\u00e9st biztos\u00edt, \u00e9s hozz\u00e1j\u00e1rul a tiszta \u00e9g\u00e9shez. A Morano Barna Cser\u00e9pk\u00e1lyha t\u00f6bbf\u00e9le t\u00fczel\u0151anyaggal haszn\u00e1lhat\u00f3, bele\u00e9rtve a brikettet, a sz\u00e9nt \u00e9s a t\u0171zif\u00e1t is. Ez lehet\u0151v\u00e9 teszi, hogy az egy\u00e9ni ig\u00e9nyeknek \u00e9s preferenci\u00e1knak megfelel\u0151en v\u00e1lassza ki a legmegfelel\u0151bb t\u00fczel\u0151anyagot.<\/p>\n<p>A k\u00e1lyha anyaga a csempe t\u00e9gla \u00e9s a m\u00e1rv\u00e1ny eleg\u00e1ns kombin\u00e1ci\u00f3j\u00e1t k\u00edn\u00e1lja, amely t\u00f6k\u00e9letesen illeszkedik a modern \u00e9s hagyom\u00e1nyos bels\u0151 terekhez is. Az \u00f6ntv\u00e9ny ajt\u00f3k \u00e9s l\u00e1bak pedig nemcsak tart\u00f3ss\u00e1got \u00e9s hossz\u00fa \u00e9lettartamot garant\u00e1lnak, hanem egyedi megjelen\u00e9st is k\u00f6lcs\u00f6n\u00f6znek a k\u00e1lyh\u00e1nak.<\/p>\n<p>A Morano Barna Cser\u00e9pk\u00e1lyha s\u00f6t\u00e9tbarna sz\u00edne meleg \u00e9s kifinomult l\u00e9gk\u00f6rt teremt a helyis\u00e9gben, amely t\u00f6k\u00e9letesen kieg\u00e9sz\u00edti a berendez\u00e9st \u00e9s a k\u00f6rnyez\u0151 elemeket.<\/p>\n<p>A k\u00e1lyha ide\u00e1lis m\u00e9retei (500 mm sz\u00e9less\u00e9g, 500 mm m\u00e9lys\u00e9g \u00e9s 1050 mm magass\u00e1g) lehet\u0151v\u00e9 teszik, hogy k\u00f6nnyed\u00e9n elhelyezhet\u0151 legyen a k\u00edv\u00e1nt helyen a lak\u00e1sban vagy a h\u00e1zban. A viszonylag k\u00f6nny\u0171, 180 kg s\u00faly\u00e1nak k\u00f6sz\u00f6nhet\u0151en pedig egyszer\u0171en mozgathat\u00f3 \u00e9s telep\u00edthet\u0151.<\/p>\n<p>Tegye otthon\u00e1t melegebb\u00e9 \u00e9s meghittebb\u00e9 a Morano Barna Cser\u00e9pk\u00e1lyha 4R Gr\u00e1nit seg\u00edts\u00e9g\u00e9vel! Fedezze fel a k\u00e1lyha egyed\u00fcl\u00e1ll\u00f3 designj\u00e1t, hat\u00e9kony teljes\u00edtm\u00e9ny\u00e9t \u00e9s a kellemes h\u0151\u00e9rzetet, amelyet ny\u00fajtani k\u00e9pes a hideg t\u00e9li est\u00e9ken. B\u00edzza mag\u00e1t a Morano k\u00e1lyh\u00e1k min\u0151s\u00e9g\u00e9re, \u00e9s \u00e9lvezze a term\u00e9szetes meleget \u00e9s a csod\u00e1latos l\u00e1tv\u00e1nyt egyben!<\/p>\n<p>Fontos megjegyezni, hogy a t\u0171zhely hullad\u00e9k \u00e9get\u00e9s\u00e9re nem alkalmas, kiz\u00e1r\u00f3lag f\u0171t\u00e9sre \u00e9s f\u0151z\u00e9sre haszn\u00e1lhat\u00f3. Az ilyen hullad\u00e9k \u00e9get\u00e9sekor a cser\u00e9pk\u00e1lyha f\u00fcstkivezet\u0151 ny\u00edl\u00e1sa k\u00f6nnyen elt\u00f6m\u0151dhet, ez\u00e9rt aj\u00e1nlott kiz\u00e1r\u00f3lag megfelel\u0151 anyagokat \u00e9getni benne.<\/p>\n<h6>Sz\u00e1ll\u00edt\u00e1si hat\u00e1rid\u0151:<\/h6>\n<ul>\n<li><strong>Magyarorsz\u00e1g \u00e9s az eg\u00e9sz Eur\u00f3pai Uni\u00f3 ter\u00fclet\u00e9n<\/strong>\u00a0is sz\u00e1ll\u00edtjuk.<\/li>\n<li>Rom\u00e1ni\u00e1ba 2-3 munkanap alatt sz\u00e1ll\u00edtjuk<\/li>\n<li>Magyarorsz\u00e1gra \u00e9s az EU ter\u00fclet\u00e9re az \u00e1tutal\u00e1s ut\u00e1n 5 munkanapon bel\u00fcl \u00e9rkezik meg a term\u00e9k.<\/li>\n<\/ul>\n<p>Ha b\u00e1rmilyen k\u00e9rd\u00e9se van, k\u00e9rj\u00fck, l\u00e9pjen kapcsolatba vel\u00fcnk.<\/p>\n<p>Tov\u00e1bbi aj\u00e1nlatok\u00e9rt kattintson\u00a0<a href=\"https:\/\/esemineu.ro\/hu\/termek-kategoria\/hordozhato-cserepkalyhak\/\">ide<\/a><\/p>\n<p>T\u0151bb inform\u00e1ci\u00f3\u00e9rt l\u00e1togasson el\u00a0<a href=\"https:\/\/www.youtube.com\/@esemineuromania\">YouTube<\/a>-csatorn\u00e1nkra, valamint\u00a0<a href=\"https:\/\/www.facebook.com\/eSemineu\">Facebook<\/a>\u00a0\u00e9s\u00a0<a href=\"https:\/\/www.instagram.com\/esemineu\/\">Instagram<\/a>\u00a0oldalainkra.<\/p>\n<p><a href=\"https:\/\/esemineu.ro\/\">eSemineu.ro<\/a>\u00a0 \u00a0Te rakod a t\u0171zet mi adjuk a meleget!<\/p>\n","protected":false},"excerpt":{"rendered":"<p>Morano Barna Cser\u00e9pk\u00e1lyha 4R Gr\u00e1nit Az impoz\u00e1ns 8 kW teljes\u00edtm\u00e9ny\u00e9vel a Morano Barna Cser\u00e9pk\u00e1lyha hat\u00e9konyan meleg\u00edti fel a szoba leveg\u0151j\u00e9t, \u00e9s egyar\u00e1nt alkalmas kisebb \u00e9s nagyobb helyis\u00e9gekben is. A magas, min. 70%-os hat\u00e1sfoknak k\u00f6sz\u00f6nhet\u0151en pedig kiv\u00e1l\u00f3an hasznos\u00edtja a t\u00fczel\u0151anyagb\u00f3l sz\u00e1rmaz\u00f3 h\u0151t, \u00edgy cs\u00f6kkentve az energiafelhaszn\u00e1l\u00e1st \u00e9s az \u00fczemeltet\u00e9si k\u00f6lts\u00e9geket. A k\u00e1lyha f\u00fcstcs\u0151j\u00e9nek m\u00e9rete 120 mm, ami optim\u00e1lis f\u00fcstelvezet\u00e9st biztos\u00edt, \u00e9s hozz\u00e1j\u00e1rul a tiszta \u00e9g\u00e9shez. A Morano Barna Cser\u00e9pk\u00e1lyha t\u00f6bbf\u00e9le t\u00fczel\u0151anyaggal haszn\u00e1lhat\u00f3, bele\u00e9rtve a brikettet, a sz\u00e9nt \u00e9s a t\u0171zif\u00e1t is. Ez lehet\u0151v\u00e9 teszi, hogy az egy\u00e9ni ig\u00e9nyeknek \u00e9s preferenci\u00e1knak megfelel\u0151en v\u00e1lassza ki a legmegfelel\u0151bb t\u00fczel\u0151anyagot. A k\u00e1lyha anyaga a csempe t\u00e9gla \u00e9s a m\u00e1rv\u00e1ny eleg\u00e1ns kombin\u00e1ci\u00f3j\u00e1t k\u00edn\u00e1lja, amely t\u00f6k\u00e9letesen illeszkedik a modern \u00e9s hagyom\u00e1nyos bels\u0151 terekhez is. Az \u00f6ntv\u00e9ny ajt\u00f3k \u00e9s l\u00e1bak pedig nemcsak tart\u00f3ss\u00e1got \u00e9s hossz\u00fa \u00e9lettartamot garant\u00e1lnak, hanem egyedi megjelen\u00e9st is k\u00f6lcs\u00f6n\u00f6znek a k\u00e1lyh\u00e1nak. A Morano Barna Cser\u00e9pk\u00e1lyha s\u00f6t\u00e9tbarna sz\u00edne meleg \u00e9s kifinomult l\u00e9gk\u00f6rt teremt a helyis\u00e9gben, amely &hellip; <a href=\"https:\/\/esemineu.ro\/hu\/termek\/morano-barna-cserepkalyha-4r-granit-melegito-cserepkalyha-granitlappal-8kw\/\">Folytatva<\/a><\/p>\n","protected":false},"featured_media":21442,"comment_status":"open","ping_status":"closed","template":"","meta":[],"product_brand":[706],"product_cat":[729,1680],"product_tag":[],"class_list":{"0":"post-4719","1":"product","2":"type-product","3":"status-publish","4":"has-post-thumbnail","6":"product_brand-esemineu-premium","7":"product_cat-hordozhato-cserepkalyhak","8":"product_cat-melegito","9":"product_shipping_class-csempekalyhak","10":"pa_combustibil-utilizat-brikett","11":"pa_combustibil-utilizat-fa","12":"pa_culoare-barna","13":"pa_diametru-racordului-la-cos-120-mm-hu","14":"pa_material-teracota-hu","15":"pa_material-ontotvas-ajto-hoallo-uveggel","16":"pa_material-ontveny-labak","17":"pa_model-4-soros-melegito-hu","18":"pa_putere-8-kw-hu","19":"pa_randament-94-hu","20":"pa_suprafata-incalzita-mp-38-44-hu","21":"producer-teramix","23":"first","24":"instock","25":"shipping-taxable","26":"purchasable","27":"product-type-simple"},"acf":[],"yoast_head":"<!-- This site is optimized with the Yoast SEO Premium plugin v21.0 (Yoast SEO v27.3) - https:\/\/yoast.com\/product\/yoast-seo-premium-wordpress\/ -->\n<title>Morano Barna Cser\u00e9pk\u00e1lyha 4R Gr\u00e1nitlappal | eSemineu.ro<\/title>\n<meta name=\"description\" content=\"Morano Barna Cser\u00e9pk\u00e1lyha 4R Gr\u00e1nit \u00f6nt\u00f6ttvas bel\u00e1that\u00f3 ajt\u00f3kkal, gr\u00e1nitlappal \u00e9s h\u0151\u00e1ll\u00f3 \u00fcveggel. | eSemineu.ro | Te rakod a t\u00fczet, mi adjuk a meleget.\" \/>\n<meta name=\"robots\" content=\"index, follow, max-snippet:-1, max-image-preview:large, max-video-preview:-1\" \/>\n<link rel=\"canonical\" href=\"https:\/\/esemineu.ro\/hu\/termek\/morano-barna-cserepkalyha-4r-granit-melegito-cserepkalyha-granitlappal-8kw\/\" \/>\n<meta property=\"og:locale\" content=\"hu_HU\" \/>\n<meta property=\"og:type\" content=\"article\" \/>\n<meta property=\"og:title\" content=\"Morano Barna Cser\u00e9pk\u00e1lyha 4R Gr\u00e1nitlappal | eSemineu.ro\" \/>\n<meta property=\"og:description\" content=\"Morano Barna Cser\u00e9pk\u00e1lyha 4R Gr\u00e1nit \u00f6nt\u00f6ttvas bel\u00e1that\u00f3 ajt\u00f3kkal, gr\u00e1nitlappal \u00e9s h\u0151\u00e1ll\u00f3 \u00fcveggel. | eSemineu.ro | Te rakod a t\u00fczet, mi adjuk a meleget.\" \/>\n<meta property=\"og:url\" content=\"https:\/\/esemineu.ro\/hu\/termek\/morano-barna-cserepkalyha-4r-granit-melegito-cserepkalyha-granitlappal-8kw\/\" \/>\n<meta property=\"og:site_name\" content=\"eSemineu\" \/>\n<meta property=\"article:publisher\" content=\"https:\/\/web.facebook.com\/eSemineu\" \/>\n<meta property=\"article:modified_time\" content=\"2025-12-11T09:37:29+00:00\" \/>\n<meta property=\"og:image\" content=\"https:\/\/esemineu.ro\/wp-content\/uploads\/2021\/11\/4R-MORANO-MARO-FRONT-FR.jpg\" \/>\n\t<meta property=\"og:image:width\" content=\"1000\" \/>\n\t<meta property=\"og:image:height\" content=\"1000\" \/>\n\t<meta property=\"og:image:type\" content=\"image\/jpeg\" \/>\n<meta name=\"twitter:card\" content=\"summary_large_image\" \/>\n<meta name=\"twitter:label1\" content=\"Becs\u00fclt olvas\u00e1si id\u0151\" \/>\n\t<meta name=\"twitter:data1\" content=\"3 perc\" \/>\n<script type=\"application\/ld+json\" class=\"yoast-schema-graph\">{\"@context\":\"https:\\\/\\\/schema.org\",\"@graph\":[{\"@type\":\"WebPage\",\"@id\":\"https:\\\/\\\/esemineu.ro\\\/hu\\\/termek\\\/morano-barna-cserepkalyha-4r-granit-melegito-cserepkalyha-granitlappal-8kw\\\/\",\"url\":\"https:\\\/\\\/esemineu.ro\\\/hu\\\/termek\\\/morano-barna-cserepkalyha-4r-granit-melegito-cserepkalyha-granitlappal-8kw\\\/\",\"name\":\"Morano Barna Cser\u00e9pk\u00e1lyha 4R Gr\u00e1nitlappal | eSemineu.ro\",\"isPartOf\":{\"@id\":\"https:\\\/\\\/esemineu.ro\\\/hu\\\/#website\"},\"primaryImageOfPage\":{\"@id\":\"https:\\\/\\\/esemineu.ro\\\/hu\\\/termek\\\/morano-barna-cserepkalyha-4r-granit-melegito-cserepkalyha-granitlappal-8kw\\\/#primaryimage\"},\"image\":{\"@id\":\"https:\\\/\\\/esemineu.ro\\\/hu\\\/termek\\\/morano-barna-cserepkalyha-4r-granit-melegito-cserepkalyha-granitlappal-8kw\\\/#primaryimage\"},\"thumbnailUrl\":\"https:\\\/\\\/esemineu.ro\\\/wp-content\\\/uploads\\\/2021\\\/11\\\/4R-MORANO-MARO-FRONT-FR.jpg\",\"datePublished\":\"2021-11-11T06:51:44+00:00\",\"dateModified\":\"2025-12-11T09:37:29+00:00\",\"description\":\"Morano Barna Cser\u00e9pk\u00e1lyha 4R Gr\u00e1nit \u00f6nt\u00f6ttvas bel\u00e1that\u00f3 ajt\u00f3kkal, gr\u00e1nitlappal \u00e9s h\u0151\u00e1ll\u00f3 \u00fcveggel. | eSemineu.ro | Te rakod a t\u00fczet, mi adjuk a meleget.\",\"breadcrumb\":{\"@id\":\"https:\\\/\\\/esemineu.ro\\\/hu\\\/termek\\\/morano-barna-cserepkalyha-4r-granit-melegito-cserepkalyha-granitlappal-8kw\\\/#breadcrumb\"},\"inLanguage\":\"hu\",\"potentialAction\":[{\"@type\":\"ReadAction\",\"target\":[\"https:\\\/\\\/esemineu.ro\\\/hu\\\/termek\\\/morano-barna-cserepkalyha-4r-granit-melegito-cserepkalyha-granitlappal-8kw\\\/\"]}]},{\"@type\":\"ImageObject\",\"inLanguage\":\"hu\",\"@id\":\"https:\\\/\\\/esemineu.ro\\\/hu\\\/termek\\\/morano-barna-cserepkalyha-4r-granit-melegito-cserepkalyha-granitlappal-8kw\\\/#primaryimage\",\"url\":\"https:\\\/\\\/esemineu.ro\\\/wp-content\\\/uploads\\\/2021\\\/11\\\/4R-MORANO-MARO-FRONT-FR.jpg\",\"contentUrl\":\"https:\\\/\\\/esemineu.ro\\\/wp-content\\\/uploads\\\/2021\\\/11\\\/4R-MORANO-MARO-FRONT-FR.jpg\",\"width\":1000,\"height\":1000,\"caption\":\"Sob\u0103 teracot\u0103 Morano 4 r\u00e2nduri\"},{\"@type\":\"BreadcrumbList\",\"@id\":\"https:\\\/\\\/esemineu.ro\\\/hu\\\/termek\\\/morano-barna-cserepkalyha-4r-granit-melegito-cserepkalyha-granitlappal-8kw\\\/#breadcrumb\",\"itemListElement\":[{\"@type\":\"ListItem\",\"position\":1,\"name\":\"Kezd\u0151lap\",\"item\":\"https:\\\/\\\/esemineu.ro\\\/hu\\\/\"},{\"@type\":\"ListItem\",\"position\":2,\"name\":\"\u00c1ruh\u00e1z\",\"item\":\"https:\\\/\\\/esemineu.ro\\\/hu\\\/aruhaz\\\/\"},{\"@type\":\"ListItem\",\"position\":3,\"name\":\"Morano Barna Cser\u00e9pk\u00e1lyha 4R Gr\u00e1nit, Meleg\u00edt\u0151 cser\u00e9pk\u00e1lyha gr\u00e1nitlappal 8kW\"}]},{\"@type\":\"WebSite\",\"@id\":\"https:\\\/\\\/esemineu.ro\\\/hu\\\/#website\",\"url\":\"https:\\\/\\\/esemineu.ro\\\/hu\\\/\",\"name\":\"eSemineu\",\"description\":\"\u0218eminee de cea mai \u00eenalt\u0103 calitate\",\"potentialAction\":[{\"@type\":\"SearchAction\",\"target\":{\"@type\":\"EntryPoint\",\"urlTemplate\":\"https:\\\/\\\/esemineu.ro\\\/hu\\\/?s={search_term_string}\"},\"query-input\":{\"@type\":\"PropertyValueSpecification\",\"valueRequired\":true,\"valueName\":\"search_term_string\"}}],\"inLanguage\":\"hu\"}]}<\/script>\n<!-- \/ Yoast SEO Premium plugin. -->","yoast_head_json":{"title":"Morano Barna Cser\u00e9pk\u00e1lyha 4R Gr\u00e1nitlappal | eSemineu.ro","description":"Morano Barna Cser\u00e9pk\u00e1lyha 4R Gr\u00e1nit \u00f6nt\u00f6ttvas bel\u00e1that\u00f3 ajt\u00f3kkal, gr\u00e1nitlappal \u00e9s h\u0151\u00e1ll\u00f3 \u00fcveggel. | eSemineu.ro | Te rakod a t\u00fczet, mi adjuk a meleget.","robots":{"index":"index","follow":"follow","max-snippet":"max-snippet:-1","max-image-preview":"max-image-preview:large","max-video-preview":"max-video-preview:-1"},"canonical":"https:\/\/esemineu.ro\/hu\/termek\/morano-barna-cserepkalyha-4r-granit-melegito-cserepkalyha-granitlappal-8kw\/","og_locale":"hu_HU","og_type":"article","og_title":"Morano Barna Cser\u00e9pk\u00e1lyha 4R Gr\u00e1nitlappal | eSemineu.ro","og_description":"Morano Barna Cser\u00e9pk\u00e1lyha 4R Gr\u00e1nit \u00f6nt\u00f6ttvas bel\u00e1that\u00f3 ajt\u00f3kkal, gr\u00e1nitlappal \u00e9s h\u0151\u00e1ll\u00f3 \u00fcveggel. | eSemineu.ro | Te rakod a t\u00fczet, mi adjuk a meleget.","og_url":"https:\/\/esemineu.ro\/hu\/termek\/morano-barna-cserepkalyha-4r-granit-melegito-cserepkalyha-granitlappal-8kw\/","og_site_name":"eSemineu","article_publisher":"https:\/\/web.facebook.com\/eSemineu","article_modified_time":"2025-12-11T09:37:29+00:00","og_image":[{"width":1000,"height":1000,"url":"https:\/\/esemineu.ro\/wp-content\/uploads\/2021\/11\/4R-MORANO-MARO-FRONT-FR.jpg","type":"image\/jpeg"}],"twitter_card":"summary_large_image","twitter_misc":{"Becs\u00fclt olvas\u00e1si id\u0151":"3 perc"},"schema":{"@context":"https:\/\/schema.org","@graph":[{"@type":"WebPage","@id":"https:\/\/esemineu.ro\/hu\/termek\/morano-barna-cserepkalyha-4r-granit-melegito-cserepkalyha-granitlappal-8kw\/","url":"https:\/\/esemineu.ro\/hu\/termek\/morano-barna-cserepkalyha-4r-granit-melegito-cserepkalyha-granitlappal-8kw\/","name":"Morano Barna Cser\u00e9pk\u00e1lyha 4R Gr\u00e1nitlappal | eSemineu.ro","isPartOf":{"@id":"https:\/\/esemineu.ro\/hu\/#website"},"primaryImageOfPage":{"@id":"https:\/\/esemineu.ro\/hu\/termek\/morano-barna-cserepkalyha-4r-granit-melegito-cserepkalyha-granitlappal-8kw\/#primaryimage"},"image":{"@id":"https:\/\/esemineu.ro\/hu\/termek\/morano-barna-cserepkalyha-4r-granit-melegito-cserepkalyha-granitlappal-8kw\/#primaryimage"},"thumbnailUrl":"https:\/\/esemineu.ro\/wp-content\/uploads\/2021\/11\/4R-MORANO-MARO-FRONT-FR.jpg","datePublished":"2021-11-11T06:51:44+00:00","dateModified":"2025-12-11T09:37:29+00:00","description":"Morano Barna Cser\u00e9pk\u00e1lyha 4R Gr\u00e1nit \u00f6nt\u00f6ttvas bel\u00e1that\u00f3 ajt\u00f3kkal, gr\u00e1nitlappal \u00e9s h\u0151\u00e1ll\u00f3 \u00fcveggel. | eSemineu.ro | Te rakod a t\u00fczet, mi adjuk a meleget.","breadcrumb":{"@id":"https:\/\/esemineu.ro\/hu\/termek\/morano-barna-cserepkalyha-4r-granit-melegito-cserepkalyha-granitlappal-8kw\/#breadcrumb"},"inLanguage":"hu","potentialAction":[{"@type":"ReadAction","target":["https:\/\/esemineu.ro\/hu\/termek\/morano-barna-cserepkalyha-4r-granit-melegito-cserepkalyha-granitlappal-8kw\/"]}]},{"@type":"ImageObject","inLanguage":"hu","@id":"https:\/\/esemineu.ro\/hu\/termek\/morano-barna-cserepkalyha-4r-granit-melegito-cserepkalyha-granitlappal-8kw\/#primaryimage","url":"https:\/\/esemineu.ro\/wp-content\/uploads\/2021\/11\/4R-MORANO-MARO-FRONT-FR.jpg","contentUrl":"https:\/\/esemineu.ro\/wp-content\/uploads\/2021\/11\/4R-MORANO-MARO-FRONT-FR.jpg","width":1000,"height":1000,"caption":"Sob\u0103 teracot\u0103 Morano 4 r\u00e2nduri"},{"@type":"BreadcrumbList","@id":"https:\/\/esemineu.ro\/hu\/termek\/morano-barna-cserepkalyha-4r-granit-melegito-cserepkalyha-granitlappal-8kw\/#breadcrumb","itemListElement":[{"@type":"ListItem","position":1,"name":"Kezd\u0151lap","item":"https:\/\/esemineu.ro\/hu\/"},{"@type":"ListItem","position":2,"name":"\u00c1ruh\u00e1z","item":"https:\/\/esemineu.ro\/hu\/aruhaz\/"},{"@type":"ListItem","position":3,"name":"Morano Barna Cser\u00e9pk\u00e1lyha 4R Gr\u00e1nit, Meleg\u00edt\u0151 cser\u00e9pk\u00e1lyha gr\u00e1nitlappal 8kW"}]},{"@type":"WebSite","@id":"https:\/\/esemineu.ro\/hu\/#website","url":"https:\/\/esemineu.ro\/hu\/","name":"eSemineu","description":"\u0218eminee de cea mai \u00eenalt\u0103 calitate","potentialAction":[{"@type":"SearchAction","target":{"@type":"EntryPoint","urlTemplate":"https:\/\/esemineu.ro\/hu\/?s={search_term_string}"},"query-input":{"@type":"PropertyValueSpecification","valueRequired":true,"valueName":"search_term_string"}}],"inLanguage":"hu"}]}},"_links":{"self":[{"href":"https:\/\/esemineu.ro\/hu\/wp-json\/wp\/v2\/product\/4719","targetHints":{"allow":["GET"]}}],"collection":[{"href":"https:\/\/esemineu.ro\/hu\/wp-json\/wp\/v2\/product"}],"about":[{"href":"https:\/\/esemineu.ro\/hu\/wp-json\/wp\/v2\/types\/product"}],"replies":[{"embeddable":true,"href":"https:\/\/esemineu.ro\/hu\/wp-json\/wp\/v2\/comments?post=4719"}],"wp:featuredmedia":[{"embeddable":true,"href":"https:\/\/esemineu.ro\/hu\/wp-json\/wp\/v2\/media\/21442"}],"wp:attachment":[{"href":"https:\/\/esemineu.ro\/hu\/wp-json\/wp\/v2\/media?parent=4719"}],"wp:term":[{"taxonomy":"product_brand","embeddable":true,"href":"https:\/\/esemineu.ro\/hu\/wp-json\/wp\/v2\/product_brand?post=4719"},{"taxonomy":"product_cat","embeddable":true,"href":"https:\/\/esemineu.ro\/hu\/wp-json\/wp\/v2\/product_cat?post=4719"},{"taxonomy":"product_tag","embeddable":true,"href":"https:\/\/esemineu.ro\/hu\/wp-json\/wp\/v2\/product_tag?post=4719"}],"curies":[{"name":"wp","href":"https:\/\/api.w.org\/{rel}","templated":true}]}}