{"id":4718,"date":"2021-11-19T08:47:28","date_gmt":"2021-11-19T05:47:28","guid":{"rendered":"https:\/\/esemineu.ro\/product\/soba-de-teracota-si-marmura-de-incalzit-10kw\/"},"modified":"2026-04-07T09:58:54","modified_gmt":"2026-04-07T06:58:54","slug":"fatuzelesu-6-soros-cserepkalyha","status":"publish","type":"product","link":"https:\/\/esemineu.ro\/hu\/termek\/fatuzelesu-6-soros-cserepkalyha\/","title":{"rendered":"Fat\u00fczel\u00e9s\u0171 6 soros cser\u00e9pk\u00e1lyha, m\u00e1rv\u00e1nylappal, 10 kW, Barna"},"content":{"rendered":"<p>Fat\u00fczel\u00e9s\u0171 6 soros cser\u00e9pk\u00e1lyha<\/p>\n<p>Eleg\u00e1ns barna sz\u00edn\u00e9vel \u00e9s st\u00edlusos megjelen\u00e9s\u00e9vel ez a cser\u00e9pk\u00e1lyha biztos\u00edtja az optim\u00e1lis f\u0171t\u00e9st \u00e9s emellett k\u00fcl\u00f6nleges d\u00edsz\u00edt\u0151elemk\u00e9nt szolg\u00e1l a lak\u00e1s\u00e1ban.<\/p>\n<p>A cser\u00e9pk\u00e1lyha impoz\u00e1ns 10 kW teljes\u00edtm\u00e9nnyel rendelkezik, \u00edgy k\u00e9pes hat\u00e9konyan \u00e9s gyorsan felmeleg\u00edteni az eg\u00e9sz helyis\u00e9get. A f\u00fcstcs\u0151 m\u00e9rete 120 mm, \u00edgy a f\u00fcstg\u00e1zok hat\u00e9konyan elvezet\u0151dnek a k\u00e1lyh\u00e1b\u00f3l, ami hozz\u00e1j\u00e1rul a tiszta \u00e9g\u00e9shez \u00e9s a k\u00e1rosanyag-kibocs\u00e1t\u00e1s minimaliz\u00e1l\u00e1s\u00e1hoz.<\/p>\n<p>A Fat\u00fczel\u00e9s\u0171 6 soros cser\u00e9pk\u00e1lyh\u00e1t brikettel vagy f\u00e1val lehet f\u0171teni, \u00edgy a t\u00fczel\u0151anyag kiv\u00e1laszt\u00e1sa az \u00d6n ig\u00e9nyeihez \u00e9s lehet\u0151s\u00e9geihez igazodhat. Az ac\u00e9l l\u00e1bak garant\u00e1lj\u00e1k a cser\u00e9pk\u00e1lyha stabil \u00e9s biztons\u00e1gos elhelyez\u00e9s\u00e9t, \u00edgy \u00d6n b\u00e1tran \u00e9lvezheti a kandall\u00f3 meleg\u00e9t an\u00e9lk\u00fcl, hogy agg\u00f3dna a biztons\u00e1g miatt.<\/p>\n<p>A cser\u00e9pk\u00e1lyha kialak\u00edt\u00e1s\u00e1ban a csempe t\u00e9gla \u00e9s a m\u00e1rv\u00e1ny t\u00f6k\u00e9letesen kombin\u00e1l\u00f3dik, ami eleg\u00e1ns megjelen\u00e9st k\u00f6lcs\u00f6n\u00f6z az eg\u00e9sz berendez\u00e9snek. A m\u00e1rv\u00e1nylap tov\u00e1bb n\u00f6veli a k\u00e1lyha eszt\u00e9tikai \u00e9rt\u00e9k\u00e9t, \u00e9s emellett praktikus fel\u00fcletet biztos\u00edt a t\u00e1rgyak elhelyez\u00e9s\u00e9re.<\/p>\n<p>A Fat\u00fczel\u00e9s\u0171 6 soros cser\u00e9pk\u00e1lyha m\u00e9retei ide\u00e1lisak, hogy ak\u00e1r kisebb helyis\u00e9gekben is elf\u00e9rjen. 47 cm x 47 cm x 156 cm m\u00e9reteivel a k\u00e1lyha k\u00f6nnyed\u00e9n beilleszthet\u0151 a lak\u00e1s k\u00fcl\u00f6nb\u00f6z\u0151 r\u00e9szeibe. A s\u00falya 260 kg, ami biztos\u00edtja a k\u00e1lyha stabil elhelyez\u00e9s\u00e9t \u00e9s hossz\u00fa \u00e9lettartam\u00e1t.<\/p>\n<p>Ha szeretne egy impoz\u00e1ns \u00e9s hat\u00e9kony fat\u00fczel\u00e9s\u0171 cser\u00e9pk\u00e1lyh\u00e1t, mely kellemes meleget biztos\u00edt \u00e9s d\u00edsz\u00edti is az otthon\u00e1t, akkor v\u00e1lassza a Fat\u00fczel\u00e9s\u0171 6 soros cser\u00e9pk\u00e1lyh\u00e1t m\u00e1rv\u00e1nylappal! Tegye otthon\u00e1t melegebb\u00e9 \u00e9s hangulatosabb\u00e1 ezzel a kiv\u00e1l\u00f3 min\u0151s\u00e9g\u0171 cser\u00e9pk\u00e1lyh\u00e1val!<\/p>\n<div class=\"elementor-element elementor-element-1a2d55a elementor-widget elementor-widget-woocommerce-product-content\" data-id=\"1a2d55a\" data-element_type=\"widget\" data-widget_type=\"woocommerce-product-content.default\">\n<div class=\"elementor-widget-container\">\n<p>Fontos megjegyezni, hogy a t\u0171zhely hullad\u00e9k \u00e9get\u00e9s\u00e9re nem alkalmas, kiz\u00e1r\u00f3lag f\u0171t\u00e9sre \u00e9s f\u0151z\u00e9sre haszn\u00e1lhat\u00f3. Az ilyen hullad\u00e9k \u00e9get\u00e9sekor a cser\u00e9pk\u00e1lyha f\u00fcstkivezet\u0151 ny\u00edl\u00e1sa k\u00f6nnyen elt\u00f6m\u0151dhet, ez\u00e9rt aj\u00e1nlott kiz\u00e1r\u00f3lag megfelel\u0151 anyagokat \u00e9getni benne.<\/p>\n<p>A Fat\u00fczel\u00e9s\u0171 6 soros cser\u00e9pk\u00e1lyh\u00e1nak a sz\u00e1ll\u00edt\u00e1sa egy palett\u00e1n t\u00f6rt\u00e9nik. A cser\u00e9pk\u00e1lyha teste \u00e9s teteje sz\u00e9tv\u00e1lasztva ker\u00fcl kisz\u00e1ll\u00edt\u00e1sra. Ez a k\u00e9t r\u00e9sz garant\u00e1lja a biztons\u00e1gos sz\u00e1ll\u00edt\u00e1st \u00e9s megk\u00f6nny\u00edti a cser\u00e9pk\u00e1lyha \u00f6ssze\u00e1ll\u00edt\u00e1s\u00e1t az \u00d6n otthon\u00e1ba.<\/p>\n<h6>Sz\u00e1ll\u00edt\u00e1si hat\u00e1rid\u0151:<\/h6>\n<ul>\n<li><strong>Magyarorsz\u00e1g \u00e9s az eg\u00e9sz Eur\u00f3pai Uni\u00f3 ter\u00fclet\u00e9n<\/strong>\u00a0is sz\u00e1ll\u00edtjuk.<\/li>\n<li>Rom\u00e1ni\u00e1ba 2-3 munkanap alatt sz\u00e1ll\u00edtjuk<\/li>\n<li>Magyarorsz\u00e1gra \u00e9s az EU ter\u00fclet\u00e9re az \u00e1tutal\u00e1s ut\u00e1n 5 munkanapon bel\u00fcl \u00e9rkezik meg a term\u00e9k.<\/li>\n<\/ul>\n<p>Ha b\u00e1rmilyen k\u00e9rd\u00e9se van, k\u00e9rj\u00fck, l\u00e9pjen kapcsolatba vel\u00fcnk.<\/p>\n<p>Tov\u00e1bbi aj\u00e1nlatok\u00e9rt kattintson\u00a0<a href=\"https:\/\/esemineu.ro\/hu\/termek-kategoria\/hordozhato-cserepkalyhak\/\">ide<\/a><\/p>\n<p>T\u00f6bb inform\u00e1ci\u00f3\u00e9rt l\u00e1togasson el <a href=\"https:\/\/www.youtube.com\/@esemineuromania\">YouTube<\/a>-csatorn\u00e1nkra, valamint\u00a0<a href=\"https:\/\/www.facebook.com\/eSemineu\">Facebook<\/a>\u00a0\u00e9s\u00a0<a href=\"https:\/\/www.instagram.com\/esemineu\/\">Instagram<\/a>\u00a0oldalainkra.<\/p>\n<p><a href=\"https:\/\/esemineu.ro\/\">eSemineu.ro<\/a>\u00a0 \u00a0Te rakod a t\u00fczet, mi adjuk a meleget!<\/p>\n<\/div>\n<\/div>\n<div class=\"elementor-element elementor-element-e358873 elementor-widget elementor-widget-woocommerce-product-data-tabs\" data-id=\"e358873\" data-element_type=\"widget\" data-widget_type=\"woocommerce-product-data-tabs.default\">\n<div class=\"elementor-widget-container\"><\/div>\n<\/div>\n","protected":false},"excerpt":{"rendered":"<p>Fat\u00fczel\u00e9s\u0171 6 soros cser\u00e9pk\u00e1lyha Eleg\u00e1ns barna sz\u00edn\u00e9vel \u00e9s st\u00edlusos megjelen\u00e9s\u00e9vel ez a cser\u00e9pk\u00e1lyha biztos\u00edtja az optim\u00e1lis f\u0171t\u00e9st \u00e9s emellett k\u00fcl\u00f6nleges d\u00edsz\u00edt\u0151elemk\u00e9nt szolg\u00e1l a lak\u00e1s\u00e1ban. A cser\u00e9pk\u00e1lyha impoz\u00e1ns 10 kW teljes\u00edtm\u00e9nnyel rendelkezik, \u00edgy k\u00e9pes hat\u00e9konyan \u00e9s gyorsan felmeleg\u00edteni az eg\u00e9sz helyis\u00e9get. A f\u00fcstcs\u0151 m\u00e9rete 120 mm, \u00edgy a f\u00fcstg\u00e1zok hat\u00e9konyan elvezet\u0151dnek a k\u00e1lyh\u00e1b\u00f3l, ami hozz\u00e1j\u00e1rul a tiszta \u00e9g\u00e9shez \u00e9s a k\u00e1rosanyag-kibocs\u00e1t\u00e1s minimaliz\u00e1l\u00e1s\u00e1hoz. A Fat\u00fczel\u00e9s\u0171 6 soros cser\u00e9pk\u00e1lyh\u00e1t brikettel vagy f\u00e1val lehet f\u0171teni, \u00edgy a t\u00fczel\u0151anyag kiv\u00e1laszt\u00e1sa az \u00d6n ig\u00e9nyeihez \u00e9s lehet\u0151s\u00e9geihez igazodhat. Az ac\u00e9l l\u00e1bak garant\u00e1lj\u00e1k a cser\u00e9pk\u00e1lyha stabil \u00e9s biztons\u00e1gos elhelyez\u00e9s\u00e9t, \u00edgy \u00d6n b\u00e1tran \u00e9lvezheti a kandall\u00f3 meleg\u00e9t an\u00e9lk\u00fcl, hogy agg\u00f3dna a biztons\u00e1g miatt. A cser\u00e9pk\u00e1lyha kialak\u00edt\u00e1s\u00e1ban a csempe t\u00e9gla \u00e9s a m\u00e1rv\u00e1ny t\u00f6k\u00e9letesen kombin\u00e1l\u00f3dik, ami eleg\u00e1ns megjelen\u00e9st k\u00f6lcs\u00f6n\u00f6z az eg\u00e9sz berendez\u00e9snek. A m\u00e1rv\u00e1nylap tov\u00e1bb n\u00f6veli a k\u00e1lyha eszt\u00e9tikai \u00e9rt\u00e9k\u00e9t, \u00e9s emellett praktikus fel\u00fcletet biztos\u00edt a t\u00e1rgyak elhelyez\u00e9s\u00e9re. A Fat\u00fczel\u00e9s\u0171 6 soros cser\u00e9pk\u00e1lyha m\u00e9retei ide\u00e1lisak, hogy ak\u00e1r kisebb helyis\u00e9gekben is &hellip; <a href=\"https:\/\/esemineu.ro\/hu\/termek\/fatuzelesu-6-soros-cserepkalyha\/\">Folytatva<\/a><\/p>\n","protected":false},"featured_media":20436,"comment_status":"open","ping_status":"closed","template":"","meta":[],"product_brand":[],"product_cat":[729,1680],"product_tag":[],"class_list":{"0":"post-4718","1":"product","2":"type-product","3":"status-publish","4":"has-post-thumbnail","6":"product_cat-hordozhato-cserepkalyhak","7":"product_cat-melegito","8":"product_shipping_class-csempekalyhak","9":"pa_combustibil-utilizat-brikett","10":"pa_combustibil-utilizat-fa","11":"pa_culoare-barna","12":"pa_diametru-racordului-la-cos-120-mm-hu","13":"pa_material-acel-labak","14":"pa_material-teracota-hu","15":"pa_material-ontotvas-ajto-hoallo-uveggel","16":"pa_model-6-soros-melegito-hu","17":"pa_putere-10-kw-hu","18":"pa_randament-80-hu","19":"pa_suprafata-incalzita-mp-55-59-hu","20":"producer-soberom","22":"first","23":"instock","24":"shipping-taxable","25":"purchasable","26":"product-type-simple"},"acf":[],"yoast_head":"<!-- This site is optimized with the Yoast SEO Premium plugin v21.0 (Yoast SEO v27.3) - https:\/\/yoast.com\/product\/yoast-seo-premium-wordpress\/ -->\n<title>Fat\u00fczel\u00e9s\u0171 6 soros cser\u00e9pk\u00e1lyha, 10 kW | eSemineu.ro<\/title>\n<meta name=\"description\" content=\"Fat\u00fczel\u00e9s\u0171 cser\u00e9pk\u00e1lyha, m\u00e1rv\u00e1nylappal, 10 kW, h\u0151\u00e1ll\u00f3 \u00fcveggel. Kandall\u00f3 t\u00edpus\u00fa, k\u00e9t r\u00e9szb\u0151l \u00e1ll\u00f3 cser\u00e9pk\u00e1lyha, ac\u00e9l l\u00e1bakkal.\" \/>\n<meta name=\"robots\" content=\"index, follow, max-snippet:-1, max-image-preview:large, max-video-preview:-1\" \/>\n<link rel=\"canonical\" href=\"https:\/\/esemineu.ro\/hu\/termek\/fatuzelesu-6-soros-cserepkalyha\/\" \/>\n<meta property=\"og:locale\" content=\"hu_HU\" \/>\n<meta property=\"og:type\" content=\"article\" \/>\n<meta property=\"og:title\" content=\"Fat\u00fczel\u00e9s\u0171 6 soros cser\u00e9pk\u00e1lyha, 10 kW | eSemineu.ro\" \/>\n<meta property=\"og:description\" content=\"Fat\u00fczel\u00e9s\u0171 cser\u00e9pk\u00e1lyha, m\u00e1rv\u00e1nylappal, 10 kW, h\u0151\u00e1ll\u00f3 \u00fcveggel. Kandall\u00f3 t\u00edpus\u00fa, k\u00e9t r\u00e9szb\u0151l \u00e1ll\u00f3 cser\u00e9pk\u00e1lyha, ac\u00e9l l\u00e1bakkal.\" \/>\n<meta property=\"og:url\" content=\"https:\/\/esemineu.ro\/hu\/termek\/fatuzelesu-6-soros-cserepkalyha\/\" \/>\n<meta property=\"og:site_name\" content=\"eSemineu\" \/>\n<meta property=\"article:publisher\" content=\"https:\/\/web.facebook.com\/eSemineu\" \/>\n<meta property=\"article:modified_time\" content=\"2026-04-07T06:58:54+00:00\" \/>\n<meta property=\"og:image\" content=\"https:\/\/esemineu.ro\/wp-content\/uploads\/2021\/11\/6R-MARO-FRONT-FR-.jpg\" \/>\n\t<meta property=\"og:image:width\" content=\"1000\" \/>\n\t<meta property=\"og:image:height\" content=\"1000\" \/>\n\t<meta property=\"og:image:type\" content=\"image\/jpeg\" \/>\n<meta name=\"twitter:card\" content=\"summary_large_image\" \/>\n<meta name=\"twitter:label1\" content=\"Becs\u00fclt olvas\u00e1si id\u0151\" \/>\n\t<meta name=\"twitter:data1\" content=\"3 perc\" \/>\n<script type=\"application\/ld+json\" class=\"yoast-schema-graph\">{\"@context\":\"https:\\\/\\\/schema.org\",\"@graph\":[{\"@type\":\"WebPage\",\"@id\":\"https:\\\/\\\/esemineu.ro\\\/hu\\\/termek\\\/fatuzelesu-6-soros-cserepkalyha\\\/\",\"url\":\"https:\\\/\\\/esemineu.ro\\\/hu\\\/termek\\\/fatuzelesu-6-soros-cserepkalyha\\\/\",\"name\":\"Fat\u00fczel\u00e9s\u0171 6 soros cser\u00e9pk\u00e1lyha, 10 kW | eSemineu.ro\",\"isPartOf\":{\"@id\":\"https:\\\/\\\/esemineu.ro\\\/hu\\\/#website\"},\"primaryImageOfPage\":{\"@id\":\"https:\\\/\\\/esemineu.ro\\\/hu\\\/termek\\\/fatuzelesu-6-soros-cserepkalyha\\\/#primaryimage\"},\"image\":{\"@id\":\"https:\\\/\\\/esemineu.ro\\\/hu\\\/termek\\\/fatuzelesu-6-soros-cserepkalyha\\\/#primaryimage\"},\"thumbnailUrl\":\"https:\\\/\\\/esemineu.ro\\\/wp-content\\\/uploads\\\/2021\\\/11\\\/6R-MARO-FRONT-FR-.jpg\",\"datePublished\":\"2021-11-19T05:47:28+00:00\",\"dateModified\":\"2026-04-07T06:58:54+00:00\",\"description\":\"Fat\u00fczel\u00e9s\u0171 cser\u00e9pk\u00e1lyha, m\u00e1rv\u00e1nylappal, 10 kW, h\u0151\u00e1ll\u00f3 \u00fcveggel. Kandall\u00f3 t\u00edpus\u00fa, k\u00e9t r\u00e9szb\u0151l \u00e1ll\u00f3 cser\u00e9pk\u00e1lyha, ac\u00e9l l\u00e1bakkal.\",\"breadcrumb\":{\"@id\":\"https:\\\/\\\/esemineu.ro\\\/hu\\\/termek\\\/fatuzelesu-6-soros-cserepkalyha\\\/#breadcrumb\"},\"inLanguage\":\"hu\",\"potentialAction\":[{\"@type\":\"ReadAction\",\"target\":[\"https:\\\/\\\/esemineu.ro\\\/hu\\\/termek\\\/fatuzelesu-6-soros-cserepkalyha\\\/\"]}]},{\"@type\":\"ImageObject\",\"inLanguage\":\"hu\",\"@id\":\"https:\\\/\\\/esemineu.ro\\\/hu\\\/termek\\\/fatuzelesu-6-soros-cserepkalyha\\\/#primaryimage\",\"url\":\"https:\\\/\\\/esemineu.ro\\\/wp-content\\\/uploads\\\/2021\\\/11\\\/6R-MARO-FRONT-FR-.jpg\",\"contentUrl\":\"https:\\\/\\\/esemineu.ro\\\/wp-content\\\/uploads\\\/2021\\\/11\\\/6R-MARO-FRONT-FR-.jpg\",\"width\":1000,\"height\":1000,\"caption\":\"Sob\u0103 de teracot\u0103 \u0219i marmur\u0103 de inc\u0103lzit 10kW\"},{\"@type\":\"BreadcrumbList\",\"@id\":\"https:\\\/\\\/esemineu.ro\\\/hu\\\/termek\\\/fatuzelesu-6-soros-cserepkalyha\\\/#breadcrumb\",\"itemListElement\":[{\"@type\":\"ListItem\",\"position\":1,\"name\":\"Kezd\u0151lap\",\"item\":\"https:\\\/\\\/esemineu.ro\\\/hu\\\/\"},{\"@type\":\"ListItem\",\"position\":2,\"name\":\"\u00c1ruh\u00e1z\",\"item\":\"https:\\\/\\\/esemineu.ro\\\/hu\\\/aruhaz\\\/\"},{\"@type\":\"ListItem\",\"position\":3,\"name\":\"Fat\u00fczel\u00e9s\u0171 6 soros cser\u00e9pk\u00e1lyha, m\u00e1rv\u00e1nylappal, 10 kW, Barna\"}]},{\"@type\":\"WebSite\",\"@id\":\"https:\\\/\\\/esemineu.ro\\\/hu\\\/#website\",\"url\":\"https:\\\/\\\/esemineu.ro\\\/hu\\\/\",\"name\":\"eSemineu\",\"description\":\"\u0218eminee de cea mai \u00eenalt\u0103 calitate\",\"potentialAction\":[{\"@type\":\"SearchAction\",\"target\":{\"@type\":\"EntryPoint\",\"urlTemplate\":\"https:\\\/\\\/esemineu.ro\\\/hu\\\/?s={search_term_string}\"},\"query-input\":{\"@type\":\"PropertyValueSpecification\",\"valueRequired\":true,\"valueName\":\"search_term_string\"}}],\"inLanguage\":\"hu\"}]}<\/script>\n<!-- \/ Yoast SEO Premium plugin. -->","yoast_head_json":{"title":"Fat\u00fczel\u00e9s\u0171 6 soros cser\u00e9pk\u00e1lyha, 10 kW | eSemineu.ro","description":"Fat\u00fczel\u00e9s\u0171 cser\u00e9pk\u00e1lyha, m\u00e1rv\u00e1nylappal, 10 kW, h\u0151\u00e1ll\u00f3 \u00fcveggel. Kandall\u00f3 t\u00edpus\u00fa, k\u00e9t r\u00e9szb\u0151l \u00e1ll\u00f3 cser\u00e9pk\u00e1lyha, ac\u00e9l l\u00e1bakkal.","robots":{"index":"index","follow":"follow","max-snippet":"max-snippet:-1","max-image-preview":"max-image-preview:large","max-video-preview":"max-video-preview:-1"},"canonical":"https:\/\/esemineu.ro\/hu\/termek\/fatuzelesu-6-soros-cserepkalyha\/","og_locale":"hu_HU","og_type":"article","og_title":"Fat\u00fczel\u00e9s\u0171 6 soros cser\u00e9pk\u00e1lyha, 10 kW | eSemineu.ro","og_description":"Fat\u00fczel\u00e9s\u0171 cser\u00e9pk\u00e1lyha, m\u00e1rv\u00e1nylappal, 10 kW, h\u0151\u00e1ll\u00f3 \u00fcveggel. Kandall\u00f3 t\u00edpus\u00fa, k\u00e9t r\u00e9szb\u0151l \u00e1ll\u00f3 cser\u00e9pk\u00e1lyha, ac\u00e9l l\u00e1bakkal.","og_url":"https:\/\/esemineu.ro\/hu\/termek\/fatuzelesu-6-soros-cserepkalyha\/","og_site_name":"eSemineu","article_publisher":"https:\/\/web.facebook.com\/eSemineu","article_modified_time":"2026-04-07T06:58:54+00:00","og_image":[{"width":1000,"height":1000,"url":"https:\/\/esemineu.ro\/wp-content\/uploads\/2021\/11\/6R-MARO-FRONT-FR-.jpg","type":"image\/jpeg"}],"twitter_card":"summary_large_image","twitter_misc":{"Becs\u00fclt olvas\u00e1si id\u0151":"3 perc"},"schema":{"@context":"https:\/\/schema.org","@graph":[{"@type":"WebPage","@id":"https:\/\/esemineu.ro\/hu\/termek\/fatuzelesu-6-soros-cserepkalyha\/","url":"https:\/\/esemineu.ro\/hu\/termek\/fatuzelesu-6-soros-cserepkalyha\/","name":"Fat\u00fczel\u00e9s\u0171 6 soros cser\u00e9pk\u00e1lyha, 10 kW | eSemineu.ro","isPartOf":{"@id":"https:\/\/esemineu.ro\/hu\/#website"},"primaryImageOfPage":{"@id":"https:\/\/esemineu.ro\/hu\/termek\/fatuzelesu-6-soros-cserepkalyha\/#primaryimage"},"image":{"@id":"https:\/\/esemineu.ro\/hu\/termek\/fatuzelesu-6-soros-cserepkalyha\/#primaryimage"},"thumbnailUrl":"https:\/\/esemineu.ro\/wp-content\/uploads\/2021\/11\/6R-MARO-FRONT-FR-.jpg","datePublished":"2021-11-19T05:47:28+00:00","dateModified":"2026-04-07T06:58:54+00:00","description":"Fat\u00fczel\u00e9s\u0171 cser\u00e9pk\u00e1lyha, m\u00e1rv\u00e1nylappal, 10 kW, h\u0151\u00e1ll\u00f3 \u00fcveggel. Kandall\u00f3 t\u00edpus\u00fa, k\u00e9t r\u00e9szb\u0151l \u00e1ll\u00f3 cser\u00e9pk\u00e1lyha, ac\u00e9l l\u00e1bakkal.","breadcrumb":{"@id":"https:\/\/esemineu.ro\/hu\/termek\/fatuzelesu-6-soros-cserepkalyha\/#breadcrumb"},"inLanguage":"hu","potentialAction":[{"@type":"ReadAction","target":["https:\/\/esemineu.ro\/hu\/termek\/fatuzelesu-6-soros-cserepkalyha\/"]}]},{"@type":"ImageObject","inLanguage":"hu","@id":"https:\/\/esemineu.ro\/hu\/termek\/fatuzelesu-6-soros-cserepkalyha\/#primaryimage","url":"https:\/\/esemineu.ro\/wp-content\/uploads\/2021\/11\/6R-MARO-FRONT-FR-.jpg","contentUrl":"https:\/\/esemineu.ro\/wp-content\/uploads\/2021\/11\/6R-MARO-FRONT-FR-.jpg","width":1000,"height":1000,"caption":"Sob\u0103 de teracot\u0103 \u0219i marmur\u0103 de inc\u0103lzit 10kW"},{"@type":"BreadcrumbList","@id":"https:\/\/esemineu.ro\/hu\/termek\/fatuzelesu-6-soros-cserepkalyha\/#breadcrumb","itemListElement":[{"@type":"ListItem","position":1,"name":"Kezd\u0151lap","item":"https:\/\/esemineu.ro\/hu\/"},{"@type":"ListItem","position":2,"name":"\u00c1ruh\u00e1z","item":"https:\/\/esemineu.ro\/hu\/aruhaz\/"},{"@type":"ListItem","position":3,"name":"Fat\u00fczel\u00e9s\u0171 6 soros cser\u00e9pk\u00e1lyha, m\u00e1rv\u00e1nylappal, 10 kW, Barna"}]},{"@type":"WebSite","@id":"https:\/\/esemineu.ro\/hu\/#website","url":"https:\/\/esemineu.ro\/hu\/","name":"eSemineu","description":"\u0218eminee de cea mai \u00eenalt\u0103 calitate","potentialAction":[{"@type":"SearchAction","target":{"@type":"EntryPoint","urlTemplate":"https:\/\/esemineu.ro\/hu\/?s={search_term_string}"},"query-input":{"@type":"PropertyValueSpecification","valueRequired":true,"valueName":"search_term_string"}}],"inLanguage":"hu"}]}},"_links":{"self":[{"href":"https:\/\/esemineu.ro\/hu\/wp-json\/wp\/v2\/product\/4718","targetHints":{"allow":["GET"]}}],"collection":[{"href":"https:\/\/esemineu.ro\/hu\/wp-json\/wp\/v2\/product"}],"about":[{"href":"https:\/\/esemineu.ro\/hu\/wp-json\/wp\/v2\/types\/product"}],"replies":[{"embeddable":true,"href":"https:\/\/esemineu.ro\/hu\/wp-json\/wp\/v2\/comments?post=4718"}],"wp:featuredmedia":[{"embeddable":true,"href":"https:\/\/esemineu.ro\/hu\/wp-json\/wp\/v2\/media\/20436"}],"wp:attachment":[{"href":"https:\/\/esemineu.ro\/hu\/wp-json\/wp\/v2\/media?parent=4718"}],"wp:term":[{"taxonomy":"product_brand","embeddable":true,"href":"https:\/\/esemineu.ro\/hu\/wp-json\/wp\/v2\/product_brand?post=4718"},{"taxonomy":"product_cat","embeddable":true,"href":"https:\/\/esemineu.ro\/hu\/wp-json\/wp\/v2\/product_cat?post=4718"},{"taxonomy":"product_tag","embeddable":true,"href":"https:\/\/esemineu.ro\/hu\/wp-json\/wp\/v2\/product_tag?post=4718"}],"curies":[{"name":"wp","href":"https:\/\/api.w.org\/{rel}","templated":true}]}}