{"id":4714,"date":"2021-11-21T15:20:52","date_gmt":"2021-11-21T12:20:52","guid":{"rendered":"https:\/\/esemineu.ro\/product\/soba-teracota-crem-rustic-7kw\/"},"modified":"2026-03-06T14:33:04","modified_gmt":"2026-03-06T12:33:04","slug":"hordozhato-4-soros-cserepkalyha-rusztikus-krem","status":"publish","type":"product","link":"https:\/\/esemineu.ro\/hu\/termek\/hordozhato-4-soros-cserepkalyha-rusztikus-krem\/","title":{"rendered":"Hordozhat\u00f3 4 soros cser\u00e9pk\u00e1lyha, Rusztikus kr\u00e9m 7kW, m\u00e1rv\u00e1nylappal"},"content":{"rendered":"<p>Hordozhat\u00f3 4 soros cser\u00e9pk\u00e1lyha<\/p>\n<p>Fedezze fel otthona meleg\u00e9t \u00e9s eleganci\u00e1j\u00e1t a Hordozhat\u00f3 4 soros cser\u00e9pk\u00e1lyha, Rusztikus kr\u00e9m sz\u00ednnel, amely a t\u00f6k\u00e9letes kombin\u00e1ci\u00f3ja a klasszikus \u00e9s modern st\u00edlusnak. Ez a rendk\u00edv\u00fcl hat\u00e9kony \u00e9s praktikus cser\u00e9pk\u00e1lyha 7 kW-os teljes\u00edtm\u00e9ny\u00e9vel \u00e9s 120 mm-es f\u00fcstcs\u0151 m\u00e9ret\u00e9vel t\u00f6k\u00e9letes v\u00e1laszt\u00e1s k\u00f6zepes m\u00e9ret\u0171 helyis\u00e9gek f\u0171t\u00e9s\u00e9re. (A kW (kilowatt) az energia m\u00e9rt\u00e9kegys\u00e9ge, amely a teljes\u00edtm\u00e9nyt jel\u00f6li, vagyis azt, hogy mennyi energi\u00e1t k\u00e9pes a k\u00e1lyha bizonyos id\u0151 alatt el\u0151\u00e1ll\u00edtani.)<\/p>\n<p>A k\u00e1lyha rendk\u00edv\u00fcl sokoldal\u00fa, hiszen t\u00fczel\u0151anyagk\u00e9nt haszn\u00e1lhat brikettet \u00e9s f\u00e1t is, \u00edgy \u00d6nnek mindig lehet\u0151s\u00e9ge van a megfelel\u0151 f\u0171t\u0151anyag kiv\u00e1laszt\u00e1s\u00e1ra. Az \u00f6ntv\u00e9ny ajt\u00f3k \u00e9s l\u00e1bak nemcsak tart\u00f3ss\u00e1got \u00e9s stabilit\u00e1st biztos\u00edtanak, hanem egy\u00fattal eleg\u00e1ns megjelen\u00e9st is adnak a k\u00e1lyh\u00e1nak.<\/p>\n<p>A rusztikus kr\u00e9m sz\u00edn t\u00f6k\u00e9letesen illeszkedik b\u00e1rmilyen enteri\u0151rbe, \u00e9s a fekete r\u00e9szletek tov\u00e1bb fokozz\u00e1k az egyed\u00fcl\u00e1ll\u00f3 st\u00edlus\u00e1t. A m\u00e1rv\u00e1nylap kiv\u00e1l\u00f3 min\u0151s\u00e9g\u0171, tart\u00f3s anyag, amely hossz\u00fa \u00e9veken kereszt\u00fcl meg\u0151rzi sz\u00e9ps\u00e9g\u00e9t.<\/p>\n<p>A k\u00e1lyha m\u00e9retei, 470 mm hossz\u00fas\u00e1g, 470 mm sz\u00e9less\u00e9g \u00e9s 1100 mm magass\u00e1g, gondoskodnak arr\u00f3l, hogy a k\u00e1lyha k\u00f6nnyen beilleszthet\u0151 legyen otthona k\u00fcl\u00f6nb\u00f6z\u0151 helyis\u00e9geibe. S\u00falya 200 kg, ami biztos\u00edtja a stabilit\u00e1st \u00e9s a biztons\u00e1got a haszn\u00e1lat sor\u00e1n.<\/p>\n<p>A Hordozhat\u00f3 4 soros cser\u00e9pk\u00e1lyha, Rusztikus kr\u00e9m sz\u00ednben a praktikum \u00e9s a design t\u00f6k\u00e9letes \u00f6sszhangj\u00e1t k\u00edn\u00e1lja \u00d6nnek. Hozza be otthon\u00e1ba a melegs\u00e9get \u00e9s a st\u00edlust ezzel a k\u00e1lyh\u00e1val, \u00e9s \u00e9lvezze a kellemes l\u00e9gk\u00f6rt \u00e9s a meghitt pillanatokat csal\u00e1dja \u00e9s bar\u00e1tai k\u00f6r\u00e9ben.<\/p>\n<p>Fontos megjegyezni, hogy a t\u0171zhely hullad\u00e9k \u00e9get\u00e9s\u00e9re nem alkalmas, kiz\u00e1r\u00f3lag f\u0171t\u00e9sre \u00e9s f\u0151z\u00e9sre haszn\u00e1lhat\u00f3. Az ilyen hullad\u00e9k \u00e9get\u00e9sekor a cser\u00e9pk\u00e1lyha f\u00fcstkivezet\u0151 ny\u00edl\u00e1sa k\u00f6nnyen elt\u00f6m\u0151dhet, ez\u00e9rt aj\u00e1nlott kiz\u00e1r\u00f3lag megfelel\u0151 anyagokat \u00e9getni benne.<\/p>\n<h6>Sz\u00e1ll\u00edt\u00e1si hat\u00e1rid\u0151:<\/h6>\n<ul>\n<li><strong>Magyarorsz\u00e1g \u00e9s az eg\u00e9sz Eur\u00f3pai Uni\u00f3 ter\u00fclet\u00e9n<\/strong>\u00a0is sz\u00e1ll\u00edtjuk.<\/li>\n<li>Rom\u00e1ni\u00e1ba 2-3 munkanap alatt sz\u00e1ll\u00edtjuk<\/li>\n<li>Magyarorsz\u00e1gra \u00e9s az EU ter\u00fclet\u00e9re az \u00e1tutal\u00e1s ut\u00e1n 5 munkanapon bel\u00fcl \u00e9rkezik meg a term\u00e9k.<\/li>\n<\/ul>\n<p>Ha b\u00e1rmilyen k\u00e9rd\u00e9se van, k\u00e9rj\u00fck, l\u00e9pjen kapcsolatba vel\u00fcnk.<\/p>\n<p>Tov\u00e1bbi aj\u00e1nlatok\u00e9rt kattintson\u00a0<a href=\"https:\/\/esemineu.ro\/hu\/termek-kategoria\/hordozhato-cserepkalyhak\/\">ide<\/a><\/p>\n<p>T\u0151bb inform\u00e1ci\u00f3\u00e9rt l\u00e1togasson el\u00a0<a href=\"https:\/\/www.youtube.com\/@esemineuromania\">YouTube<\/a>-csatorn\u00e1nkra, valamint\u00a0<a href=\"https:\/\/www.facebook.com\/eSemineu\">Facebook<\/a>\u00a0\u00e9s\u00a0<a href=\"https:\/\/www.instagram.com\/esemineu\/\">Instagram<\/a>\u00a0oldalainkra.<\/p>\n<p><a href=\"https:\/\/esemineu.ro\/\">eSemineu.ro<\/a>\u00a0 \u00a0Te rakod a t\u0171zet mi adjuk a meleget!<\/p>\n","protected":false},"excerpt":{"rendered":"<p>Hordozhat\u00f3 4 soros cser\u00e9pk\u00e1lyha Fedezze fel otthona meleg\u00e9t \u00e9s eleganci\u00e1j\u00e1t a Hordozhat\u00f3 4 soros cser\u00e9pk\u00e1lyha, Rusztikus kr\u00e9m sz\u00ednnel, amely a t\u00f6k\u00e9letes kombin\u00e1ci\u00f3ja a klasszikus \u00e9s modern st\u00edlusnak. Ez a rendk\u00edv\u00fcl hat\u00e9kony \u00e9s praktikus cser\u00e9pk\u00e1lyha 7 kW-os teljes\u00edtm\u00e9ny\u00e9vel \u00e9s 120 mm-es f\u00fcstcs\u0151 m\u00e9ret\u00e9vel t\u00f6k\u00e9letes v\u00e1laszt\u00e1s k\u00f6zepes m\u00e9ret\u0171 helyis\u00e9gek f\u0171t\u00e9s\u00e9re. (A kW (kilowatt) az energia m\u00e9rt\u00e9kegys\u00e9ge, amely a teljes\u00edtm\u00e9nyt jel\u00f6li, vagyis azt, hogy mennyi energi\u00e1t k\u00e9pes a k\u00e1lyha bizonyos id\u0151 alatt el\u0151\u00e1ll\u00edtani.) A k\u00e1lyha rendk\u00edv\u00fcl sokoldal\u00fa, hiszen t\u00fczel\u0151anyagk\u00e9nt haszn\u00e1lhat brikettet \u00e9s f\u00e1t is, \u00edgy \u00d6nnek mindig lehet\u0151s\u00e9ge van a megfelel\u0151 f\u0171t\u0151anyag kiv\u00e1laszt\u00e1s\u00e1ra. Az \u00f6ntv\u00e9ny ajt\u00f3k \u00e9s l\u00e1bak nemcsak tart\u00f3ss\u00e1got \u00e9s stabilit\u00e1st biztos\u00edtanak, hanem egy\u00fattal eleg\u00e1ns megjelen\u00e9st is adnak a k\u00e1lyh\u00e1nak. A rusztikus kr\u00e9m sz\u00edn t\u00f6k\u00e9letesen illeszkedik b\u00e1rmilyen enteri\u0151rbe, \u00e9s a fekete r\u00e9szletek tov\u00e1bb fokozz\u00e1k az egyed\u00fcl\u00e1ll\u00f3 st\u00edlus\u00e1t. A m\u00e1rv\u00e1nylap kiv\u00e1l\u00f3 min\u0151s\u00e9g\u0171, tart\u00f3s anyag, amely hossz\u00fa \u00e9veken kereszt\u00fcl meg\u0151rzi sz\u00e9ps\u00e9g\u00e9t. A k\u00e1lyha m\u00e9retei, 470 mm hossz\u00fas\u00e1g, 470 mm sz\u00e9less\u00e9g \u00e9s 1100 mm magass\u00e1g, &hellip; <a href=\"https:\/\/esemineu.ro\/hu\/termek\/hordozhato-4-soros-cserepkalyha-rusztikus-krem\/\">Folytatva<\/a><\/p>\n","protected":false},"featured_media":23527,"comment_status":"open","ping_status":"closed","template":"","meta":[],"product_brand":[695],"product_cat":[729,1680],"product_tag":[],"class_list":{"0":"post-4714","1":"product","2":"type-product","3":"status-publish","4":"has-post-thumbnail","6":"product_brand-esemineu","7":"product_cat-hordozhato-cserepkalyhak","8":"product_cat-melegito","9":"product_shipping_class-csempekalyhak","10":"pa_combustibil-utilizat-brikett","11":"pa_combustibil-utilizat-fa","12":"pa_culoare-krem-bezs","13":"pa_diametru-racordului-la-cos-120-mm-hu","14":"pa_material-teracota-hu","15":"pa_material-ontotvas-ajto-hoallo-uveggel","16":"pa_material-ontveny-labak","17":"pa_model-4-soros-melegito-hu","18":"pa_putere-7-kw-hu","19":"pa_randament-80-hu","20":"pa_suprafata-incalzita-mp-26-37-hu","21":"producer-soberom","23":"first","24":"instock","25":"shipping-taxable","26":"purchasable","27":"product-type-simple"},"acf":[],"yoast_head":"<!-- This site is optimized with the Yoast SEO Premium plugin v21.0 (Yoast SEO v27.3) - https:\/\/yoast.com\/product\/yoast-seo-premium-wordpress\/ -->\n<title>Hordozhat\u00f3 4 soros cser\u00e9pk\u00e1lyha, Rusztikus kr\u00e9m | eSemineu.ro<\/title>\n<meta name=\"description\" content=\"Hordozhat\u00f3 4 soros cser\u00e9pk\u00e1lyha, Rusztikus kr\u00e9m, 7 kW, h\u0151\u00e1ll\u00f3 \u00fcveggel. Kandall\u00f3 t\u00edpus\u00fa hordozhat\u00f3 cser\u00e9pk\u00e1lyha, \u00f6nt\u00f6ttvas l\u00e1bakkal | eSemineu.ro\" \/>\n<meta name=\"robots\" content=\"index, follow, max-snippet:-1, max-image-preview:large, max-video-preview:-1\" \/>\n<link rel=\"canonical\" href=\"https:\/\/esemineu.ro\/hu\/termek\/hordozhato-4-soros-cserepkalyha-rusztikus-krem\/\" \/>\n<meta property=\"og:locale\" content=\"hu_HU\" \/>\n<meta property=\"og:type\" content=\"article\" \/>\n<meta property=\"og:title\" content=\"Hordozhat\u00f3 4 soros cser\u00e9pk\u00e1lyha, Rusztikus kr\u00e9m | eSemineu.ro\" \/>\n<meta property=\"og:description\" content=\"Hordozhat\u00f3 4 soros cser\u00e9pk\u00e1lyha, Rusztikus kr\u00e9m, 7 kW, h\u0151\u00e1ll\u00f3 \u00fcveggel. Kandall\u00f3 t\u00edpus\u00fa hordozhat\u00f3 cser\u00e9pk\u00e1lyha, \u00f6nt\u00f6ttvas l\u00e1bakkal | eSemineu.ro\" \/>\n<meta property=\"og:url\" content=\"https:\/\/esemineu.ro\/hu\/termek\/hordozhato-4-soros-cserepkalyha-rusztikus-krem\/\" \/>\n<meta property=\"og:site_name\" content=\"eSemineu\" \/>\n<meta property=\"article:publisher\" content=\"https:\/\/web.facebook.com\/eSemineu\" \/>\n<meta property=\"article:modified_time\" content=\"2026-03-06T12:33:04+00:00\" \/>\n<meta property=\"og:image\" content=\"https:\/\/esemineu.ro\/wp-content\/uploads\/2021\/11\/4RV-CREM-RUSTIC-LANDING-FR.jpg\" \/>\n\t<meta property=\"og:image:width\" content=\"1000\" \/>\n\t<meta property=\"og:image:height\" content=\"1000\" \/>\n\t<meta property=\"og:image:type\" content=\"image\/jpeg\" \/>\n<meta name=\"twitter:card\" content=\"summary_large_image\" \/>\n<meta name=\"twitter:label1\" content=\"Becs\u00fclt olvas\u00e1si id\u0151\" \/>\n\t<meta name=\"twitter:data1\" content=\"3 perc\" \/>\n<script type=\"application\/ld+json\" class=\"yoast-schema-graph\">{\"@context\":\"https:\\\/\\\/schema.org\",\"@graph\":[{\"@type\":\"WebPage\",\"@id\":\"https:\\\/\\\/esemineu.ro\\\/hu\\\/termek\\\/hordozhato-4-soros-cserepkalyha-rusztikus-krem\\\/\",\"url\":\"https:\\\/\\\/esemineu.ro\\\/hu\\\/termek\\\/hordozhato-4-soros-cserepkalyha-rusztikus-krem\\\/\",\"name\":\"Hordozhat\u00f3 4 soros cser\u00e9pk\u00e1lyha, Rusztikus kr\u00e9m | eSemineu.ro\",\"isPartOf\":{\"@id\":\"https:\\\/\\\/esemineu.ro\\\/hu\\\/#website\"},\"primaryImageOfPage\":{\"@id\":\"https:\\\/\\\/esemineu.ro\\\/hu\\\/termek\\\/hordozhato-4-soros-cserepkalyha-rusztikus-krem\\\/#primaryimage\"},\"image\":{\"@id\":\"https:\\\/\\\/esemineu.ro\\\/hu\\\/termek\\\/hordozhato-4-soros-cserepkalyha-rusztikus-krem\\\/#primaryimage\"},\"thumbnailUrl\":\"https:\\\/\\\/esemineu.ro\\\/wp-content\\\/uploads\\\/2021\\\/11\\\/4RV-CREM-RUSTIC-LANDING-FR.jpg\",\"datePublished\":\"2021-11-21T12:20:52+00:00\",\"dateModified\":\"2026-03-06T12:33:04+00:00\",\"description\":\"Hordozhat\u00f3 4 soros cser\u00e9pk\u00e1lyha, Rusztikus kr\u00e9m, 7 kW, h\u0151\u00e1ll\u00f3 \u00fcveggel. Kandall\u00f3 t\u00edpus\u00fa hordozhat\u00f3 cser\u00e9pk\u00e1lyha, \u00f6nt\u00f6ttvas l\u00e1bakkal | eSemineu.ro\",\"breadcrumb\":{\"@id\":\"https:\\\/\\\/esemineu.ro\\\/hu\\\/termek\\\/hordozhato-4-soros-cserepkalyha-rusztikus-krem\\\/#breadcrumb\"},\"inLanguage\":\"hu\",\"potentialAction\":[{\"@type\":\"ReadAction\",\"target\":[\"https:\\\/\\\/esemineu.ro\\\/hu\\\/termek\\\/hordozhato-4-soros-cserepkalyha-rusztikus-krem\\\/\"]}]},{\"@type\":\"ImageObject\",\"inLanguage\":\"hu\",\"@id\":\"https:\\\/\\\/esemineu.ro\\\/hu\\\/termek\\\/hordozhato-4-soros-cserepkalyha-rusztikus-krem\\\/#primaryimage\",\"url\":\"https:\\\/\\\/esemineu.ro\\\/wp-content\\\/uploads\\\/2021\\\/11\\\/4RV-CREM-RUSTIC-LANDING-FR.jpg\",\"contentUrl\":\"https:\\\/\\\/esemineu.ro\\\/wp-content\\\/uploads\\\/2021\\\/11\\\/4RV-CREM-RUSTIC-LANDING-FR.jpg\",\"width\":1000,\"height\":1000,\"caption\":\"Sob\u0103 teracot\u0103 Crem\\\/Rustic 7kW\"},{\"@type\":\"BreadcrumbList\",\"@id\":\"https:\\\/\\\/esemineu.ro\\\/hu\\\/termek\\\/hordozhato-4-soros-cserepkalyha-rusztikus-krem\\\/#breadcrumb\",\"itemListElement\":[{\"@type\":\"ListItem\",\"position\":1,\"name\":\"Kezd\u0151lap\",\"item\":\"https:\\\/\\\/esemineu.ro\\\/hu\\\/\"},{\"@type\":\"ListItem\",\"position\":2,\"name\":\"\u00c1ruh\u00e1z\",\"item\":\"https:\\\/\\\/esemineu.ro\\\/hu\\\/aruhaz\\\/\"},{\"@type\":\"ListItem\",\"position\":3,\"name\":\"Hordozhat\u00f3 4 soros cser\u00e9pk\u00e1lyha, Rusztikus kr\u00e9m 7kW, m\u00e1rv\u00e1nylappal\"}]},{\"@type\":\"WebSite\",\"@id\":\"https:\\\/\\\/esemineu.ro\\\/hu\\\/#website\",\"url\":\"https:\\\/\\\/esemineu.ro\\\/hu\\\/\",\"name\":\"eSemineu\",\"description\":\"\u0218eminee de cea mai \u00eenalt\u0103 calitate\",\"potentialAction\":[{\"@type\":\"SearchAction\",\"target\":{\"@type\":\"EntryPoint\",\"urlTemplate\":\"https:\\\/\\\/esemineu.ro\\\/hu\\\/?s={search_term_string}\"},\"query-input\":{\"@type\":\"PropertyValueSpecification\",\"valueRequired\":true,\"valueName\":\"search_term_string\"}}],\"inLanguage\":\"hu\"}]}<\/script>\n<!-- \/ Yoast SEO Premium plugin. -->","yoast_head_json":{"title":"Hordozhat\u00f3 4 soros cser\u00e9pk\u00e1lyha, Rusztikus kr\u00e9m | eSemineu.ro","description":"Hordozhat\u00f3 4 soros cser\u00e9pk\u00e1lyha, Rusztikus kr\u00e9m, 7 kW, h\u0151\u00e1ll\u00f3 \u00fcveggel. Kandall\u00f3 t\u00edpus\u00fa hordozhat\u00f3 cser\u00e9pk\u00e1lyha, \u00f6nt\u00f6ttvas l\u00e1bakkal | eSemineu.ro","robots":{"index":"index","follow":"follow","max-snippet":"max-snippet:-1","max-image-preview":"max-image-preview:large","max-video-preview":"max-video-preview:-1"},"canonical":"https:\/\/esemineu.ro\/hu\/termek\/hordozhato-4-soros-cserepkalyha-rusztikus-krem\/","og_locale":"hu_HU","og_type":"article","og_title":"Hordozhat\u00f3 4 soros cser\u00e9pk\u00e1lyha, Rusztikus kr\u00e9m | eSemineu.ro","og_description":"Hordozhat\u00f3 4 soros cser\u00e9pk\u00e1lyha, Rusztikus kr\u00e9m, 7 kW, h\u0151\u00e1ll\u00f3 \u00fcveggel. Kandall\u00f3 t\u00edpus\u00fa hordozhat\u00f3 cser\u00e9pk\u00e1lyha, \u00f6nt\u00f6ttvas l\u00e1bakkal | eSemineu.ro","og_url":"https:\/\/esemineu.ro\/hu\/termek\/hordozhato-4-soros-cserepkalyha-rusztikus-krem\/","og_site_name":"eSemineu","article_publisher":"https:\/\/web.facebook.com\/eSemineu","article_modified_time":"2026-03-06T12:33:04+00:00","og_image":[{"width":1000,"height":1000,"url":"https:\/\/esemineu.ro\/wp-content\/uploads\/2021\/11\/4RV-CREM-RUSTIC-LANDING-FR.jpg","type":"image\/jpeg"}],"twitter_card":"summary_large_image","twitter_misc":{"Becs\u00fclt olvas\u00e1si id\u0151":"3 perc"},"schema":{"@context":"https:\/\/schema.org","@graph":[{"@type":"WebPage","@id":"https:\/\/esemineu.ro\/hu\/termek\/hordozhato-4-soros-cserepkalyha-rusztikus-krem\/","url":"https:\/\/esemineu.ro\/hu\/termek\/hordozhato-4-soros-cserepkalyha-rusztikus-krem\/","name":"Hordozhat\u00f3 4 soros cser\u00e9pk\u00e1lyha, Rusztikus kr\u00e9m | eSemineu.ro","isPartOf":{"@id":"https:\/\/esemineu.ro\/hu\/#website"},"primaryImageOfPage":{"@id":"https:\/\/esemineu.ro\/hu\/termek\/hordozhato-4-soros-cserepkalyha-rusztikus-krem\/#primaryimage"},"image":{"@id":"https:\/\/esemineu.ro\/hu\/termek\/hordozhato-4-soros-cserepkalyha-rusztikus-krem\/#primaryimage"},"thumbnailUrl":"https:\/\/esemineu.ro\/wp-content\/uploads\/2021\/11\/4RV-CREM-RUSTIC-LANDING-FR.jpg","datePublished":"2021-11-21T12:20:52+00:00","dateModified":"2026-03-06T12:33:04+00:00","description":"Hordozhat\u00f3 4 soros cser\u00e9pk\u00e1lyha, Rusztikus kr\u00e9m, 7 kW, h\u0151\u00e1ll\u00f3 \u00fcveggel. Kandall\u00f3 t\u00edpus\u00fa hordozhat\u00f3 cser\u00e9pk\u00e1lyha, \u00f6nt\u00f6ttvas l\u00e1bakkal | eSemineu.ro","breadcrumb":{"@id":"https:\/\/esemineu.ro\/hu\/termek\/hordozhato-4-soros-cserepkalyha-rusztikus-krem\/#breadcrumb"},"inLanguage":"hu","potentialAction":[{"@type":"ReadAction","target":["https:\/\/esemineu.ro\/hu\/termek\/hordozhato-4-soros-cserepkalyha-rusztikus-krem\/"]}]},{"@type":"ImageObject","inLanguage":"hu","@id":"https:\/\/esemineu.ro\/hu\/termek\/hordozhato-4-soros-cserepkalyha-rusztikus-krem\/#primaryimage","url":"https:\/\/esemineu.ro\/wp-content\/uploads\/2021\/11\/4RV-CREM-RUSTIC-LANDING-FR.jpg","contentUrl":"https:\/\/esemineu.ro\/wp-content\/uploads\/2021\/11\/4RV-CREM-RUSTIC-LANDING-FR.jpg","width":1000,"height":1000,"caption":"Sob\u0103 teracot\u0103 Crem\/Rustic 7kW"},{"@type":"BreadcrumbList","@id":"https:\/\/esemineu.ro\/hu\/termek\/hordozhato-4-soros-cserepkalyha-rusztikus-krem\/#breadcrumb","itemListElement":[{"@type":"ListItem","position":1,"name":"Kezd\u0151lap","item":"https:\/\/esemineu.ro\/hu\/"},{"@type":"ListItem","position":2,"name":"\u00c1ruh\u00e1z","item":"https:\/\/esemineu.ro\/hu\/aruhaz\/"},{"@type":"ListItem","position":3,"name":"Hordozhat\u00f3 4 soros cser\u00e9pk\u00e1lyha, Rusztikus kr\u00e9m 7kW, m\u00e1rv\u00e1nylappal"}]},{"@type":"WebSite","@id":"https:\/\/esemineu.ro\/hu\/#website","url":"https:\/\/esemineu.ro\/hu\/","name":"eSemineu","description":"\u0218eminee de cea mai \u00eenalt\u0103 calitate","potentialAction":[{"@type":"SearchAction","target":{"@type":"EntryPoint","urlTemplate":"https:\/\/esemineu.ro\/hu\/?s={search_term_string}"},"query-input":{"@type":"PropertyValueSpecification","valueRequired":true,"valueName":"search_term_string"}}],"inLanguage":"hu"}]}},"_links":{"self":[{"href":"https:\/\/esemineu.ro\/hu\/wp-json\/wp\/v2\/product\/4714","targetHints":{"allow":["GET"]}}],"collection":[{"href":"https:\/\/esemineu.ro\/hu\/wp-json\/wp\/v2\/product"}],"about":[{"href":"https:\/\/esemineu.ro\/hu\/wp-json\/wp\/v2\/types\/product"}],"replies":[{"embeddable":true,"href":"https:\/\/esemineu.ro\/hu\/wp-json\/wp\/v2\/comments?post=4714"}],"wp:featuredmedia":[{"embeddable":true,"href":"https:\/\/esemineu.ro\/hu\/wp-json\/wp\/v2\/media\/23527"}],"wp:attachment":[{"href":"https:\/\/esemineu.ro\/hu\/wp-json\/wp\/v2\/media?parent=4714"}],"wp:term":[{"taxonomy":"product_brand","embeddable":true,"href":"https:\/\/esemineu.ro\/hu\/wp-json\/wp\/v2\/product_brand?post=4714"},{"taxonomy":"product_cat","embeddable":true,"href":"https:\/\/esemineu.ro\/hu\/wp-json\/wp\/v2\/product_cat?post=4714"},{"taxonomy":"product_tag","embeddable":true,"href":"https:\/\/esemineu.ro\/hu\/wp-json\/wp\/v2\/product_tag?post=4714"}],"curies":[{"name":"wp","href":"https:\/\/api.w.org\/{rel}","templated":true}]}}