{"id":4694,"date":"2022-01-13T15:47:50","date_gmt":"2022-01-13T12:47:50","guid":{"rendered":"https:\/\/esemineu.ro\/product\/teracota-cizma-mica-maro-de-incalzit-si-gatit-cu-usa-sticla-8kw\/"},"modified":"2026-03-31T12:34:32","modified_gmt":"2026-03-31T09:34:32","slug":"barna-kis-csiko-cserepkalyha-fatuzelesu-jobbos-balos-fust-kivezetessel-8kw","status":"publish","type":"product","link":"https:\/\/esemineu.ro\/hu\/termek\/barna-kis-csiko-cserepkalyha-fatuzelesu-jobbos-balos-fust-kivezetessel-8kw\/","title":{"rendered":"Barna Kis Csik\u00f3 Cser\u00e9pk\u00e1lyha, Fat\u0171zel\u00e9s\u0171 jobbos\/balos f\u0171st kivezet\u00e9ssel, 8kW"},"content":{"rendered":"<p>Barna Kis Csik\u00f3 Cser\u00e9pk\u00e1lyha<\/p>\n<p>Barna Kis Csik\u00f3 Cser\u00e9pk\u00e1lyha \u2013 Fat\u0171zel\u00e9s\u0171, Jobbos-Balos F\u00fcst Kivezet\u00e9ssel, 8kW<\/p>\n<p>A Barna Kis Csik\u00f3 Cser\u00e9pk\u00e1lyha a meleg \u00e9s otthonos l\u00e9gk\u00f6r megteremt\u00e9s\u00e9nek t\u00f6k\u00e9letes v\u00e1laszt\u00e1sa. Ez a fat\u00fczel\u00e9s\u0171 k\u00e1lyha magas min\u0151s\u00e9g\u0171 \u0150nt\u0151tvas ajt\u00f3val, amely h\u0151\u00e1ll\u00f3 \u00fcveggel van ell\u00e1tva, \u00e9s \u00f6ntv\u00e9ny f\u0151z\u0151lappal \u00e9s l\u00e1bakkal rendelkezik. A k\u00e1lyha barna sz\u00edne eleg\u00e1ns megjelen\u00e9st k\u00f6lcs\u00f6n\u00f6z otthon\u00e1nak, m\u00edg a kiv\u00e1l\u00f3 min\u0151s\u00e9g\u0171 cser\u00e9p anyag biztos\u00edtja a hossz\u00fa \u00e9lettartamot \u00e9s a hat\u00e9kony h\u0151lead\u00e1st.<\/p>\n<p>A 8kW-os teljes\u00edtm\u00e9ny kiv\u00e1l\u00f3an alkalmas az ilyen m\u00e9ret\u0171 helyis\u00e9gek meleg\u00e9nek fenntart\u00e1s\u00e1ra, \u00e9s seg\u00edt minimaliz\u00e1lni a f\u0171t\u00e9ssel j\u00e1r\u00f3 k\u00f6lts\u00e9geket. A barna sz\u00edn\u0171 k\u00e1lyha eleg\u00e1ns megjelen\u00e9st k\u00f6lcs\u00f6n\u00f6z a helyis\u00e9gnek, \u00e9s hangulatos l\u00e9gk\u00f6rt teremt, ami kellemes \u00e9s pihentet\u0151 otthoni \u00e9lm\u00e9nyt ny\u00fajt.<\/p>\n<p>A k\u00e1lyha a jobbos-balos f\u00fcst kivezet\u00e9snek k\u00f6sz\u00f6nhet\u0151en egyszer\u0171en \u00e9s k\u00f6nnyen telep\u00edthet\u0151 a kiv\u00e1lasztott helyis\u00e9gben. A f\u00fcstcs\u0151 m\u00e9rete 120 mm, \u00edgy a f\u00fcst gond n\u00e9lk\u00fcl t\u00e1vozik a k\u00e1lyh\u00e1b\u00f3l, \u00e9s kellemesen meleg\u00edti be otthon\u00e1t.<\/p>\n<p>Az 950 mm hossz\u00fas\u00e1g \u00e9s a 530 mm m\u00e9lys\u00e9g ide\u00e1lis m\u00e9reteket biztos\u00edtanak a k\u00e1lyha elhelyez\u00e9s\u00e9hez, m\u00edg a 98-100 cm magass\u00e1g a k\u00e9nyelmes haszn\u00e1latot szolg\u00e1lja. A k\u00e1lyha 178 kg-os s\u00falya pedig stabilit\u00e1st \u00e9s megb\u00edzhat\u00f3s\u00e1got garant\u00e1l.<\/p>\n<p>A k\u00e1lyha t\u00f6k\u00e9letesen haszn\u00e1lhat\u00f3 brikett \u00e9s t\u0171zifa \u00e9get\u00e9s\u00e9re egyar\u00e1nt, \u00edgy lehet\u0151s\u00e9get k\u00edn\u00e1l a k\u00e9nyelmes \u00e9s hat\u00e9kony f\u0171t\u00e9sre. A fat\u00fczel\u00e9s\u0171 k\u00e1lyha egyik nagy el\u0151nye, hogy meghitt meleget biztos\u00edt az otthon\u00e1ban, amely ide\u00e1lis a hidegebb napokon vagy est\u00e9ken.<\/p>\n<p>Ha min\u0151s\u00e9gi, megb\u00edzhat\u00f3 \u00e9s eszt\u00e9tikus k\u00e1lyh\u00e1t keres, akkor a Barna Kis Csik\u00f3 Cser\u00e9pk\u00e1lyha a t\u00f6k\u00e9letes v\u00e1laszt\u00e1s. V\u00e1lassza ezt a 8kW teljes\u00edtm\u00e9ny\u0171 k\u00e1lyh\u00e1t, \u00e9s \u00e9lvezze a term\u00e9szetes f\u0171t\u00e9s \u00e9lm\u00e9ny\u00e9t a saj\u00e1t otthon\u00e1ban.<\/p>\n<p>Fontos megjegyezni, hogy a t\u0171zhely hullad\u00e9k \u00e9get\u00e9s\u00e9re nem alkalmas, kiz\u00e1r\u00f3lag f\u0171t\u00e9sre \u00e9s f\u0151z\u00e9sre haszn\u00e1lhat\u00f3. Az ilyen hullad\u00e9k \u00e9get\u00e9sekor a cser\u00e9pk\u00e1lyha f\u00fcstkivezet\u0151 ny\u00edl\u00e1sa k\u00f6nnyen elt\u00f6m\u0151dhet, ez\u00e9rt aj\u00e1nlott kiz\u00e1r\u00f3lag megfelel\u0151 anyagokat \u00e9getni benne.<\/p>\n<h6>Sz\u00e1ll\u00edt\u00e1si hat\u00e1rid\u0151:<\/h6>\n<ul>\n<li><strong>Magyarorsz\u00e1g \u00e9s az eg\u00e9sz Eur\u00f3pai Uni\u00f3 ter\u00fclet\u00e9n<\/strong>\u00a0is sz\u00e1ll\u00edtjuk.<\/li>\n<li>Rom\u00e1ni\u00e1ba 2-3 munkanap alatt sz\u00e1ll\u00edtjuk<\/li>\n<li>Magyarorsz\u00e1gra \u00e9s az EU ter\u00fclet\u00e9re az \u00e1tutal\u00e1s ut\u00e1n 5 munkanapon bel\u00fcl \u00e9rkezik meg a term\u00e9k.<\/li>\n<\/ul>\n<p>Ha b\u00e1rmilyen k\u00e9rd\u00e9se van, k\u00e9rj\u00fck, l\u00e9pjen kapcsolatba vel\u00fcnk.<\/p>\n<p>Tov\u00e1bbi aj\u00e1nlatok\u00e9rt kattintson\u00a0<a href=\"https:\/\/esemineu.ro\/hu\/termek-kategoria\/hordozhato-cserepkalyhak\/\">ide<\/a><\/p>\n<p>T\u0151bb inform\u00e1ci\u00f3\u00e9rt l\u00e1togasson el\u00a0<a href=\"https:\/\/www.youtube.com\/@esemineuromania\">YouTube<\/a>-csatorn\u00e1nkra, valamint\u00a0<a href=\"https:\/\/www.facebook.com\/eSemineu\">Facebook<\/a>\u00a0\u00e9s\u00a0<a href=\"https:\/\/www.instagram.com\/esemineu\/\">Instagram<\/a>\u00a0oldalainkra.<\/p>\n<p><a href=\"https:\/\/esemineu.ro\/\">eSemineu.ro<\/a>\u00a0 \u00a0Te rakod a t\u0171zet, mi adjuk a meleget!<\/p>\n","protected":false},"excerpt":{"rendered":"<p>Barna Kis Csik\u00f3 Cser\u00e9pk\u00e1lyha Barna Kis Csik\u00f3 Cser\u00e9pk\u00e1lyha \u2013 Fat\u0171zel\u00e9s\u0171, Jobbos-Balos F\u00fcst Kivezet\u00e9ssel, 8kW A Barna Kis Csik\u00f3 Cser\u00e9pk\u00e1lyha a meleg \u00e9s otthonos l\u00e9gk\u00f6r megteremt\u00e9s\u00e9nek t\u00f6k\u00e9letes v\u00e1laszt\u00e1sa. Ez a fat\u00fczel\u00e9s\u0171 k\u00e1lyha magas min\u0151s\u00e9g\u0171 \u0150nt\u0151tvas ajt\u00f3val, amely h\u0151\u00e1ll\u00f3 \u00fcveggel van ell\u00e1tva, \u00e9s \u00f6ntv\u00e9ny f\u0151z\u0151lappal \u00e9s l\u00e1bakkal rendelkezik. A k\u00e1lyha barna sz\u00edne eleg\u00e1ns megjelen\u00e9st k\u00f6lcs\u00f6n\u00f6z otthon\u00e1nak, m\u00edg a kiv\u00e1l\u00f3 min\u0151s\u00e9g\u0171 cser\u00e9p anyag biztos\u00edtja a hossz\u00fa \u00e9lettartamot \u00e9s a hat\u00e9kony h\u0151lead\u00e1st. A 8kW-os teljes\u00edtm\u00e9ny kiv\u00e1l\u00f3an alkalmas az ilyen m\u00e9ret\u0171 helyis\u00e9gek meleg\u00e9nek fenntart\u00e1s\u00e1ra, \u00e9s seg\u00edt minimaliz\u00e1lni a f\u0171t\u00e9ssel j\u00e1r\u00f3 k\u00f6lts\u00e9geket. A barna sz\u00edn\u0171 k\u00e1lyha eleg\u00e1ns megjelen\u00e9st k\u00f6lcs\u00f6n\u00f6z a helyis\u00e9gnek, \u00e9s hangulatos l\u00e9gk\u00f6rt teremt, ami kellemes \u00e9s pihentet\u0151 otthoni \u00e9lm\u00e9nyt ny\u00fajt. A k\u00e1lyha a jobbos-balos f\u00fcst kivezet\u00e9snek k\u00f6sz\u00f6nhet\u0151en egyszer\u0171en \u00e9s k\u00f6nnyen telep\u00edthet\u0151 a kiv\u00e1lasztott helyis\u00e9gben. A f\u00fcstcs\u0151 m\u00e9rete 120 mm, \u00edgy a f\u00fcst gond n\u00e9lk\u00fcl t\u00e1vozik a k\u00e1lyh\u00e1b\u00f3l, \u00e9s kellemesen meleg\u00edti be otthon\u00e1t. Az 950 mm hossz\u00fas\u00e1g \u00e9s a 530 mm m\u00e9lys\u00e9g ide\u00e1lis m\u00e9reteket biztos\u00edtanak &hellip; <a href=\"https:\/\/esemineu.ro\/hu\/termek\/barna-kis-csiko-cserepkalyha-fatuzelesu-jobbos-balos-fust-kivezetessel-8kw\/\">Folytatva<\/a><\/p>\n","protected":false},"featured_media":22279,"comment_status":"open","ping_status":"closed","template":"","meta":[],"product_brand":[695],"product_cat":[1678,729],"product_tag":[],"class_list":{"0":"post-4694","1":"product","2":"type-product","3":"status-publish","4":"has-post-thumbnail","6":"product_brand-esemineu","7":"product_cat-csiko","8":"product_cat-hordozhato-cserepkalyhak","9":"product_shipping_class-csempekalyhak","10":"pa_combustibil-utilizat-brikett","11":"pa_combustibil-utilizat-tuzifa","12":"pa_culoare-barna","13":"pa_diametru-racordului-la-cos-120-mm-hu","14":"pa_evacuare-fum-bal","15":"pa_evacuare-fum-jobb","16":"pa_material-teracota-hu","17":"pa_material-ontotvas-ajto-hoallo-uveggel","18":"pa_material-ontveny-fozolap","19":"pa_material-ontveny-labak","20":"pa_model-csiko-hu","21":"pa_putere-8-kw-hu","22":"pa_randament-80-hu","23":"pa_suprafata-incalzita-mp-38-45-hu","24":"producer-soberom","26":"first","27":"instock","28":"shipping-taxable","29":"purchasable","30":"product-type-variable"},"acf":[],"yoast_head":"<!-- This site is optimized with the Yoast SEO Premium plugin v21.0 (Yoast SEO v27.3) - https:\/\/yoast.com\/product\/yoast-seo-premium-wordpress\/ -->\n<title>Barna Kis Csik\u00f3 Cser\u00e9pk\u00e1lyha, jobbos\/balos, 8kW | eSemineu.ro<\/title>\n<meta name=\"description\" content=\"Barna Kis Csik\u00f3 Cser\u00e9pk\u00e1lyha, balos\/jobbos f\u00fcstkivezet\u00e9s, f\u0151z\u0151lappal felszerelt. F\u00e1val t\u00fczel\u0151s cser\u00e9pk\u00e1lyha, \u00f6nt\u00f6ttvas l\u00e1bakkal.\" \/>\n<meta name=\"robots\" content=\"index, follow, max-snippet:-1, max-image-preview:large, max-video-preview:-1\" \/>\n<link rel=\"canonical\" href=\"https:\/\/esemineu.ro\/hu\/termek\/barna-kis-csiko-cserepkalyha-fatuzelesu-jobbos-balos-fust-kivezetessel-8kw\/\" \/>\n<meta property=\"og:locale\" content=\"hu_HU\" \/>\n<meta property=\"og:type\" content=\"article\" \/>\n<meta property=\"og:title\" content=\"Barna Kis Csik\u00f3 Cser\u00e9pk\u00e1lyha, jobbos\/balos, 8kW | eSemineu.ro\" \/>\n<meta property=\"og:description\" content=\"Barna Kis Csik\u00f3 Cser\u00e9pk\u00e1lyha, balos\/jobbos f\u00fcstkivezet\u00e9s, f\u0151z\u0151lappal felszerelt. F\u00e1val t\u00fczel\u0151s cser\u00e9pk\u00e1lyha, \u00f6nt\u00f6ttvas l\u00e1bakkal.\" \/>\n<meta property=\"og:url\" content=\"https:\/\/esemineu.ro\/hu\/termek\/barna-kis-csiko-cserepkalyha-fatuzelesu-jobbos-balos-fust-kivezetessel-8kw\/\" \/>\n<meta property=\"og:site_name\" content=\"eSemineu\" \/>\n<meta property=\"article:publisher\" content=\"https:\/\/web.facebook.com\/eSemineu\" \/>\n<meta property=\"article:modified_time\" content=\"2026-03-31T09:34:32+00:00\" \/>\n<meta property=\"og:image\" content=\"https:\/\/esemineu.ro\/wp-content\/uploads\/2022\/01\/CIZMA-MICA-SB-MARO-LANDING-FR.jpg\" \/>\n\t<meta property=\"og:image:width\" content=\"1000\" \/>\n\t<meta property=\"og:image:height\" content=\"1000\" \/>\n\t<meta property=\"og:image:type\" content=\"image\/jpeg\" \/>\n<meta name=\"twitter:card\" content=\"summary_large_image\" \/>\n<meta name=\"twitter:label1\" content=\"Becs\u00fclt olvas\u00e1si id\u0151\" \/>\n\t<meta name=\"twitter:data1\" content=\"4 perc\" \/>\n<script type=\"application\/ld+json\" class=\"yoast-schema-graph\">{\"@context\":\"https:\\\/\\\/schema.org\",\"@graph\":[{\"@type\":\"WebPage\",\"@id\":\"https:\\\/\\\/esemineu.ro\\\/hu\\\/termek\\\/barna-kis-csiko-cserepkalyha-fatuzelesu-jobbos-balos-fust-kivezetessel-8kw\\\/\",\"url\":\"https:\\\/\\\/esemineu.ro\\\/hu\\\/termek\\\/barna-kis-csiko-cserepkalyha-fatuzelesu-jobbos-balos-fust-kivezetessel-8kw\\\/\",\"name\":\"Barna Kis Csik\u00f3 Cser\u00e9pk\u00e1lyha, jobbos\\\/balos, 8kW | eSemineu.ro\",\"isPartOf\":{\"@id\":\"https:\\\/\\\/esemineu.ro\\\/hu\\\/#website\"},\"primaryImageOfPage\":{\"@id\":\"https:\\\/\\\/esemineu.ro\\\/hu\\\/termek\\\/barna-kis-csiko-cserepkalyha-fatuzelesu-jobbos-balos-fust-kivezetessel-8kw\\\/#primaryimage\"},\"image\":{\"@id\":\"https:\\\/\\\/esemineu.ro\\\/hu\\\/termek\\\/barna-kis-csiko-cserepkalyha-fatuzelesu-jobbos-balos-fust-kivezetessel-8kw\\\/#primaryimage\"},\"thumbnailUrl\":\"https:\\\/\\\/esemineu.ro\\\/wp-content\\\/uploads\\\/2022\\\/01\\\/CIZMA-MICA-SB-MARO-LANDING-FR.jpg\",\"datePublished\":\"2022-01-13T12:47:50+00:00\",\"dateModified\":\"2026-03-31T09:34:32+00:00\",\"description\":\"Barna Kis Csik\u00f3 Cser\u00e9pk\u00e1lyha, balos\\\/jobbos f\u00fcstkivezet\u00e9s, f\u0151z\u0151lappal felszerelt. F\u00e1val t\u00fczel\u0151s cser\u00e9pk\u00e1lyha, \u00f6nt\u00f6ttvas l\u00e1bakkal.\",\"breadcrumb\":{\"@id\":\"https:\\\/\\\/esemineu.ro\\\/hu\\\/termek\\\/barna-kis-csiko-cserepkalyha-fatuzelesu-jobbos-balos-fust-kivezetessel-8kw\\\/#breadcrumb\"},\"inLanguage\":\"hu\",\"potentialAction\":[{\"@type\":\"ReadAction\",\"target\":[\"https:\\\/\\\/esemineu.ro\\\/hu\\\/termek\\\/barna-kis-csiko-cserepkalyha-fatuzelesu-jobbos-balos-fust-kivezetessel-8kw\\\/\"]}]},{\"@type\":\"ImageObject\",\"inLanguage\":\"hu\",\"@id\":\"https:\\\/\\\/esemineu.ro\\\/hu\\\/termek\\\/barna-kis-csiko-cserepkalyha-fatuzelesu-jobbos-balos-fust-kivezetessel-8kw\\\/#primaryimage\",\"url\":\"https:\\\/\\\/esemineu.ro\\\/wp-content\\\/uploads\\\/2022\\\/01\\\/CIZMA-MICA-SB-MARO-LANDING-FR.jpg\",\"contentUrl\":\"https:\\\/\\\/esemineu.ro\\\/wp-content\\\/uploads\\\/2022\\\/01\\\/CIZMA-MICA-SB-MARO-LANDING-FR.jpg\",\"width\":1000,\"height\":1000,\"caption\":\"Sob\u0103 Teracot\u0103 cizm\u0103 mic\u0103 Maro\"},{\"@type\":\"BreadcrumbList\",\"@id\":\"https:\\\/\\\/esemineu.ro\\\/hu\\\/termek\\\/barna-kis-csiko-cserepkalyha-fatuzelesu-jobbos-balos-fust-kivezetessel-8kw\\\/#breadcrumb\",\"itemListElement\":[{\"@type\":\"ListItem\",\"position\":1,\"name\":\"Kezd\u0151lap\",\"item\":\"https:\\\/\\\/esemineu.ro\\\/hu\\\/\"},{\"@type\":\"ListItem\",\"position\":2,\"name\":\"\u00c1ruh\u00e1z\",\"item\":\"https:\\\/\\\/esemineu.ro\\\/hu\\\/aruhaz\\\/\"},{\"@type\":\"ListItem\",\"position\":3,\"name\":\"Barna Kis Csik\u00f3 Cser\u00e9pk\u00e1lyha, Fat\u0171zel\u00e9s\u0171 jobbos\\\/balos f\u0171st kivezet\u00e9ssel, 8kW\"}]},{\"@type\":\"WebSite\",\"@id\":\"https:\\\/\\\/esemineu.ro\\\/hu\\\/#website\",\"url\":\"https:\\\/\\\/esemineu.ro\\\/hu\\\/\",\"name\":\"eSemineu\",\"description\":\"\u0218eminee de cea mai \u00eenalt\u0103 calitate\",\"potentialAction\":[{\"@type\":\"SearchAction\",\"target\":{\"@type\":\"EntryPoint\",\"urlTemplate\":\"https:\\\/\\\/esemineu.ro\\\/hu\\\/?s={search_term_string}\"},\"query-input\":{\"@type\":\"PropertyValueSpecification\",\"valueRequired\":true,\"valueName\":\"search_term_string\"}}],\"inLanguage\":\"hu\"}]}<\/script>\n<!-- \/ Yoast SEO Premium plugin. -->","yoast_head_json":{"title":"Barna Kis Csik\u00f3 Cser\u00e9pk\u00e1lyha, jobbos\/balos, 8kW | eSemineu.ro","description":"Barna Kis Csik\u00f3 Cser\u00e9pk\u00e1lyha, balos\/jobbos f\u00fcstkivezet\u00e9s, f\u0151z\u0151lappal felszerelt. F\u00e1val t\u00fczel\u0151s cser\u00e9pk\u00e1lyha, \u00f6nt\u00f6ttvas l\u00e1bakkal.","robots":{"index":"index","follow":"follow","max-snippet":"max-snippet:-1","max-image-preview":"max-image-preview:large","max-video-preview":"max-video-preview:-1"},"canonical":"https:\/\/esemineu.ro\/hu\/termek\/barna-kis-csiko-cserepkalyha-fatuzelesu-jobbos-balos-fust-kivezetessel-8kw\/","og_locale":"hu_HU","og_type":"article","og_title":"Barna Kis Csik\u00f3 Cser\u00e9pk\u00e1lyha, jobbos\/balos, 8kW | eSemineu.ro","og_description":"Barna Kis Csik\u00f3 Cser\u00e9pk\u00e1lyha, balos\/jobbos f\u00fcstkivezet\u00e9s, f\u0151z\u0151lappal felszerelt. F\u00e1val t\u00fczel\u0151s cser\u00e9pk\u00e1lyha, \u00f6nt\u00f6ttvas l\u00e1bakkal.","og_url":"https:\/\/esemineu.ro\/hu\/termek\/barna-kis-csiko-cserepkalyha-fatuzelesu-jobbos-balos-fust-kivezetessel-8kw\/","og_site_name":"eSemineu","article_publisher":"https:\/\/web.facebook.com\/eSemineu","article_modified_time":"2026-03-31T09:34:32+00:00","og_image":[{"width":1000,"height":1000,"url":"https:\/\/esemineu.ro\/wp-content\/uploads\/2022\/01\/CIZMA-MICA-SB-MARO-LANDING-FR.jpg","type":"image\/jpeg"}],"twitter_card":"summary_large_image","twitter_misc":{"Becs\u00fclt olvas\u00e1si id\u0151":"4 perc"},"schema":{"@context":"https:\/\/schema.org","@graph":[{"@type":"WebPage","@id":"https:\/\/esemineu.ro\/hu\/termek\/barna-kis-csiko-cserepkalyha-fatuzelesu-jobbos-balos-fust-kivezetessel-8kw\/","url":"https:\/\/esemineu.ro\/hu\/termek\/barna-kis-csiko-cserepkalyha-fatuzelesu-jobbos-balos-fust-kivezetessel-8kw\/","name":"Barna Kis Csik\u00f3 Cser\u00e9pk\u00e1lyha, jobbos\/balos, 8kW | eSemineu.ro","isPartOf":{"@id":"https:\/\/esemineu.ro\/hu\/#website"},"primaryImageOfPage":{"@id":"https:\/\/esemineu.ro\/hu\/termek\/barna-kis-csiko-cserepkalyha-fatuzelesu-jobbos-balos-fust-kivezetessel-8kw\/#primaryimage"},"image":{"@id":"https:\/\/esemineu.ro\/hu\/termek\/barna-kis-csiko-cserepkalyha-fatuzelesu-jobbos-balos-fust-kivezetessel-8kw\/#primaryimage"},"thumbnailUrl":"https:\/\/esemineu.ro\/wp-content\/uploads\/2022\/01\/CIZMA-MICA-SB-MARO-LANDING-FR.jpg","datePublished":"2022-01-13T12:47:50+00:00","dateModified":"2026-03-31T09:34:32+00:00","description":"Barna Kis Csik\u00f3 Cser\u00e9pk\u00e1lyha, balos\/jobbos f\u00fcstkivezet\u00e9s, f\u0151z\u0151lappal felszerelt. F\u00e1val t\u00fczel\u0151s cser\u00e9pk\u00e1lyha, \u00f6nt\u00f6ttvas l\u00e1bakkal.","breadcrumb":{"@id":"https:\/\/esemineu.ro\/hu\/termek\/barna-kis-csiko-cserepkalyha-fatuzelesu-jobbos-balos-fust-kivezetessel-8kw\/#breadcrumb"},"inLanguage":"hu","potentialAction":[{"@type":"ReadAction","target":["https:\/\/esemineu.ro\/hu\/termek\/barna-kis-csiko-cserepkalyha-fatuzelesu-jobbos-balos-fust-kivezetessel-8kw\/"]}]},{"@type":"ImageObject","inLanguage":"hu","@id":"https:\/\/esemineu.ro\/hu\/termek\/barna-kis-csiko-cserepkalyha-fatuzelesu-jobbos-balos-fust-kivezetessel-8kw\/#primaryimage","url":"https:\/\/esemineu.ro\/wp-content\/uploads\/2022\/01\/CIZMA-MICA-SB-MARO-LANDING-FR.jpg","contentUrl":"https:\/\/esemineu.ro\/wp-content\/uploads\/2022\/01\/CIZMA-MICA-SB-MARO-LANDING-FR.jpg","width":1000,"height":1000,"caption":"Sob\u0103 Teracot\u0103 cizm\u0103 mic\u0103 Maro"},{"@type":"BreadcrumbList","@id":"https:\/\/esemineu.ro\/hu\/termek\/barna-kis-csiko-cserepkalyha-fatuzelesu-jobbos-balos-fust-kivezetessel-8kw\/#breadcrumb","itemListElement":[{"@type":"ListItem","position":1,"name":"Kezd\u0151lap","item":"https:\/\/esemineu.ro\/hu\/"},{"@type":"ListItem","position":2,"name":"\u00c1ruh\u00e1z","item":"https:\/\/esemineu.ro\/hu\/aruhaz\/"},{"@type":"ListItem","position":3,"name":"Barna Kis Csik\u00f3 Cser\u00e9pk\u00e1lyha, Fat\u0171zel\u00e9s\u0171 jobbos\/balos f\u0171st kivezet\u00e9ssel, 8kW"}]},{"@type":"WebSite","@id":"https:\/\/esemineu.ro\/hu\/#website","url":"https:\/\/esemineu.ro\/hu\/","name":"eSemineu","description":"\u0218eminee de cea mai \u00eenalt\u0103 calitate","potentialAction":[{"@type":"SearchAction","target":{"@type":"EntryPoint","urlTemplate":"https:\/\/esemineu.ro\/hu\/?s={search_term_string}"},"query-input":{"@type":"PropertyValueSpecification","valueRequired":true,"valueName":"search_term_string"}}],"inLanguage":"hu"}]}},"_links":{"self":[{"href":"https:\/\/esemineu.ro\/hu\/wp-json\/wp\/v2\/product\/4694","targetHints":{"allow":["GET"]}}],"collection":[{"href":"https:\/\/esemineu.ro\/hu\/wp-json\/wp\/v2\/product"}],"about":[{"href":"https:\/\/esemineu.ro\/hu\/wp-json\/wp\/v2\/types\/product"}],"replies":[{"embeddable":true,"href":"https:\/\/esemineu.ro\/hu\/wp-json\/wp\/v2\/comments?post=4694"}],"wp:featuredmedia":[{"embeddable":true,"href":"https:\/\/esemineu.ro\/hu\/wp-json\/wp\/v2\/media\/22279"}],"wp:attachment":[{"href":"https:\/\/esemineu.ro\/hu\/wp-json\/wp\/v2\/media?parent=4694"}],"wp:term":[{"taxonomy":"product_brand","embeddable":true,"href":"https:\/\/esemineu.ro\/hu\/wp-json\/wp\/v2\/product_brand?post=4694"},{"taxonomy":"product_cat","embeddable":true,"href":"https:\/\/esemineu.ro\/hu\/wp-json\/wp\/v2\/product_cat?post=4694"},{"taxonomy":"product_tag","embeddable":true,"href":"https:\/\/esemineu.ro\/hu\/wp-json\/wp\/v2\/product_tag?post=4694"}],"curies":[{"name":"wp","href":"https:\/\/api.w.org\/{rel}","templated":true}]}}