{"id":4692,"date":"2022-01-19T15:23:45","date_gmt":"2022-01-19T12:23:45","guid":{"rendered":"https:\/\/esemineu.ro\/product\/termosemineu-aqua-premium-30kw-fm\/"},"modified":"2026-01-12T22:54:08","modified_gmt":"2026-01-12T20:54:08","slug":"fm-aqua-premium-30kw-vizteres-kandallo","status":"publish","type":"product","link":"https:\/\/esemineu.ro\/hu\/termek\/fm-aqua-premium-30kw-vizteres-kandallo\/","title":{"rendered":"FM Aqua Pr\u00e9mium 30kW, v\u00edzteres kandall\u00f3"},"content":{"rendered":"<p>FM Aqua Pr\u00e9mium 30kW<\/p>\n<p>Az Aqua Pr\u00e9mium 30kW v\u00edzteres kandall\u00f3 egy kandall\u00f3 \u00e9s egy kaz\u00e1n keresztez\u00e9se, amely f\u0171t\u00e9srendszerre k\u00f6thet\u0151, \u00edgy egy teljes h\u00e1z f\u0171t\u00e9se megoldhat\u00f3 vele.<\/p>\n<p>Ez matt sz\u00edn\u0171 kandall\u00f3 er\u0151teljes, 30 kW-os teljes\u00edtm\u00e9ny\u00e9vel meleg otthoni k\u00f6rnyezetet biztos\u00edt, m\u00edg a 81%-os hat\u00e1sfoka gondoskodik a f\u0171t\u00e9s gazdas\u00e1goss\u00e1g\u00e1r\u00f3l.<\/p>\n<p>A FM Aqua Pr\u00e9mium 30 kW v\u00edzteres kandall\u00f3 alkalmas nagyobb lak\u00f3terek, nyaral\u00f3k vagy ak\u00e1r k\u00f6z\u00f6ss\u00e9gi terek hat\u00e9kony \u00e9s gazdas\u00e1gos f\u0171t\u00e9s\u00e9re. Kiv\u00e1l\u00f3an haszn\u00e1lhat\u00f3 olyan helyeken, ahol a hagyom\u00e1nyos f\u0171t\u00e9si rendszerek nem el\u00e9g hat\u00e9konyak vagy nem \u00e1llnak rendelkez\u00e9sre.<\/p>\n<p>Ezen kandall\u00f3, a magas teljes\u00edtm\u00e9ny\u00e9nek k\u00f6sz\u00f6nhet\u0151en, k\u00e9pes nagy t\u00e9rfogat\u00fa helyis\u00e9gek f\u0171t\u00e9s\u00e9re is. Tov\u00e1bb\u00e1, a v\u00edzteres kandall\u00f3 be\u00e9p\u00edthet\u0151 a megl\u00e9v\u0151 k\u00f6zponti f\u0171t\u00e9si rendszerbe, ami tov\u00e1bb n\u00f6veli a rendszer hat\u00e9konys\u00e1g\u00e1t, mivel h\u0151forr\u00e1sk\u00e9nt szolg\u00e1l, \u00e9s k\u00e9pes felmeleg\u00edteni a rendszer viz\u00e9t.<\/p>\n<p>A FM Aqua Pr\u00e9mium 30kW v\u00edzteres kandall\u00f3 legfontosabb tulajdons\u00e1ga a vizoldali teljes\u00edtm\u00e9nye, amely el\u00e9ri a 24 kW-ot, m\u00edg a direkt latv\u00e1nyf\u0171t\u00e9se 6,5 kW. A kandall\u00f3 v\u00edzk\u00f6penye 55 literes, ami hozz\u00e1j\u00e1rul a magasabb teljes\u00edtm\u00e9ny el\u00e9r\u00e9s\u00e9hez. A 5mm \u00e9s 3mm vastag ac\u00e9llemez biztos\u00edtja a k\u00e9sz\u00fcl\u00e9k tart\u00f3ss\u00e1g\u00e1t \u00e9s hossz\u00fa \u00e9lettartam\u00e1t.<\/p>\n<p>Ezen kandall\u00f3 el\u0151nye, hogy k\u00fcl\u00f6nb\u00f6z\u0151 t\u00fczel\u0151anyagokat k\u00e9pes haszn\u00e1lni, legyen az brikett vagy fa, ami rugalmass\u00e1got \u00e9s v\u00e1laszt\u00e1si lehet\u0151s\u00e9get biztos\u00edt a felhaszn\u00e1l\u00f3knak. A 150 mm-es f\u00fcstcs\u0151 m\u00e9rete pedig megfelel\u0151 elvezet\u00e9st biztos\u00edt a f\u00fcst sz\u00e1m\u00e1ra, m\u00edg a kandall\u00f3 m\u00e9rete \u00e9s s\u00falya ide\u00e1lis a legt\u00f6bb otthonba.<\/p>\n<p>A FM Aqua Pr\u00e9mium 30kW v\u00edzteres kandall\u00f3 t\u00f6k\u00e9letes v\u00e1laszt\u00e1s azok sz\u00e1m\u00e1ra, akik \u00e9rt\u00e9kelik a kiv\u00e1l\u00f3 min\u0151s\u00e9get \u00e9s megb\u00edzhat\u00f3s\u00e1got. Fedezze fel ezt a leny\u0171g\u00f6z\u0151 kandall\u00f3t, \u00e9s tegye otthon\u00e1t melegebb\u00e9 \u00e9s bar\u00e1ts\u00e1gosabb\u00e1 a hideg h\u00f3napokban.<\/p>\n<h6>Sz\u00e1ll\u00edt\u00e1si hat\u00e1rid\u0151:<\/h6>\n<ul>\n<li><strong>Magyarorsz\u00e1g \u00e9s az eg\u00e9sz Eur\u00f3pai Uni\u00f3 ter\u00fclet\u00e9n<\/strong>\u00a0is sz\u00e1ll\u00edtjuk.<\/li>\n<li>Rom\u00e1ni\u00e1ba 2-3 munkanap alatt sz\u00e1ll\u00edtjuk<\/li>\n<li>Magyarorsz\u00e1gra \u00e9s az EU ter\u00fclet\u00e9re az \u00e1tutal\u00e1s ut\u00e1n 5 munkanapon bel\u00fcl \u00e9rkezik meg a term\u00e9k.<\/li>\n<\/ul>\n<p>Ha b\u00e1rmilyen k\u00e9rd\u00e9se van, k\u00e9rj\u00fck, l\u00e9pjen kapcsolatba vel\u00fcnk.<\/p>\n<p>Tov\u00e1bbi aj\u00e1nlatok\u00e9rt kattintson\u00a0<a href=\"https:\/\/esemineu.ro\/hu\/termek-kategoria\/vizteres-kandallok\/\">ide<\/a><\/p>\n<p>T\u0151bb inform\u00e1ci\u00f3\u00e9rt l\u00e1togasson el\u00a0<a href=\"https:\/\/www.youtube.com\/@esemineuromania\">YouTube<\/a>-csatorn\u00e1nkra, valamint\u00a0<a href=\"https:\/\/www.facebook.com\/eSemineu\">Facebook<\/a>\u00a0\u00e9s\u00a0<a href=\"https:\/\/www.instagram.com\/esemineu\/\">Instagram<\/a>\u00a0oldalainkra.<\/p>\n<p><a href=\"https:\/\/esemineu.ro\/\">eSemineu.ro<\/a>\u00a0 \u00a0Te rakod a t\u0171zet, mi adjuk a meleget!<\/p>\n","protected":false},"excerpt":{"rendered":"<p>FM Aqua Pr\u00e9mium 30kW Az Aqua Pr\u00e9mium 30kW v\u00edzteres kandall\u00f3 egy kandall\u00f3 \u00e9s egy kaz\u00e1n keresztez\u00e9se, amely f\u0171t\u00e9srendszerre k\u00f6thet\u0151, \u00edgy egy teljes h\u00e1z f\u0171t\u00e9se megoldhat\u00f3 vele. Ez matt sz\u00edn\u0171 kandall\u00f3 er\u0151teljes, 30 kW-os teljes\u00edtm\u00e9ny\u00e9vel meleg otthoni k\u00f6rnyezetet biztos\u00edt, m\u00edg a 81%-os hat\u00e1sfoka gondoskodik a f\u0171t\u00e9s gazdas\u00e1goss\u00e1g\u00e1r\u00f3l. A FM Aqua Pr\u00e9mium 30 kW v\u00edzteres kandall\u00f3 alkalmas nagyobb lak\u00f3terek, nyaral\u00f3k vagy ak\u00e1r k\u00f6z\u00f6ss\u00e9gi terek hat\u00e9kony \u00e9s gazdas\u00e1gos f\u0171t\u00e9s\u00e9re. Kiv\u00e1l\u00f3an haszn\u00e1lhat\u00f3 olyan helyeken, ahol a hagyom\u00e1nyos f\u0171t\u00e9si rendszerek nem el\u00e9g hat\u00e9konyak vagy nem \u00e1llnak rendelkez\u00e9sre. Ezen kandall\u00f3, a magas teljes\u00edtm\u00e9ny\u00e9nek k\u00f6sz\u00f6nhet\u0151en, k\u00e9pes nagy t\u00e9rfogat\u00fa helyis\u00e9gek f\u0171t\u00e9s\u00e9re is. Tov\u00e1bb\u00e1, a v\u00edzteres kandall\u00f3 be\u00e9p\u00edthet\u0151 a megl\u00e9v\u0151 k\u00f6zponti f\u0171t\u00e9si rendszerbe, ami tov\u00e1bb n\u00f6veli a rendszer hat\u00e9konys\u00e1g\u00e1t, mivel h\u0151forr\u00e1sk\u00e9nt szolg\u00e1l, \u00e9s k\u00e9pes felmeleg\u00edteni a rendszer viz\u00e9t. A FM Aqua Pr\u00e9mium 30kW v\u00edzteres kandall\u00f3 legfontosabb tulajdons\u00e1ga a vizoldali teljes\u00edtm\u00e9nye, amely el\u00e9ri a 24 kW-ot, m\u00edg a direkt latv\u00e1nyf\u0171t\u00e9se 6,5 kW. A kandall\u00f3 v\u00edzk\u00f6penye 55 literes, ami hozz\u00e1j\u00e1rul a &hellip; <a href=\"https:\/\/esemineu.ro\/hu\/termek\/fm-aqua-premium-30kw-vizteres-kandallo\/\">Folytatva<\/a><\/p>\n","protected":false},"featured_media":19765,"comment_status":"open","ping_status":"closed","template":"","meta":[],"product_brand":[690],"product_cat":[825],"product_tag":[],"class_list":{"0":"post-4692","1":"product","2":"type-product","3":"status-publish","4":"has-post-thumbnail","6":"product_brand-fm-group","7":"product_cat-vizteres-kandallok","8":"product_shipping_class-vizteres-kandallok","9":"pa_combustibil-utilizat-brikett","10":"pa_combustibil-utilizat-fa","11":"pa_culoare-matt-fekete","12":"pa_diametru-racordului-la-cos-150-mm-hu","13":"pa_grosime-material-3-mm-hu","14":"pa_putere-30-kw-hu","15":"pa_randament-81-hu","16":"pa_utere-termica-in-circuit-hi-24kw-hu","17":"producer-miklos-steel","19":"first","20":"instock","21":"shipping-taxable","22":"purchasable","23":"product-type-simple"},"acf":[],"yoast_head":"<!-- This site is optimized with the Yoast SEO Premium plugin v21.0 (Yoast SEO v27.3) - https:\/\/yoast.com\/product\/yoast-seo-premium-wordpress\/ -->\n<title>FM Aqua Pr\u00e9mium 30kW v\u00edzteres kandall\u00f3 | eSemineu.ro<\/title>\n<meta name=\"description\" content=\"FM Aqua Pr\u00e9mium 30 kW v\u00edzteres kandall\u00f3, a kitermelt h\u0151 hat\u00e9kony kihaszn\u00e1l\u00e1s\u00e1ra. Otthona f\u0171t\u00e9s\u00e9nek \u00e9s meleg v\u00edz ell\u00e1t\u00e1s\u00e1nak forr\u00e1sa.\" \/>\n<meta name=\"robots\" content=\"index, follow, max-snippet:-1, max-image-preview:large, max-video-preview:-1\" \/>\n<link rel=\"canonical\" href=\"https:\/\/esemineu.ro\/hu\/termek\/fm-aqua-premium-30kw-vizteres-kandallo\/\" \/>\n<meta property=\"og:locale\" content=\"hu_HU\" \/>\n<meta property=\"og:type\" content=\"article\" \/>\n<meta property=\"og:title\" content=\"FM Aqua Pr\u00e9mium 30kW v\u00edzteres kandall\u00f3 | eSemineu.ro\" \/>\n<meta property=\"og:description\" content=\"FM Aqua Pr\u00e9mium 30 kW v\u00edzteres kandall\u00f3, a kitermelt h\u0151 hat\u00e9kony kihaszn\u00e1l\u00e1s\u00e1ra. Otthona f\u0171t\u00e9s\u00e9nek \u00e9s meleg v\u00edz ell\u00e1t\u00e1s\u00e1nak forr\u00e1sa.\" \/>\n<meta property=\"og:url\" content=\"https:\/\/esemineu.ro\/hu\/termek\/fm-aqua-premium-30kw-vizteres-kandallo\/\" \/>\n<meta property=\"og:site_name\" content=\"eSemineu\" \/>\n<meta property=\"article:publisher\" content=\"https:\/\/web.facebook.com\/eSemineu\" \/>\n<meta property=\"article:modified_time\" content=\"2026-01-12T20:54:08+00:00\" \/>\n<meta property=\"og:image\" content=\"https:\/\/esemineu.ro\/wp-content\/uploads\/2022\/01\/front.jpg\" \/>\n\t<meta property=\"og:image:width\" content=\"1000\" \/>\n\t<meta property=\"og:image:height\" content=\"1000\" \/>\n\t<meta property=\"og:image:type\" content=\"image\/jpeg\" \/>\n<meta name=\"twitter:card\" content=\"summary_large_image\" \/>\n<meta name=\"twitter:label1\" content=\"Becs\u00fclt olvas\u00e1si id\u0151\" \/>\n\t<meta name=\"twitter:data1\" content=\"2 perc\" \/>\n<script type=\"application\/ld+json\" class=\"yoast-schema-graph\">{\"@context\":\"https:\\\/\\\/schema.org\",\"@graph\":[{\"@type\":\"WebPage\",\"@id\":\"https:\\\/\\\/esemineu.ro\\\/hu\\\/termek\\\/fm-aqua-premium-30kw-vizteres-kandallo\\\/\",\"url\":\"https:\\\/\\\/esemineu.ro\\\/hu\\\/termek\\\/fm-aqua-premium-30kw-vizteres-kandallo\\\/\",\"name\":\"FM Aqua Pr\u00e9mium 30kW v\u00edzteres kandall\u00f3 | eSemineu.ro\",\"isPartOf\":{\"@id\":\"https:\\\/\\\/esemineu.ro\\\/hu\\\/#website\"},\"primaryImageOfPage\":{\"@id\":\"https:\\\/\\\/esemineu.ro\\\/hu\\\/termek\\\/fm-aqua-premium-30kw-vizteres-kandallo\\\/#primaryimage\"},\"image\":{\"@id\":\"https:\\\/\\\/esemineu.ro\\\/hu\\\/termek\\\/fm-aqua-premium-30kw-vizteres-kandallo\\\/#primaryimage\"},\"thumbnailUrl\":\"https:\\\/\\\/esemineu.ro\\\/wp-content\\\/uploads\\\/2022\\\/01\\\/front.jpg\",\"datePublished\":\"2022-01-19T12:23:45+00:00\",\"dateModified\":\"2026-01-12T20:54:08+00:00\",\"description\":\"FM Aqua Pr\u00e9mium 30 kW v\u00edzteres kandall\u00f3, a kitermelt h\u0151 hat\u00e9kony kihaszn\u00e1l\u00e1s\u00e1ra. Otthona f\u0171t\u00e9s\u00e9nek \u00e9s meleg v\u00edz ell\u00e1t\u00e1s\u00e1nak forr\u00e1sa.\",\"breadcrumb\":{\"@id\":\"https:\\\/\\\/esemineu.ro\\\/hu\\\/termek\\\/fm-aqua-premium-30kw-vizteres-kandallo\\\/#breadcrumb\"},\"inLanguage\":\"hu\",\"potentialAction\":[{\"@type\":\"ReadAction\",\"target\":[\"https:\\\/\\\/esemineu.ro\\\/hu\\\/termek\\\/fm-aqua-premium-30kw-vizteres-kandallo\\\/\"]}]},{\"@type\":\"ImageObject\",\"inLanguage\":\"hu\",\"@id\":\"https:\\\/\\\/esemineu.ro\\\/hu\\\/termek\\\/fm-aqua-premium-30kw-vizteres-kandallo\\\/#primaryimage\",\"url\":\"https:\\\/\\\/esemineu.ro\\\/wp-content\\\/uploads\\\/2022\\\/01\\\/front.jpg\",\"contentUrl\":\"https:\\\/\\\/esemineu.ro\\\/wp-content\\\/uploads\\\/2022\\\/01\\\/front.jpg\",\"width\":1000,\"height\":1000,\"caption\":\"Termo\u0219emineu Aqua Premium 30kW\"},{\"@type\":\"BreadcrumbList\",\"@id\":\"https:\\\/\\\/esemineu.ro\\\/hu\\\/termek\\\/fm-aqua-premium-30kw-vizteres-kandallo\\\/#breadcrumb\",\"itemListElement\":[{\"@type\":\"ListItem\",\"position\":1,\"name\":\"Kezd\u0151lap\",\"item\":\"https:\\\/\\\/esemineu.ro\\\/hu\\\/\"},{\"@type\":\"ListItem\",\"position\":2,\"name\":\"\u00c1ruh\u00e1z\",\"item\":\"https:\\\/\\\/esemineu.ro\\\/hu\\\/aruhaz\\\/\"},{\"@type\":\"ListItem\",\"position\":3,\"name\":\"FM Aqua Pr\u00e9mium 30kW, v\u00edzteres kandall\u00f3\"}]},{\"@type\":\"WebSite\",\"@id\":\"https:\\\/\\\/esemineu.ro\\\/hu\\\/#website\",\"url\":\"https:\\\/\\\/esemineu.ro\\\/hu\\\/\",\"name\":\"eSemineu\",\"description\":\"\u0218eminee de cea mai \u00eenalt\u0103 calitate\",\"potentialAction\":[{\"@type\":\"SearchAction\",\"target\":{\"@type\":\"EntryPoint\",\"urlTemplate\":\"https:\\\/\\\/esemineu.ro\\\/hu\\\/?s={search_term_string}\"},\"query-input\":{\"@type\":\"PropertyValueSpecification\",\"valueRequired\":true,\"valueName\":\"search_term_string\"}}],\"inLanguage\":\"hu\"}]}<\/script>\n<!-- \/ Yoast SEO Premium plugin. -->","yoast_head_json":{"title":"FM Aqua Pr\u00e9mium 30kW v\u00edzteres kandall\u00f3 | eSemineu.ro","description":"FM Aqua Pr\u00e9mium 30 kW v\u00edzteres kandall\u00f3, a kitermelt h\u0151 hat\u00e9kony kihaszn\u00e1l\u00e1s\u00e1ra. Otthona f\u0171t\u00e9s\u00e9nek \u00e9s meleg v\u00edz ell\u00e1t\u00e1s\u00e1nak forr\u00e1sa.","robots":{"index":"index","follow":"follow","max-snippet":"max-snippet:-1","max-image-preview":"max-image-preview:large","max-video-preview":"max-video-preview:-1"},"canonical":"https:\/\/esemineu.ro\/hu\/termek\/fm-aqua-premium-30kw-vizteres-kandallo\/","og_locale":"hu_HU","og_type":"article","og_title":"FM Aqua Pr\u00e9mium 30kW v\u00edzteres kandall\u00f3 | eSemineu.ro","og_description":"FM Aqua Pr\u00e9mium 30 kW v\u00edzteres kandall\u00f3, a kitermelt h\u0151 hat\u00e9kony kihaszn\u00e1l\u00e1s\u00e1ra. Otthona f\u0171t\u00e9s\u00e9nek \u00e9s meleg v\u00edz ell\u00e1t\u00e1s\u00e1nak forr\u00e1sa.","og_url":"https:\/\/esemineu.ro\/hu\/termek\/fm-aqua-premium-30kw-vizteres-kandallo\/","og_site_name":"eSemineu","article_publisher":"https:\/\/web.facebook.com\/eSemineu","article_modified_time":"2026-01-12T20:54:08+00:00","og_image":[{"width":1000,"height":1000,"url":"https:\/\/esemineu.ro\/wp-content\/uploads\/2022\/01\/front.jpg","type":"image\/jpeg"}],"twitter_card":"summary_large_image","twitter_misc":{"Becs\u00fclt olvas\u00e1si id\u0151":"2 perc"},"schema":{"@context":"https:\/\/schema.org","@graph":[{"@type":"WebPage","@id":"https:\/\/esemineu.ro\/hu\/termek\/fm-aqua-premium-30kw-vizteres-kandallo\/","url":"https:\/\/esemineu.ro\/hu\/termek\/fm-aqua-premium-30kw-vizteres-kandallo\/","name":"FM Aqua Pr\u00e9mium 30kW v\u00edzteres kandall\u00f3 | eSemineu.ro","isPartOf":{"@id":"https:\/\/esemineu.ro\/hu\/#website"},"primaryImageOfPage":{"@id":"https:\/\/esemineu.ro\/hu\/termek\/fm-aqua-premium-30kw-vizteres-kandallo\/#primaryimage"},"image":{"@id":"https:\/\/esemineu.ro\/hu\/termek\/fm-aqua-premium-30kw-vizteres-kandallo\/#primaryimage"},"thumbnailUrl":"https:\/\/esemineu.ro\/wp-content\/uploads\/2022\/01\/front.jpg","datePublished":"2022-01-19T12:23:45+00:00","dateModified":"2026-01-12T20:54:08+00:00","description":"FM Aqua Pr\u00e9mium 30 kW v\u00edzteres kandall\u00f3, a kitermelt h\u0151 hat\u00e9kony kihaszn\u00e1l\u00e1s\u00e1ra. Otthona f\u0171t\u00e9s\u00e9nek \u00e9s meleg v\u00edz ell\u00e1t\u00e1s\u00e1nak forr\u00e1sa.","breadcrumb":{"@id":"https:\/\/esemineu.ro\/hu\/termek\/fm-aqua-premium-30kw-vizteres-kandallo\/#breadcrumb"},"inLanguage":"hu","potentialAction":[{"@type":"ReadAction","target":["https:\/\/esemineu.ro\/hu\/termek\/fm-aqua-premium-30kw-vizteres-kandallo\/"]}]},{"@type":"ImageObject","inLanguage":"hu","@id":"https:\/\/esemineu.ro\/hu\/termek\/fm-aqua-premium-30kw-vizteres-kandallo\/#primaryimage","url":"https:\/\/esemineu.ro\/wp-content\/uploads\/2022\/01\/front.jpg","contentUrl":"https:\/\/esemineu.ro\/wp-content\/uploads\/2022\/01\/front.jpg","width":1000,"height":1000,"caption":"Termo\u0219emineu Aqua Premium 30kW"},{"@type":"BreadcrumbList","@id":"https:\/\/esemineu.ro\/hu\/termek\/fm-aqua-premium-30kw-vizteres-kandallo\/#breadcrumb","itemListElement":[{"@type":"ListItem","position":1,"name":"Kezd\u0151lap","item":"https:\/\/esemineu.ro\/hu\/"},{"@type":"ListItem","position":2,"name":"\u00c1ruh\u00e1z","item":"https:\/\/esemineu.ro\/hu\/aruhaz\/"},{"@type":"ListItem","position":3,"name":"FM Aqua Pr\u00e9mium 30kW, v\u00edzteres kandall\u00f3"}]},{"@type":"WebSite","@id":"https:\/\/esemineu.ro\/hu\/#website","url":"https:\/\/esemineu.ro\/hu\/","name":"eSemineu","description":"\u0218eminee de cea mai \u00eenalt\u0103 calitate","potentialAction":[{"@type":"SearchAction","target":{"@type":"EntryPoint","urlTemplate":"https:\/\/esemineu.ro\/hu\/?s={search_term_string}"},"query-input":{"@type":"PropertyValueSpecification","valueRequired":true,"valueName":"search_term_string"}}],"inLanguage":"hu"}]}},"_links":{"self":[{"href":"https:\/\/esemineu.ro\/hu\/wp-json\/wp\/v2\/product\/4692","targetHints":{"allow":["GET"]}}],"collection":[{"href":"https:\/\/esemineu.ro\/hu\/wp-json\/wp\/v2\/product"}],"about":[{"href":"https:\/\/esemineu.ro\/hu\/wp-json\/wp\/v2\/types\/product"}],"replies":[{"embeddable":true,"href":"https:\/\/esemineu.ro\/hu\/wp-json\/wp\/v2\/comments?post=4692"}],"wp:featuredmedia":[{"embeddable":true,"href":"https:\/\/esemineu.ro\/hu\/wp-json\/wp\/v2\/media\/19765"}],"wp:attachment":[{"href":"https:\/\/esemineu.ro\/hu\/wp-json\/wp\/v2\/media?parent=4692"}],"wp:term":[{"taxonomy":"product_brand","embeddable":true,"href":"https:\/\/esemineu.ro\/hu\/wp-json\/wp\/v2\/product_brand?post=4692"},{"taxonomy":"product_cat","embeddable":true,"href":"https:\/\/esemineu.ro\/hu\/wp-json\/wp\/v2\/product_cat?post=4692"},{"taxonomy":"product_tag","embeddable":true,"href":"https:\/\/esemineu.ro\/hu\/wp-json\/wp\/v2\/product_tag?post=4692"}],"curies":[{"name":"wp","href":"https:\/\/api.w.org\/{rel}","templated":true}]}}