{"id":4688,"date":"2022-03-03T12:18:56","date_gmt":"2022-03-03T09:18:56","guid":{"rendered":"https:\/\/esemineu.ro\/product\/termosemineu-crem-alpina-24kw\/"},"modified":"2025-11-29T19:36:41","modified_gmt":"2025-11-29T17:36:41","slug":"krem-vizteres-kandallo-alpina-24kw-vizteres-kandallo","status":"publish","type":"product","link":"https:\/\/esemineu.ro\/hu\/termek\/krem-vizteres-kandallo-alpina-24kw-vizteres-kandallo\/","title":{"rendered":"Kr\u00e9m V\u00edzteres kandall\u00f3 Alpina 24Kw, V\u00edzteres Kandall\u00f3"},"content":{"rendered":"<p>Kr\u00e9m V\u00edzteres kandall\u00f3 Alpina 24Kw<\/p>\n<p>Az \u201dAlpina v\u00edzteres\u201d kandall\u00f3\u00a0 a Pro Termo gy\u00e1rt\u00f3 term\u00e9ke. Ha a Pro Termo term\u00e9keit v\u00e1lasztja, a min\u0151s\u00e9g garant\u00e1lt \u00e9s term\u00e9kei el\u00e9gedetts\u00e9ggel t\u00f6ltik el! K\u00fcl\u00f6nleges megjelen\u00e9s\u0171 <strong>fat\u00fczel\u00e9s\u0171 v\u00edzteres kandall\u00f3<\/strong>. Aj\u00e1nlott lak\u00e1sokba vagy nyaral\u00f3k f\u0171t\u00e9s\u00e9re. A nagym\u00e9ret\u0171, h\u0151\u00e1ll\u00f3 \u00fcvegez\u00e9s\u0171 ajt\u00f3 a h\u0151 elvezet\u00e9se mellett kellemes l\u00e9gk\u00f6rt biztos\u00edt a t\u0171z l\u00e1tt\u00e1n. A termos kandall\u00f3 2 mm vastag ac\u00e9llemezb\u0151l k\u00e9sz\u00fcl. Az als\u00f3 r\u00e9szen pedig egy k\u00f6nnyen elt\u00e1vol\u00edthat\u00f3 \u00f6nt\u00f6ttvas r\u00e1cs tal\u00e1lhat\u00f3, alatta egy kivehet\u0151 hamut\u00e1lca. \u00a0Haszn\u00e1lati fa hossza 25 cm.<br \/>\nPr\u00e9mium min\u0151s\u00e9g\u0171 term\u00e9k.<\/p>\n<p>Az Alpina kandall\u00f3 h\u0151\u00e1ll\u00f3 \u00fcveggel van gy\u00e1rtva, amely 800\u00b0 C-ig ellen\u00e1ll a magas h\u0151m\u00e9rs\u00e9kletnek.<\/p>\n<p>A maxim\u00e1lis hat\u00e9konys\u00e1g el\u00e9r\u00e9se \u00e9rdek\u00e9ben: \u00c9g\u00e9s k\u00f6zben javasoljuk, hogy tartsa nyitva az ajt\u00f3n a szell\u0151z\u0151 j\u00e1ratot. A t\u0171z le\u00e9g\u00e9se ut\u00e1n z\u00e1rja le, hogy a leveg\u0151 ne keringjen a kandall\u00f3ban, \u00e9s a lehet\u0151 leghosszabb ideig tartsa a meleget. Sz\u00e1raz fa haszn\u00e1lata eset\u00e9ben az ablak mindig tiszta marad.<\/p>\n<h5><strong>Vigy\u00e1zat! Ne \u00e9gessen!<\/strong><\/h5>\n<p><strong>H\u00e1ztart\u00e1si hullad\u00e9kot<\/strong>, ragasztott vagy <strong>festett faanyagot<\/strong>, faforg\u00e1cs vagy forg\u00e1cslap vagy m\u00e1s mesters\u00e9ges <strong>vegyi kever\u00e9ket<\/strong> tartalmaz\u00f3 hullad\u00e9kot.<strong> A v\u00edzteres kandall\u00f3t kiz\u00e1r\u00f3lag f\u0171t\u00e9sre haszn\u00e1lja! Hullad\u00e9k \u00e9get\u00e9sekor a kandall\u00f3 f\u00fcstkivezet\u0151 ny\u00edl\u00e1sa elt\u00f6m\u0151dhet.\u00a0<\/strong><\/p>\n<p>A <strong>f\u00fcstkivezet\u0151 k\u00e9m\u00e9ny<\/strong> (cs\u0151) <strong>hossz\u00e1nak legal\u00e1bb 5 m\u00e9ternek kell lennie \u00e9s 180 cm vastagnak<\/strong>. Ha nincs meg a kell\u0151 huz\u00e1s amikor az ajt\u00f3t ki nyitja a f\u00fcst ki j\u00f6n \u00e9s kellemetlen szag lesz a szob\u00e1ban.<\/p>\n<p>M\u00e9g t\u00f6bb aj\u00e1nlat\u00e9rt <a href=\"https:\/\/esemineu.ro\/hu\/termek-kategoria\/vizteres-kandallok\/\">keressen\u00a0<\/a>a term\u00f3s kandall\u00f3 kategori\u00e1ban<\/p>\n<h6><strong>Sz\u00e1ll\u00edt\u00e1s:<\/strong><\/h6>\n<p>Kr\u00e9m V\u00edzteres kandall\u00f3 Alpina 24Kw, a k\u00f6vetkez\u0151 m\u00f3don sz\u00e1ll\u00edtjuk: 16mm-es m\u0171anyag szalagokkal r\u00f6gz\u00edtj\u00fck raklapon. Hogy sz\u00e1ll\u00edt\u00e1s k\u00f6zben ne tudjon leesni a raklapr\u00f3l. H\u00e1rom soros f\u00f3li\u00e1ba van csomagolva. L\u00e9gbubor\u00e9kos- \u00e9s sztreccsf\u00f3li\u00e1ba csomagoljuk, hogy megakad\u00e1lyozzuk b\u00e1rmif\u00e9le s\u00e9r\u00fcl\u00e9s lehet\u0151s\u00e9g\u00e9t. A v\u00edzteres kandall\u00f3hoz mell\u00e9kelj\u00fck a haszn\u00e1lati \u00fatmutat\u00f3t, a megfelel\u0151s\u00e9gi nyilatkozatot \u00e9s a garancialevelet. A sz\u00e1ll\u00edt\u00e1si hat\u00e1rid\u0151 Rom\u00e1ni\u00e1ban 2-3 nap, Magyarorsz\u00e1gra az \u00e1tutal\u00e1s ut\u00e1ni 5 munkanap alatt t\u00f6rt\u00e9nik.<\/p>\n<p><strong>Kisz\u00e1ll\u00edtjuk Magyarorsz\u00e1g\u00a0 \u00e9s eg\u00e9sz Eur\u00f3pa szerte<\/strong>.<\/p>\n<p><a href=\"https:\/\/esemineu.ro\/\">eSemineu.ro<\/a>\u00a0 \u00a0Te adod a t\u0171zet mi adjuk a meleget!<\/p>\n","protected":false},"excerpt":{"rendered":"<p>Kr\u00e9m V\u00edzteres kandall\u00f3 Alpina 24Kw Az \u201dAlpina v\u00edzteres\u201d kandall\u00f3\u00a0 a Pro Termo gy\u00e1rt\u00f3 term\u00e9ke. Ha a Pro Termo term\u00e9keit v\u00e1lasztja, a min\u0151s\u00e9g garant\u00e1lt \u00e9s term\u00e9kei el\u00e9gedetts\u00e9ggel t\u00f6ltik el! K\u00fcl\u00f6nleges megjelen\u00e9s\u0171 fat\u00fczel\u00e9s\u0171 v\u00edzteres kandall\u00f3. Aj\u00e1nlott lak\u00e1sokba vagy nyaral\u00f3k f\u0171t\u00e9s\u00e9re. A nagym\u00e9ret\u0171, h\u0151\u00e1ll\u00f3 \u00fcvegez\u00e9s\u0171 ajt\u00f3 a h\u0151 elvezet\u00e9se mellett kellemes l\u00e9gk\u00f6rt biztos\u00edt a t\u0171z l\u00e1tt\u00e1n. A termos kandall\u00f3 2 mm vastag ac\u00e9llemezb\u0151l k\u00e9sz\u00fcl. Az als\u00f3 r\u00e9szen pedig egy k\u00f6nnyen elt\u00e1vol\u00edthat\u00f3 \u00f6nt\u00f6ttvas r\u00e1cs tal\u00e1lhat\u00f3, alatta egy kivehet\u0151 hamut\u00e1lca. \u00a0Haszn\u00e1lati fa hossza 25 cm. Pr\u00e9mium min\u0151s\u00e9g\u0171 term\u00e9k. Az Alpina kandall\u00f3 h\u0151\u00e1ll\u00f3 \u00fcveggel van gy\u00e1rtva, amely 800\u00b0 C-ig ellen\u00e1ll a magas h\u0151m\u00e9rs\u00e9kletnek. A maxim\u00e1lis hat\u00e9konys\u00e1g el\u00e9r\u00e9se \u00e9rdek\u00e9ben: \u00c9g\u00e9s k\u00f6zben javasoljuk, hogy tartsa nyitva az ajt\u00f3n a szell\u0151z\u0151 j\u00e1ratot. A t\u0171z le\u00e9g\u00e9se ut\u00e1n z\u00e1rja le, hogy a leveg\u0151 ne keringjen a kandall\u00f3ban, \u00e9s a lehet\u0151 leghosszabb ideig tartsa a meleget. Sz\u00e1raz fa haszn\u00e1lata eset\u00e9ben az ablak mindig tiszta marad. Vigy\u00e1zat! Ne \u00e9gessen! H\u00e1ztart\u00e1si hullad\u00e9kot, ragasztott vagy &hellip; <a href=\"https:\/\/esemineu.ro\/hu\/termek\/krem-vizteres-kandallo-alpina-24kw-vizteres-kandallo\/\">Folytatva<\/a><\/p>\n","protected":false},"featured_media":18232,"comment_status":"open","ping_status":"closed","template":"","meta":[],"product_brand":[707],"product_cat":[825],"product_tag":[],"class_list":{"0":"post-4688","1":"product","2":"type-product","3":"status-publish","4":"has-post-thumbnail","6":"product_brand-pro-termo","7":"product_cat-vizteres-kandallok","8":"product_shipping_class-vizteres-kandallok","9":"pa_combustibil-utilizat-brikett","10":"pa_combustibil-utilizat-fa","11":"pa_culoare-krem","12":"pa_culoare-matt-fekete","13":"pa_diametru-racordului-la-cos-150-mm-hu","14":"pa_grosime-material-2-mm-hu","15":"pa_model-alpina-24kw","16":"pa_putere-24-kw-hu","17":"pa_randament-79-hu","18":"pa_utere-termica-in-circuit-hi-20-5kw-hu","19":"producer-hasinto","21":"first","22":"instock","23":"sale","24":"shipping-taxable","25":"purchasable","26":"product-type-simple"},"acf":[],"yoast_head":"<!-- This site is optimized with the Yoast SEO Premium plugin v21.0 (Yoast SEO v27.3) - https:\/\/yoast.com\/product\/yoast-seo-premium-wordpress\/ -->\n<title>Kr\u00e9m V\u00edzteres kandall\u00f3 Alpina 24Kw | V\u00edztereskandall\u00f3k<\/title>\n<meta name=\"description\" content=\"Kr\u00e9m V\u00edzteres kandall\u00f3 Alpina 24Kw. Fa t\u00fczel\u00e9s\u0171 ac\u00e9l v\u00edzteres kandall\u00f3 h\u0151\u00e1ll\u00f3 \u00fcveggel. Meg t\u0151bb aj\u00e1nlat\u00e9rt keresse a v\u00edztereskandall\u00f3 kategori\u00e1t eSemineu.ro\" \/>\n<meta name=\"robots\" content=\"index, follow, max-snippet:-1, max-image-preview:large, max-video-preview:-1\" \/>\n<link rel=\"canonical\" href=\"https:\/\/esemineu.ro\/hu\/termek\/krem-vizteres-kandallo-alpina-24kw-vizteres-kandallo\/\" \/>\n<meta property=\"og:locale\" content=\"hu_HU\" \/>\n<meta property=\"og:type\" content=\"article\" \/>\n<meta property=\"og:title\" content=\"Kr\u00e9m V\u00edzteres kandall\u00f3 Alpina 24Kw | V\u00edztereskandall\u00f3k\" \/>\n<meta property=\"og:description\" content=\"Kr\u00e9m V\u00edzteres kandall\u00f3 Alpina 24Kw. Fa t\u00fczel\u00e9s\u0171 ac\u00e9l v\u00edzteres kandall\u00f3 h\u0151\u00e1ll\u00f3 \u00fcveggel. Meg t\u0151bb aj\u00e1nlat\u00e9rt keresse a v\u00edztereskandall\u00f3 kategori\u00e1t eSemineu.ro\" \/>\n<meta property=\"og:url\" content=\"https:\/\/esemineu.ro\/hu\/termek\/krem-vizteres-kandallo-alpina-24kw-vizteres-kandallo\/\" \/>\n<meta property=\"og:site_name\" content=\"eSemineu\" \/>\n<meta property=\"article:publisher\" content=\"https:\/\/web.facebook.com\/eSemineu\" \/>\n<meta property=\"article:modified_time\" content=\"2025-11-29T17:36:41+00:00\" \/>\n<meta property=\"og:image\" content=\"https:\/\/esemineu.ro\/wp-content\/uploads\/2022\/03\/TAURUS-CREM-FRONT-FR.jpg\" \/>\n\t<meta property=\"og:image:width\" content=\"1000\" \/>\n\t<meta property=\"og:image:height\" content=\"1000\" \/>\n\t<meta property=\"og:image:type\" content=\"image\/jpeg\" \/>\n<meta name=\"twitter:card\" content=\"summary_large_image\" \/>\n<meta name=\"twitter:label1\" content=\"Becs\u00fclt olvas\u00e1si id\u0151\" \/>\n\t<meta name=\"twitter:data1\" content=\"4 perc\" \/>\n<script type=\"application\/ld+json\" class=\"yoast-schema-graph\">{\"@context\":\"https:\\\/\\\/schema.org\",\"@graph\":[{\"@type\":\"WebPage\",\"@id\":\"https:\\\/\\\/esemineu.ro\\\/hu\\\/termek\\\/krem-vizteres-kandallo-alpina-24kw-vizteres-kandallo\\\/\",\"url\":\"https:\\\/\\\/esemineu.ro\\\/hu\\\/termek\\\/krem-vizteres-kandallo-alpina-24kw-vizteres-kandallo\\\/\",\"name\":\"Kr\u00e9m V\u00edzteres kandall\u00f3 Alpina 24Kw | V\u00edztereskandall\u00f3k\",\"isPartOf\":{\"@id\":\"https:\\\/\\\/esemineu.ro\\\/hu\\\/#website\"},\"primaryImageOfPage\":{\"@id\":\"https:\\\/\\\/esemineu.ro\\\/hu\\\/termek\\\/krem-vizteres-kandallo-alpina-24kw-vizteres-kandallo\\\/#primaryimage\"},\"image\":{\"@id\":\"https:\\\/\\\/esemineu.ro\\\/hu\\\/termek\\\/krem-vizteres-kandallo-alpina-24kw-vizteres-kandallo\\\/#primaryimage\"},\"thumbnailUrl\":\"https:\\\/\\\/esemineu.ro\\\/wp-content\\\/uploads\\\/2022\\\/03\\\/TAURUS-CREM-FRONT-FR.jpg\",\"datePublished\":\"2022-03-03T09:18:56+00:00\",\"dateModified\":\"2025-11-29T17:36:41+00:00\",\"description\":\"Kr\u00e9m V\u00edzteres kandall\u00f3 Alpina 24Kw. Fa t\u00fczel\u00e9s\u0171 ac\u00e9l v\u00edzteres kandall\u00f3 h\u0151\u00e1ll\u00f3 \u00fcveggel. Meg t\u0151bb aj\u00e1nlat\u00e9rt keresse a v\u00edztereskandall\u00f3 kategori\u00e1t eSemineu.ro\",\"breadcrumb\":{\"@id\":\"https:\\\/\\\/esemineu.ro\\\/hu\\\/termek\\\/krem-vizteres-kandallo-alpina-24kw-vizteres-kandallo\\\/#breadcrumb\"},\"inLanguage\":\"hu\",\"potentialAction\":[{\"@type\":\"ReadAction\",\"target\":[\"https:\\\/\\\/esemineu.ro\\\/hu\\\/termek\\\/krem-vizteres-kandallo-alpina-24kw-vizteres-kandallo\\\/\"]}]},{\"@type\":\"ImageObject\",\"inLanguage\":\"hu\",\"@id\":\"https:\\\/\\\/esemineu.ro\\\/hu\\\/termek\\\/krem-vizteres-kandallo-alpina-24kw-vizteres-kandallo\\\/#primaryimage\",\"url\":\"https:\\\/\\\/esemineu.ro\\\/wp-content\\\/uploads\\\/2022\\\/03\\\/TAURUS-CREM-FRONT-FR.jpg\",\"contentUrl\":\"https:\\\/\\\/esemineu.ro\\\/wp-content\\\/uploads\\\/2022\\\/03\\\/TAURUS-CREM-FRONT-FR.jpg\",\"width\":1000,\"height\":1000,\"caption\":\"Kr\u00e9m V\u00edzteres kandall\u00f3 Alpina 24Kw\"},{\"@type\":\"BreadcrumbList\",\"@id\":\"https:\\\/\\\/esemineu.ro\\\/hu\\\/termek\\\/krem-vizteres-kandallo-alpina-24kw-vizteres-kandallo\\\/#breadcrumb\",\"itemListElement\":[{\"@type\":\"ListItem\",\"position\":1,\"name\":\"Kezd\u0151lap\",\"item\":\"https:\\\/\\\/esemineu.ro\\\/hu\\\/\"},{\"@type\":\"ListItem\",\"position\":2,\"name\":\"\u00c1ruh\u00e1z\",\"item\":\"https:\\\/\\\/esemineu.ro\\\/hu\\\/aruhaz\\\/\"},{\"@type\":\"ListItem\",\"position\":3,\"name\":\"Kr\u00e9m V\u00edzteres kandall\u00f3 Alpina 24Kw, V\u00edzteres Kandall\u00f3\"}]},{\"@type\":\"WebSite\",\"@id\":\"https:\\\/\\\/esemineu.ro\\\/hu\\\/#website\",\"url\":\"https:\\\/\\\/esemineu.ro\\\/hu\\\/\",\"name\":\"eSemineu\",\"description\":\"\u0218eminee de cea mai \u00eenalt\u0103 calitate\",\"potentialAction\":[{\"@type\":\"SearchAction\",\"target\":{\"@type\":\"EntryPoint\",\"urlTemplate\":\"https:\\\/\\\/esemineu.ro\\\/hu\\\/?s={search_term_string}\"},\"query-input\":{\"@type\":\"PropertyValueSpecification\",\"valueRequired\":true,\"valueName\":\"search_term_string\"}}],\"inLanguage\":\"hu\"}]}<\/script>\n<!-- \/ Yoast SEO Premium plugin. -->","yoast_head_json":{"title":"Kr\u00e9m V\u00edzteres kandall\u00f3 Alpina 24Kw | V\u00edztereskandall\u00f3k","description":"Kr\u00e9m V\u00edzteres kandall\u00f3 Alpina 24Kw. Fa t\u00fczel\u00e9s\u0171 ac\u00e9l v\u00edzteres kandall\u00f3 h\u0151\u00e1ll\u00f3 \u00fcveggel. Meg t\u0151bb aj\u00e1nlat\u00e9rt keresse a v\u00edztereskandall\u00f3 kategori\u00e1t eSemineu.ro","robots":{"index":"index","follow":"follow","max-snippet":"max-snippet:-1","max-image-preview":"max-image-preview:large","max-video-preview":"max-video-preview:-1"},"canonical":"https:\/\/esemineu.ro\/hu\/termek\/krem-vizteres-kandallo-alpina-24kw-vizteres-kandallo\/","og_locale":"hu_HU","og_type":"article","og_title":"Kr\u00e9m V\u00edzteres kandall\u00f3 Alpina 24Kw | V\u00edztereskandall\u00f3k","og_description":"Kr\u00e9m V\u00edzteres kandall\u00f3 Alpina 24Kw. Fa t\u00fczel\u00e9s\u0171 ac\u00e9l v\u00edzteres kandall\u00f3 h\u0151\u00e1ll\u00f3 \u00fcveggel. Meg t\u0151bb aj\u00e1nlat\u00e9rt keresse a v\u00edztereskandall\u00f3 kategori\u00e1t eSemineu.ro","og_url":"https:\/\/esemineu.ro\/hu\/termek\/krem-vizteres-kandallo-alpina-24kw-vizteres-kandallo\/","og_site_name":"eSemineu","article_publisher":"https:\/\/web.facebook.com\/eSemineu","article_modified_time":"2025-11-29T17:36:41+00:00","og_image":[{"width":1000,"height":1000,"url":"https:\/\/esemineu.ro\/wp-content\/uploads\/2022\/03\/TAURUS-CREM-FRONT-FR.jpg","type":"image\/jpeg"}],"twitter_card":"summary_large_image","twitter_misc":{"Becs\u00fclt olvas\u00e1si id\u0151":"4 perc"},"schema":{"@context":"https:\/\/schema.org","@graph":[{"@type":"WebPage","@id":"https:\/\/esemineu.ro\/hu\/termek\/krem-vizteres-kandallo-alpina-24kw-vizteres-kandallo\/","url":"https:\/\/esemineu.ro\/hu\/termek\/krem-vizteres-kandallo-alpina-24kw-vizteres-kandallo\/","name":"Kr\u00e9m V\u00edzteres kandall\u00f3 Alpina 24Kw | V\u00edztereskandall\u00f3k","isPartOf":{"@id":"https:\/\/esemineu.ro\/hu\/#website"},"primaryImageOfPage":{"@id":"https:\/\/esemineu.ro\/hu\/termek\/krem-vizteres-kandallo-alpina-24kw-vizteres-kandallo\/#primaryimage"},"image":{"@id":"https:\/\/esemineu.ro\/hu\/termek\/krem-vizteres-kandallo-alpina-24kw-vizteres-kandallo\/#primaryimage"},"thumbnailUrl":"https:\/\/esemineu.ro\/wp-content\/uploads\/2022\/03\/TAURUS-CREM-FRONT-FR.jpg","datePublished":"2022-03-03T09:18:56+00:00","dateModified":"2025-11-29T17:36:41+00:00","description":"Kr\u00e9m V\u00edzteres kandall\u00f3 Alpina 24Kw. Fa t\u00fczel\u00e9s\u0171 ac\u00e9l v\u00edzteres kandall\u00f3 h\u0151\u00e1ll\u00f3 \u00fcveggel. Meg t\u0151bb aj\u00e1nlat\u00e9rt keresse a v\u00edztereskandall\u00f3 kategori\u00e1t eSemineu.ro","breadcrumb":{"@id":"https:\/\/esemineu.ro\/hu\/termek\/krem-vizteres-kandallo-alpina-24kw-vizteres-kandallo\/#breadcrumb"},"inLanguage":"hu","potentialAction":[{"@type":"ReadAction","target":["https:\/\/esemineu.ro\/hu\/termek\/krem-vizteres-kandallo-alpina-24kw-vizteres-kandallo\/"]}]},{"@type":"ImageObject","inLanguage":"hu","@id":"https:\/\/esemineu.ro\/hu\/termek\/krem-vizteres-kandallo-alpina-24kw-vizteres-kandallo\/#primaryimage","url":"https:\/\/esemineu.ro\/wp-content\/uploads\/2022\/03\/TAURUS-CREM-FRONT-FR.jpg","contentUrl":"https:\/\/esemineu.ro\/wp-content\/uploads\/2022\/03\/TAURUS-CREM-FRONT-FR.jpg","width":1000,"height":1000,"caption":"Kr\u00e9m V\u00edzteres kandall\u00f3 Alpina 24Kw"},{"@type":"BreadcrumbList","@id":"https:\/\/esemineu.ro\/hu\/termek\/krem-vizteres-kandallo-alpina-24kw-vizteres-kandallo\/#breadcrumb","itemListElement":[{"@type":"ListItem","position":1,"name":"Kezd\u0151lap","item":"https:\/\/esemineu.ro\/hu\/"},{"@type":"ListItem","position":2,"name":"\u00c1ruh\u00e1z","item":"https:\/\/esemineu.ro\/hu\/aruhaz\/"},{"@type":"ListItem","position":3,"name":"Kr\u00e9m V\u00edzteres kandall\u00f3 Alpina 24Kw, V\u00edzteres Kandall\u00f3"}]},{"@type":"WebSite","@id":"https:\/\/esemineu.ro\/hu\/#website","url":"https:\/\/esemineu.ro\/hu\/","name":"eSemineu","description":"\u0218eminee de cea mai \u00eenalt\u0103 calitate","potentialAction":[{"@type":"SearchAction","target":{"@type":"EntryPoint","urlTemplate":"https:\/\/esemineu.ro\/hu\/?s={search_term_string}"},"query-input":{"@type":"PropertyValueSpecification","valueRequired":true,"valueName":"search_term_string"}}],"inLanguage":"hu"}]}},"_links":{"self":[{"href":"https:\/\/esemineu.ro\/hu\/wp-json\/wp\/v2\/product\/4688","targetHints":{"allow":["GET"]}}],"collection":[{"href":"https:\/\/esemineu.ro\/hu\/wp-json\/wp\/v2\/product"}],"about":[{"href":"https:\/\/esemineu.ro\/hu\/wp-json\/wp\/v2\/types\/product"}],"replies":[{"embeddable":true,"href":"https:\/\/esemineu.ro\/hu\/wp-json\/wp\/v2\/comments?post=4688"}],"wp:featuredmedia":[{"embeddable":true,"href":"https:\/\/esemineu.ro\/hu\/wp-json\/wp\/v2\/media\/18232"}],"wp:attachment":[{"href":"https:\/\/esemineu.ro\/hu\/wp-json\/wp\/v2\/media?parent=4688"}],"wp:term":[{"taxonomy":"product_brand","embeddable":true,"href":"https:\/\/esemineu.ro\/hu\/wp-json\/wp\/v2\/product_brand?post=4688"},{"taxonomy":"product_cat","embeddable":true,"href":"https:\/\/esemineu.ro\/hu\/wp-json\/wp\/v2\/product_cat?post=4688"},{"taxonomy":"product_tag","embeddable":true,"href":"https:\/\/esemineu.ro\/hu\/wp-json\/wp\/v2\/product_tag?post=4688"}],"curies":[{"name":"wp","href":"https:\/\/api.w.org\/{rel}","templated":true}]}}