{"id":4681,"date":"2022-03-21T14:09:17","date_gmt":"2022-03-21T12:09:17","guid":{"rendered":"https:\/\/esemineu.ro\/product\/soba-de-teracota-gri-bizantin-soba-teracota-premontata-pentru-incalzit-pe-lemne-7kw\/"},"modified":"2025-01-21T13:49:17","modified_gmt":"2025-01-21T11:49:17","slug":"fatuzelesu-4-soros-cserepkalyha-marvanylappal-7-kw-bizanci-szurke","status":"publish","type":"product","link":"https:\/\/esemineu.ro\/hu\/termek\/fatuzelesu-4-soros-cserepkalyha-marvanylappal-7-kw-bizanci-szurke\/","title":{"rendered":"Fat\u00fczel\u00e9s\u0171 4 soros cser\u00e9pk\u00e1lyha, m\u00e1rv\u00e1nylappal, 7 kW, Biz\u00e1nci sz\u00fcrke"},"content":{"rendered":"<p>Fat\u00fczel\u00e9s\u0171 4 soros cser\u00e9pk\u00e1lyha<\/p>\n<p><iframe title=\"Sob\u0101 teracot\u0101 pe lemne Gri Bizantin 7kW 4R+M+V+F I eSemineu.ro\" width=\"500\" height=\"281\" src=\"https:\/\/www.youtube.com\/embed\/R_UNtVHzt64?feature=oembed\" frameborder=\"0\" allow=\"accelerometer; autoplay; clipboard-write; encrypted-media; gyroscope; picture-in-picture; web-share\" referrerpolicy=\"strict-origin-when-cross-origin\" allowfullscreen><\/iframe><\/p>\n<p>&nbsp;<\/p>\n<p>&nbsp;<\/p>\n<p>A Fat\u00fczel\u00e9s\u0171 4 soros cser\u00e9pk\u00e1lyha leny\u0171g\u00f6z\u0151 7 kW-os f\u0171t\u0151kapacit\u00e1ssal rendelkezik. Ennek k\u00f6sz\u00f6nhet\u0151en hat\u00e9konyan f\u0171ti be a helyis\u00e9get, \u00e9s kellemes h\u0151\u00e9rzetet biztos\u00edt az eg\u00e9sz otthonban. Az er\u0151s teljes\u00edtm\u00e9ny\u00e9nek k\u00f6sz\u00f6nhet\u0151en a legzordabb t\u00e9li napokon is b\u00e1tran sz\u00e1m\u00edthatunk r\u00e1.<\/p>\n<p>A k\u00e1lyha f\u00fcstcs\u0151 m\u00e9rete 120 mm, ami lehet\u0151v\u00e9 teszi a hat\u00e9kony f\u00fcstelvezet\u00e9st \u00e9s a k\u00f6rnyezetre gyakorolt minim\u00e1lis k\u00e1rosanyag-kibocs\u00e1t\u00e1st. Ez\u00e1ltal a Fat\u00fczel\u00e9s\u0171 4 soros cser\u00e9pk\u00e1lyha k\u00f6rnyezetbar\u00e1t megold\u00e1st k\u00edn\u00e1l, \u00edgy nemcsak a melegs\u00e9g\u00e9t \u00e9lvezheti, hanem a fenntarthat\u00f3 f\u0171t\u00e9s el\u0151nyeit is kihaszn\u00e1lhatja.<\/p>\n<p>A k\u00e1lyh\u00e1ba t\u00f6k\u00e9letesen alkalmazkodnak a k\u00fcl\u00f6nb\u00f6z\u0151 t\u00fczel\u0151anyagok, \u00edgy brikett \u00e9s fa is egyar\u00e1nt haszn\u00e1lhat\u00f3. Rugalmas v\u00e1laszt\u00e1si lehet\u0151s\u00e9g\u00e9nek k\u00f6sz\u00f6nhet\u0151en \u00d6n szabadon d\u00f6nthet arr\u00f3l, melyik t\u00fczel\u0151anyagot tartja megfelel\u0151nek \u00e9s k\u00f6nnyen beszerezhet\u0151nek.<\/p>\n<p>A cser\u00e9pk\u00e1lyha min\u0151s\u00e9gi \u00f6ntv\u00e9ny ajt\u00f3kkal \u00e9s \u00f6ntv\u00e9ny l\u00e1bakkal k\u00e9sz\u00fcl, amelyek hossz\u00fa \u00e9lettartamot \u00e9s megb\u00edzhat\u00f3s\u00e1got garant\u00e1lnak. Az \u00f6ntv\u00e9ny anyag haszn\u00e1lata a k\u00e1lyha stabilit\u00e1s\u00e1t biztos\u00edtja, mik\u00f6zben hozz\u00e1j\u00e1rul az eszt\u00e9tikus megjelen\u00e9shez \u00e9s a kiv\u00e1l\u00f3 min\u0151s\u00e9ghez.<\/p>\n<p>A k\u00e1lyha csod\u00e1latos Biz\u00e1nci sz\u00fcrke sz\u00edne exkluzivit\u00e1st \u00e9s eleganci\u00e1t sug\u00e1roz. Ez a k\u00fcl\u00f6nleges sz\u00ednvil\u00e1g harmoniz\u00e1l a k\u00f6rnyez\u0151 b\u00fatorokkal \u00e9s berendez\u00e9ssel, \u00edgy a Fat\u00fczel\u00e9s\u0171 4 soros cser\u00e9pk\u00e1lyha val\u00f3ban a helyis\u00e9g d\u00edsze lesz.<\/p>\n<p>A k\u00e1lyha ide\u00e1lis m\u00e9retei (hossz\u00fas\u00e1g: 470 mm, sz\u00e9less\u00e9g: 470 mm, magass\u00e1g: 1100 mm) lehet\u0151v\u00e9 teszik, hogy k\u00f6nnyed\u00e9n elhelyezze azt a kiv\u00e1lasztott helyis\u00e9gben. Kompakt kialak\u00edt\u00e1s\u00e1nak k\u00f6sz\u00f6nhet\u0151en nem foglal el felesleges helyet, \u00e9s k\u00f6nnyen illeszthet\u0151 b\u00e1rmilyen lak\u00f3t\u00e9rbe.<\/p>\n<p>A cser\u00e9pk\u00e1lyha massz\u00edv 200 kg-os s\u00falya stabil \u00e9s biztons\u00e1gos haszn\u00e1latot garant\u00e1l. Az er\u0151s s\u00faly\u00e1nak k\u00f6sz\u00f6nhet\u0151en nemcsak stabilan \u00e1ll, hanem hossz\u00fa t\u00e1vra sz\u00f3l\u00f3 megb\u00edzhat\u00f3 partner\u00e9v\u00e9 v\u00e1lik a hideg t\u00e9li napokon.<\/p>\n<p>Fontos megjegyezni, hogy a t\u0171zhely hullad\u00e9k \u00e9get\u00e9s\u00e9re nem alkalmas, kiz\u00e1r\u00f3lag f\u0171t\u00e9sre \u00e9s f\u0151z\u00e9sre haszn\u00e1lhat\u00f3. Az ilyen hullad\u00e9k \u00e9get\u00e9sekor a cser\u00e9pk\u00e1lyha f\u00fcstkivezet\u0151 ny\u00edl\u00e1sa k\u00f6nnyen elt\u00f6m\u0151dhet, ez\u00e9rt aj\u00e1nlott kiz\u00e1r\u00f3lag megfelel\u0151 anyagokat \u00e9getni benne.<\/p>\n<h6>Sz\u00e1ll\u00edt\u00e1si hat\u00e1rid\u0151:<\/h6>\n<ul>\n<li><strong>Magyarorsz\u00e1g \u00e9s az eg\u00e9sz Eur\u00f3pai Uni\u00f3 ter\u00fclet\u00e9n<\/strong>\u00a0is sz\u00e1ll\u00edtjuk.<\/li>\n<li>Rom\u00e1ni\u00e1ba 2-3 munkanap alatt sz\u00e1ll\u00edtjuk<\/li>\n<li>Magyarorsz\u00e1gra \u00e9s az EU ter\u00fclet\u00e9re az \u00e1tutal\u00e1s ut\u00e1n 5 munkanapon bel\u00fcl \u00e9rkezik meg a term\u00e9k.<\/li>\n<\/ul>\n<p>Ha b\u00e1rmilyen k\u00e9rd\u00e9se van, k\u00e9rj\u00fck, l\u00e9pjen kapcsolatba vel\u00fcnk.<\/p>\n<p>Tov\u00e1bbi aj\u00e1nlatok\u00e9rt kattintson\u00a0<a href=\"https:\/\/esemineu.ro\/hu\/termek-kategoria\/hordozhato-cserepkalyhak\/\">ide<\/a><\/p>\n<p>T\u0151bb inform\u00e1ci\u00f3\u00e9rt l\u00e1togasson el\u00a0<a href=\"https:\/\/www.youtube.com\/@esemineuromania\">YouTube<\/a>-csatorn\u00e1nkra, valamint\u00a0<a href=\"https:\/\/www.facebook.com\/eSemineu\">Facebook<\/a>\u00a0\u00e9s\u00a0<a href=\"https:\/\/www.instagram.com\/esemineu\/\">Instagram<\/a>\u00a0oldalainkra.<\/p>\n<p><a href=\"https:\/\/esemineu.ro\/\">eSemineu.ro<\/a>\u00a0 \u00a0Te rakod a t\u0171zet, mi adjuk a meleget!<\/p>\n","protected":false},"excerpt":{"rendered":"<p>Fat\u00fczel\u00e9s\u0171 4 soros cser\u00e9pk\u00e1lyha &nbsp; &nbsp; A Fat\u00fczel\u00e9s\u0171 4 soros cser\u00e9pk\u00e1lyha leny\u0171g\u00f6z\u0151 7 kW-os f\u0171t\u0151kapacit\u00e1ssal rendelkezik. Ennek k\u00f6sz\u00f6nhet\u0151en hat\u00e9konyan f\u0171ti be a helyis\u00e9get, \u00e9s kellemes h\u0151\u00e9rzetet biztos\u00edt az eg\u00e9sz otthonban. Az er\u0151s teljes\u00edtm\u00e9ny\u00e9nek k\u00f6sz\u00f6nhet\u0151en a legzordabb t\u00e9li napokon is b\u00e1tran sz\u00e1m\u00edthatunk r\u00e1. A k\u00e1lyha f\u00fcstcs\u0151 m\u00e9rete 120 mm, ami lehet\u0151v\u00e9 teszi a hat\u00e9kony f\u00fcstelvezet\u00e9st \u00e9s a k\u00f6rnyezetre gyakorolt minim\u00e1lis k\u00e1rosanyag-kibocs\u00e1t\u00e1st. Ez\u00e1ltal a Fat\u00fczel\u00e9s\u0171 4 soros cser\u00e9pk\u00e1lyha k\u00f6rnyezetbar\u00e1t megold\u00e1st k\u00edn\u00e1l, \u00edgy nemcsak a melegs\u00e9g\u00e9t \u00e9lvezheti, hanem a fenntarthat\u00f3 f\u0171t\u00e9s el\u0151nyeit is kihaszn\u00e1lhatja. A k\u00e1lyh\u00e1ba t\u00f6k\u00e9letesen alkalmazkodnak a k\u00fcl\u00f6nb\u00f6z\u0151 t\u00fczel\u0151anyagok, \u00edgy brikett \u00e9s fa is egyar\u00e1nt haszn\u00e1lhat\u00f3. Rugalmas v\u00e1laszt\u00e1si lehet\u0151s\u00e9g\u00e9nek k\u00f6sz\u00f6nhet\u0151en \u00d6n szabadon d\u00f6nthet arr\u00f3l, melyik t\u00fczel\u0151anyagot tartja megfelel\u0151nek \u00e9s k\u00f6nnyen beszerezhet\u0151nek. A cser\u00e9pk\u00e1lyha min\u0151s\u00e9gi \u00f6ntv\u00e9ny ajt\u00f3kkal \u00e9s \u00f6ntv\u00e9ny l\u00e1bakkal k\u00e9sz\u00fcl, amelyek hossz\u00fa \u00e9lettartamot \u00e9s megb\u00edzhat\u00f3s\u00e1got garant\u00e1lnak. Az \u00f6ntv\u00e9ny anyag haszn\u00e1lata a k\u00e1lyha stabilit\u00e1s\u00e1t biztos\u00edtja, mik\u00f6zben hozz\u00e1j\u00e1rul az eszt\u00e9tikus megjelen\u00e9shez \u00e9s a kiv\u00e1l\u00f3 min\u0151s\u00e9ghez. A k\u00e1lyha csod\u00e1latos Biz\u00e1nci sz\u00fcrke sz\u00edne exkluzivit\u00e1st \u00e9s &hellip; <a href=\"https:\/\/esemineu.ro\/hu\/termek\/fatuzelesu-4-soros-cserepkalyha-marvanylappal-7-kw-bizanci-szurke\/\">Folytatva<\/a><\/p>\n","protected":false},"featured_media":21382,"comment_status":"open","ping_status":"closed","template":"","meta":[],"product_brand":[695],"product_cat":[729,1680],"product_tag":[],"class_list":{"0":"post-4681","1":"product","2":"type-product","3":"status-publish","4":"has-post-thumbnail","6":"product_brand-esemineu","7":"product_cat-hordozhato-cserepkalyhak","8":"product_cat-melegito","9":"product_shipping_class-csempekalyhak","10":"pa_combustibil-utilizat-brikett","11":"pa_combustibil-utilizat-fa","12":"pa_culoare-gri-hu","13":"pa_diametru-racordului-la-cos-120-mm-hu","14":"pa_material-teracota-hu","15":"pa_material-ontotvas-ajto-hoallo-uveggel","16":"pa_material-ontveny-labak","17":"pa_model-4-soros-melegito-hu","18":"pa_putere-7-kw-hu","19":"pa_randament-80-hu","20":"producer-soberom","22":"first","23":"outofstock","24":"shipping-taxable","25":"purchasable","26":"product-type-simple"},"acf":[],"yoast_head":"<!-- This site is optimized with the Yoast SEO Premium plugin v21.0 (Yoast SEO v27.3) - https:\/\/yoast.com\/product\/yoast-seo-premium-wordpress\/ -->\n<title>Fat\u00fczel\u00e9s\u0171 4 soros cser\u00e9pk\u00e1lyha, 7 kW | eSemineu.ro<\/title>\n<meta name=\"description\" content=\"Fedezze fel a Fat\u00fczel\u00e9s\u0171 4 soros cser\u00e9pk\u00e1lyha var\u00e1zslatos melegs\u00e9g\u00e9t \u00e9s eszt\u00e9tikus kialak\u00edt\u00e1s\u00e1t! | eSemineu.ro | Te rakod a t\u00fczet, mi adjuk a meleget.\" \/>\n<meta name=\"robots\" content=\"index, follow, max-snippet:-1, max-image-preview:large, max-video-preview:-1\" \/>\n<link rel=\"canonical\" href=\"https:\/\/esemineu.ro\/hu\/termek\/fatuzelesu-4-soros-cserepkalyha-marvanylappal-7-kw-bizanci-szurke\/\" \/>\n<meta property=\"og:locale\" content=\"hu_HU\" \/>\n<meta property=\"og:type\" content=\"article\" \/>\n<meta property=\"og:title\" content=\"Fat\u00fczel\u00e9s\u0171 4 soros cser\u00e9pk\u00e1lyha, 7 kW | eSemineu.ro\" \/>\n<meta property=\"og:description\" content=\"Fedezze fel a Fat\u00fczel\u00e9s\u0171 4 soros cser\u00e9pk\u00e1lyha var\u00e1zslatos melegs\u00e9g\u00e9t \u00e9s eszt\u00e9tikus kialak\u00edt\u00e1s\u00e1t! | eSemineu.ro | Te rakod a t\u00fczet, mi adjuk a meleget.\" \/>\n<meta property=\"og:url\" content=\"https:\/\/esemineu.ro\/hu\/termek\/fatuzelesu-4-soros-cserepkalyha-marvanylappal-7-kw-bizanci-szurke\/\" \/>\n<meta property=\"og:site_name\" content=\"eSemineu\" \/>\n<meta property=\"article:publisher\" content=\"https:\/\/web.facebook.com\/eSemineu\" \/>\n<meta property=\"article:modified_time\" content=\"2025-01-21T11:49:17+00:00\" \/>\n<meta property=\"og:image\" content=\"https:\/\/esemineu.ro\/wp-content\/uploads\/2022\/03\/4R-GRI-BIZANTIN-MARMURA-FRONT-FR.jpg\" \/>\n\t<meta property=\"og:image:width\" content=\"1000\" \/>\n\t<meta property=\"og:image:height\" content=\"1000\" \/>\n\t<meta property=\"og:image:type\" content=\"image\/jpeg\" \/>\n<meta name=\"twitter:card\" content=\"summary_large_image\" \/>\n<meta name=\"twitter:label1\" content=\"Becs\u00fclt olvas\u00e1si id\u0151\" \/>\n\t<meta name=\"twitter:data1\" content=\"4 perc\" \/>\n<script type=\"application\/ld+json\" class=\"yoast-schema-graph\">{\"@context\":\"https:\\\/\\\/schema.org\",\"@graph\":[{\"@type\":\"WebPage\",\"@id\":\"https:\\\/\\\/esemineu.ro\\\/hu\\\/termek\\\/fatuzelesu-4-soros-cserepkalyha-marvanylappal-7-kw-bizanci-szurke\\\/\",\"url\":\"https:\\\/\\\/esemineu.ro\\\/hu\\\/termek\\\/fatuzelesu-4-soros-cserepkalyha-marvanylappal-7-kw-bizanci-szurke\\\/\",\"name\":\"Fat\u00fczel\u00e9s\u0171 4 soros cser\u00e9pk\u00e1lyha, 7 kW | eSemineu.ro\",\"isPartOf\":{\"@id\":\"https:\\\/\\\/esemineu.ro\\\/hu\\\/#website\"},\"primaryImageOfPage\":{\"@id\":\"https:\\\/\\\/esemineu.ro\\\/hu\\\/termek\\\/fatuzelesu-4-soros-cserepkalyha-marvanylappal-7-kw-bizanci-szurke\\\/#primaryimage\"},\"image\":{\"@id\":\"https:\\\/\\\/esemineu.ro\\\/hu\\\/termek\\\/fatuzelesu-4-soros-cserepkalyha-marvanylappal-7-kw-bizanci-szurke\\\/#primaryimage\"},\"thumbnailUrl\":\"https:\\\/\\\/esemineu.ro\\\/wp-content\\\/uploads\\\/2022\\\/03\\\/4R-GRI-BIZANTIN-MARMURA-FRONT-FR.jpg\",\"datePublished\":\"2022-03-21T12:09:17+00:00\",\"dateModified\":\"2025-01-21T11:49:17+00:00\",\"description\":\"Fedezze fel a Fat\u00fczel\u00e9s\u0171 4 soros cser\u00e9pk\u00e1lyha var\u00e1zslatos melegs\u00e9g\u00e9t \u00e9s eszt\u00e9tikus kialak\u00edt\u00e1s\u00e1t! | eSemineu.ro | Te rakod a t\u00fczet, mi adjuk a meleget.\",\"breadcrumb\":{\"@id\":\"https:\\\/\\\/esemineu.ro\\\/hu\\\/termek\\\/fatuzelesu-4-soros-cserepkalyha-marvanylappal-7-kw-bizanci-szurke\\\/#breadcrumb\"},\"inLanguage\":\"hu\",\"potentialAction\":[{\"@type\":\"ReadAction\",\"target\":[\"https:\\\/\\\/esemineu.ro\\\/hu\\\/termek\\\/fatuzelesu-4-soros-cserepkalyha-marvanylappal-7-kw-bizanci-szurke\\\/\"]}]},{\"@type\":\"ImageObject\",\"inLanguage\":\"hu\",\"@id\":\"https:\\\/\\\/esemineu.ro\\\/hu\\\/termek\\\/fatuzelesu-4-soros-cserepkalyha-marvanylappal-7-kw-bizanci-szurke\\\/#primaryimage\",\"url\":\"https:\\\/\\\/esemineu.ro\\\/wp-content\\\/uploads\\\/2022\\\/03\\\/4R-GRI-BIZANTIN-MARMURA-FRONT-FR.jpg\",\"contentUrl\":\"https:\\\/\\\/esemineu.ro\\\/wp-content\\\/uploads\\\/2022\\\/03\\\/4R-GRI-BIZANTIN-MARMURA-FRONT-FR.jpg\",\"width\":1000,\"height\":1000,\"caption\":\"Sob\u0103 de teracot\u0103 Gri Bizantin\"},{\"@type\":\"BreadcrumbList\",\"@id\":\"https:\\\/\\\/esemineu.ro\\\/hu\\\/termek\\\/fatuzelesu-4-soros-cserepkalyha-marvanylappal-7-kw-bizanci-szurke\\\/#breadcrumb\",\"itemListElement\":[{\"@type\":\"ListItem\",\"position\":1,\"name\":\"Kezd\u0151lap\",\"item\":\"https:\\\/\\\/esemineu.ro\\\/hu\\\/\"},{\"@type\":\"ListItem\",\"position\":2,\"name\":\"\u00c1ruh\u00e1z\",\"item\":\"https:\\\/\\\/esemineu.ro\\\/hu\\\/aruhaz\\\/\"},{\"@type\":\"ListItem\",\"position\":3,\"name\":\"Fat\u00fczel\u00e9s\u0171 4 soros cser\u00e9pk\u00e1lyha, m\u00e1rv\u00e1nylappal, 7 kW, Biz\u00e1nci sz\u00fcrke\"}]},{\"@type\":\"WebSite\",\"@id\":\"https:\\\/\\\/esemineu.ro\\\/hu\\\/#website\",\"url\":\"https:\\\/\\\/esemineu.ro\\\/hu\\\/\",\"name\":\"eSemineu\",\"description\":\"\u0218eminee de cea mai \u00eenalt\u0103 calitate\",\"potentialAction\":[{\"@type\":\"SearchAction\",\"target\":{\"@type\":\"EntryPoint\",\"urlTemplate\":\"https:\\\/\\\/esemineu.ro\\\/hu\\\/?s={search_term_string}\"},\"query-input\":{\"@type\":\"PropertyValueSpecification\",\"valueRequired\":true,\"valueName\":\"search_term_string\"}}],\"inLanguage\":\"hu\"}]}<\/script>\n<!-- \/ Yoast SEO Premium plugin. -->","yoast_head_json":{"title":"Fat\u00fczel\u00e9s\u0171 4 soros cser\u00e9pk\u00e1lyha, 7 kW | eSemineu.ro","description":"Fedezze fel a Fat\u00fczel\u00e9s\u0171 4 soros cser\u00e9pk\u00e1lyha var\u00e1zslatos melegs\u00e9g\u00e9t \u00e9s eszt\u00e9tikus kialak\u00edt\u00e1s\u00e1t! | eSemineu.ro | Te rakod a t\u00fczet, mi adjuk a meleget.","robots":{"index":"index","follow":"follow","max-snippet":"max-snippet:-1","max-image-preview":"max-image-preview:large","max-video-preview":"max-video-preview:-1"},"canonical":"https:\/\/esemineu.ro\/hu\/termek\/fatuzelesu-4-soros-cserepkalyha-marvanylappal-7-kw-bizanci-szurke\/","og_locale":"hu_HU","og_type":"article","og_title":"Fat\u00fczel\u00e9s\u0171 4 soros cser\u00e9pk\u00e1lyha, 7 kW | eSemineu.ro","og_description":"Fedezze fel a Fat\u00fczel\u00e9s\u0171 4 soros cser\u00e9pk\u00e1lyha var\u00e1zslatos melegs\u00e9g\u00e9t \u00e9s eszt\u00e9tikus kialak\u00edt\u00e1s\u00e1t! | eSemineu.ro | Te rakod a t\u00fczet, mi adjuk a meleget.","og_url":"https:\/\/esemineu.ro\/hu\/termek\/fatuzelesu-4-soros-cserepkalyha-marvanylappal-7-kw-bizanci-szurke\/","og_site_name":"eSemineu","article_publisher":"https:\/\/web.facebook.com\/eSemineu","article_modified_time":"2025-01-21T11:49:17+00:00","og_image":[{"width":1000,"height":1000,"url":"https:\/\/esemineu.ro\/wp-content\/uploads\/2022\/03\/4R-GRI-BIZANTIN-MARMURA-FRONT-FR.jpg","type":"image\/jpeg"}],"twitter_card":"summary_large_image","twitter_misc":{"Becs\u00fclt olvas\u00e1si id\u0151":"4 perc"},"schema":{"@context":"https:\/\/schema.org","@graph":[{"@type":"WebPage","@id":"https:\/\/esemineu.ro\/hu\/termek\/fatuzelesu-4-soros-cserepkalyha-marvanylappal-7-kw-bizanci-szurke\/","url":"https:\/\/esemineu.ro\/hu\/termek\/fatuzelesu-4-soros-cserepkalyha-marvanylappal-7-kw-bizanci-szurke\/","name":"Fat\u00fczel\u00e9s\u0171 4 soros cser\u00e9pk\u00e1lyha, 7 kW | eSemineu.ro","isPartOf":{"@id":"https:\/\/esemineu.ro\/hu\/#website"},"primaryImageOfPage":{"@id":"https:\/\/esemineu.ro\/hu\/termek\/fatuzelesu-4-soros-cserepkalyha-marvanylappal-7-kw-bizanci-szurke\/#primaryimage"},"image":{"@id":"https:\/\/esemineu.ro\/hu\/termek\/fatuzelesu-4-soros-cserepkalyha-marvanylappal-7-kw-bizanci-szurke\/#primaryimage"},"thumbnailUrl":"https:\/\/esemineu.ro\/wp-content\/uploads\/2022\/03\/4R-GRI-BIZANTIN-MARMURA-FRONT-FR.jpg","datePublished":"2022-03-21T12:09:17+00:00","dateModified":"2025-01-21T11:49:17+00:00","description":"Fedezze fel a Fat\u00fczel\u00e9s\u0171 4 soros cser\u00e9pk\u00e1lyha var\u00e1zslatos melegs\u00e9g\u00e9t \u00e9s eszt\u00e9tikus kialak\u00edt\u00e1s\u00e1t! | eSemineu.ro | Te rakod a t\u00fczet, mi adjuk a meleget.","breadcrumb":{"@id":"https:\/\/esemineu.ro\/hu\/termek\/fatuzelesu-4-soros-cserepkalyha-marvanylappal-7-kw-bizanci-szurke\/#breadcrumb"},"inLanguage":"hu","potentialAction":[{"@type":"ReadAction","target":["https:\/\/esemineu.ro\/hu\/termek\/fatuzelesu-4-soros-cserepkalyha-marvanylappal-7-kw-bizanci-szurke\/"]}]},{"@type":"ImageObject","inLanguage":"hu","@id":"https:\/\/esemineu.ro\/hu\/termek\/fatuzelesu-4-soros-cserepkalyha-marvanylappal-7-kw-bizanci-szurke\/#primaryimage","url":"https:\/\/esemineu.ro\/wp-content\/uploads\/2022\/03\/4R-GRI-BIZANTIN-MARMURA-FRONT-FR.jpg","contentUrl":"https:\/\/esemineu.ro\/wp-content\/uploads\/2022\/03\/4R-GRI-BIZANTIN-MARMURA-FRONT-FR.jpg","width":1000,"height":1000,"caption":"Sob\u0103 de teracot\u0103 Gri Bizantin"},{"@type":"BreadcrumbList","@id":"https:\/\/esemineu.ro\/hu\/termek\/fatuzelesu-4-soros-cserepkalyha-marvanylappal-7-kw-bizanci-szurke\/#breadcrumb","itemListElement":[{"@type":"ListItem","position":1,"name":"Kezd\u0151lap","item":"https:\/\/esemineu.ro\/hu\/"},{"@type":"ListItem","position":2,"name":"\u00c1ruh\u00e1z","item":"https:\/\/esemineu.ro\/hu\/aruhaz\/"},{"@type":"ListItem","position":3,"name":"Fat\u00fczel\u00e9s\u0171 4 soros cser\u00e9pk\u00e1lyha, m\u00e1rv\u00e1nylappal, 7 kW, Biz\u00e1nci sz\u00fcrke"}]},{"@type":"WebSite","@id":"https:\/\/esemineu.ro\/hu\/#website","url":"https:\/\/esemineu.ro\/hu\/","name":"eSemineu","description":"\u0218eminee de cea mai \u00eenalt\u0103 calitate","potentialAction":[{"@type":"SearchAction","target":{"@type":"EntryPoint","urlTemplate":"https:\/\/esemineu.ro\/hu\/?s={search_term_string}"},"query-input":{"@type":"PropertyValueSpecification","valueRequired":true,"valueName":"search_term_string"}}],"inLanguage":"hu"}]}},"_links":{"self":[{"href":"https:\/\/esemineu.ro\/hu\/wp-json\/wp\/v2\/product\/4681","targetHints":{"allow":["GET"]}}],"collection":[{"href":"https:\/\/esemineu.ro\/hu\/wp-json\/wp\/v2\/product"}],"about":[{"href":"https:\/\/esemineu.ro\/hu\/wp-json\/wp\/v2\/types\/product"}],"replies":[{"embeddable":true,"href":"https:\/\/esemineu.ro\/hu\/wp-json\/wp\/v2\/comments?post=4681"}],"wp:featuredmedia":[{"embeddable":true,"href":"https:\/\/esemineu.ro\/hu\/wp-json\/wp\/v2\/media\/21382"}],"wp:attachment":[{"href":"https:\/\/esemineu.ro\/hu\/wp-json\/wp\/v2\/media?parent=4681"}],"wp:term":[{"taxonomy":"product_brand","embeddable":true,"href":"https:\/\/esemineu.ro\/hu\/wp-json\/wp\/v2\/product_brand?post=4681"},{"taxonomy":"product_cat","embeddable":true,"href":"https:\/\/esemineu.ro\/hu\/wp-json\/wp\/v2\/product_cat?post=4681"},{"taxonomy":"product_tag","embeddable":true,"href":"https:\/\/esemineu.ro\/hu\/wp-json\/wp\/v2\/product_tag?post=4681"}],"curies":[{"name":"wp","href":"https:\/\/api.w.org\/{rel}","templated":true}]}}