{"id":4673,"date":"2022-04-20T15:32:18","date_gmt":"2022-04-20T12:32:18","guid":{"rendered":"https:\/\/esemineu.ro\/product\/soba-de-teracota-verde-cu-marmura-7kw-de-incalzit-usa-focar-sticla\/"},"modified":"2025-10-28T11:14:22","modified_gmt":"2025-10-28T09:14:22","slug":"hordozhato-4-soros-cserepkalyha-marvanylappal-7-kw-zold","status":"publish","type":"product","link":"https:\/\/esemineu.ro\/hu\/termek\/hordozhato-4-soros-cserepkalyha-marvanylappal-7-kw-zold\/","title":{"rendered":"Hordozhat\u00f3 4 soros cser\u00e9pk\u00e1lyha, m\u00e1rv\u00e1nylappal, 7 kW, Z\u00f6ld"},"content":{"rendered":"<p>Hordozhat\u00f3 4 soros cser\u00e9pk\u00e1lyha<\/p>\n<p><iframe title=\"Sob\u0103 de teracot\u0103 Verde cu marmur\u0103 7kW 4R+M+V+F I eSemineu.ro\" width=\"500\" height=\"281\" src=\"https:\/\/www.youtube.com\/embed\/7OvTxL5R7mg?feature=oembed\" frameborder=\"0\" allow=\"accelerometer; autoplay; clipboard-write; encrypted-media; gyroscope; picture-in-picture; web-share\" referrerpolicy=\"strict-origin-when-cross-origin\" allowfullscreen><\/iframe><\/p>\n<p>&nbsp;<\/p>\n<p>A Hordozhat\u00f3 4 soros cser\u00e9pk\u00e1lyha a klasszikus k\u00e1lyh\u00e1k eleganci\u00e1j\u00e1t \u00f6tv\u00f6zi a modern mobilit\u00e1ssal. A k\u00e1lyha lehet\u0151v\u00e9 teszi \u00d6nnek, hogy meleg \u00e9s hangulatos l\u00e9gk\u00f6rt teremtsen b\u00e1rmely helyis\u00e9gben. A k\u00e1lyha 7 kW teljes\u00edtm\u00e9ny\u00e9nek k\u00f6sz\u00f6nhet\u0151en hat\u00e9konyan \u00e9s gyorsan k\u00e9pes felmeleg\u00edteni a k\u00f6rnyez\u0151 ter\u00fcletet, \u00edgy ide\u00e1lis v\u00e1laszt\u00e1s a hidegebb napokon, amikor a k\u00e9nyelem \u00e9s a meleg fontos szempont.<\/p>\n<p>A k\u00e1lyha kiv\u00e1l\u00f3 min\u0151s\u00e9g\u0171 anyagokb\u00f3l k\u00e9sz\u00fclt, az \u00f6ntv\u00e9ny ajt\u00f3k \u00e9s l\u00e1bak biztos\u00edtj\u00e1k a tart\u00f3ss\u00e1got \u00e9s a hossz\u00fa \u00e9lettartamot. A 120 mm-es f\u00fcstcs\u0151 m\u00e9rete optim\u00e1lis f\u00fcstelvezet\u00e9st tesz lehet\u0151v\u00e9, \u00edgy a k\u00e1lyha hat\u00e9konyan \u00e9geti el a t\u00fczel\u0151anyagot, minimaliz\u00e1lva a k\u00e1rosanyag-kibocs\u00e1t\u00e1st.<\/p>\n<p>A Hordozhat\u00f3 4 soros cser\u00e9pk\u00e1lyha univerz\u00e1lis t\u00fczel\u0151anyagokkal, mint p\u00e9ld\u00e1ul brikett vagy fa haszn\u00e1lat\u00e1ra alkalmas, \u00edgy k\u00f6nnyed\u00e9n igaz\u00edthatja a preferenci\u00e1it \u00e9s az ig\u00e9nyeit. A fa term\u00e9szetes \u00e9s k\u00f6rnyezetbar\u00e1t f\u0171t\u00e9si lehet\u0151s\u00e9get k\u00edn\u00e1l, m\u00edg a brikett praktikus alternat\u00edv\u00e1t jelent, amely a hosszabb \u00e9g\u00e9si id\u0151t \u00e9s az egyenletes h\u0151lead\u00e1st biztos\u00edtja.<\/p>\n<p>A term\u00e9k praktikus m\u00e9retei gondoskodnak arr\u00f3l, hogy a k\u00e1lyha elf\u00e9rjen b\u00e1rmelyik szob\u00e1ban. A 470 mm hossz\u00fas\u00e1g \u00e9s sz\u00e9less\u00e9g ide\u00e1lis m\u00e9reteket k\u00edn\u00e1l a kompakt elhelyez\u00e9shez, m\u00edg a 1100 mm magass\u00e1g biztos\u00edtja a megfelel\u0151 hat\u00e9konys\u00e1got \u00e9s k\u00e9nyelmes haszn\u00e1latot.<\/p>\n<p>Annak \u00e9rdek\u00e9ben, hogy a k\u00e1lyha egyszer\u0171en sz\u00e1ll\u00edthat\u00f3 legyen, kerekekkel ell\u00e1tott talpakat kapott, amelyek lehet\u0151v\u00e9 teszik a k\u00f6nny\u0171 mozgat\u00e1st \u00e9s a rugalmas elhelyez\u00e9st a k\u00edv\u00e1nt helyen. Az ilyen mobil cser\u00e9pk\u00e1lyha lehet\u0151s\u00e9get ad arra, hogy kedv\u00e9re vari\u00e1lja a bels\u0151 t\u00e9r elrendez\u00e9s\u00e9t, \u00e9s k\u00fcl\u00f6nb\u00f6z\u0151 helyis\u00e9gekben is \u00e9lvezze a meleget \u00e9s a hangulatot.<\/p>\n<p>Fontos megjegyezni, hogy a t\u0171zhely hullad\u00e9k \u00e9get\u00e9s\u00e9re nem alkalmas, kiz\u00e1r\u00f3lag f\u0171t\u00e9sre \u00e9s f\u0151z\u00e9sre haszn\u00e1lhat\u00f3. Az ilyen hullad\u00e9k \u00e9get\u00e9sekor a cser\u00e9pk\u00e1lyha f\u00fcstkivezet\u0151 ny\u00edl\u00e1sa k\u00f6nnyen elt\u00f6m\u0151dhet, ez\u00e9rt aj\u00e1nlott kiz\u00e1r\u00f3lag megfelel\u0151 anyagokat \u00e9getni benne.<\/p>\n<h6>Sz\u00e1ll\u00edt\u00e1si hat\u00e1rid\u0151:<\/h6>\n<ul>\n<li><strong>Magyarorsz\u00e1g \u00e9s az eg\u00e9sz Eur\u00f3pai Uni\u00f3 ter\u00fclet\u00e9n<\/strong>\u00a0is sz\u00e1ll\u00edtjuk.<\/li>\n<li>Rom\u00e1ni\u00e1ba 2-3 munkanap alatt sz\u00e1ll\u00edtjuk<\/li>\n<li>Magyarorsz\u00e1gra \u00e9s az EU ter\u00fclet\u00e9re az \u00e1tutal\u00e1s ut\u00e1n 5 munkanapon bel\u00fcl \u00e9rkezik meg a term\u00e9k.<\/li>\n<\/ul>\n<p>Ha b\u00e1rmilyen k\u00e9rd\u00e9se van, k\u00e9rj\u00fck, l\u00e9pjen kapcsolatba vel\u00fcnk.<\/p>\n<p>Tov\u00e1bbi aj\u00e1nlatok\u00e9rt kattintson\u00a0<a href=\"https:\/\/esemineu.ro\/hu\/termek-kategoria\/hordozhato-cserepkalyhak\/\">ide<\/a><\/p>\n<p>T\u0151bb inform\u00e1ci\u00f3\u00e9rt l\u00e1togasson el\u00a0<a href=\"https:\/\/www.youtube.com\/@esemineuromania\">YouTube<\/a>-csatorn\u00e1nkra, valamint\u00a0<a href=\"https:\/\/www.facebook.com\/eSemineu\">Facebook<\/a>\u00a0\u00e9s\u00a0<a href=\"https:\/\/www.instagram.com\/esemineu\/\">Instagram<\/a>\u00a0oldalainkra.<\/p>\n<p><a href=\"https:\/\/esemineu.ro\/\">eSemineu.ro<\/a>\u00a0 \u00a0Te rakod a t\u0171zet mi adjuk a meleget!<\/p>\n","protected":false},"excerpt":{"rendered":"<p>Hordozhat\u00f3 4 soros cser\u00e9pk\u00e1lyha &nbsp; A Hordozhat\u00f3 4 soros cser\u00e9pk\u00e1lyha a klasszikus k\u00e1lyh\u00e1k eleganci\u00e1j\u00e1t \u00f6tv\u00f6zi a modern mobilit\u00e1ssal. A k\u00e1lyha lehet\u0151v\u00e9 teszi \u00d6nnek, hogy meleg \u00e9s hangulatos l\u00e9gk\u00f6rt teremtsen b\u00e1rmely helyis\u00e9gben. A k\u00e1lyha 7 kW teljes\u00edtm\u00e9ny\u00e9nek k\u00f6sz\u00f6nhet\u0151en hat\u00e9konyan \u00e9s gyorsan k\u00e9pes felmeleg\u00edteni a k\u00f6rnyez\u0151 ter\u00fcletet, \u00edgy ide\u00e1lis v\u00e1laszt\u00e1s a hidegebb napokon, amikor a k\u00e9nyelem \u00e9s a meleg fontos szempont. A k\u00e1lyha kiv\u00e1l\u00f3 min\u0151s\u00e9g\u0171 anyagokb\u00f3l k\u00e9sz\u00fclt, az \u00f6ntv\u00e9ny ajt\u00f3k \u00e9s l\u00e1bak biztos\u00edtj\u00e1k a tart\u00f3ss\u00e1got \u00e9s a hossz\u00fa \u00e9lettartamot. A 120 mm-es f\u00fcstcs\u0151 m\u00e9rete optim\u00e1lis f\u00fcstelvezet\u00e9st tesz lehet\u0151v\u00e9, \u00edgy a k\u00e1lyha hat\u00e9konyan \u00e9geti el a t\u00fczel\u0151anyagot, minimaliz\u00e1lva a k\u00e1rosanyag-kibocs\u00e1t\u00e1st. A Hordozhat\u00f3 4 soros cser\u00e9pk\u00e1lyha univerz\u00e1lis t\u00fczel\u0151anyagokkal, mint p\u00e9ld\u00e1ul brikett vagy fa haszn\u00e1lat\u00e1ra alkalmas, \u00edgy k\u00f6nnyed\u00e9n igaz\u00edthatja a preferenci\u00e1it \u00e9s az ig\u00e9nyeit. A fa term\u00e9szetes \u00e9s k\u00f6rnyezetbar\u00e1t f\u0171t\u00e9si lehet\u0151s\u00e9get k\u00edn\u00e1l, m\u00edg a brikett praktikus alternat\u00edv\u00e1t jelent, amely a hosszabb \u00e9g\u00e9si id\u0151t \u00e9s az egyenletes h\u0151lead\u00e1st biztos\u00edtja. A term\u00e9k praktikus m\u00e9retei gondoskodnak arr\u00f3l, hogy &hellip; <a href=\"https:\/\/esemineu.ro\/hu\/termek\/hordozhato-4-soros-cserepkalyha-marvanylappal-7-kw-zold\/\">Folytatva<\/a><\/p>\n","protected":false},"featured_media":23463,"comment_status":"open","ping_status":"closed","template":"","meta":[],"product_brand":[695],"product_cat":[729,1680],"product_tag":[],"class_list":{"0":"post-4673","1":"product","2":"type-product","3":"status-publish","4":"has-post-thumbnail","6":"product_brand-esemineu","7":"product_cat-hordozhato-cserepkalyhak","8":"product_cat-melegito","9":"product_shipping_class-csempekalyhak","10":"pa_combustibil-utilizat-brikett","11":"pa_combustibil-utilizat-fa","12":"pa_culoare-zold","13":"pa_diametru-racordului-la-cos-120-mm-hu","14":"pa_material-teracota-hu","15":"pa_material-ontotvas-ajto-hoallo-uveggel","16":"pa_material-ontveny-labak","17":"pa_model-4-soros-melegito-hu","18":"pa_putere-7-kw-hu","19":"pa_randament-80-hu","20":"pa_suprafata-incalzita-mp-26-37-hu","21":"producer-soberom","23":"first","24":"instock","25":"shipping-taxable","26":"purchasable","27":"product-type-simple"},"acf":[],"yoast_head":"<!-- This site is optimized with the Yoast SEO Premium plugin v21.0 (Yoast SEO v27.3) - https:\/\/yoast.com\/product\/yoast-seo-premium-wordpress\/ -->\n<title>Hordozhat\u00f3 4 soros cser\u00e9pk\u00e1lyha, 7 kW, Z\u00f6ld | eSemineu.ro<\/title>\n<meta name=\"description\" content=\"A hordozhat\u00f3 4 soros cser\u00e9pk\u00e1lyha egy hat\u00e9kony \u00e9s eleg\u00e1ns f\u0171t\u00e9si megold\u00e1s, amely a klasszikus k\u00e1lyh\u00e1k st\u00edlus\u00e1t \u00f6tv\u00f6zi a modern mobilit\u00e1ssal.\" \/>\n<meta name=\"robots\" content=\"index, follow, max-snippet:-1, max-image-preview:large, max-video-preview:-1\" \/>\n<link rel=\"canonical\" href=\"https:\/\/esemineu.ro\/hu\/termek\/hordozhato-4-soros-cserepkalyha-marvanylappal-7-kw-zold\/\" \/>\n<meta property=\"og:locale\" content=\"hu_HU\" \/>\n<meta property=\"og:type\" content=\"article\" \/>\n<meta property=\"og:title\" content=\"Hordozhat\u00f3 4 soros cser\u00e9pk\u00e1lyha, 7 kW, Z\u00f6ld | eSemineu.ro\" \/>\n<meta property=\"og:description\" content=\"A hordozhat\u00f3 4 soros cser\u00e9pk\u00e1lyha egy hat\u00e9kony \u00e9s eleg\u00e1ns f\u0171t\u00e9si megold\u00e1s, amely a klasszikus k\u00e1lyh\u00e1k st\u00edlus\u00e1t \u00f6tv\u00f6zi a modern mobilit\u00e1ssal.\" \/>\n<meta property=\"og:url\" content=\"https:\/\/esemineu.ro\/hu\/termek\/hordozhato-4-soros-cserepkalyha-marvanylappal-7-kw-zold\/\" \/>\n<meta property=\"og:site_name\" content=\"eSemineu\" \/>\n<meta property=\"article:publisher\" content=\"https:\/\/web.facebook.com\/eSemineu\" \/>\n<meta property=\"article:modified_time\" content=\"2025-10-28T09:14:22+00:00\" \/>\n<meta property=\"og:image\" content=\"https:\/\/esemineu.ro\/wp-content\/uploads\/2022\/04\/4R-VERDE-LANDING-FR.jpg\" \/>\n\t<meta property=\"og:image:width\" content=\"1000\" \/>\n\t<meta property=\"og:image:height\" content=\"1000\" \/>\n\t<meta property=\"og:image:type\" content=\"image\/jpeg\" \/>\n<meta name=\"twitter:card\" content=\"summary_large_image\" \/>\n<meta name=\"twitter:label1\" content=\"Becs\u00fclt olvas\u00e1si id\u0151\" \/>\n\t<meta name=\"twitter:data1\" content=\"3 perc\" \/>\n<script type=\"application\/ld+json\" class=\"yoast-schema-graph\">{\"@context\":\"https:\\\/\\\/schema.org\",\"@graph\":[{\"@type\":\"WebPage\",\"@id\":\"https:\\\/\\\/esemineu.ro\\\/hu\\\/termek\\\/hordozhato-4-soros-cserepkalyha-marvanylappal-7-kw-zold\\\/\",\"url\":\"https:\\\/\\\/esemineu.ro\\\/hu\\\/termek\\\/hordozhato-4-soros-cserepkalyha-marvanylappal-7-kw-zold\\\/\",\"name\":\"Hordozhat\u00f3 4 soros cser\u00e9pk\u00e1lyha, 7 kW, Z\u00f6ld | eSemineu.ro\",\"isPartOf\":{\"@id\":\"https:\\\/\\\/esemineu.ro\\\/hu\\\/#website\"},\"primaryImageOfPage\":{\"@id\":\"https:\\\/\\\/esemineu.ro\\\/hu\\\/termek\\\/hordozhato-4-soros-cserepkalyha-marvanylappal-7-kw-zold\\\/#primaryimage\"},\"image\":{\"@id\":\"https:\\\/\\\/esemineu.ro\\\/hu\\\/termek\\\/hordozhato-4-soros-cserepkalyha-marvanylappal-7-kw-zold\\\/#primaryimage\"},\"thumbnailUrl\":\"https:\\\/\\\/esemineu.ro\\\/wp-content\\\/uploads\\\/2022\\\/04\\\/4R-VERDE-LANDING-FR.jpg\",\"datePublished\":\"2022-04-20T12:32:18+00:00\",\"dateModified\":\"2025-10-28T09:14:22+00:00\",\"description\":\"A hordozhat\u00f3 4 soros cser\u00e9pk\u00e1lyha egy hat\u00e9kony \u00e9s eleg\u00e1ns f\u0171t\u00e9si megold\u00e1s, amely a klasszikus k\u00e1lyh\u00e1k st\u00edlus\u00e1t \u00f6tv\u00f6zi a modern mobilit\u00e1ssal.\",\"breadcrumb\":{\"@id\":\"https:\\\/\\\/esemineu.ro\\\/hu\\\/termek\\\/hordozhato-4-soros-cserepkalyha-marvanylappal-7-kw-zold\\\/#breadcrumb\"},\"inLanguage\":\"hu\",\"potentialAction\":[{\"@type\":\"ReadAction\",\"target\":[\"https:\\\/\\\/esemineu.ro\\\/hu\\\/termek\\\/hordozhato-4-soros-cserepkalyha-marvanylappal-7-kw-zold\\\/\"]}]},{\"@type\":\"ImageObject\",\"inLanguage\":\"hu\",\"@id\":\"https:\\\/\\\/esemineu.ro\\\/hu\\\/termek\\\/hordozhato-4-soros-cserepkalyha-marvanylappal-7-kw-zold\\\/#primaryimage\",\"url\":\"https:\\\/\\\/esemineu.ro\\\/wp-content\\\/uploads\\\/2022\\\/04\\\/4R-VERDE-LANDING-FR.jpg\",\"contentUrl\":\"https:\\\/\\\/esemineu.ro\\\/wp-content\\\/uploads\\\/2022\\\/04\\\/4R-VERDE-LANDING-FR.jpg\",\"width\":1000,\"height\":1000,\"caption\":\"Sob\u0103 de teracot\u0103 Verde cu marmur\u0103 7kW\"},{\"@type\":\"BreadcrumbList\",\"@id\":\"https:\\\/\\\/esemineu.ro\\\/hu\\\/termek\\\/hordozhato-4-soros-cserepkalyha-marvanylappal-7-kw-zold\\\/#breadcrumb\",\"itemListElement\":[{\"@type\":\"ListItem\",\"position\":1,\"name\":\"Kezd\u0151lap\",\"item\":\"https:\\\/\\\/esemineu.ro\\\/hu\\\/\"},{\"@type\":\"ListItem\",\"position\":2,\"name\":\"\u00c1ruh\u00e1z\",\"item\":\"https:\\\/\\\/esemineu.ro\\\/hu\\\/aruhaz\\\/\"},{\"@type\":\"ListItem\",\"position\":3,\"name\":\"Hordozhat\u00f3 4 soros cser\u00e9pk\u00e1lyha, m\u00e1rv\u00e1nylappal, 7 kW, Z\u00f6ld\"}]},{\"@type\":\"WebSite\",\"@id\":\"https:\\\/\\\/esemineu.ro\\\/hu\\\/#website\",\"url\":\"https:\\\/\\\/esemineu.ro\\\/hu\\\/\",\"name\":\"eSemineu\",\"description\":\"\u0218eminee de cea mai \u00eenalt\u0103 calitate\",\"potentialAction\":[{\"@type\":\"SearchAction\",\"target\":{\"@type\":\"EntryPoint\",\"urlTemplate\":\"https:\\\/\\\/esemineu.ro\\\/hu\\\/?s={search_term_string}\"},\"query-input\":{\"@type\":\"PropertyValueSpecification\",\"valueRequired\":true,\"valueName\":\"search_term_string\"}}],\"inLanguage\":\"hu\"}]}<\/script>\n<!-- \/ Yoast SEO Premium plugin. -->","yoast_head_json":{"title":"Hordozhat\u00f3 4 soros cser\u00e9pk\u00e1lyha, 7 kW, Z\u00f6ld | eSemineu.ro","description":"A hordozhat\u00f3 4 soros cser\u00e9pk\u00e1lyha egy hat\u00e9kony \u00e9s eleg\u00e1ns f\u0171t\u00e9si megold\u00e1s, amely a klasszikus k\u00e1lyh\u00e1k st\u00edlus\u00e1t \u00f6tv\u00f6zi a modern mobilit\u00e1ssal.","robots":{"index":"index","follow":"follow","max-snippet":"max-snippet:-1","max-image-preview":"max-image-preview:large","max-video-preview":"max-video-preview:-1"},"canonical":"https:\/\/esemineu.ro\/hu\/termek\/hordozhato-4-soros-cserepkalyha-marvanylappal-7-kw-zold\/","og_locale":"hu_HU","og_type":"article","og_title":"Hordozhat\u00f3 4 soros cser\u00e9pk\u00e1lyha, 7 kW, Z\u00f6ld | eSemineu.ro","og_description":"A hordozhat\u00f3 4 soros cser\u00e9pk\u00e1lyha egy hat\u00e9kony \u00e9s eleg\u00e1ns f\u0171t\u00e9si megold\u00e1s, amely a klasszikus k\u00e1lyh\u00e1k st\u00edlus\u00e1t \u00f6tv\u00f6zi a modern mobilit\u00e1ssal.","og_url":"https:\/\/esemineu.ro\/hu\/termek\/hordozhato-4-soros-cserepkalyha-marvanylappal-7-kw-zold\/","og_site_name":"eSemineu","article_publisher":"https:\/\/web.facebook.com\/eSemineu","article_modified_time":"2025-10-28T09:14:22+00:00","og_image":[{"width":1000,"height":1000,"url":"https:\/\/esemineu.ro\/wp-content\/uploads\/2022\/04\/4R-VERDE-LANDING-FR.jpg","type":"image\/jpeg"}],"twitter_card":"summary_large_image","twitter_misc":{"Becs\u00fclt olvas\u00e1si id\u0151":"3 perc"},"schema":{"@context":"https:\/\/schema.org","@graph":[{"@type":"WebPage","@id":"https:\/\/esemineu.ro\/hu\/termek\/hordozhato-4-soros-cserepkalyha-marvanylappal-7-kw-zold\/","url":"https:\/\/esemineu.ro\/hu\/termek\/hordozhato-4-soros-cserepkalyha-marvanylappal-7-kw-zold\/","name":"Hordozhat\u00f3 4 soros cser\u00e9pk\u00e1lyha, 7 kW, Z\u00f6ld | eSemineu.ro","isPartOf":{"@id":"https:\/\/esemineu.ro\/hu\/#website"},"primaryImageOfPage":{"@id":"https:\/\/esemineu.ro\/hu\/termek\/hordozhato-4-soros-cserepkalyha-marvanylappal-7-kw-zold\/#primaryimage"},"image":{"@id":"https:\/\/esemineu.ro\/hu\/termek\/hordozhato-4-soros-cserepkalyha-marvanylappal-7-kw-zold\/#primaryimage"},"thumbnailUrl":"https:\/\/esemineu.ro\/wp-content\/uploads\/2022\/04\/4R-VERDE-LANDING-FR.jpg","datePublished":"2022-04-20T12:32:18+00:00","dateModified":"2025-10-28T09:14:22+00:00","description":"A hordozhat\u00f3 4 soros cser\u00e9pk\u00e1lyha egy hat\u00e9kony \u00e9s eleg\u00e1ns f\u0171t\u00e9si megold\u00e1s, amely a klasszikus k\u00e1lyh\u00e1k st\u00edlus\u00e1t \u00f6tv\u00f6zi a modern mobilit\u00e1ssal.","breadcrumb":{"@id":"https:\/\/esemineu.ro\/hu\/termek\/hordozhato-4-soros-cserepkalyha-marvanylappal-7-kw-zold\/#breadcrumb"},"inLanguage":"hu","potentialAction":[{"@type":"ReadAction","target":["https:\/\/esemineu.ro\/hu\/termek\/hordozhato-4-soros-cserepkalyha-marvanylappal-7-kw-zold\/"]}]},{"@type":"ImageObject","inLanguage":"hu","@id":"https:\/\/esemineu.ro\/hu\/termek\/hordozhato-4-soros-cserepkalyha-marvanylappal-7-kw-zold\/#primaryimage","url":"https:\/\/esemineu.ro\/wp-content\/uploads\/2022\/04\/4R-VERDE-LANDING-FR.jpg","contentUrl":"https:\/\/esemineu.ro\/wp-content\/uploads\/2022\/04\/4R-VERDE-LANDING-FR.jpg","width":1000,"height":1000,"caption":"Sob\u0103 de teracot\u0103 Verde cu marmur\u0103 7kW"},{"@type":"BreadcrumbList","@id":"https:\/\/esemineu.ro\/hu\/termek\/hordozhato-4-soros-cserepkalyha-marvanylappal-7-kw-zold\/#breadcrumb","itemListElement":[{"@type":"ListItem","position":1,"name":"Kezd\u0151lap","item":"https:\/\/esemineu.ro\/hu\/"},{"@type":"ListItem","position":2,"name":"\u00c1ruh\u00e1z","item":"https:\/\/esemineu.ro\/hu\/aruhaz\/"},{"@type":"ListItem","position":3,"name":"Hordozhat\u00f3 4 soros cser\u00e9pk\u00e1lyha, m\u00e1rv\u00e1nylappal, 7 kW, Z\u00f6ld"}]},{"@type":"WebSite","@id":"https:\/\/esemineu.ro\/hu\/#website","url":"https:\/\/esemineu.ro\/hu\/","name":"eSemineu","description":"\u0218eminee de cea mai \u00eenalt\u0103 calitate","potentialAction":[{"@type":"SearchAction","target":{"@type":"EntryPoint","urlTemplate":"https:\/\/esemineu.ro\/hu\/?s={search_term_string}"},"query-input":{"@type":"PropertyValueSpecification","valueRequired":true,"valueName":"search_term_string"}}],"inLanguage":"hu"}]}},"_links":{"self":[{"href":"https:\/\/esemineu.ro\/hu\/wp-json\/wp\/v2\/product\/4673","targetHints":{"allow":["GET"]}}],"collection":[{"href":"https:\/\/esemineu.ro\/hu\/wp-json\/wp\/v2\/product"}],"about":[{"href":"https:\/\/esemineu.ro\/hu\/wp-json\/wp\/v2\/types\/product"}],"replies":[{"embeddable":true,"href":"https:\/\/esemineu.ro\/hu\/wp-json\/wp\/v2\/comments?post=4673"}],"wp:featuredmedia":[{"embeddable":true,"href":"https:\/\/esemineu.ro\/hu\/wp-json\/wp\/v2\/media\/23463"}],"wp:attachment":[{"href":"https:\/\/esemineu.ro\/hu\/wp-json\/wp\/v2\/media?parent=4673"}],"wp:term":[{"taxonomy":"product_brand","embeddable":true,"href":"https:\/\/esemineu.ro\/hu\/wp-json\/wp\/v2\/product_brand?post=4673"},{"taxonomy":"product_cat","embeddable":true,"href":"https:\/\/esemineu.ro\/hu\/wp-json\/wp\/v2\/product_cat?post=4673"},{"taxonomy":"product_tag","embeddable":true,"href":"https:\/\/esemineu.ro\/hu\/wp-json\/wp\/v2\/product_tag?post=4673"}],"curies":[{"name":"wp","href":"https:\/\/api.w.org\/{rel}","templated":true}]}}