{"id":4671,"date":"2022-05-12T12:36:27","date_gmt":"2022-05-12T09:36:27","guid":{"rendered":"https:\/\/esemineu.ro\/product\/soba-de-teracota-4r-maro-pe-lemne-placa-mistret\/"},"modified":"2025-11-04T16:13:57","modified_gmt":"2025-11-04T14:13:57","slug":"premium-cserepkalyha-4r-barna-vaddiszno-mintazatu-csempe-fatuzelesu-9-8kw","status":"publish","type":"product","link":"https:\/\/esemineu.ro\/hu\/termek\/premium-cserepkalyha-4r-barna-vaddiszno-mintazatu-csempe-fatuzelesu-9-8kw\/","title":{"rendered":"Pr\u00e9mium cser\u00e9pk\u00e1lyha 4R Barna, Vaddiszn\u00f3 mint\u00e1zat\u00fa csempe, fat\u00fczel\u00e9s\u0171 9.8kW"},"content":{"rendered":"<p>Pr\u00e9mium cser\u00e9pk\u00e1kyha 4R Barna<\/p>\n<p>A Pr\u00e9mium cser\u00e9pk\u00e1lyha rendk\u00edv\u00fcli 9.8 kW teljes\u00edtm\u00e9ny\u00e9nek k\u00f6sz\u00f6nhet\u0151en hat\u00e9konyan f\u0171t \u00e9s kellemes h\u0151t biztos\u00edt a helyis\u00e9gben. A k\u00e1lyha magas hat\u00e1sfoka optim\u00e1lisan hasznos\u00edtja a t\u00fczel\u0151anyagb\u00f3l sz\u00e1rmaz\u00f3 h\u0151t, ez\u00e1ltal cs\u00f6kkentve az energiafogyaszt\u00e1st \u00e9s az \u00fczemeltet\u00e9si k\u00f6lts\u00e9geket. Ez a teljes\u00edtm\u00e9nymegad\u00e1s fontos inform\u00e1ci\u00f3 a f\u0171t\u0151eszk\u00f6z\u00f6k eset\u00e9ben, mivel meghat\u00e1rozza, hogy mennyi h\u0151t k\u00e9pes l\u00e9trehozni a k\u00e1lyha, \u00e9s ez\u00e1ltal milyen hat\u00e9konyan f\u0171t egy adott helyis\u00e9get.<\/p>\n<p>A f\u00fcstcs\u0151 m\u00e9rete 120 mm, ami hat\u00e9kony f\u00fcstelvezet\u00e9st eredm\u00e9nyez, \u00e9s biztos\u00edtja a tiszta \u00e9g\u00e9st. A Pr\u00e9mium cser\u00e9pk\u00e1lyha k\u00fcl\u00f6nf\u00e9le t\u00fczel\u0151anyagokkal haszn\u00e1lhat\u00f3, ide\u00e9rtve a brikettet \u00e9s a f\u00e1t is. Ez lehet\u0151v\u00e9 teszi, hogy az egy\u00e9ni preferenci\u00e1khoz \u00e9s ig\u00e9nyekhez igaz\u00edtsa a f\u0171t\u00e9si lehet\u0151s\u00e9get.<\/p>\n<p>A cser\u00e9pk\u00e1lyha anyaga \u00f6ntv\u00e9ny ajt\u00f3kb\u00f3l \u00e9s l\u00e1bakb\u00f3l \u00e1ll, amelyek a kiv\u00e1l\u00f3 min\u0151s\u00e9get \u00e9s a hossz\u00fa \u00e9lettartamot garant\u00e1lj\u00e1k. A Vaddiszn\u00f3 mint\u00e1zat\u00fa csempe egyedi \u00e9s term\u00e9szetk\u00f6zeli megjelen\u00e9st k\u00f6lcs\u00f6n\u00f6z a k\u00e1lyh\u00e1nak, kiemelve annak k\u00fcl\u00f6nlegess\u00e9g\u00e9t \u00e9s eleganci\u00e1j\u00e1t.<\/p>\n<p>A Pr\u00e9mium cser\u00e9pk\u00e1kyha 4R Barna kompakt m\u00e9retei (50,5 cm hossz\u00fas\u00e1g, 40 cm m\u00e9lys\u00e9g \u00e9s 115,5 cm magass\u00e1g) lehet\u0151v\u00e9 teszik a k\u00f6nny\u0171 elhelyez\u00e9st b\u00e1rmely helyis\u00e9gben. A viszonylag alacsony, 220 kg s\u00falya pedig egyszer\u0171 mozgat\u00e1st \u00e9s telep\u00edt\u00e9st tesz lehet\u0151v\u00e9.<\/p>\n<p>A Pr\u00e9mium cser\u00e9pk\u00e1lyha 4R Barna kivitelben a meleg \u00e9s otthonos l\u00e9gk\u00f6r megteremt\u00e9s\u00e9hez j\u00e1rul hozz\u00e1. \u00c9lvezze a term\u00e9szetes f\u0171t\u00e9si megold\u00e1s el\u0151nyeit, \u00e9s tegye otthon\u00e1t m\u00e9g vonz\u00f3bb\u00e1 a Vaddiszn\u00f3 mint\u00e1zat\u00fa csemp\u00e9vel \u00e9s a st\u00edlusos k\u00e1lyh\u00e1val. B\u00edzza mag\u00e1t a Pr\u00e9mium min\u0151s\u00e9g\u00e9re \u00e9s teljes\u00edtm\u00e9ny\u00e9re, \u00e9s \u00e9lvezze a term\u00e9szetes meleget \u00e9s a kifinomult diz\u00e1jnt egyben!<\/p>\n<p>Fontos megjegyezni, hogy a t\u0171zhely hullad\u00e9k \u00e9get\u00e9s\u00e9re nem alkalmas, kiz\u00e1r\u00f3lag f\u0171t\u00e9sre \u00e9s f\u0151z\u00e9sre haszn\u00e1lhat\u00f3. Az ilyen hullad\u00e9k \u00e9get\u00e9sekor a cser\u00e9pk\u00e1lyha f\u00fcstkivezet\u0151 ny\u00edl\u00e1sa k\u00f6nnyen elt\u00f6m\u0151dhet, ez\u00e9rt aj\u00e1nlott kiz\u00e1r\u00f3lag megfelel\u0151 anyagokat \u00e9getni benne.<\/p>\n<h6>Sz\u00e1ll\u00edt\u00e1si hat\u00e1rid\u0151:<\/h6>\n<ul>\n<li><strong>Magyarorsz\u00e1g \u00e9s az eg\u00e9sz Eur\u00f3pai Uni\u00f3 ter\u00fclet\u00e9n<\/strong>\u00a0is sz\u00e1ll\u00edtjuk.<\/li>\n<li>Rom\u00e1ni\u00e1ba 2-3 munkanap alatt sz\u00e1ll\u00edtjuk<\/li>\n<li>Magyarorsz\u00e1gra \u00e9s az EU ter\u00fclet\u00e9re az \u00e1tutal\u00e1s ut\u00e1n 5 munkanapon bel\u00fcl \u00e9rkezik meg a term\u00e9k.<\/li>\n<\/ul>\n<p>Ha b\u00e1rmilyen k\u00e9rd\u00e9se van, k\u00e9rj\u00fck, l\u00e9pjen kapcsolatba vel\u00fcnk.<\/p>\n<p>Tov\u00e1bbi aj\u00e1nlatok\u00e9rt kattintson\u00a0<a href=\"https:\/\/esemineu.ro\/hu\/termek-kategoria\/hordozhato-cserepkalyhak\/\">ide<\/a><\/p>\n<p>T\u0151bb inform\u00e1ci\u00f3\u00e9rt l\u00e1togasson el\u00a0<a href=\"https:\/\/www.youtube.com\/@esemineuromania\">YouTube<\/a>-csatorn\u00e1nkra, valamint\u00a0<a href=\"https:\/\/www.facebook.com\/eSemineu\">Facebook<\/a>\u00a0\u00e9s\u00a0<a href=\"https:\/\/www.instagram.com\/esemineu\/\">Instagram<\/a>\u00a0oldalainkra.<\/p>\n<p><a href=\"https:\/\/esemineu.ro\/\">eSemineu.ro<\/a>\u00a0 \u00a0Te rakod a t\u0171zet mi adjuk a meleget!<\/p>\n","protected":false},"excerpt":{"rendered":"<p>Pr\u00e9mium cser\u00e9pk\u00e1kyha 4R Barna A Pr\u00e9mium cser\u00e9pk\u00e1lyha rendk\u00edv\u00fcli 9.8 kW teljes\u00edtm\u00e9ny\u00e9nek k\u00f6sz\u00f6nhet\u0151en hat\u00e9konyan f\u0171t \u00e9s kellemes h\u0151t biztos\u00edt a helyis\u00e9gben. A k\u00e1lyha magas hat\u00e1sfoka optim\u00e1lisan hasznos\u00edtja a t\u00fczel\u0151anyagb\u00f3l sz\u00e1rmaz\u00f3 h\u0151t, ez\u00e1ltal cs\u00f6kkentve az energiafogyaszt\u00e1st \u00e9s az \u00fczemeltet\u00e9si k\u00f6lts\u00e9geket. Ez a teljes\u00edtm\u00e9nymegad\u00e1s fontos inform\u00e1ci\u00f3 a f\u0171t\u0151eszk\u00f6z\u00f6k eset\u00e9ben, mivel meghat\u00e1rozza, hogy mennyi h\u0151t k\u00e9pes l\u00e9trehozni a k\u00e1lyha, \u00e9s ez\u00e1ltal milyen hat\u00e9konyan f\u0171t egy adott helyis\u00e9get. A f\u00fcstcs\u0151 m\u00e9rete 120 mm, ami hat\u00e9kony f\u00fcstelvezet\u00e9st eredm\u00e9nyez, \u00e9s biztos\u00edtja a tiszta \u00e9g\u00e9st. A Pr\u00e9mium cser\u00e9pk\u00e1lyha k\u00fcl\u00f6nf\u00e9le t\u00fczel\u0151anyagokkal haszn\u00e1lhat\u00f3, ide\u00e9rtve a brikettet \u00e9s a f\u00e1t is. Ez lehet\u0151v\u00e9 teszi, hogy az egy\u00e9ni preferenci\u00e1khoz \u00e9s ig\u00e9nyekhez igaz\u00edtsa a f\u0171t\u00e9si lehet\u0151s\u00e9get. A cser\u00e9pk\u00e1lyha anyaga \u00f6ntv\u00e9ny ajt\u00f3kb\u00f3l \u00e9s l\u00e1bakb\u00f3l \u00e1ll, amelyek a kiv\u00e1l\u00f3 min\u0151s\u00e9get \u00e9s a hossz\u00fa \u00e9lettartamot garant\u00e1lj\u00e1k. A Vaddiszn\u00f3 mint\u00e1zat\u00fa csempe egyedi \u00e9s term\u00e9szetk\u00f6zeli megjelen\u00e9st k\u00f6lcs\u00f6n\u00f6z a k\u00e1lyh\u00e1nak, kiemelve annak k\u00fcl\u00f6nlegess\u00e9g\u00e9t \u00e9s eleganci\u00e1j\u00e1t. A Pr\u00e9mium cser\u00e9pk\u00e1kyha 4R Barna kompakt m\u00e9retei (50,5 cm hossz\u00fas\u00e1g, 40 cm m\u00e9lys\u00e9g \u00e9s &hellip; <a href=\"https:\/\/esemineu.ro\/hu\/termek\/premium-cserepkalyha-4r-barna-vaddiszno-mintazatu-csempe-fatuzelesu-9-8kw\/\">Folytatva<\/a><\/p>\n","protected":false},"featured_media":22912,"comment_status":"open","ping_status":"closed","template":"","meta":[],"product_brand":[706],"product_cat":[729,1680],"product_tag":[],"class_list":{"0":"post-4671","1":"product","2":"type-product","3":"status-publish","4":"has-post-thumbnail","6":"product_brand-esemineu-premium","7":"product_cat-hordozhato-cserepkalyhak","8":"product_cat-melegito","9":"product_shipping_class-csempekalyhak","10":"pa_combustibil-utilizat-brikett","11":"pa_combustibil-utilizat-fa","12":"pa_culoare-barna","13":"pa_diametru-racordului-la-cos-120-mm-hu","14":"pa_material-teracota-hu","15":"pa_material-ontotvas-ajto-hoallo-uveggel","16":"pa_material-ontveny-fozolap","17":"pa_material-ontveny-labak","18":"pa_model-4-soros-melegito-acel-keretben-hu","19":"pa_putere-9-8-kw-hu","20":"pa_randament-905-hu","21":"pa_suprafata-incalzita-mp-50-54-hu","22":"producer-soberom","24":"first","25":"instock","26":"shipping-taxable","27":"purchasable","28":"product-type-simple"},"acf":[],"yoast_head":"<!-- This site is optimized with the Yoast SEO Premium plugin v21.0 (Yoast SEO v27.3) - https:\/\/yoast.com\/product\/yoast-seo-premium-wordpress\/ -->\n<title>Pr\u00e9mium cser\u00e9pk\u00e1kyha 4R Barna | Kandall\u00f3 t\u00edpus\u00fa cser\u00e9pk\u00e1lyha<\/title>\n<meta name=\"description\" content=\"Pr\u00e9mium cser\u00e9pk\u00e1kyha 4R Barna, vaddiszn\u00f3 mint\u00e1s cser\u00e9pk\u00e1lyha \u00f6nt\u00f6ttvas ajt\u00f3kkal \u00e9s h\u0151\u00e1ll\u00f3 \u00fcveggel. | eSemineu.ro | Te rakod a t\u00fczet, mi adjuk a meleget.\" \/>\n<meta name=\"robots\" content=\"index, follow, max-snippet:-1, max-image-preview:large, max-video-preview:-1\" \/>\n<link rel=\"canonical\" href=\"https:\/\/esemineu.ro\/hu\/termek\/premium-cserepkalyha-4r-barna-vaddiszno-mintazatu-csempe-fatuzelesu-9-8kw\/\" \/>\n<meta property=\"og:locale\" content=\"hu_HU\" \/>\n<meta property=\"og:type\" content=\"article\" \/>\n<meta property=\"og:title\" content=\"Pr\u00e9mium cser\u00e9pk\u00e1kyha 4R Barna | Kandall\u00f3 t\u00edpus\u00fa cser\u00e9pk\u00e1lyha\" \/>\n<meta property=\"og:description\" content=\"Pr\u00e9mium cser\u00e9pk\u00e1kyha 4R Barna, vaddiszn\u00f3 mint\u00e1s cser\u00e9pk\u00e1lyha \u00f6nt\u00f6ttvas ajt\u00f3kkal \u00e9s h\u0151\u00e1ll\u00f3 \u00fcveggel. | eSemineu.ro | Te rakod a t\u00fczet, mi adjuk a meleget.\" \/>\n<meta property=\"og:url\" content=\"https:\/\/esemineu.ro\/hu\/termek\/premium-cserepkalyha-4r-barna-vaddiszno-mintazatu-csempe-fatuzelesu-9-8kw\/\" \/>\n<meta property=\"og:site_name\" content=\"eSemineu\" \/>\n<meta property=\"article:publisher\" content=\"https:\/\/web.facebook.com\/eSemineu\" \/>\n<meta property=\"article:modified_time\" content=\"2025-11-04T14:13:57+00:00\" \/>\n<meta property=\"og:image\" content=\"https:\/\/esemineu.ro\/wp-content\/uploads\/2022\/05\/4R-PLACA-MISTRET-LANDING-FR.jpg\" \/>\n\t<meta property=\"og:image:width\" content=\"1000\" \/>\n\t<meta property=\"og:image:height\" content=\"1000\" \/>\n\t<meta property=\"og:image:type\" content=\"image\/jpeg\" \/>\n<meta name=\"twitter:card\" content=\"summary_large_image\" \/>\n<meta name=\"twitter:label1\" content=\"Becs\u00fclt olvas\u00e1si id\u0151\" \/>\n\t<meta name=\"twitter:data1\" content=\"3 perc\" \/>\n<script type=\"application\/ld+json\" class=\"yoast-schema-graph\">{\"@context\":\"https:\\\/\\\/schema.org\",\"@graph\":[{\"@type\":\"WebPage\",\"@id\":\"https:\\\/\\\/esemineu.ro\\\/hu\\\/termek\\\/premium-cserepkalyha-4r-barna-vaddiszno-mintazatu-csempe-fatuzelesu-9-8kw\\\/\",\"url\":\"https:\\\/\\\/esemineu.ro\\\/hu\\\/termek\\\/premium-cserepkalyha-4r-barna-vaddiszno-mintazatu-csempe-fatuzelesu-9-8kw\\\/\",\"name\":\"Pr\u00e9mium cser\u00e9pk\u00e1kyha 4R Barna | Kandall\u00f3 t\u00edpus\u00fa cser\u00e9pk\u00e1lyha\",\"isPartOf\":{\"@id\":\"https:\\\/\\\/esemineu.ro\\\/hu\\\/#website\"},\"primaryImageOfPage\":{\"@id\":\"https:\\\/\\\/esemineu.ro\\\/hu\\\/termek\\\/premium-cserepkalyha-4r-barna-vaddiszno-mintazatu-csempe-fatuzelesu-9-8kw\\\/#primaryimage\"},\"image\":{\"@id\":\"https:\\\/\\\/esemineu.ro\\\/hu\\\/termek\\\/premium-cserepkalyha-4r-barna-vaddiszno-mintazatu-csempe-fatuzelesu-9-8kw\\\/#primaryimage\"},\"thumbnailUrl\":\"https:\\\/\\\/esemineu.ro\\\/wp-content\\\/uploads\\\/2022\\\/05\\\/4R-PLACA-MISTRET-LANDING-FR.jpg\",\"datePublished\":\"2022-05-12T09:36:27+00:00\",\"dateModified\":\"2025-11-04T14:13:57+00:00\",\"description\":\"Pr\u00e9mium cser\u00e9pk\u00e1kyha 4R Barna, vaddiszn\u00f3 mint\u00e1s cser\u00e9pk\u00e1lyha \u00f6nt\u00f6ttvas ajt\u00f3kkal \u00e9s h\u0151\u00e1ll\u00f3 \u00fcveggel. | eSemineu.ro | Te rakod a t\u00fczet, mi adjuk a meleget.\",\"breadcrumb\":{\"@id\":\"https:\\\/\\\/esemineu.ro\\\/hu\\\/termek\\\/premium-cserepkalyha-4r-barna-vaddiszno-mintazatu-csempe-fatuzelesu-9-8kw\\\/#breadcrumb\"},\"inLanguage\":\"hu\",\"potentialAction\":[{\"@type\":\"ReadAction\",\"target\":[\"https:\\\/\\\/esemineu.ro\\\/hu\\\/termek\\\/premium-cserepkalyha-4r-barna-vaddiszno-mintazatu-csempe-fatuzelesu-9-8kw\\\/\"]}]},{\"@type\":\"ImageObject\",\"inLanguage\":\"hu\",\"@id\":\"https:\\\/\\\/esemineu.ro\\\/hu\\\/termek\\\/premium-cserepkalyha-4r-barna-vaddiszno-mintazatu-csempe-fatuzelesu-9-8kw\\\/#primaryimage\",\"url\":\"https:\\\/\\\/esemineu.ro\\\/wp-content\\\/uploads\\\/2022\\\/05\\\/4R-PLACA-MISTRET-LANDING-FR.jpg\",\"contentUrl\":\"https:\\\/\\\/esemineu.ro\\\/wp-content\\\/uploads\\\/2022\\\/05\\\/4R-PLACA-MISTRET-LANDING-FR.jpg\",\"width\":1000,\"height\":1000,\"caption\":\"Sob\u0103 de teracot\u0103 Maro Premium 4R\"},{\"@type\":\"BreadcrumbList\",\"@id\":\"https:\\\/\\\/esemineu.ro\\\/hu\\\/termek\\\/premium-cserepkalyha-4r-barna-vaddiszno-mintazatu-csempe-fatuzelesu-9-8kw\\\/#breadcrumb\",\"itemListElement\":[{\"@type\":\"ListItem\",\"position\":1,\"name\":\"Kezd\u0151lap\",\"item\":\"https:\\\/\\\/esemineu.ro\\\/hu\\\/\"},{\"@type\":\"ListItem\",\"position\":2,\"name\":\"\u00c1ruh\u00e1z\",\"item\":\"https:\\\/\\\/esemineu.ro\\\/hu\\\/aruhaz\\\/\"},{\"@type\":\"ListItem\",\"position\":3,\"name\":\"Pr\u00e9mium cser\u00e9pk\u00e1lyha 4R Barna, Vaddiszn\u00f3 mint\u00e1zat\u00fa csempe, fat\u00fczel\u00e9s\u0171 9.8kW\"}]},{\"@type\":\"WebSite\",\"@id\":\"https:\\\/\\\/esemineu.ro\\\/hu\\\/#website\",\"url\":\"https:\\\/\\\/esemineu.ro\\\/hu\\\/\",\"name\":\"eSemineu\",\"description\":\"\u0218eminee de cea mai \u00eenalt\u0103 calitate\",\"potentialAction\":[{\"@type\":\"SearchAction\",\"target\":{\"@type\":\"EntryPoint\",\"urlTemplate\":\"https:\\\/\\\/esemineu.ro\\\/hu\\\/?s={search_term_string}\"},\"query-input\":{\"@type\":\"PropertyValueSpecification\",\"valueRequired\":true,\"valueName\":\"search_term_string\"}}],\"inLanguage\":\"hu\"}]}<\/script>\n<!-- \/ Yoast SEO Premium plugin. -->","yoast_head_json":{"title":"Pr\u00e9mium cser\u00e9pk\u00e1kyha 4R Barna | Kandall\u00f3 t\u00edpus\u00fa cser\u00e9pk\u00e1lyha","description":"Pr\u00e9mium cser\u00e9pk\u00e1kyha 4R Barna, vaddiszn\u00f3 mint\u00e1s cser\u00e9pk\u00e1lyha \u00f6nt\u00f6ttvas ajt\u00f3kkal \u00e9s h\u0151\u00e1ll\u00f3 \u00fcveggel. | eSemineu.ro | Te rakod a t\u00fczet, mi adjuk a meleget.","robots":{"index":"index","follow":"follow","max-snippet":"max-snippet:-1","max-image-preview":"max-image-preview:large","max-video-preview":"max-video-preview:-1"},"canonical":"https:\/\/esemineu.ro\/hu\/termek\/premium-cserepkalyha-4r-barna-vaddiszno-mintazatu-csempe-fatuzelesu-9-8kw\/","og_locale":"hu_HU","og_type":"article","og_title":"Pr\u00e9mium cser\u00e9pk\u00e1kyha 4R Barna | Kandall\u00f3 t\u00edpus\u00fa cser\u00e9pk\u00e1lyha","og_description":"Pr\u00e9mium cser\u00e9pk\u00e1kyha 4R Barna, vaddiszn\u00f3 mint\u00e1s cser\u00e9pk\u00e1lyha \u00f6nt\u00f6ttvas ajt\u00f3kkal \u00e9s h\u0151\u00e1ll\u00f3 \u00fcveggel. | eSemineu.ro | Te rakod a t\u00fczet, mi adjuk a meleget.","og_url":"https:\/\/esemineu.ro\/hu\/termek\/premium-cserepkalyha-4r-barna-vaddiszno-mintazatu-csempe-fatuzelesu-9-8kw\/","og_site_name":"eSemineu","article_publisher":"https:\/\/web.facebook.com\/eSemineu","article_modified_time":"2025-11-04T14:13:57+00:00","og_image":[{"width":1000,"height":1000,"url":"https:\/\/esemineu.ro\/wp-content\/uploads\/2022\/05\/4R-PLACA-MISTRET-LANDING-FR.jpg","type":"image\/jpeg"}],"twitter_card":"summary_large_image","twitter_misc":{"Becs\u00fclt olvas\u00e1si id\u0151":"3 perc"},"schema":{"@context":"https:\/\/schema.org","@graph":[{"@type":"WebPage","@id":"https:\/\/esemineu.ro\/hu\/termek\/premium-cserepkalyha-4r-barna-vaddiszno-mintazatu-csempe-fatuzelesu-9-8kw\/","url":"https:\/\/esemineu.ro\/hu\/termek\/premium-cserepkalyha-4r-barna-vaddiszno-mintazatu-csempe-fatuzelesu-9-8kw\/","name":"Pr\u00e9mium cser\u00e9pk\u00e1kyha 4R Barna | Kandall\u00f3 t\u00edpus\u00fa cser\u00e9pk\u00e1lyha","isPartOf":{"@id":"https:\/\/esemineu.ro\/hu\/#website"},"primaryImageOfPage":{"@id":"https:\/\/esemineu.ro\/hu\/termek\/premium-cserepkalyha-4r-barna-vaddiszno-mintazatu-csempe-fatuzelesu-9-8kw\/#primaryimage"},"image":{"@id":"https:\/\/esemineu.ro\/hu\/termek\/premium-cserepkalyha-4r-barna-vaddiszno-mintazatu-csempe-fatuzelesu-9-8kw\/#primaryimage"},"thumbnailUrl":"https:\/\/esemineu.ro\/wp-content\/uploads\/2022\/05\/4R-PLACA-MISTRET-LANDING-FR.jpg","datePublished":"2022-05-12T09:36:27+00:00","dateModified":"2025-11-04T14:13:57+00:00","description":"Pr\u00e9mium cser\u00e9pk\u00e1kyha 4R Barna, vaddiszn\u00f3 mint\u00e1s cser\u00e9pk\u00e1lyha \u00f6nt\u00f6ttvas ajt\u00f3kkal \u00e9s h\u0151\u00e1ll\u00f3 \u00fcveggel. | eSemineu.ro | Te rakod a t\u00fczet, mi adjuk a meleget.","breadcrumb":{"@id":"https:\/\/esemineu.ro\/hu\/termek\/premium-cserepkalyha-4r-barna-vaddiszno-mintazatu-csempe-fatuzelesu-9-8kw\/#breadcrumb"},"inLanguage":"hu","potentialAction":[{"@type":"ReadAction","target":["https:\/\/esemineu.ro\/hu\/termek\/premium-cserepkalyha-4r-barna-vaddiszno-mintazatu-csempe-fatuzelesu-9-8kw\/"]}]},{"@type":"ImageObject","inLanguage":"hu","@id":"https:\/\/esemineu.ro\/hu\/termek\/premium-cserepkalyha-4r-barna-vaddiszno-mintazatu-csempe-fatuzelesu-9-8kw\/#primaryimage","url":"https:\/\/esemineu.ro\/wp-content\/uploads\/2022\/05\/4R-PLACA-MISTRET-LANDING-FR.jpg","contentUrl":"https:\/\/esemineu.ro\/wp-content\/uploads\/2022\/05\/4R-PLACA-MISTRET-LANDING-FR.jpg","width":1000,"height":1000,"caption":"Sob\u0103 de teracot\u0103 Maro Premium 4R"},{"@type":"BreadcrumbList","@id":"https:\/\/esemineu.ro\/hu\/termek\/premium-cserepkalyha-4r-barna-vaddiszno-mintazatu-csempe-fatuzelesu-9-8kw\/#breadcrumb","itemListElement":[{"@type":"ListItem","position":1,"name":"Kezd\u0151lap","item":"https:\/\/esemineu.ro\/hu\/"},{"@type":"ListItem","position":2,"name":"\u00c1ruh\u00e1z","item":"https:\/\/esemineu.ro\/hu\/aruhaz\/"},{"@type":"ListItem","position":3,"name":"Pr\u00e9mium cser\u00e9pk\u00e1lyha 4R Barna, Vaddiszn\u00f3 mint\u00e1zat\u00fa csempe, fat\u00fczel\u00e9s\u0171 9.8kW"}]},{"@type":"WebSite","@id":"https:\/\/esemineu.ro\/hu\/#website","url":"https:\/\/esemineu.ro\/hu\/","name":"eSemineu","description":"\u0218eminee de cea mai \u00eenalt\u0103 calitate","potentialAction":[{"@type":"SearchAction","target":{"@type":"EntryPoint","urlTemplate":"https:\/\/esemineu.ro\/hu\/?s={search_term_string}"},"query-input":{"@type":"PropertyValueSpecification","valueRequired":true,"valueName":"search_term_string"}}],"inLanguage":"hu"}]}},"_links":{"self":[{"href":"https:\/\/esemineu.ro\/hu\/wp-json\/wp\/v2\/product\/4671","targetHints":{"allow":["GET"]}}],"collection":[{"href":"https:\/\/esemineu.ro\/hu\/wp-json\/wp\/v2\/product"}],"about":[{"href":"https:\/\/esemineu.ro\/hu\/wp-json\/wp\/v2\/types\/product"}],"replies":[{"embeddable":true,"href":"https:\/\/esemineu.ro\/hu\/wp-json\/wp\/v2\/comments?post=4671"}],"wp:featuredmedia":[{"embeddable":true,"href":"https:\/\/esemineu.ro\/hu\/wp-json\/wp\/v2\/media\/22912"}],"wp:attachment":[{"href":"https:\/\/esemineu.ro\/hu\/wp-json\/wp\/v2\/media?parent=4671"}],"wp:term":[{"taxonomy":"product_brand","embeddable":true,"href":"https:\/\/esemineu.ro\/hu\/wp-json\/wp\/v2\/product_brand?post=4671"},{"taxonomy":"product_cat","embeddable":true,"href":"https:\/\/esemineu.ro\/hu\/wp-json\/wp\/v2\/product_cat?post=4671"},{"taxonomy":"product_tag","embeddable":true,"href":"https:\/\/esemineu.ro\/hu\/wp-json\/wp\/v2\/product_tag?post=4671"}],"curies":[{"name":"wp","href":"https:\/\/api.w.org\/{rel}","templated":true}]}}