{"id":4664,"date":"2022-05-24T12:27:26","date_gmt":"2022-05-24T09:27:26","guid":{"rendered":"https:\/\/esemineu.ro\/product\/soba-teracota-crem-rustic-3r-de-incalzit-pe-lemne-cu-plita-5kw\/"},"modified":"2026-03-06T13:50:50","modified_gmt":"2026-03-06T11:50:50","slug":"3-soros-melegito-cserepkalyha-krem-rusztik-uveg-ajtos-5kw","status":"publish","type":"product","link":"https:\/\/esemineu.ro\/hu\/termek\/3-soros-melegito-cserepkalyha-krem-rusztik-uveg-ajtos-5kw\/","title":{"rendered":"3 Soros Melegit\u0151 cser\u00e9pk\u00e1lyha Kr\u00e9m\/Rusztik, \u00fcveg ajt\u00f3s 5kW"},"content":{"rendered":"<p>3 Soros Melegit\u0151 cser\u00e9pk\u00e1lyha Kr\u00e9m\/Rusztik<\/p>\n<p>A 3 Soros Meleg\u00edt\u0151 Cser\u00e9pk\u00e1lyha egy leny\u0171g\u00f6z\u0151 f\u0171t\u0151berendez\u00e9s, mely kiv\u00e1l\u00f3 v\u00e1laszt\u00e1s az otthonok \u00e9s h\u00e1zak meleg\u00e9nek biztos\u00edt\u00e1s\u00e1hoz. A k\u00e1lyha st\u00edlusos \u00e9s letisztult megjelen\u00e9ssel rendelkezik, mely harmonikusan illeszkedik b\u00e1rmilyen enteri\u0151rbe. A kr\u00e9m\/rusztik sz\u00ednkombin\u00e1ci\u00f3 k\u00fcl\u00f6nleges eleganci\u00e1t \u00e9s meghitts\u00e9get k\u00f6lcs\u00f6n\u00f6z a t\u00e9rnek.<\/p>\n<p>Ez a 3 Soros Melegit\u0151 cser\u00e9pk\u00e1lyha Kr\u00e9m\/Rusztik rendk\u00edv\u00fcl hat\u00e9kony \u00e9s er\u0151s teljes\u00edtm\u00e9nnyel b\u00edr, hiszen 5 kW-os f\u0171t\u0151kapacit\u00e1sa r\u00e9v\u00e9n k\u00e9pes melegen tartani ak\u00e1r egy k\u00f6zepes m\u00e9ret\u0171 szob\u00e1t vagy helyis\u00e9get. A 120 mm-es f\u00fcstcs\u0151 seg\u00edt hat\u00e9konyan elt\u00e1vol\u00edtani a f\u00fcst\u00f6t \u00e9s a k\u00e1ros anyagokat, ami\u00e9rt a t\u00fczel\u0151anyagk\u00e9nt haszn\u00e1lt brikett \u00e9s fa ide\u00e1lis v\u00e1laszt\u00e1s.<\/p>\n<p>A k\u00e1lyha f\u0151z\u0151lappal is ell\u00e1tott, \u00edgy lehet\u0151s\u00e9ge ny\u00edlik az \u00e9tel elk\u00e9sz\u00edt\u00e9s\u00e9re is, ami k\u00fcl\u00f6n\u00f6sen praktikus \u00e9s id\u0151takar\u00e9kos megold\u00e1s lehet a hidegebb napokon. Az ac\u00e9l l\u00e1bak \u00e9s az \u00f6ntv\u00e9ny ajt\u00f3k garant\u00e1lj\u00e1k a k\u00e1lyha stabilit\u00e1s\u00e1t \u00e9s tart\u00f3ss\u00e1g\u00e1t.<\/p>\n<p>A 470 mm hossz\u00fas\u00e1g \u00e9s sz\u00e9less\u00e9g, valamint az 840 mm magass\u00e1g lehet\u0151v\u00e9 teszi, hogy a k\u00e1lyha k\u00e9nyelmesen elf\u00e9rjen a szob\u00e1ban, an\u00e9lk\u00fcl, hogy t\u00fal sok helyet foglalna el. A 170 kg-os s\u00faly\u00e1nak k\u00f6sz\u00f6nhet\u0151en stabil \u00e9s biztons\u00e1gos haszn\u00e1latot ny\u00fajt.<\/p>\n<p>Ha olyan f\u0171t\u00e9si megold\u00e1st keres, ami kiv\u00e1l\u00f3 min\u0151s\u00e9g\u0171 anyagokb\u00f3l k\u00e9sz\u00fclt, st\u00edlusos \u00e9s hat\u00e9kony, akkor a 3 Soros Meleg\u00edt\u0151 Cser\u00e9pk\u00e1lyha t\u00f6k\u00e9letes v\u00e1laszt\u00e1s lehet az \u00d6n otthon\u00e1ba. \u00c9lvezze a melegs\u00e9get \u00e9s a meghitts\u00e9get, amit ez a kiv\u00e1l\u00f3 min\u0151s\u00e9g\u0171 cser\u00e9pk\u00e1lyha ny\u00fajt \u00d6nnek \u00e9s csal\u00e1dj\u00e1nak a hideg t\u00e9li napokon!<\/p>\n<p>Fontos megjegyezni, hogy a t\u0171zhely hullad\u00e9k \u00e9get\u00e9s\u00e9re nem alkalmas, kiz\u00e1r\u00f3lag f\u0171t\u00e9sre \u00e9s f\u0151z\u00e9sre haszn\u00e1lhat\u00f3. Az ilyen hullad\u00e9k \u00e9get\u00e9sekor a cser\u00e9pk\u00e1lyha f\u00fcstkivezet\u0151 ny\u00edl\u00e1sa k\u00f6nnyen elt\u00f6m\u0151dhet, ez\u00e9rt aj\u00e1nlott kiz\u00e1r\u00f3lag megfelel\u0151 anyagokat \u00e9getni benne.<\/p>\n<h6>Sz\u00e1ll\u00edt\u00e1si hat\u00e1rid\u0151:<\/h6>\n<ul>\n<li><strong>Magyarorsz\u00e1g \u00e9s az eg\u00e9sz Eur\u00f3pai Uni\u00f3 ter\u00fclet\u00e9n<\/strong>\u00a0is sz\u00e1ll\u00edtjuk.<\/li>\n<li>Rom\u00e1ni\u00e1ba 2-3 munkanap alatt sz\u00e1ll\u00edtjuk<\/li>\n<li>Magyarorsz\u00e1gra \u00e9s az EU ter\u00fclet\u00e9re az \u00e1tutal\u00e1s ut\u00e1n 5 munkanapon bel\u00fcl \u00e9rkezik meg a term\u00e9k.<\/li>\n<\/ul>\n<p>Ha b\u00e1rmilyen k\u00e9rd\u00e9se van, k\u00e9rj\u00fck, l\u00e9pjen kapcsolatba vel\u00fcnk.<\/p>\n<p>Tov\u00e1bbi aj\u00e1nlatok\u00e9rt kattintson\u00a0<a href=\"https:\/\/esemineu.ro\/hu\/termek-kategoria\/hordozhato-cserepkalyhak\/\">ide<\/a><\/p>\n<p>T\u00f6bb inform\u00e1ci\u00f3\u00e9rt l\u00e1togasson el <a href=\"https:\/\/www.youtube.com\/@esemineuromania\">YouTube<\/a>-csatorn\u00e1nkra, valamint\u00a0<a href=\"https:\/\/www.facebook.com\/eSemineu\">Facebook<\/a>\u00a0\u00e9s\u00a0<a href=\"https:\/\/www.instagram.com\/esemineu\/\">Instagram<\/a>\u00a0oldalainkra.<\/p>\n<p><a href=\"https:\/\/esemineu.ro\/\">eSemineu.ro<\/a>\u00a0 \u00a0Te rakod a t\u00fczet, mi adjuk a meleget!<\/p>\n","protected":false},"excerpt":{"rendered":"<p>3 Soros Melegit\u0151 cser\u00e9pk\u00e1lyha Kr\u00e9m\/Rusztik A 3 Soros Meleg\u00edt\u0151 Cser\u00e9pk\u00e1lyha egy leny\u0171g\u00f6z\u0151 f\u0171t\u0151berendez\u00e9s, mely kiv\u00e1l\u00f3 v\u00e1laszt\u00e1s az otthonok \u00e9s h\u00e1zak meleg\u00e9nek biztos\u00edt\u00e1s\u00e1hoz. A k\u00e1lyha st\u00edlusos \u00e9s letisztult megjelen\u00e9ssel rendelkezik, mely harmonikusan illeszkedik b\u00e1rmilyen enteri\u0151rbe. A kr\u00e9m\/rusztik sz\u00ednkombin\u00e1ci\u00f3 k\u00fcl\u00f6nleges eleganci\u00e1t \u00e9s meghitts\u00e9get k\u00f6lcs\u00f6n\u00f6z a t\u00e9rnek. Ez a 3 Soros Melegit\u0151 cser\u00e9pk\u00e1lyha Kr\u00e9m\/Rusztik rendk\u00edv\u00fcl hat\u00e9kony \u00e9s er\u0151s teljes\u00edtm\u00e9nnyel b\u00edr, hiszen 5 kW-os f\u0171t\u0151kapacit\u00e1sa r\u00e9v\u00e9n k\u00e9pes melegen tartani ak\u00e1r egy k\u00f6zepes m\u00e9ret\u0171 szob\u00e1t vagy helyis\u00e9get. A 120 mm-es f\u00fcstcs\u0151 seg\u00edt hat\u00e9konyan elt\u00e1vol\u00edtani a f\u00fcst\u00f6t \u00e9s a k\u00e1ros anyagokat, ami\u00e9rt a t\u00fczel\u0151anyagk\u00e9nt haszn\u00e1lt brikett \u00e9s fa ide\u00e1lis v\u00e1laszt\u00e1s. A k\u00e1lyha f\u0151z\u0151lappal is ell\u00e1tott, \u00edgy lehet\u0151s\u00e9ge ny\u00edlik az \u00e9tel elk\u00e9sz\u00edt\u00e9s\u00e9re is, ami k\u00fcl\u00f6n\u00f6sen praktikus \u00e9s id\u0151takar\u00e9kos megold\u00e1s lehet a hidegebb napokon. Az ac\u00e9l l\u00e1bak \u00e9s az \u00f6ntv\u00e9ny ajt\u00f3k garant\u00e1lj\u00e1k a k\u00e1lyha stabilit\u00e1s\u00e1t \u00e9s tart\u00f3ss\u00e1g\u00e1t. A 470 mm hossz\u00fas\u00e1g \u00e9s sz\u00e9less\u00e9g, valamint az 840 mm magass\u00e1g lehet\u0151v\u00e9 teszi, hogy a k\u00e1lyha k\u00e9nyelmesen elf\u00e9rjen a szob\u00e1ban, an\u00e9lk\u00fcl, &hellip; <a href=\"https:\/\/esemineu.ro\/hu\/termek\/3-soros-melegito-cserepkalyha-krem-rusztik-uveg-ajtos-5kw\/\">Folytatva<\/a><\/p>\n","protected":false},"featured_media":23021,"comment_status":"open","ping_status":"closed","template":"","meta":[],"product_brand":[695],"product_cat":[729,1680],"product_tag":[],"class_list":{"0":"post-4664","1":"product","2":"type-product","3":"status-publish","4":"has-post-thumbnail","6":"product_brand-esemineu","7":"product_cat-hordozhato-cserepkalyhak","8":"product_cat-melegito","9":"product_shipping_class-csempekalyhak","10":"pa_combustibil-utilizat-brikett","11":"pa_combustibil-utilizat-tuzifa-hu","12":"pa_culoare-krem-bezs","13":"pa_diametru-racordului-la-cos-120-mm-hu","14":"pa_material-teracota-hu","15":"pa_material-ontotvas-ajto-hoallo-uveggel","16":"pa_material-ontveny-fozolap","17":"pa_material-ontveny-labak","18":"pa_model-3-soros-melegito-hu","19":"pa_putere-5-kw-hu","20":"pa_randament-80-hu","21":"pa_suprafata-incalzita-mp-10-25-hu","22":"producer-soberom","24":"first","25":"instock","26":"shipping-taxable","27":"purchasable","28":"product-type-simple"},"acf":[],"yoast_head":"<!-- This site is optimized with the Yoast SEO Premium plugin v21.0 (Yoast SEO v27.3) - https:\/\/yoast.com\/product\/yoast-seo-premium-wordpress\/ -->\n<title>3 Soros Melegit\u0151 cser\u00e9pk\u00e1lyha Kr\u00e9m\/Rusztik | eSemineu.ro<\/title>\n<meta name=\"description\" content=\"3 Soros Melegit\u0151 cser\u00e9pk\u00e1lyha Kr\u00e9m\/Rusztik. St\u00edlusos \u00e9s hat\u00e9kony f\u0171t\u0151berendez\u00e9s, amely ide\u00e1lis v\u00e1laszt\u00e1s az otthon\u00e1ba. | eSemineu.ro\" \/>\n<meta name=\"robots\" content=\"index, follow, max-snippet:-1, max-image-preview:large, max-video-preview:-1\" \/>\n<link rel=\"canonical\" href=\"https:\/\/esemineu.ro\/hu\/termek\/3-soros-melegito-cserepkalyha-krem-rusztik-uveg-ajtos-5kw\/\" \/>\n<meta property=\"og:locale\" content=\"hu_HU\" \/>\n<meta property=\"og:type\" content=\"article\" \/>\n<meta property=\"og:title\" content=\"3 Soros Melegit\u0151 cser\u00e9pk\u00e1lyha Kr\u00e9m\/Rusztik | eSemineu.ro\" \/>\n<meta property=\"og:description\" content=\"3 Soros Melegit\u0151 cser\u00e9pk\u00e1lyha Kr\u00e9m\/Rusztik. St\u00edlusos \u00e9s hat\u00e9kony f\u0171t\u0151berendez\u00e9s, amely ide\u00e1lis v\u00e1laszt\u00e1s az otthon\u00e1ba. | eSemineu.ro\" \/>\n<meta property=\"og:url\" content=\"https:\/\/esemineu.ro\/hu\/termek\/3-soros-melegito-cserepkalyha-krem-rusztik-uveg-ajtos-5kw\/\" \/>\n<meta property=\"og:site_name\" content=\"eSemineu\" \/>\n<meta property=\"article:publisher\" content=\"https:\/\/web.facebook.com\/eSemineu\" \/>\n<meta property=\"article:modified_time\" content=\"2026-03-06T11:50:50+00:00\" \/>\n<meta property=\"og:image\" content=\"https:\/\/esemineu.ro\/wp-content\/uploads\/2022\/05\/3R-SB-CREM-RUSTIC-LANDING-FR.jpg\" \/>\n\t<meta property=\"og:image:width\" content=\"1000\" \/>\n\t<meta property=\"og:image:height\" content=\"1000\" \/>\n\t<meta property=\"og:image:type\" content=\"image\/jpeg\" \/>\n<meta name=\"twitter:card\" content=\"summary_large_image\" \/>\n<meta name=\"twitter:label1\" content=\"Becs\u00fclt olvas\u00e1si id\u0151\" \/>\n\t<meta name=\"twitter:data1\" content=\"4 perc\" \/>\n<script type=\"application\/ld+json\" class=\"yoast-schema-graph\">{\"@context\":\"https:\\\/\\\/schema.org\",\"@graph\":[{\"@type\":\"WebPage\",\"@id\":\"https:\\\/\\\/esemineu.ro\\\/hu\\\/termek\\\/3-soros-melegito-cserepkalyha-krem-rusztik-uveg-ajtos-5kw\\\/\",\"url\":\"https:\\\/\\\/esemineu.ro\\\/hu\\\/termek\\\/3-soros-melegito-cserepkalyha-krem-rusztik-uveg-ajtos-5kw\\\/\",\"name\":\"3 Soros Melegit\u0151 cser\u00e9pk\u00e1lyha Kr\u00e9m\\\/Rusztik | eSemineu.ro\",\"isPartOf\":{\"@id\":\"https:\\\/\\\/esemineu.ro\\\/hu\\\/#website\"},\"primaryImageOfPage\":{\"@id\":\"https:\\\/\\\/esemineu.ro\\\/hu\\\/termek\\\/3-soros-melegito-cserepkalyha-krem-rusztik-uveg-ajtos-5kw\\\/#primaryimage\"},\"image\":{\"@id\":\"https:\\\/\\\/esemineu.ro\\\/hu\\\/termek\\\/3-soros-melegito-cserepkalyha-krem-rusztik-uveg-ajtos-5kw\\\/#primaryimage\"},\"thumbnailUrl\":\"https:\\\/\\\/esemineu.ro\\\/wp-content\\\/uploads\\\/2022\\\/05\\\/3R-SB-CREM-RUSTIC-LANDING-FR.jpg\",\"datePublished\":\"2022-05-24T09:27:26+00:00\",\"dateModified\":\"2026-03-06T11:50:50+00:00\",\"description\":\"3 Soros Melegit\u0151 cser\u00e9pk\u00e1lyha Kr\u00e9m\\\/Rusztik. St\u00edlusos \u00e9s hat\u00e9kony f\u0171t\u0151berendez\u00e9s, amely ide\u00e1lis v\u00e1laszt\u00e1s az otthon\u00e1ba. | eSemineu.ro\",\"breadcrumb\":{\"@id\":\"https:\\\/\\\/esemineu.ro\\\/hu\\\/termek\\\/3-soros-melegito-cserepkalyha-krem-rusztik-uveg-ajtos-5kw\\\/#breadcrumb\"},\"inLanguage\":\"hu\",\"potentialAction\":[{\"@type\":\"ReadAction\",\"target\":[\"https:\\\/\\\/esemineu.ro\\\/hu\\\/termek\\\/3-soros-melegito-cserepkalyha-krem-rusztik-uveg-ajtos-5kw\\\/\"]}]},{\"@type\":\"ImageObject\",\"inLanguage\":\"hu\",\"@id\":\"https:\\\/\\\/esemineu.ro\\\/hu\\\/termek\\\/3-soros-melegito-cserepkalyha-krem-rusztik-uveg-ajtos-5kw\\\/#primaryimage\",\"url\":\"https:\\\/\\\/esemineu.ro\\\/wp-content\\\/uploads\\\/2022\\\/05\\\/3R-SB-CREM-RUSTIC-LANDING-FR.jpg\",\"contentUrl\":\"https:\\\/\\\/esemineu.ro\\\/wp-content\\\/uploads\\\/2022\\\/05\\\/3R-SB-CREM-RUSTIC-LANDING-FR.jpg\",\"width\":1000,\"height\":1000,\"caption\":\"Sob\u0103 teracot\u0103 Crem Rustic 3R\"},{\"@type\":\"BreadcrumbList\",\"@id\":\"https:\\\/\\\/esemineu.ro\\\/hu\\\/termek\\\/3-soros-melegito-cserepkalyha-krem-rusztik-uveg-ajtos-5kw\\\/#breadcrumb\",\"itemListElement\":[{\"@type\":\"ListItem\",\"position\":1,\"name\":\"Kezd\u0151lap\",\"item\":\"https:\\\/\\\/esemineu.ro\\\/hu\\\/\"},{\"@type\":\"ListItem\",\"position\":2,\"name\":\"\u00c1ruh\u00e1z\",\"item\":\"https:\\\/\\\/esemineu.ro\\\/hu\\\/aruhaz\\\/\"},{\"@type\":\"ListItem\",\"position\":3,\"name\":\"3 Soros Melegit\u0151 cser\u00e9pk\u00e1lyha Kr\u00e9m\\\/Rusztik, \u00fcveg ajt\u00f3s 5kW\"}]},{\"@type\":\"WebSite\",\"@id\":\"https:\\\/\\\/esemineu.ro\\\/hu\\\/#website\",\"url\":\"https:\\\/\\\/esemineu.ro\\\/hu\\\/\",\"name\":\"eSemineu\",\"description\":\"\u0218eminee de cea mai \u00eenalt\u0103 calitate\",\"potentialAction\":[{\"@type\":\"SearchAction\",\"target\":{\"@type\":\"EntryPoint\",\"urlTemplate\":\"https:\\\/\\\/esemineu.ro\\\/hu\\\/?s={search_term_string}\"},\"query-input\":{\"@type\":\"PropertyValueSpecification\",\"valueRequired\":true,\"valueName\":\"search_term_string\"}}],\"inLanguage\":\"hu\"}]}<\/script>\n<!-- \/ Yoast SEO Premium plugin. -->","yoast_head_json":{"title":"3 Soros Melegit\u0151 cser\u00e9pk\u00e1lyha Kr\u00e9m\/Rusztik | eSemineu.ro","description":"3 Soros Melegit\u0151 cser\u00e9pk\u00e1lyha Kr\u00e9m\/Rusztik. St\u00edlusos \u00e9s hat\u00e9kony f\u0171t\u0151berendez\u00e9s, amely ide\u00e1lis v\u00e1laszt\u00e1s az otthon\u00e1ba. | eSemineu.ro","robots":{"index":"index","follow":"follow","max-snippet":"max-snippet:-1","max-image-preview":"max-image-preview:large","max-video-preview":"max-video-preview:-1"},"canonical":"https:\/\/esemineu.ro\/hu\/termek\/3-soros-melegito-cserepkalyha-krem-rusztik-uveg-ajtos-5kw\/","og_locale":"hu_HU","og_type":"article","og_title":"3 Soros Melegit\u0151 cser\u00e9pk\u00e1lyha Kr\u00e9m\/Rusztik | eSemineu.ro","og_description":"3 Soros Melegit\u0151 cser\u00e9pk\u00e1lyha Kr\u00e9m\/Rusztik. St\u00edlusos \u00e9s hat\u00e9kony f\u0171t\u0151berendez\u00e9s, amely ide\u00e1lis v\u00e1laszt\u00e1s az otthon\u00e1ba. | eSemineu.ro","og_url":"https:\/\/esemineu.ro\/hu\/termek\/3-soros-melegito-cserepkalyha-krem-rusztik-uveg-ajtos-5kw\/","og_site_name":"eSemineu","article_publisher":"https:\/\/web.facebook.com\/eSemineu","article_modified_time":"2026-03-06T11:50:50+00:00","og_image":[{"width":1000,"height":1000,"url":"https:\/\/esemineu.ro\/wp-content\/uploads\/2022\/05\/3R-SB-CREM-RUSTIC-LANDING-FR.jpg","type":"image\/jpeg"}],"twitter_card":"summary_large_image","twitter_misc":{"Becs\u00fclt olvas\u00e1si id\u0151":"4 perc"},"schema":{"@context":"https:\/\/schema.org","@graph":[{"@type":"WebPage","@id":"https:\/\/esemineu.ro\/hu\/termek\/3-soros-melegito-cserepkalyha-krem-rusztik-uveg-ajtos-5kw\/","url":"https:\/\/esemineu.ro\/hu\/termek\/3-soros-melegito-cserepkalyha-krem-rusztik-uveg-ajtos-5kw\/","name":"3 Soros Melegit\u0151 cser\u00e9pk\u00e1lyha Kr\u00e9m\/Rusztik | eSemineu.ro","isPartOf":{"@id":"https:\/\/esemineu.ro\/hu\/#website"},"primaryImageOfPage":{"@id":"https:\/\/esemineu.ro\/hu\/termek\/3-soros-melegito-cserepkalyha-krem-rusztik-uveg-ajtos-5kw\/#primaryimage"},"image":{"@id":"https:\/\/esemineu.ro\/hu\/termek\/3-soros-melegito-cserepkalyha-krem-rusztik-uveg-ajtos-5kw\/#primaryimage"},"thumbnailUrl":"https:\/\/esemineu.ro\/wp-content\/uploads\/2022\/05\/3R-SB-CREM-RUSTIC-LANDING-FR.jpg","datePublished":"2022-05-24T09:27:26+00:00","dateModified":"2026-03-06T11:50:50+00:00","description":"3 Soros Melegit\u0151 cser\u00e9pk\u00e1lyha Kr\u00e9m\/Rusztik. St\u00edlusos \u00e9s hat\u00e9kony f\u0171t\u0151berendez\u00e9s, amely ide\u00e1lis v\u00e1laszt\u00e1s az otthon\u00e1ba. | eSemineu.ro","breadcrumb":{"@id":"https:\/\/esemineu.ro\/hu\/termek\/3-soros-melegito-cserepkalyha-krem-rusztik-uveg-ajtos-5kw\/#breadcrumb"},"inLanguage":"hu","potentialAction":[{"@type":"ReadAction","target":["https:\/\/esemineu.ro\/hu\/termek\/3-soros-melegito-cserepkalyha-krem-rusztik-uveg-ajtos-5kw\/"]}]},{"@type":"ImageObject","inLanguage":"hu","@id":"https:\/\/esemineu.ro\/hu\/termek\/3-soros-melegito-cserepkalyha-krem-rusztik-uveg-ajtos-5kw\/#primaryimage","url":"https:\/\/esemineu.ro\/wp-content\/uploads\/2022\/05\/3R-SB-CREM-RUSTIC-LANDING-FR.jpg","contentUrl":"https:\/\/esemineu.ro\/wp-content\/uploads\/2022\/05\/3R-SB-CREM-RUSTIC-LANDING-FR.jpg","width":1000,"height":1000,"caption":"Sob\u0103 teracot\u0103 Crem Rustic 3R"},{"@type":"BreadcrumbList","@id":"https:\/\/esemineu.ro\/hu\/termek\/3-soros-melegito-cserepkalyha-krem-rusztik-uveg-ajtos-5kw\/#breadcrumb","itemListElement":[{"@type":"ListItem","position":1,"name":"Kezd\u0151lap","item":"https:\/\/esemineu.ro\/hu\/"},{"@type":"ListItem","position":2,"name":"\u00c1ruh\u00e1z","item":"https:\/\/esemineu.ro\/hu\/aruhaz\/"},{"@type":"ListItem","position":3,"name":"3 Soros Melegit\u0151 cser\u00e9pk\u00e1lyha Kr\u00e9m\/Rusztik, \u00fcveg ajt\u00f3s 5kW"}]},{"@type":"WebSite","@id":"https:\/\/esemineu.ro\/hu\/#website","url":"https:\/\/esemineu.ro\/hu\/","name":"eSemineu","description":"\u0218eminee de cea mai \u00eenalt\u0103 calitate","potentialAction":[{"@type":"SearchAction","target":{"@type":"EntryPoint","urlTemplate":"https:\/\/esemineu.ro\/hu\/?s={search_term_string}"},"query-input":{"@type":"PropertyValueSpecification","valueRequired":true,"valueName":"search_term_string"}}],"inLanguage":"hu"}]}},"_links":{"self":[{"href":"https:\/\/esemineu.ro\/hu\/wp-json\/wp\/v2\/product\/4664","targetHints":{"allow":["GET"]}}],"collection":[{"href":"https:\/\/esemineu.ro\/hu\/wp-json\/wp\/v2\/product"}],"about":[{"href":"https:\/\/esemineu.ro\/hu\/wp-json\/wp\/v2\/types\/product"}],"replies":[{"embeddable":true,"href":"https:\/\/esemineu.ro\/hu\/wp-json\/wp\/v2\/comments?post=4664"}],"wp:featuredmedia":[{"embeddable":true,"href":"https:\/\/esemineu.ro\/hu\/wp-json\/wp\/v2\/media\/23021"}],"wp:attachment":[{"href":"https:\/\/esemineu.ro\/hu\/wp-json\/wp\/v2\/media?parent=4664"}],"wp:term":[{"taxonomy":"product_brand","embeddable":true,"href":"https:\/\/esemineu.ro\/hu\/wp-json\/wp\/v2\/product_brand?post=4664"},{"taxonomy":"product_cat","embeddable":true,"href":"https:\/\/esemineu.ro\/hu\/wp-json\/wp\/v2\/product_cat?post=4664"},{"taxonomy":"product_tag","embeddable":true,"href":"https:\/\/esemineu.ro\/hu\/wp-json\/wp\/v2\/product_tag?post=4664"}],"curies":[{"name":"wp","href":"https:\/\/api.w.org\/{rel}","templated":true}]}}