{"id":4659,"date":"2022-06-01T07:57:56","date_gmt":"2022-06-01T05:57:56","guid":{"rendered":"https:\/\/esemineu.ro\/product\/mortar-pentru-repararea-sobelor-teracota\/"},"modified":"2023-09-04T02:18:55","modified_gmt":"2023-09-03T23:18:55","slug":"cserepkalyha-javito-habarcs","status":"publish","type":"product","link":"https:\/\/esemineu.ro\/hu\/termek\/cserepkalyha-javito-habarcs\/","title":{"rendered":"Cser\u00e9pk\u00e1lyha jav\u00edt\u00f3 anyag, t\u0171z\u00e1ll\u00f3 habarcs\/malter"},"content":{"rendered":"<p>Cser\u00e9pk\u00e1lyha jav\u00edt\u00f3 habarcs\/malter<\/p>\n<p>A habarcs t\u0171z\u00e1ll\u00f3 tulajdons\u00e1g\u00fa \u00e9s samott t\u00e9gl\u00e1khoz aj\u00e1nlott. 700 Celsius fok \u00e9s 1250 Celsius fok k\u00f6z\u00f6tti \u00fczemi h\u0151m\u00e9rs\u00e9kleten.<\/p>\n<p>A szil\u00edcium-alum\u00ednium habarcsok t\u0171z\u00e1ll\u00f3 ker\u00e1mia anyagok, illetve t\u0171z\u00e1ll\u00f3 agyag porszer\u0171 kever\u00e9kei, k\u00f6t\u0151anyagk\u00e9nt \u00e9s teljesen vagy r\u00e9szben inert ker\u00e1mia anyagok, zs\u00edrtalan\u00edt\u00f3 szereppel.<\/p>\n<p><strong>Alkalmaz\u00e1si ter\u00fcletek:<\/strong> azonos csoportb\u00f3l \u00e9s azonos t\u0171z\u00e1ll\u00f3s\u00e1g\u00fa\u00a0 t\u00e9gl\u00e1k \u00e9p\u00edt\u00e9sekor. Samott t\u0171z\u00e1ll\u00f3 term\u00e9kek \u00e9p\u00edt\u00e9sekor adal\u00e9kanyagokkal \u00e9s alum\u00edniumtartalm\u00fa t\u0171z\u00e1ll\u00f3 term\u00e9kekkel.<\/p>\n<p><strong>Haszn\u00e1lati \u00fatmutat\u00f3:<\/strong><\/p>\n<p>K\u00e9t zacsk\u00f3 van a v\u00f6d\u00f6rben, keverje \u00f6ssze egyenl\u0151 mennyis\u00e9gben. Keverje a habarcsot v\u00edzzel k\u00f6r\u00fclbel\u00fcl 15 percig, am\u00edg homog\u00e9n paszt\u00e1t nem kap. A jobb bedolgozhat\u00f3s\u00e1g \u00e9rdek\u00e9ben javasolt minimum 15 Celsius fokos h\u0151m\u00e9rs\u00e9kleten dolgozni, vagy a kever\u00e9kben forr\u00f3 vizet haszn\u00e1lni (k\u00fcl\u00f6n\u00f6sen a hideg \u00e9vszakra aj\u00e1nlott). A k\u00f6t\u00e9si teljes\u00edtm\u00e9ny n\u00f6vel\u00e9s\u00e9re 2-5% n\u00e1trium-szilik\u00e1t (\u00fcvegv\u00edz) ar\u00e1nyban adhat\u00f3 hozz\u00e1, 1,25 gr\/cm3 s\u0171r\u0171s\u00e9ggel. Ezzel a k\u00f6t\u0151anyaggal a habarcs el\u0151meleg\u00edt\u00e9s n\u00e9lk\u00fcl megk\u00f6t, de az \u00fcvegv\u00edz cs\u00f6kkenti a t\u0171z\u00e1ll\u00f3s\u00e1got.<\/p>\n<p>Mivel ker\u00e1mia k\u00f6t\u0151anyagr\u00f3l van sz\u00f3, a k\u00f6t\u0151k\u00e9pess\u00e9g er\u0151s\u00edt\u00e9se, kieg\u00e9sz\u00edt\u00e9se csak termikus hat\u00e1s mellett (a g\u00e9p megfelel\u0151 temper\u00e1l\u00e1sa \u00e9s termikus bet\u00e1pl\u00e1l\u00e1sa ut\u00e1n) val\u00f3sul meg.<\/p>\n<p><em><strong>Nem aj\u00e1nlott ezt a term\u00e9ket norm\u00e1l falazatokhoz habarcsk\u00e9nt haszn\u00e1lni. Hideg falaz\u00e1shoz nem haszn\u00e1lhat\u00f3. Ker\u00fclje az 5\u00b0C alatti h\u0151m\u00e9rs\u00e9kleten t\u00f6rt\u00e9n\u0151 munk\u00e1t!<\/strong><\/em><\/p>\n<p><strong>Egy\u00e9b jellemz\u0151k:<\/strong><\/p>\n<p>-anyag\u00f6sszet\u00e9tel: t\u0171z\u00e1ll\u00f3 ker\u00e1mia anyagok \u00e9s inert ker\u00e1mia anyagok;<\/p>\n<p>-aj\u00e1nlott ragaszt\u00e1si anyagok: t\u0171z\u00e1ll\u00f3 tulajdons\u00e1g\u00fa t\u00e9gla \u00e9s samott.<\/p>\n<p>A terrakotta k\u00e1lyh\u00e1k jav\u00edt\u00e1s\u00e1ra szolg\u00e1l\u00f3 habarcsot sz\u00e1ll\u00edtjuk: 5l-es v\u00f6d\u00f6rben, 2-3 munkanap alatt sz\u00e1ll\u00edtjuk.<\/p>\n<p>Tov\u00e1bbi szigetel\u0151 term\u00e9keket <a href=\"https:\/\/esemineu.ro\/hu\/termek-kategoria\/kandallo-ajtotomites-tuzallo-hoallo-szigeteles-kandalloajtohoz\/\">itt<\/a> tal\u00e1l<\/p>\n","protected":false},"excerpt":{"rendered":"<p>Cser\u00e9pk\u00e1lyha jav\u00edt\u00f3 habarcs\/malter A habarcs t\u0171z\u00e1ll\u00f3 tulajdons\u00e1g\u00fa \u00e9s samott t\u00e9gl\u00e1khoz aj\u00e1nlott. 700 Celsius fok \u00e9s 1250 Celsius fok k\u00f6z\u00f6tti \u00fczemi h\u0151m\u00e9rs\u00e9kleten. A szil\u00edcium-alum\u00ednium habarcsok t\u0171z\u00e1ll\u00f3 ker\u00e1mia anyagok, illetve t\u0171z\u00e1ll\u00f3 agyag porszer\u0171 kever\u00e9kei, k\u00f6t\u0151anyagk\u00e9nt \u00e9s teljesen vagy r\u00e9szben inert ker\u00e1mia anyagok, zs\u00edrtalan\u00edt\u00f3 szereppel. Alkalmaz\u00e1si ter\u00fcletek: azonos csoportb\u00f3l \u00e9s azonos t\u0171z\u00e1ll\u00f3s\u00e1g\u00fa\u00a0 t\u00e9gl\u00e1k \u00e9p\u00edt\u00e9sekor. Samott t\u0171z\u00e1ll\u00f3 term\u00e9kek \u00e9p\u00edt\u00e9sekor adal\u00e9kanyagokkal \u00e9s alum\u00edniumtartalm\u00fa t\u0171z\u00e1ll\u00f3 term\u00e9kekkel. Haszn\u00e1lati \u00fatmutat\u00f3: K\u00e9t zacsk\u00f3 van a v\u00f6d\u00f6rben, keverje \u00f6ssze egyenl\u0151 mennyis\u00e9gben. Keverje a habarcsot v\u00edzzel k\u00f6r\u00fclbel\u00fcl 15 percig, am\u00edg homog\u00e9n paszt\u00e1t nem kap. A jobb bedolgozhat\u00f3s\u00e1g \u00e9rdek\u00e9ben javasolt minimum 15 Celsius fokos h\u0151m\u00e9rs\u00e9kleten dolgozni, vagy a kever\u00e9kben forr\u00f3 vizet haszn\u00e1lni (k\u00fcl\u00f6n\u00f6sen a hideg \u00e9vszakra aj\u00e1nlott). A k\u00f6t\u00e9si teljes\u00edtm\u00e9ny n\u00f6vel\u00e9s\u00e9re 2-5% n\u00e1trium-szilik\u00e1t (\u00fcvegv\u00edz) ar\u00e1nyban adhat\u00f3 hozz\u00e1, 1,25 gr\/cm3 s\u0171r\u0171s\u00e9ggel. Ezzel a k\u00f6t\u0151anyaggal a habarcs el\u0151meleg\u00edt\u00e9s n\u00e9lk\u00fcl megk\u00f6t, de az \u00fcvegv\u00edz cs\u00f6kkenti a t\u0171z\u00e1ll\u00f3s\u00e1got. Mivel ker\u00e1mia k\u00f6t\u0151anyagr\u00f3l van sz\u00f3, a k\u00f6t\u0151k\u00e9pess\u00e9g er\u0151s\u00edt\u00e9se, kieg\u00e9sz\u00edt\u00e9se csak termikus hat\u00e1s mellett (a g\u00e9p megfelel\u0151 temper\u00e1l\u00e1sa \u00e9s &hellip; <a href=\"https:\/\/esemineu.ro\/hu\/termek\/cserepkalyha-javito-habarcs\/\">Folytatva<\/a><\/p>\n","protected":false},"featured_media":11881,"comment_status":"open","ping_status":"closed","template":"","meta":[],"product_brand":[],"product_cat":[813],"product_tag":[],"class_list":{"0":"post-4659","1":"product","2":"type-product","3":"status-publish","4":"has-post-thumbnail","6":"product_cat-hoallo-szigetelesek","7":"product_shipping_class-hoallo-szigetelesek","8":"pa_utilizare-cserepkalyhak-es-kandallok-belso-javitasa","9":"producer-soberom","11":"first","12":"outofstock","13":"shipping-taxable","14":"purchasable","15":"product-type-simple"},"acf":[],"yoast_head":"<!-- This site is optimized with the Yoast SEO Premium plugin v21.0 (Yoast SEO v27.3) - https:\/\/yoast.com\/product\/yoast-seo-premium-wordpress\/ -->\n<title>Cser\u00e9pk\u00e1lyha jav\u00edt\u00f3 habarcs\/malter, t\u0171z\u00e1ll\u00f3 | eSemineu.ro<\/title>\n<meta name=\"description\" content=\"Cser\u00e9pk\u00e1lyha jav\u00edt\u00f3 anyag, t\u0171z\u00e1ll\u00f3 habarcs\/malter, ide\u00e1lis megold\u00e1s t\u0171zhelyek samott b\u00e9l\u00e9s\u00e9nek jav\u00edt\u00e1s\u00e1ra\" \/>\n<meta name=\"robots\" content=\"index, follow, max-snippet:-1, max-image-preview:large, max-video-preview:-1\" \/>\n<link rel=\"canonical\" href=\"https:\/\/esemineu.ro\/hu\/termek\/cserepkalyha-javito-habarcs\/\" \/>\n<meta property=\"og:locale\" content=\"hu_HU\" \/>\n<meta property=\"og:type\" content=\"article\" \/>\n<meta property=\"og:title\" content=\"Cser\u00e9pk\u00e1lyha jav\u00edt\u00f3 habarcs\/malter, t\u0171z\u00e1ll\u00f3 | eSemineu.ro\" \/>\n<meta property=\"og:description\" content=\"Cser\u00e9pk\u00e1lyha jav\u00edt\u00f3 anyag, t\u0171z\u00e1ll\u00f3 habarcs\/malter, ide\u00e1lis megold\u00e1s t\u0171zhelyek samott b\u00e9l\u00e9s\u00e9nek jav\u00edt\u00e1s\u00e1ra\" \/>\n<meta property=\"og:url\" content=\"https:\/\/esemineu.ro\/hu\/termek\/cserepkalyha-javito-habarcs\/\" \/>\n<meta property=\"og:site_name\" content=\"eSemineu\" \/>\n<meta property=\"article:publisher\" content=\"https:\/\/web.facebook.com\/eSemineu\" \/>\n<meta property=\"article:modified_time\" content=\"2023-09-03T23:18:55+00:00\" \/>\n<meta property=\"og:image\" content=\"https:\/\/esemineu.ro\/wp-content\/uploads\/2023\/08\/Fr-2.jpg\" \/>\n\t<meta property=\"og:image:width\" content=\"1000\" \/>\n\t<meta property=\"og:image:height\" content=\"1000\" \/>\n\t<meta property=\"og:image:type\" content=\"image\/jpeg\" \/>\n<meta name=\"twitter:card\" content=\"summary_large_image\" \/>\n<meta name=\"twitter:label1\" content=\"Becs\u00fclt olvas\u00e1si id\u0151\" \/>\n\t<meta name=\"twitter:data1\" content=\"2 perc\" \/>\n<script type=\"application\/ld+json\" class=\"yoast-schema-graph\">{\"@context\":\"https:\\\/\\\/schema.org\",\"@graph\":[{\"@type\":\"WebPage\",\"@id\":\"https:\\\/\\\/esemineu.ro\\\/hu\\\/termek\\\/cserepkalyha-javito-habarcs\\\/\",\"url\":\"https:\\\/\\\/esemineu.ro\\\/hu\\\/termek\\\/cserepkalyha-javito-habarcs\\\/\",\"name\":\"Cser\u00e9pk\u00e1lyha jav\u00edt\u00f3 habarcs\\\/malter, t\u0171z\u00e1ll\u00f3 | eSemineu.ro\",\"isPartOf\":{\"@id\":\"https:\\\/\\\/esemineu.ro\\\/hu\\\/#website\"},\"primaryImageOfPage\":{\"@id\":\"https:\\\/\\\/esemineu.ro\\\/hu\\\/termek\\\/cserepkalyha-javito-habarcs\\\/#primaryimage\"},\"image\":{\"@id\":\"https:\\\/\\\/esemineu.ro\\\/hu\\\/termek\\\/cserepkalyha-javito-habarcs\\\/#primaryimage\"},\"thumbnailUrl\":\"https:\\\/\\\/esemineu.ro\\\/wp-content\\\/uploads\\\/2023\\\/09\\\/Fr-2.jpg\",\"datePublished\":\"2022-06-01T05:57:56+00:00\",\"dateModified\":\"2023-09-03T23:18:55+00:00\",\"description\":\"Cser\u00e9pk\u00e1lyha jav\u00edt\u00f3 anyag, t\u0171z\u00e1ll\u00f3 habarcs\\\/malter, ide\u00e1lis megold\u00e1s t\u0171zhelyek samott b\u00e9l\u00e9s\u00e9nek jav\u00edt\u00e1s\u00e1ra\",\"breadcrumb\":{\"@id\":\"https:\\\/\\\/esemineu.ro\\\/hu\\\/termek\\\/cserepkalyha-javito-habarcs\\\/#breadcrumb\"},\"inLanguage\":\"hu\",\"potentialAction\":[{\"@type\":\"ReadAction\",\"target\":[\"https:\\\/\\\/esemineu.ro\\\/hu\\\/termek\\\/cserepkalyha-javito-habarcs\\\/\"]}]},{\"@type\":\"ImageObject\",\"inLanguage\":\"hu\",\"@id\":\"https:\\\/\\\/esemineu.ro\\\/hu\\\/termek\\\/cserepkalyha-javito-habarcs\\\/#primaryimage\",\"url\":\"https:\\\/\\\/esemineu.ro\\\/wp-content\\\/uploads\\\/2023\\\/09\\\/Fr-2.jpg\",\"contentUrl\":\"https:\\\/\\\/esemineu.ro\\\/wp-content\\\/uploads\\\/2023\\\/09\\\/Fr-2.jpg\",\"width\":1000,\"height\":1000},{\"@type\":\"BreadcrumbList\",\"@id\":\"https:\\\/\\\/esemineu.ro\\\/hu\\\/termek\\\/cserepkalyha-javito-habarcs\\\/#breadcrumb\",\"itemListElement\":[{\"@type\":\"ListItem\",\"position\":1,\"name\":\"Kezd\u0151lap\",\"item\":\"https:\\\/\\\/esemineu.ro\\\/hu\\\/\"},{\"@type\":\"ListItem\",\"position\":2,\"name\":\"\u00c1ruh\u00e1z\",\"item\":\"https:\\\/\\\/esemineu.ro\\\/hu\\\/aruhaz\\\/\"},{\"@type\":\"ListItem\",\"position\":3,\"name\":\"Cser\u00e9pk\u00e1lyha jav\u00edt\u00f3 anyag, t\u0171z\u00e1ll\u00f3 habarcs\\\/malter\"}]},{\"@type\":\"WebSite\",\"@id\":\"https:\\\/\\\/esemineu.ro\\\/hu\\\/#website\",\"url\":\"https:\\\/\\\/esemineu.ro\\\/hu\\\/\",\"name\":\"eSemineu\",\"description\":\"\u0218eminee de cea mai \u00eenalt\u0103 calitate\",\"potentialAction\":[{\"@type\":\"SearchAction\",\"target\":{\"@type\":\"EntryPoint\",\"urlTemplate\":\"https:\\\/\\\/esemineu.ro\\\/hu\\\/?s={search_term_string}\"},\"query-input\":{\"@type\":\"PropertyValueSpecification\",\"valueRequired\":true,\"valueName\":\"search_term_string\"}}],\"inLanguage\":\"hu\"}]}<\/script>\n<!-- \/ Yoast SEO Premium plugin. -->","yoast_head_json":{"title":"Cser\u00e9pk\u00e1lyha jav\u00edt\u00f3 habarcs\/malter, t\u0171z\u00e1ll\u00f3 | eSemineu.ro","description":"Cser\u00e9pk\u00e1lyha jav\u00edt\u00f3 anyag, t\u0171z\u00e1ll\u00f3 habarcs\/malter, ide\u00e1lis megold\u00e1s t\u0171zhelyek samott b\u00e9l\u00e9s\u00e9nek jav\u00edt\u00e1s\u00e1ra","robots":{"index":"index","follow":"follow","max-snippet":"max-snippet:-1","max-image-preview":"max-image-preview:large","max-video-preview":"max-video-preview:-1"},"canonical":"https:\/\/esemineu.ro\/hu\/termek\/cserepkalyha-javito-habarcs\/","og_locale":"hu_HU","og_type":"article","og_title":"Cser\u00e9pk\u00e1lyha jav\u00edt\u00f3 habarcs\/malter, t\u0171z\u00e1ll\u00f3 | eSemineu.ro","og_description":"Cser\u00e9pk\u00e1lyha jav\u00edt\u00f3 anyag, t\u0171z\u00e1ll\u00f3 habarcs\/malter, ide\u00e1lis megold\u00e1s t\u0171zhelyek samott b\u00e9l\u00e9s\u00e9nek jav\u00edt\u00e1s\u00e1ra","og_url":"https:\/\/esemineu.ro\/hu\/termek\/cserepkalyha-javito-habarcs\/","og_site_name":"eSemineu","article_publisher":"https:\/\/web.facebook.com\/eSemineu","article_modified_time":"2023-09-03T23:18:55+00:00","og_image":[{"width":1000,"height":1000,"url":"https:\/\/esemineu.ro\/wp-content\/uploads\/2023\/08\/Fr-2.jpg","type":"image\/jpeg"}],"twitter_card":"summary_large_image","twitter_misc":{"Becs\u00fclt olvas\u00e1si id\u0151":"2 perc"},"schema":{"@context":"https:\/\/schema.org","@graph":[{"@type":"WebPage","@id":"https:\/\/esemineu.ro\/hu\/termek\/cserepkalyha-javito-habarcs\/","url":"https:\/\/esemineu.ro\/hu\/termek\/cserepkalyha-javito-habarcs\/","name":"Cser\u00e9pk\u00e1lyha jav\u00edt\u00f3 habarcs\/malter, t\u0171z\u00e1ll\u00f3 | eSemineu.ro","isPartOf":{"@id":"https:\/\/esemineu.ro\/hu\/#website"},"primaryImageOfPage":{"@id":"https:\/\/esemineu.ro\/hu\/termek\/cserepkalyha-javito-habarcs\/#primaryimage"},"image":{"@id":"https:\/\/esemineu.ro\/hu\/termek\/cserepkalyha-javito-habarcs\/#primaryimage"},"thumbnailUrl":"https:\/\/esemineu.ro\/wp-content\/uploads\/2023\/09\/Fr-2.jpg","datePublished":"2022-06-01T05:57:56+00:00","dateModified":"2023-09-03T23:18:55+00:00","description":"Cser\u00e9pk\u00e1lyha jav\u00edt\u00f3 anyag, t\u0171z\u00e1ll\u00f3 habarcs\/malter, ide\u00e1lis megold\u00e1s t\u0171zhelyek samott b\u00e9l\u00e9s\u00e9nek jav\u00edt\u00e1s\u00e1ra","breadcrumb":{"@id":"https:\/\/esemineu.ro\/hu\/termek\/cserepkalyha-javito-habarcs\/#breadcrumb"},"inLanguage":"hu","potentialAction":[{"@type":"ReadAction","target":["https:\/\/esemineu.ro\/hu\/termek\/cserepkalyha-javito-habarcs\/"]}]},{"@type":"ImageObject","inLanguage":"hu","@id":"https:\/\/esemineu.ro\/hu\/termek\/cserepkalyha-javito-habarcs\/#primaryimage","url":"https:\/\/esemineu.ro\/wp-content\/uploads\/2023\/09\/Fr-2.jpg","contentUrl":"https:\/\/esemineu.ro\/wp-content\/uploads\/2023\/09\/Fr-2.jpg","width":1000,"height":1000},{"@type":"BreadcrumbList","@id":"https:\/\/esemineu.ro\/hu\/termek\/cserepkalyha-javito-habarcs\/#breadcrumb","itemListElement":[{"@type":"ListItem","position":1,"name":"Kezd\u0151lap","item":"https:\/\/esemineu.ro\/hu\/"},{"@type":"ListItem","position":2,"name":"\u00c1ruh\u00e1z","item":"https:\/\/esemineu.ro\/hu\/aruhaz\/"},{"@type":"ListItem","position":3,"name":"Cser\u00e9pk\u00e1lyha jav\u00edt\u00f3 anyag, t\u0171z\u00e1ll\u00f3 habarcs\/malter"}]},{"@type":"WebSite","@id":"https:\/\/esemineu.ro\/hu\/#website","url":"https:\/\/esemineu.ro\/hu\/","name":"eSemineu","description":"\u0218eminee de cea mai \u00eenalt\u0103 calitate","potentialAction":[{"@type":"SearchAction","target":{"@type":"EntryPoint","urlTemplate":"https:\/\/esemineu.ro\/hu\/?s={search_term_string}"},"query-input":{"@type":"PropertyValueSpecification","valueRequired":true,"valueName":"search_term_string"}}],"inLanguage":"hu"}]}},"_links":{"self":[{"href":"https:\/\/esemineu.ro\/hu\/wp-json\/wp\/v2\/product\/4659","targetHints":{"allow":["GET"]}}],"collection":[{"href":"https:\/\/esemineu.ro\/hu\/wp-json\/wp\/v2\/product"}],"about":[{"href":"https:\/\/esemineu.ro\/hu\/wp-json\/wp\/v2\/types\/product"}],"replies":[{"embeddable":true,"href":"https:\/\/esemineu.ro\/hu\/wp-json\/wp\/v2\/comments?post=4659"}],"wp:featuredmedia":[{"embeddable":true,"href":"https:\/\/esemineu.ro\/hu\/wp-json\/wp\/v2\/media\/11881"}],"wp:attachment":[{"href":"https:\/\/esemineu.ro\/hu\/wp-json\/wp\/v2\/media?parent=4659"}],"wp:term":[{"taxonomy":"product_brand","embeddable":true,"href":"https:\/\/esemineu.ro\/hu\/wp-json\/wp\/v2\/product_brand?post=4659"},{"taxonomy":"product_cat","embeddable":true,"href":"https:\/\/esemineu.ro\/hu\/wp-json\/wp\/v2\/product_cat?post=4659"},{"taxonomy":"product_tag","embeddable":true,"href":"https:\/\/esemineu.ro\/hu\/wp-json\/wp\/v2\/product_tag?post=4659"}],"curies":[{"name":"wp","href":"https:\/\/api.w.org\/{rel}","templated":true}]}}