{"id":4652,"date":"2022-06-27T15:32:56","date_gmt":"2022-06-27T12:32:56","guid":{"rendered":"https:\/\/esemineu.ro\/product\/cot-45-grade-evacuare-fum-din-tabla-groasa-de-otel-d120-mm-mat-negru\/"},"modified":"2026-02-19T10:24:12","modified_gmt":"2026-02-19T08:24:12","slug":"45-fokos-acel-konyok-acel-tablabol-m120-mm-matt-fekete","status":"publish","type":"product","link":"https:\/\/esemineu.ro\/hu\/termek\/45-fokos-acel-konyok-acel-tablabol-m120-mm-matt-fekete\/","title":{"rendered":"45 fokos ac\u00e9l k\u00f6ny\u00f6k, Ac\u00e9l t\u00e1bl\u00e1b\u00f3l, M120 mm, matt fekete"},"content":{"rendered":"<p>A <strong>45 fokos ac\u00e9l k\u00f6ny\u00f6k<\/strong> egy kiv\u00e1l\u00f3 min\u0151s\u00e9g\u0171 f\u0171t\u00e9si rendszer \u00e9s k\u00e9m\u00e9nyrendszer elem, amely hat\u00e9konyan ir\u00e1ny\u00edtja a f\u00fcst \u00e9s g\u00e1zok \u00e1raml\u00e1s\u00e1t, mik\u00f6zben st\u00edlusos megjelen\u00e9st k\u00f6lcs\u00f6n\u00f6z a rendszernek. Ez a k\u00f6ny\u00f6k\u00f6k k\u00f6z\u00f6tti optim\u00e1lis v\u00e1laszt\u00e1s, \u00e9s rendk\u00edv\u00fcl sokoldal\u00fa, megfelelve a modern f\u0171t\u00e9si ig\u00e9nyeknek.<\/p>\n<p>Ez a k\u00f6ny\u00f6k k\u00fcl\u00f6n\u00f6sen hasznos olyan helyzetekben, amikor a f\u0171t\u00e9si berendez\u00e9s vagy kandall\u00f3 nem k\u00f6zvetlen\u00fcl a k\u00e9m\u00e9ny mellett tal\u00e1lhat\u00f3. A k\u00f6ny\u00f6k seg\u00edt a cs\u0151 hajl\u00edt\u00e1s\u00e1ban \u00e9s vezet\u00e9s\u00e9ben, hogy a f\u00fcst \u00e9s a g\u00e1zok hat\u00e9konyan eljussanak a k\u00e9m\u00e9nybe, mik\u00f6zben a rendszer megfelel a biztons\u00e1gi \u00e9s hat\u00e9konys\u00e1gi el\u0151\u00edr\u00e1soknak.<\/p>\n<p>Ez a <strong>45 fokos k\u00f6ny\u00f6k<\/strong> dinamikus \u00e9s megb\u00edzhat\u00f3 megold\u00e1st ny\u00fajt a f\u00fcstelvezet\u0151 rendszerek tervez\u00e9s\u00e9hez \u00e9s ki\u00e9p\u00edt\u00e9s\u00e9hez. A k\u00f6ny\u00f6k ac\u00e9l t\u00e1bl\u00e1b\u00f3l k\u00e9sz\u00fcl, amely garant\u00e1lja a tart\u00f3ss\u00e1got \u00e9s a hossz\u00fa \u00e9lettartamot. A kiv\u00e1l\u00f3 min\u0151s\u00e9g\u0171 anyag \u00e9s a <strong>matt fekete<\/strong> sz\u00edn\u0171 fel\u00fclet \u00f6sszhangban van a modern lakberendez\u00e9si st\u00edlusokkal, ez\u00e1ltal a k\u00f6ny\u00f6k nem csak hat\u00e9kony, hanem eszt\u00e9tikailag is vonz\u00f3.<\/p>\n<p>A 45 fokos sz\u00f6g lehet\u0151v\u00e9 teszi a f\u00fcstelvezet\u0151 cs\u0151 hajl\u00edt\u00e1s\u00e1t, ami kiemelked\u0151 rugalmass\u00e1got ny\u00fajt a rendszer ki\u00e9p\u00edt\u00e9se sor\u00e1n. Ez k\u00fcl\u00f6n\u00f6sen akkor el\u0151ny\u00f6s, amikor a k\u00e9m\u00e9ny vagy f\u0171t\u00e9si berendez\u00e9s nem optim\u00e1lisan illeszkedik az \u00e9p\u00fclet szerkezet\u00e9hez. A k\u00f6ny\u00f6k seg\u00edt kiegyenl\u00edteni az ir\u00e1nyv\u00e1ltoztat\u00e1sokat \u00e9s a rendszer kiigaz\u00edt\u00e1s\u00e1t a hat\u00e9kony \u00e9s biztons\u00e1gos m\u0171k\u00f6d\u00e9s \u00e9rdek\u00e9ben.<\/p>\n<p>A 45 fokos ac\u00e9l k\u00f6ny\u00f6k t\u00f6k\u00e9letesen illeszkedik a korszer\u0171 k\u00e9m\u00e9ny- \u00e9s f\u0171t\u00e9si rendszerekbe. Alkalmaz\u00e1sa sor\u00e1n nem csak a hat\u00e9konys\u00e1g \u00e9s a megb\u00edzhat\u00f3s\u00e1g lesz jelen, hanem a lak\u00e1s vagy h\u00e1z bels\u0151 tere is st\u00edlusosabb\u00e1 v\u00e1lik. V\u00e1lassza az 45 fokos ac\u00e9l k\u00f6ny\u00f6k\u00f6t a f\u00fcstelvezet\u0151 rendszer\u00e9hez, \u00e9s \u00e9lvezze az optim\u00e1lis teljes\u00edtm\u00e9nyt \u00e9s a vonz\u00f3 megjelen\u00e9st!<\/p>\n<h6>Sz\u00e1ll\u00edt\u00e1si hat\u00e1rid\u0151:<\/h6>\n<ul>\n<li><strong>Magyarorsz\u00e1g \u00e9s az eg\u00e9sz Eur\u00f3pai Uni\u00f3 ter\u00fclet\u00e9n<\/strong>\u00a0is sz\u00e1ll\u00edtjuk.<\/li>\n<li>Rom\u00e1ni\u00e1ba 2-3 munkanap alatt sz\u00e1ll\u00edtjuk<\/li>\n<li>Magyarorsz\u00e1gra \u00e9s az EU ter\u00fclet\u00e9re az \u00e1tutal\u00e1s ut\u00e1n 5 munkanapon bel\u00fcl \u00e9rkezik meg a term\u00e9k.<\/li>\n<\/ul>\n<p>Ha b\u00e1rmilyen k\u00e9rd\u00e9se van, k\u00e9rj\u00fck, l\u00e9pjen kapcsolatba vel\u00fcnk.<\/p>\n<p>Tov\u00e1bbi aj\u00e1nlatok\u00e9rt kattintson\u00a0<a href=\"https:\/\/esemineu.ro\/hu\/termek-kategoria\/fustcsovek\/\">ide<\/a><\/p>\n<p>T\u0151bb inform\u00e1ci\u00f3\u00e9rt l\u00e1togasson el\u00a0<a href=\"https:\/\/www.youtube.com\/@esemineuromania\">YouTube<\/a>-csatorn\u00e1nkra, valamint\u00a0<a href=\"https:\/\/www.facebook.com\/eSemineu\">Facebook<\/a>\u00a0\u00e9s\u00a0<a href=\"https:\/\/www.instagram.com\/esemineu\/\">Instagram<\/a>\u00a0oldalainkra.<\/p>\n<p><a href=\"https:\/\/esemineu.ro\/\">eSemineu.ro<\/a>\u00a0 \u00a0Te rakod a t\u0171zet mi adjuk a meleget!<\/p>\n","protected":false},"excerpt":{"rendered":"<p>A 45 fokos ac\u00e9l k\u00f6ny\u00f6k egy kiv\u00e1l\u00f3 min\u0151s\u00e9g\u0171 f\u0171t\u00e9si rendszer \u00e9s k\u00e9m\u00e9nyrendszer elem, amely hat\u00e9konyan ir\u00e1ny\u00edtja a f\u00fcst \u00e9s g\u00e1zok \u00e1raml\u00e1s\u00e1t, mik\u00f6zben st\u00edlusos megjelen\u00e9st k\u00f6lcs\u00f6n\u00f6z a rendszernek. Ez a k\u00f6ny\u00f6k\u00f6k k\u00f6z\u00f6tti optim\u00e1lis v\u00e1laszt\u00e1s, \u00e9s rendk\u00edv\u00fcl sokoldal\u00fa, megfelelve a modern f\u0171t\u00e9si ig\u00e9nyeknek. Ez a k\u00f6ny\u00f6k k\u00fcl\u00f6n\u00f6sen hasznos olyan helyzetekben, amikor a f\u0171t\u00e9si berendez\u00e9s vagy kandall\u00f3 nem k\u00f6zvetlen\u00fcl a k\u00e9m\u00e9ny mellett tal\u00e1lhat\u00f3. A k\u00f6ny\u00f6k seg\u00edt a cs\u0151 hajl\u00edt\u00e1s\u00e1ban \u00e9s vezet\u00e9s\u00e9ben, hogy a f\u00fcst \u00e9s a g\u00e1zok hat\u00e9konyan eljussanak a k\u00e9m\u00e9nybe, mik\u00f6zben a rendszer megfelel a biztons\u00e1gi \u00e9s hat\u00e9konys\u00e1gi el\u0151\u00edr\u00e1soknak. Ez a 45 fokos k\u00f6ny\u00f6k dinamikus \u00e9s megb\u00edzhat\u00f3 megold\u00e1st ny\u00fajt a f\u00fcstelvezet\u0151 rendszerek tervez\u00e9s\u00e9hez \u00e9s ki\u00e9p\u00edt\u00e9s\u00e9hez. A k\u00f6ny\u00f6k ac\u00e9l t\u00e1bl\u00e1b\u00f3l k\u00e9sz\u00fcl, amely garant\u00e1lja a tart\u00f3ss\u00e1got \u00e9s a hossz\u00fa \u00e9lettartamot. A kiv\u00e1l\u00f3 min\u0151s\u00e9g\u0171 anyag \u00e9s a matt fekete sz\u00edn\u0171 fel\u00fclet \u00f6sszhangban van a modern lakberendez\u00e9si st\u00edlusokkal, ez\u00e1ltal a k\u00f6ny\u00f6k nem csak hat\u00e9kony, hanem eszt\u00e9tikailag is vonz\u00f3. A 45 fokos sz\u00f6g lehet\u0151v\u00e9 teszi a f\u00fcstelvezet\u0151 &hellip; <a href=\"https:\/\/esemineu.ro\/hu\/termek\/45-fokos-acel-konyok-acel-tablabol-m120-mm-matt-fekete\/\">Folytatva<\/a><\/p>\n","protected":false},"featured_media":11937,"comment_status":"open","ping_status":"closed","template":"","meta":[],"product_brand":[701],"product_cat":[1467,1466,779],"product_tag":[],"class_list":{"0":"post-4652","1":"product","2":"type-product","3":"status-publish","4":"has-post-thumbnail","6":"product_brand-bricosan-bt","7":"product_cat-120-acel","8":"product_cat-acel-fekete-fustcso","9":"product_cat-fustcsovek","10":"product_shipping_class-fustcsovek","11":"pa_culoare-fekete","12":"pa_diametru-120-mm-hu","13":"pa_grosime-material-15mm-hu","14":"pa_material-acel-lemezbol","15":"producer-bricosan-bt","17":"first","18":"onbackorder","19":"shipping-taxable","20":"purchasable","21":"product-type-simple"},"acf":[],"yoast_head":"<!-- This site is optimized with the Yoast SEO Premium plugin v21.0 (Yoast SEO v27.3) - https:\/\/yoast.com\/product\/yoast-seo-premium-wordpress\/ -->\n<title>45 fokos ac\u00e9l k\u00f6ny\u00f6k, Ac\u00e9l t\u00e1bl\u00e1b\u00f3l, matt fekete | eSemineu.ro<\/title>\n<meta name=\"description\" content=\"45 fokos ac\u00e9l k\u00f6ny\u00f6k, Ac\u00e9l t\u00e1bl\u00e1b\u00f3l, M120 mm, matt fekete | eSemineu.ro | Tov\u00e1bbi aj\u00e1nlatok a F\u00fcstcs\u00f6vek kateg\u00f3ri\u00e1ba, Te rakod a t\u00fczet, mi adjuk a meleget.\" \/>\n<meta name=\"robots\" content=\"index, follow, max-snippet:-1, max-image-preview:large, max-video-preview:-1\" \/>\n<link rel=\"canonical\" href=\"https:\/\/esemineu.ro\/hu\/termek\/45-fokos-acel-konyok-acel-tablabol-m120-mm-matt-fekete\/\" \/>\n<meta property=\"og:locale\" content=\"hu_HU\" \/>\n<meta property=\"og:type\" content=\"article\" \/>\n<meta property=\"og:title\" content=\"45 fokos ac\u00e9l k\u00f6ny\u00f6k, Ac\u00e9l t\u00e1bl\u00e1b\u00f3l, matt fekete | eSemineu.ro\" \/>\n<meta property=\"og:description\" content=\"45 fokos ac\u00e9l k\u00f6ny\u00f6k, Ac\u00e9l t\u00e1bl\u00e1b\u00f3l, M120 mm, matt fekete | eSemineu.ro | Tov\u00e1bbi aj\u00e1nlatok a F\u00fcstcs\u00f6vek kateg\u00f3ri\u00e1ba, Te rakod a t\u00fczet, mi adjuk a meleget.\" \/>\n<meta property=\"og:url\" content=\"https:\/\/esemineu.ro\/hu\/termek\/45-fokos-acel-konyok-acel-tablabol-m120-mm-matt-fekete\/\" \/>\n<meta property=\"og:site_name\" content=\"eSemineu\" \/>\n<meta property=\"article:publisher\" content=\"https:\/\/web.facebook.com\/eSemineu\" \/>\n<meta property=\"article:modified_time\" content=\"2026-02-19T08:24:12+00:00\" \/>\n<meta property=\"og:image\" content=\"https:\/\/esemineu.ro\/wp-content\/uploads\/2023\/09\/F2.jpg\" \/>\n\t<meta property=\"og:image:width\" content=\"1000\" \/>\n\t<meta property=\"og:image:height\" content=\"1000\" \/>\n\t<meta property=\"og:image:type\" content=\"image\/jpeg\" \/>\n<meta name=\"twitter:card\" content=\"summary_large_image\" \/>\n<meta name=\"twitter:label1\" content=\"Becs\u00fclt olvas\u00e1si id\u0151\" \/>\n\t<meta name=\"twitter:data1\" content=\"3 perc\" \/>\n<script type=\"application\/ld+json\" class=\"yoast-schema-graph\">{\"@context\":\"https:\\\/\\\/schema.org\",\"@graph\":[{\"@type\":\"WebPage\",\"@id\":\"https:\\\/\\\/esemineu.ro\\\/hu\\\/termek\\\/45-fokos-acel-konyok-acel-tablabol-m120-mm-matt-fekete\\\/\",\"url\":\"https:\\\/\\\/esemineu.ro\\\/hu\\\/termek\\\/45-fokos-acel-konyok-acel-tablabol-m120-mm-matt-fekete\\\/\",\"name\":\"45 fokos ac\u00e9l k\u00f6ny\u00f6k, Ac\u00e9l t\u00e1bl\u00e1b\u00f3l, matt fekete | eSemineu.ro\",\"isPartOf\":{\"@id\":\"https:\\\/\\\/esemineu.ro\\\/hu\\\/#website\"},\"primaryImageOfPage\":{\"@id\":\"https:\\\/\\\/esemineu.ro\\\/hu\\\/termek\\\/45-fokos-acel-konyok-acel-tablabol-m120-mm-matt-fekete\\\/#primaryimage\"},\"image\":{\"@id\":\"https:\\\/\\\/esemineu.ro\\\/hu\\\/termek\\\/45-fokos-acel-konyok-acel-tablabol-m120-mm-matt-fekete\\\/#primaryimage\"},\"thumbnailUrl\":\"https:\\\/\\\/esemineu.ro\\\/wp-content\\\/uploads\\\/2023\\\/09\\\/F2.jpg\",\"datePublished\":\"2022-06-27T12:32:56+00:00\",\"dateModified\":\"2026-02-19T08:24:12+00:00\",\"description\":\"45 fokos ac\u00e9l k\u00f6ny\u00f6k, Ac\u00e9l t\u00e1bl\u00e1b\u00f3l, M120 mm, matt fekete | eSemineu.ro | Tov\u00e1bbi aj\u00e1nlatok a F\u00fcstcs\u00f6vek kateg\u00f3ri\u00e1ba, Te rakod a t\u00fczet, mi adjuk a meleget.\",\"breadcrumb\":{\"@id\":\"https:\\\/\\\/esemineu.ro\\\/hu\\\/termek\\\/45-fokos-acel-konyok-acel-tablabol-m120-mm-matt-fekete\\\/#breadcrumb\"},\"inLanguage\":\"hu\",\"potentialAction\":[{\"@type\":\"ReadAction\",\"target\":[\"https:\\\/\\\/esemineu.ro\\\/hu\\\/termek\\\/45-fokos-acel-konyok-acel-tablabol-m120-mm-matt-fekete\\\/\"]}]},{\"@type\":\"ImageObject\",\"inLanguage\":\"hu\",\"@id\":\"https:\\\/\\\/esemineu.ro\\\/hu\\\/termek\\\/45-fokos-acel-konyok-acel-tablabol-m120-mm-matt-fekete\\\/#primaryimage\",\"url\":\"https:\\\/\\\/esemineu.ro\\\/wp-content\\\/uploads\\\/2023\\\/09\\\/F2.jpg\",\"contentUrl\":\"https:\\\/\\\/esemineu.ro\\\/wp-content\\\/uploads\\\/2023\\\/09\\\/F2.jpg\",\"width\":1000,\"height\":1000},{\"@type\":\"BreadcrumbList\",\"@id\":\"https:\\\/\\\/esemineu.ro\\\/hu\\\/termek\\\/45-fokos-acel-konyok-acel-tablabol-m120-mm-matt-fekete\\\/#breadcrumb\",\"itemListElement\":[{\"@type\":\"ListItem\",\"position\":1,\"name\":\"Kezd\u0151lap\",\"item\":\"https:\\\/\\\/esemineu.ro\\\/hu\\\/\"},{\"@type\":\"ListItem\",\"position\":2,\"name\":\"\u00c1ruh\u00e1z\",\"item\":\"https:\\\/\\\/esemineu.ro\\\/hu\\\/aruhaz\\\/\"},{\"@type\":\"ListItem\",\"position\":3,\"name\":\"45 fokos ac\u00e9l k\u00f6ny\u00f6k, Ac\u00e9l t\u00e1bl\u00e1b\u00f3l, M120 mm, matt fekete\"}]},{\"@type\":\"WebSite\",\"@id\":\"https:\\\/\\\/esemineu.ro\\\/hu\\\/#website\",\"url\":\"https:\\\/\\\/esemineu.ro\\\/hu\\\/\",\"name\":\"eSemineu\",\"description\":\"\u0218eminee de cea mai \u00eenalt\u0103 calitate\",\"potentialAction\":[{\"@type\":\"SearchAction\",\"target\":{\"@type\":\"EntryPoint\",\"urlTemplate\":\"https:\\\/\\\/esemineu.ro\\\/hu\\\/?s={search_term_string}\"},\"query-input\":{\"@type\":\"PropertyValueSpecification\",\"valueRequired\":true,\"valueName\":\"search_term_string\"}}],\"inLanguage\":\"hu\"}]}<\/script>\n<!-- \/ Yoast SEO Premium plugin. -->","yoast_head_json":{"title":"45 fokos ac\u00e9l k\u00f6ny\u00f6k, Ac\u00e9l t\u00e1bl\u00e1b\u00f3l, matt fekete | eSemineu.ro","description":"45 fokos ac\u00e9l k\u00f6ny\u00f6k, Ac\u00e9l t\u00e1bl\u00e1b\u00f3l, M120 mm, matt fekete | eSemineu.ro | Tov\u00e1bbi aj\u00e1nlatok a F\u00fcstcs\u00f6vek kateg\u00f3ri\u00e1ba, Te rakod a t\u00fczet, mi adjuk a meleget.","robots":{"index":"index","follow":"follow","max-snippet":"max-snippet:-1","max-image-preview":"max-image-preview:large","max-video-preview":"max-video-preview:-1"},"canonical":"https:\/\/esemineu.ro\/hu\/termek\/45-fokos-acel-konyok-acel-tablabol-m120-mm-matt-fekete\/","og_locale":"hu_HU","og_type":"article","og_title":"45 fokos ac\u00e9l k\u00f6ny\u00f6k, Ac\u00e9l t\u00e1bl\u00e1b\u00f3l, matt fekete | eSemineu.ro","og_description":"45 fokos ac\u00e9l k\u00f6ny\u00f6k, Ac\u00e9l t\u00e1bl\u00e1b\u00f3l, M120 mm, matt fekete | eSemineu.ro | Tov\u00e1bbi aj\u00e1nlatok a F\u00fcstcs\u00f6vek kateg\u00f3ri\u00e1ba, Te rakod a t\u00fczet, mi adjuk a meleget.","og_url":"https:\/\/esemineu.ro\/hu\/termek\/45-fokos-acel-konyok-acel-tablabol-m120-mm-matt-fekete\/","og_site_name":"eSemineu","article_publisher":"https:\/\/web.facebook.com\/eSemineu","article_modified_time":"2026-02-19T08:24:12+00:00","og_image":[{"width":1000,"height":1000,"url":"https:\/\/esemineu.ro\/wp-content\/uploads\/2023\/09\/F2.jpg","type":"image\/jpeg"}],"twitter_card":"summary_large_image","twitter_misc":{"Becs\u00fclt olvas\u00e1si id\u0151":"3 perc"},"schema":{"@context":"https:\/\/schema.org","@graph":[{"@type":"WebPage","@id":"https:\/\/esemineu.ro\/hu\/termek\/45-fokos-acel-konyok-acel-tablabol-m120-mm-matt-fekete\/","url":"https:\/\/esemineu.ro\/hu\/termek\/45-fokos-acel-konyok-acel-tablabol-m120-mm-matt-fekete\/","name":"45 fokos ac\u00e9l k\u00f6ny\u00f6k, Ac\u00e9l t\u00e1bl\u00e1b\u00f3l, matt fekete | eSemineu.ro","isPartOf":{"@id":"https:\/\/esemineu.ro\/hu\/#website"},"primaryImageOfPage":{"@id":"https:\/\/esemineu.ro\/hu\/termek\/45-fokos-acel-konyok-acel-tablabol-m120-mm-matt-fekete\/#primaryimage"},"image":{"@id":"https:\/\/esemineu.ro\/hu\/termek\/45-fokos-acel-konyok-acel-tablabol-m120-mm-matt-fekete\/#primaryimage"},"thumbnailUrl":"https:\/\/esemineu.ro\/wp-content\/uploads\/2023\/09\/F2.jpg","datePublished":"2022-06-27T12:32:56+00:00","dateModified":"2026-02-19T08:24:12+00:00","description":"45 fokos ac\u00e9l k\u00f6ny\u00f6k, Ac\u00e9l t\u00e1bl\u00e1b\u00f3l, M120 mm, matt fekete | eSemineu.ro | Tov\u00e1bbi aj\u00e1nlatok a F\u00fcstcs\u00f6vek kateg\u00f3ri\u00e1ba, Te rakod a t\u00fczet, mi adjuk a meleget.","breadcrumb":{"@id":"https:\/\/esemineu.ro\/hu\/termek\/45-fokos-acel-konyok-acel-tablabol-m120-mm-matt-fekete\/#breadcrumb"},"inLanguage":"hu","potentialAction":[{"@type":"ReadAction","target":["https:\/\/esemineu.ro\/hu\/termek\/45-fokos-acel-konyok-acel-tablabol-m120-mm-matt-fekete\/"]}]},{"@type":"ImageObject","inLanguage":"hu","@id":"https:\/\/esemineu.ro\/hu\/termek\/45-fokos-acel-konyok-acel-tablabol-m120-mm-matt-fekete\/#primaryimage","url":"https:\/\/esemineu.ro\/wp-content\/uploads\/2023\/09\/F2.jpg","contentUrl":"https:\/\/esemineu.ro\/wp-content\/uploads\/2023\/09\/F2.jpg","width":1000,"height":1000},{"@type":"BreadcrumbList","@id":"https:\/\/esemineu.ro\/hu\/termek\/45-fokos-acel-konyok-acel-tablabol-m120-mm-matt-fekete\/#breadcrumb","itemListElement":[{"@type":"ListItem","position":1,"name":"Kezd\u0151lap","item":"https:\/\/esemineu.ro\/hu\/"},{"@type":"ListItem","position":2,"name":"\u00c1ruh\u00e1z","item":"https:\/\/esemineu.ro\/hu\/aruhaz\/"},{"@type":"ListItem","position":3,"name":"45 fokos ac\u00e9l k\u00f6ny\u00f6k, Ac\u00e9l t\u00e1bl\u00e1b\u00f3l, M120 mm, matt fekete"}]},{"@type":"WebSite","@id":"https:\/\/esemineu.ro\/hu\/#website","url":"https:\/\/esemineu.ro\/hu\/","name":"eSemineu","description":"\u0218eminee de cea mai \u00eenalt\u0103 calitate","potentialAction":[{"@type":"SearchAction","target":{"@type":"EntryPoint","urlTemplate":"https:\/\/esemineu.ro\/hu\/?s={search_term_string}"},"query-input":{"@type":"PropertyValueSpecification","valueRequired":true,"valueName":"search_term_string"}}],"inLanguage":"hu"}]}},"_links":{"self":[{"href":"https:\/\/esemineu.ro\/hu\/wp-json\/wp\/v2\/product\/4652","targetHints":{"allow":["GET"]}}],"collection":[{"href":"https:\/\/esemineu.ro\/hu\/wp-json\/wp\/v2\/product"}],"about":[{"href":"https:\/\/esemineu.ro\/hu\/wp-json\/wp\/v2\/types\/product"}],"replies":[{"embeddable":true,"href":"https:\/\/esemineu.ro\/hu\/wp-json\/wp\/v2\/comments?post=4652"}],"wp:featuredmedia":[{"embeddable":true,"href":"https:\/\/esemineu.ro\/hu\/wp-json\/wp\/v2\/media\/11937"}],"wp:attachment":[{"href":"https:\/\/esemineu.ro\/hu\/wp-json\/wp\/v2\/media?parent=4652"}],"wp:term":[{"taxonomy":"product_brand","embeddable":true,"href":"https:\/\/esemineu.ro\/hu\/wp-json\/wp\/v2\/product_brand?post=4652"},{"taxonomy":"product_cat","embeddable":true,"href":"https:\/\/esemineu.ro\/hu\/wp-json\/wp\/v2\/product_cat?post=4652"},{"taxonomy":"product_tag","embeddable":true,"href":"https:\/\/esemineu.ro\/hu\/wp-json\/wp\/v2\/product_tag?post=4652"}],"curies":[{"name":"wp","href":"https:\/\/api.w.org\/{rel}","templated":true}]}}