{"id":4649,"date":"2022-09-17T10:31:39","date_gmt":"2022-09-17T08:31:39","guid":{"rendered":"https:\/\/esemineu.ro\/product\/burlan-recuperator-economizor-emailat-negru120mm-negru-lucios\/"},"modified":"2023-09-04T01:48:12","modified_gmt":"2023-09-03T22:48:12","slug":"hofokozo-dob-zomancozott-fenyes-fekete-120-mm-2","status":"publish","type":"product","link":"https:\/\/esemineu.ro\/hu\/termek\/hofokozo-dob-zomancozott-fenyes-fekete-120-mm-2\/","title":{"rendered":"H\u0151fokoz\u00f3 dob, zom\u00e1ncozott f\u00e9nyes fekete, 120 mm"},"content":{"rendered":"<p>A h\u0151fokoz\u00f3 dob fekete zom\u00e1ncozott ac\u00e9llemezb\u0151l k\u00e9sz\u00fcl, amely f\u00e9nyes fel\u00fclettel rendelkezik, hogy kellemes megjelen\u00e9st biztos\u00edtson \u00e9s v\u00e9djen a korr\u00f3zi\u00f3t\u00f3l.<\/p>\n<p>A h\u0151dob vagy m\u00e1s sz\u00f3val a h\u0151fokoz\u00f3 extra hat\u00e9konys\u00e1got k\u00edn\u00e1l, \u00e9s 3 kW kal\u00f3riateljes\u00edtm\u00e9ny\u0171. Melegs\u00e9g, amely t\u00e1vozna k\u00e9m\u00e9ny\u00e9n kereszt\u00fcl a h\u00e1zb\u00f3l, hogy hogy ha nincs felszerelve h\u0151dobbal.<\/p>\n<p><strong>Aj\u00e1nljuk:<\/strong><\/p>\n<p>A cser\u00e9pk\u00e1lyh\u00e1k eset\u00e9ben, am\u00edg az felmelegedne, a h\u0151fokoz\u00f3 f\u0171ti a helyis\u00e9get. Amikor a t\u0171z m\u00e1r kialudt, felmeleg\u00edti a cser\u00e9pk\u00e1lyh\u00e1t.<\/p>\n<p>M\u00e1s \u00f6sszek\u00f6t\u0151 elemekkel egy\u00fctt elv\u00e9gzi a f\u00fcstelvezet\u00e9st.<\/p>\n<p>Hossza 620 mm, \u00e1tm\u00e9r\u0151je 120 mm, \u00e9s 400 \u00b0 C-ig ellen\u00e1ll a h\u0151m\u00e9rs\u00e9kletnek.<\/p>\n<p>A zom\u00e1ncozott f\u00e9nyes fekete h\u0151dobot kartondobozban sz\u00e1ll\u00edtjuk<\/p>\n<p>Tov\u00e1bbi cs\u0151aj\u00e1nlatok\u00e9rt kattintson <a href=\"https:\/\/esemineu.ro\/hu\/termek-kategoria\/fustcsovek\/\">ide<\/a><\/p>\n<p>&nbsp;<\/p>\n<p>Te rakod a t\u00fczet, mi adjuk a meleget | eSemineu.ro<\/p>\n","protected":false},"excerpt":{"rendered":"<p>A h\u0151fokoz\u00f3 dob fekete zom\u00e1ncozott ac\u00e9llemezb\u0151l k\u00e9sz\u00fcl, amely f\u00e9nyes fel\u00fclettel rendelkezik, hogy kellemes megjelen\u00e9st biztos\u00edtson \u00e9s v\u00e9djen a korr\u00f3zi\u00f3t\u00f3l. A h\u0151dob vagy m\u00e1s sz\u00f3val a h\u0151fokoz\u00f3 extra hat\u00e9konys\u00e1got k\u00edn\u00e1l, \u00e9s 3 kW kal\u00f3riateljes\u00edtm\u00e9ny\u0171. Melegs\u00e9g, amely t\u00e1vozna k\u00e9m\u00e9ny\u00e9n kereszt\u00fcl a h\u00e1zb\u00f3l, hogy hogy ha nincs felszerelve h\u0151dobbal. Aj\u00e1nljuk: A cser\u00e9pk\u00e1lyh\u00e1k eset\u00e9ben, am\u00edg az felmelegedne, a h\u0151fokoz\u00f3 f\u0171ti a helyis\u00e9get. Amikor a t\u0171z m\u00e1r kialudt, felmeleg\u00edti a cser\u00e9pk\u00e1lyh\u00e1t. M\u00e1s \u00f6sszek\u00f6t\u0151 elemekkel egy\u00fctt elv\u00e9gzi a f\u00fcstelvezet\u00e9st. Hossza 620 mm, \u00e1tm\u00e9r\u0151je 120 mm, \u00e9s 400 \u00b0 C-ig ellen\u00e1ll a h\u0151m\u00e9rs\u00e9kletnek. A zom\u00e1ncozott f\u00e9nyes fekete h\u0151dobot kartondobozban sz\u00e1ll\u00edtjuk Tov\u00e1bbi cs\u0151aj\u00e1nlatok\u00e9rt kattintson ide &nbsp; Te rakod a t\u00fczet, mi adjuk a meleget | eSemineu.ro<\/p>\n","protected":false},"featured_media":11973,"comment_status":"open","ping_status":"closed","template":"","meta":[],"product_brand":[700],"product_cat":[779,778],"product_tag":[],"class_list":{"0":"post-4649","1":"product","2":"type-product","3":"status-publish","4":"has-post-thumbnail","6":"product_brand-koleno-emajl","7":"product_cat-fustcsovek","8":"product_cat-zomancozott-fustcsovek","9":"product_shipping_class-fustcsovek","10":"pa_culoare-fekete","11":"pa_diametru-teava-120mm-hu","12":"pa_grosime-material-05mm-hu","13":"pa_material-zomancozott-acel","15":"first","16":"instock","17":"sale","18":"featured","19":"shipping-taxable","20":"purchasable","21":"product-type-simple"},"acf":[],"yoast_head":"<!-- This site is optimized with the Yoast SEO Premium plugin v21.0 (Yoast SEO v27.3) - https:\/\/yoast.com\/product\/yoast-seo-premium-wordpress\/ -->\n<title>H\u0151fokoz\u00f3 dob, zom\u00e1ncozott f\u00e9nyes fekete, 120 mm | eSemineu.ro<\/title>\n<meta name=\"description\" content=\"H\u0151fokoz\u00f3 dob, zom\u00e1ncozott f\u00e9nyes fekete. H\u0151takar\u00e9koss\u00e1g | eSemineu.ro | Te rakod a t\u00fczet, mi adjuk a meleget!\" \/>\n<meta name=\"robots\" content=\"index, follow, max-snippet:-1, max-image-preview:large, max-video-preview:-1\" \/>\n<link rel=\"canonical\" href=\"https:\/\/esemineu.ro\/hu\/termek\/hofokozo-dob-zomancozott-fenyes-fekete-120-mm-2\/\" \/>\n<meta property=\"og:locale\" content=\"hu_HU\" \/>\n<meta property=\"og:type\" content=\"article\" \/>\n<meta property=\"og:title\" content=\"H\u0151fokoz\u00f3 dob, zom\u00e1ncozott f\u00e9nyes fekete, 120 mm | eSemineu.ro\" \/>\n<meta property=\"og:description\" content=\"H\u0151fokoz\u00f3 dob, zom\u00e1ncozott f\u00e9nyes fekete. H\u0151takar\u00e9koss\u00e1g | eSemineu.ro | Te rakod a t\u00fczet, mi adjuk a meleget!\" \/>\n<meta property=\"og:url\" content=\"https:\/\/esemineu.ro\/hu\/termek\/hofokozo-dob-zomancozott-fenyes-fekete-120-mm-2\/\" \/>\n<meta property=\"og:site_name\" content=\"eSemineu\" \/>\n<meta property=\"article:publisher\" content=\"https:\/\/web.facebook.com\/eSemineu\" \/>\n<meta property=\"article:modified_time\" content=\"2023-09-03T22:48:12+00:00\" \/>\n<meta property=\"og:image\" content=\"https:\/\/esemineu.ro\/wp-content\/uploads\/2023\/09\/Front-1-9.jpg\" \/>\n\t<meta property=\"og:image:width\" content=\"1000\" \/>\n\t<meta property=\"og:image:height\" content=\"1000\" \/>\n\t<meta property=\"og:image:type\" content=\"image\/jpeg\" \/>\n<meta name=\"twitter:card\" content=\"summary_large_image\" \/>\n<meta name=\"twitter:label1\" content=\"Becs\u00fclt olvas\u00e1si id\u0151\" \/>\n\t<meta name=\"twitter:data1\" content=\"1 perc\" \/>\n<script type=\"application\/ld+json\" class=\"yoast-schema-graph\">{\"@context\":\"https:\\\/\\\/schema.org\",\"@graph\":[{\"@type\":\"WebPage\",\"@id\":\"https:\\\/\\\/esemineu.ro\\\/hu\\\/termek\\\/hofokozo-dob-zomancozott-fenyes-fekete-120-mm-2\\\/\",\"url\":\"https:\\\/\\\/esemineu.ro\\\/hu\\\/termek\\\/hofokozo-dob-zomancozott-fenyes-fekete-120-mm-2\\\/\",\"name\":\"H\u0151fokoz\u00f3 dob, zom\u00e1ncozott f\u00e9nyes fekete, 120 mm | eSemineu.ro\",\"isPartOf\":{\"@id\":\"https:\\\/\\\/esemineu.ro\\\/hu\\\/#website\"},\"primaryImageOfPage\":{\"@id\":\"https:\\\/\\\/esemineu.ro\\\/hu\\\/termek\\\/hofokozo-dob-zomancozott-fenyes-fekete-120-mm-2\\\/#primaryimage\"},\"image\":{\"@id\":\"https:\\\/\\\/esemineu.ro\\\/hu\\\/termek\\\/hofokozo-dob-zomancozott-fenyes-fekete-120-mm-2\\\/#primaryimage\"},\"thumbnailUrl\":\"https:\\\/\\\/esemineu.ro\\\/wp-content\\\/uploads\\\/2023\\\/09\\\/Front-1-9.jpg\",\"datePublished\":\"2022-09-17T08:31:39+00:00\",\"dateModified\":\"2023-09-03T22:48:12+00:00\",\"description\":\"H\u0151fokoz\u00f3 dob, zom\u00e1ncozott f\u00e9nyes fekete. H\u0151takar\u00e9koss\u00e1g | eSemineu.ro | Te rakod a t\u00fczet, mi adjuk a meleget!\",\"breadcrumb\":{\"@id\":\"https:\\\/\\\/esemineu.ro\\\/hu\\\/termek\\\/hofokozo-dob-zomancozott-fenyes-fekete-120-mm-2\\\/#breadcrumb\"},\"inLanguage\":\"hu\",\"potentialAction\":[{\"@type\":\"ReadAction\",\"target\":[\"https:\\\/\\\/esemineu.ro\\\/hu\\\/termek\\\/hofokozo-dob-zomancozott-fenyes-fekete-120-mm-2\\\/\"]}]},{\"@type\":\"ImageObject\",\"inLanguage\":\"hu\",\"@id\":\"https:\\\/\\\/esemineu.ro\\\/hu\\\/termek\\\/hofokozo-dob-zomancozott-fenyes-fekete-120-mm-2\\\/#primaryimage\",\"url\":\"https:\\\/\\\/esemineu.ro\\\/wp-content\\\/uploads\\\/2023\\\/09\\\/Front-1-9.jpg\",\"contentUrl\":\"https:\\\/\\\/esemineu.ro\\\/wp-content\\\/uploads\\\/2023\\\/09\\\/Front-1-9.jpg\",\"width\":1000,\"height\":1000},{\"@type\":\"BreadcrumbList\",\"@id\":\"https:\\\/\\\/esemineu.ro\\\/hu\\\/termek\\\/hofokozo-dob-zomancozott-fenyes-fekete-120-mm-2\\\/#breadcrumb\",\"itemListElement\":[{\"@type\":\"ListItem\",\"position\":1,\"name\":\"Kezd\u0151lap\",\"item\":\"https:\\\/\\\/esemineu.ro\\\/hu\\\/\"},{\"@type\":\"ListItem\",\"position\":2,\"name\":\"\u00c1ruh\u00e1z\",\"item\":\"https:\\\/\\\/esemineu.ro\\\/hu\\\/aruhaz\\\/\"},{\"@type\":\"ListItem\",\"position\":3,\"name\":\"H\u0151fokoz\u00f3 dob, zom\u00e1ncozott f\u00e9nyes fekete, 120 mm\"}]},{\"@type\":\"WebSite\",\"@id\":\"https:\\\/\\\/esemineu.ro\\\/hu\\\/#website\",\"url\":\"https:\\\/\\\/esemineu.ro\\\/hu\\\/\",\"name\":\"eSemineu\",\"description\":\"\u0218eminee de cea mai \u00eenalt\u0103 calitate\",\"potentialAction\":[{\"@type\":\"SearchAction\",\"target\":{\"@type\":\"EntryPoint\",\"urlTemplate\":\"https:\\\/\\\/esemineu.ro\\\/hu\\\/?s={search_term_string}\"},\"query-input\":{\"@type\":\"PropertyValueSpecification\",\"valueRequired\":true,\"valueName\":\"search_term_string\"}}],\"inLanguage\":\"hu\"}]}<\/script>\n<!-- \/ Yoast SEO Premium plugin. -->","yoast_head_json":{"title":"H\u0151fokoz\u00f3 dob, zom\u00e1ncozott f\u00e9nyes fekete, 120 mm | eSemineu.ro","description":"H\u0151fokoz\u00f3 dob, zom\u00e1ncozott f\u00e9nyes fekete. H\u0151takar\u00e9koss\u00e1g | eSemineu.ro | Te rakod a t\u00fczet, mi adjuk a meleget!","robots":{"index":"index","follow":"follow","max-snippet":"max-snippet:-1","max-image-preview":"max-image-preview:large","max-video-preview":"max-video-preview:-1"},"canonical":"https:\/\/esemineu.ro\/hu\/termek\/hofokozo-dob-zomancozott-fenyes-fekete-120-mm-2\/","og_locale":"hu_HU","og_type":"article","og_title":"H\u0151fokoz\u00f3 dob, zom\u00e1ncozott f\u00e9nyes fekete, 120 mm | eSemineu.ro","og_description":"H\u0151fokoz\u00f3 dob, zom\u00e1ncozott f\u00e9nyes fekete. H\u0151takar\u00e9koss\u00e1g | eSemineu.ro | Te rakod a t\u00fczet, mi adjuk a meleget!","og_url":"https:\/\/esemineu.ro\/hu\/termek\/hofokozo-dob-zomancozott-fenyes-fekete-120-mm-2\/","og_site_name":"eSemineu","article_publisher":"https:\/\/web.facebook.com\/eSemineu","article_modified_time":"2023-09-03T22:48:12+00:00","og_image":[{"width":1000,"height":1000,"url":"https:\/\/esemineu.ro\/wp-content\/uploads\/2023\/09\/Front-1-9.jpg","type":"image\/jpeg"}],"twitter_card":"summary_large_image","twitter_misc":{"Becs\u00fclt olvas\u00e1si id\u0151":"1 perc"},"schema":{"@context":"https:\/\/schema.org","@graph":[{"@type":"WebPage","@id":"https:\/\/esemineu.ro\/hu\/termek\/hofokozo-dob-zomancozott-fenyes-fekete-120-mm-2\/","url":"https:\/\/esemineu.ro\/hu\/termek\/hofokozo-dob-zomancozott-fenyes-fekete-120-mm-2\/","name":"H\u0151fokoz\u00f3 dob, zom\u00e1ncozott f\u00e9nyes fekete, 120 mm | eSemineu.ro","isPartOf":{"@id":"https:\/\/esemineu.ro\/hu\/#website"},"primaryImageOfPage":{"@id":"https:\/\/esemineu.ro\/hu\/termek\/hofokozo-dob-zomancozott-fenyes-fekete-120-mm-2\/#primaryimage"},"image":{"@id":"https:\/\/esemineu.ro\/hu\/termek\/hofokozo-dob-zomancozott-fenyes-fekete-120-mm-2\/#primaryimage"},"thumbnailUrl":"https:\/\/esemineu.ro\/wp-content\/uploads\/2023\/09\/Front-1-9.jpg","datePublished":"2022-09-17T08:31:39+00:00","dateModified":"2023-09-03T22:48:12+00:00","description":"H\u0151fokoz\u00f3 dob, zom\u00e1ncozott f\u00e9nyes fekete. H\u0151takar\u00e9koss\u00e1g | eSemineu.ro | Te rakod a t\u00fczet, mi adjuk a meleget!","breadcrumb":{"@id":"https:\/\/esemineu.ro\/hu\/termek\/hofokozo-dob-zomancozott-fenyes-fekete-120-mm-2\/#breadcrumb"},"inLanguage":"hu","potentialAction":[{"@type":"ReadAction","target":["https:\/\/esemineu.ro\/hu\/termek\/hofokozo-dob-zomancozott-fenyes-fekete-120-mm-2\/"]}]},{"@type":"ImageObject","inLanguage":"hu","@id":"https:\/\/esemineu.ro\/hu\/termek\/hofokozo-dob-zomancozott-fenyes-fekete-120-mm-2\/#primaryimage","url":"https:\/\/esemineu.ro\/wp-content\/uploads\/2023\/09\/Front-1-9.jpg","contentUrl":"https:\/\/esemineu.ro\/wp-content\/uploads\/2023\/09\/Front-1-9.jpg","width":1000,"height":1000},{"@type":"BreadcrumbList","@id":"https:\/\/esemineu.ro\/hu\/termek\/hofokozo-dob-zomancozott-fenyes-fekete-120-mm-2\/#breadcrumb","itemListElement":[{"@type":"ListItem","position":1,"name":"Kezd\u0151lap","item":"https:\/\/esemineu.ro\/hu\/"},{"@type":"ListItem","position":2,"name":"\u00c1ruh\u00e1z","item":"https:\/\/esemineu.ro\/hu\/aruhaz\/"},{"@type":"ListItem","position":3,"name":"H\u0151fokoz\u00f3 dob, zom\u00e1ncozott f\u00e9nyes fekete, 120 mm"}]},{"@type":"WebSite","@id":"https:\/\/esemineu.ro\/hu\/#website","url":"https:\/\/esemineu.ro\/hu\/","name":"eSemineu","description":"\u0218eminee de cea mai \u00eenalt\u0103 calitate","potentialAction":[{"@type":"SearchAction","target":{"@type":"EntryPoint","urlTemplate":"https:\/\/esemineu.ro\/hu\/?s={search_term_string}"},"query-input":{"@type":"PropertyValueSpecification","valueRequired":true,"valueName":"search_term_string"}}],"inLanguage":"hu"}]}},"_links":{"self":[{"href":"https:\/\/esemineu.ro\/hu\/wp-json\/wp\/v2\/product\/4649","targetHints":{"allow":["GET"]}}],"collection":[{"href":"https:\/\/esemineu.ro\/hu\/wp-json\/wp\/v2\/product"}],"about":[{"href":"https:\/\/esemineu.ro\/hu\/wp-json\/wp\/v2\/types\/product"}],"replies":[{"embeddable":true,"href":"https:\/\/esemineu.ro\/hu\/wp-json\/wp\/v2\/comments?post=4649"}],"wp:featuredmedia":[{"embeddable":true,"href":"https:\/\/esemineu.ro\/hu\/wp-json\/wp\/v2\/media\/11973"}],"wp:attachment":[{"href":"https:\/\/esemineu.ro\/hu\/wp-json\/wp\/v2\/media?parent=4649"}],"wp:term":[{"taxonomy":"product_brand","embeddable":true,"href":"https:\/\/esemineu.ro\/hu\/wp-json\/wp\/v2\/product_brand?post=4649"},{"taxonomy":"product_cat","embeddable":true,"href":"https:\/\/esemineu.ro\/hu\/wp-json\/wp\/v2\/product_cat?post=4649"},{"taxonomy":"product_tag","embeddable":true,"href":"https:\/\/esemineu.ro\/hu\/wp-json\/wp\/v2\/product_tag?post=4649"}],"curies":[{"name":"wp","href":"https:\/\/api.w.org\/{rel}","templated":true}]}}