{"id":4640,"date":"2022-10-12T04:19:04","date_gmt":"2022-10-12T02:19:04","guid":{"rendered":"https:\/\/esemineu.ro\/product\/boiler-electric-tesy-bilight-100l\/"},"modified":"2024-05-31T11:25:29","modified_gmt":"2024-05-31T09:25:29","slug":"100l-villanybojler-tesy-bilight-gcv1004420b11tsr-2000w","status":"publish","type":"product","link":"https:\/\/esemineu.ro\/hu\/termek\/100l-villanybojler-tesy-bilight-gcv1004420b11tsr-2000w\/","title":{"rendered":"100L Villanybojler Tesy BiLight, GCV1004420B11TSR, 2000W"},"content":{"rendered":"<p>100L Villanybojler Tesy BiLight<\/p>\n<div class=\"flow-root u-space-mb-10 u-space-mt-10 u-space-pt-10 u-space-pb-10\">\n<div class=\"\">\n<p>Fedezze fel a Tesy elektromos v\u00edzmeleg\u00edt\u0151 bojler 100L el\u0151nyeit \u00e9s k\u00e9nyelm\u00e9t. Ez a kiv\u00e1l\u00f3 min\u0151s\u00e9g\u0171 v\u00edzmeleg\u00edt\u0151 k\u00e9sz\u00fcl\u00e9k megb\u00edzhat\u00f3 \u00e9s hat\u00e9kony m\u0171k\u00f6d\u00e9st biztos\u00edt, \u00edgy \u00d6n mindig meleg vizet \u00e9lvezhet az otthon\u00e1ban vagy \u00fczleti k\u00f6rnyezet\u00e9ben.<\/p>\n<p>A 100L Villanybojler Tesy BiLight kiv\u00e1l\u00f3 v\u00e1laszt\u00e1s otthoni melegv\u00edz-sz\u00fcks\u00e9gletek kiel\u00e9g\u00edt\u00e9s\u00e9re. Ez a modern \u00e9s innovat\u00edv k\u00e9sz\u00fcl\u00e9k sz\u00e1mos el\u0151ny\u00f6s tulajdons\u00e1ggal rendelkezik, amelyeket a k\u00f6vetkez\u0151kben r\u00e9szletez\u00fcnk.<\/p>\n<p>A Crystal Tech technol\u00f3gia az \u00f6sszes TESY kaz\u00e1n v\u00edztart\u00e1ly\u00e1nak \u00faj zom\u00e1ncbevonat\u00e1t jelenti. Ez a speci\u00e1lis bevonat egyenletes vastags\u00e1geloszl\u00e1st \u00e9s kiv\u00e1l\u00f3 tapad\u00e1st biztos\u00edt a f\u00e9mhez, ami a kaz\u00e1n kiemelked\u0151 szil\u00e1rds\u00e1g\u00e1t garant\u00e1lja. A bevonat magas mennyis\u00e9g\u0171 tit\u00e1niumot tartalmaz, amely m\u00e9g nagyobb tart\u00f3ss\u00e1got \u00e9s ellen\u00e1ll\u00e1st eredm\u00e9nyez. Ezenk\u00edv\u00fcl a Crystal Tech technol\u00f3gia tov\u00e1bbfejlesztett fel\u00fcletet biztos\u00edt, amely nagyobb kop\u00e1s\u00e1ll\u00f3s\u00e1got ny\u00fajt, f\u00fcggetlen\u00fcl a v\u00edz jelleg\u00e9t\u0151l. Ez megb\u00edzhat\u00f3 korr\u00f3zi\u00f3v\u00e9delmet \u00e9s hossz\u00fa t\u00e1v\u00fa, probl\u00e9mamentes haszn\u00e1latot eredm\u00e9nyez.<\/p>\n<p>Az Insutech technol\u00f3gia a rendk\u00edv\u00fcl hat\u00e9kony szigetel\u00e9st szolg\u00e1lja. Ez a prec\u00edzi\u00f3s technol\u00f3gia v\u00e9di a melegv\u00edz h\u0171t\u00e9s\u00e9t a tart\u00e1lyban a felhaszn\u00e1l\u00e1sig. Az innovat\u00edv kialak\u00edt\u00e1snak k\u00f6sz\u00f6nhet\u0151en nincs h\u0151h\u00edd a tart\u00e1ly \u00e9s a falra szerelhet\u0151 tart\u00f3 k\u00f6z\u00f6tt, \u00edgy ak\u00e1r 16%-kal alacsonyabb h\u0151vesztes\u00e9g \u00e9rhet\u0151 el. A v\u00edztart\u00e1ly t\u00f6k\u00e9letes igaz\u00edt\u00e1sa a burkolat ment\u00e9n \u00e9s a szigetel\u00e9s pontos h\u0151m\u00e9rs\u00e9kleten t\u00f6rt\u00e9n\u0151 eloszl\u00e1sa biztos\u00edtja a nagy s\u0171r\u0171s\u00e9g\u0171 poliuret\u00e1n szigetel\u00e9s egyenletes eloszl\u00e1s\u00e1t.<\/p>\n<p>A plazmahegeszt\u00e9s egy cs\u00facstechnol\u00f3gi\u00e1s m\u00f3dszer a v\u00edztart\u00e1lyok gy\u00e1rt\u00e1s\u00e1hoz. Ez a prec\u00edzi\u00f3s technol\u00f3gia a v\u00edztart\u00e1ly ac\u00e9llemez\u00e9n\u00e9l megegyez\u0151 hegeszt\u00e9si r\u00e9tegvastags\u00e1got \u00e9s sima fel\u00fcletet biztos\u00edt, amely t\u00f6k\u00e9letesen illeszkedik a kiv\u00e1l\u00f3 min\u0151s\u00e9g\u0171 \u00fcvegker\u00e1mia bevonathoz. Az elektronikus vez\u00e9rl\u00e9s garant\u00e1lja a stabil hegeszt\u00e9si folyamatot, \u00edgy a v\u00edztart\u00e1ly hossz\u00fa \u00e9lettartamot \u00e9s kiv\u00e1l\u00f3 teljes\u00edtm\u00e9nyt biztos\u00edt.<\/p>\n<p>A dugatty\u00fa hegeszt\u00e9s innovat\u00edv kialak\u00edt\u00e1s\u00fa rozsdamentes ac\u00e9l hidegv\u00edz-f\u00fav\u00f3k\u00e1t jelent, amely minimaliz\u00e1lja a hideg \u00e9s meleg v\u00edz kevered\u00e9s\u00e9t. Ez ak\u00e1r 15%-kal t\u00f6bb vizet biztos\u00edt a fogyaszt\u00f3nak, \u00edgy optim\u00e1lis melegv\u00edzell\u00e1t\u00e1st ny\u00fajtva.<\/p>\n<h6>Sz\u00e1ll\u00edt\u00e1si hat\u00e1rid\u0151:<\/h6>\n<ul>\n<li><strong>Magyarorsz\u00e1g \u00e9s az eg\u00e9sz Eur\u00f3pai Uni\u00f3 ter\u00fclet\u00e9n<\/strong>\u00a0is sz\u00e1ll\u00edtjuk.<\/li>\n<li>Rom\u00e1ni\u00e1ba 2-3 munkanap alatt sz\u00e1ll\u00edtjuk<\/li>\n<li>Magyarorsz\u00e1gra \u00e9s az EU ter\u00fclet\u00e9re az \u00e1tutal\u00e1s ut\u00e1n 5 munkanapon bel\u00fcl \u00e9rkezik meg a term\u00e9k.<\/li>\n<\/ul>\n<p>Ha b\u00e1rmilyen k\u00e9rd\u00e9se van, k\u00e9rj\u00fck, l\u00e9pjen kapcsolatba vel\u00fcnk.<\/p>\n<p>Tov\u00e1bbi aj\u00e1nlatok\u00e9rt kattintson\u00a0<a href=\"https:\/\/esemineu.ro\/hu\/termek-kategoria\/elektromos-vizmelegito-bojler\/\">ide<\/a><\/p>\n<p>T\u00f6bb inform\u00e1ci\u00f3\u00e9rt l\u00e1togasson el <a href=\"https:\/\/www.youtube.com\/@esemineuromania\">YouTube<\/a>-csatorn\u00e1nkra, valamint\u00a0<a href=\"https:\/\/www.facebook.com\/eSemineu\">Facebook<\/a>\u00a0\u00e9s\u00a0<a href=\"https:\/\/www.instagram.com\/esemineu\/\">Instagram<\/a>\u00a0oldalainkra.<\/p>\n<p><a href=\"https:\/\/esemineu.ro\/\">eSemineu.ro<\/a>\u00a0 \u00a0Te rakod a t\u00fczet, mi adjuk a meleget!<\/p>\n<\/div>\n<\/div>\n","protected":false},"excerpt":{"rendered":"<p>100L Villanybojler Tesy BiLight Fedezze fel a Tesy elektromos v\u00edzmeleg\u00edt\u0151 bojler 100L el\u0151nyeit \u00e9s k\u00e9nyelm\u00e9t. Ez a kiv\u00e1l\u00f3 min\u0151s\u00e9g\u0171 v\u00edzmeleg\u00edt\u0151 k\u00e9sz\u00fcl\u00e9k megb\u00edzhat\u00f3 \u00e9s hat\u00e9kony m\u0171k\u00f6d\u00e9st biztos\u00edt, \u00edgy \u00d6n mindig meleg vizet \u00e9lvezhet az otthon\u00e1ban vagy \u00fczleti k\u00f6rnyezet\u00e9ben. A 100L Villanybojler Tesy BiLight kiv\u00e1l\u00f3 v\u00e1laszt\u00e1s otthoni melegv\u00edz-sz\u00fcks\u00e9gletek kiel\u00e9g\u00edt\u00e9s\u00e9re. Ez a modern \u00e9s innovat\u00edv k\u00e9sz\u00fcl\u00e9k sz\u00e1mos el\u0151ny\u00f6s tulajdons\u00e1ggal rendelkezik, amelyeket a k\u00f6vetkez\u0151kben r\u00e9szletez\u00fcnk. A Crystal Tech technol\u00f3gia az \u00f6sszes TESY kaz\u00e1n v\u00edztart\u00e1ly\u00e1nak \u00faj zom\u00e1ncbevonat\u00e1t jelenti. Ez a speci\u00e1lis bevonat egyenletes vastags\u00e1geloszl\u00e1st \u00e9s kiv\u00e1l\u00f3 tapad\u00e1st biztos\u00edt a f\u00e9mhez, ami a kaz\u00e1n kiemelked\u0151 szil\u00e1rds\u00e1g\u00e1t garant\u00e1lja. A bevonat magas mennyis\u00e9g\u0171 tit\u00e1niumot tartalmaz, amely m\u00e9g nagyobb tart\u00f3ss\u00e1got \u00e9s ellen\u00e1ll\u00e1st eredm\u00e9nyez. Ezenk\u00edv\u00fcl a Crystal Tech technol\u00f3gia tov\u00e1bbfejlesztett fel\u00fcletet biztos\u00edt, amely nagyobb kop\u00e1s\u00e1ll\u00f3s\u00e1got ny\u00fajt, f\u00fcggetlen\u00fcl a v\u00edz jelleg\u00e9t\u0151l. Ez megb\u00edzhat\u00f3 korr\u00f3zi\u00f3v\u00e9delmet \u00e9s hossz\u00fa t\u00e1v\u00fa, probl\u00e9mamentes haszn\u00e1latot eredm\u00e9nyez. Az Insutech technol\u00f3gia a rendk\u00edv\u00fcl hat\u00e9kony szigetel\u00e9st szolg\u00e1lja. Ez a prec\u00edzi\u00f3s technol\u00f3gia v\u00e9di a melegv\u00edz h\u0171t\u00e9s\u00e9t a tart\u00e1lyban a felhaszn\u00e1l\u00e1sig. Az &hellip; <a href=\"https:\/\/esemineu.ro\/hu\/termek\/100l-villanybojler-tesy-bilight-gcv1004420b11tsr-2000w\/\">Folytatva<\/a><\/p>\n","protected":false},"featured_media":12031,"comment_status":"open","ping_status":"closed","template":"","meta":[],"product_brand":[711],"product_cat":[962],"product_tag":[],"class_list":{"0":"post-4640","1":"product","2":"type-product","3":"status-publish","4":"has-post-thumbnail","6":"product_brand-tesy","7":"product_cat-villanybojlerek","8":"product_shipping_class-elektromos-vizmelegito-bojler","9":"pa_capacitate-100-l-hu","10":"pa_clasa-energetica-c-hu-2","11":"pa_control-mechanikus","12":"pa_instalare-fuggoleges","13":"pa_instant-nem","14":"pa_model-gcv1004420-hu","15":"pa_presiune-maxima-bar-8-hu","16":"pa_putere-2000-w-hu","17":"pa_timp-de-incalzire-min-2h-36-min-15c-60c-hu","18":"producer-magdolna-impex","20":"first","21":"instock","22":"shipping-taxable","23":"purchasable","24":"product-type-simple"},"acf":[],"yoast_head":"<!-- This site is optimized with the Yoast SEO Premium plugin v21.0 (Yoast SEO v27.3) - https:\/\/yoast.com\/product\/yoast-seo-premium-wordpress\/ -->\n<title>100L Villanybojler Tesy BiLight | Villany v\u00edzmeleg\u00edt\u0151 bojler<\/title>\n<meta name=\"description\" content=\"100L Villanybojler Tesy BiLight, GCV1004420B11TSR, 2000W, f\u00fcgg\u0151leges szerel\u00e9s, 2h 36 min felmeleged\u00e9si id\u0151, mechanikus vez\u00e9rl\u00e9s, max. nyom\u00e1s 8 b\u00e1r.\" \/>\n<meta name=\"robots\" content=\"index, follow, max-snippet:-1, max-image-preview:large, max-video-preview:-1\" \/>\n<link rel=\"canonical\" href=\"https:\/\/esemineu.ro\/hu\/termek\/100l-villanybojler-tesy-bilight-gcv1004420b11tsr-2000w\/\" \/>\n<meta property=\"og:locale\" content=\"hu_HU\" \/>\n<meta property=\"og:type\" content=\"article\" \/>\n<meta property=\"og:title\" content=\"100L Villanybojler Tesy BiLight | Villany v\u00edzmeleg\u00edt\u0151 bojler\" \/>\n<meta property=\"og:description\" content=\"100L Villanybojler Tesy BiLight, GCV1004420B11TSR, 2000W, f\u00fcgg\u0151leges szerel\u00e9s, 2h 36 min felmeleged\u00e9si id\u0151, mechanikus vez\u00e9rl\u00e9s, max. nyom\u00e1s 8 b\u00e1r.\" \/>\n<meta property=\"og:url\" content=\"https:\/\/esemineu.ro\/hu\/termek\/100l-villanybojler-tesy-bilight-gcv1004420b11tsr-2000w\/\" \/>\n<meta property=\"og:site_name\" content=\"eSemineu\" \/>\n<meta property=\"article:publisher\" content=\"https:\/\/web.facebook.com\/eSemineu\" \/>\n<meta property=\"article:modified_time\" content=\"2024-05-31T09:25:29+00:00\" \/>\n<meta property=\"og:image\" content=\"https:\/\/esemineu.ro\/wp-content\/uploads\/2023\/09\/Front-1-10.jpg\" \/>\n\t<meta property=\"og:image:width\" content=\"1000\" \/>\n\t<meta property=\"og:image:height\" content=\"1000\" \/>\n\t<meta property=\"og:image:type\" content=\"image\/jpeg\" \/>\n<meta name=\"twitter:card\" content=\"summary_large_image\" \/>\n<meta name=\"twitter:label1\" content=\"Becs\u00fclt olvas\u00e1si id\u0151\" \/>\n\t<meta name=\"twitter:data1\" content=\"4 perc\" \/>\n<script type=\"application\/ld+json\" class=\"yoast-schema-graph\">{\"@context\":\"https:\\\/\\\/schema.org\",\"@graph\":[{\"@type\":\"WebPage\",\"@id\":\"https:\\\/\\\/esemineu.ro\\\/hu\\\/termek\\\/100l-villanybojler-tesy-bilight-gcv1004420b11tsr-2000w\\\/\",\"url\":\"https:\\\/\\\/esemineu.ro\\\/hu\\\/termek\\\/100l-villanybojler-tesy-bilight-gcv1004420b11tsr-2000w\\\/\",\"name\":\"100L Villanybojler Tesy BiLight | Villany v\u00edzmeleg\u00edt\u0151 bojler\",\"isPartOf\":{\"@id\":\"https:\\\/\\\/esemineu.ro\\\/hu\\\/#website\"},\"primaryImageOfPage\":{\"@id\":\"https:\\\/\\\/esemineu.ro\\\/hu\\\/termek\\\/100l-villanybojler-tesy-bilight-gcv1004420b11tsr-2000w\\\/#primaryimage\"},\"image\":{\"@id\":\"https:\\\/\\\/esemineu.ro\\\/hu\\\/termek\\\/100l-villanybojler-tesy-bilight-gcv1004420b11tsr-2000w\\\/#primaryimage\"},\"thumbnailUrl\":\"https:\\\/\\\/esemineu.ro\\\/wp-content\\\/uploads\\\/2023\\\/09\\\/Front-1-10.jpg\",\"datePublished\":\"2022-10-12T02:19:04+00:00\",\"dateModified\":\"2024-05-31T09:25:29+00:00\",\"description\":\"100L Villanybojler Tesy BiLight, GCV1004420B11TSR, 2000W, f\u00fcgg\u0151leges szerel\u00e9s, 2h 36 min felmeleged\u00e9si id\u0151, mechanikus vez\u00e9rl\u00e9s, max. nyom\u00e1s 8 b\u00e1r.\",\"breadcrumb\":{\"@id\":\"https:\\\/\\\/esemineu.ro\\\/hu\\\/termek\\\/100l-villanybojler-tesy-bilight-gcv1004420b11tsr-2000w\\\/#breadcrumb\"},\"inLanguage\":\"hu\",\"potentialAction\":[{\"@type\":\"ReadAction\",\"target\":[\"https:\\\/\\\/esemineu.ro\\\/hu\\\/termek\\\/100l-villanybojler-tesy-bilight-gcv1004420b11tsr-2000w\\\/\"]}]},{\"@type\":\"ImageObject\",\"inLanguage\":\"hu\",\"@id\":\"https:\\\/\\\/esemineu.ro\\\/hu\\\/termek\\\/100l-villanybojler-tesy-bilight-gcv1004420b11tsr-2000w\\\/#primaryimage\",\"url\":\"https:\\\/\\\/esemineu.ro\\\/wp-content\\\/uploads\\\/2023\\\/09\\\/Front-1-10.jpg\",\"contentUrl\":\"https:\\\/\\\/esemineu.ro\\\/wp-content\\\/uploads\\\/2023\\\/09\\\/Front-1-10.jpg\",\"width\":1000,\"height\":1000,\"caption\":\"100L Villanybojler Tesy BiLight\"},{\"@type\":\"BreadcrumbList\",\"@id\":\"https:\\\/\\\/esemineu.ro\\\/hu\\\/termek\\\/100l-villanybojler-tesy-bilight-gcv1004420b11tsr-2000w\\\/#breadcrumb\",\"itemListElement\":[{\"@type\":\"ListItem\",\"position\":1,\"name\":\"Kezd\u0151lap\",\"item\":\"https:\\\/\\\/esemineu.ro\\\/hu\\\/\"},{\"@type\":\"ListItem\",\"position\":2,\"name\":\"\u00c1ruh\u00e1z\",\"item\":\"https:\\\/\\\/esemineu.ro\\\/hu\\\/aruhaz\\\/\"},{\"@type\":\"ListItem\",\"position\":3,\"name\":\"100L Villanybojler Tesy BiLight, GCV1004420B11TSR, 2000W\"}]},{\"@type\":\"WebSite\",\"@id\":\"https:\\\/\\\/esemineu.ro\\\/hu\\\/#website\",\"url\":\"https:\\\/\\\/esemineu.ro\\\/hu\\\/\",\"name\":\"eSemineu\",\"description\":\"\u0218eminee de cea mai \u00eenalt\u0103 calitate\",\"potentialAction\":[{\"@type\":\"SearchAction\",\"target\":{\"@type\":\"EntryPoint\",\"urlTemplate\":\"https:\\\/\\\/esemineu.ro\\\/hu\\\/?s={search_term_string}\"},\"query-input\":{\"@type\":\"PropertyValueSpecification\",\"valueRequired\":true,\"valueName\":\"search_term_string\"}}],\"inLanguage\":\"hu\"}]}<\/script>\n<!-- \/ Yoast SEO Premium plugin. -->","yoast_head_json":{"title":"100L Villanybojler Tesy BiLight | Villany v\u00edzmeleg\u00edt\u0151 bojler","description":"100L Villanybojler Tesy BiLight, GCV1004420B11TSR, 2000W, f\u00fcgg\u0151leges szerel\u00e9s, 2h 36 min felmeleged\u00e9si id\u0151, mechanikus vez\u00e9rl\u00e9s, max. nyom\u00e1s 8 b\u00e1r.","robots":{"index":"index","follow":"follow","max-snippet":"max-snippet:-1","max-image-preview":"max-image-preview:large","max-video-preview":"max-video-preview:-1"},"canonical":"https:\/\/esemineu.ro\/hu\/termek\/100l-villanybojler-tesy-bilight-gcv1004420b11tsr-2000w\/","og_locale":"hu_HU","og_type":"article","og_title":"100L Villanybojler Tesy BiLight | Villany v\u00edzmeleg\u00edt\u0151 bojler","og_description":"100L Villanybojler Tesy BiLight, GCV1004420B11TSR, 2000W, f\u00fcgg\u0151leges szerel\u00e9s, 2h 36 min felmeleged\u00e9si id\u0151, mechanikus vez\u00e9rl\u00e9s, max. nyom\u00e1s 8 b\u00e1r.","og_url":"https:\/\/esemineu.ro\/hu\/termek\/100l-villanybojler-tesy-bilight-gcv1004420b11tsr-2000w\/","og_site_name":"eSemineu","article_publisher":"https:\/\/web.facebook.com\/eSemineu","article_modified_time":"2024-05-31T09:25:29+00:00","og_image":[{"width":1000,"height":1000,"url":"https:\/\/esemineu.ro\/wp-content\/uploads\/2023\/09\/Front-1-10.jpg","type":"image\/jpeg"}],"twitter_card":"summary_large_image","twitter_misc":{"Becs\u00fclt olvas\u00e1si id\u0151":"4 perc"},"schema":{"@context":"https:\/\/schema.org","@graph":[{"@type":"WebPage","@id":"https:\/\/esemineu.ro\/hu\/termek\/100l-villanybojler-tesy-bilight-gcv1004420b11tsr-2000w\/","url":"https:\/\/esemineu.ro\/hu\/termek\/100l-villanybojler-tesy-bilight-gcv1004420b11tsr-2000w\/","name":"100L Villanybojler Tesy BiLight | Villany v\u00edzmeleg\u00edt\u0151 bojler","isPartOf":{"@id":"https:\/\/esemineu.ro\/hu\/#website"},"primaryImageOfPage":{"@id":"https:\/\/esemineu.ro\/hu\/termek\/100l-villanybojler-tesy-bilight-gcv1004420b11tsr-2000w\/#primaryimage"},"image":{"@id":"https:\/\/esemineu.ro\/hu\/termek\/100l-villanybojler-tesy-bilight-gcv1004420b11tsr-2000w\/#primaryimage"},"thumbnailUrl":"https:\/\/esemineu.ro\/wp-content\/uploads\/2023\/09\/Front-1-10.jpg","datePublished":"2022-10-12T02:19:04+00:00","dateModified":"2024-05-31T09:25:29+00:00","description":"100L Villanybojler Tesy BiLight, GCV1004420B11TSR, 2000W, f\u00fcgg\u0151leges szerel\u00e9s, 2h 36 min felmeleged\u00e9si id\u0151, mechanikus vez\u00e9rl\u00e9s, max. nyom\u00e1s 8 b\u00e1r.","breadcrumb":{"@id":"https:\/\/esemineu.ro\/hu\/termek\/100l-villanybojler-tesy-bilight-gcv1004420b11tsr-2000w\/#breadcrumb"},"inLanguage":"hu","potentialAction":[{"@type":"ReadAction","target":["https:\/\/esemineu.ro\/hu\/termek\/100l-villanybojler-tesy-bilight-gcv1004420b11tsr-2000w\/"]}]},{"@type":"ImageObject","inLanguage":"hu","@id":"https:\/\/esemineu.ro\/hu\/termek\/100l-villanybojler-tesy-bilight-gcv1004420b11tsr-2000w\/#primaryimage","url":"https:\/\/esemineu.ro\/wp-content\/uploads\/2023\/09\/Front-1-10.jpg","contentUrl":"https:\/\/esemineu.ro\/wp-content\/uploads\/2023\/09\/Front-1-10.jpg","width":1000,"height":1000,"caption":"100L Villanybojler Tesy BiLight"},{"@type":"BreadcrumbList","@id":"https:\/\/esemineu.ro\/hu\/termek\/100l-villanybojler-tesy-bilight-gcv1004420b11tsr-2000w\/#breadcrumb","itemListElement":[{"@type":"ListItem","position":1,"name":"Kezd\u0151lap","item":"https:\/\/esemineu.ro\/hu\/"},{"@type":"ListItem","position":2,"name":"\u00c1ruh\u00e1z","item":"https:\/\/esemineu.ro\/hu\/aruhaz\/"},{"@type":"ListItem","position":3,"name":"100L Villanybojler Tesy BiLight, GCV1004420B11TSR, 2000W"}]},{"@type":"WebSite","@id":"https:\/\/esemineu.ro\/hu\/#website","url":"https:\/\/esemineu.ro\/hu\/","name":"eSemineu","description":"\u0218eminee de cea mai \u00eenalt\u0103 calitate","potentialAction":[{"@type":"SearchAction","target":{"@type":"EntryPoint","urlTemplate":"https:\/\/esemineu.ro\/hu\/?s={search_term_string}"},"query-input":{"@type":"PropertyValueSpecification","valueRequired":true,"valueName":"search_term_string"}}],"inLanguage":"hu"}]}},"_links":{"self":[{"href":"https:\/\/esemineu.ro\/hu\/wp-json\/wp\/v2\/product\/4640","targetHints":{"allow":["GET"]}}],"collection":[{"href":"https:\/\/esemineu.ro\/hu\/wp-json\/wp\/v2\/product"}],"about":[{"href":"https:\/\/esemineu.ro\/hu\/wp-json\/wp\/v2\/types\/product"}],"replies":[{"embeddable":true,"href":"https:\/\/esemineu.ro\/hu\/wp-json\/wp\/v2\/comments?post=4640"}],"wp:featuredmedia":[{"embeddable":true,"href":"https:\/\/esemineu.ro\/hu\/wp-json\/wp\/v2\/media\/12031"}],"wp:attachment":[{"href":"https:\/\/esemineu.ro\/hu\/wp-json\/wp\/v2\/media?parent=4640"}],"wp:term":[{"taxonomy":"product_brand","embeddable":true,"href":"https:\/\/esemineu.ro\/hu\/wp-json\/wp\/v2\/product_brand?post=4640"},{"taxonomy":"product_cat","embeddable":true,"href":"https:\/\/esemineu.ro\/hu\/wp-json\/wp\/v2\/product_cat?post=4640"},{"taxonomy":"product_tag","embeddable":true,"href":"https:\/\/esemineu.ro\/hu\/wp-json\/wp\/v2\/product_tag?post=4640"}],"curies":[{"name":"wp","href":"https:\/\/api.w.org\/{rel}","templated":true}]}}