{"id":4638,"date":"2022-10-13T04:49:33","date_gmt":"2022-10-13T02:49:33","guid":{"rendered":"https:\/\/esemineu.ro\/product\/grila-din-fonta-la-soba-mbs-7\/"},"modified":"2023-08-28T17:39:29","modified_gmt":"2023-08-28T14:39:29","slug":"ontotvas-hamu-racs-mbs7-kalyhahoz","status":"publish","type":"product","link":"https:\/\/esemineu.ro\/hu\/termek\/ontotvas-hamu-racs-mbs7-kalyhahoz\/","title":{"rendered":"\u0150nt\u0151tvas ham\u00fa r\u00e1cs MBS7 K\u00e1lyh\u00e1hoz"},"content":{"rendered":"<p>\u0150nt\u0151tvas ham\u00fa r\u00e1cs MBS7 K\u00e1lyh\u00e1hoz<\/p>\n","protected":false},"excerpt":{"rendered":"<p>\u0150nt\u0151tvas ham\u00fa r\u00e1cs MBS7 K\u00e1lyh\u00e1hoz<\/p>\n","protected":false},"featured_media":12057,"comment_status":"open","ping_status":"closed","template":"","meta":[],"product_brand":[692],"product_cat":[813],"product_tag":[],"class_list":{"0":"post-4638","1":"product","2":"type-product","3":"status-publish","4":"has-post-thumbnail","6":"product_brand-smederevac","7":"product_cat-hoallo-szigetelesek","8":"product_shipping_class-hoallo-szigetelesek","9":"pa_material-ontottvas-hu","10":"producer-magdolna-impex","12":"first","13":"outofstock","14":"shipping-taxable","15":"purchasable","16":"product-type-simple"},"acf":[],"yoast_head":"<!-- This site is optimized with the Yoast SEO Premium plugin v21.0 (Yoast SEO v27.3) - https:\/\/yoast.com\/product\/yoast-seo-premium-wordpress\/ -->\n<title>\u0150nt\u0151tvas ham\u00fa r\u00e1cs MBS7 K\u00e1lyh\u00e1hoz | eSemineu.ro<\/title>\n<meta name=\"description\" content=\"\u0150nt\u0151tvas ham\u00fa r\u00e1cs MBS7 K\u00e1lyh\u00e1hoz. M\u00e9g t\u0151bb aj\u00e1nlat\u00e9rt keresse fel a kandallo-ajtotomites-tuzallo-hoallo-szigeteles-kandalloajtohoz kategori\u00e1t\" \/>\n<meta name=\"robots\" content=\"index, follow, max-snippet:-1, max-image-preview:large, max-video-preview:-1\" \/>\n<link rel=\"canonical\" href=\"https:\/\/esemineu.ro\/hu\/termek\/ontotvas-hamu-racs-mbs7-kalyhahoz\/\" \/>\n<meta property=\"og:locale\" content=\"hu_HU\" \/>\n<meta property=\"og:type\" content=\"article\" \/>\n<meta property=\"og:title\" content=\"\u0150nt\u0151tvas ham\u00fa r\u00e1cs MBS7 K\u00e1lyh\u00e1hoz | eSemineu.ro\" \/>\n<meta property=\"og:description\" content=\"\u0150nt\u0151tvas ham\u00fa r\u00e1cs MBS7 K\u00e1lyh\u00e1hoz. M\u00e9g t\u0151bb aj\u00e1nlat\u00e9rt keresse fel a kandallo-ajtotomites-tuzallo-hoallo-szigeteles-kandalloajtohoz kategori\u00e1t\" \/>\n<meta property=\"og:url\" content=\"https:\/\/esemineu.ro\/hu\/termek\/ontotvas-hamu-racs-mbs7-kalyhahoz\/\" \/>\n<meta property=\"og:site_name\" content=\"eSemineu\" \/>\n<meta property=\"article:publisher\" content=\"https:\/\/web.facebook.com\/eSemineu\" \/>\n<meta property=\"article:modified_time\" content=\"2023-08-28T14:39:29+00:00\" \/>\n<meta property=\"og:image\" content=\"https:\/\/esemineu.ro\/wp-content\/uploads\/2023\/09\/Racs.png\" \/>\n\t<meta property=\"og:image:width\" content=\"1000\" \/>\n\t<meta property=\"og:image:height\" content=\"1000\" \/>\n\t<meta property=\"og:image:type\" content=\"image\/png\" \/>\n<meta name=\"twitter:card\" content=\"summary_large_image\" \/>\n<meta name=\"twitter:label1\" content=\"Becs\u00fclt olvas\u00e1si id\u0151\" \/>\n\t<meta name=\"twitter:data1\" content=\"1 perc\" \/>\n<script type=\"application\/ld+json\" class=\"yoast-schema-graph\">{\"@context\":\"https:\\\/\\\/schema.org\",\"@graph\":[{\"@type\":\"WebPage\",\"@id\":\"https:\\\/\\\/esemineu.ro\\\/hu\\\/termek\\\/ontotvas-hamu-racs-mbs7-kalyhahoz\\\/\",\"url\":\"https:\\\/\\\/esemineu.ro\\\/hu\\\/termek\\\/ontotvas-hamu-racs-mbs7-kalyhahoz\\\/\",\"name\":\"\u0150nt\u0151tvas ham\u00fa r\u00e1cs MBS7 K\u00e1lyh\u00e1hoz | eSemineu.ro\",\"isPartOf\":{\"@id\":\"https:\\\/\\\/esemineu.ro\\\/hu\\\/#website\"},\"primaryImageOfPage\":{\"@id\":\"https:\\\/\\\/esemineu.ro\\\/hu\\\/termek\\\/ontotvas-hamu-racs-mbs7-kalyhahoz\\\/#primaryimage\"},\"image\":{\"@id\":\"https:\\\/\\\/esemineu.ro\\\/hu\\\/termek\\\/ontotvas-hamu-racs-mbs7-kalyhahoz\\\/#primaryimage\"},\"thumbnailUrl\":\"https:\\\/\\\/esemineu.ro\\\/wp-content\\\/uploads\\\/2023\\\/09\\\/Racs.png\",\"datePublished\":\"2022-10-13T02:49:33+00:00\",\"dateModified\":\"2023-08-28T14:39:29+00:00\",\"description\":\"\u0150nt\u0151tvas ham\u00fa r\u00e1cs MBS7 K\u00e1lyh\u00e1hoz. M\u00e9g t\u0151bb aj\u00e1nlat\u00e9rt keresse fel a kandallo-ajtotomites-tuzallo-hoallo-szigeteles-kandalloajtohoz kategori\u00e1t\",\"breadcrumb\":{\"@id\":\"https:\\\/\\\/esemineu.ro\\\/hu\\\/termek\\\/ontotvas-hamu-racs-mbs7-kalyhahoz\\\/#breadcrumb\"},\"inLanguage\":\"hu\",\"potentialAction\":[{\"@type\":\"ReadAction\",\"target\":[\"https:\\\/\\\/esemineu.ro\\\/hu\\\/termek\\\/ontotvas-hamu-racs-mbs7-kalyhahoz\\\/\"]}]},{\"@type\":\"ImageObject\",\"inLanguage\":\"hu\",\"@id\":\"https:\\\/\\\/esemineu.ro\\\/hu\\\/termek\\\/ontotvas-hamu-racs-mbs7-kalyhahoz\\\/#primaryimage\",\"url\":\"https:\\\/\\\/esemineu.ro\\\/wp-content\\\/uploads\\\/2023\\\/09\\\/Racs.png\",\"contentUrl\":\"https:\\\/\\\/esemineu.ro\\\/wp-content\\\/uploads\\\/2023\\\/09\\\/Racs.png\",\"width\":1000,\"height\":1000},{\"@type\":\"BreadcrumbList\",\"@id\":\"https:\\\/\\\/esemineu.ro\\\/hu\\\/termek\\\/ontotvas-hamu-racs-mbs7-kalyhahoz\\\/#breadcrumb\",\"itemListElement\":[{\"@type\":\"ListItem\",\"position\":1,\"name\":\"Kezd\u0151lap\",\"item\":\"https:\\\/\\\/esemineu.ro\\\/hu\\\/\"},{\"@type\":\"ListItem\",\"position\":2,\"name\":\"\u00c1ruh\u00e1z\",\"item\":\"https:\\\/\\\/esemineu.ro\\\/hu\\\/aruhaz\\\/\"},{\"@type\":\"ListItem\",\"position\":3,\"name\":\"\u0150nt\u0151tvas ham\u00fa r\u00e1cs MBS7 K\u00e1lyh\u00e1hoz\"}]},{\"@type\":\"WebSite\",\"@id\":\"https:\\\/\\\/esemineu.ro\\\/hu\\\/#website\",\"url\":\"https:\\\/\\\/esemineu.ro\\\/hu\\\/\",\"name\":\"eSemineu\",\"description\":\"\u0218eminee de cea mai \u00eenalt\u0103 calitate\",\"potentialAction\":[{\"@type\":\"SearchAction\",\"target\":{\"@type\":\"EntryPoint\",\"urlTemplate\":\"https:\\\/\\\/esemineu.ro\\\/hu\\\/?s={search_term_string}\"},\"query-input\":{\"@type\":\"PropertyValueSpecification\",\"valueRequired\":true,\"valueName\":\"search_term_string\"}}],\"inLanguage\":\"hu\"}]}<\/script>\n<!-- \/ Yoast SEO Premium plugin. -->","yoast_head_json":{"title":"\u0150nt\u0151tvas ham\u00fa r\u00e1cs MBS7 K\u00e1lyh\u00e1hoz | eSemineu.ro","description":"\u0150nt\u0151tvas ham\u00fa r\u00e1cs MBS7 K\u00e1lyh\u00e1hoz. M\u00e9g t\u0151bb aj\u00e1nlat\u00e9rt keresse fel a kandallo-ajtotomites-tuzallo-hoallo-szigeteles-kandalloajtohoz kategori\u00e1t","robots":{"index":"index","follow":"follow","max-snippet":"max-snippet:-1","max-image-preview":"max-image-preview:large","max-video-preview":"max-video-preview:-1"},"canonical":"https:\/\/esemineu.ro\/hu\/termek\/ontotvas-hamu-racs-mbs7-kalyhahoz\/","og_locale":"hu_HU","og_type":"article","og_title":"\u0150nt\u0151tvas ham\u00fa r\u00e1cs MBS7 K\u00e1lyh\u00e1hoz | eSemineu.ro","og_description":"\u0150nt\u0151tvas ham\u00fa r\u00e1cs MBS7 K\u00e1lyh\u00e1hoz. M\u00e9g t\u0151bb aj\u00e1nlat\u00e9rt keresse fel a kandallo-ajtotomites-tuzallo-hoallo-szigeteles-kandalloajtohoz kategori\u00e1t","og_url":"https:\/\/esemineu.ro\/hu\/termek\/ontotvas-hamu-racs-mbs7-kalyhahoz\/","og_site_name":"eSemineu","article_publisher":"https:\/\/web.facebook.com\/eSemineu","article_modified_time":"2023-08-28T14:39:29+00:00","og_image":[{"width":1000,"height":1000,"url":"https:\/\/esemineu.ro\/wp-content\/uploads\/2023\/09\/Racs.png","type":"image\/png"}],"twitter_card":"summary_large_image","twitter_misc":{"Becs\u00fclt olvas\u00e1si id\u0151":"1 perc"},"schema":{"@context":"https:\/\/schema.org","@graph":[{"@type":"WebPage","@id":"https:\/\/esemineu.ro\/hu\/termek\/ontotvas-hamu-racs-mbs7-kalyhahoz\/","url":"https:\/\/esemineu.ro\/hu\/termek\/ontotvas-hamu-racs-mbs7-kalyhahoz\/","name":"\u0150nt\u0151tvas ham\u00fa r\u00e1cs MBS7 K\u00e1lyh\u00e1hoz | eSemineu.ro","isPartOf":{"@id":"https:\/\/esemineu.ro\/hu\/#website"},"primaryImageOfPage":{"@id":"https:\/\/esemineu.ro\/hu\/termek\/ontotvas-hamu-racs-mbs7-kalyhahoz\/#primaryimage"},"image":{"@id":"https:\/\/esemineu.ro\/hu\/termek\/ontotvas-hamu-racs-mbs7-kalyhahoz\/#primaryimage"},"thumbnailUrl":"https:\/\/esemineu.ro\/wp-content\/uploads\/2023\/09\/Racs.png","datePublished":"2022-10-13T02:49:33+00:00","dateModified":"2023-08-28T14:39:29+00:00","description":"\u0150nt\u0151tvas ham\u00fa r\u00e1cs MBS7 K\u00e1lyh\u00e1hoz. M\u00e9g t\u0151bb aj\u00e1nlat\u00e9rt keresse fel a kandallo-ajtotomites-tuzallo-hoallo-szigeteles-kandalloajtohoz kategori\u00e1t","breadcrumb":{"@id":"https:\/\/esemineu.ro\/hu\/termek\/ontotvas-hamu-racs-mbs7-kalyhahoz\/#breadcrumb"},"inLanguage":"hu","potentialAction":[{"@type":"ReadAction","target":["https:\/\/esemineu.ro\/hu\/termek\/ontotvas-hamu-racs-mbs7-kalyhahoz\/"]}]},{"@type":"ImageObject","inLanguage":"hu","@id":"https:\/\/esemineu.ro\/hu\/termek\/ontotvas-hamu-racs-mbs7-kalyhahoz\/#primaryimage","url":"https:\/\/esemineu.ro\/wp-content\/uploads\/2023\/09\/Racs.png","contentUrl":"https:\/\/esemineu.ro\/wp-content\/uploads\/2023\/09\/Racs.png","width":1000,"height":1000},{"@type":"BreadcrumbList","@id":"https:\/\/esemineu.ro\/hu\/termek\/ontotvas-hamu-racs-mbs7-kalyhahoz\/#breadcrumb","itemListElement":[{"@type":"ListItem","position":1,"name":"Kezd\u0151lap","item":"https:\/\/esemineu.ro\/hu\/"},{"@type":"ListItem","position":2,"name":"\u00c1ruh\u00e1z","item":"https:\/\/esemineu.ro\/hu\/aruhaz\/"},{"@type":"ListItem","position":3,"name":"\u0150nt\u0151tvas ham\u00fa r\u00e1cs MBS7 K\u00e1lyh\u00e1hoz"}]},{"@type":"WebSite","@id":"https:\/\/esemineu.ro\/hu\/#website","url":"https:\/\/esemineu.ro\/hu\/","name":"eSemineu","description":"\u0218eminee de cea mai \u00eenalt\u0103 calitate","potentialAction":[{"@type":"SearchAction","target":{"@type":"EntryPoint","urlTemplate":"https:\/\/esemineu.ro\/hu\/?s={search_term_string}"},"query-input":{"@type":"PropertyValueSpecification","valueRequired":true,"valueName":"search_term_string"}}],"inLanguage":"hu"}]}},"_links":{"self":[{"href":"https:\/\/esemineu.ro\/hu\/wp-json\/wp\/v2\/product\/4638","targetHints":{"allow":["GET"]}}],"collection":[{"href":"https:\/\/esemineu.ro\/hu\/wp-json\/wp\/v2\/product"}],"about":[{"href":"https:\/\/esemineu.ro\/hu\/wp-json\/wp\/v2\/types\/product"}],"replies":[{"embeddable":true,"href":"https:\/\/esemineu.ro\/hu\/wp-json\/wp\/v2\/comments?post=4638"}],"wp:featuredmedia":[{"embeddable":true,"href":"https:\/\/esemineu.ro\/hu\/wp-json\/wp\/v2\/media\/12057"}],"wp:attachment":[{"href":"https:\/\/esemineu.ro\/hu\/wp-json\/wp\/v2\/media?parent=4638"}],"wp:term":[{"taxonomy":"product_brand","embeddable":true,"href":"https:\/\/esemineu.ro\/hu\/wp-json\/wp\/v2\/product_brand?post=4638"},{"taxonomy":"product_cat","embeddable":true,"href":"https:\/\/esemineu.ro\/hu\/wp-json\/wp\/v2\/product_cat?post=4638"},{"taxonomy":"product_tag","embeddable":true,"href":"https:\/\/esemineu.ro\/hu\/wp-json\/wp\/v2\/product_tag?post=4638"}],"curies":[{"name":"wp","href":"https:\/\/api.w.org\/{rel}","templated":true}]}}