{"id":4625,"date":"2022-11-01T10:14:56","date_gmt":"2022-11-01T08:14:56","guid":{"rendered":"https:\/\/esemineu.ro\/product\/cazan-termic-pe-lemne-din-otel-cu-ardere-normala-47kw\/"},"modified":"2025-01-29T12:07:38","modified_gmt":"2025-01-29T10:07:38","slug":"vegyestuzelesu-kazan-47kw-mss-premium-acel-vegyestuzelesu-kazan-huzatszabalyozoval","status":"publish","type":"product","link":"https:\/\/esemineu.ro\/hu\/termek\/vegyestuzelesu-kazan-47kw-mss-premium-acel-vegyestuzelesu-kazan-huzatszabalyozoval\/","title":{"rendered":"Vegyest\u00fczel\u00e9s\u0171 kaz\u00e1n 47kW MSS Pr\u00e9mium, Ac\u00e9l vegyest\u00fczel\u00e9s\u0171 kaz\u00e1n, H\u00fazatszab\u00e1lyoz\u00f3val"},"content":{"rendered":"<p>Vegyest\u00fczel\u00e9s\u0171 kaz\u00e1n 47kW MSS Pr\u00e9mium<\/p>\n<p>Ismerje meg a Pr\u00e9mium k\u00f6zponti ac\u00e9l kaz\u00e1nt, amely a 47 kW-os teljes\u00edtm\u00e9nnyel \u00e9s melegv\u00edz el\u0151\u00e1ll\u00edt\u00e1s\u00e1val hat\u00e9kony k\u00f6zponti f\u0171t\u00e9si megold\u00e1st biztos\u00edt. Ez a modern \u00e9s innovat\u00edv term\u00e9k kiemelked\u0151 teljes\u00edtm\u00e9nnyel b\u00fcszk\u00e9lkedhet, \u00edgy garant\u00e1ltan megb\u00edzhat\u00f3 m\u0171k\u00f6d\u00e9st ny\u00fajt otthon\u00e1nak.<\/p>\n<p>A kaz\u00e1n teste a legfinomabb ac\u00e9llemezb\u0151l k\u00e9sz\u00fcl, amely hegesztett szerkezet\u0171 \u00e9s dupla fal\u00fa kialak\u00edt\u00e1ssal b\u00fcszk\u00e9lkedik (bels\u0151 falvastags\u00e1g 5 mm, k\u00fcls\u0151 falvastags\u00e1g 3 mm). A kaz\u00e1n teste 4 cm vastag \u00e1sv\u00e1nygyapottal van szigetelve, \u00e9s festett ac\u00e9llemezzel van bebor\u00edtva, ami m\u00e9g nagyobb hat\u00e9konys\u00e1got \u00e9s tart\u00f3ss\u00e1got biztos\u00edt. A kaz\u00e1n burkolata csavarokkal van r\u00f6gz\u00edtve \u00e9s darabokra bonthat\u00f3, ami k\u00f6nny\u0171 karbantart\u00e1st \u00e9s hossz\u00fa \u00e9lettartamot tesz lehet\u0151v\u00e9.<\/p>\n<p>A Vegyest\u00fczel\u00e9s\u0171 kaz\u00e1n 47kW MSS Pr\u00e9miumot h\u0151\u00e1ll\u00f3 fest\u00e9k bor\u00edtja, amelyet porfest\u00e9k v\u00e9delmez a hossz\u00fa t\u00e1v\u00fa kop\u00e1s ellen. A hamutart\u00f3 ajt\u00f3 egyszer\u0171 \u00e9s hat\u00e9kony m\u00f3dot biztos\u00edt az \u00fczemel\u00e9s sor\u00e1n keletkez\u0151 hamu \u00e9s salak elt\u00e1vol\u00edt\u00e1s\u00e1ra. A kaz\u00e1nban tal\u00e1lhat\u00f3 huzatszab\u00e1lyoz\u00f3 seg\u00edt szab\u00e1lyozni az \u00e9g\u00e9shez sz\u00fcks\u00e9ges leveg\u0151t, \u00edgy biztos\u00edtva a legoptim\u00e1lisabb m\u0171k\u00f6d\u00e9st.<\/p>\n<p>Az AVegyest\u00fczel\u00e9s\u0171 kaz\u00e1n 47kW MSS Pr\u00e9mium h\u00e1rmas ajt\u00f3s kialak\u00edt\u00e1sa lehet\u0151v\u00e9 teszi a t\u00fczel\u0151anyag egyszer\u0171 kezel\u00e9s\u00e9t. A t\u0171zt\u00e9r ajt\u00f3n kereszt\u00fcl a szil\u00e1rd t\u00fczel\u0151anyag k\u00f6nnyed\u00e9n bejuttathat\u00f3 a kaz\u00e1nba, m\u00edg a szell\u0151z\u0151ajt\u00f3n kereszt\u00fcl szab\u00e1lyozhat\u00f3 a szekunder leveg\u0151 mennyis\u00e9ge, ami fontos az \u00e9g\u00e9si folyamat szab\u00e1lyoz\u00e1s\u00e1ban.<\/p>\n<p>A v\u00edzh\u0171t\u00e9ses r\u00e1cs a kaz\u00e1n m\u00e9ret\u00e9nek megfelel\u0151, nagy ellen\u00e1ll\u00e1s\u00fa cs\u0151b\u0151l k\u00e9sz\u00fcl, m\u00edg a kaz\u00e1n test\u00e9nek k\u00fcls\u0151 h\u0151szigetel\u0151 burkolata csavarokkal van r\u00f6gz\u00edtve \u00e9s ac\u00e9llemezzel van v\u00e9dve. Mindemellett a kaz\u00e1n eszt\u00e9tikai megjelen\u00e9s\u00e9t is figyelembe vett\u00e9k a tervez\u00e9s sor\u00e1n, a test\u00e9t h\u0151\u00e1ll\u00f3 fest\u00e9kkel, a k\u00fcls\u0151 lemezeket pedig elektrosztatikus porfest\u00e9kkel festett\u00e9k.<\/p>\n<p>Vegye figyelembe, hogy a kaz\u00e1n kiz\u00e1r\u00f3lag f\u0171t\u00e9sre haszn\u00e1lhat\u00f3, h\u00e1ztart\u00e1si hullad\u00e9k vagy vegyi anyagok \u00e9get\u00e9se tilos. Amennyiben hullad\u00e9k \u00e9get\u00e9sre ker\u00fclne sor, a f\u00fcstkivezet\u0151 ny\u00edl\u00e1sa elt\u00f6m\u0151dhet. A csomag tartalmazza a be\u00e9p\u00edt\u00e9si, \u00fczembe helyez\u00e9si, haszn\u00e1lati \u00e9s karbantart\u00e1si utas\u00edt\u00e1sokat, egy automata huzatszab\u00e1lyoz\u00f3t, h\u0151m\u00e9r\u0151t \u00e9s hamutart\u00f3t.<\/p>\n<h6>Sz\u00e1ll\u00edt\u00e1si hat\u00e1rid\u0151:<\/h6>\n<ul>\n<li><strong>Magyarorsz\u00e1g \u00e9s az eg\u00e9sz Eur\u00f3pai Uni\u00f3 ter\u00fclet\u00e9n<\/strong>\u00a0is sz\u00e1ll\u00edtjuk.<\/li>\n<li>Rom\u00e1ni\u00e1ba 2-3 munkanap alatt sz\u00e1ll\u00edtjuk<\/li>\n<li>Magyarorsz\u00e1gra \u00e9s az EU ter\u00fclet\u00e9re az \u00e1tutal\u00e1s ut\u00e1n 5 munkanapon bel\u00fcl \u00e9rkezik meg a term\u00e9k.<\/li>\n<\/ul>\n<p>Ha b\u00e1rmilyen k\u00e9rd\u00e9se van, k\u00e9rj\u00fck, l\u00e9pjen kapcsolatba vel\u00fcnk.<\/p>\n<p>Tov\u00e1bbi aj\u00e1nlatok\u00e9rt kattintson\u00a0<a href=\"https:\/\/esemineu.ro\/hu\/termek-kategoria\/acel-fatuzelesu-kazan\/\">ide<\/a><\/p>\n<p>T\u0151bb inform\u00e1ci\u00f3\u00e9rt l\u00e1togasson el\u00a0<a href=\"https:\/\/www.youtube.com\/@esemineuromania\">YouTube<\/a>-csatorn\u00e1nkra, valamint\u00a0<a href=\"https:\/\/www.facebook.com\/eSemineu\">Facebook<\/a>\u00a0\u00e9s\u00a0<a href=\"https:\/\/www.instagram.com\/esemineu\/\">Instagram<\/a>\u00a0oldalainkra.<\/p>\n<p><a href=\"https:\/\/esemineu.ro\/\">eSemineu.ro<\/a>\u00a0 \u00a0Te rakod a t\u0171zet, mi adjuk a meleget!<\/p>\n","protected":false},"excerpt":{"rendered":"<p>Vegyest\u00fczel\u00e9s\u0171 kaz\u00e1n 47kW MSS Pr\u00e9mium Ismerje meg a Pr\u00e9mium k\u00f6zponti ac\u00e9l kaz\u00e1nt, amely a 47 kW-os teljes\u00edtm\u00e9nnyel \u00e9s melegv\u00edz el\u0151\u00e1ll\u00edt\u00e1s\u00e1val hat\u00e9kony k\u00f6zponti f\u0171t\u00e9si megold\u00e1st biztos\u00edt. Ez a modern \u00e9s innovat\u00edv term\u00e9k kiemelked\u0151 teljes\u00edtm\u00e9nnyel b\u00fcszk\u00e9lkedhet, \u00edgy garant\u00e1ltan megb\u00edzhat\u00f3 m\u0171k\u00f6d\u00e9st ny\u00fajt otthon\u00e1nak. A kaz\u00e1n teste a legfinomabb ac\u00e9llemezb\u0151l k\u00e9sz\u00fcl, amely hegesztett szerkezet\u0171 \u00e9s dupla fal\u00fa kialak\u00edt\u00e1ssal b\u00fcszk\u00e9lkedik (bels\u0151 falvastags\u00e1g 5 mm, k\u00fcls\u0151 falvastags\u00e1g 3 mm). A kaz\u00e1n teste 4 cm vastag \u00e1sv\u00e1nygyapottal van szigetelve, \u00e9s festett ac\u00e9llemezzel van bebor\u00edtva, ami m\u00e9g nagyobb hat\u00e9konys\u00e1got \u00e9s tart\u00f3ss\u00e1got biztos\u00edt. A kaz\u00e1n burkolata csavarokkal van r\u00f6gz\u00edtve \u00e9s darabokra bonthat\u00f3, ami k\u00f6nny\u0171 karbantart\u00e1st \u00e9s hossz\u00fa \u00e9lettartamot tesz lehet\u0151v\u00e9. A Vegyest\u00fczel\u00e9s\u0171 kaz\u00e1n 47kW MSS Pr\u00e9miumot h\u0151\u00e1ll\u00f3 fest\u00e9k bor\u00edtja, amelyet porfest\u00e9k v\u00e9delmez a hossz\u00fa t\u00e1v\u00fa kop\u00e1s ellen. A hamutart\u00f3 ajt\u00f3 egyszer\u0171 \u00e9s hat\u00e9kony m\u00f3dot biztos\u00edt az \u00fczemel\u00e9s sor\u00e1n keletkez\u0151 hamu \u00e9s salak elt\u00e1vol\u00edt\u00e1s\u00e1ra. A kaz\u00e1nban tal\u00e1lhat\u00f3 huzatszab\u00e1lyoz\u00f3 seg\u00edt szab\u00e1lyozni az \u00e9g\u00e9shez sz\u00fcks\u00e9ges leveg\u0151t, \u00edgy biztos\u00edtva a legoptim\u00e1lisabb m\u0171k\u00f6d\u00e9st. Az &hellip; <a href=\"https:\/\/esemineu.ro\/hu\/termek\/vegyestuzelesu-kazan-47kw-mss-premium-acel-vegyestuzelesu-kazan-huzatszabalyozoval\/\">Folytatva<\/a><\/p>\n","protected":false},"featured_media":12137,"comment_status":"open","ping_status":"closed","template":"","meta":[],"product_brand":[1904],"product_cat":[24],"product_tag":[],"class_list":{"0":"post-4625","1":"product","2":"type-product","3":"status-publish","4":"has-post-thumbnail","6":"product_brand-mss","7":"product_cat-kategoria-nelkul","8":"product_shipping_class-acel-fatuzelesu-kazan","9":"pa_combustibil-utilizat-brikett","10":"pa_combustibil-utilizat-fa","11":"pa_combustibil-utilizat-szen","12":"pa_culoare-piros","13":"pa_diametru-racordului-la-cos-150-mm-hu","14":"pa_putere-47-kw-hu","15":"pa_randament-80-hu","16":"pa_temperatura-maxima-90-c-hu","17":"pa_volumul-rezervorului-88l-hu","18":"producer-miklos-steel","20":"first","21":"outofstock","22":"featured","23":"shipping-taxable","24":"purchasable","25":"product-type-simple"},"acf":[],"yoast_head":"<!-- This site is optimized with the Yoast SEO Premium plugin v21.0 (Yoast SEO v27.3) - https:\/\/yoast.com\/product\/yoast-seo-premium-wordpress\/ -->\n<title>Vegyest\u00fczel\u00e9s\u0171 kaz\u00e1n 47kW MSS Pr\u00e9mium<\/title>\n<meta name=\"description\" content=\"Vegyest\u00fczel\u00e9s\u0171 kaz\u00e1n 47kW MSS Pr\u00e9mium, 80% hat\u00e9konys\u00e1ggal, 88L v\u00edztart\u00e1ly, 90\u00b0C max. h\u0151m\u00e9rs\u00e9klet, 5mm ac\u00e9llemez, 150 mm k\u00e9m\u00e9nycsatlakoz\u00e1s.\" \/>\n<meta name=\"robots\" content=\"index, follow, max-snippet:-1, max-image-preview:large, max-video-preview:-1\" \/>\n<link rel=\"canonical\" href=\"https:\/\/esemineu.ro\/hu\/termek\/vegyestuzelesu-kazan-47kw-mss-premium-acel-vegyestuzelesu-kazan-huzatszabalyozoval\/\" \/>\n<meta property=\"og:locale\" content=\"hu_HU\" \/>\n<meta property=\"og:type\" content=\"article\" \/>\n<meta property=\"og:title\" content=\"Vegyest\u00fczel\u00e9s\u0171 kaz\u00e1n 47kW MSS Pr\u00e9mium\" \/>\n<meta property=\"og:description\" content=\"Vegyest\u00fczel\u00e9s\u0171 kaz\u00e1n 47kW MSS Pr\u00e9mium, 80% hat\u00e9konys\u00e1ggal, 88L v\u00edztart\u00e1ly, 90\u00b0C max. h\u0151m\u00e9rs\u00e9klet, 5mm ac\u00e9llemez, 150 mm k\u00e9m\u00e9nycsatlakoz\u00e1s.\" \/>\n<meta property=\"og:url\" content=\"https:\/\/esemineu.ro\/hu\/termek\/vegyestuzelesu-kazan-47kw-mss-premium-acel-vegyestuzelesu-kazan-huzatszabalyozoval\/\" \/>\n<meta property=\"og:site_name\" content=\"eSemineu\" \/>\n<meta property=\"article:publisher\" content=\"https:\/\/web.facebook.com\/eSemineu\" \/>\n<meta property=\"article:modified_time\" content=\"2025-01-29T10:07:38+00:00\" \/>\n<meta property=\"og:image\" content=\"https:\/\/esemineu.ro\/wp-content\/uploads\/2023\/09\/47-kW.jpg\" \/>\n\t<meta property=\"og:image:width\" content=\"1000\" \/>\n\t<meta property=\"og:image:height\" content=\"1000\" \/>\n\t<meta property=\"og:image:type\" content=\"image\/jpeg\" \/>\n<meta name=\"twitter:card\" content=\"summary_large_image\" \/>\n<meta name=\"twitter:label1\" content=\"Becs\u00fclt olvas\u00e1si id\u0151\" \/>\n\t<meta name=\"twitter:data1\" content=\"3 perc\" \/>\n<script type=\"application\/ld+json\" class=\"yoast-schema-graph\">{\"@context\":\"https:\\\/\\\/schema.org\",\"@graph\":[{\"@type\":\"WebPage\",\"@id\":\"https:\\\/\\\/esemineu.ro\\\/hu\\\/termek\\\/vegyestuzelesu-kazan-47kw-mss-premium-acel-vegyestuzelesu-kazan-huzatszabalyozoval\\\/\",\"url\":\"https:\\\/\\\/esemineu.ro\\\/hu\\\/termek\\\/vegyestuzelesu-kazan-47kw-mss-premium-acel-vegyestuzelesu-kazan-huzatszabalyozoval\\\/\",\"name\":\"Vegyest\u00fczel\u00e9s\u0171 kaz\u00e1n 47kW MSS Pr\u00e9mium\",\"isPartOf\":{\"@id\":\"https:\\\/\\\/esemineu.ro\\\/hu\\\/#website\"},\"primaryImageOfPage\":{\"@id\":\"https:\\\/\\\/esemineu.ro\\\/hu\\\/termek\\\/vegyestuzelesu-kazan-47kw-mss-premium-acel-vegyestuzelesu-kazan-huzatszabalyozoval\\\/#primaryimage\"},\"image\":{\"@id\":\"https:\\\/\\\/esemineu.ro\\\/hu\\\/termek\\\/vegyestuzelesu-kazan-47kw-mss-premium-acel-vegyestuzelesu-kazan-huzatszabalyozoval\\\/#primaryimage\"},\"thumbnailUrl\":\"https:\\\/\\\/esemineu.ro\\\/wp-content\\\/uploads\\\/2023\\\/09\\\/47-kW.jpg\",\"datePublished\":\"2022-11-01T08:14:56+00:00\",\"dateModified\":\"2025-01-29T10:07:38+00:00\",\"description\":\"Vegyest\u00fczel\u00e9s\u0171 kaz\u00e1n 47kW MSS Pr\u00e9mium, 80% hat\u00e9konys\u00e1ggal, 88L v\u00edztart\u00e1ly, 90\u00b0C max. h\u0151m\u00e9rs\u00e9klet, 5mm ac\u00e9llemez, 150 mm k\u00e9m\u00e9nycsatlakoz\u00e1s.\",\"breadcrumb\":{\"@id\":\"https:\\\/\\\/esemineu.ro\\\/hu\\\/termek\\\/vegyestuzelesu-kazan-47kw-mss-premium-acel-vegyestuzelesu-kazan-huzatszabalyozoval\\\/#breadcrumb\"},\"inLanguage\":\"hu\",\"potentialAction\":[{\"@type\":\"ReadAction\",\"target\":[\"https:\\\/\\\/esemineu.ro\\\/hu\\\/termek\\\/vegyestuzelesu-kazan-47kw-mss-premium-acel-vegyestuzelesu-kazan-huzatszabalyozoval\\\/\"]}]},{\"@type\":\"ImageObject\",\"inLanguage\":\"hu\",\"@id\":\"https:\\\/\\\/esemineu.ro\\\/hu\\\/termek\\\/vegyestuzelesu-kazan-47kw-mss-premium-acel-vegyestuzelesu-kazan-huzatszabalyozoval\\\/#primaryimage\",\"url\":\"https:\\\/\\\/esemineu.ro\\\/wp-content\\\/uploads\\\/2023\\\/09\\\/47-kW.jpg\",\"contentUrl\":\"https:\\\/\\\/esemineu.ro\\\/wp-content\\\/uploads\\\/2023\\\/09\\\/47-kW.jpg\",\"width\":1000,\"height\":1000,\"caption\":\"Vegyest\u00fczel\u00e9s\u0171 kaz\u00e1n 47kW MSS Pr\u00e9mium\"},{\"@type\":\"BreadcrumbList\",\"@id\":\"https:\\\/\\\/esemineu.ro\\\/hu\\\/termek\\\/vegyestuzelesu-kazan-47kw-mss-premium-acel-vegyestuzelesu-kazan-huzatszabalyozoval\\\/#breadcrumb\",\"itemListElement\":[{\"@type\":\"ListItem\",\"position\":1,\"name\":\"Kezd\u0151lap\",\"item\":\"https:\\\/\\\/esemineu.ro\\\/hu\\\/\"},{\"@type\":\"ListItem\",\"position\":2,\"name\":\"\u00c1ruh\u00e1z\",\"item\":\"https:\\\/\\\/esemineu.ro\\\/hu\\\/aruhaz\\\/\"},{\"@type\":\"ListItem\",\"position\":3,\"name\":\"Vegyest\u00fczel\u00e9s\u0171 kaz\u00e1n 47kW MSS Pr\u00e9mium, Ac\u00e9l vegyest\u00fczel\u00e9s\u0171 kaz\u00e1n, H\u00fazatszab\u00e1lyoz\u00f3val\"}]},{\"@type\":\"WebSite\",\"@id\":\"https:\\\/\\\/esemineu.ro\\\/hu\\\/#website\",\"url\":\"https:\\\/\\\/esemineu.ro\\\/hu\\\/\",\"name\":\"eSemineu\",\"description\":\"\u0218eminee de cea mai \u00eenalt\u0103 calitate\",\"potentialAction\":[{\"@type\":\"SearchAction\",\"target\":{\"@type\":\"EntryPoint\",\"urlTemplate\":\"https:\\\/\\\/esemineu.ro\\\/hu\\\/?s={search_term_string}\"},\"query-input\":{\"@type\":\"PropertyValueSpecification\",\"valueRequired\":true,\"valueName\":\"search_term_string\"}}],\"inLanguage\":\"hu\"}]}<\/script>\n<!-- \/ Yoast SEO Premium plugin. -->","yoast_head_json":{"title":"Vegyest\u00fczel\u00e9s\u0171 kaz\u00e1n 47kW MSS Pr\u00e9mium","description":"Vegyest\u00fczel\u00e9s\u0171 kaz\u00e1n 47kW MSS Pr\u00e9mium, 80% hat\u00e9konys\u00e1ggal, 88L v\u00edztart\u00e1ly, 90\u00b0C max. h\u0151m\u00e9rs\u00e9klet, 5mm ac\u00e9llemez, 150 mm k\u00e9m\u00e9nycsatlakoz\u00e1s.","robots":{"index":"index","follow":"follow","max-snippet":"max-snippet:-1","max-image-preview":"max-image-preview:large","max-video-preview":"max-video-preview:-1"},"canonical":"https:\/\/esemineu.ro\/hu\/termek\/vegyestuzelesu-kazan-47kw-mss-premium-acel-vegyestuzelesu-kazan-huzatszabalyozoval\/","og_locale":"hu_HU","og_type":"article","og_title":"Vegyest\u00fczel\u00e9s\u0171 kaz\u00e1n 47kW MSS Pr\u00e9mium","og_description":"Vegyest\u00fczel\u00e9s\u0171 kaz\u00e1n 47kW MSS Pr\u00e9mium, 80% hat\u00e9konys\u00e1ggal, 88L v\u00edztart\u00e1ly, 90\u00b0C max. h\u0151m\u00e9rs\u00e9klet, 5mm ac\u00e9llemez, 150 mm k\u00e9m\u00e9nycsatlakoz\u00e1s.","og_url":"https:\/\/esemineu.ro\/hu\/termek\/vegyestuzelesu-kazan-47kw-mss-premium-acel-vegyestuzelesu-kazan-huzatszabalyozoval\/","og_site_name":"eSemineu","article_publisher":"https:\/\/web.facebook.com\/eSemineu","article_modified_time":"2025-01-29T10:07:38+00:00","og_image":[{"width":1000,"height":1000,"url":"https:\/\/esemineu.ro\/wp-content\/uploads\/2023\/09\/47-kW.jpg","type":"image\/jpeg"}],"twitter_card":"summary_large_image","twitter_misc":{"Becs\u00fclt olvas\u00e1si id\u0151":"3 perc"},"schema":{"@context":"https:\/\/schema.org","@graph":[{"@type":"WebPage","@id":"https:\/\/esemineu.ro\/hu\/termek\/vegyestuzelesu-kazan-47kw-mss-premium-acel-vegyestuzelesu-kazan-huzatszabalyozoval\/","url":"https:\/\/esemineu.ro\/hu\/termek\/vegyestuzelesu-kazan-47kw-mss-premium-acel-vegyestuzelesu-kazan-huzatszabalyozoval\/","name":"Vegyest\u00fczel\u00e9s\u0171 kaz\u00e1n 47kW MSS Pr\u00e9mium","isPartOf":{"@id":"https:\/\/esemineu.ro\/hu\/#website"},"primaryImageOfPage":{"@id":"https:\/\/esemineu.ro\/hu\/termek\/vegyestuzelesu-kazan-47kw-mss-premium-acel-vegyestuzelesu-kazan-huzatszabalyozoval\/#primaryimage"},"image":{"@id":"https:\/\/esemineu.ro\/hu\/termek\/vegyestuzelesu-kazan-47kw-mss-premium-acel-vegyestuzelesu-kazan-huzatszabalyozoval\/#primaryimage"},"thumbnailUrl":"https:\/\/esemineu.ro\/wp-content\/uploads\/2023\/09\/47-kW.jpg","datePublished":"2022-11-01T08:14:56+00:00","dateModified":"2025-01-29T10:07:38+00:00","description":"Vegyest\u00fczel\u00e9s\u0171 kaz\u00e1n 47kW MSS Pr\u00e9mium, 80% hat\u00e9konys\u00e1ggal, 88L v\u00edztart\u00e1ly, 90\u00b0C max. h\u0151m\u00e9rs\u00e9klet, 5mm ac\u00e9llemez, 150 mm k\u00e9m\u00e9nycsatlakoz\u00e1s.","breadcrumb":{"@id":"https:\/\/esemineu.ro\/hu\/termek\/vegyestuzelesu-kazan-47kw-mss-premium-acel-vegyestuzelesu-kazan-huzatszabalyozoval\/#breadcrumb"},"inLanguage":"hu","potentialAction":[{"@type":"ReadAction","target":["https:\/\/esemineu.ro\/hu\/termek\/vegyestuzelesu-kazan-47kw-mss-premium-acel-vegyestuzelesu-kazan-huzatszabalyozoval\/"]}]},{"@type":"ImageObject","inLanguage":"hu","@id":"https:\/\/esemineu.ro\/hu\/termek\/vegyestuzelesu-kazan-47kw-mss-premium-acel-vegyestuzelesu-kazan-huzatszabalyozoval\/#primaryimage","url":"https:\/\/esemineu.ro\/wp-content\/uploads\/2023\/09\/47-kW.jpg","contentUrl":"https:\/\/esemineu.ro\/wp-content\/uploads\/2023\/09\/47-kW.jpg","width":1000,"height":1000,"caption":"Vegyest\u00fczel\u00e9s\u0171 kaz\u00e1n 47kW MSS Pr\u00e9mium"},{"@type":"BreadcrumbList","@id":"https:\/\/esemineu.ro\/hu\/termek\/vegyestuzelesu-kazan-47kw-mss-premium-acel-vegyestuzelesu-kazan-huzatszabalyozoval\/#breadcrumb","itemListElement":[{"@type":"ListItem","position":1,"name":"Kezd\u0151lap","item":"https:\/\/esemineu.ro\/hu\/"},{"@type":"ListItem","position":2,"name":"\u00c1ruh\u00e1z","item":"https:\/\/esemineu.ro\/hu\/aruhaz\/"},{"@type":"ListItem","position":3,"name":"Vegyest\u00fczel\u00e9s\u0171 kaz\u00e1n 47kW MSS Pr\u00e9mium, Ac\u00e9l vegyest\u00fczel\u00e9s\u0171 kaz\u00e1n, H\u00fazatszab\u00e1lyoz\u00f3val"}]},{"@type":"WebSite","@id":"https:\/\/esemineu.ro\/hu\/#website","url":"https:\/\/esemineu.ro\/hu\/","name":"eSemineu","description":"\u0218eminee de cea mai \u00eenalt\u0103 calitate","potentialAction":[{"@type":"SearchAction","target":{"@type":"EntryPoint","urlTemplate":"https:\/\/esemineu.ro\/hu\/?s={search_term_string}"},"query-input":{"@type":"PropertyValueSpecification","valueRequired":true,"valueName":"search_term_string"}}],"inLanguage":"hu"}]}},"_links":{"self":[{"href":"https:\/\/esemineu.ro\/hu\/wp-json\/wp\/v2\/product\/4625","targetHints":{"allow":["GET"]}}],"collection":[{"href":"https:\/\/esemineu.ro\/hu\/wp-json\/wp\/v2\/product"}],"about":[{"href":"https:\/\/esemineu.ro\/hu\/wp-json\/wp\/v2\/types\/product"}],"replies":[{"embeddable":true,"href":"https:\/\/esemineu.ro\/hu\/wp-json\/wp\/v2\/comments?post=4625"}],"wp:featuredmedia":[{"embeddable":true,"href":"https:\/\/esemineu.ro\/hu\/wp-json\/wp\/v2\/media\/12137"}],"wp:attachment":[{"href":"https:\/\/esemineu.ro\/hu\/wp-json\/wp\/v2\/media?parent=4625"}],"wp:term":[{"taxonomy":"product_brand","embeddable":true,"href":"https:\/\/esemineu.ro\/hu\/wp-json\/wp\/v2\/product_brand?post=4625"},{"taxonomy":"product_cat","embeddable":true,"href":"https:\/\/esemineu.ro\/hu\/wp-json\/wp\/v2\/product_cat?post=4625"},{"taxonomy":"product_tag","embeddable":true,"href":"https:\/\/esemineu.ro\/hu\/wp-json\/wp\/v2\/product_tag?post=4625"}],"curies":[{"name":"wp","href":"https:\/\/api.w.org\/{rel}","templated":true}]}}