{"id":4623,"date":"2022-11-04T06:30:57","date_gmt":"2022-11-04T03:30:57","guid":{"rendered":"https:\/\/esemineu.ro\/product\/semineu-clasic-lux-termo-maro-5-7kw\/"},"modified":"2023-09-22T09:51:10","modified_gmt":"2023-09-22T06:51:10","slug":"wamsler-etna-kandallo-fatuzelesu-kandallo-9kw","status":"publish","type":"product","link":"https:\/\/esemineu.ro\/hu\/termek\/wamsler-etna-kandallo-fatuzelesu-kandallo-9kw\/","title":{"rendered":"Wamsler Etna Kandall\u00f3, Fat\u00fczel\u00e9s\u0171 Kandall\u00f3 9kW"},"content":{"rendered":"<p data-placeholder=\"Ford\u00edt\u00e1s\">Wamsler Etna Kandall\u00f3<\/p>\n<p>A <strong>Wamsler Etna Kandall\u00f3<\/strong> az otthonok igazi d\u00edsze \u00e9s melegs\u00e9g forr\u00e1sa. Ha olyan megold\u00e1st keres, amely nem csak hat\u00e9kony, de st\u00edlusos is, akkor j\u00f3 helyen j\u00e1r. Ezzel a <strong>fat\u00fczel\u00e9s\u0171 kandall\u00f3val<\/strong>, melynek teljes\u00edtm\u00e9nye <strong>9kW<\/strong>, k\u00f6nnyed\u00e9n f\u0171thet <strong>ak\u00e1r 200 k\u00f6bm\u00e9teres<\/strong> teret. Ez k\u00fcl\u00f6n\u00f6sen fontos a t\u00e9li h\u00f3napokban, amikor a hideg bek\u00f6sz\u00f6nt.<\/p>\n<p>A kandall\u00f3 k\u00fcl\u00f6nlegess\u00e9ge az <strong>ontotvas<\/strong> anyaghaszn\u00e1lat. Az ontotvas ismert hossz\u00fa \u00e9lettartam\u00e1r\u00f3l \u00e9s kiv\u00e1l\u00f3 h\u0151vezet\u0151 k\u00e9pess\u00e9g\u00e9r\u0151l. Ezen fel\u00fcl az <strong>ontotvas bet\u00e9t<\/strong> m\u00e9g nagyobb hat\u00e9konys\u00e1got \u00e9s tart\u00f3ss\u00e1got biztos\u00edt a term\u00e9knek. Nem meglep\u0151 teh\u00e1t, hogy a kandall\u00f3 s\u00falya <strong>148 kg<\/strong>.<\/p>\n<p>A <strong>Wamsler Etna<\/strong> nem csak b\u00e1rmelyik otthonban, de <strong>vad\u00e1sz h\u00e1zakban<\/strong> is ide\u00e1lis v\u00e1laszt\u00e1s. <strong>Mat fekete<\/strong> sz\u00edne eleganci\u00e1t k\u00f6lcs\u00f6n\u00f6z a helyis\u00e9gnek, mik\u00f6zben a term\u00e9szetes fa t\u00fczel\u00e9s meleg, otthonos atmoszf\u00e9r\u00e1t teremt. A <strong>fa t\u00fczel\u00e9s\u0171 kandall\u00f3<\/strong> haszn\u00e1lata sor\u00e1n a f\u00e1ban rejl\u0151 term\u00e9szetes energia szabadul fel, \u00edgy nem csak gazdas\u00e1gos, de k\u00f6rnyezetbar\u00e1t is.<\/p>\n<p>A <strong>f\u00fcstelvezet\u0151 j\u00e1rat<\/strong> m\u00e9rete <strong>150 mm<\/strong>, ami optim\u00e1lis a f\u00fcst gyors \u00e9s hat\u00e9kony elvezet\u00e9s\u00e9hez. Ez\u00e1ltal biztos\u00edthat\u00f3, hogy a kandall\u00f3 t\u00fczelei sor\u00e1n ne j\u00f6jj\u00f6n vissza a f\u00fcst a helyis\u00e9gbe.<\/p>\n<p>\u00d6sszess\u00e9g\u00e9ben a <strong>Wamsler Etna Kandall\u00f3<\/strong> kiv\u00e1l\u00f3 v\u00e1laszt\u00e1s mindazoknak, akik nem akarnak kompromisszumot k\u00f6tni a min\u0151s\u00e9g, a diz\u00e1jn \u00e9s a hat\u00e9konys\u00e1g k\u00f6z\u00f6tt. V\u00e1lassza a Wamsler min\u0151s\u00e9get \u00e9s \u00e9rezze j\u00f3l mag\u00e1t a meleg otthon\u00e1ban!<\/p>\n<h4>Fontos!<\/h4>\n<p>Fontos megjegyezni, hogy a t\u0171zhely hullad\u00e9k \u00e9get\u00e9s\u00e9re nem alkalmas, kiz\u00e1r\u00f3lag f\u0171t\u00e9sre \u00e9s f\u0151z\u00e9sre haszn\u00e1lhat\u00f3. Az ilyen hullad\u00e9k \u00e9get\u00e9sekor a cser\u00e9pk\u00e1lyha f\u00fcstkivezet\u0151 ny\u00edl\u00e1sa k\u00f6nnyen elt\u00f6m\u0151dhet, ez\u00e9rt aj\u00e1nlott kiz\u00e1r\u00f3lag megfelel\u0151 anyagokat \u00e9getni benne.<\/p>\n<h4>Sz\u00e1ll\u00edt\u00e1si hat\u00e1rid\u0151:<\/h4>\n<ul>\n<li><strong>Magyarorsz\u00e1g \u00e9s az eg\u00e9sz Eur\u00f3pai Uni\u00f3 ter\u00fclet\u00e9n<\/strong>\u00a0is sz\u00e1ll\u00edtjuk.<\/li>\n<li>Rom\u00e1ni\u00e1ba 2-3 munkanap alatt sz\u00e1ll\u00edtjuk<\/li>\n<li>Magyarorsz\u00e1gra \u00e9s az EU ter\u00fclet\u00e9re az \u00e1tutal\u00e1s ut\u00e1n 5 munkanapon bel\u00fcl \u00e9rkezik meg a term\u00e9k.<\/li>\n<\/ul>\n<p>Ha b\u00e1rmilyen k\u00e9rd\u00e9se van, k\u00e9rj\u00fck, l\u00e9pjen kapcsolatba vel\u00fcnk.<\/p>\n<p>Tov\u00e1bbi aj\u00e1nlatok\u00e9rt kattintson\u00a0<a href=\"https:\/\/esemineu.ro\/hu\/termek-kategoria\/mobil-hordozhato-szabadon-allo-kandallok\/\">ide<\/a><\/p>\n<p>T\u0151bb inform\u00e1ci\u00f3\u00e9rt l\u00e1togasson el\u00a0<a href=\"https:\/\/www.youtube.com\/@esemineuromania\">YouTube<\/a>-csatorn\u00e1nkra, valamint\u00a0<a href=\"https:\/\/www.facebook.com\/eSemineu\">Facebook<\/a>\u00a0\u00e9s\u00a0<a href=\"https:\/\/www.instagram.com\/esemineu\/\">Instagram<\/a>\u00a0oldalainkra.<\/p>\n<p><a href=\"https:\/\/esemineu.ro\/\">eSemineu.ro<\/a>\u00a0 \u00a0Te rakod a t\u0171zet, mi adjuk a meleget!<\/p>\n","protected":false},"excerpt":{"rendered":"<p>Wamsler Etna Kandall\u00f3 A Wamsler Etna Kandall\u00f3 az otthonok igazi d\u00edsze \u00e9s melegs\u00e9g forr\u00e1sa. Ha olyan megold\u00e1st keres, amely nem csak hat\u00e9kony, de st\u00edlusos is, akkor j\u00f3 helyen j\u00e1r. Ezzel a fat\u00fczel\u00e9s\u0171 kandall\u00f3val, melynek teljes\u00edtm\u00e9nye 9kW, k\u00f6nnyed\u00e9n f\u0171thet ak\u00e1r 200 k\u00f6bm\u00e9teres teret. Ez k\u00fcl\u00f6n\u00f6sen fontos a t\u00e9li h\u00f3napokban, amikor a hideg bek\u00f6sz\u00f6nt. A kandall\u00f3 k\u00fcl\u00f6nlegess\u00e9ge az ontotvas anyaghaszn\u00e1lat. Az ontotvas ismert hossz\u00fa \u00e9lettartam\u00e1r\u00f3l \u00e9s kiv\u00e1l\u00f3 h\u0151vezet\u0151 k\u00e9pess\u00e9g\u00e9r\u0151l. Ezen fel\u00fcl az ontotvas bet\u00e9t m\u00e9g nagyobb hat\u00e9konys\u00e1got \u00e9s tart\u00f3ss\u00e1got biztos\u00edt a term\u00e9knek. Nem meglep\u0151 teh\u00e1t, hogy a kandall\u00f3 s\u00falya 148 kg. A Wamsler Etna nem csak b\u00e1rmelyik otthonban, de vad\u00e1sz h\u00e1zakban is ide\u00e1lis v\u00e1laszt\u00e1s. Mat fekete sz\u00edne eleganci\u00e1t k\u00f6lcs\u00f6n\u00f6z a helyis\u00e9gnek, mik\u00f6zben a term\u00e9szetes fa t\u00fczel\u00e9s meleg, otthonos atmoszf\u00e9r\u00e1t teremt. A fa t\u00fczel\u00e9s\u0171 kandall\u00f3 haszn\u00e1lata sor\u00e1n a f\u00e1ban rejl\u0151 term\u00e9szetes energia szabadul fel, \u00edgy nem csak gazdas\u00e1gos, de k\u00f6rnyezetbar\u00e1t is. A f\u00fcstelvezet\u0151 j\u00e1rat m\u00e9rete 150 mm, ami optim\u00e1lis a f\u00fcst gyors \u00e9s &hellip; <a href=\"https:\/\/esemineu.ro\/hu\/termek\/wamsler-etna-kandallo-fatuzelesu-kandallo-9kw\/\">Folytatva<\/a><\/p>\n","protected":false},"featured_media":33666,"comment_status":"open","ping_status":"closed","template":"","meta":[],"product_brand":[],"product_cat":[2346,836],"product_tag":[],"class_list":{"0":"post-4623","1":"product","2":"type-product","3":"status-publish","4":"has-post-thumbnail","6":"product_cat-fatuzelesu-kandallok-2","7":"product_cat-mobil-hordozhato-szabadon-allo-kandallok","8":"product_shipping_class-kandallok","9":"pa_combustibil-utilizat-brikett","10":"pa_combustibil-utilizat-fa","11":"pa_culoare-matt-fekete","12":"pa_diametru-racordului-la-cos-150-mm-hu","13":"pa_material-acel","14":"pa_material-ontottvas-hu","15":"pa_model-hordozhato-hu","16":"pa_putere-9-kw-hu","17":"pa_randament-81-hu","18":"pa_spatiu-de-aer-incalzit-160-180-m3-hu","19":"producer-magdolna-impex","21":"first","22":"onbackorder","23":"shipping-taxable","24":"purchasable","25":"product-type-simple"},"acf":[],"yoast_head":"<!-- This site is optimized with the Yoast SEO Premium plugin v21.0 (Yoast SEO v27.3) - https:\/\/yoast.com\/product\/yoast-seo-premium-wordpress\/ -->\n<title>Wamsler Etna Kandall\u00f3 | Fat\u00fczel\u00e9s\u0171 Kandall\u00f3 9kW | eSemineu.ro<\/title>\n<meta name=\"description\" content=\"Wamsler Etna Kandall\u00f3 - 9kW teljes\u00edtm\u00e9ny\u0171 fat\u00fczel\u00e9s\u0171 kandall\u00f3, ontotvas kialak\u00edt\u00e1ssal. Ide\u00e1lis v\u00e1laszt\u00e1s otthonokba \u00e9s vad\u00e1szh\u00e1zakba.\" \/>\n<meta name=\"robots\" content=\"index, follow, max-snippet:-1, max-image-preview:large, max-video-preview:-1\" \/>\n<link rel=\"canonical\" href=\"https:\/\/esemineu.ro\/hu\/termek\/wamsler-etna-kandallo-fatuzelesu-kandallo-9kw\/\" \/>\n<meta property=\"og:locale\" content=\"hu_HU\" \/>\n<meta property=\"og:type\" content=\"article\" \/>\n<meta property=\"og:title\" content=\"Wamsler Etna Kandall\u00f3 | Fat\u00fczel\u00e9s\u0171 Kandall\u00f3 9kW | eSemineu.ro\" \/>\n<meta property=\"og:description\" content=\"Wamsler Etna Kandall\u00f3 - 9kW teljes\u00edtm\u00e9ny\u0171 fat\u00fczel\u00e9s\u0171 kandall\u00f3, ontotvas kialak\u00edt\u00e1ssal. Ide\u00e1lis v\u00e1laszt\u00e1s otthonokba \u00e9s vad\u00e1szh\u00e1zakba.\" \/>\n<meta property=\"og:url\" content=\"https:\/\/esemineu.ro\/hu\/termek\/wamsler-etna-kandallo-fatuzelesu-kandallo-9kw\/\" \/>\n<meta property=\"og:site_name\" content=\"eSemineu\" \/>\n<meta property=\"article:publisher\" content=\"https:\/\/web.facebook.com\/eSemineu\" \/>\n<meta property=\"article:modified_time\" content=\"2023-09-22T06:51:10+00:00\" \/>\n<meta property=\"og:image\" content=\"https:\/\/esemineu.ro\/wp-content\/uploads\/2022\/11\/KAMINO-MATRA-FRONT-FIRE-1.jpg\" \/>\n\t<meta property=\"og:image:width\" content=\"1000\" \/>\n\t<meta property=\"og:image:height\" content=\"1000\" \/>\n\t<meta property=\"og:image:type\" content=\"image\/jpeg\" \/>\n<meta name=\"twitter:card\" content=\"summary_large_image\" \/>\n<meta name=\"twitter:label1\" content=\"Becs\u00fclt olvas\u00e1si id\u0151\" \/>\n\t<meta name=\"twitter:data1\" content=\"2 perc\" \/>\n<script type=\"application\/ld+json\" class=\"yoast-schema-graph\">{\"@context\":\"https:\\\/\\\/schema.org\",\"@graph\":[{\"@type\":\"WebPage\",\"@id\":\"https:\\\/\\\/esemineu.ro\\\/hu\\\/termek\\\/wamsler-etna-kandallo-fatuzelesu-kandallo-9kw\\\/\",\"url\":\"https:\\\/\\\/esemineu.ro\\\/hu\\\/termek\\\/wamsler-etna-kandallo-fatuzelesu-kandallo-9kw\\\/\",\"name\":\"Wamsler Etna Kandall\u00f3 | Fat\u00fczel\u00e9s\u0171 Kandall\u00f3 9kW | eSemineu.ro\",\"isPartOf\":{\"@id\":\"https:\\\/\\\/esemineu.ro\\\/hu\\\/#website\"},\"primaryImageOfPage\":{\"@id\":\"https:\\\/\\\/esemineu.ro\\\/hu\\\/termek\\\/wamsler-etna-kandallo-fatuzelesu-kandallo-9kw\\\/#primaryimage\"},\"image\":{\"@id\":\"https:\\\/\\\/esemineu.ro\\\/hu\\\/termek\\\/wamsler-etna-kandallo-fatuzelesu-kandallo-9kw\\\/#primaryimage\"},\"thumbnailUrl\":\"https:\\\/\\\/esemineu.ro\\\/wp-content\\\/uploads\\\/2022\\\/11\\\/etna.jpg\",\"datePublished\":\"2022-11-04T03:30:57+00:00\",\"dateModified\":\"2023-09-22T06:51:10+00:00\",\"description\":\"Wamsler Etna Kandall\u00f3 - 9kW teljes\u00edtm\u00e9ny\u0171 fat\u00fczel\u00e9s\u0171 kandall\u00f3, ontotvas kialak\u00edt\u00e1ssal. Ide\u00e1lis v\u00e1laszt\u00e1s otthonokba \u00e9s vad\u00e1szh\u00e1zakba.\",\"breadcrumb\":{\"@id\":\"https:\\\/\\\/esemineu.ro\\\/hu\\\/termek\\\/wamsler-etna-kandallo-fatuzelesu-kandallo-9kw\\\/#breadcrumb\"},\"inLanguage\":\"hu\",\"potentialAction\":[{\"@type\":\"ReadAction\",\"target\":[\"https:\\\/\\\/esemineu.ro\\\/hu\\\/termek\\\/wamsler-etna-kandallo-fatuzelesu-kandallo-9kw\\\/\"]}]},{\"@type\":\"ImageObject\",\"inLanguage\":\"hu\",\"@id\":\"https:\\\/\\\/esemineu.ro\\\/hu\\\/termek\\\/wamsler-etna-kandallo-fatuzelesu-kandallo-9kw\\\/#primaryimage\",\"url\":\"https:\\\/\\\/esemineu.ro\\\/wp-content\\\/uploads\\\/2022\\\/11\\\/etna.jpg\",\"contentUrl\":\"https:\\\/\\\/esemineu.ro\\\/wp-content\\\/uploads\\\/2022\\\/11\\\/etna.jpg\",\"width\":1000,\"height\":1000},{\"@type\":\"BreadcrumbList\",\"@id\":\"https:\\\/\\\/esemineu.ro\\\/hu\\\/termek\\\/wamsler-etna-kandallo-fatuzelesu-kandallo-9kw\\\/#breadcrumb\",\"itemListElement\":[{\"@type\":\"ListItem\",\"position\":1,\"name\":\"Kezd\u0151lap\",\"item\":\"https:\\\/\\\/esemineu.ro\\\/hu\\\/\"},{\"@type\":\"ListItem\",\"position\":2,\"name\":\"\u00c1ruh\u00e1z\",\"item\":\"https:\\\/\\\/esemineu.ro\\\/hu\\\/aruhaz\\\/\"},{\"@type\":\"ListItem\",\"position\":3,\"name\":\"Wamsler Etna Kandall\u00f3, Fat\u00fczel\u00e9s\u0171 Kandall\u00f3 9kW\"}]},{\"@type\":\"WebSite\",\"@id\":\"https:\\\/\\\/esemineu.ro\\\/hu\\\/#website\",\"url\":\"https:\\\/\\\/esemineu.ro\\\/hu\\\/\",\"name\":\"eSemineu\",\"description\":\"\u0218eminee de cea mai \u00eenalt\u0103 calitate\",\"potentialAction\":[{\"@type\":\"SearchAction\",\"target\":{\"@type\":\"EntryPoint\",\"urlTemplate\":\"https:\\\/\\\/esemineu.ro\\\/hu\\\/?s={search_term_string}\"},\"query-input\":{\"@type\":\"PropertyValueSpecification\",\"valueRequired\":true,\"valueName\":\"search_term_string\"}}],\"inLanguage\":\"hu\"}]}<\/script>\n<!-- \/ Yoast SEO Premium plugin. -->","yoast_head_json":{"title":"Wamsler Etna Kandall\u00f3 | Fat\u00fczel\u00e9s\u0171 Kandall\u00f3 9kW | eSemineu.ro","description":"Wamsler Etna Kandall\u00f3 - 9kW teljes\u00edtm\u00e9ny\u0171 fat\u00fczel\u00e9s\u0171 kandall\u00f3, ontotvas kialak\u00edt\u00e1ssal. Ide\u00e1lis v\u00e1laszt\u00e1s otthonokba \u00e9s vad\u00e1szh\u00e1zakba.","robots":{"index":"index","follow":"follow","max-snippet":"max-snippet:-1","max-image-preview":"max-image-preview:large","max-video-preview":"max-video-preview:-1"},"canonical":"https:\/\/esemineu.ro\/hu\/termek\/wamsler-etna-kandallo-fatuzelesu-kandallo-9kw\/","og_locale":"hu_HU","og_type":"article","og_title":"Wamsler Etna Kandall\u00f3 | Fat\u00fczel\u00e9s\u0171 Kandall\u00f3 9kW | eSemineu.ro","og_description":"Wamsler Etna Kandall\u00f3 - 9kW teljes\u00edtm\u00e9ny\u0171 fat\u00fczel\u00e9s\u0171 kandall\u00f3, ontotvas kialak\u00edt\u00e1ssal. Ide\u00e1lis v\u00e1laszt\u00e1s otthonokba \u00e9s vad\u00e1szh\u00e1zakba.","og_url":"https:\/\/esemineu.ro\/hu\/termek\/wamsler-etna-kandallo-fatuzelesu-kandallo-9kw\/","og_site_name":"eSemineu","article_publisher":"https:\/\/web.facebook.com\/eSemineu","article_modified_time":"2023-09-22T06:51:10+00:00","og_image":[{"width":1000,"height":1000,"url":"https:\/\/esemineu.ro\/wp-content\/uploads\/2022\/11\/KAMINO-MATRA-FRONT-FIRE-1.jpg","type":"image\/jpeg"}],"twitter_card":"summary_large_image","twitter_misc":{"Becs\u00fclt olvas\u00e1si id\u0151":"2 perc"},"schema":{"@context":"https:\/\/schema.org","@graph":[{"@type":"WebPage","@id":"https:\/\/esemineu.ro\/hu\/termek\/wamsler-etna-kandallo-fatuzelesu-kandallo-9kw\/","url":"https:\/\/esemineu.ro\/hu\/termek\/wamsler-etna-kandallo-fatuzelesu-kandallo-9kw\/","name":"Wamsler Etna Kandall\u00f3 | Fat\u00fczel\u00e9s\u0171 Kandall\u00f3 9kW | eSemineu.ro","isPartOf":{"@id":"https:\/\/esemineu.ro\/hu\/#website"},"primaryImageOfPage":{"@id":"https:\/\/esemineu.ro\/hu\/termek\/wamsler-etna-kandallo-fatuzelesu-kandallo-9kw\/#primaryimage"},"image":{"@id":"https:\/\/esemineu.ro\/hu\/termek\/wamsler-etna-kandallo-fatuzelesu-kandallo-9kw\/#primaryimage"},"thumbnailUrl":"https:\/\/esemineu.ro\/wp-content\/uploads\/2022\/11\/etna.jpg","datePublished":"2022-11-04T03:30:57+00:00","dateModified":"2023-09-22T06:51:10+00:00","description":"Wamsler Etna Kandall\u00f3 - 9kW teljes\u00edtm\u00e9ny\u0171 fat\u00fczel\u00e9s\u0171 kandall\u00f3, ontotvas kialak\u00edt\u00e1ssal. Ide\u00e1lis v\u00e1laszt\u00e1s otthonokba \u00e9s vad\u00e1szh\u00e1zakba.","breadcrumb":{"@id":"https:\/\/esemineu.ro\/hu\/termek\/wamsler-etna-kandallo-fatuzelesu-kandallo-9kw\/#breadcrumb"},"inLanguage":"hu","potentialAction":[{"@type":"ReadAction","target":["https:\/\/esemineu.ro\/hu\/termek\/wamsler-etna-kandallo-fatuzelesu-kandallo-9kw\/"]}]},{"@type":"ImageObject","inLanguage":"hu","@id":"https:\/\/esemineu.ro\/hu\/termek\/wamsler-etna-kandallo-fatuzelesu-kandallo-9kw\/#primaryimage","url":"https:\/\/esemineu.ro\/wp-content\/uploads\/2022\/11\/etna.jpg","contentUrl":"https:\/\/esemineu.ro\/wp-content\/uploads\/2022\/11\/etna.jpg","width":1000,"height":1000},{"@type":"BreadcrumbList","@id":"https:\/\/esemineu.ro\/hu\/termek\/wamsler-etna-kandallo-fatuzelesu-kandallo-9kw\/#breadcrumb","itemListElement":[{"@type":"ListItem","position":1,"name":"Kezd\u0151lap","item":"https:\/\/esemineu.ro\/hu\/"},{"@type":"ListItem","position":2,"name":"\u00c1ruh\u00e1z","item":"https:\/\/esemineu.ro\/hu\/aruhaz\/"},{"@type":"ListItem","position":3,"name":"Wamsler Etna Kandall\u00f3, Fat\u00fczel\u00e9s\u0171 Kandall\u00f3 9kW"}]},{"@type":"WebSite","@id":"https:\/\/esemineu.ro\/hu\/#website","url":"https:\/\/esemineu.ro\/hu\/","name":"eSemineu","description":"\u0218eminee de cea mai \u00eenalt\u0103 calitate","potentialAction":[{"@type":"SearchAction","target":{"@type":"EntryPoint","urlTemplate":"https:\/\/esemineu.ro\/hu\/?s={search_term_string}"},"query-input":{"@type":"PropertyValueSpecification","valueRequired":true,"valueName":"search_term_string"}}],"inLanguage":"hu"}]}},"_links":{"self":[{"href":"https:\/\/esemineu.ro\/hu\/wp-json\/wp\/v2\/product\/4623","targetHints":{"allow":["GET"]}}],"collection":[{"href":"https:\/\/esemineu.ro\/hu\/wp-json\/wp\/v2\/product"}],"about":[{"href":"https:\/\/esemineu.ro\/hu\/wp-json\/wp\/v2\/types\/product"}],"replies":[{"embeddable":true,"href":"https:\/\/esemineu.ro\/hu\/wp-json\/wp\/v2\/comments?post=4623"}],"wp:featuredmedia":[{"embeddable":true,"href":"https:\/\/esemineu.ro\/hu\/wp-json\/wp\/v2\/media\/33666"}],"wp:attachment":[{"href":"https:\/\/esemineu.ro\/hu\/wp-json\/wp\/v2\/media?parent=4623"}],"wp:term":[{"taxonomy":"product_brand","embeddable":true,"href":"https:\/\/esemineu.ro\/hu\/wp-json\/wp\/v2\/product_brand?post=4623"},{"taxonomy":"product_cat","embeddable":true,"href":"https:\/\/esemineu.ro\/hu\/wp-json\/wp\/v2\/product_cat?post=4623"},{"taxonomy":"product_tag","embeddable":true,"href":"https:\/\/esemineu.ro\/hu\/wp-json\/wp\/v2\/product_tag?post=4623"}],"curies":[{"name":"wp","href":"https:\/\/api.w.org\/{rel}","templated":true}]}}