{"id":4611,"date":"2022-11-21T13:00:34","date_gmt":"2022-11-21T10:00:34","guid":{"rendered":"https:\/\/esemineu.ro\/product\/centrala-termica-magdolna-premium-32kw-centrala-pe-lemne-cu-regulator-de-tiraj\/"},"modified":"2024-05-27T08:18:38","modified_gmt":"2024-05-27T06:18:38","slug":"magdolna-premium-32kw-vegyestuzelesu-kazan-acel-vegyestuzelesu-kazan-huzatszabalyozoval","status":"publish","type":"product","link":"https:\/\/esemineu.ro\/hu\/termek\/magdolna-premium-32kw-vegyestuzelesu-kazan-acel-vegyestuzelesu-kazan-huzatszabalyozoval\/","title":{"rendered":"Magdolna Pr\u00e9mium 32kW vegyest\u00fczel\u00e9s\u0171 kaz\u00e1n, Ac\u00e9l vegyest\u00fczel\u00e9s\u0171 kaz\u00e1n, H\u00fazatszab\u00e1lyoz\u00f3val"},"content":{"rendered":"<p>Magdolna Pr\u00e9mium 32kW vegyest\u00fczel\u00e9s\u0171 kaz\u00e1n<\/p>\n<p>A Magdolna Pr\u00e9mium 32 kW-os k\u00f6zponti kaz\u00e1n a melegv\u00edz f\u0171t\u00e9s modern \u00e9s innovat\u00edv megold\u00e1sa. Ezt a k\u00fcl\u00f6nleges teljes\u00edtm\u00e9ny\u0171 term\u00e9ket \u00fagy tervezt\u00e9k, hogy megb\u00edzhat\u00f3an m\u0171k\u00f6dik \u00e9s egyidej\u0171leg gondoskodik a k\u00f6zponti f\u0171t\u00e9sr\u0151l \u00e9s a melegv\u00edz sz\u00fcks\u00e9gletekr\u0151l.<\/p>\n<p>A Magdolna Pr\u00e9mium kaz\u00e1n jellemz\u0151i k\u00f6z\u00f6tt megtal\u00e1lhat\u00f3 az ac\u00e9llemezb\u0151l k\u00e9sz\u00fclt szerkezet, mely dupla fal\u00fa \u00e9s hegesztett. Az 5 mm vastag bels\u0151 \u00e9s 3 mm vastag k\u00fcls\u0151 ac\u00e9llemezek gondoskodnak a tart\u00f3ss\u00e1gr\u00f3l, m\u00edg a 4 cm-es \u00e1sv\u00e1nygyapottal t\u00f6rt\u00e9n\u0151 szigetel\u00e9s optimaliz\u00e1lja az energiamegtakar\u00edt\u00e1st.<\/p>\n<p>Tov\u00e1bbi vonz\u00f3 tulajdons\u00e1ga a k\u00f6nnyen szerelhet\u0151 burkolat, amelyet csavarokkal r\u00f6gz\u00edt\u00fcnk. A kaz\u00e1n fel\u00fclete h\u0151\u00e1ll\u00f3 fest\u00e9kkel van bevonva, amit egy porfest\u00e9k v\u00e9di, \u00edgy tart\u00f3s \u00e9s eszt\u00e9tikus megjelen\u00e9st k\u00f6lcs\u00f6n\u00f6z a term\u00e9knek.<\/p>\n<p>Magdolna Pr\u00e9mium 32kW vegyest\u00fczel\u00e9s\u0171 kaz\u00e1n-os kaz\u00e1n h\u00e1romajt\u00f3s szerkezettel rendelkezik, amely k\u00f6nny\u0171 hozz\u00e1f\u00e9r\u00e9st biztos\u00edt a t\u00fczel\u0151anyaghoz. A szell\u0151z\u0151ajt\u00f3val szab\u00e1lyozhat\u00f3 a szekunder leveg\u0151 mennyis\u00e9ge, amely elengedhetetlen az \u00e9g\u00e9shez. Az ajt\u00f3 \u00fagy lett tervezve, hogy lehet\u0151s\u00e9get biztos\u00edtson az automata huzatszab\u00e1lyoz\u00f3 be\u00e9p\u00edt\u00e9s\u00e9re.<\/p>\n<p>A Magdolna Pr\u00e9mium k\u00f6zponti ac\u00e9l kaz\u00e1n kiv\u00e1l\u00f3 min\u0151s\u00e9g\u0171, nagy ellen\u00e1ll\u00e1s\u00fa cs\u0151b\u0151l k\u00e9sz\u00fclt v\u00edzh\u0171t\u00e9ses r\u00e1csot tartalmaz, amely megfelel a kaz\u00e1n m\u00e9ret\u00e9nek. Az ac\u00e9llemez bor\u00edt\u00e1s\u00fa h\u0151szigetel\u0151 burkolat pedig v\u00e9di a kaz\u00e1n test\u00e9t, valamint fizikai v\u00e9delmet is ny\u00fajt a h\u0151szigetel\u0151 anyagnak \u00e9s kaz\u00e1nnak.<\/p>\n<p>Magdolna Pr\u00e9mium 32kW vegyest\u00fczel\u00e9s\u0171 kaz\u00e1n-os kaz\u00e1n eszt\u00e9tikus kialak\u00edt\u00e1s\u00fa. A term\u00e9k teste h\u0151\u00e1ll\u00f3 fest\u00e9kkel, a k\u00fcls\u0151 lemezek pedig elektrosztatikus porfest\u00e9kkel vannak bevonva. Az 1,5 mm vastag ac\u00e9llemez f\u00fcstelvezet\u0151vel rendelkezik, ami hozz\u00e1j\u00e1rul a hat\u00e9kony \u00e9s biztons\u00e1gos m\u0171k\u00f6d\u00e9shez.<\/p>\n<p>A kaz\u00e1nt a gy\u00e1rt\u00f3 a k\u00f6vetkez\u0151 tartoz\u00e9kokkal sz\u00e1ll\u00edtja: be\u00e9p\u00edt\u00e9si, \u00fczembe helyez\u00e9si, haszn\u00e1lati \u00e9s karbantart\u00e1si utas\u00edt\u00e1sok; automatikus huzatszab\u00e1lyoz\u00f3; h\u0151m\u00e9r\u0151; hamutart\u00f3. A sz\u00e1ll\u00edt\u00e1s a term\u00e9kkel egy\u00fctt tartalmazza a haszn\u00e1lati \u00fatmutat\u00f3t, a megfelel\u0151s\u00e9gi nyilatkozatot \u00e9s a j\u00f3t\u00e1ll\u00e1si jegyet is.<\/p>\n<h6>Sz\u00e1ll\u00edt\u00e1si hat\u00e1rid\u0151:<\/h6>\n<ul>\n<li><strong>Magyarorsz\u00e1g \u00e9s az eg\u00e9sz Eur\u00f3pai Uni\u00f3 ter\u00fclet\u00e9n<\/strong>\u00a0is sz\u00e1ll\u00edtjuk.<\/li>\n<li>Rom\u00e1ni\u00e1ba 2-3 munkanap alatt sz\u00e1ll\u00edtjuk<\/li>\n<li>Magyarorsz\u00e1gra \u00e9s az EU ter\u00fclet\u00e9re az \u00e1tutal\u00e1s ut\u00e1n 5 munkanapon bel\u00fcl \u00e9rkezik meg a term\u00e9k.<\/li>\n<\/ul>\n<p>Ha b\u00e1rmilyen k\u00e9rd\u00e9se van, k\u00e9rj\u00fck, l\u00e9pjen kapcsolatba vel\u00fcnk.<\/p>\n<p>Tov\u00e1bbi aj\u00e1nlatok\u00e9rt kattintson\u00a0<a href=\"https:\/\/esemineu.ro\/hu\/termek-kategoria\/acel-fatuzelesu-kazan\/\">ide<\/a><\/p>\n<p>T\u0151bb inform\u00e1ci\u00f3\u00e9rt l\u00e1togasson el\u00a0<a href=\"https:\/\/www.youtube.com\/@esemineuromania\">YouTube<\/a>-csatorn\u00e1nkra, valamint\u00a0<a href=\"https:\/\/www.facebook.com\/eSemineu\">Facebook<\/a>\u00a0\u00e9s\u00a0<a href=\"https:\/\/www.instagram.com\/esemineu\/\">Instagram<\/a>\u00a0oldalainkra.<\/p>\n<p><a href=\"https:\/\/esemineu.ro\/\">eSemineu.ro<\/a>\u00a0 \u00a0Te rakod a t\u0171zet, mi adjuk a meleget!<\/p>\n","protected":false},"excerpt":{"rendered":"<p>Magdolna Pr\u00e9mium 32kW vegyest\u00fczel\u00e9s\u0171 kaz\u00e1n A Magdolna Pr\u00e9mium 32 kW-os k\u00f6zponti kaz\u00e1n a melegv\u00edz f\u0171t\u00e9s modern \u00e9s innovat\u00edv megold\u00e1sa. Ezt a k\u00fcl\u00f6nleges teljes\u00edtm\u00e9ny\u0171 term\u00e9ket \u00fagy tervezt\u00e9k, hogy megb\u00edzhat\u00f3an m\u0171k\u00f6dik \u00e9s egyidej\u0171leg gondoskodik a k\u00f6zponti f\u0171t\u00e9sr\u0151l \u00e9s a melegv\u00edz sz\u00fcks\u00e9gletekr\u0151l. A Magdolna Pr\u00e9mium kaz\u00e1n jellemz\u0151i k\u00f6z\u00f6tt megtal\u00e1lhat\u00f3 az ac\u00e9llemezb\u0151l k\u00e9sz\u00fclt szerkezet, mely dupla fal\u00fa \u00e9s hegesztett. Az 5 mm vastag bels\u0151 \u00e9s 3 mm vastag k\u00fcls\u0151 ac\u00e9llemezek gondoskodnak a tart\u00f3ss\u00e1gr\u00f3l, m\u00edg a 4 cm-es \u00e1sv\u00e1nygyapottal t\u00f6rt\u00e9n\u0151 szigetel\u00e9s optimaliz\u00e1lja az energiamegtakar\u00edt\u00e1st. Tov\u00e1bbi vonz\u00f3 tulajdons\u00e1ga a k\u00f6nnyen szerelhet\u0151 burkolat, amelyet csavarokkal r\u00f6gz\u00edt\u00fcnk. A kaz\u00e1n fel\u00fclete h\u0151\u00e1ll\u00f3 fest\u00e9kkel van bevonva, amit egy porfest\u00e9k v\u00e9di, \u00edgy tart\u00f3s \u00e9s eszt\u00e9tikus megjelen\u00e9st k\u00f6lcs\u00f6n\u00f6z a term\u00e9knek. Magdolna Pr\u00e9mium 32kW vegyest\u00fczel\u00e9s\u0171 kaz\u00e1n-os kaz\u00e1n h\u00e1romajt\u00f3s szerkezettel rendelkezik, amely k\u00f6nny\u0171 hozz\u00e1f\u00e9r\u00e9st biztos\u00edt a t\u00fczel\u0151anyaghoz. A szell\u0151z\u0151ajt\u00f3val szab\u00e1lyozhat\u00f3 a szekunder leveg\u0151 mennyis\u00e9ge, amely elengedhetetlen az \u00e9g\u00e9shez. Az ajt\u00f3 \u00fagy lett tervezve, hogy lehet\u0151s\u00e9get biztos\u00edtson az automata huzatszab\u00e1lyoz\u00f3 be\u00e9p\u00edt\u00e9s\u00e9re. A Magdolna Pr\u00e9mium k\u00f6zponti &hellip; <a href=\"https:\/\/esemineu.ro\/hu\/termek\/magdolna-premium-32kw-vegyestuzelesu-kazan-acel-vegyestuzelesu-kazan-huzatszabalyozoval\/\">Folytatva<\/a><\/p>\n","protected":false},"featured_media":12311,"comment_status":"open","ping_status":"closed","template":"","meta":[],"product_brand":[714],"product_cat":[1481,1484],"product_tag":[],"class_list":{"0":"post-4611","1":"product","2":"type-product","3":"status-publish","4":"has-post-thumbnail","6":"product_brand-kolo-tech","7":"product_cat-acel-kazanok-es-kiegeszitok","8":"product_cat-vegyestuzelesu-acel-kazanok","9":"product_shipping_class-acel-fatuzelesu-kazan","10":"pa_combustibil-utilizat-brikett","11":"pa_combustibil-utilizat-fa","12":"pa_combustibil-utilizat-szen","13":"pa_culoare-narancssarga","14":"pa_diametru-racordului-la-cos-130-mm-hu","15":"pa_dimensiune-usa-incarcare-mm-300-x-300-hu","16":"pa_putere-32-kw-hu","17":"pa_randament-887-hu","18":"pa_temperatura-maxima-90-c-hu","19":"pa_volumul-rezervorului-105-l-hu","20":"producer-magdolna-impex","22":"first","23":"onbackorder","24":"shipping-taxable","25":"purchasable","26":"product-type-simple"},"acf":[],"yoast_head":"<!-- This site is optimized with the Yoast SEO Premium plugin v21.0 (Yoast SEO v27.3) - https:\/\/yoast.com\/product\/yoast-seo-premium-wordpress\/ -->\n<title>Magdolna Pr\u00e9mium 32kW vegyest\u00fczel\u00e9s\u0171 kaz\u00e1n<\/title>\n<meta name=\"description\" content=\"Magdolna Pr\u00e9mium 32kW vegyest\u00fczel\u00e9s\u0171 kaz\u00e1n, 88,7% hat\u00e9konys\u00e1ggal, 230 kg, 105L v\u00edztart\u00e1ly, 90\u00b0C max. h\u0151m\u00e9rs\u00e9klet, 5mm ac\u00e9llemez, 130 mm k\u00e9m\u00e9nycsatlakoz\u00e1s.\" \/>\n<meta name=\"robots\" content=\"index, follow, max-snippet:-1, max-image-preview:large, max-video-preview:-1\" \/>\n<link rel=\"canonical\" href=\"https:\/\/esemineu.ro\/hu\/termek\/magdolna-premium-32kw-vegyestuzelesu-kazan-acel-vegyestuzelesu-kazan-huzatszabalyozoval\/\" \/>\n<meta property=\"og:locale\" content=\"hu_HU\" \/>\n<meta property=\"og:type\" content=\"article\" \/>\n<meta property=\"og:title\" content=\"Magdolna Pr\u00e9mium 32kW vegyest\u00fczel\u00e9s\u0171 kaz\u00e1n\" \/>\n<meta property=\"og:description\" content=\"Magdolna Pr\u00e9mium 32kW vegyest\u00fczel\u00e9s\u0171 kaz\u00e1n, 88,7% hat\u00e9konys\u00e1ggal, 230 kg, 105L v\u00edztart\u00e1ly, 90\u00b0C max. h\u0151m\u00e9rs\u00e9klet, 5mm ac\u00e9llemez, 130 mm k\u00e9m\u00e9nycsatlakoz\u00e1s.\" \/>\n<meta property=\"og:url\" content=\"https:\/\/esemineu.ro\/hu\/termek\/magdolna-premium-32kw-vegyestuzelesu-kazan-acel-vegyestuzelesu-kazan-huzatszabalyozoval\/\" \/>\n<meta property=\"og:site_name\" content=\"eSemineu\" \/>\n<meta property=\"article:publisher\" content=\"https:\/\/web.facebook.com\/eSemineu\" \/>\n<meta property=\"article:modified_time\" content=\"2024-05-27T06:18:38+00:00\" \/>\n<meta property=\"og:image\" content=\"https:\/\/esemineu.ro\/wp-content\/uploads\/2023\/09\/Front1-1-1.jpg\" \/>\n\t<meta property=\"og:image:width\" content=\"1000\" \/>\n\t<meta property=\"og:image:height\" content=\"1000\" \/>\n\t<meta property=\"og:image:type\" content=\"image\/jpeg\" \/>\n<meta name=\"twitter:card\" content=\"summary_large_image\" \/>\n<meta name=\"twitter:label1\" content=\"Becs\u00fclt olvas\u00e1si id\u0151\" \/>\n\t<meta name=\"twitter:data1\" content=\"5 perc\" \/>\n<script type=\"application\/ld+json\" class=\"yoast-schema-graph\">{\"@context\":\"https:\\\/\\\/schema.org\",\"@graph\":[{\"@type\":\"WebPage\",\"@id\":\"https:\\\/\\\/esemineu.ro\\\/hu\\\/termek\\\/magdolna-premium-32kw-vegyestuzelesu-kazan-acel-vegyestuzelesu-kazan-huzatszabalyozoval\\\/\",\"url\":\"https:\\\/\\\/esemineu.ro\\\/hu\\\/termek\\\/magdolna-premium-32kw-vegyestuzelesu-kazan-acel-vegyestuzelesu-kazan-huzatszabalyozoval\\\/\",\"name\":\"Magdolna Pr\u00e9mium 32kW vegyest\u00fczel\u00e9s\u0171 kaz\u00e1n\",\"isPartOf\":{\"@id\":\"https:\\\/\\\/esemineu.ro\\\/hu\\\/#website\"},\"primaryImageOfPage\":{\"@id\":\"https:\\\/\\\/esemineu.ro\\\/hu\\\/termek\\\/magdolna-premium-32kw-vegyestuzelesu-kazan-acel-vegyestuzelesu-kazan-huzatszabalyozoval\\\/#primaryimage\"},\"image\":{\"@id\":\"https:\\\/\\\/esemineu.ro\\\/hu\\\/termek\\\/magdolna-premium-32kw-vegyestuzelesu-kazan-acel-vegyestuzelesu-kazan-huzatszabalyozoval\\\/#primaryimage\"},\"thumbnailUrl\":\"https:\\\/\\\/esemineu.ro\\\/wp-content\\\/uploads\\\/2023\\\/09\\\/Front1-1-1.jpg\",\"datePublished\":\"2022-11-21T10:00:34+00:00\",\"dateModified\":\"2024-05-27T06:18:38+00:00\",\"description\":\"Magdolna Pr\u00e9mium 32kW vegyest\u00fczel\u00e9s\u0171 kaz\u00e1n, 88,7% hat\u00e9konys\u00e1ggal, 230 kg, 105L v\u00edztart\u00e1ly, 90\u00b0C max. h\u0151m\u00e9rs\u00e9klet, 5mm ac\u00e9llemez, 130 mm k\u00e9m\u00e9nycsatlakoz\u00e1s.\",\"breadcrumb\":{\"@id\":\"https:\\\/\\\/esemineu.ro\\\/hu\\\/termek\\\/magdolna-premium-32kw-vegyestuzelesu-kazan-acel-vegyestuzelesu-kazan-huzatszabalyozoval\\\/#breadcrumb\"},\"inLanguage\":\"hu\",\"potentialAction\":[{\"@type\":\"ReadAction\",\"target\":[\"https:\\\/\\\/esemineu.ro\\\/hu\\\/termek\\\/magdolna-premium-32kw-vegyestuzelesu-kazan-acel-vegyestuzelesu-kazan-huzatszabalyozoval\\\/\"]}]},{\"@type\":\"ImageObject\",\"inLanguage\":\"hu\",\"@id\":\"https:\\\/\\\/esemineu.ro\\\/hu\\\/termek\\\/magdolna-premium-32kw-vegyestuzelesu-kazan-acel-vegyestuzelesu-kazan-huzatszabalyozoval\\\/#primaryimage\",\"url\":\"https:\\\/\\\/esemineu.ro\\\/wp-content\\\/uploads\\\/2023\\\/09\\\/Front1-1-1.jpg\",\"contentUrl\":\"https:\\\/\\\/esemineu.ro\\\/wp-content\\\/uploads\\\/2023\\\/09\\\/Front1-1-1.jpg\",\"width\":1000,\"height\":1000,\"caption\":\"Magdolna Pr\u00e9mium 32kW vegyest\u00fczel\u00e9s\u0171 kaz\u00e1n\"},{\"@type\":\"BreadcrumbList\",\"@id\":\"https:\\\/\\\/esemineu.ro\\\/hu\\\/termek\\\/magdolna-premium-32kw-vegyestuzelesu-kazan-acel-vegyestuzelesu-kazan-huzatszabalyozoval\\\/#breadcrumb\",\"itemListElement\":[{\"@type\":\"ListItem\",\"position\":1,\"name\":\"Kezd\u0151lap\",\"item\":\"https:\\\/\\\/esemineu.ro\\\/hu\\\/\"},{\"@type\":\"ListItem\",\"position\":2,\"name\":\"\u00c1ruh\u00e1z\",\"item\":\"https:\\\/\\\/esemineu.ro\\\/hu\\\/aruhaz\\\/\"},{\"@type\":\"ListItem\",\"position\":3,\"name\":\"Magdolna Pr\u00e9mium 32kW vegyest\u00fczel\u00e9s\u0171 kaz\u00e1n, Ac\u00e9l vegyest\u00fczel\u00e9s\u0171 kaz\u00e1n, H\u00fazatszab\u00e1lyoz\u00f3val\"}]},{\"@type\":\"WebSite\",\"@id\":\"https:\\\/\\\/esemineu.ro\\\/hu\\\/#website\",\"url\":\"https:\\\/\\\/esemineu.ro\\\/hu\\\/\",\"name\":\"eSemineu\",\"description\":\"\u0218eminee de cea mai \u00eenalt\u0103 calitate\",\"potentialAction\":[{\"@type\":\"SearchAction\",\"target\":{\"@type\":\"EntryPoint\",\"urlTemplate\":\"https:\\\/\\\/esemineu.ro\\\/hu\\\/?s={search_term_string}\"},\"query-input\":{\"@type\":\"PropertyValueSpecification\",\"valueRequired\":true,\"valueName\":\"search_term_string\"}}],\"inLanguage\":\"hu\"}]}<\/script>\n<!-- \/ Yoast SEO Premium plugin. -->","yoast_head_json":{"title":"Magdolna Pr\u00e9mium 32kW vegyest\u00fczel\u00e9s\u0171 kaz\u00e1n","description":"Magdolna Pr\u00e9mium 32kW vegyest\u00fczel\u00e9s\u0171 kaz\u00e1n, 88,7% hat\u00e9konys\u00e1ggal, 230 kg, 105L v\u00edztart\u00e1ly, 90\u00b0C max. h\u0151m\u00e9rs\u00e9klet, 5mm ac\u00e9llemez, 130 mm k\u00e9m\u00e9nycsatlakoz\u00e1s.","robots":{"index":"index","follow":"follow","max-snippet":"max-snippet:-1","max-image-preview":"max-image-preview:large","max-video-preview":"max-video-preview:-1"},"canonical":"https:\/\/esemineu.ro\/hu\/termek\/magdolna-premium-32kw-vegyestuzelesu-kazan-acel-vegyestuzelesu-kazan-huzatszabalyozoval\/","og_locale":"hu_HU","og_type":"article","og_title":"Magdolna Pr\u00e9mium 32kW vegyest\u00fczel\u00e9s\u0171 kaz\u00e1n","og_description":"Magdolna Pr\u00e9mium 32kW vegyest\u00fczel\u00e9s\u0171 kaz\u00e1n, 88,7% hat\u00e9konys\u00e1ggal, 230 kg, 105L v\u00edztart\u00e1ly, 90\u00b0C max. h\u0151m\u00e9rs\u00e9klet, 5mm ac\u00e9llemez, 130 mm k\u00e9m\u00e9nycsatlakoz\u00e1s.","og_url":"https:\/\/esemineu.ro\/hu\/termek\/magdolna-premium-32kw-vegyestuzelesu-kazan-acel-vegyestuzelesu-kazan-huzatszabalyozoval\/","og_site_name":"eSemineu","article_publisher":"https:\/\/web.facebook.com\/eSemineu","article_modified_time":"2024-05-27T06:18:38+00:00","og_image":[{"width":1000,"height":1000,"url":"https:\/\/esemineu.ro\/wp-content\/uploads\/2023\/09\/Front1-1-1.jpg","type":"image\/jpeg"}],"twitter_card":"summary_large_image","twitter_misc":{"Becs\u00fclt olvas\u00e1si id\u0151":"5 perc"},"schema":{"@context":"https:\/\/schema.org","@graph":[{"@type":"WebPage","@id":"https:\/\/esemineu.ro\/hu\/termek\/magdolna-premium-32kw-vegyestuzelesu-kazan-acel-vegyestuzelesu-kazan-huzatszabalyozoval\/","url":"https:\/\/esemineu.ro\/hu\/termek\/magdolna-premium-32kw-vegyestuzelesu-kazan-acel-vegyestuzelesu-kazan-huzatszabalyozoval\/","name":"Magdolna Pr\u00e9mium 32kW vegyest\u00fczel\u00e9s\u0171 kaz\u00e1n","isPartOf":{"@id":"https:\/\/esemineu.ro\/hu\/#website"},"primaryImageOfPage":{"@id":"https:\/\/esemineu.ro\/hu\/termek\/magdolna-premium-32kw-vegyestuzelesu-kazan-acel-vegyestuzelesu-kazan-huzatszabalyozoval\/#primaryimage"},"image":{"@id":"https:\/\/esemineu.ro\/hu\/termek\/magdolna-premium-32kw-vegyestuzelesu-kazan-acel-vegyestuzelesu-kazan-huzatszabalyozoval\/#primaryimage"},"thumbnailUrl":"https:\/\/esemineu.ro\/wp-content\/uploads\/2023\/09\/Front1-1-1.jpg","datePublished":"2022-11-21T10:00:34+00:00","dateModified":"2024-05-27T06:18:38+00:00","description":"Magdolna Pr\u00e9mium 32kW vegyest\u00fczel\u00e9s\u0171 kaz\u00e1n, 88,7% hat\u00e9konys\u00e1ggal, 230 kg, 105L v\u00edztart\u00e1ly, 90\u00b0C max. h\u0151m\u00e9rs\u00e9klet, 5mm ac\u00e9llemez, 130 mm k\u00e9m\u00e9nycsatlakoz\u00e1s.","breadcrumb":{"@id":"https:\/\/esemineu.ro\/hu\/termek\/magdolna-premium-32kw-vegyestuzelesu-kazan-acel-vegyestuzelesu-kazan-huzatszabalyozoval\/#breadcrumb"},"inLanguage":"hu","potentialAction":[{"@type":"ReadAction","target":["https:\/\/esemineu.ro\/hu\/termek\/magdolna-premium-32kw-vegyestuzelesu-kazan-acel-vegyestuzelesu-kazan-huzatszabalyozoval\/"]}]},{"@type":"ImageObject","inLanguage":"hu","@id":"https:\/\/esemineu.ro\/hu\/termek\/magdolna-premium-32kw-vegyestuzelesu-kazan-acel-vegyestuzelesu-kazan-huzatszabalyozoval\/#primaryimage","url":"https:\/\/esemineu.ro\/wp-content\/uploads\/2023\/09\/Front1-1-1.jpg","contentUrl":"https:\/\/esemineu.ro\/wp-content\/uploads\/2023\/09\/Front1-1-1.jpg","width":1000,"height":1000,"caption":"Magdolna Pr\u00e9mium 32kW vegyest\u00fczel\u00e9s\u0171 kaz\u00e1n"},{"@type":"BreadcrumbList","@id":"https:\/\/esemineu.ro\/hu\/termek\/magdolna-premium-32kw-vegyestuzelesu-kazan-acel-vegyestuzelesu-kazan-huzatszabalyozoval\/#breadcrumb","itemListElement":[{"@type":"ListItem","position":1,"name":"Kezd\u0151lap","item":"https:\/\/esemineu.ro\/hu\/"},{"@type":"ListItem","position":2,"name":"\u00c1ruh\u00e1z","item":"https:\/\/esemineu.ro\/hu\/aruhaz\/"},{"@type":"ListItem","position":3,"name":"Magdolna Pr\u00e9mium 32kW vegyest\u00fczel\u00e9s\u0171 kaz\u00e1n, Ac\u00e9l vegyest\u00fczel\u00e9s\u0171 kaz\u00e1n, H\u00fazatszab\u00e1lyoz\u00f3val"}]},{"@type":"WebSite","@id":"https:\/\/esemineu.ro\/hu\/#website","url":"https:\/\/esemineu.ro\/hu\/","name":"eSemineu","description":"\u0218eminee de cea mai \u00eenalt\u0103 calitate","potentialAction":[{"@type":"SearchAction","target":{"@type":"EntryPoint","urlTemplate":"https:\/\/esemineu.ro\/hu\/?s={search_term_string}"},"query-input":{"@type":"PropertyValueSpecification","valueRequired":true,"valueName":"search_term_string"}}],"inLanguage":"hu"}]}},"_links":{"self":[{"href":"https:\/\/esemineu.ro\/hu\/wp-json\/wp\/v2\/product\/4611","targetHints":{"allow":["GET"]}}],"collection":[{"href":"https:\/\/esemineu.ro\/hu\/wp-json\/wp\/v2\/product"}],"about":[{"href":"https:\/\/esemineu.ro\/hu\/wp-json\/wp\/v2\/types\/product"}],"replies":[{"embeddable":true,"href":"https:\/\/esemineu.ro\/hu\/wp-json\/wp\/v2\/comments?post=4611"}],"wp:featuredmedia":[{"embeddable":true,"href":"https:\/\/esemineu.ro\/hu\/wp-json\/wp\/v2\/media\/12311"}],"wp:attachment":[{"href":"https:\/\/esemineu.ro\/hu\/wp-json\/wp\/v2\/media?parent=4611"}],"wp:term":[{"taxonomy":"product_brand","embeddable":true,"href":"https:\/\/esemineu.ro\/hu\/wp-json\/wp\/v2\/product_brand?post=4611"},{"taxonomy":"product_cat","embeddable":true,"href":"https:\/\/esemineu.ro\/hu\/wp-json\/wp\/v2\/product_cat?post=4611"},{"taxonomy":"product_tag","embeddable":true,"href":"https:\/\/esemineu.ro\/hu\/wp-json\/wp\/v2\/product_tag?post=4611"}],"curies":[{"name":"wp","href":"https:\/\/api.w.org\/{rel}","templated":true}]}}