{"id":4610,"date":"2022-11-21T13:24:39","date_gmt":"2022-11-21T10:24:39","guid":{"rendered":"https:\/\/esemineu.ro\/product\/centrala-termica-magdolna-premium-37kw-centrala-pe-lemne-cu-regulator-de-tiraj\/"},"modified":"2024-05-27T08:37:29","modified_gmt":"2024-05-27T06:37:29","slug":"magdolna-premium-37kw-vegyestuzelesu-kazan-acel-vegyestuzelesu-kazan-huzatszabalyozoval","status":"publish","type":"product","link":"https:\/\/esemineu.ro\/hu\/termek\/magdolna-premium-37kw-vegyestuzelesu-kazan-acel-vegyestuzelesu-kazan-huzatszabalyozoval\/","title":{"rendered":"Magdolna Pr\u00e9mium 37kW vegyest\u00fczel\u00e9s\u0171 kaz\u00e1n, Ac\u00e9l vegyest\u00fczel\u00e9s\u0171 kaz\u00e1n, H\u00fazatszab\u00e1lyoz\u00f3val"},"content":{"rendered":"<p>Fedezze fel a Magdolna Pr\u00e9mium 37kW vegyest\u00fczel\u00e9s\u0171 kaz\u00e1nt a kaz\u00e1n kiv\u00e1l\u00f3 tulajdons\u00e1gait, amelyek t\u00f6k\u00e9letes f\u0171t\u00e9st \u00e9s k\u00e9nyelmet ny\u00fajtanak otthon\u00e1ban. Ez az innovat\u00edv \u00e9s megb\u00edzhat\u00f3 kaz\u00e1n a huzatszab\u00e1lyoz\u00f3val rendelkez\u0151 k\u00e9sz\u00fcl\u00e9k kateg\u00f3ri\u00e1j\u00e1ba tartozik, amely lehet\u0151v\u00e9 teszi az \u00e9g\u00e9shez sz\u00fcks\u00e9ges leveg\u0151 szab\u00e1lyoz\u00e1s\u00e1t a hat\u00e9kony \u00e9s optim\u00e1lis m\u0171k\u00f6d\u00e9s \u00e9rdek\u00e9ben. A Magdolna Pr\u00e9mium 37 kW-os kaz\u00e1n t\u00fczel\u0151anyagk\u00e9nt brikettet, f\u00e1t \u00e9s sz\u00e9nt haszn\u00e1lhat, amelyek k\u00f6nnyen hozz\u00e1f\u00e9rhet\u0151ek \u00e9s gazdas\u00e1gosak. A kaz\u00e1n huzatszab\u00e1lyoz\u00f3val van ell\u00e1tva, amely lehet\u0151v\u00e9 teszi a leveg\u0151bevitel szab\u00e1lyoz\u00e1s\u00e1t az \u00e9g\u00e9s hat\u00e9konys\u00e1g\u00e1nak \u00e9s a h\u0151m\u00e9rs\u00e9klet szab\u00e1lyoz\u00e1s\u00e1nak \u00e9rdek\u00e9ben.<\/p>\n<p>A Magdolna Pr\u00e9mium 37kW vegyest\u00fczel\u00e9s\u0171 kaz\u00e1n kaz\u00e1n leny\u0171g\u00f6z\u0151 teljes\u00edtm\u00e9nyt k\u00edn\u00e1l, amely garant\u00e1lja a hat\u00e9kony f\u0171t\u00e9st m\u00e9g nagyobb ter\u00fcleteken is. Hat\u00e9konys\u00e1gi \u00e9rt\u00e9ke, amely 87,4% -os, lehet\u0151v\u00e9 teszi az energiamegtakar\u00edt\u00e1st, \u00e9s cs\u00f6kkenti a f\u0171t\u00e9si k\u00f6lts\u00e9geket, mik\u00f6zben meleg \u00e9s k\u00e9nyelmes otthont biztos\u00edt.<\/p>\n<p>A kaz\u00e1n ajtaja m\u00e9rete 300 x 300 mm, amely lehet\u0151v\u00e9 teszi a t\u00fczel\u0151anyag k\u00f6nny\u0171 \u00e9s k\u00e9nyelmes kezel\u00e9s\u00e9t. A kaz\u00e1n magass\u00e1ga 1170 mm, hossz\u00fas\u00e1ga\/sz\u00e9less\u00e9ge 540 mm, m\u00edg m\u00e9lys\u00e9ge 710 mm. Ez a kompakt m\u00e9ret lehet\u0151v\u00e9 teszi a kaz\u00e1n k\u00f6nny\u0171 elhelyez\u00e9s\u00e9t \u00e9s telep\u00edt\u00e9s\u00e9t a rendelkez\u00e9sre \u00e1ll\u00f3 helyen.<\/p>\n<p>A Magdolna Pr\u00e9mium 37kW vegyest\u00fczel\u00e9s\u0171 kaz\u00e1n-os kaz\u00e1n kiv\u00e1l\u00f3 min\u0151s\u00e9g\u0171 anyagokb\u00f3l k\u00e9sz\u00fcl, \u00e9s tart\u00f3s \u00e9s megb\u00edzhat\u00f3 m\u0171k\u00f6d\u00e9st biztos\u00edt hossz\u00fa \u00e9lettartam mellett. Az eleg\u00e1ns \u00e9s modern design lehet\u0151v\u00e9 teszi, hogy a kaz\u00e1n st\u00edlusos kieg\u00e9sz\u00edt\u0151je legyen a bels\u0151 t\u00e9rnek.<\/p>\n<p>Vegye figyelembe, hogy a kaz\u00e1n kiz\u00e1r\u00f3lag f\u0171t\u00e9sre haszn\u00e1lhat\u00f3, h\u00e1ztart\u00e1si hullad\u00e9k vagy vegyi anyagok \u00e9get\u00e9se tilos. Amennyiben hullad\u00e9k \u00e9get\u00e9sre ker\u00fclne sor, a f\u00fcstkivezet\u0151 ny\u00edl\u00e1sa elt\u00f6m\u0151dhet. A f\u00fcstkivezet\u0151 k\u00e9m\u00e9ny (cs\u0151) hossza legal\u00e1bb 5 m\u00e9ter, \u00e1tm\u00e9r\u0151je pedig 180 cm kell, hogy legyen.<\/p>\n<p>A csomag tartalmazza a be\u00e9p\u00edt\u00e9si, \u00fczembe helyez\u00e9si, haszn\u00e1lati \u00e9s karbantart\u00e1si utas\u00edt\u00e1sokat, egy automata huzatszab\u00e1lyoz\u00f3t, h\u0151m\u00e9r\u0151t \u00e9s hamutart\u00f3t.<\/p>\n<h6>Sz\u00e1ll\u00edt\u00e1si hat\u00e1rid\u0151:<\/h6>\n<ul>\n<li><strong>Magyarorsz\u00e1g \u00e9s az eg\u00e9sz Eur\u00f3pai Uni\u00f3 ter\u00fclet\u00e9n<\/strong>\u00a0is sz\u00e1ll\u00edtjuk.<\/li>\n<li>Rom\u00e1ni\u00e1ba 2-3 munkanap alatt sz\u00e1ll\u00edtjuk<\/li>\n<li>Magyarorsz\u00e1gra \u00e9s az EU ter\u00fclet\u00e9re az \u00e1tutal\u00e1s ut\u00e1n 5 munkanapon bel\u00fcl \u00e9rkezik meg a term\u00e9k.<\/li>\n<\/ul>\n<p>Ha b\u00e1rmilyen k\u00e9rd\u00e9se van, k\u00e9rj\u00fck, l\u00e9pjen kapcsolatba vel\u00fcnk.<\/p>\n<p>Tov\u00e1bbi aj\u00e1nlatok\u00e9rt kattintson\u00a0<a href=\"https:\/\/esemineu.ro\/hu\/termek-kategoria\/acel-fatuzelesu-kazan\/\">ide<\/a><\/p>\n<p>T\u0151bb inform\u00e1ci\u00f3\u00e9rt l\u00e1togasson el\u00a0<a href=\"https:\/\/www.youtube.com\/@esemineuromania\">YouTube<\/a>-csatorn\u00e1nkra, valamint\u00a0<a href=\"https:\/\/www.facebook.com\/eSemineu\">Facebook<\/a>\u00a0\u00e9s\u00a0<a href=\"https:\/\/www.instagram.com\/esemineu\/\">Instagram<\/a>\u00a0oldalainkra.<\/p>\n<p><a href=\"https:\/\/esemineu.ro\/\">eSemineu.ro<\/a>\u00a0 \u00a0Te rakod a t\u0171zet, mi adjuk a meleget!<\/p>\n","protected":false},"excerpt":{"rendered":"<p>Fedezze fel a Magdolna Pr\u00e9mium 37kW vegyest\u00fczel\u00e9s\u0171 kaz\u00e1nt a kaz\u00e1n kiv\u00e1l\u00f3 tulajdons\u00e1gait, amelyek t\u00f6k\u00e9letes f\u0171t\u00e9st \u00e9s k\u00e9nyelmet ny\u00fajtanak otthon\u00e1ban. Ez az innovat\u00edv \u00e9s megb\u00edzhat\u00f3 kaz\u00e1n a huzatszab\u00e1lyoz\u00f3val rendelkez\u0151 k\u00e9sz\u00fcl\u00e9k kateg\u00f3ri\u00e1j\u00e1ba tartozik, amely lehet\u0151v\u00e9 teszi az \u00e9g\u00e9shez sz\u00fcks\u00e9ges leveg\u0151 szab\u00e1lyoz\u00e1s\u00e1t a hat\u00e9kony \u00e9s optim\u00e1lis m\u0171k\u00f6d\u00e9s \u00e9rdek\u00e9ben. A Magdolna Pr\u00e9mium 37 kW-os kaz\u00e1n t\u00fczel\u0151anyagk\u00e9nt brikettet, f\u00e1t \u00e9s sz\u00e9nt haszn\u00e1lhat, amelyek k\u00f6nnyen hozz\u00e1f\u00e9rhet\u0151ek \u00e9s gazdas\u00e1gosak. A kaz\u00e1n huzatszab\u00e1lyoz\u00f3val van ell\u00e1tva, amely lehet\u0151v\u00e9 teszi a leveg\u0151bevitel szab\u00e1lyoz\u00e1s\u00e1t az \u00e9g\u00e9s hat\u00e9konys\u00e1g\u00e1nak \u00e9s a h\u0151m\u00e9rs\u00e9klet szab\u00e1lyoz\u00e1s\u00e1nak \u00e9rdek\u00e9ben. A Magdolna Pr\u00e9mium 37kW vegyest\u00fczel\u00e9s\u0171 kaz\u00e1n kaz\u00e1n leny\u0171g\u00f6z\u0151 teljes\u00edtm\u00e9nyt k\u00edn\u00e1l, amely garant\u00e1lja a hat\u00e9kony f\u0171t\u00e9st m\u00e9g nagyobb ter\u00fcleteken is. Hat\u00e9konys\u00e1gi \u00e9rt\u00e9ke, amely 87,4% -os, lehet\u0151v\u00e9 teszi az energiamegtakar\u00edt\u00e1st, \u00e9s cs\u00f6kkenti a f\u0171t\u00e9si k\u00f6lts\u00e9geket, mik\u00f6zben meleg \u00e9s k\u00e9nyelmes otthont biztos\u00edt. A kaz\u00e1n ajtaja m\u00e9rete 300 x 300 mm, amely lehet\u0151v\u00e9 teszi a t\u00fczel\u0151anyag k\u00f6nny\u0171 \u00e9s k\u00e9nyelmes kezel\u00e9s\u00e9t. A kaz\u00e1n magass\u00e1ga 1170 mm, hossz\u00fas\u00e1ga\/sz\u00e9less\u00e9ge 540 mm, m\u00edg m\u00e9lys\u00e9ge 710 mm. Ez &hellip; <a href=\"https:\/\/esemineu.ro\/hu\/termek\/magdolna-premium-37kw-vegyestuzelesu-kazan-acel-vegyestuzelesu-kazan-huzatszabalyozoval\/\">Folytatva<\/a><\/p>\n","protected":false},"featured_media":12329,"comment_status":"open","ping_status":"closed","template":"","meta":[],"product_brand":[714],"product_cat":[1481,1484],"product_tag":[],"class_list":{"0":"post-4610","1":"product","2":"type-product","3":"status-publish","4":"has-post-thumbnail","6":"product_brand-kolo-tech","7":"product_cat-acel-kazanok-es-kiegeszitok","8":"product_cat-vegyestuzelesu-acel-kazanok","9":"product_shipping_class-acel-fatuzelesu-kazan","10":"pa_combustibil-utilizat-brikett","11":"pa_combustibil-utilizat-fa","12":"pa_combustibil-utilizat-szen","13":"pa_culoare-narancssarga","14":"pa_diametru-racordului-la-cos-150-mm-hu","15":"pa_dimensiune-usa-incarcare-mm-300-x-300-hu","16":"pa_putere-37kw-hu","17":"pa_randament-874-hu","18":"pa_temperatura-maxima-90-c-hu","19":"pa_volumul-rezervorului-122-kg-hu","20":"producer-magdolna-impex","22":"first","23":"onbackorder","24":"shipping-taxable","25":"purchasable","26":"product-type-simple"},"acf":[],"yoast_head":"<!-- This site is optimized with the Yoast SEO Premium plugin v21.0 (Yoast SEO v27.3) - https:\/\/yoast.com\/product\/yoast-seo-premium-wordpress\/ -->\n<title>Magdolna Pr\u00e9mium 37kW vegyest\u00fczel\u00e9s\u0171 kaz\u00e1n<\/title>\n<meta name=\"description\" content=\"Fedezze fel a Magdolna Pr\u00e9mium 37kW vegyest\u00fczel\u00e9s\u0171 kaz\u00e1n el\u0151nyeit, amely megb\u00edzhat\u00f3 \u00e9s hat\u00e9kony megold\u00e1st ny\u00fajt k\u00f6zponti f\u0171t\u00e9s\u00e9hez. eSemineu.ro\" \/>\n<meta name=\"robots\" content=\"index, follow, max-snippet:-1, max-image-preview:large, max-video-preview:-1\" \/>\n<link rel=\"canonical\" href=\"https:\/\/esemineu.ro\/hu\/termek\/magdolna-premium-37kw-vegyestuzelesu-kazan-acel-vegyestuzelesu-kazan-huzatszabalyozoval\/\" \/>\n<meta property=\"og:locale\" content=\"hu_HU\" \/>\n<meta property=\"og:type\" content=\"article\" \/>\n<meta property=\"og:title\" content=\"Magdolna Pr\u00e9mium 37kW vegyest\u00fczel\u00e9s\u0171 kaz\u00e1n\" \/>\n<meta property=\"og:description\" content=\"Fedezze fel a Magdolna Pr\u00e9mium 37kW vegyest\u00fczel\u00e9s\u0171 kaz\u00e1n el\u0151nyeit, amely megb\u00edzhat\u00f3 \u00e9s hat\u00e9kony megold\u00e1st ny\u00fajt k\u00f6zponti f\u0171t\u00e9s\u00e9hez. eSemineu.ro\" \/>\n<meta property=\"og:url\" content=\"https:\/\/esemineu.ro\/hu\/termek\/magdolna-premium-37kw-vegyestuzelesu-kazan-acel-vegyestuzelesu-kazan-huzatszabalyozoval\/\" \/>\n<meta property=\"og:site_name\" content=\"eSemineu\" \/>\n<meta property=\"article:publisher\" content=\"https:\/\/web.facebook.com\/eSemineu\" \/>\n<meta property=\"article:modified_time\" content=\"2024-05-27T06:37:29+00:00\" \/>\n<meta property=\"og:image\" content=\"https:\/\/esemineu.ro\/wp-content\/uploads\/2023\/09\/Front1-1-2.jpg\" \/>\n\t<meta property=\"og:image:width\" content=\"1000\" \/>\n\t<meta property=\"og:image:height\" content=\"1000\" \/>\n\t<meta property=\"og:image:type\" content=\"image\/jpeg\" \/>\n<meta name=\"twitter:card\" content=\"summary_large_image\" \/>\n<meta name=\"twitter:label1\" content=\"Becs\u00fclt olvas\u00e1si id\u0151\" \/>\n\t<meta name=\"twitter:data1\" content=\"3 perc\" \/>\n<script type=\"application\/ld+json\" class=\"yoast-schema-graph\">{\"@context\":\"https:\\\/\\\/schema.org\",\"@graph\":[{\"@type\":\"WebPage\",\"@id\":\"https:\\\/\\\/esemineu.ro\\\/hu\\\/termek\\\/magdolna-premium-37kw-vegyestuzelesu-kazan-acel-vegyestuzelesu-kazan-huzatszabalyozoval\\\/\",\"url\":\"https:\\\/\\\/esemineu.ro\\\/hu\\\/termek\\\/magdolna-premium-37kw-vegyestuzelesu-kazan-acel-vegyestuzelesu-kazan-huzatszabalyozoval\\\/\",\"name\":\"Magdolna Pr\u00e9mium 37kW vegyest\u00fczel\u00e9s\u0171 kaz\u00e1n\",\"isPartOf\":{\"@id\":\"https:\\\/\\\/esemineu.ro\\\/hu\\\/#website\"},\"primaryImageOfPage\":{\"@id\":\"https:\\\/\\\/esemineu.ro\\\/hu\\\/termek\\\/magdolna-premium-37kw-vegyestuzelesu-kazan-acel-vegyestuzelesu-kazan-huzatszabalyozoval\\\/#primaryimage\"},\"image\":{\"@id\":\"https:\\\/\\\/esemineu.ro\\\/hu\\\/termek\\\/magdolna-premium-37kw-vegyestuzelesu-kazan-acel-vegyestuzelesu-kazan-huzatszabalyozoval\\\/#primaryimage\"},\"thumbnailUrl\":\"https:\\\/\\\/esemineu.ro\\\/wp-content\\\/uploads\\\/2023\\\/09\\\/Front1-1-2.jpg\",\"datePublished\":\"2022-11-21T10:24:39+00:00\",\"dateModified\":\"2024-05-27T06:37:29+00:00\",\"description\":\"Fedezze fel a Magdolna Pr\u00e9mium 37kW vegyest\u00fczel\u00e9s\u0171 kaz\u00e1n el\u0151nyeit, amely megb\u00edzhat\u00f3 \u00e9s hat\u00e9kony megold\u00e1st ny\u00fajt k\u00f6zponti f\u0171t\u00e9s\u00e9hez. eSemineu.ro\",\"breadcrumb\":{\"@id\":\"https:\\\/\\\/esemineu.ro\\\/hu\\\/termek\\\/magdolna-premium-37kw-vegyestuzelesu-kazan-acel-vegyestuzelesu-kazan-huzatszabalyozoval\\\/#breadcrumb\"},\"inLanguage\":\"hu\",\"potentialAction\":[{\"@type\":\"ReadAction\",\"target\":[\"https:\\\/\\\/esemineu.ro\\\/hu\\\/termek\\\/magdolna-premium-37kw-vegyestuzelesu-kazan-acel-vegyestuzelesu-kazan-huzatszabalyozoval\\\/\"]}]},{\"@type\":\"ImageObject\",\"inLanguage\":\"hu\",\"@id\":\"https:\\\/\\\/esemineu.ro\\\/hu\\\/termek\\\/magdolna-premium-37kw-vegyestuzelesu-kazan-acel-vegyestuzelesu-kazan-huzatszabalyozoval\\\/#primaryimage\",\"url\":\"https:\\\/\\\/esemineu.ro\\\/wp-content\\\/uploads\\\/2023\\\/09\\\/Front1-1-2.jpg\",\"contentUrl\":\"https:\\\/\\\/esemineu.ro\\\/wp-content\\\/uploads\\\/2023\\\/09\\\/Front1-1-2.jpg\",\"width\":1000,\"height\":1000,\"caption\":\"Magdolna Pr\u00e9mium 37kW vegyest\u00fczel\u00e9s\u0171 kaz\u00e1n\"},{\"@type\":\"BreadcrumbList\",\"@id\":\"https:\\\/\\\/esemineu.ro\\\/hu\\\/termek\\\/magdolna-premium-37kw-vegyestuzelesu-kazan-acel-vegyestuzelesu-kazan-huzatszabalyozoval\\\/#breadcrumb\",\"itemListElement\":[{\"@type\":\"ListItem\",\"position\":1,\"name\":\"Kezd\u0151lap\",\"item\":\"https:\\\/\\\/esemineu.ro\\\/hu\\\/\"},{\"@type\":\"ListItem\",\"position\":2,\"name\":\"\u00c1ruh\u00e1z\",\"item\":\"https:\\\/\\\/esemineu.ro\\\/hu\\\/aruhaz\\\/\"},{\"@type\":\"ListItem\",\"position\":3,\"name\":\"Magdolna Pr\u00e9mium 37kW vegyest\u00fczel\u00e9s\u0171 kaz\u00e1n, Ac\u00e9l vegyest\u00fczel\u00e9s\u0171 kaz\u00e1n, H\u00fazatszab\u00e1lyoz\u00f3val\"}]},{\"@type\":\"WebSite\",\"@id\":\"https:\\\/\\\/esemineu.ro\\\/hu\\\/#website\",\"url\":\"https:\\\/\\\/esemineu.ro\\\/hu\\\/\",\"name\":\"eSemineu\",\"description\":\"\u0218eminee de cea mai \u00eenalt\u0103 calitate\",\"potentialAction\":[{\"@type\":\"SearchAction\",\"target\":{\"@type\":\"EntryPoint\",\"urlTemplate\":\"https:\\\/\\\/esemineu.ro\\\/hu\\\/?s={search_term_string}\"},\"query-input\":{\"@type\":\"PropertyValueSpecification\",\"valueRequired\":true,\"valueName\":\"search_term_string\"}}],\"inLanguage\":\"hu\"}]}<\/script>\n<!-- \/ Yoast SEO Premium plugin. -->","yoast_head_json":{"title":"Magdolna Pr\u00e9mium 37kW vegyest\u00fczel\u00e9s\u0171 kaz\u00e1n","description":"Fedezze fel a Magdolna Pr\u00e9mium 37kW vegyest\u00fczel\u00e9s\u0171 kaz\u00e1n el\u0151nyeit, amely megb\u00edzhat\u00f3 \u00e9s hat\u00e9kony megold\u00e1st ny\u00fajt k\u00f6zponti f\u0171t\u00e9s\u00e9hez. eSemineu.ro","robots":{"index":"index","follow":"follow","max-snippet":"max-snippet:-1","max-image-preview":"max-image-preview:large","max-video-preview":"max-video-preview:-1"},"canonical":"https:\/\/esemineu.ro\/hu\/termek\/magdolna-premium-37kw-vegyestuzelesu-kazan-acel-vegyestuzelesu-kazan-huzatszabalyozoval\/","og_locale":"hu_HU","og_type":"article","og_title":"Magdolna Pr\u00e9mium 37kW vegyest\u00fczel\u00e9s\u0171 kaz\u00e1n","og_description":"Fedezze fel a Magdolna Pr\u00e9mium 37kW vegyest\u00fczel\u00e9s\u0171 kaz\u00e1n el\u0151nyeit, amely megb\u00edzhat\u00f3 \u00e9s hat\u00e9kony megold\u00e1st ny\u00fajt k\u00f6zponti f\u0171t\u00e9s\u00e9hez. eSemineu.ro","og_url":"https:\/\/esemineu.ro\/hu\/termek\/magdolna-premium-37kw-vegyestuzelesu-kazan-acel-vegyestuzelesu-kazan-huzatszabalyozoval\/","og_site_name":"eSemineu","article_publisher":"https:\/\/web.facebook.com\/eSemineu","article_modified_time":"2024-05-27T06:37:29+00:00","og_image":[{"width":1000,"height":1000,"url":"https:\/\/esemineu.ro\/wp-content\/uploads\/2023\/09\/Front1-1-2.jpg","type":"image\/jpeg"}],"twitter_card":"summary_large_image","twitter_misc":{"Becs\u00fclt olvas\u00e1si id\u0151":"3 perc"},"schema":{"@context":"https:\/\/schema.org","@graph":[{"@type":"WebPage","@id":"https:\/\/esemineu.ro\/hu\/termek\/magdolna-premium-37kw-vegyestuzelesu-kazan-acel-vegyestuzelesu-kazan-huzatszabalyozoval\/","url":"https:\/\/esemineu.ro\/hu\/termek\/magdolna-premium-37kw-vegyestuzelesu-kazan-acel-vegyestuzelesu-kazan-huzatszabalyozoval\/","name":"Magdolna Pr\u00e9mium 37kW vegyest\u00fczel\u00e9s\u0171 kaz\u00e1n","isPartOf":{"@id":"https:\/\/esemineu.ro\/hu\/#website"},"primaryImageOfPage":{"@id":"https:\/\/esemineu.ro\/hu\/termek\/magdolna-premium-37kw-vegyestuzelesu-kazan-acel-vegyestuzelesu-kazan-huzatszabalyozoval\/#primaryimage"},"image":{"@id":"https:\/\/esemineu.ro\/hu\/termek\/magdolna-premium-37kw-vegyestuzelesu-kazan-acel-vegyestuzelesu-kazan-huzatszabalyozoval\/#primaryimage"},"thumbnailUrl":"https:\/\/esemineu.ro\/wp-content\/uploads\/2023\/09\/Front1-1-2.jpg","datePublished":"2022-11-21T10:24:39+00:00","dateModified":"2024-05-27T06:37:29+00:00","description":"Fedezze fel a Magdolna Pr\u00e9mium 37kW vegyest\u00fczel\u00e9s\u0171 kaz\u00e1n el\u0151nyeit, amely megb\u00edzhat\u00f3 \u00e9s hat\u00e9kony megold\u00e1st ny\u00fajt k\u00f6zponti f\u0171t\u00e9s\u00e9hez. eSemineu.ro","breadcrumb":{"@id":"https:\/\/esemineu.ro\/hu\/termek\/magdolna-premium-37kw-vegyestuzelesu-kazan-acel-vegyestuzelesu-kazan-huzatszabalyozoval\/#breadcrumb"},"inLanguage":"hu","potentialAction":[{"@type":"ReadAction","target":["https:\/\/esemineu.ro\/hu\/termek\/magdolna-premium-37kw-vegyestuzelesu-kazan-acel-vegyestuzelesu-kazan-huzatszabalyozoval\/"]}]},{"@type":"ImageObject","inLanguage":"hu","@id":"https:\/\/esemineu.ro\/hu\/termek\/magdolna-premium-37kw-vegyestuzelesu-kazan-acel-vegyestuzelesu-kazan-huzatszabalyozoval\/#primaryimage","url":"https:\/\/esemineu.ro\/wp-content\/uploads\/2023\/09\/Front1-1-2.jpg","contentUrl":"https:\/\/esemineu.ro\/wp-content\/uploads\/2023\/09\/Front1-1-2.jpg","width":1000,"height":1000,"caption":"Magdolna Pr\u00e9mium 37kW vegyest\u00fczel\u00e9s\u0171 kaz\u00e1n"},{"@type":"BreadcrumbList","@id":"https:\/\/esemineu.ro\/hu\/termek\/magdolna-premium-37kw-vegyestuzelesu-kazan-acel-vegyestuzelesu-kazan-huzatszabalyozoval\/#breadcrumb","itemListElement":[{"@type":"ListItem","position":1,"name":"Kezd\u0151lap","item":"https:\/\/esemineu.ro\/hu\/"},{"@type":"ListItem","position":2,"name":"\u00c1ruh\u00e1z","item":"https:\/\/esemineu.ro\/hu\/aruhaz\/"},{"@type":"ListItem","position":3,"name":"Magdolna Pr\u00e9mium 37kW vegyest\u00fczel\u00e9s\u0171 kaz\u00e1n, Ac\u00e9l vegyest\u00fczel\u00e9s\u0171 kaz\u00e1n, H\u00fazatszab\u00e1lyoz\u00f3val"}]},{"@type":"WebSite","@id":"https:\/\/esemineu.ro\/hu\/#website","url":"https:\/\/esemineu.ro\/hu\/","name":"eSemineu","description":"\u0218eminee de cea mai \u00eenalt\u0103 calitate","potentialAction":[{"@type":"SearchAction","target":{"@type":"EntryPoint","urlTemplate":"https:\/\/esemineu.ro\/hu\/?s={search_term_string}"},"query-input":{"@type":"PropertyValueSpecification","valueRequired":true,"valueName":"search_term_string"}}],"inLanguage":"hu"}]}},"_links":{"self":[{"href":"https:\/\/esemineu.ro\/hu\/wp-json\/wp\/v2\/product\/4610","targetHints":{"allow":["GET"]}}],"collection":[{"href":"https:\/\/esemineu.ro\/hu\/wp-json\/wp\/v2\/product"}],"about":[{"href":"https:\/\/esemineu.ro\/hu\/wp-json\/wp\/v2\/types\/product"}],"replies":[{"embeddable":true,"href":"https:\/\/esemineu.ro\/hu\/wp-json\/wp\/v2\/comments?post=4610"}],"wp:featuredmedia":[{"embeddable":true,"href":"https:\/\/esemineu.ro\/hu\/wp-json\/wp\/v2\/media\/12329"}],"wp:attachment":[{"href":"https:\/\/esemineu.ro\/hu\/wp-json\/wp\/v2\/media?parent=4610"}],"wp:term":[{"taxonomy":"product_brand","embeddable":true,"href":"https:\/\/esemineu.ro\/hu\/wp-json\/wp\/v2\/product_brand?post=4610"},{"taxonomy":"product_cat","embeddable":true,"href":"https:\/\/esemineu.ro\/hu\/wp-json\/wp\/v2\/product_cat?post=4610"},{"taxonomy":"product_tag","embeddable":true,"href":"https:\/\/esemineu.ro\/hu\/wp-json\/wp\/v2\/product_tag?post=4610"}],"curies":[{"name":"wp","href":"https:\/\/api.w.org\/{rel}","templated":true}]}}