{"id":4602,"date":"2022-11-23T12:48:28","date_gmt":"2022-11-23T09:48:28","guid":{"rendered":"https:\/\/esemineu.ro\/product\/cazan-din-otel-kesseltech-35kw-pe-combustibil-solid-sb-35-fc\/"},"modified":"2024-05-27T08:23:24","modified_gmt":"2024-05-27T06:23:24","slug":"kesseltech-35kw-vegyestuzelesu-kazan-acel-vegyestuzelesu-kazan-huzatszabalyozoval","status":"publish","type":"product","link":"https:\/\/esemineu.ro\/hu\/termek\/kesseltech-35kw-vegyestuzelesu-kazan-acel-vegyestuzelesu-kazan-huzatszabalyozoval\/","title":{"rendered":"KesselTech 35kW vegyest\u00fczel\u00e9s\u0171 kaz\u00e1n, Ac\u00e9l vegyest\u00fczel\u00e9s\u0171 kaz\u00e1n, H\u00fazatszab\u00e1lyoz\u00f3val"},"content":{"rendered":"<p>A KesselTech 35kW vegyest\u00fczel\u00e9s\u0171 kaz\u00e1n ide\u00e1lis v\u00e1laszt\u00e1s olyan otthonok sz\u00e1m\u00e1ra, ahol a hat\u00e9kony f\u0171t\u00e9s mellett fontos a hangulatos \u00e9s eszt\u00e9tikus kialak\u00edt\u00e1s is. Alkalmazhat\u00f3 eg\u00e9sz h\u00e1z vagy nagyobb lak\u00e1sok f\u0171t\u00e9s\u00e9re, garant\u00e1lva a meleget a hideg t\u00e9li h\u00f3napokban.<\/p>\n<p>A Pr\u00e9mium 35 kW kaz\u00e1n tov\u00e1bb\u00e1 ide\u00e1lis forr\u00e1s lehet a f\u00fcrd\u0151v\u00edz \u00e9s a mosogat\u00f3v\u00edz felmeleg\u00edt\u00e9s\u00e9re is, ami nemcsak a f\u0171t\u00e9si k\u00f6lts\u00e9geket cs\u00f6kkentheti.<\/p>\n<p>A KesselTech 35kW vegyest\u00fczel\u00e9s\u0171 kaz\u00e1n v\u00edzteres kaz\u00e1n egyes\u00edti a kaz\u00e1n jellegzetes tulajdons\u00e1gait, magas h\u0151teljes\u00edtm\u00e9nnyel rendelkezve, amely lehet\u0151v\u00e9 teszi egy teljes h\u00e1z komfortos f\u0171t\u00e9s\u00e9t. A term\u00e9k leny\u0171g\u00f6z\u0151 eszt\u00e9tik\u00e1val rendelkezik, melyet az \u00fcvegezett fel\u00fcletei biztos\u00edtanak, ezzel nem csak a h\u0151t sug\u00e1rozza, hanem szemet gy\u00f6ny\u00f6rk\u00f6dtet\u0151 l\u00e1tv\u00e1nyt is k\u00edn\u00e1l.<\/p>\n<p>A KesselTech 35kW vegyest\u00fczel\u00e9s\u0171 kaz\u00e1n kaz\u00e1nk\u00e9nt m\u0171k\u00f6dve a be\u00e9p\u00edtett helyis\u00e9get meleg\u00edti fel az \u00fcvegfel\u00fcleten kereszt\u00fcl, \u00edgy \u00e9lvezhet\u0151 a t\u0171z l\u00e1tv\u00e1ny\u00e1t. Emellett a k\u00e9sz\u00fcl\u00e9kben tal\u00e1lhat\u00f3 v\u00edzterekkel felszerelve kaz\u00e1nk\u00e9nt is m\u0171k\u00f6dik. A v\u00edzterek lehet\u0151v\u00e9 teszik, hogy a k\u00e9sz\u00fcl\u00e9k teljes\u00edtm\u00e9ny\u00e9nek egy r\u00e9sz\u00e9t a f\u0171t\u00e9si rendszerben l\u00e9v\u0151 v\u00edz felmeleg\u00edt\u00e9s\u00e9re ford\u00edtsa.<\/p>\n<p>A k\u00e9sz\u00fcl\u00e9k a be\u00e9p\u00edtett v\u00edzteres h\u0151cser\u00e9l\u0151n kereszt\u00fcl felmeleg\u00edti a vizet a t\u00fczel\u00e9s sor\u00e1n. A meleg v\u00edz ezut\u00e1n a f\u0171t\u00e9srendszer cs\u00f6vein \u00e1t eljut a radi\u00e1torokba vagy m\u00e1s f\u0171t\u0151berendez\u00e9sekbe. Ez a megold\u00e1s lehet\u0151v\u00e9 teszi, hogy a kaz\u00e1n \u00e1ltal el\u0151\u00e1ll\u00edtott h\u0151 ak\u00e1r a lak\u00e1s legt\u00e1volabbi pontj\u00e1ra is eljusson.<\/p>\n<p>Vegye figyelembe, hogy a kaz\u00e1n kiz\u00e1r\u00f3lag f\u0171t\u00e9sre haszn\u00e1lhat\u00f3, h\u00e1ztart\u00e1si hullad\u00e9k vagy vegyi anyagok \u00e9get\u00e9se tilos. Amennyiben hullad\u00e9k \u00e9get\u00e9sre ker\u00fclne sor, a f\u00fcstkivezet\u0151 ny\u00edl\u00e1sa elt\u00f6m\u0151dhet. A f\u00fcstkivezet\u0151 k\u00e9m\u00e9ny (cs\u0151) hossza legal\u00e1bb 5 m\u00e9ter, \u00e1tm\u00e9r\u0151je pedig 180 cm kell, hogy legyen.<\/p>\n<p>A csomag tartalmazza a be\u00e9p\u00edt\u00e9si, \u00fczembe helyez\u00e9si, haszn\u00e1lati \u00e9s karbantart\u00e1si utas\u00edt\u00e1sokat, egy automata huzatszab\u00e1lyoz\u00f3t, h\u0151m\u00e9r\u0151t \u00e9s hamutart\u00f3t.<\/p>\n<h6>Sz\u00e1ll\u00edt\u00e1si hat\u00e1rid\u0151:<\/h6>\n<ul>\n<li><strong>Magyarorsz\u00e1g \u00e9s az eg\u00e9sz Eur\u00f3pai Uni\u00f3 ter\u00fclet\u00e9n<\/strong>\u00a0is sz\u00e1ll\u00edtjuk.<\/li>\n<li>Rom\u00e1ni\u00e1ba 2-3 munkanap alatt sz\u00e1ll\u00edtjuk<\/li>\n<li>Magyarorsz\u00e1gra \u00e9s az EU ter\u00fclet\u00e9re az \u00e1tutal\u00e1s ut\u00e1n 5 munkanapon bel\u00fcl \u00e9rkezik meg a term\u00e9k.<\/li>\n<\/ul>\n<p>Ha b\u00e1rmilyen k\u00e9rd\u00e9se van, k\u00e9rj\u00fck, l\u00e9pjen kapcsolatba vel\u00fcnk.<\/p>\n<p>Tov\u00e1bbi aj\u00e1nlatok\u00e9rt kattintson\u00a0<a href=\"https:\/\/esemineu.ro\/hu\/termek-kategoria\/acel-fatuzelesu-kazan\/\">ide<\/a><\/p>\n<p>T\u0151bb inform\u00e1ci\u00f3\u00e9rt l\u00e1togasson el\u00a0<a href=\"https:\/\/www.youtube.com\/@esemineuromania\">YouTube<\/a>-csatorn\u00e1nkra, valamint\u00a0<a href=\"https:\/\/www.facebook.com\/eSemineu\">Facebook<\/a>\u00a0\u00e9s\u00a0<a href=\"https:\/\/www.instagram.com\/esemineu\/\">Instagram<\/a>\u00a0oldalainkra.<\/p>\n<p><a href=\"https:\/\/esemineu.ro\/\">eSemineu.ro<\/a>\u00a0 \u00a0Te rakod a t\u0171zet, mi adjuk a meleget!<\/p>\n","protected":false},"excerpt":{"rendered":"<p>A KesselTech 35kW vegyest\u00fczel\u00e9s\u0171 kaz\u00e1n ide\u00e1lis v\u00e1laszt\u00e1s olyan otthonok sz\u00e1m\u00e1ra, ahol a hat\u00e9kony f\u0171t\u00e9s mellett fontos a hangulatos \u00e9s eszt\u00e9tikus kialak\u00edt\u00e1s is. Alkalmazhat\u00f3 eg\u00e9sz h\u00e1z vagy nagyobb lak\u00e1sok f\u0171t\u00e9s\u00e9re, garant\u00e1lva a meleget a hideg t\u00e9li h\u00f3napokban. A Pr\u00e9mium 35 kW kaz\u00e1n tov\u00e1bb\u00e1 ide\u00e1lis forr\u00e1s lehet a f\u00fcrd\u0151v\u00edz \u00e9s a mosogat\u00f3v\u00edz felmeleg\u00edt\u00e9s\u00e9re is, ami nemcsak a f\u0171t\u00e9si k\u00f6lts\u00e9geket cs\u00f6kkentheti. A KesselTech 35kW vegyest\u00fczel\u00e9s\u0171 kaz\u00e1n v\u00edzteres kaz\u00e1n egyes\u00edti a kaz\u00e1n jellegzetes tulajdons\u00e1gait, magas h\u0151teljes\u00edtm\u00e9nnyel rendelkezve, amely lehet\u0151v\u00e9 teszi egy teljes h\u00e1z komfortos f\u0171t\u00e9s\u00e9t. A term\u00e9k leny\u0171g\u00f6z\u0151 eszt\u00e9tik\u00e1val rendelkezik, melyet az \u00fcvegezett fel\u00fcletei biztos\u00edtanak, ezzel nem csak a h\u0151t sug\u00e1rozza, hanem szemet gy\u00f6ny\u00f6rk\u00f6dtet\u0151 l\u00e1tv\u00e1nyt is k\u00edn\u00e1l. A KesselTech 35kW vegyest\u00fczel\u00e9s\u0171 kaz\u00e1n kaz\u00e1nk\u00e9nt m\u0171k\u00f6dve a be\u00e9p\u00edtett helyis\u00e9get meleg\u00edti fel az \u00fcvegfel\u00fcleten kereszt\u00fcl, \u00edgy \u00e9lvezhet\u0151 a t\u0171z l\u00e1tv\u00e1ny\u00e1t. Emellett a k\u00e9sz\u00fcl\u00e9kben tal\u00e1lhat\u00f3 v\u00edzterekkel felszerelve kaz\u00e1nk\u00e9nt is m\u0171k\u00f6dik. A v\u00edzterek lehet\u0151v\u00e9 teszik, hogy a k\u00e9sz\u00fcl\u00e9k teljes\u00edtm\u00e9ny\u00e9nek egy r\u00e9sz\u00e9t a f\u0171t\u00e9si rendszerben l\u00e9v\u0151 v\u00edz felmeleg\u00edt\u00e9s\u00e9re ford\u00edtsa. A &hellip; <a href=\"https:\/\/esemineu.ro\/hu\/termek\/kesseltech-35kw-vegyestuzelesu-kazan-acel-vegyestuzelesu-kazan-huzatszabalyozoval\/\">Folytatva<\/a><\/p>\n","protected":false},"featured_media":12444,"comment_status":"open","ping_status":"closed","template":"","meta":[],"product_brand":[714],"product_cat":[1481,1484],"product_tag":[],"class_list":{"0":"post-4602","1":"product","2":"type-product","3":"status-publish","4":"has-post-thumbnail","6":"product_brand-kolo-tech","7":"product_cat-acel-kazanok-es-kiegeszitok","8":"product_cat-vegyestuzelesu-acel-kazanok","9":"product_shipping_class-acel-fatuzelesu-kazan","10":"pa_cod-articol-producator-sb-35-fc-hu","11":"pa_combustibil-utilizat-brikett","12":"pa_combustibil-utilizat-fa","13":"pa_combustibil-utilizat-szen","14":"pa_culoare-piros","15":"pa_diametru-racordului-la-cos-150-mm-hu","16":"pa_dimensiune-usa-incarcare-mm-280-mm-x-320-mm-hu","17":"pa_putere-35-kw-hu","18":"pa_randament-774-hu","19":"pa_temperatura-maxima-90-c-hu","20":"pa_volumul-rezervorului-55-l-hu","21":"producer-magdolna-impex","23":"first","24":"instock","25":"shipping-taxable","26":"purchasable","27":"product-type-simple"},"acf":[],"yoast_head":"<!-- This site is optimized with the Yoast SEO Premium plugin v21.0 (Yoast SEO v27.3) - https:\/\/yoast.com\/product\/yoast-seo-premium-wordpress\/ -->\n<title>KesselTech 35kW vegyest\u00fczel\u00e9s\u0171 kaz\u00e1n<\/title>\n<meta name=\"description\" content=\"KesselTech 35kW vegyest\u00fczel\u00e9s\u0171 kaz\u00e1n, 77,4% hat\u00e9konys\u00e1ggal, 55L v\u00edztart\u00e1ly, 90\u00b0C max. h\u0151m\u00e9rs\u00e9klet, 5mm ac\u00e9llemez, 150 mm k\u00e9m\u00e9nycsatlakoz\u00e1s.\" \/>\n<meta name=\"robots\" content=\"index, follow, max-snippet:-1, max-image-preview:large, max-video-preview:-1\" \/>\n<link rel=\"canonical\" href=\"https:\/\/esemineu.ro\/hu\/termek\/kesseltech-35kw-vegyestuzelesu-kazan-acel-vegyestuzelesu-kazan-huzatszabalyozoval\/\" \/>\n<meta property=\"og:locale\" content=\"hu_HU\" \/>\n<meta property=\"og:type\" content=\"article\" \/>\n<meta property=\"og:title\" content=\"KesselTech 35kW vegyest\u00fczel\u00e9s\u0171 kaz\u00e1n\" \/>\n<meta property=\"og:description\" content=\"KesselTech 35kW vegyest\u00fczel\u00e9s\u0171 kaz\u00e1n, 77,4% hat\u00e9konys\u00e1ggal, 55L v\u00edztart\u00e1ly, 90\u00b0C max. h\u0151m\u00e9rs\u00e9klet, 5mm ac\u00e9llemez, 150 mm k\u00e9m\u00e9nycsatlakoz\u00e1s.\" \/>\n<meta property=\"og:url\" content=\"https:\/\/esemineu.ro\/hu\/termek\/kesseltech-35kw-vegyestuzelesu-kazan-acel-vegyestuzelesu-kazan-huzatszabalyozoval\/\" \/>\n<meta property=\"og:site_name\" content=\"eSemineu\" \/>\n<meta property=\"article:publisher\" content=\"https:\/\/web.facebook.com\/eSemineu\" \/>\n<meta property=\"article:modified_time\" content=\"2024-05-27T06:23:24+00:00\" \/>\n<meta property=\"og:image\" content=\"https:\/\/esemineu.ro\/wp-content\/uploads\/2023\/09\/KesselTech-1.jpg\" \/>\n\t<meta property=\"og:image:width\" content=\"1000\" \/>\n\t<meta property=\"og:image:height\" content=\"1000\" \/>\n\t<meta property=\"og:image:type\" content=\"image\/jpeg\" \/>\n<meta name=\"twitter:card\" content=\"summary_large_image\" \/>\n<meta name=\"twitter:label1\" content=\"Becs\u00fclt olvas\u00e1si id\u0151\" \/>\n\t<meta name=\"twitter:data1\" content=\"3 perc\" \/>\n<script type=\"application\/ld+json\" class=\"yoast-schema-graph\">{\"@context\":\"https:\\\/\\\/schema.org\",\"@graph\":[{\"@type\":\"WebPage\",\"@id\":\"https:\\\/\\\/esemineu.ro\\\/hu\\\/termek\\\/kesseltech-35kw-vegyestuzelesu-kazan-acel-vegyestuzelesu-kazan-huzatszabalyozoval\\\/\",\"url\":\"https:\\\/\\\/esemineu.ro\\\/hu\\\/termek\\\/kesseltech-35kw-vegyestuzelesu-kazan-acel-vegyestuzelesu-kazan-huzatszabalyozoval\\\/\",\"name\":\"KesselTech 35kW vegyest\u00fczel\u00e9s\u0171 kaz\u00e1n\",\"isPartOf\":{\"@id\":\"https:\\\/\\\/esemineu.ro\\\/hu\\\/#website\"},\"primaryImageOfPage\":{\"@id\":\"https:\\\/\\\/esemineu.ro\\\/hu\\\/termek\\\/kesseltech-35kw-vegyestuzelesu-kazan-acel-vegyestuzelesu-kazan-huzatszabalyozoval\\\/#primaryimage\"},\"image\":{\"@id\":\"https:\\\/\\\/esemineu.ro\\\/hu\\\/termek\\\/kesseltech-35kw-vegyestuzelesu-kazan-acel-vegyestuzelesu-kazan-huzatszabalyozoval\\\/#primaryimage\"},\"thumbnailUrl\":\"https:\\\/\\\/esemineu.ro\\\/wp-content\\\/uploads\\\/2023\\\/09\\\/KesselTech-1.jpg\",\"datePublished\":\"2022-11-23T09:48:28+00:00\",\"dateModified\":\"2024-05-27T06:23:24+00:00\",\"description\":\"KesselTech 35kW vegyest\u00fczel\u00e9s\u0171 kaz\u00e1n, 77,4% hat\u00e9konys\u00e1ggal, 55L v\u00edztart\u00e1ly, 90\u00b0C max. h\u0151m\u00e9rs\u00e9klet, 5mm ac\u00e9llemez, 150 mm k\u00e9m\u00e9nycsatlakoz\u00e1s.\",\"breadcrumb\":{\"@id\":\"https:\\\/\\\/esemineu.ro\\\/hu\\\/termek\\\/kesseltech-35kw-vegyestuzelesu-kazan-acel-vegyestuzelesu-kazan-huzatszabalyozoval\\\/#breadcrumb\"},\"inLanguage\":\"hu\",\"potentialAction\":[{\"@type\":\"ReadAction\",\"target\":[\"https:\\\/\\\/esemineu.ro\\\/hu\\\/termek\\\/kesseltech-35kw-vegyestuzelesu-kazan-acel-vegyestuzelesu-kazan-huzatszabalyozoval\\\/\"]}]},{\"@type\":\"ImageObject\",\"inLanguage\":\"hu\",\"@id\":\"https:\\\/\\\/esemineu.ro\\\/hu\\\/termek\\\/kesseltech-35kw-vegyestuzelesu-kazan-acel-vegyestuzelesu-kazan-huzatszabalyozoval\\\/#primaryimage\",\"url\":\"https:\\\/\\\/esemineu.ro\\\/wp-content\\\/uploads\\\/2023\\\/09\\\/KesselTech-1.jpg\",\"contentUrl\":\"https:\\\/\\\/esemineu.ro\\\/wp-content\\\/uploads\\\/2023\\\/09\\\/KesselTech-1.jpg\",\"width\":1000,\"height\":1000,\"caption\":\"KesselTech 35kW vegyest\u00fczel\u00e9s\u0171 kaz\u00e1n\"},{\"@type\":\"BreadcrumbList\",\"@id\":\"https:\\\/\\\/esemineu.ro\\\/hu\\\/termek\\\/kesseltech-35kw-vegyestuzelesu-kazan-acel-vegyestuzelesu-kazan-huzatszabalyozoval\\\/#breadcrumb\",\"itemListElement\":[{\"@type\":\"ListItem\",\"position\":1,\"name\":\"Kezd\u0151lap\",\"item\":\"https:\\\/\\\/esemineu.ro\\\/hu\\\/\"},{\"@type\":\"ListItem\",\"position\":2,\"name\":\"\u00c1ruh\u00e1z\",\"item\":\"https:\\\/\\\/esemineu.ro\\\/hu\\\/aruhaz\\\/\"},{\"@type\":\"ListItem\",\"position\":3,\"name\":\"KesselTech 35kW vegyest\u00fczel\u00e9s\u0171 kaz\u00e1n, Ac\u00e9l vegyest\u00fczel\u00e9s\u0171 kaz\u00e1n, H\u00fazatszab\u00e1lyoz\u00f3val\"}]},{\"@type\":\"WebSite\",\"@id\":\"https:\\\/\\\/esemineu.ro\\\/hu\\\/#website\",\"url\":\"https:\\\/\\\/esemineu.ro\\\/hu\\\/\",\"name\":\"eSemineu\",\"description\":\"\u0218eminee de cea mai \u00eenalt\u0103 calitate\",\"potentialAction\":[{\"@type\":\"SearchAction\",\"target\":{\"@type\":\"EntryPoint\",\"urlTemplate\":\"https:\\\/\\\/esemineu.ro\\\/hu\\\/?s={search_term_string}\"},\"query-input\":{\"@type\":\"PropertyValueSpecification\",\"valueRequired\":true,\"valueName\":\"search_term_string\"}}],\"inLanguage\":\"hu\"}]}<\/script>\n<!-- \/ Yoast SEO Premium plugin. -->","yoast_head_json":{"title":"KesselTech 35kW vegyest\u00fczel\u00e9s\u0171 kaz\u00e1n","description":"KesselTech 35kW vegyest\u00fczel\u00e9s\u0171 kaz\u00e1n, 77,4% hat\u00e9konys\u00e1ggal, 55L v\u00edztart\u00e1ly, 90\u00b0C max. h\u0151m\u00e9rs\u00e9klet, 5mm ac\u00e9llemez, 150 mm k\u00e9m\u00e9nycsatlakoz\u00e1s.","robots":{"index":"index","follow":"follow","max-snippet":"max-snippet:-1","max-image-preview":"max-image-preview:large","max-video-preview":"max-video-preview:-1"},"canonical":"https:\/\/esemineu.ro\/hu\/termek\/kesseltech-35kw-vegyestuzelesu-kazan-acel-vegyestuzelesu-kazan-huzatszabalyozoval\/","og_locale":"hu_HU","og_type":"article","og_title":"KesselTech 35kW vegyest\u00fczel\u00e9s\u0171 kaz\u00e1n","og_description":"KesselTech 35kW vegyest\u00fczel\u00e9s\u0171 kaz\u00e1n, 77,4% hat\u00e9konys\u00e1ggal, 55L v\u00edztart\u00e1ly, 90\u00b0C max. h\u0151m\u00e9rs\u00e9klet, 5mm ac\u00e9llemez, 150 mm k\u00e9m\u00e9nycsatlakoz\u00e1s.","og_url":"https:\/\/esemineu.ro\/hu\/termek\/kesseltech-35kw-vegyestuzelesu-kazan-acel-vegyestuzelesu-kazan-huzatszabalyozoval\/","og_site_name":"eSemineu","article_publisher":"https:\/\/web.facebook.com\/eSemineu","article_modified_time":"2024-05-27T06:23:24+00:00","og_image":[{"width":1000,"height":1000,"url":"https:\/\/esemineu.ro\/wp-content\/uploads\/2023\/09\/KesselTech-1.jpg","type":"image\/jpeg"}],"twitter_card":"summary_large_image","twitter_misc":{"Becs\u00fclt olvas\u00e1si id\u0151":"3 perc"},"schema":{"@context":"https:\/\/schema.org","@graph":[{"@type":"WebPage","@id":"https:\/\/esemineu.ro\/hu\/termek\/kesseltech-35kw-vegyestuzelesu-kazan-acel-vegyestuzelesu-kazan-huzatszabalyozoval\/","url":"https:\/\/esemineu.ro\/hu\/termek\/kesseltech-35kw-vegyestuzelesu-kazan-acel-vegyestuzelesu-kazan-huzatszabalyozoval\/","name":"KesselTech 35kW vegyest\u00fczel\u00e9s\u0171 kaz\u00e1n","isPartOf":{"@id":"https:\/\/esemineu.ro\/hu\/#website"},"primaryImageOfPage":{"@id":"https:\/\/esemineu.ro\/hu\/termek\/kesseltech-35kw-vegyestuzelesu-kazan-acel-vegyestuzelesu-kazan-huzatszabalyozoval\/#primaryimage"},"image":{"@id":"https:\/\/esemineu.ro\/hu\/termek\/kesseltech-35kw-vegyestuzelesu-kazan-acel-vegyestuzelesu-kazan-huzatszabalyozoval\/#primaryimage"},"thumbnailUrl":"https:\/\/esemineu.ro\/wp-content\/uploads\/2023\/09\/KesselTech-1.jpg","datePublished":"2022-11-23T09:48:28+00:00","dateModified":"2024-05-27T06:23:24+00:00","description":"KesselTech 35kW vegyest\u00fczel\u00e9s\u0171 kaz\u00e1n, 77,4% hat\u00e9konys\u00e1ggal, 55L v\u00edztart\u00e1ly, 90\u00b0C max. h\u0151m\u00e9rs\u00e9klet, 5mm ac\u00e9llemez, 150 mm k\u00e9m\u00e9nycsatlakoz\u00e1s.","breadcrumb":{"@id":"https:\/\/esemineu.ro\/hu\/termek\/kesseltech-35kw-vegyestuzelesu-kazan-acel-vegyestuzelesu-kazan-huzatszabalyozoval\/#breadcrumb"},"inLanguage":"hu","potentialAction":[{"@type":"ReadAction","target":["https:\/\/esemineu.ro\/hu\/termek\/kesseltech-35kw-vegyestuzelesu-kazan-acel-vegyestuzelesu-kazan-huzatszabalyozoval\/"]}]},{"@type":"ImageObject","inLanguage":"hu","@id":"https:\/\/esemineu.ro\/hu\/termek\/kesseltech-35kw-vegyestuzelesu-kazan-acel-vegyestuzelesu-kazan-huzatszabalyozoval\/#primaryimage","url":"https:\/\/esemineu.ro\/wp-content\/uploads\/2023\/09\/KesselTech-1.jpg","contentUrl":"https:\/\/esemineu.ro\/wp-content\/uploads\/2023\/09\/KesselTech-1.jpg","width":1000,"height":1000,"caption":"KesselTech 35kW vegyest\u00fczel\u00e9s\u0171 kaz\u00e1n"},{"@type":"BreadcrumbList","@id":"https:\/\/esemineu.ro\/hu\/termek\/kesseltech-35kw-vegyestuzelesu-kazan-acel-vegyestuzelesu-kazan-huzatszabalyozoval\/#breadcrumb","itemListElement":[{"@type":"ListItem","position":1,"name":"Kezd\u0151lap","item":"https:\/\/esemineu.ro\/hu\/"},{"@type":"ListItem","position":2,"name":"\u00c1ruh\u00e1z","item":"https:\/\/esemineu.ro\/hu\/aruhaz\/"},{"@type":"ListItem","position":3,"name":"KesselTech 35kW vegyest\u00fczel\u00e9s\u0171 kaz\u00e1n, Ac\u00e9l vegyest\u00fczel\u00e9s\u0171 kaz\u00e1n, H\u00fazatszab\u00e1lyoz\u00f3val"}]},{"@type":"WebSite","@id":"https:\/\/esemineu.ro\/hu\/#website","url":"https:\/\/esemineu.ro\/hu\/","name":"eSemineu","description":"\u0218eminee de cea mai \u00eenalt\u0103 calitate","potentialAction":[{"@type":"SearchAction","target":{"@type":"EntryPoint","urlTemplate":"https:\/\/esemineu.ro\/hu\/?s={search_term_string}"},"query-input":{"@type":"PropertyValueSpecification","valueRequired":true,"valueName":"search_term_string"}}],"inLanguage":"hu"}]}},"_links":{"self":[{"href":"https:\/\/esemineu.ro\/hu\/wp-json\/wp\/v2\/product\/4602","targetHints":{"allow":["GET"]}}],"collection":[{"href":"https:\/\/esemineu.ro\/hu\/wp-json\/wp\/v2\/product"}],"about":[{"href":"https:\/\/esemineu.ro\/hu\/wp-json\/wp\/v2\/types\/product"}],"replies":[{"embeddable":true,"href":"https:\/\/esemineu.ro\/hu\/wp-json\/wp\/v2\/comments?post=4602"}],"wp:featuredmedia":[{"embeddable":true,"href":"https:\/\/esemineu.ro\/hu\/wp-json\/wp\/v2\/media\/12444"}],"wp:attachment":[{"href":"https:\/\/esemineu.ro\/hu\/wp-json\/wp\/v2\/media?parent=4602"}],"wp:term":[{"taxonomy":"product_brand","embeddable":true,"href":"https:\/\/esemineu.ro\/hu\/wp-json\/wp\/v2\/product_brand?post=4602"},{"taxonomy":"product_cat","embeddable":true,"href":"https:\/\/esemineu.ro\/hu\/wp-json\/wp\/v2\/product_cat?post=4602"},{"taxonomy":"product_tag","embeddable":true,"href":"https:\/\/esemineu.ro\/hu\/wp-json\/wp\/v2\/product_tag?post=4602"}],"curies":[{"name":"wp","href":"https:\/\/api.w.org\/{rel}","templated":true}]}}