{"id":4601,"date":"2022-11-23T13:20:00","date_gmt":"2022-11-23T10:20:00","guid":{"rendered":"https:\/\/esemineu.ro\/product\/cazan-din-otel-kesseltech-45kw-pe-combustibil-solid-sb-45-fc\/"},"modified":"2024-05-27T08:55:01","modified_gmt":"2024-05-27T06:55:01","slug":"kesseltech-45kw-vegyestuzelesu-kazan-acel-vegyestuzelesu-kazan-huzatszabalyozoval","status":"publish","type":"product","link":"https:\/\/esemineu.ro\/hu\/termek\/kesseltech-45kw-vegyestuzelesu-kazan-acel-vegyestuzelesu-kazan-huzatszabalyozoval\/","title":{"rendered":"KesselTech 45kW vegyest\u00fczel\u00e9s\u0171 kaz\u00e1n, Ac\u00e9l vegyest\u00fczel\u00e9s\u0171 kaz\u00e1n, H\u00fazatszab\u00e1lyoz\u00f3val"},"content":{"rendered":"<p>KesselTech 45kW vegyest\u00fczel\u00e9s\u0171 kaz\u00e1n<\/p>\n<p>Az Ac\u00e9l H\u0151k\u00f6zpont\u00fa KesselTech 45kW, SB-45 FC egy kiemelked\u0151 f\u0171t\u00e9si megold\u00e1s, amely szil\u00e1rd t\u00fczel\u0151anyagokkal \u00fczemel. Min\u0151s\u00e9gi ac\u00e9llemezb\u0151l k\u00e9sz\u00fcl, amelynek vastags\u00e1ga 5 mm bel\u00fcl \u00e9s 3 mm k\u00edv\u00fcl. A h\u0151hat\u00e1soss\u00e1g el\u00e9ri a 77,4%-ot, ami nagyszer\u0171 energiatakar\u00e9kos hat\u00e1st jelent.<\/p>\n<p>A kaz\u00e1n teljes\u00edtm\u00e9nye sz\u00e1mos dolgot befoly\u00e1solhat:<\/p>\n<ol>\n<li><strong>A f\u0171t\u00f6tt ter\u00fclet nagys\u00e1ga:<\/strong> Egy magasabb teljes\u00edtm\u00e9ny\u0171 kaz\u00e1n nagyobb ter\u00fcletet k\u00e9pes f\u0171teni. Egy 45kW-os kaz\u00e1n eset\u00e9ben ez jellemz\u0151en nagyobb h\u00e1zakat, irod\u00e1kat vagy kisebb ipari \u00e9p\u00fcleteket jelent.<\/li>\n<li><strong>A f\u0171t\u00e9si rendszer hat\u00e9konys\u00e1ga:<\/strong> A magasabb teljes\u00edtm\u00e9ny\u0171 kaz\u00e1nok gyakran hat\u00e9konyabban m\u0171k\u00f6dnek, mert k\u00e9pesek gyorsabban \u00e9s egyenletesebben h\u0151t szolg\u00e1ltatni. Ez cs\u00f6kkentheti az energiafogyaszt\u00e1st \u00e9s n\u00f6velheti a f\u0171t\u00e9si rendszer \u00e9lettartam\u00e1t.<\/li>\n<li><strong>A melegv\u00edz-szolg\u00e1ltat\u00e1s:<\/strong> A nagyobb teljes\u00edtm\u00e9ny\u0171 kaz\u00e1nok gyakran k\u00e9pesek nagyobb mennyis\u00e9g\u0171 melegvizet szolg\u00e1ltatni r\u00f6videbb id\u0151 alatt, ami ide\u00e1lis nagyobb h\u00e1ztart\u00e1sokban, ahol egyszerre t\u00f6bb helyen is sz\u00fcks\u00e9g lehet meleg v\u00edzre.<\/li>\n<\/ol>\n<p>Ennek a kaz\u00e1nnak a t\u0171zt\u00e9r ajtaja 280 mm x 320 mm m\u00e9ret\u0171, ami elegend\u0151 helyet biztos\u00edt a brikett, fa vagy sz\u00e9n t\u00fczel\u0151anyagok elhelyez\u00e9s\u00e9hez. A h\u0151k\u00f6zpont m\u00e9retei ide\u00e1lisak a hat\u00e9kony haszn\u00e1latra: 1090 mm magas, 580 mm sz\u00e9les \u00e9s 720 mm m\u00e9ly. Ez a h\u0151k\u00f6zpont 199 kg-os s\u00faly\u00e1val stabil \u00e9s megb\u00edzhat\u00f3 eszk\u00f6z.<\/p>\n<p>A KesselTech 45kW vegyest\u00fczel\u00e9s\u0171 kaz\u00e1n\u00a0v\u00edztart\u00f3ja 55 literes, ami ide\u00e1lis m\u00e9ret a szil\u00e1rd t\u00fczel\u0151anyagok hat\u00e9kony h\u0151\u00e1tad\u00e1s\u00e1hoz, m\u00edg a maxim\u00e1lis \u00fczemi h\u0151m\u00e9rs\u00e9klet el\u00e9rheti a 90 \u00b0C-ot. A k\u00e9sz\u00fcl\u00e9k piros sz\u00edn\u0171, amely hozz\u00e1adja a funkcionalit\u00e1s mellett a st\u00edlust \u00e9s a modern megjelen\u00e9st is.<\/p>\n<p>Vegye figyelembe, hogy a kaz\u00e1n kiz\u00e1r\u00f3lag f\u0171t\u00e9sre haszn\u00e1lhat\u00f3, h\u00e1ztart\u00e1si hullad\u00e9k vagy vegyi anyagok \u00e9get\u00e9se tilos. Amennyiben hullad\u00e9k \u00e9get\u00e9sre ker\u00fclne sor, a f\u00fcstkivezet\u0151 ny\u00edl\u00e1sa elt\u00f6m\u0151dhet.<\/p>\n<p>A csomag tartalmazza a be\u00e9p\u00edt\u00e9si, \u00fczembe helyez\u00e9si, haszn\u00e1lati \u00e9s karbantart\u00e1si utas\u00edt\u00e1sokat, egy automata huzatszab\u00e1lyoz\u00f3t, h\u0151m\u00e9r\u0151t \u00e9s hamutart\u00f3t.<\/p>\n<h6>Sz\u00e1ll\u00edt\u00e1si hat\u00e1rid\u0151:<\/h6>\n<ul>\n<li><strong>Magyarorsz\u00e1g \u00e9s az eg\u00e9sz Eur\u00f3pai Uni\u00f3 ter\u00fclet\u00e9n<\/strong>\u00a0is sz\u00e1ll\u00edtjuk.<\/li>\n<li>Rom\u00e1ni\u00e1ba 2-3 munkanap alatt sz\u00e1ll\u00edtjuk<\/li>\n<li>Magyarorsz\u00e1gra \u00e9s az EU ter\u00fclet\u00e9re az \u00e1tutal\u00e1s ut\u00e1n 5 munkanapon bel\u00fcl \u00e9rkezik meg a term\u00e9k.<\/li>\n<\/ul>\n<p>Ha b\u00e1rmilyen k\u00e9rd\u00e9se van, k\u00e9rj\u00fck, l\u00e9pjen kapcsolatba vel\u00fcnk.<\/p>\n<p>Tov\u00e1bbi aj\u00e1nlatok\u00e9rt kattintson\u00a0<a href=\"https:\/\/esemineu.ro\/hu\/termek-kategoria\/acel-fatuzelesu-kazan\/\">ide<\/a><\/p>\n<p>T\u0151bb inform\u00e1ci\u00f3\u00e9rt l\u00e1togasson el\u00a0<a href=\"https:\/\/www.youtube.com\/@esemineuromania\">YouTube<\/a>-csatorn\u00e1nkra, valamint\u00a0<a href=\"https:\/\/www.facebook.com\/eSemineu\">Facebook<\/a>\u00a0\u00e9s\u00a0<a href=\"https:\/\/www.instagram.com\/esemineu\/\">Instagram<\/a>\u00a0oldalainkra.<\/p>\n<p><a href=\"https:\/\/esemineu.ro\/\">eSemineu.ro<\/a>\u00a0 \u00a0Te rakod a t\u0171zet, mi adjuk a meleget!<\/p>\n","protected":false},"excerpt":{"rendered":"<p>KesselTech 45kW vegyest\u00fczel\u00e9s\u0171 kaz\u00e1n Az Ac\u00e9l H\u0151k\u00f6zpont\u00fa KesselTech 45kW, SB-45 FC egy kiemelked\u0151 f\u0171t\u00e9si megold\u00e1s, amely szil\u00e1rd t\u00fczel\u0151anyagokkal \u00fczemel. Min\u0151s\u00e9gi ac\u00e9llemezb\u0151l k\u00e9sz\u00fcl, amelynek vastags\u00e1ga 5 mm bel\u00fcl \u00e9s 3 mm k\u00edv\u00fcl. A h\u0151hat\u00e1soss\u00e1g el\u00e9ri a 77,4%-ot, ami nagyszer\u0171 energiatakar\u00e9kos hat\u00e1st jelent. A kaz\u00e1n teljes\u00edtm\u00e9nye sz\u00e1mos dolgot befoly\u00e1solhat: A f\u0171t\u00f6tt ter\u00fclet nagys\u00e1ga: Egy magasabb teljes\u00edtm\u00e9ny\u0171 kaz\u00e1n nagyobb ter\u00fcletet k\u00e9pes f\u0171teni. Egy 45kW-os kaz\u00e1n eset\u00e9ben ez jellemz\u0151en nagyobb h\u00e1zakat, irod\u00e1kat vagy kisebb ipari \u00e9p\u00fcleteket jelent. A f\u0171t\u00e9si rendszer hat\u00e9konys\u00e1ga: A magasabb teljes\u00edtm\u00e9ny\u0171 kaz\u00e1nok gyakran hat\u00e9konyabban m\u0171k\u00f6dnek, mert k\u00e9pesek gyorsabban \u00e9s egyenletesebben h\u0151t szolg\u00e1ltatni. Ez cs\u00f6kkentheti az energiafogyaszt\u00e1st \u00e9s n\u00f6velheti a f\u0171t\u00e9si rendszer \u00e9lettartam\u00e1t. A melegv\u00edz-szolg\u00e1ltat\u00e1s: A nagyobb teljes\u00edtm\u00e9ny\u0171 kaz\u00e1nok gyakran k\u00e9pesek nagyobb mennyis\u00e9g\u0171 melegvizet szolg\u00e1ltatni r\u00f6videbb id\u0151 alatt, ami ide\u00e1lis nagyobb h\u00e1ztart\u00e1sokban, ahol egyszerre t\u00f6bb helyen is sz\u00fcks\u00e9g lehet meleg v\u00edzre. Ennek a kaz\u00e1nnak a t\u0171zt\u00e9r ajtaja 280 mm x 320 mm m\u00e9ret\u0171, ami elegend\u0151 helyet biztos\u00edt a brikett, fa vagy sz\u00e9n &hellip; <a href=\"https:\/\/esemineu.ro\/hu\/termek\/kesseltech-45kw-vegyestuzelesu-kazan-acel-vegyestuzelesu-kazan-huzatszabalyozoval\/\">Folytatva<\/a><\/p>\n","protected":false},"featured_media":12454,"comment_status":"open","ping_status":"closed","template":"","meta":[],"product_brand":[714],"product_cat":[1481,1484],"product_tag":[],"class_list":{"0":"post-4601","1":"product","2":"type-product","3":"status-publish","4":"has-post-thumbnail","6":"product_brand-kolo-tech","7":"product_cat-acel-kazanok-es-kiegeszitok","8":"product_cat-vegyestuzelesu-acel-kazanok","9":"product_shipping_class-acel-fatuzelesu-kazan","10":"pa_cod-articol-producator-sb-35-fc-hu","11":"pa_combustibil-utilizat-brikett","12":"pa_combustibil-utilizat-fa","13":"pa_combustibil-utilizat-szen","14":"pa_culoare-piros","15":"pa_diametru-racordului-la-cos-150-mm-hu","16":"pa_dimensiune-usa-incarcare-mm-280-mm-x-320-mm-hu","17":"pa_putere-45-kw-hu","18":"pa_randament-774-hu","19":"pa_temperatura-maxima-90-c-hu","20":"pa_volumul-rezervorului-55-l-hu","21":"producer-magdolna-impex","23":"first","24":"onbackorder","25":"shipping-taxable","26":"purchasable","27":"product-type-simple"},"acf":[],"yoast_head":"<!-- This site is optimized with the Yoast SEO Premium plugin v21.0 (Yoast SEO v27.3) - https:\/\/yoast.com\/product\/yoast-seo-premium-wordpress\/ -->\n<title>KesselTech 45kW vegyest\u00fczel\u00e9s\u0171 kaz\u00e1n<\/title>\n<meta name=\"description\" content=\"KesselTech 45kW vegyest\u00fczel\u00e9s\u0171 kaz\u00e1n, 77,4% hat\u00e9konys\u00e1ggal, 55L v\u00edztart\u00e1ly, 90\u00b0C max. h\u0151m\u00e9rs\u00e9klet, 5mm ac\u00e9llemez, 150 mm k\u00e9m\u00e9nycsatlakoz\u00e1s.\" \/>\n<meta name=\"robots\" content=\"index, follow, max-snippet:-1, max-image-preview:large, max-video-preview:-1\" \/>\n<link rel=\"canonical\" href=\"https:\/\/esemineu.ro\/hu\/termek\/kesseltech-45kw-vegyestuzelesu-kazan-acel-vegyestuzelesu-kazan-huzatszabalyozoval\/\" \/>\n<meta property=\"og:locale\" content=\"hu_HU\" \/>\n<meta property=\"og:type\" content=\"article\" \/>\n<meta property=\"og:title\" content=\"KesselTech 45kW vegyest\u00fczel\u00e9s\u0171 kaz\u00e1n\" \/>\n<meta property=\"og:description\" content=\"KesselTech 45kW vegyest\u00fczel\u00e9s\u0171 kaz\u00e1n, 77,4% hat\u00e9konys\u00e1ggal, 55L v\u00edztart\u00e1ly, 90\u00b0C max. h\u0151m\u00e9rs\u00e9klet, 5mm ac\u00e9llemez, 150 mm k\u00e9m\u00e9nycsatlakoz\u00e1s.\" \/>\n<meta property=\"og:url\" content=\"https:\/\/esemineu.ro\/hu\/termek\/kesseltech-45kw-vegyestuzelesu-kazan-acel-vegyestuzelesu-kazan-huzatszabalyozoval\/\" \/>\n<meta property=\"og:site_name\" content=\"eSemineu\" \/>\n<meta property=\"article:publisher\" content=\"https:\/\/web.facebook.com\/eSemineu\" \/>\n<meta property=\"article:modified_time\" content=\"2024-05-27T06:55:01+00:00\" \/>\n<meta property=\"og:image\" content=\"https:\/\/esemineu.ro\/wp-content\/uploads\/2023\/09\/Frontstanga-1-7.jpg\" \/>\n\t<meta property=\"og:image:width\" content=\"700\" \/>\n\t<meta property=\"og:image:height\" content=\"700\" \/>\n\t<meta property=\"og:image:type\" content=\"image\/jpeg\" \/>\n<meta name=\"twitter:card\" content=\"summary_large_image\" \/>\n<meta name=\"twitter:label1\" content=\"Becs\u00fclt olvas\u00e1si id\u0151\" \/>\n\t<meta name=\"twitter:data1\" content=\"3 perc\" \/>\n<script type=\"application\/ld+json\" class=\"yoast-schema-graph\">{\"@context\":\"https:\\\/\\\/schema.org\",\"@graph\":[{\"@type\":\"WebPage\",\"@id\":\"https:\\\/\\\/esemineu.ro\\\/hu\\\/termek\\\/kesseltech-45kw-vegyestuzelesu-kazan-acel-vegyestuzelesu-kazan-huzatszabalyozoval\\\/\",\"url\":\"https:\\\/\\\/esemineu.ro\\\/hu\\\/termek\\\/kesseltech-45kw-vegyestuzelesu-kazan-acel-vegyestuzelesu-kazan-huzatszabalyozoval\\\/\",\"name\":\"KesselTech 45kW vegyest\u00fczel\u00e9s\u0171 kaz\u00e1n\",\"isPartOf\":{\"@id\":\"https:\\\/\\\/esemineu.ro\\\/hu\\\/#website\"},\"primaryImageOfPage\":{\"@id\":\"https:\\\/\\\/esemineu.ro\\\/hu\\\/termek\\\/kesseltech-45kw-vegyestuzelesu-kazan-acel-vegyestuzelesu-kazan-huzatszabalyozoval\\\/#primaryimage\"},\"image\":{\"@id\":\"https:\\\/\\\/esemineu.ro\\\/hu\\\/termek\\\/kesseltech-45kw-vegyestuzelesu-kazan-acel-vegyestuzelesu-kazan-huzatszabalyozoval\\\/#primaryimage\"},\"thumbnailUrl\":\"https:\\\/\\\/esemineu.ro\\\/wp-content\\\/uploads\\\/2023\\\/09\\\/Frontstanga-1-7.jpg\",\"datePublished\":\"2022-11-23T10:20:00+00:00\",\"dateModified\":\"2024-05-27T06:55:01+00:00\",\"description\":\"KesselTech 45kW vegyest\u00fczel\u00e9s\u0171 kaz\u00e1n, 77,4% hat\u00e9konys\u00e1ggal, 55L v\u00edztart\u00e1ly, 90\u00b0C max. h\u0151m\u00e9rs\u00e9klet, 5mm ac\u00e9llemez, 150 mm k\u00e9m\u00e9nycsatlakoz\u00e1s.\",\"breadcrumb\":{\"@id\":\"https:\\\/\\\/esemineu.ro\\\/hu\\\/termek\\\/kesseltech-45kw-vegyestuzelesu-kazan-acel-vegyestuzelesu-kazan-huzatszabalyozoval\\\/#breadcrumb\"},\"inLanguage\":\"hu\",\"potentialAction\":[{\"@type\":\"ReadAction\",\"target\":[\"https:\\\/\\\/esemineu.ro\\\/hu\\\/termek\\\/kesseltech-45kw-vegyestuzelesu-kazan-acel-vegyestuzelesu-kazan-huzatszabalyozoval\\\/\"]}]},{\"@type\":\"ImageObject\",\"inLanguage\":\"hu\",\"@id\":\"https:\\\/\\\/esemineu.ro\\\/hu\\\/termek\\\/kesseltech-45kw-vegyestuzelesu-kazan-acel-vegyestuzelesu-kazan-huzatszabalyozoval\\\/#primaryimage\",\"url\":\"https:\\\/\\\/esemineu.ro\\\/wp-content\\\/uploads\\\/2023\\\/09\\\/Frontstanga-1-7.jpg\",\"contentUrl\":\"https:\\\/\\\/esemineu.ro\\\/wp-content\\\/uploads\\\/2023\\\/09\\\/Frontstanga-1-7.jpg\",\"width\":700,\"height\":700,\"caption\":\"KesselTech 45kW vegyest\u00fczel\u00e9s\u0171 kaz\u00e1n\"},{\"@type\":\"BreadcrumbList\",\"@id\":\"https:\\\/\\\/esemineu.ro\\\/hu\\\/termek\\\/kesseltech-45kw-vegyestuzelesu-kazan-acel-vegyestuzelesu-kazan-huzatszabalyozoval\\\/#breadcrumb\",\"itemListElement\":[{\"@type\":\"ListItem\",\"position\":1,\"name\":\"Kezd\u0151lap\",\"item\":\"https:\\\/\\\/esemineu.ro\\\/hu\\\/\"},{\"@type\":\"ListItem\",\"position\":2,\"name\":\"\u00c1ruh\u00e1z\",\"item\":\"https:\\\/\\\/esemineu.ro\\\/hu\\\/aruhaz\\\/\"},{\"@type\":\"ListItem\",\"position\":3,\"name\":\"KesselTech 45kW vegyest\u00fczel\u00e9s\u0171 kaz\u00e1n, Ac\u00e9l vegyest\u00fczel\u00e9s\u0171 kaz\u00e1n, H\u00fazatszab\u00e1lyoz\u00f3val\"}]},{\"@type\":\"WebSite\",\"@id\":\"https:\\\/\\\/esemineu.ro\\\/hu\\\/#website\",\"url\":\"https:\\\/\\\/esemineu.ro\\\/hu\\\/\",\"name\":\"eSemineu\",\"description\":\"\u0218eminee de cea mai \u00eenalt\u0103 calitate\",\"potentialAction\":[{\"@type\":\"SearchAction\",\"target\":{\"@type\":\"EntryPoint\",\"urlTemplate\":\"https:\\\/\\\/esemineu.ro\\\/hu\\\/?s={search_term_string}\"},\"query-input\":{\"@type\":\"PropertyValueSpecification\",\"valueRequired\":true,\"valueName\":\"search_term_string\"}}],\"inLanguage\":\"hu\"}]}<\/script>\n<!-- \/ Yoast SEO Premium plugin. -->","yoast_head_json":{"title":"KesselTech 45kW vegyest\u00fczel\u00e9s\u0171 kaz\u00e1n","description":"KesselTech 45kW vegyest\u00fczel\u00e9s\u0171 kaz\u00e1n, 77,4% hat\u00e9konys\u00e1ggal, 55L v\u00edztart\u00e1ly, 90\u00b0C max. h\u0151m\u00e9rs\u00e9klet, 5mm ac\u00e9llemez, 150 mm k\u00e9m\u00e9nycsatlakoz\u00e1s.","robots":{"index":"index","follow":"follow","max-snippet":"max-snippet:-1","max-image-preview":"max-image-preview:large","max-video-preview":"max-video-preview:-1"},"canonical":"https:\/\/esemineu.ro\/hu\/termek\/kesseltech-45kw-vegyestuzelesu-kazan-acel-vegyestuzelesu-kazan-huzatszabalyozoval\/","og_locale":"hu_HU","og_type":"article","og_title":"KesselTech 45kW vegyest\u00fczel\u00e9s\u0171 kaz\u00e1n","og_description":"KesselTech 45kW vegyest\u00fczel\u00e9s\u0171 kaz\u00e1n, 77,4% hat\u00e9konys\u00e1ggal, 55L v\u00edztart\u00e1ly, 90\u00b0C max. h\u0151m\u00e9rs\u00e9klet, 5mm ac\u00e9llemez, 150 mm k\u00e9m\u00e9nycsatlakoz\u00e1s.","og_url":"https:\/\/esemineu.ro\/hu\/termek\/kesseltech-45kw-vegyestuzelesu-kazan-acel-vegyestuzelesu-kazan-huzatszabalyozoval\/","og_site_name":"eSemineu","article_publisher":"https:\/\/web.facebook.com\/eSemineu","article_modified_time":"2024-05-27T06:55:01+00:00","og_image":[{"width":700,"height":700,"url":"https:\/\/esemineu.ro\/wp-content\/uploads\/2023\/09\/Frontstanga-1-7.jpg","type":"image\/jpeg"}],"twitter_card":"summary_large_image","twitter_misc":{"Becs\u00fclt olvas\u00e1si id\u0151":"3 perc"},"schema":{"@context":"https:\/\/schema.org","@graph":[{"@type":"WebPage","@id":"https:\/\/esemineu.ro\/hu\/termek\/kesseltech-45kw-vegyestuzelesu-kazan-acel-vegyestuzelesu-kazan-huzatszabalyozoval\/","url":"https:\/\/esemineu.ro\/hu\/termek\/kesseltech-45kw-vegyestuzelesu-kazan-acel-vegyestuzelesu-kazan-huzatszabalyozoval\/","name":"KesselTech 45kW vegyest\u00fczel\u00e9s\u0171 kaz\u00e1n","isPartOf":{"@id":"https:\/\/esemineu.ro\/hu\/#website"},"primaryImageOfPage":{"@id":"https:\/\/esemineu.ro\/hu\/termek\/kesseltech-45kw-vegyestuzelesu-kazan-acel-vegyestuzelesu-kazan-huzatszabalyozoval\/#primaryimage"},"image":{"@id":"https:\/\/esemineu.ro\/hu\/termek\/kesseltech-45kw-vegyestuzelesu-kazan-acel-vegyestuzelesu-kazan-huzatszabalyozoval\/#primaryimage"},"thumbnailUrl":"https:\/\/esemineu.ro\/wp-content\/uploads\/2023\/09\/Frontstanga-1-7.jpg","datePublished":"2022-11-23T10:20:00+00:00","dateModified":"2024-05-27T06:55:01+00:00","description":"KesselTech 45kW vegyest\u00fczel\u00e9s\u0171 kaz\u00e1n, 77,4% hat\u00e9konys\u00e1ggal, 55L v\u00edztart\u00e1ly, 90\u00b0C max. h\u0151m\u00e9rs\u00e9klet, 5mm ac\u00e9llemez, 150 mm k\u00e9m\u00e9nycsatlakoz\u00e1s.","breadcrumb":{"@id":"https:\/\/esemineu.ro\/hu\/termek\/kesseltech-45kw-vegyestuzelesu-kazan-acel-vegyestuzelesu-kazan-huzatszabalyozoval\/#breadcrumb"},"inLanguage":"hu","potentialAction":[{"@type":"ReadAction","target":["https:\/\/esemineu.ro\/hu\/termek\/kesseltech-45kw-vegyestuzelesu-kazan-acel-vegyestuzelesu-kazan-huzatszabalyozoval\/"]}]},{"@type":"ImageObject","inLanguage":"hu","@id":"https:\/\/esemineu.ro\/hu\/termek\/kesseltech-45kw-vegyestuzelesu-kazan-acel-vegyestuzelesu-kazan-huzatszabalyozoval\/#primaryimage","url":"https:\/\/esemineu.ro\/wp-content\/uploads\/2023\/09\/Frontstanga-1-7.jpg","contentUrl":"https:\/\/esemineu.ro\/wp-content\/uploads\/2023\/09\/Frontstanga-1-7.jpg","width":700,"height":700,"caption":"KesselTech 45kW vegyest\u00fczel\u00e9s\u0171 kaz\u00e1n"},{"@type":"BreadcrumbList","@id":"https:\/\/esemineu.ro\/hu\/termek\/kesseltech-45kw-vegyestuzelesu-kazan-acel-vegyestuzelesu-kazan-huzatszabalyozoval\/#breadcrumb","itemListElement":[{"@type":"ListItem","position":1,"name":"Kezd\u0151lap","item":"https:\/\/esemineu.ro\/hu\/"},{"@type":"ListItem","position":2,"name":"\u00c1ruh\u00e1z","item":"https:\/\/esemineu.ro\/hu\/aruhaz\/"},{"@type":"ListItem","position":3,"name":"KesselTech 45kW vegyest\u00fczel\u00e9s\u0171 kaz\u00e1n, Ac\u00e9l vegyest\u00fczel\u00e9s\u0171 kaz\u00e1n, H\u00fazatszab\u00e1lyoz\u00f3val"}]},{"@type":"WebSite","@id":"https:\/\/esemineu.ro\/hu\/#website","url":"https:\/\/esemineu.ro\/hu\/","name":"eSemineu","description":"\u0218eminee de cea mai \u00eenalt\u0103 calitate","potentialAction":[{"@type":"SearchAction","target":{"@type":"EntryPoint","urlTemplate":"https:\/\/esemineu.ro\/hu\/?s={search_term_string}"},"query-input":{"@type":"PropertyValueSpecification","valueRequired":true,"valueName":"search_term_string"}}],"inLanguage":"hu"}]}},"_links":{"self":[{"href":"https:\/\/esemineu.ro\/hu\/wp-json\/wp\/v2\/product\/4601","targetHints":{"allow":["GET"]}}],"collection":[{"href":"https:\/\/esemineu.ro\/hu\/wp-json\/wp\/v2\/product"}],"about":[{"href":"https:\/\/esemineu.ro\/hu\/wp-json\/wp\/v2\/types\/product"}],"replies":[{"embeddable":true,"href":"https:\/\/esemineu.ro\/hu\/wp-json\/wp\/v2\/comments?post=4601"}],"wp:featuredmedia":[{"embeddable":true,"href":"https:\/\/esemineu.ro\/hu\/wp-json\/wp\/v2\/media\/12454"}],"wp:attachment":[{"href":"https:\/\/esemineu.ro\/hu\/wp-json\/wp\/v2\/media?parent=4601"}],"wp:term":[{"taxonomy":"product_brand","embeddable":true,"href":"https:\/\/esemineu.ro\/hu\/wp-json\/wp\/v2\/product_brand?post=4601"},{"taxonomy":"product_cat","embeddable":true,"href":"https:\/\/esemineu.ro\/hu\/wp-json\/wp\/v2\/product_cat?post=4601"},{"taxonomy":"product_tag","embeddable":true,"href":"https:\/\/esemineu.ro\/hu\/wp-json\/wp\/v2\/product_tag?post=4601"}],"curies":[{"name":"wp","href":"https:\/\/api.w.org\/{rel}","templated":true}]}}