{"id":4594,"date":"2023-01-13T10:17:54","date_gmt":"2023-01-13T08:17:54","guid":{"rendered":"https:\/\/esemineu.ro\/product\/gratar-cu-gaz-inox\/"},"modified":"2024-03-21T08:31:33","modified_gmt":"2024-03-21T06:31:33","slug":"rozsdamentes-acel-gazas-grill-tessa-5-egos-bbq-5001-master-grill","status":"publish","type":"product","link":"https:\/\/esemineu.ro\/hu\/termek\/rozsdamentes-acel-gazas-grill-tessa-5-egos-bbq-5001-master-grill\/","title":{"rendered":"Rozsdamentes ac\u00e9l g\u00e1zas Grill Tessa, 5 \u00e9g\u0151s, BBQ 5001 master grill"},"content":{"rendered":"<p>Rozsdamentes g\u00e1zas Grill 5 \u00e9g\u0151s Teesa<\/p>\n<p>Fedezze fel az <strong>esemineu.ro<\/strong> web\u00e1ruh\u00e1zban a <strong>Rozsdamentes ac\u00e9l g\u00e1zas Grill Tessa.<\/strong> Amely egy <strong>5 \u00e9g\u0151s<\/strong>, kiv\u00e1l\u00f3 min\u0151s\u00e9g\u0171 <strong>BBQ 5001 master grill<\/strong>. Ez a kifinomult k\u00e9sz\u00fcl\u00e9k, melynek <strong>t\u00f6mege 34 kg<\/strong> \u00e9s <strong>m\u00e9retei 125 \u00d7 58 \u00d7 119 cm<\/strong>, kiv\u00e1l\u00f3 v\u00e1laszt\u00e1s minden k\u00fclt\u00e9ri s\u00fct\u00f6get\u00e9shez. Az <strong>inox<\/strong> (rozsdamentes ac\u00e9l) anyagb\u00f3l k\u00e9sz\u00fclt grill garant\u00e1lja a hossz\u00fa \u00e9lettartamot \u00e9s az egyszer\u0171 tiszt\u00edthat\u00f3s\u00e1got.<\/p>\n<p>A <strong>Rozsdamentes ac\u00e9l g\u00e1zas Grill Tessa<\/strong> nem csak robust, hanem st\u00edlusos is. T\u00f6k\u00e9letes kieg\u00e9sz\u00edt\u0151je lehet b\u00e1rmely kertnek vagy terasznak. Az <strong>5 \u00e9g\u0151s<\/strong> kialak\u00edt\u00e1s biztos\u00edtja, hogy a h\u0151 egyenletesen oszlik el a grillez\u0151 fel\u00fcleten. Lehet\u0151v\u00e9 t\u00e9ve a t\u00f6k\u00e9letesen elk\u00e9sz\u00fclt \u00e9telek el\u0151\u00e1ll\u00edt\u00e1s\u00e1t. A <strong>BBQ 5001 master grill<\/strong> megk\u00f6nny\u00edti a nagyobb t\u00e1rsas\u00e1gok kiszolg\u00e1l\u00e1s\u00e1t is, hiszen egyszerre t\u00f6bbf\u00e9le \u00e9tel s\u00fct\u00e9se v\u00e1lik lehets\u00e9gess\u00e9.<\/p>\n<p>Az <strong>inox anyag<\/strong> nemcsak eleganci\u00e1t k\u00f6lcs\u00f6n\u00f6z a grillnek, hanem rendk\u00edv\u00fcl tart\u00f3ss\u00e1 \u00e9s ellen\u00e1ll\u00f3v\u00e1 is teszi azt az id\u0151j\u00e1r\u00e1s viszontags\u00e1gaival szemben. Az <strong>inox<\/strong>, azaz rozsdamentes ac\u00e9l, el\u0151nyei k\u00f6z\u00e9 tartozik a korr\u00f3zi\u00f3\u00e1ll\u00f3s\u00e1g. Ami hossz\u00fa t\u00e1von meg\u0151rzi a grill eszt\u00e9tikai \u00e9s funkcion\u00e1lis min\u0151s\u00e9g\u00e9t.<\/p>\n<h4>A <strong>g\u00e1z:<\/strong><\/h4>\n<p>mint felhaszn\u00e1lt t\u00fczel\u0151anyag biztos\u00edtja a k\u00e9nyelmet \u00e9s a hat\u00e9konys\u00e1got. A <strong>g\u00e1zas grill<\/strong> gyors felmeleged\u00e9st \u00e9s k\u00f6nny\u0171 h\u0151m\u00e9rs\u00e9klet-szab\u00e1lyoz\u00e1st tesz lehet\u0151v\u00e9, \u00edgy a grillez\u00e9s folyamata egyszer\u0171bb \u00e9s \u00e9lvezetesebb. A <strong>Rozsdamentes ac\u00e9l g\u00e1zas Grill Tessa<\/strong> a modern grillez\u00e9si ig\u00e9nyeknek megfelel\u0151en lett tervezve. Biztos\u00edtva ezzel a felhaszn\u00e1l\u00f3k sz\u00e1m\u00e1ra a k\u00e9nyelmet \u00e9s a hat\u00e9konys\u00e1got.<\/p>\n<p>Az <strong>esemineu.ro<\/strong> k\u00edn\u00e1lat\u00e1ban szerepl\u0151 <strong>BBQ 5001 master grill<\/strong> egy magas min\u0151s\u00e9get k\u00e9pvisel\u0151 berendez\u00e9s. Amely garant\u00e1ltan felhelyezi a grillez\u00e9si \u00e9lm\u00e9nyt egy \u00faj szintre. Ak\u00e1r egy csal\u00e1di \u00f6sszej\u00f6vetel, ak\u00e1r egy bar\u00e1ti s\u00fct\u00f6get\u00e9s alkalm\u00e1val. Ez a <strong>g\u00e1zas grill<\/strong> minden ig\u00e9nyt kiel\u00e9g\u00edt, \u00edgy minden alkalom k\u00fcl\u00f6nlegess\u00e9 v\u00e1lik.<\/p>\n<p>\u00d6sszefoglalva, a <strong>Rozsdamentes ac\u00e9l g\u00e1zas Grill Tessa<\/strong>, <strong>5 \u00e9g\u0151s<\/strong>, <strong>BBQ 5001 master grill<\/strong>, amely az <strong>esemineu.ro<\/strong> k\u00edn\u00e1lat\u00e1ban tal\u00e1lhat\u00f3. Egy kiv\u00e1l\u00f3 v\u00e1laszt\u00e1s azok sz\u00e1m\u00e1ra, akik a min\u0151s\u00e9gi grillez\u00e9s \u00e9lm\u00e9ny\u00e9t keresik. A <strong>34 kg<\/strong> t\u00f6meg\u0171, <strong>125 \u00d7 58 \u00d7 119 cm<\/strong> m\u00e9ret\u0171, <strong>inox anyagb\u00f3l<\/strong> k\u00e9sz\u00fclt grill, <strong>g\u00e1zzal<\/strong> m\u0171k\u00f6dtetve, minden sz\u00fcks\u00e9ges funkci\u00f3val rendelkezik a t\u00f6k\u00e9letes grillez\u00e9shez.<\/p>\n<h4>Sz\u00e1ll\u00edt\u00e1si hat\u00e1rid\u0151:<\/h4>\n<ul>\n<li><strong>Magyarorsz\u00e1g \u00e9s az eg\u00e9sz Eur\u00f3pai Uni\u00f3 ter\u00fclet\u00e9n<\/strong>\u00a0is sz\u00e1ll\u00edtjuk.<\/li>\n<li>Rom\u00e1ni\u00e1ba 2-3 munkanap alatt sz\u00e1ll\u00edtjuk<\/li>\n<li>Magyarorsz\u00e1gra es az EU ter\u00fclet\u00e9re az \u00e1tutal\u00e1s ut\u00e1n 5 munkanapon bel\u00fcl \u00e9rkezik meg a term\u00e9k.<\/li>\n<\/ul>\n<p>B\u00edzunk benne, hogy el\u00e9gedett lesz a Rozsdamentes g\u00e1zas Grill 5 \u00e9g\u0151s Teesa-val. Ha b\u00e1rmilyen k\u00e9rd\u00e9se van, k\u00e9rj\u00fck, l\u00e9pjen kapcsolatba vel\u00fcnk.<\/p>\n<p>Tov\u00e1bbi aj\u00e1nlatok\u00e9rt kattintson\u00a0<a href=\"https:\/\/esemineu.ro\/hu\/termekkategoria\/kerti-sutok\/\">ide<\/a><\/p>\n<p>T\u0151bb inform\u00e1ci\u00f3\u00e9rt l\u00e1togasson el\u00a0<a href=\"https:\/\/www.youtube.com\/@esemineuromania\">YouTube<\/a>-csatorn\u00e1nkra, valamint\u00a0<a href=\"https:\/\/www.facebook.com\/eSemineu\">Facebook<\/a>\u00a0\u00e9s\u00a0<a href=\"https:\/\/www.instagram.com\/esemineu\/\">Instagram<\/a>\u00a0oldalainkra.<\/p>\n<p><a href=\"https:\/\/esemineu.ro\/\">eSemineu.ro<\/a>\u00a0 \u00a0Te adod a t\u0171zet mi adjuk a meleget!<\/p>\n","protected":false},"excerpt":{"rendered":"<p>Rozsdamentes g\u00e1zas Grill 5 \u00e9g\u0151s Teesa Fedezze fel az esemineu.ro web\u00e1ruh\u00e1zban a Rozsdamentes ac\u00e9l g\u00e1zas Grill Tessa. Amely egy 5 \u00e9g\u0151s, kiv\u00e1l\u00f3 min\u0151s\u00e9g\u0171 BBQ 5001 master grill. Ez a kifinomult k\u00e9sz\u00fcl\u00e9k, melynek t\u00f6mege 34 kg \u00e9s m\u00e9retei 125 \u00d7 58 \u00d7 119 cm, kiv\u00e1l\u00f3 v\u00e1laszt\u00e1s minden k\u00fclt\u00e9ri s\u00fct\u00f6get\u00e9shez. Az inox (rozsdamentes ac\u00e9l) anyagb\u00f3l k\u00e9sz\u00fclt grill garant\u00e1lja a hossz\u00fa \u00e9lettartamot \u00e9s az egyszer\u0171 tiszt\u00edthat\u00f3s\u00e1got. A Rozsdamentes ac\u00e9l g\u00e1zas Grill Tessa nem csak robust, hanem st\u00edlusos is. T\u00f6k\u00e9letes kieg\u00e9sz\u00edt\u0151je lehet b\u00e1rmely kertnek vagy terasznak. Az 5 \u00e9g\u0151s kialak\u00edt\u00e1s biztos\u00edtja, hogy a h\u0151 egyenletesen oszlik el a grillez\u0151 fel\u00fcleten. Lehet\u0151v\u00e9 t\u00e9ve a t\u00f6k\u00e9letesen elk\u00e9sz\u00fclt \u00e9telek el\u0151\u00e1ll\u00edt\u00e1s\u00e1t. A BBQ 5001 master grill megk\u00f6nny\u00edti a nagyobb t\u00e1rsas\u00e1gok kiszolg\u00e1l\u00e1s\u00e1t is, hiszen egyszerre t\u00f6bbf\u00e9le \u00e9tel s\u00fct\u00e9se v\u00e1lik lehets\u00e9gess\u00e9. Az inox anyag nemcsak eleganci\u00e1t k\u00f6lcs\u00f6n\u00f6z a grillnek, hanem rendk\u00edv\u00fcl tart\u00f3ss\u00e1 \u00e9s ellen\u00e1ll\u00f3v\u00e1 is teszi azt az id\u0151j\u00e1r\u00e1s viszontags\u00e1gaival szemben. Az inox, azaz rozsdamentes ac\u00e9l, el\u0151nyei k\u00f6z\u00e9 tartozik a &hellip; <a href=\"https:\/\/esemineu.ro\/hu\/termek\/rozsdamentes-acel-gazas-grill-tessa-5-egos-bbq-5001-master-grill\/\">Folytatva<\/a><\/p>\n","protected":false},"featured_media":22690,"comment_status":"open","ping_status":"closed","template":"","meta":[],"product_brand":[1907],"product_cat":[1622,1037],"product_tag":[],"class_list":{"0":"post-4594","1":"product","2":"type-product","3":"status-publish","4":"has-post-thumbnail","6":"product_brand-teesa","7":"product_cat-grillsutok","8":"product_cat-kerti-sutok","9":"product_shipping_class-furdoszobai-kazanok","10":"pa_combustibil-utilizat-gaz-hu-2","11":"pa_material-rozsdamentes-acel-hu","12":"producer-metro","14":"first","15":"onbackorder","16":"shipping-taxable","17":"purchasable","18":"product-type-simple"},"acf":[],"yoast_head":"<!-- This site is optimized with the Yoast SEO Premium plugin v21.0 (Yoast SEO v27.3) - https:\/\/yoast.com\/product\/yoast-seo-premium-wordpress\/ -->\n<title>Rozsdamentes g\u00e1zas Grill 5 \u00e9g\u0151s Teesa | Grill Tessa<\/title>\n<meta name=\"description\" content=\"Fedezd fel az esemineu.ro k\u00edn\u00e1lat\u00e1ban a Rozsdamentes g\u00e1zas Grill 5 \u00e9g\u0151s Teesa, 5 \u00e9g\u0151s BBQ 5001 master grillt. Kiv\u00e1l\u00f3 min\u0151s\u00e9g\u0171, rozsdametes ac\u00e9l b\u00f3l k\u00e9sz\u00fclt.\" \/>\n<meta name=\"robots\" content=\"index, follow, max-snippet:-1, max-image-preview:large, max-video-preview:-1\" \/>\n<link rel=\"canonical\" href=\"https:\/\/esemineu.ro\/hu\/termek\/rozsdamentes-acel-gazas-grill-tessa-5-egos-bbq-5001-master-grill\/\" \/>\n<meta property=\"og:locale\" content=\"hu_HU\" \/>\n<meta property=\"og:type\" content=\"article\" \/>\n<meta property=\"og:title\" content=\"Rozsdamentes g\u00e1zas Grill 5 \u00e9g\u0151s Teesa | Grill Tessa\" \/>\n<meta property=\"og:description\" content=\"Fedezd fel az esemineu.ro k\u00edn\u00e1lat\u00e1ban a Rozsdamentes g\u00e1zas Grill 5 \u00e9g\u0151s Teesa, 5 \u00e9g\u0151s BBQ 5001 master grillt. Kiv\u00e1l\u00f3 min\u0151s\u00e9g\u0171, rozsdametes ac\u00e9l b\u00f3l k\u00e9sz\u00fclt.\" \/>\n<meta property=\"og:url\" content=\"https:\/\/esemineu.ro\/hu\/termek\/rozsdamentes-acel-gazas-grill-tessa-5-egos-bbq-5001-master-grill\/\" \/>\n<meta property=\"og:site_name\" content=\"eSemineu\" \/>\n<meta property=\"article:publisher\" content=\"https:\/\/web.facebook.com\/eSemineu\" \/>\n<meta property=\"article:modified_time\" content=\"2024-03-21T06:31:33+00:00\" \/>\n<meta property=\"og:image\" content=\"https:\/\/esemineu.ro\/wp-content\/uploads\/2024\/03\/Grill-pe-gaz-Inox-front.jpg\" \/>\n\t<meta property=\"og:image:width\" content=\"1000\" \/>\n\t<meta property=\"og:image:height\" content=\"1000\" \/>\n\t<meta property=\"og:image:type\" content=\"image\/jpeg\" \/>\n<meta name=\"twitter:card\" content=\"summary_large_image\" \/>\n<meta name=\"twitter:label1\" content=\"Becs\u00fclt olvas\u00e1si id\u0151\" \/>\n\t<meta name=\"twitter:data1\" content=\"2 perc\" \/>\n<script type=\"application\/ld+json\" class=\"yoast-schema-graph\">{\"@context\":\"https:\\\/\\\/schema.org\",\"@graph\":[{\"@type\":\"WebPage\",\"@id\":\"https:\\\/\\\/esemineu.ro\\\/hu\\\/termek\\\/rozsdamentes-acel-gazas-grill-tessa-5-egos-bbq-5001-master-grill\\\/\",\"url\":\"https:\\\/\\\/esemineu.ro\\\/hu\\\/termek\\\/rozsdamentes-acel-gazas-grill-tessa-5-egos-bbq-5001-master-grill\\\/\",\"name\":\"Rozsdamentes g\u00e1zas Grill 5 \u00e9g\u0151s Teesa | Grill Tessa\",\"isPartOf\":{\"@id\":\"https:\\\/\\\/esemineu.ro\\\/hu\\\/#website\"},\"primaryImageOfPage\":{\"@id\":\"https:\\\/\\\/esemineu.ro\\\/hu\\\/termek\\\/rozsdamentes-acel-gazas-grill-tessa-5-egos-bbq-5001-master-grill\\\/#primaryimage\"},\"image\":{\"@id\":\"https:\\\/\\\/esemineu.ro\\\/hu\\\/termek\\\/rozsdamentes-acel-gazas-grill-tessa-5-egos-bbq-5001-master-grill\\\/#primaryimage\"},\"thumbnailUrl\":\"https:\\\/\\\/esemineu.ro\\\/wp-content\\\/uploads\\\/2024\\\/03\\\/Grill-pe-gaz-Inox-front.jpg\",\"datePublished\":\"2023-01-13T08:17:54+00:00\",\"dateModified\":\"2024-03-21T06:31:33+00:00\",\"description\":\"Fedezd fel az esemineu.ro k\u00edn\u00e1lat\u00e1ban a Rozsdamentes g\u00e1zas Grill 5 \u00e9g\u0151s Teesa, 5 \u00e9g\u0151s BBQ 5001 master grillt. Kiv\u00e1l\u00f3 min\u0151s\u00e9g\u0171, rozsdametes ac\u00e9l b\u00f3l k\u00e9sz\u00fclt.\",\"breadcrumb\":{\"@id\":\"https:\\\/\\\/esemineu.ro\\\/hu\\\/termek\\\/rozsdamentes-acel-gazas-grill-tessa-5-egos-bbq-5001-master-grill\\\/#breadcrumb\"},\"inLanguage\":\"hu\",\"potentialAction\":[{\"@type\":\"ReadAction\",\"target\":[\"https:\\\/\\\/esemineu.ro\\\/hu\\\/termek\\\/rozsdamentes-acel-gazas-grill-tessa-5-egos-bbq-5001-master-grill\\\/\"]}]},{\"@type\":\"ImageObject\",\"inLanguage\":\"hu\",\"@id\":\"https:\\\/\\\/esemineu.ro\\\/hu\\\/termek\\\/rozsdamentes-acel-gazas-grill-tessa-5-egos-bbq-5001-master-grill\\\/#primaryimage\",\"url\":\"https:\\\/\\\/esemineu.ro\\\/wp-content\\\/uploads\\\/2024\\\/03\\\/Grill-pe-gaz-Inox-front.jpg\",\"contentUrl\":\"https:\\\/\\\/esemineu.ro\\\/wp-content\\\/uploads\\\/2024\\\/03\\\/Grill-pe-gaz-Inox-front.jpg\",\"width\":1000,\"height\":1000,\"caption\":\"Rozsdamentes g\u00e1zas Grill 5 \u00e9g\u0151s Teesa\"},{\"@type\":\"BreadcrumbList\",\"@id\":\"https:\\\/\\\/esemineu.ro\\\/hu\\\/termek\\\/rozsdamentes-acel-gazas-grill-tessa-5-egos-bbq-5001-master-grill\\\/#breadcrumb\",\"itemListElement\":[{\"@type\":\"ListItem\",\"position\":1,\"name\":\"Kezd\u0151lap\",\"item\":\"https:\\\/\\\/esemineu.ro\\\/hu\\\/\"},{\"@type\":\"ListItem\",\"position\":2,\"name\":\"\u00c1ruh\u00e1z\",\"item\":\"https:\\\/\\\/esemineu.ro\\\/hu\\\/aruhaz\\\/\"},{\"@type\":\"ListItem\",\"position\":3,\"name\":\"Rozsdamentes ac\u00e9l g\u00e1zas Grill Tessa, 5 \u00e9g\u0151s, BBQ 5001 master grill\"}]},{\"@type\":\"WebSite\",\"@id\":\"https:\\\/\\\/esemineu.ro\\\/hu\\\/#website\",\"url\":\"https:\\\/\\\/esemineu.ro\\\/hu\\\/\",\"name\":\"eSemineu\",\"description\":\"\u0218eminee de cea mai \u00eenalt\u0103 calitate\",\"potentialAction\":[{\"@type\":\"SearchAction\",\"target\":{\"@type\":\"EntryPoint\",\"urlTemplate\":\"https:\\\/\\\/esemineu.ro\\\/hu\\\/?s={search_term_string}\"},\"query-input\":{\"@type\":\"PropertyValueSpecification\",\"valueRequired\":true,\"valueName\":\"search_term_string\"}}],\"inLanguage\":\"hu\"}]}<\/script>\n<!-- \/ Yoast SEO Premium plugin. -->","yoast_head_json":{"title":"Rozsdamentes g\u00e1zas Grill 5 \u00e9g\u0151s Teesa | Grill Tessa","description":"Fedezd fel az esemineu.ro k\u00edn\u00e1lat\u00e1ban a Rozsdamentes g\u00e1zas Grill 5 \u00e9g\u0151s Teesa, 5 \u00e9g\u0151s BBQ 5001 master grillt. Kiv\u00e1l\u00f3 min\u0151s\u00e9g\u0171, rozsdametes ac\u00e9l b\u00f3l k\u00e9sz\u00fclt.","robots":{"index":"index","follow":"follow","max-snippet":"max-snippet:-1","max-image-preview":"max-image-preview:large","max-video-preview":"max-video-preview:-1"},"canonical":"https:\/\/esemineu.ro\/hu\/termek\/rozsdamentes-acel-gazas-grill-tessa-5-egos-bbq-5001-master-grill\/","og_locale":"hu_HU","og_type":"article","og_title":"Rozsdamentes g\u00e1zas Grill 5 \u00e9g\u0151s Teesa | Grill Tessa","og_description":"Fedezd fel az esemineu.ro k\u00edn\u00e1lat\u00e1ban a Rozsdamentes g\u00e1zas Grill 5 \u00e9g\u0151s Teesa, 5 \u00e9g\u0151s BBQ 5001 master grillt. Kiv\u00e1l\u00f3 min\u0151s\u00e9g\u0171, rozsdametes ac\u00e9l b\u00f3l k\u00e9sz\u00fclt.","og_url":"https:\/\/esemineu.ro\/hu\/termek\/rozsdamentes-acel-gazas-grill-tessa-5-egos-bbq-5001-master-grill\/","og_site_name":"eSemineu","article_publisher":"https:\/\/web.facebook.com\/eSemineu","article_modified_time":"2024-03-21T06:31:33+00:00","og_image":[{"width":1000,"height":1000,"url":"https:\/\/esemineu.ro\/wp-content\/uploads\/2024\/03\/Grill-pe-gaz-Inox-front.jpg","type":"image\/jpeg"}],"twitter_card":"summary_large_image","twitter_misc":{"Becs\u00fclt olvas\u00e1si id\u0151":"2 perc"},"schema":{"@context":"https:\/\/schema.org","@graph":[{"@type":"WebPage","@id":"https:\/\/esemineu.ro\/hu\/termek\/rozsdamentes-acel-gazas-grill-tessa-5-egos-bbq-5001-master-grill\/","url":"https:\/\/esemineu.ro\/hu\/termek\/rozsdamentes-acel-gazas-grill-tessa-5-egos-bbq-5001-master-grill\/","name":"Rozsdamentes g\u00e1zas Grill 5 \u00e9g\u0151s Teesa | Grill Tessa","isPartOf":{"@id":"https:\/\/esemineu.ro\/hu\/#website"},"primaryImageOfPage":{"@id":"https:\/\/esemineu.ro\/hu\/termek\/rozsdamentes-acel-gazas-grill-tessa-5-egos-bbq-5001-master-grill\/#primaryimage"},"image":{"@id":"https:\/\/esemineu.ro\/hu\/termek\/rozsdamentes-acel-gazas-grill-tessa-5-egos-bbq-5001-master-grill\/#primaryimage"},"thumbnailUrl":"https:\/\/esemineu.ro\/wp-content\/uploads\/2024\/03\/Grill-pe-gaz-Inox-front.jpg","datePublished":"2023-01-13T08:17:54+00:00","dateModified":"2024-03-21T06:31:33+00:00","description":"Fedezd fel az esemineu.ro k\u00edn\u00e1lat\u00e1ban a Rozsdamentes g\u00e1zas Grill 5 \u00e9g\u0151s Teesa, 5 \u00e9g\u0151s BBQ 5001 master grillt. Kiv\u00e1l\u00f3 min\u0151s\u00e9g\u0171, rozsdametes ac\u00e9l b\u00f3l k\u00e9sz\u00fclt.","breadcrumb":{"@id":"https:\/\/esemineu.ro\/hu\/termek\/rozsdamentes-acel-gazas-grill-tessa-5-egos-bbq-5001-master-grill\/#breadcrumb"},"inLanguage":"hu","potentialAction":[{"@type":"ReadAction","target":["https:\/\/esemineu.ro\/hu\/termek\/rozsdamentes-acel-gazas-grill-tessa-5-egos-bbq-5001-master-grill\/"]}]},{"@type":"ImageObject","inLanguage":"hu","@id":"https:\/\/esemineu.ro\/hu\/termek\/rozsdamentes-acel-gazas-grill-tessa-5-egos-bbq-5001-master-grill\/#primaryimage","url":"https:\/\/esemineu.ro\/wp-content\/uploads\/2024\/03\/Grill-pe-gaz-Inox-front.jpg","contentUrl":"https:\/\/esemineu.ro\/wp-content\/uploads\/2024\/03\/Grill-pe-gaz-Inox-front.jpg","width":1000,"height":1000,"caption":"Rozsdamentes g\u00e1zas Grill 5 \u00e9g\u0151s Teesa"},{"@type":"BreadcrumbList","@id":"https:\/\/esemineu.ro\/hu\/termek\/rozsdamentes-acel-gazas-grill-tessa-5-egos-bbq-5001-master-grill\/#breadcrumb","itemListElement":[{"@type":"ListItem","position":1,"name":"Kezd\u0151lap","item":"https:\/\/esemineu.ro\/hu\/"},{"@type":"ListItem","position":2,"name":"\u00c1ruh\u00e1z","item":"https:\/\/esemineu.ro\/hu\/aruhaz\/"},{"@type":"ListItem","position":3,"name":"Rozsdamentes ac\u00e9l g\u00e1zas Grill Tessa, 5 \u00e9g\u0151s, BBQ 5001 master grill"}]},{"@type":"WebSite","@id":"https:\/\/esemineu.ro\/hu\/#website","url":"https:\/\/esemineu.ro\/hu\/","name":"eSemineu","description":"\u0218eminee de cea mai \u00eenalt\u0103 calitate","potentialAction":[{"@type":"SearchAction","target":{"@type":"EntryPoint","urlTemplate":"https:\/\/esemineu.ro\/hu\/?s={search_term_string}"},"query-input":{"@type":"PropertyValueSpecification","valueRequired":true,"valueName":"search_term_string"}}],"inLanguage":"hu"}]}},"_links":{"self":[{"href":"https:\/\/esemineu.ro\/hu\/wp-json\/wp\/v2\/product\/4594","targetHints":{"allow":["GET"]}}],"collection":[{"href":"https:\/\/esemineu.ro\/hu\/wp-json\/wp\/v2\/product"}],"about":[{"href":"https:\/\/esemineu.ro\/hu\/wp-json\/wp\/v2\/types\/product"}],"replies":[{"embeddable":true,"href":"https:\/\/esemineu.ro\/hu\/wp-json\/wp\/v2\/comments?post=4594"}],"wp:featuredmedia":[{"embeddable":true,"href":"https:\/\/esemineu.ro\/hu\/wp-json\/wp\/v2\/media\/22690"}],"wp:attachment":[{"href":"https:\/\/esemineu.ro\/hu\/wp-json\/wp\/v2\/media?parent=4594"}],"wp:term":[{"taxonomy":"product_brand","embeddable":true,"href":"https:\/\/esemineu.ro\/hu\/wp-json\/wp\/v2\/product_brand?post=4594"},{"taxonomy":"product_cat","embeddable":true,"href":"https:\/\/esemineu.ro\/hu\/wp-json\/wp\/v2\/product_cat?post=4594"},{"taxonomy":"product_tag","embeddable":true,"href":"https:\/\/esemineu.ro\/hu\/wp-json\/wp\/v2\/product_tag?post=4594"}],"curies":[{"name":"wp","href":"https:\/\/api.w.org\/{rel}","templated":true}]}}