{"id":4572,"date":"2023-02-10T07:24:22","date_gmt":"2023-02-10T04:24:22","guid":{"rendered":"https:\/\/esemineu.ro\/product\/teracota-premium-tip-cizma-maro-natur-de-incalzit-si-gatit-cu-usa-sticla-10kw\/"},"modified":"2025-12-30T12:28:55","modified_gmt":"2025-12-30T10:28:55","slug":"premium-natur-csiko-cserepkalyha-fatuzelesu-cserepkalyha-jobbos-balos-kivitel-10kw","status":"publish","type":"product","link":"https:\/\/esemineu.ro\/hu\/termek\/premium-natur-csiko-cserepkalyha-fatuzelesu-cserepkalyha-jobbos-balos-kivitel-10kw\/","title":{"rendered":"Pr\u00e9mium Natur Csik\u00f3 cser\u00e9pk\u00e1lyha, Fat\u00fczel\u00e9s\u0171 cser\u00e9pk\u00e1lyha jobbos-balos kivitel, 10kW"},"content":{"rendered":"<p>Pr\u00e9mium Natur Csik\u00f3 cser\u00e9pk\u00e1lyha <\/p>\n<p>A Natur Barna Cser\u00e9pk\u00e1lyha &#8211; Fat\u00fczel\u00e9s\u0171 k\u00e1lyha jobbos-balos kivitelben egy igazi dekorat\u00edv f\u0171t\u0151berendez\u00e9s, amely mag\u00e1val ragad\u00f3 megjelen\u00e9s\u00e9vel \u00e9s hat\u00e9kony m\u0171k\u00f6d\u00e9s\u00e9vel a k\u00e9nyelmet \u00e9s a melegs\u00e9get biztos\u00edtja otthon\u00e1ba.<\/p>\n<p>Ez a term\u00e9szetes barna sz\u00edn\u0171 kivitel ide\u00e1lis v\u00e1laszt\u00e1s azok sz\u00e1m\u00e1ra, akik egy meleg \u00e9s term\u00e9szetk\u00f6zeli atmoszf\u00e9r\u00e1t szeretn\u00e9nek megteremteni. A fat\u00fczel\u00e9s\u0171 k\u00e1lyha lehet\u0151v\u00e9 teszi, hogy a t\u0171z l\u00e1ngjainak var\u00e1zs\u00e1ban \u00e9lvezhesse a hideg t\u00e9li napokat.<\/p>\n<p>Az \u0150nt\u0151tvas ajt\u00f3 h\u0151\u00e1ll\u00f3 \u00fcveggel \u00e9s az \u00f6ntv\u00e9ny l\u00e1bak egy\u00fcttese nemcsak tart\u00f3ss\u00e1got biztos\u00edt, hanem a klasszikus megjelen\u00e9st is meger\u0151s\u00edti. A Cser\u00e9p burkolat pedig t\u00f6k\u00e9letesen harmoniz\u00e1l az eleg\u00e1ns k\u00fclsej\u0171 k\u00e1lyh\u00e1val.<\/p>\n<p>A 120 mm-es f\u00fcstcs\u0151 m\u00e9rete \u00e9s a bal-jobb f\u00fcstkivezet\u00e9s lehet\u0151s\u00e9ge rugalmas elhelyez\u00e9st tesz lehet\u0151v\u00e9 a k\u00e1lyh\u00e1nak az adott helyis\u00e9gben, \u00edgy k\u00f6nnyen illeszthet\u0151 b\u00e1rmilyen t\u00e9rbe.<\/p>\n<p>A 10kW-os teljes\u00edtm\u00e9ny lehet\u0151v\u00e9 teszi, hogy gyorsan \u00e9s hat\u00e9konyan meleg\u00edtse fel a k\u00f6rnyez\u0151 leveg\u0151t, \u00edgy kellemes h\u0151\u00e9rzetet biztos\u00edt az adott helyis\u00e9gben.<\/p>\n<p>A term\u00e9k 107 cm hossz\u00fas\u00e1g\u00fa \u00e9s 48 cm m\u00e9lys\u00e9g\u0171, m\u00edg magass\u00e1ga 98-100 cm, ami azt jelenti, hogy a k\u00e1lyha kompakt \u00e9s ergonomikus kialak\u00edt\u00e1sa lehet\u0151v\u00e9 teszi, hogy belef\u00e9rjen a k\u00edv\u00e1nt helyis\u00e9gbe.<\/p>\n<p>A k\u00e1lyha 250 kg-os s\u00falya biztos\u00edtja a stabilit\u00e1st \u00e9s a massz\u00edv megjelen\u00e9st. Ezzel egy\u00fctt a k\u00e1lyha k\u00f6nnyen mozgathat\u00f3, ami m\u00e9g rugalmasabb\u00e1 teszi a felhaszn\u00e1l\u00e1s\u00e1t.<\/p>\n<p>A Pr\u00e9mium Natur Csik\u00f3 cser\u00e9pk\u00e1lyha &#8211; Fat\u00fczel\u00e9s\u0171 k\u00e1lyha jobbos-balos kivitelben kiv\u00e1l\u00f3 v\u00e1laszt\u00e1s azok sz\u00e1m\u00e1ra, akik term\u00e9szetes \u00e9s meleg k\u00f6rnyezetet szeretn\u00e9nek teremteni otthonukban. A fat\u00fczel\u00e9s\u0171 f\u0171t\u00e9si megold\u00e1s r\u00e9v\u00e9n \u00e9lvezhetj\u00fck a hagyom\u00e1nyos \u00e9s autentikus hangulatot, mik\u00f6zben a modern technol\u00f3gia biztos\u00edtja a hat\u00e9kony f\u0171t\u00e9st \u00e9s a k\u00e9nyelmet.<\/p>\n<p>Fontos megjegyezni, hogy a t\u0171zhely hullad\u00e9k \u00e9get\u00e9s\u00e9re nem alkalmas, kiz\u00e1r\u00f3lag f\u0171t\u00e9sre \u00e9s f\u0151z\u00e9sre haszn\u00e1lhat\u00f3. Az ilyen hullad\u00e9k \u00e9get\u00e9sekor a cser\u00e9pk\u00e1lyha f\u00fcstkivezet\u0151 ny\u00edl\u00e1sa k\u00f6nnyen elt\u00f6m\u0151dhet, ez\u00e9rt aj\u00e1nlott kiz\u00e1r\u00f3lag megfelel\u0151 anyagokat \u00e9getni benne.<\/p>\n<h6>Sz\u00e1ll\u00edt\u00e1si hat\u00e1rid\u0151:<\/h6>\n<ul>\n<li><strong>Magyarorsz\u00e1g \u00e9s az eg\u00e9sz Eur\u00f3pai Uni\u00f3 ter\u00fclet\u00e9n<\/strong>\u00a0is sz\u00e1ll\u00edtjuk.<\/li>\n<li>Rom\u00e1ni\u00e1ba 2-3 munkanap alatt sz\u00e1ll\u00edtjuk<\/li>\n<li>Magyarorsz\u00e1gra \u00e9s az EU ter\u00fclet\u00e9re az \u00e1tutal\u00e1s ut\u00e1n 5 munkanapon bel\u00fcl \u00e9rkezik meg a term\u00e9k.<\/li>\n<\/ul>\n<p>Ha b\u00e1rmilyen k\u00e9rd\u00e9se van, k\u00e9rj\u00fck, l\u00e9pjen kapcsolatba vel\u00fcnk.<\/p>\n<p>Tov\u00e1bbi aj\u00e1nlatok\u00e9rt kattintson\u00a0<a href=\"https:\/\/esemineu.ro\/hu\/termek-kategoria\/hordozhato-cserepkalyhak\/\">ide<\/a><\/p>\n<p>T\u0151bb inform\u00e1ci\u00f3\u00e9rt l\u00e1togasson el\u00a0<a href=\"https:\/\/www.youtube.com\/@esemineuromania\">YouTube<\/a>-csatorn\u00e1nkra, valamint\u00a0<a href=\"https:\/\/www.facebook.com\/eSemineu\">Facebook<\/a>\u00a0\u00e9s\u00a0<a href=\"https:\/\/www.instagram.com\/esemineu\/\">Instagram<\/a>\u00a0oldalainkra.<\/p>\n<p><a href=\"https:\/\/esemineu.ro\/\">eSemineu.ro<\/a>\u00a0 \u00a0Te rakod a t\u0171zet, mi adjuk a meleget!<\/p>\n","protected":false},"excerpt":{"rendered":"<p>Pr\u00e9mium Natur Csik\u00f3 cser\u00e9pk\u00e1lyha A Natur Barna Cser\u00e9pk\u00e1lyha &#8211; Fat\u00fczel\u00e9s\u0171 k\u00e1lyha jobbos-balos kivitelben egy igazi dekorat\u00edv f\u0171t\u0151berendez\u00e9s, amely mag\u00e1val ragad\u00f3 megjelen\u00e9s\u00e9vel \u00e9s hat\u00e9kony m\u0171k\u00f6d\u00e9s\u00e9vel a k\u00e9nyelmet \u00e9s a melegs\u00e9get biztos\u00edtja otthon\u00e1ba. Ez a term\u00e9szetes barna sz\u00edn\u0171 kivitel ide\u00e1lis v\u00e1laszt\u00e1s azok sz\u00e1m\u00e1ra, akik egy meleg \u00e9s term\u00e9szetk\u00f6zeli atmoszf\u00e9r\u00e1t szeretn\u00e9nek megteremteni. A fat\u00fczel\u00e9s\u0171 k\u00e1lyha lehet\u0151v\u00e9 teszi, hogy a t\u0171z l\u00e1ngjainak var\u00e1zs\u00e1ban \u00e9lvezhesse a hideg t\u00e9li napokat. Az \u0150nt\u0151tvas ajt\u00f3 h\u0151\u00e1ll\u00f3 \u00fcveggel \u00e9s az \u00f6ntv\u00e9ny l\u00e1bak egy\u00fcttese nemcsak tart\u00f3ss\u00e1got biztos\u00edt, hanem a klasszikus megjelen\u00e9st is meger\u0151s\u00edti. A Cser\u00e9p burkolat pedig t\u00f6k\u00e9letesen harmoniz\u00e1l az eleg\u00e1ns k\u00fclsej\u0171 k\u00e1lyh\u00e1val. A 120 mm-es f\u00fcstcs\u0151 m\u00e9rete \u00e9s a bal-jobb f\u00fcstkivezet\u00e9s lehet\u0151s\u00e9ge rugalmas elhelyez\u00e9st tesz lehet\u0151v\u00e9 a k\u00e1lyh\u00e1nak az adott helyis\u00e9gben, \u00edgy k\u00f6nnyen illeszthet\u0151 b\u00e1rmilyen t\u00e9rbe. A 10kW-os teljes\u00edtm\u00e9ny lehet\u0151v\u00e9 teszi, hogy gyorsan \u00e9s hat\u00e9konyan meleg\u00edtse fel a k\u00f6rnyez\u0151 leveg\u0151t, \u00edgy kellemes h\u0151\u00e9rzetet biztos\u00edt az adott helyis\u00e9gben. A term\u00e9k 107 cm hossz\u00fas\u00e1g\u00fa \u00e9s 48 cm m\u00e9lys\u00e9g\u0171, m\u00edg magass\u00e1ga 98-100 &hellip; <a href=\"https:\/\/esemineu.ro\/hu\/termek\/premium-natur-csiko-cserepkalyha-fatuzelesu-cserepkalyha-jobbos-balos-kivitel-10kw\/\">Folytatva<\/a><\/p>\n","protected":false},"featured_media":21902,"comment_status":"open","ping_status":"closed","template":"","meta":[],"product_brand":[],"product_cat":[1678,729],"product_tag":[],"class_list":{"0":"post-4572","1":"product","2":"type-product","3":"status-publish","4":"has-post-thumbnail","6":"product_cat-csiko","7":"product_cat-hordozhato-cserepkalyhak","8":"product_shipping_class-csempekalyhak","9":"pa_combustibil-utilizat-brikett","10":"pa_combustibil-utilizat-tuzifa","11":"pa_culoare-maro-natur-hu","12":"pa_diametru-racordului-la-cos-120-mm-hu","13":"pa_evacuare-fum-bal","14":"pa_evacuare-fum-jobb","15":"pa_material-teracota-hu","16":"pa_material-ontotvas-ajto-hoallo-uveggel","17":"pa_material-ontveny-labak","18":"pa_model-csiko-hu","19":"pa_putere-10-kw-hu","20":"pa_randament-94-hu","21":"pa_suprafata-incalzita-mp-55-60-hu","22":"producer-teramix","24":"first","25":"instock","26":"shipping-taxable","27":"purchasable","28":"product-type-variable"},"acf":[],"yoast_head":"<!-- This site is optimized with the Yoast SEO Premium plugin v21.0 (Yoast SEO v27.3) - https:\/\/yoast.com\/product\/yoast-seo-premium-wordpress\/ -->\n<title>Pr\u00e9mium Natur Csik\u00f3 cser\u00e9pk\u00e1lyha | eSemineu.ro<\/title>\n<meta name=\"description\" content=\"Pr\u00e9mium Natur Csik\u00f3 cser\u00e9pk\u00e1lyha, balos\/jobbos f\u00fcstkivitel lehet\u0151s\u00e9g. Min\u0151s\u00e9gi, fat\u00fczel\u00e9s\u0171 cser\u00e9pk\u00e1lyha \u00f6nt\u00f6ttvas l\u00e1bakkal \u00e9s s\u00fct\u0151vel | eSemineu.ro\" \/>\n<meta name=\"robots\" content=\"index, follow, max-snippet:-1, max-image-preview:large, max-video-preview:-1\" \/>\n<link rel=\"canonical\" href=\"https:\/\/esemineu.ro\/hu\/termek\/premium-natur-csiko-cserepkalyha-fatuzelesu-cserepkalyha-jobbos-balos-kivitel-10kw\/\" \/>\n<meta property=\"og:locale\" content=\"hu_HU\" \/>\n<meta property=\"og:type\" content=\"article\" \/>\n<meta property=\"og:title\" content=\"Pr\u00e9mium Natur Csik\u00f3 cser\u00e9pk\u00e1lyha | eSemineu.ro\" \/>\n<meta property=\"og:description\" content=\"Pr\u00e9mium Natur Csik\u00f3 cser\u00e9pk\u00e1lyha, balos\/jobbos f\u00fcstkivitel lehet\u0151s\u00e9g. Min\u0151s\u00e9gi, fat\u00fczel\u00e9s\u0171 cser\u00e9pk\u00e1lyha \u00f6nt\u00f6ttvas l\u00e1bakkal \u00e9s s\u00fct\u0151vel | eSemineu.ro\" \/>\n<meta property=\"og:url\" content=\"https:\/\/esemineu.ro\/hu\/termek\/premium-natur-csiko-cserepkalyha-fatuzelesu-cserepkalyha-jobbos-balos-kivitel-10kw\/\" \/>\n<meta property=\"og:site_name\" content=\"eSemineu\" \/>\n<meta property=\"article:publisher\" content=\"https:\/\/web.facebook.com\/eSemineu\" \/>\n<meta property=\"article:modified_time\" content=\"2025-12-30T10:28:55+00:00\" \/>\n<meta property=\"og:image\" content=\"https:\/\/esemineu.ro\/wp-content\/uploads\/2023\/02\/CIZMA-MARE-TM-NATUR-LANDING-FRONT.jpg\" \/>\n\t<meta property=\"og:image:width\" content=\"1000\" \/>\n\t<meta property=\"og:image:height\" content=\"1000\" \/>\n\t<meta property=\"og:image:type\" content=\"image\/jpeg\" \/>\n<meta name=\"twitter:card\" content=\"summary_large_image\" \/>\n<meta name=\"twitter:label1\" content=\"Becs\u00fclt olvas\u00e1si id\u0151\" \/>\n\t<meta name=\"twitter:data1\" content=\"4 perc\" \/>\n<script type=\"application\/ld+json\" class=\"yoast-schema-graph\">{\"@context\":\"https:\\\/\\\/schema.org\",\"@graph\":[{\"@type\":\"WebPage\",\"@id\":\"https:\\\/\\\/esemineu.ro\\\/hu\\\/termek\\\/premium-natur-csiko-cserepkalyha-fatuzelesu-cserepkalyha-jobbos-balos-kivitel-10kw\\\/\",\"url\":\"https:\\\/\\\/esemineu.ro\\\/hu\\\/termek\\\/premium-natur-csiko-cserepkalyha-fatuzelesu-cserepkalyha-jobbos-balos-kivitel-10kw\\\/\",\"name\":\"Pr\u00e9mium Natur Csik\u00f3 cser\u00e9pk\u00e1lyha | eSemineu.ro\",\"isPartOf\":{\"@id\":\"https:\\\/\\\/esemineu.ro\\\/hu\\\/#website\"},\"primaryImageOfPage\":{\"@id\":\"https:\\\/\\\/esemineu.ro\\\/hu\\\/termek\\\/premium-natur-csiko-cserepkalyha-fatuzelesu-cserepkalyha-jobbos-balos-kivitel-10kw\\\/#primaryimage\"},\"image\":{\"@id\":\"https:\\\/\\\/esemineu.ro\\\/hu\\\/termek\\\/premium-natur-csiko-cserepkalyha-fatuzelesu-cserepkalyha-jobbos-balos-kivitel-10kw\\\/#primaryimage\"},\"thumbnailUrl\":\"https:\\\/\\\/esemineu.ro\\\/wp-content\\\/uploads\\\/2023\\\/02\\\/CIZMA-MARE-TM-NATUR-LANDING-FRONT.jpg\",\"datePublished\":\"2023-02-10T04:24:22+00:00\",\"dateModified\":\"2025-12-30T10:28:55+00:00\",\"description\":\"Pr\u00e9mium Natur Csik\u00f3 cser\u00e9pk\u00e1lyha, balos\\\/jobbos f\u00fcstkivitel lehet\u0151s\u00e9g. Min\u0151s\u00e9gi, fat\u00fczel\u00e9s\u0171 cser\u00e9pk\u00e1lyha \u00f6nt\u00f6ttvas l\u00e1bakkal \u00e9s s\u00fct\u0151vel | eSemineu.ro\",\"breadcrumb\":{\"@id\":\"https:\\\/\\\/esemineu.ro\\\/hu\\\/termek\\\/premium-natur-csiko-cserepkalyha-fatuzelesu-cserepkalyha-jobbos-balos-kivitel-10kw\\\/#breadcrumb\"},\"inLanguage\":\"hu\",\"potentialAction\":[{\"@type\":\"ReadAction\",\"target\":[\"https:\\\/\\\/esemineu.ro\\\/hu\\\/termek\\\/premium-natur-csiko-cserepkalyha-fatuzelesu-cserepkalyha-jobbos-balos-kivitel-10kw\\\/\"]}]},{\"@type\":\"ImageObject\",\"inLanguage\":\"hu\",\"@id\":\"https:\\\/\\\/esemineu.ro\\\/hu\\\/termek\\\/premium-natur-csiko-cserepkalyha-fatuzelesu-cserepkalyha-jobbos-balos-kivitel-10kw\\\/#primaryimage\",\"url\":\"https:\\\/\\\/esemineu.ro\\\/wp-content\\\/uploads\\\/2023\\\/02\\\/CIZMA-MARE-TM-NATUR-LANDING-FRONT.jpg\",\"contentUrl\":\"https:\\\/\\\/esemineu.ro\\\/wp-content\\\/uploads\\\/2023\\\/02\\\/CIZMA-MARE-TM-NATUR-LANDING-FRONT.jpg\",\"width\":1000,\"height\":1000,\"caption\":\"Teracot\u0103 Premium tip cizm\u0103 Maro\\\/Natur\"},{\"@type\":\"BreadcrumbList\",\"@id\":\"https:\\\/\\\/esemineu.ro\\\/hu\\\/termek\\\/premium-natur-csiko-cserepkalyha-fatuzelesu-cserepkalyha-jobbos-balos-kivitel-10kw\\\/#breadcrumb\",\"itemListElement\":[{\"@type\":\"ListItem\",\"position\":1,\"name\":\"Kezd\u0151lap\",\"item\":\"https:\\\/\\\/esemineu.ro\\\/hu\\\/\"},{\"@type\":\"ListItem\",\"position\":2,\"name\":\"\u00c1ruh\u00e1z\",\"item\":\"https:\\\/\\\/esemineu.ro\\\/hu\\\/aruhaz\\\/\"},{\"@type\":\"ListItem\",\"position\":3,\"name\":\"Pr\u00e9mium Natur Csik\u00f3 cser\u00e9pk\u00e1lyha, Fat\u00fczel\u00e9s\u0171 cser\u00e9pk\u00e1lyha jobbos-balos kivitel, 10kW\"}]},{\"@type\":\"WebSite\",\"@id\":\"https:\\\/\\\/esemineu.ro\\\/hu\\\/#website\",\"url\":\"https:\\\/\\\/esemineu.ro\\\/hu\\\/\",\"name\":\"eSemineu\",\"description\":\"\u0218eminee de cea mai \u00eenalt\u0103 calitate\",\"potentialAction\":[{\"@type\":\"SearchAction\",\"target\":{\"@type\":\"EntryPoint\",\"urlTemplate\":\"https:\\\/\\\/esemineu.ro\\\/hu\\\/?s={search_term_string}\"},\"query-input\":{\"@type\":\"PropertyValueSpecification\",\"valueRequired\":true,\"valueName\":\"search_term_string\"}}],\"inLanguage\":\"hu\"}]}<\/script>\n<!-- \/ Yoast SEO Premium plugin. -->","yoast_head_json":{"title":"Pr\u00e9mium Natur Csik\u00f3 cser\u00e9pk\u00e1lyha | eSemineu.ro","description":"Pr\u00e9mium Natur Csik\u00f3 cser\u00e9pk\u00e1lyha, balos\/jobbos f\u00fcstkivitel lehet\u0151s\u00e9g. Min\u0151s\u00e9gi, fat\u00fczel\u00e9s\u0171 cser\u00e9pk\u00e1lyha \u00f6nt\u00f6ttvas l\u00e1bakkal \u00e9s s\u00fct\u0151vel | eSemineu.ro","robots":{"index":"index","follow":"follow","max-snippet":"max-snippet:-1","max-image-preview":"max-image-preview:large","max-video-preview":"max-video-preview:-1"},"canonical":"https:\/\/esemineu.ro\/hu\/termek\/premium-natur-csiko-cserepkalyha-fatuzelesu-cserepkalyha-jobbos-balos-kivitel-10kw\/","og_locale":"hu_HU","og_type":"article","og_title":"Pr\u00e9mium Natur Csik\u00f3 cser\u00e9pk\u00e1lyha | eSemineu.ro","og_description":"Pr\u00e9mium Natur Csik\u00f3 cser\u00e9pk\u00e1lyha, balos\/jobbos f\u00fcstkivitel lehet\u0151s\u00e9g. Min\u0151s\u00e9gi, fat\u00fczel\u00e9s\u0171 cser\u00e9pk\u00e1lyha \u00f6nt\u00f6ttvas l\u00e1bakkal \u00e9s s\u00fct\u0151vel | eSemineu.ro","og_url":"https:\/\/esemineu.ro\/hu\/termek\/premium-natur-csiko-cserepkalyha-fatuzelesu-cserepkalyha-jobbos-balos-kivitel-10kw\/","og_site_name":"eSemineu","article_publisher":"https:\/\/web.facebook.com\/eSemineu","article_modified_time":"2025-12-30T10:28:55+00:00","og_image":[{"width":1000,"height":1000,"url":"https:\/\/esemineu.ro\/wp-content\/uploads\/2023\/02\/CIZMA-MARE-TM-NATUR-LANDING-FRONT.jpg","type":"image\/jpeg"}],"twitter_card":"summary_large_image","twitter_misc":{"Becs\u00fclt olvas\u00e1si id\u0151":"4 perc"},"schema":{"@context":"https:\/\/schema.org","@graph":[{"@type":"WebPage","@id":"https:\/\/esemineu.ro\/hu\/termek\/premium-natur-csiko-cserepkalyha-fatuzelesu-cserepkalyha-jobbos-balos-kivitel-10kw\/","url":"https:\/\/esemineu.ro\/hu\/termek\/premium-natur-csiko-cserepkalyha-fatuzelesu-cserepkalyha-jobbos-balos-kivitel-10kw\/","name":"Pr\u00e9mium Natur Csik\u00f3 cser\u00e9pk\u00e1lyha | eSemineu.ro","isPartOf":{"@id":"https:\/\/esemineu.ro\/hu\/#website"},"primaryImageOfPage":{"@id":"https:\/\/esemineu.ro\/hu\/termek\/premium-natur-csiko-cserepkalyha-fatuzelesu-cserepkalyha-jobbos-balos-kivitel-10kw\/#primaryimage"},"image":{"@id":"https:\/\/esemineu.ro\/hu\/termek\/premium-natur-csiko-cserepkalyha-fatuzelesu-cserepkalyha-jobbos-balos-kivitel-10kw\/#primaryimage"},"thumbnailUrl":"https:\/\/esemineu.ro\/wp-content\/uploads\/2023\/02\/CIZMA-MARE-TM-NATUR-LANDING-FRONT.jpg","datePublished":"2023-02-10T04:24:22+00:00","dateModified":"2025-12-30T10:28:55+00:00","description":"Pr\u00e9mium Natur Csik\u00f3 cser\u00e9pk\u00e1lyha, balos\/jobbos f\u00fcstkivitel lehet\u0151s\u00e9g. Min\u0151s\u00e9gi, fat\u00fczel\u00e9s\u0171 cser\u00e9pk\u00e1lyha \u00f6nt\u00f6ttvas l\u00e1bakkal \u00e9s s\u00fct\u0151vel | eSemineu.ro","breadcrumb":{"@id":"https:\/\/esemineu.ro\/hu\/termek\/premium-natur-csiko-cserepkalyha-fatuzelesu-cserepkalyha-jobbos-balos-kivitel-10kw\/#breadcrumb"},"inLanguage":"hu","potentialAction":[{"@type":"ReadAction","target":["https:\/\/esemineu.ro\/hu\/termek\/premium-natur-csiko-cserepkalyha-fatuzelesu-cserepkalyha-jobbos-balos-kivitel-10kw\/"]}]},{"@type":"ImageObject","inLanguage":"hu","@id":"https:\/\/esemineu.ro\/hu\/termek\/premium-natur-csiko-cserepkalyha-fatuzelesu-cserepkalyha-jobbos-balos-kivitel-10kw\/#primaryimage","url":"https:\/\/esemineu.ro\/wp-content\/uploads\/2023\/02\/CIZMA-MARE-TM-NATUR-LANDING-FRONT.jpg","contentUrl":"https:\/\/esemineu.ro\/wp-content\/uploads\/2023\/02\/CIZMA-MARE-TM-NATUR-LANDING-FRONT.jpg","width":1000,"height":1000,"caption":"Teracot\u0103 Premium tip cizm\u0103 Maro\/Natur"},{"@type":"BreadcrumbList","@id":"https:\/\/esemineu.ro\/hu\/termek\/premium-natur-csiko-cserepkalyha-fatuzelesu-cserepkalyha-jobbos-balos-kivitel-10kw\/#breadcrumb","itemListElement":[{"@type":"ListItem","position":1,"name":"Kezd\u0151lap","item":"https:\/\/esemineu.ro\/hu\/"},{"@type":"ListItem","position":2,"name":"\u00c1ruh\u00e1z","item":"https:\/\/esemineu.ro\/hu\/aruhaz\/"},{"@type":"ListItem","position":3,"name":"Pr\u00e9mium Natur Csik\u00f3 cser\u00e9pk\u00e1lyha, Fat\u00fczel\u00e9s\u0171 cser\u00e9pk\u00e1lyha jobbos-balos kivitel, 10kW"}]},{"@type":"WebSite","@id":"https:\/\/esemineu.ro\/hu\/#website","url":"https:\/\/esemineu.ro\/hu\/","name":"eSemineu","description":"\u0218eminee de cea mai \u00eenalt\u0103 calitate","potentialAction":[{"@type":"SearchAction","target":{"@type":"EntryPoint","urlTemplate":"https:\/\/esemineu.ro\/hu\/?s={search_term_string}"},"query-input":{"@type":"PropertyValueSpecification","valueRequired":true,"valueName":"search_term_string"}}],"inLanguage":"hu"}]}},"_links":{"self":[{"href":"https:\/\/esemineu.ro\/hu\/wp-json\/wp\/v2\/product\/4572","targetHints":{"allow":["GET"]}}],"collection":[{"href":"https:\/\/esemineu.ro\/hu\/wp-json\/wp\/v2\/product"}],"about":[{"href":"https:\/\/esemineu.ro\/hu\/wp-json\/wp\/v2\/types\/product"}],"replies":[{"embeddable":true,"href":"https:\/\/esemineu.ro\/hu\/wp-json\/wp\/v2\/comments?post=4572"}],"wp:featuredmedia":[{"embeddable":true,"href":"https:\/\/esemineu.ro\/hu\/wp-json\/wp\/v2\/media\/21902"}],"wp:attachment":[{"href":"https:\/\/esemineu.ro\/hu\/wp-json\/wp\/v2\/media?parent=4572"}],"wp:term":[{"taxonomy":"product_brand","embeddable":true,"href":"https:\/\/esemineu.ro\/hu\/wp-json\/wp\/v2\/product_brand?post=4572"},{"taxonomy":"product_cat","embeddable":true,"href":"https:\/\/esemineu.ro\/hu\/wp-json\/wp\/v2\/product_cat?post=4572"},{"taxonomy":"product_tag","embeddable":true,"href":"https:\/\/esemineu.ro\/hu\/wp-json\/wp\/v2\/product_tag?post=4572"}],"curies":[{"name":"wp","href":"https:\/\/api.w.org\/{rel}","templated":true}]}}