{"id":4543,"date":"2023-02-17T07:53:35","date_gmt":"2023-02-17T04:53:35","guid":{"rendered":"https:\/\/esemineu.ro\/product\/teracota-norbo-maro-usa-fonta\/"},"modified":"2025-11-14T14:36:29","modified_gmt":"2025-11-14T12:36:29","slug":"norbo-fozo-cserepkalyha-ezust-vasalattal-ontottvas-ajtoval-barna-acel-keretbe-epitve-10kw","status":"publish","type":"product","link":"https:\/\/esemineu.ro\/hu\/termek\/norbo-fozo-cserepkalyha-ezust-vasalattal-ontottvas-ajtoval-barna-acel-keretbe-epitve-10kw\/","title":{"rendered":"Norbo f\u0151z\u0151 cser\u00e9pk\u00e1lyha ez\u00fcst vasalattal, \u00d6nt\u00f6ttvas ajt\u00f3val Barna ac\u00e9l keretbe \u00e9p\u00edtve 10kW"},"content":{"rendered":"<p>Norbo f\u0151z\u0151 cser\u00e9pk\u00e1lyha ez\u00fcst vasalattal<\/p>\n<p>A Norbo f\u0151z\u0151 cser\u00e9pk\u00e1lyha ez\u00fcst vasalattal \u00e9s barna ac\u00e9l kerettel t\u00f6k\u00e9letes v\u00e1laszt\u00e1s az otthon meleg\u00e9nek \u00e9s k\u00e9nyelm\u00e9nek biztos\u00edt\u00e1s\u00e1ra. Ez a 10kW-os fat\u00fczel\u00e9s\u0171 k\u00e1lyha egyszerre biztos\u00edt praktikus f\u0171t\u00e9st \u00e9s lehet\u0151s\u00e9get a f\u0151z\u00e9sre, \u00edgy a hideg napokon nemcsak melegen tarthatja otthon\u00e1t, hanem finom \u00e9teleket is elk\u00e9sz\u00edthet.<\/p>\n<p>A cser\u00e9pk\u00e1lyha sz\u00ednvil\u00e1ga az eleg\u00e1ns ez\u00fcst \u00e9s a meleg s\u00f6t\u00e9tbarna kombin\u00e1ci\u00f3j\u00e1b\u00f3l \u00e1ll, \u00edgy t\u00f6k\u00e9letesen illeszkedik b\u00e1rmilyen enteri\u0151rbe \u00e9s st\u00edlusba. Az \u00f6ntv\u00e9ny l\u00e1bak, ajt\u00f3k, f\u0151z\u0151lap, tet\u0151 \u00e9s f\u00fcstcs\u0151 kivezet\u00e9s a min\u0151s\u00e9g \u00e9s a tart\u00f3ss\u00e1g jelk\u00e9pei, m\u00edg a k\u00e1lyhacsemp\u00e9k pedig tov\u00e1bb emelik a k\u00e1lyha megjelen\u00e9s\u00e9t.<\/p>\n<p>A f\u00fcstcs\u0151 m\u00e9rete 120 mm, ami optim\u00e1lis f\u00fcstelvezet\u00e9st biztos\u00edt, \u00edgy hat\u00e9konyan m\u0171k\u00f6dik a k\u00e1lyha. A k\u00e1lyha k\u00e9toldali f\u00fcstkivezet\u00e9si lehet\u0151s\u00e9ggel rendelkezik, \u00edgy balra \u00e9s jobbra is elvezethet\u0151 a f\u00fcst a lak\u00e1s elrendez\u00e9s\u00e9t\u0151l f\u00fcgg\u0151en.<\/p>\n<p>A k\u00e1lyha m\u00e9retei 1050 mm hossz\u00fas\u00e1gban, 610 mm m\u00e9lys\u00e9gben \u00e9s 760 mm magass\u00e1gban \u00e9rhet\u0151ek el, a s\u00falya pedig 190 kg, ami stabilit\u00e1st \u00e9s megb\u00edzhat\u00f3s\u00e1got garant\u00e1l a k\u00e1lyh\u00e1nak.<\/p>\n<p>A Norbo f\u0151z\u0151 cser\u00e9pk\u00e1lyha a brikett, sz\u00e9n \u00e9s t\u0171zifa haszn\u00e1lat\u00e1val k\u00f6nnyen \u00e9s hat\u00e9konyan m\u0171k\u00f6dtethet\u0151, \u00edgy mindennapi haszn\u00e1latra \u00e9s a hangulatos t\u0171z \u00e9lvezet\u00e9re is t\u00f6k\u00e9letes v\u00e1laszt\u00e1s. A f\u0151z\u0151lap lehet\u0151s\u00e9get biztos\u00edt az \u00e9telk\u00e9sz\u00edt\u00e9shez, m\u00edg az \u00f6nt\u00f6ttvas ajt\u00f3 a t\u0171z l\u00e1tv\u00e1ny\u00e1nak \u00e9lvezet\u00e9t n\u00f6veli.<\/p>\n<p>Ha keres egy st\u00edlusos, megb\u00edzhat\u00f3 \u00e9s multifunkcion\u00e1lis fat\u00fczel\u00e9s\u0171 cser\u00e9pk\u00e1lyh\u00e1t otthona sz\u00e1m\u00e1ra, akkor a Norbo f\u0151z\u0151 cser\u00e9pk\u00e1lyha ide\u00e1lis v\u00e1laszt\u00e1s lehet. A kiv\u00e1l\u00f3 min\u0151s\u00e9g\u0171 anyagokb\u00f3l k\u00e9sz\u00fclt, eszt\u00e9tikus \u00e9s hat\u00e9kony k\u00e1lyha nemcsak meleg otthonr\u00f3l, hanem kulin\u00e1ris \u00e9lm\u00e9nyekr\u0151l is gondoskodik.<\/p>\n<p>Fontos megjegyezni, hogy a t\u0171zhely hullad\u00e9k \u00e9get\u00e9s\u00e9re nem alkalmas, kiz\u00e1r\u00f3lag f\u0171t\u00e9sre \u00e9s f\u0151z\u00e9sre haszn\u00e1lhat\u00f3. Az ilyen hullad\u00e9k \u00e9get\u00e9sekor a cser\u00e9pk\u00e1lyha f\u00fcstkivezet\u0151 ny\u00edl\u00e1sa k\u00f6nnyen elt\u00f6m\u0151dhet, ez\u00e9rt aj\u00e1nlott kiz\u00e1r\u00f3lag megfelel\u0151 anyagokat \u00e9getni benne.<\/p>\n<h6>Sz\u00e1ll\u00edt\u00e1si hat\u00e1rid\u0151:<\/h6>\n<ul>\n<li><strong>Magyarorsz\u00e1g \u00e9s az eg\u00e9sz Eur\u00f3pai Uni\u00f3 ter\u00fclet\u00e9n<\/strong>\u00a0is sz\u00e1ll\u00edtjuk.<\/li>\n<li>Rom\u00e1ni\u00e1ba 2-3 munkanap alatt sz\u00e1ll\u00edtjuk<\/li>\n<li>Magyarorsz\u00e1gra \u00e9s az EU ter\u00fclet\u00e9re az \u00e1tutal\u00e1s ut\u00e1n 5 munkanapon bel\u00fcl \u00e9rkezik meg a term\u00e9k.<\/li>\n<\/ul>\n<p>Ha b\u00e1rmilyen k\u00e9rd\u00e9se van, k\u00e9rj\u00fck, l\u00e9pjen kapcsolatba vel\u00fcnk.<\/p>\n<p>Tov\u00e1bbi aj\u00e1nlatok\u00e9rt kattintson\u00a0<a href=\"https:\/\/esemineu.ro\/hu\/termek-kategoria\/hordozhato-cserepkalyhak\/\">ide<\/a><\/p>\n<p>T\u0151bb inform\u00e1ci\u00f3\u00e9rt l\u00e1togasson el\u00a0<a href=\"https:\/\/www.youtube.com\/@esemineuromania\">YouTube<\/a>-csatorn\u00e1nkra, valamint\u00a0<a href=\"https:\/\/www.facebook.com\/eSemineu\">Facebook<\/a>\u00a0\u00e9s\u00a0<a href=\"https:\/\/www.instagram.com\/esemineu\/\">Instagram<\/a>\u00a0oldalainkra.<\/p>\n<p><a href=\"https:\/\/esemineu.ro\/\">eSemineu.ro<\/a>\u00a0 \u00a0Te rakod a t\u0171zet, mi adjuk a meleget!<\/p>\n","protected":false},"excerpt":{"rendered":"<p>Norbo f\u0151z\u0151 cser\u00e9pk\u00e1lyha ez\u00fcst vasalattal A Norbo f\u0151z\u0151 cser\u00e9pk\u00e1lyha ez\u00fcst vasalattal \u00e9s barna ac\u00e9l kerettel t\u00f6k\u00e9letes v\u00e1laszt\u00e1s az otthon meleg\u00e9nek \u00e9s k\u00e9nyelm\u00e9nek biztos\u00edt\u00e1s\u00e1ra. Ez a 10kW-os fat\u00fczel\u00e9s\u0171 k\u00e1lyha egyszerre biztos\u00edt praktikus f\u0171t\u00e9st \u00e9s lehet\u0151s\u00e9get a f\u0151z\u00e9sre, \u00edgy a hideg napokon nemcsak melegen tarthatja otthon\u00e1t, hanem finom \u00e9teleket is elk\u00e9sz\u00edthet. A cser\u00e9pk\u00e1lyha sz\u00ednvil\u00e1ga az eleg\u00e1ns ez\u00fcst \u00e9s a meleg s\u00f6t\u00e9tbarna kombin\u00e1ci\u00f3j\u00e1b\u00f3l \u00e1ll, \u00edgy t\u00f6k\u00e9letesen illeszkedik b\u00e1rmilyen enteri\u0151rbe \u00e9s st\u00edlusba. Az \u00f6ntv\u00e9ny l\u00e1bak, ajt\u00f3k, f\u0151z\u0151lap, tet\u0151 \u00e9s f\u00fcstcs\u0151 kivezet\u00e9s a min\u0151s\u00e9g \u00e9s a tart\u00f3ss\u00e1g jelk\u00e9pei, m\u00edg a k\u00e1lyhacsemp\u00e9k pedig tov\u00e1bb emelik a k\u00e1lyha megjelen\u00e9s\u00e9t. A f\u00fcstcs\u0151 m\u00e9rete 120 mm, ami optim\u00e1lis f\u00fcstelvezet\u00e9st biztos\u00edt, \u00edgy hat\u00e9konyan m\u0171k\u00f6dik a k\u00e1lyha. A k\u00e1lyha k\u00e9toldali f\u00fcstkivezet\u00e9si lehet\u0151s\u00e9ggel rendelkezik, \u00edgy balra \u00e9s jobbra is elvezethet\u0151 a f\u00fcst a lak\u00e1s elrendez\u00e9s\u00e9t\u0151l f\u00fcgg\u0151en. A k\u00e1lyha m\u00e9retei 1050 mm hossz\u00fas\u00e1gban, 610 mm m\u00e9lys\u00e9gben \u00e9s 760 mm magass\u00e1gban \u00e9rhet\u0151ek el, a s\u00falya pedig 190 kg, ami stabilit\u00e1st \u00e9s megb\u00edzhat\u00f3s\u00e1got garant\u00e1l a &hellip; <a href=\"https:\/\/esemineu.ro\/hu\/termek\/norbo-fozo-cserepkalyha-ezust-vasalattal-ontottvas-ajtoval-barna-acel-keretbe-epitve-10kw\/\">Folytatva<\/a><\/p>\n","protected":false},"featured_media":22475,"comment_status":"open","ping_status":"closed","template":"","meta":[],"product_brand":[],"product_cat":[1682,729],"product_tag":[],"class_list":{"0":"post-4543","1":"product","2":"type-product","3":"status-publish","4":"has-post-thumbnail","6":"product_cat-fozo","7":"product_cat-hordozhato-cserepkalyhak","8":"product_shipping_class-csempekalyhak","9":"pa_combustibil-utilizat-brikett","10":"pa_combustibil-utilizat-tuzifa-hu","11":"pa_culoare-sotet-barna","12":"pa_diametru-racordului-la-cos-120-mm-hu","13":"pa_evacuare-fum-bal","14":"pa_evacuare-fum-jobb","15":"pa_material-teracota-hu","16":"pa_material-ontveny-ajtok","17":"pa_material-ontveny-fozolap","18":"pa_material-ontveny-labak","19":"pa_model-asztal-tipusu-hu","20":"pa_putere-10-kw-hu","21":"pa_randament-94-hu","22":"pa_suprafata-incalzita-mp-55-60-hu","23":"producer-norbo","25":"first","26":"instock","27":"shipping-taxable","28":"purchasable","29":"product-type-variable"},"acf":[],"yoast_head":"<!-- This site is optimized with the Yoast SEO Premium plugin v21.0 (Yoast SEO v27.3) - https:\/\/yoast.com\/product\/yoast-seo-premium-wordpress\/ -->\n<title>Norbo f\u0151z\u0151 cser\u00e9pk\u00e1lyha ez\u00fcst vasalattal, 10 kW | eSemineu.ro<\/title>\n<meta name=\"description\" content=\"Norbo f\u0151z\u0151 cser\u00e9pk\u00e1lyha ez\u00fcst vasalattal, \u0150nt\u0151tvas ajt\u00f3val Barna ac\u00e9l keret ben \u00e9p\u00edtve 10kW, F\u00e1val t\u00fczel\u0151s cser\u00e9pk\u00e1lyha \u00f6nt\u00f6ttvas l\u00e1bakkal | eSemineu.ro\" \/>\n<meta name=\"robots\" content=\"index, follow, max-snippet:-1, max-image-preview:large, max-video-preview:-1\" \/>\n<link rel=\"canonical\" href=\"https:\/\/esemineu.ro\/hu\/termek\/norbo-fozo-cserepkalyha-ezust-vasalattal-ontottvas-ajtoval-barna-acel-keretbe-epitve-10kw\/\" \/>\n<meta property=\"og:locale\" content=\"hu_HU\" \/>\n<meta property=\"og:type\" content=\"article\" \/>\n<meta property=\"og:title\" content=\"Norbo f\u0151z\u0151 cser\u00e9pk\u00e1lyha ez\u00fcst vasalattal, 10 kW | eSemineu.ro\" \/>\n<meta property=\"og:description\" content=\"Norbo f\u0151z\u0151 cser\u00e9pk\u00e1lyha ez\u00fcst vasalattal, \u0150nt\u0151tvas ajt\u00f3val Barna ac\u00e9l keret ben \u00e9p\u00edtve 10kW, F\u00e1val t\u00fczel\u0151s cser\u00e9pk\u00e1lyha \u00f6nt\u00f6ttvas l\u00e1bakkal | eSemineu.ro\" \/>\n<meta property=\"og:url\" content=\"https:\/\/esemineu.ro\/hu\/termek\/norbo-fozo-cserepkalyha-ezust-vasalattal-ontottvas-ajtoval-barna-acel-keretbe-epitve-10kw\/\" \/>\n<meta property=\"og:site_name\" content=\"eSemineu\" \/>\n<meta property=\"article:publisher\" content=\"https:\/\/web.facebook.com\/eSemineu\" \/>\n<meta property=\"article:modified_time\" content=\"2025-11-14T12:36:29+00:00\" \/>\n<meta property=\"og:image\" content=\"https:\/\/esemineu.ro\/wp-content\/uploads\/2023\/02\/NORBO-ARGINTIU.jpg\" \/>\n\t<meta property=\"og:image:width\" content=\"1000\" \/>\n\t<meta property=\"og:image:height\" content=\"1000\" \/>\n\t<meta property=\"og:image:type\" content=\"image\/jpeg\" \/>\n<meta name=\"twitter:card\" content=\"summary_large_image\" \/>\n<meta name=\"twitter:label1\" content=\"Becs\u00fclt olvas\u00e1si id\u0151\" \/>\n\t<meta name=\"twitter:data1\" content=\"4 perc\" \/>\n<script type=\"application\/ld+json\" class=\"yoast-schema-graph\">{\"@context\":\"https:\\\/\\\/schema.org\",\"@graph\":[{\"@type\":\"WebPage\",\"@id\":\"https:\\\/\\\/esemineu.ro\\\/hu\\\/termek\\\/norbo-fozo-cserepkalyha-ezust-vasalattal-ontottvas-ajtoval-barna-acel-keretbe-epitve-10kw\\\/\",\"url\":\"https:\\\/\\\/esemineu.ro\\\/hu\\\/termek\\\/norbo-fozo-cserepkalyha-ezust-vasalattal-ontottvas-ajtoval-barna-acel-keretbe-epitve-10kw\\\/\",\"name\":\"Norbo f\u0151z\u0151 cser\u00e9pk\u00e1lyha ez\u00fcst vasalattal, 10 kW | eSemineu.ro\",\"isPartOf\":{\"@id\":\"https:\\\/\\\/esemineu.ro\\\/hu\\\/#website\"},\"primaryImageOfPage\":{\"@id\":\"https:\\\/\\\/esemineu.ro\\\/hu\\\/termek\\\/norbo-fozo-cserepkalyha-ezust-vasalattal-ontottvas-ajtoval-barna-acel-keretbe-epitve-10kw\\\/#primaryimage\"},\"image\":{\"@id\":\"https:\\\/\\\/esemineu.ro\\\/hu\\\/termek\\\/norbo-fozo-cserepkalyha-ezust-vasalattal-ontottvas-ajtoval-barna-acel-keretbe-epitve-10kw\\\/#primaryimage\"},\"thumbnailUrl\":\"https:\\\/\\\/esemineu.ro\\\/wp-content\\\/uploads\\\/2023\\\/02\\\/NORBO-ARGINTIU.jpg\",\"datePublished\":\"2023-02-17T04:53:35+00:00\",\"dateModified\":\"2025-11-14T12:36:29+00:00\",\"description\":\"Norbo f\u0151z\u0151 cser\u00e9pk\u00e1lyha ez\u00fcst vasalattal, \u0150nt\u0151tvas ajt\u00f3val Barna ac\u00e9l keret ben \u00e9p\u00edtve 10kW, F\u00e1val t\u00fczel\u0151s cser\u00e9pk\u00e1lyha \u00f6nt\u00f6ttvas l\u00e1bakkal | eSemineu.ro\",\"breadcrumb\":{\"@id\":\"https:\\\/\\\/esemineu.ro\\\/hu\\\/termek\\\/norbo-fozo-cserepkalyha-ezust-vasalattal-ontottvas-ajtoval-barna-acel-keretbe-epitve-10kw\\\/#breadcrumb\"},\"inLanguage\":\"hu\",\"potentialAction\":[{\"@type\":\"ReadAction\",\"target\":[\"https:\\\/\\\/esemineu.ro\\\/hu\\\/termek\\\/norbo-fozo-cserepkalyha-ezust-vasalattal-ontottvas-ajtoval-barna-acel-keretbe-epitve-10kw\\\/\"]}]},{\"@type\":\"ImageObject\",\"inLanguage\":\"hu\",\"@id\":\"https:\\\/\\\/esemineu.ro\\\/hu\\\/termek\\\/norbo-fozo-cserepkalyha-ezust-vasalattal-ontottvas-ajtoval-barna-acel-keretbe-epitve-10kw\\\/#primaryimage\",\"url\":\"https:\\\/\\\/esemineu.ro\\\/wp-content\\\/uploads\\\/2023\\\/02\\\/NORBO-ARGINTIU.jpg\",\"contentUrl\":\"https:\\\/\\\/esemineu.ro\\\/wp-content\\\/uploads\\\/2023\\\/02\\\/NORBO-ARGINTIU.jpg\",\"width\":1000,\"height\":1000,\"caption\":\"Teracot\u0103 Norbo Maro u\u0219\u0103 font\u0103\"},{\"@type\":\"BreadcrumbList\",\"@id\":\"https:\\\/\\\/esemineu.ro\\\/hu\\\/termek\\\/norbo-fozo-cserepkalyha-ezust-vasalattal-ontottvas-ajtoval-barna-acel-keretbe-epitve-10kw\\\/#breadcrumb\",\"itemListElement\":[{\"@type\":\"ListItem\",\"position\":1,\"name\":\"Kezd\u0151lap\",\"item\":\"https:\\\/\\\/esemineu.ro\\\/hu\\\/\"},{\"@type\":\"ListItem\",\"position\":2,\"name\":\"\u00c1ruh\u00e1z\",\"item\":\"https:\\\/\\\/esemineu.ro\\\/hu\\\/aruhaz\\\/\"},{\"@type\":\"ListItem\",\"position\":3,\"name\":\"Norbo f\u0151z\u0151 cser\u00e9pk\u00e1lyha ez\u00fcst vasalattal, \u00d6nt\u00f6ttvas ajt\u00f3val Barna ac\u00e9l keretbe \u00e9p\u00edtve 10kW\"}]},{\"@type\":\"WebSite\",\"@id\":\"https:\\\/\\\/esemineu.ro\\\/hu\\\/#website\",\"url\":\"https:\\\/\\\/esemineu.ro\\\/hu\\\/\",\"name\":\"eSemineu\",\"description\":\"\u0218eminee de cea mai \u00eenalt\u0103 calitate\",\"potentialAction\":[{\"@type\":\"SearchAction\",\"target\":{\"@type\":\"EntryPoint\",\"urlTemplate\":\"https:\\\/\\\/esemineu.ro\\\/hu\\\/?s={search_term_string}\"},\"query-input\":{\"@type\":\"PropertyValueSpecification\",\"valueRequired\":true,\"valueName\":\"search_term_string\"}}],\"inLanguage\":\"hu\"}]}<\/script>\n<!-- \/ Yoast SEO Premium plugin. -->","yoast_head_json":{"title":"Norbo f\u0151z\u0151 cser\u00e9pk\u00e1lyha ez\u00fcst vasalattal, 10 kW | eSemineu.ro","description":"Norbo f\u0151z\u0151 cser\u00e9pk\u00e1lyha ez\u00fcst vasalattal, \u0150nt\u0151tvas ajt\u00f3val Barna ac\u00e9l keret ben \u00e9p\u00edtve 10kW, F\u00e1val t\u00fczel\u0151s cser\u00e9pk\u00e1lyha \u00f6nt\u00f6ttvas l\u00e1bakkal | eSemineu.ro","robots":{"index":"index","follow":"follow","max-snippet":"max-snippet:-1","max-image-preview":"max-image-preview:large","max-video-preview":"max-video-preview:-1"},"canonical":"https:\/\/esemineu.ro\/hu\/termek\/norbo-fozo-cserepkalyha-ezust-vasalattal-ontottvas-ajtoval-barna-acel-keretbe-epitve-10kw\/","og_locale":"hu_HU","og_type":"article","og_title":"Norbo f\u0151z\u0151 cser\u00e9pk\u00e1lyha ez\u00fcst vasalattal, 10 kW | eSemineu.ro","og_description":"Norbo f\u0151z\u0151 cser\u00e9pk\u00e1lyha ez\u00fcst vasalattal, \u0150nt\u0151tvas ajt\u00f3val Barna ac\u00e9l keret ben \u00e9p\u00edtve 10kW, F\u00e1val t\u00fczel\u0151s cser\u00e9pk\u00e1lyha \u00f6nt\u00f6ttvas l\u00e1bakkal | eSemineu.ro","og_url":"https:\/\/esemineu.ro\/hu\/termek\/norbo-fozo-cserepkalyha-ezust-vasalattal-ontottvas-ajtoval-barna-acel-keretbe-epitve-10kw\/","og_site_name":"eSemineu","article_publisher":"https:\/\/web.facebook.com\/eSemineu","article_modified_time":"2025-11-14T12:36:29+00:00","og_image":[{"width":1000,"height":1000,"url":"https:\/\/esemineu.ro\/wp-content\/uploads\/2023\/02\/NORBO-ARGINTIU.jpg","type":"image\/jpeg"}],"twitter_card":"summary_large_image","twitter_misc":{"Becs\u00fclt olvas\u00e1si id\u0151":"4 perc"},"schema":{"@context":"https:\/\/schema.org","@graph":[{"@type":"WebPage","@id":"https:\/\/esemineu.ro\/hu\/termek\/norbo-fozo-cserepkalyha-ezust-vasalattal-ontottvas-ajtoval-barna-acel-keretbe-epitve-10kw\/","url":"https:\/\/esemineu.ro\/hu\/termek\/norbo-fozo-cserepkalyha-ezust-vasalattal-ontottvas-ajtoval-barna-acel-keretbe-epitve-10kw\/","name":"Norbo f\u0151z\u0151 cser\u00e9pk\u00e1lyha ez\u00fcst vasalattal, 10 kW | eSemineu.ro","isPartOf":{"@id":"https:\/\/esemineu.ro\/hu\/#website"},"primaryImageOfPage":{"@id":"https:\/\/esemineu.ro\/hu\/termek\/norbo-fozo-cserepkalyha-ezust-vasalattal-ontottvas-ajtoval-barna-acel-keretbe-epitve-10kw\/#primaryimage"},"image":{"@id":"https:\/\/esemineu.ro\/hu\/termek\/norbo-fozo-cserepkalyha-ezust-vasalattal-ontottvas-ajtoval-barna-acel-keretbe-epitve-10kw\/#primaryimage"},"thumbnailUrl":"https:\/\/esemineu.ro\/wp-content\/uploads\/2023\/02\/NORBO-ARGINTIU.jpg","datePublished":"2023-02-17T04:53:35+00:00","dateModified":"2025-11-14T12:36:29+00:00","description":"Norbo f\u0151z\u0151 cser\u00e9pk\u00e1lyha ez\u00fcst vasalattal, \u0150nt\u0151tvas ajt\u00f3val Barna ac\u00e9l keret ben \u00e9p\u00edtve 10kW, F\u00e1val t\u00fczel\u0151s cser\u00e9pk\u00e1lyha \u00f6nt\u00f6ttvas l\u00e1bakkal | eSemineu.ro","breadcrumb":{"@id":"https:\/\/esemineu.ro\/hu\/termek\/norbo-fozo-cserepkalyha-ezust-vasalattal-ontottvas-ajtoval-barna-acel-keretbe-epitve-10kw\/#breadcrumb"},"inLanguage":"hu","potentialAction":[{"@type":"ReadAction","target":["https:\/\/esemineu.ro\/hu\/termek\/norbo-fozo-cserepkalyha-ezust-vasalattal-ontottvas-ajtoval-barna-acel-keretbe-epitve-10kw\/"]}]},{"@type":"ImageObject","inLanguage":"hu","@id":"https:\/\/esemineu.ro\/hu\/termek\/norbo-fozo-cserepkalyha-ezust-vasalattal-ontottvas-ajtoval-barna-acel-keretbe-epitve-10kw\/#primaryimage","url":"https:\/\/esemineu.ro\/wp-content\/uploads\/2023\/02\/NORBO-ARGINTIU.jpg","contentUrl":"https:\/\/esemineu.ro\/wp-content\/uploads\/2023\/02\/NORBO-ARGINTIU.jpg","width":1000,"height":1000,"caption":"Teracot\u0103 Norbo Maro u\u0219\u0103 font\u0103"},{"@type":"BreadcrumbList","@id":"https:\/\/esemineu.ro\/hu\/termek\/norbo-fozo-cserepkalyha-ezust-vasalattal-ontottvas-ajtoval-barna-acel-keretbe-epitve-10kw\/#breadcrumb","itemListElement":[{"@type":"ListItem","position":1,"name":"Kezd\u0151lap","item":"https:\/\/esemineu.ro\/hu\/"},{"@type":"ListItem","position":2,"name":"\u00c1ruh\u00e1z","item":"https:\/\/esemineu.ro\/hu\/aruhaz\/"},{"@type":"ListItem","position":3,"name":"Norbo f\u0151z\u0151 cser\u00e9pk\u00e1lyha ez\u00fcst vasalattal, \u00d6nt\u00f6ttvas ajt\u00f3val Barna ac\u00e9l keretbe \u00e9p\u00edtve 10kW"}]},{"@type":"WebSite","@id":"https:\/\/esemineu.ro\/hu\/#website","url":"https:\/\/esemineu.ro\/hu\/","name":"eSemineu","description":"\u0218eminee de cea mai \u00eenalt\u0103 calitate","potentialAction":[{"@type":"SearchAction","target":{"@type":"EntryPoint","urlTemplate":"https:\/\/esemineu.ro\/hu\/?s={search_term_string}"},"query-input":{"@type":"PropertyValueSpecification","valueRequired":true,"valueName":"search_term_string"}}],"inLanguage":"hu"}]}},"_links":{"self":[{"href":"https:\/\/esemineu.ro\/hu\/wp-json\/wp\/v2\/product\/4543","targetHints":{"allow":["GET"]}}],"collection":[{"href":"https:\/\/esemineu.ro\/hu\/wp-json\/wp\/v2\/product"}],"about":[{"href":"https:\/\/esemineu.ro\/hu\/wp-json\/wp\/v2\/types\/product"}],"replies":[{"embeddable":true,"href":"https:\/\/esemineu.ro\/hu\/wp-json\/wp\/v2\/comments?post=4543"}],"wp:featuredmedia":[{"embeddable":true,"href":"https:\/\/esemineu.ro\/hu\/wp-json\/wp\/v2\/media\/22475"}],"wp:attachment":[{"href":"https:\/\/esemineu.ro\/hu\/wp-json\/wp\/v2\/media?parent=4543"}],"wp:term":[{"taxonomy":"product_brand","embeddable":true,"href":"https:\/\/esemineu.ro\/hu\/wp-json\/wp\/v2\/product_brand?post=4543"},{"taxonomy":"product_cat","embeddable":true,"href":"https:\/\/esemineu.ro\/hu\/wp-json\/wp\/v2\/product_cat?post=4543"},{"taxonomy":"product_tag","embeddable":true,"href":"https:\/\/esemineu.ro\/hu\/wp-json\/wp\/v2\/product_tag?post=4543"}],"curies":[{"name":"wp","href":"https:\/\/api.w.org\/{rel}","templated":true}]}}