{"id":4542,"date":"2023-02-17T08:01:41","date_gmt":"2023-02-17T05:01:41","guid":{"rendered":"https:\/\/esemineu.ro\/product\/soba-teracota-vulcano-maro-4r-2\/"},"modified":"2025-09-17T16:30:32","modified_gmt":"2025-09-17T14:30:32","slug":"barna-4-soros-vulcano-cserepkalyha-ontottvas-ajtoval-es-fozolappal","status":"publish","type":"product","link":"https:\/\/esemineu.ro\/hu\/termek\/barna-4-soros-vulcano-cserepkalyha-ontottvas-ajtoval-es-fozolappal\/","title":{"rendered":"Barna 4 soros Vulcano Cser\u00e9pk\u00e1lyha, \u00d6nt\u00f6ttvas ajt\u00f3val \u00e9s f\u0151z\u0151lappal"},"content":{"rendered":"<p>Barna 4 soros Vulcano Cser\u00e9pk\u00e1lyha<\/p>\n<p>Az <strong>Vulcano Cser\u00e9pk\u00e1lyha Barna 4 soros<\/strong> modellj\u00e9t kiemelten aj\u00e1nljuk mindazoknak, akik az eleganci\u00e1t \u00e9s a funkcionalit\u00e1st keresik otthonukban. <strong>Barna meleg\u00edt\u0151 cser\u00e9pk\u00e1lyha<\/strong> nemcsak eszt\u00e9tikai \u00e9rt\u00e9ke miatt ker\u00fclt el\u0151t\u00e9rbe, de az\u00e9rt is, mert <strong>\u00f6nt\u00f6ttvas ajt\u00f3val<\/strong> \u00e9s <strong>f\u0151z\u0151lappal<\/strong> rendelkezik, amely hossz\u00fa \u00e9lettartamot \u00e9s hat\u00e9konys\u00e1got \u00edg\u00e9r.<\/p>\n<p>A <strong>Barna cserepk\u00e1lyha<\/strong> kivitelez\u00e9s\u00e9ben az <strong>esemineu.ro<\/strong> a legmagasabb min\u0151s\u00e9gi elv\u00e1r\u00e1soknak megfelel\u0151en k\u00edn\u00e1l term\u00e9ket. A <strong>Barna 4 soros cserepk\u00e1lyha<\/strong> a t\u00fcz\u00e9rs\u00e9g m\u0171v\u00e9szet\u00e9t hozza el otthon\u00e1ba. Az \u00e9g\u00e9si folyamat optimaliz\u00e1l\u00e1sa \u00e9s a h\u0151lead\u00e1s maximaliz\u00e1l\u00e1sa miatt a <strong>barna n\u00e9gy soros f\u0151z\u0151 \u00e9s meleg\u00edt\u0151 k\u00e1lyha<\/strong> ide\u00e1lis v\u00e1laszt\u00e1s lehet.<\/p>\n<p>Ezen fel\u00fcl a <strong>Barna cserepk\u00e1lyha samottal b\u00e9lelve<\/strong> biztos\u00edtja a kiv\u00e1l\u00f3 h\u0151t\u00e1rol\u00f3 kapacit\u00e1st \u00e9s a tart\u00f3s meleget. A k\u00e1lyha kialak\u00edt\u00e1sa sor\u00e1n a <strong>hordozhat\u00f3 cser\u00e9pk\u00e1lyha<\/strong> koncepci\u00f3j\u00e1t is szem el\u0151tt tartott\u00e1k, \u00edgy a haszn\u00e1lat sor\u00e1n rendk\u00edv\u00fcli mobilit\u00e1st is \u00e9lvezhet.<\/p>\n<p>A <strong>barna cserepk\u00e1lyha \u00f6nt\u00f6ttvas ajt\u00f3val<\/strong> nemcsak a biztons\u00e1got garant\u00e1lja, hanem st\u00edlusos kieg\u00e9sz\u00edt\u0151k\u00e9nt is szolg\u00e1l. A <strong>Barna pr\u00e9mium min\u0151s\u00e9g\u0171 cser\u00e9pk\u00e1lyha<\/strong> a hagyom\u00e1ny \u00e9s a modern technol\u00f3gia \u00f6tv\u00f6zete.<\/p>\n<p><strong>Cser\u00e9pk\u00e1lyha az esemineu.ro-n\u00e1l<\/strong>: Mi\u00e9rt v\u00e1laszd ezt a k\u00e1lyh\u00e1t? Az <strong>\u00f6nt\u00f6ttvas f\u0151z\u0151lappal<\/strong> rendelkez\u0151 modellek k\u00f6z\u00fcl ez az egyik legmagasabb min\u0151s\u00e9g\u0171, melyet most kedvezm\u00e9nyes \u00e1ron k\u00edn\u00e1lunk.<\/p>\n<p>Kiemelked\u0151 teljes\u00edtm\u00e9ny, kiv\u00e1l\u00f3 min\u0151s\u00e9g \u00e9s id\u0151t\u00e1ll\u00f3s\u00e1g &#8211; a Barna 4 soros Vulcano Cser\u00e9pk\u00e1lyha\u00a0minden ig\u00e9nyt kiel\u00e9g\u00edt. V\u00e1laszd a hossz\u00fa t\u00e1v\u00fa megb\u00edzhat\u00f3s\u00e1got \u00e9s az eszt\u00e9tikus kivitelez\u00e9st egyben!<\/p>\n<h4>Fontos!<\/h4>\n<p>Fontos megjegyezni, hogy a t\u0171zhely hullad\u00e9k \u00e9get\u00e9s\u00e9re nem alkalmas, kiz\u00e1r\u00f3lag f\u0171t\u00e9sre \u00e9s f\u0151z\u00e9sre haszn\u00e1lhat\u00f3. Az ilyen hullad\u00e9k \u00e9get\u00e9sekor a cser\u00e9pk\u00e1lyha f\u00fcstkivezet\u0151 ny\u00edl\u00e1sa k\u00f6nnyen elt\u00f6m\u0151dhet, ez\u00e9rt aj\u00e1nlott kiz\u00e1r\u00f3lag megfelel\u0151 anyagokat \u00e9getni benne.<\/p>\n<h4>Sz\u00e1ll\u00edt\u00e1si hat\u00e1rid\u0151:<\/h4>\n<ul>\n<li><strong>Magyarorsz\u00e1g \u00e9s az eg\u00e9sz Eur\u00f3pai Uni\u00f3 ter\u00fclet\u00e9n<\/strong>\u00a0is sz\u00e1ll\u00edtjuk.<\/li>\n<li>Rom\u00e1ni\u00e1ba 2-3 munkanap alatt sz\u00e1ll\u00edtjuk<\/li>\n<li>Magyarorsz\u00e1gra \u00e9s az EU ter\u00fclet\u00e9re az \u00e1tutal\u00e1s ut\u00e1n 5 munkanapon bel\u00fcl \u00e9rkezik meg a term\u00e9k.<\/li>\n<\/ul>\n<p>Ha b\u00e1rmilyen k\u00e9rd\u00e9se van, k\u00e9rj\u00fck, l\u00e9pjen kapcsolatba vel\u00fcnk.<\/p>\n<p>Tov\u00e1bbi aj\u00e1nlatok\u00e9rt kattintson\u00a0<a href=\"https:\/\/esemineu.ro\/hu\/termek-kategoria\/hordozhato-cserepkalyhak\/\">ide<\/a><\/p>\n<p>T\u0151bb inform\u00e1ci\u00f3\u00e9rt l\u00e1togasson el\u00a0<a href=\"https:\/\/www.youtube.com\/@esemineuromania\">YouTube<\/a>-csatorn\u00e1nkra, valamint\u00a0<a href=\"https:\/\/www.facebook.com\/eSemineu\">Facebook<\/a>\u00a0\u00e9s\u00a0<a href=\"https:\/\/www.instagram.com\/esemineu\/\">Instagram<\/a>\u00a0oldalainkra.<\/p>\n<p><a href=\"https:\/\/esemineu.ro\/\">eSemineu.ro<\/a>\u00a0 \u00a0Te rakod a t\u0171zet mi adjuk a meleget!<\/p>\n","protected":false},"excerpt":{"rendered":"<p>Barna 4 soros Vulcano Cser\u00e9pk\u00e1lyha Az Vulcano Cser\u00e9pk\u00e1lyha Barna 4 soros modellj\u00e9t kiemelten aj\u00e1nljuk mindazoknak, akik az eleganci\u00e1t \u00e9s a funkcionalit\u00e1st keresik otthonukban. Barna meleg\u00edt\u0151 cser\u00e9pk\u00e1lyha nemcsak eszt\u00e9tikai \u00e9rt\u00e9ke miatt ker\u00fclt el\u0151t\u00e9rbe, de az\u00e9rt is, mert \u00f6nt\u00f6ttvas ajt\u00f3val \u00e9s f\u0151z\u0151lappal rendelkezik, amely hossz\u00fa \u00e9lettartamot \u00e9s hat\u00e9konys\u00e1got \u00edg\u00e9r. A Barna cserepk\u00e1lyha kivitelez\u00e9s\u00e9ben az esemineu.ro a legmagasabb min\u0151s\u00e9gi elv\u00e1r\u00e1soknak megfelel\u0151en k\u00edn\u00e1l term\u00e9ket. A Barna 4 soros cserepk\u00e1lyha a t\u00fcz\u00e9rs\u00e9g m\u0171v\u00e9szet\u00e9t hozza el otthon\u00e1ba. Az \u00e9g\u00e9si folyamat optimaliz\u00e1l\u00e1sa \u00e9s a h\u0151lead\u00e1s maximaliz\u00e1l\u00e1sa miatt a barna n\u00e9gy soros f\u0151z\u0151 \u00e9s meleg\u00edt\u0151 k\u00e1lyha ide\u00e1lis v\u00e1laszt\u00e1s lehet. Ezen fel\u00fcl a Barna cserepk\u00e1lyha samottal b\u00e9lelve biztos\u00edtja a kiv\u00e1l\u00f3 h\u0151t\u00e1rol\u00f3 kapacit\u00e1st \u00e9s a tart\u00f3s meleget. A k\u00e1lyha kialak\u00edt\u00e1sa sor\u00e1n a hordozhat\u00f3 cser\u00e9pk\u00e1lyha koncepci\u00f3j\u00e1t is szem el\u0151tt tartott\u00e1k, \u00edgy a haszn\u00e1lat sor\u00e1n rendk\u00edv\u00fcli mobilit\u00e1st is \u00e9lvezhet. A barna cserepk\u00e1lyha \u00f6nt\u00f6ttvas ajt\u00f3val nemcsak a biztons\u00e1got garant\u00e1lja, hanem st\u00edlusos kieg\u00e9sz\u00edt\u0151k\u00e9nt is szolg\u00e1l. A Barna pr\u00e9mium min\u0151s\u00e9g\u0171 cser\u00e9pk\u00e1lyha a hagyom\u00e1ny \u00e9s a &hellip; <a href=\"https:\/\/esemineu.ro\/hu\/termek\/barna-4-soros-vulcano-cserepkalyha-ontottvas-ajtoval-es-fozolappal\/\">Folytatva<\/a><\/p>\n","protected":false},"featured_media":17091,"comment_status":"open","ping_status":"closed","template":"","meta":[],"product_brand":[706],"product_cat":[729,1680],"product_tag":[],"class_list":{"0":"post-4542","1":"product","2":"type-product","3":"status-publish","4":"has-post-thumbnail","6":"product_brand-esemineu-premium","7":"product_cat-hordozhato-cserepkalyhak","8":"product_cat-melegito","9":"product_shipping_class-csempekalyhak","10":"pa_combustibil-utilizat-brikett","11":"pa_combustibil-utilizat-fa","12":"pa_culoare-barna","13":"pa_diametru-racordului-la-cos-120-mm-hu","14":"pa_material-ontveny-ajtok","15":"pa_material-ontveny-labak","16":"pa_model-4-soros-melegito-acel-keretben-hu","17":"pa_putere-7-kw-hu","18":"pa_randament-94-hu","19":"pa_suprafata-incalzita-mp-26-37-hu","20":"producer-norbo","22":"first","23":"outofstock","24":"shipping-taxable","25":"purchasable","26":"product-type-simple"},"acf":[],"yoast_head":"<!-- This site is optimized with the Yoast SEO Premium plugin v21.0 (Yoast SEO v27.3) - https:\/\/yoast.com\/product\/yoast-seo-premium-wordpress\/ -->\n<title>Barna 4 soros Vulcano Cser\u00e9pk\u00e1lyha | Melegit\u0151 cser\u00e9pk\u00e1lyha<\/title>\n<meta name=\"description\" content=\"Barna 4 soros Vulcano Cser\u00e9pk\u00e1lyha - Pr\u00e9mium min\u0151s\u00e9g\u0171 barna cserepk\u00e1lyha \u00f6nt\u00f6ttvas ajt\u00f3val \u00e9s f\u0151z\u0151lappal. T\u00f6k\u00e9letes v\u00e1laszt\u00e1s meleg otthon\u00e9rt.\" \/>\n<meta name=\"robots\" content=\"index, follow, max-snippet:-1, max-image-preview:large, max-video-preview:-1\" \/>\n<link rel=\"canonical\" href=\"https:\/\/esemineu.ro\/hu\/termek\/barna-4-soros-vulcano-cserepkalyha-ontottvas-ajtoval-es-fozolappal\/\" \/>\n<meta property=\"og:locale\" content=\"hu_HU\" \/>\n<meta property=\"og:type\" content=\"article\" \/>\n<meta property=\"og:title\" content=\"Barna 4 soros Vulcano Cser\u00e9pk\u00e1lyha | Melegit\u0151 cser\u00e9pk\u00e1lyha\" \/>\n<meta property=\"og:description\" content=\"Barna 4 soros Vulcano Cser\u00e9pk\u00e1lyha - Pr\u00e9mium min\u0151s\u00e9g\u0171 barna cserepk\u00e1lyha \u00f6nt\u00f6ttvas ajt\u00f3val \u00e9s f\u0151z\u0151lappal. T\u00f6k\u00e9letes v\u00e1laszt\u00e1s meleg otthon\u00e9rt.\" \/>\n<meta property=\"og:url\" content=\"https:\/\/esemineu.ro\/hu\/termek\/barna-4-soros-vulcano-cserepkalyha-ontottvas-ajtoval-es-fozolappal\/\" \/>\n<meta property=\"og:site_name\" content=\"eSemineu\" \/>\n<meta property=\"article:publisher\" content=\"https:\/\/web.facebook.com\/eSemineu\" \/>\n<meta property=\"article:modified_time\" content=\"2025-09-17T14:30:32+00:00\" \/>\n<meta property=\"og:image\" content=\"https:\/\/esemineu.ro\/wp-content\/uploads\/2023\/02\/4R-VULKANO-TELI-FRONT.jpg\" \/>\n\t<meta property=\"og:image:width\" content=\"1000\" \/>\n\t<meta property=\"og:image:height\" content=\"1000\" \/>\n\t<meta property=\"og:image:type\" content=\"image\/jpeg\" \/>\n<meta name=\"twitter:card\" content=\"summary_large_image\" \/>\n<meta name=\"twitter:label1\" content=\"Becs\u00fclt olvas\u00e1si id\u0151\" \/>\n\t<meta name=\"twitter:data1\" content=\"3 perc\" \/>\n<script type=\"application\/ld+json\" class=\"yoast-schema-graph\">{\"@context\":\"https:\\\/\\\/schema.org\",\"@graph\":[{\"@type\":\"WebPage\",\"@id\":\"https:\\\/\\\/esemineu.ro\\\/hu\\\/termek\\\/barna-4-soros-vulcano-cserepkalyha-ontottvas-ajtoval-es-fozolappal\\\/\",\"url\":\"https:\\\/\\\/esemineu.ro\\\/hu\\\/termek\\\/barna-4-soros-vulcano-cserepkalyha-ontottvas-ajtoval-es-fozolappal\\\/\",\"name\":\"Barna 4 soros Vulcano Cser\u00e9pk\u00e1lyha | Melegit\u0151 cser\u00e9pk\u00e1lyha\",\"isPartOf\":{\"@id\":\"https:\\\/\\\/esemineu.ro\\\/hu\\\/#website\"},\"primaryImageOfPage\":{\"@id\":\"https:\\\/\\\/esemineu.ro\\\/hu\\\/termek\\\/barna-4-soros-vulcano-cserepkalyha-ontottvas-ajtoval-es-fozolappal\\\/#primaryimage\"},\"image\":{\"@id\":\"https:\\\/\\\/esemineu.ro\\\/hu\\\/termek\\\/barna-4-soros-vulcano-cserepkalyha-ontottvas-ajtoval-es-fozolappal\\\/#primaryimage\"},\"thumbnailUrl\":\"https:\\\/\\\/esemineu.ro\\\/wp-content\\\/uploads\\\/2023\\\/02\\\/4R-VULKANO-TELI-FRONT.jpg\",\"datePublished\":\"2023-02-17T05:01:41+00:00\",\"dateModified\":\"2025-09-17T14:30:32+00:00\",\"description\":\"Barna 4 soros Vulcano Cser\u00e9pk\u00e1lyha - Pr\u00e9mium min\u0151s\u00e9g\u0171 barna cserepk\u00e1lyha \u00f6nt\u00f6ttvas ajt\u00f3val \u00e9s f\u0151z\u0151lappal. T\u00f6k\u00e9letes v\u00e1laszt\u00e1s meleg otthon\u00e9rt.\",\"breadcrumb\":{\"@id\":\"https:\\\/\\\/esemineu.ro\\\/hu\\\/termek\\\/barna-4-soros-vulcano-cserepkalyha-ontottvas-ajtoval-es-fozolappal\\\/#breadcrumb\"},\"inLanguage\":\"hu\",\"potentialAction\":[{\"@type\":\"ReadAction\",\"target\":[\"https:\\\/\\\/esemineu.ro\\\/hu\\\/termek\\\/barna-4-soros-vulcano-cserepkalyha-ontottvas-ajtoval-es-fozolappal\\\/\"]}]},{\"@type\":\"ImageObject\",\"inLanguage\":\"hu\",\"@id\":\"https:\\\/\\\/esemineu.ro\\\/hu\\\/termek\\\/barna-4-soros-vulcano-cserepkalyha-ontottvas-ajtoval-es-fozolappal\\\/#primaryimage\",\"url\":\"https:\\\/\\\/esemineu.ro\\\/wp-content\\\/uploads\\\/2023\\\/02\\\/4R-VULKANO-TELI-FRONT.jpg\",\"contentUrl\":\"https:\\\/\\\/esemineu.ro\\\/wp-content\\\/uploads\\\/2023\\\/02\\\/4R-VULKANO-TELI-FRONT.jpg\",\"width\":1000,\"height\":1000,\"caption\":\"Barna 4 soros Vulcano Cser\u00e9pk\u00e1lyha\"},{\"@type\":\"BreadcrumbList\",\"@id\":\"https:\\\/\\\/esemineu.ro\\\/hu\\\/termek\\\/barna-4-soros-vulcano-cserepkalyha-ontottvas-ajtoval-es-fozolappal\\\/#breadcrumb\",\"itemListElement\":[{\"@type\":\"ListItem\",\"position\":1,\"name\":\"Kezd\u0151lap\",\"item\":\"https:\\\/\\\/esemineu.ro\\\/hu\\\/\"},{\"@type\":\"ListItem\",\"position\":2,\"name\":\"\u00c1ruh\u00e1z\",\"item\":\"https:\\\/\\\/esemineu.ro\\\/hu\\\/aruhaz\\\/\"},{\"@type\":\"ListItem\",\"position\":3,\"name\":\"Barna 4 soros Vulcano Cser\u00e9pk\u00e1lyha, \u00d6nt\u00f6ttvas ajt\u00f3val \u00e9s f\u0151z\u0151lappal\"}]},{\"@type\":\"WebSite\",\"@id\":\"https:\\\/\\\/esemineu.ro\\\/hu\\\/#website\",\"url\":\"https:\\\/\\\/esemineu.ro\\\/hu\\\/\",\"name\":\"eSemineu\",\"description\":\"\u0218eminee de cea mai \u00eenalt\u0103 calitate\",\"potentialAction\":[{\"@type\":\"SearchAction\",\"target\":{\"@type\":\"EntryPoint\",\"urlTemplate\":\"https:\\\/\\\/esemineu.ro\\\/hu\\\/?s={search_term_string}\"},\"query-input\":{\"@type\":\"PropertyValueSpecification\",\"valueRequired\":true,\"valueName\":\"search_term_string\"}}],\"inLanguage\":\"hu\"}]}<\/script>\n<!-- \/ Yoast SEO Premium plugin. -->","yoast_head_json":{"title":"Barna 4 soros Vulcano Cser\u00e9pk\u00e1lyha | Melegit\u0151 cser\u00e9pk\u00e1lyha","description":"Barna 4 soros Vulcano Cser\u00e9pk\u00e1lyha - Pr\u00e9mium min\u0151s\u00e9g\u0171 barna cserepk\u00e1lyha \u00f6nt\u00f6ttvas ajt\u00f3val \u00e9s f\u0151z\u0151lappal. T\u00f6k\u00e9letes v\u00e1laszt\u00e1s meleg otthon\u00e9rt.","robots":{"index":"index","follow":"follow","max-snippet":"max-snippet:-1","max-image-preview":"max-image-preview:large","max-video-preview":"max-video-preview:-1"},"canonical":"https:\/\/esemineu.ro\/hu\/termek\/barna-4-soros-vulcano-cserepkalyha-ontottvas-ajtoval-es-fozolappal\/","og_locale":"hu_HU","og_type":"article","og_title":"Barna 4 soros Vulcano Cser\u00e9pk\u00e1lyha | Melegit\u0151 cser\u00e9pk\u00e1lyha","og_description":"Barna 4 soros Vulcano Cser\u00e9pk\u00e1lyha - Pr\u00e9mium min\u0151s\u00e9g\u0171 barna cserepk\u00e1lyha \u00f6nt\u00f6ttvas ajt\u00f3val \u00e9s f\u0151z\u0151lappal. T\u00f6k\u00e9letes v\u00e1laszt\u00e1s meleg otthon\u00e9rt.","og_url":"https:\/\/esemineu.ro\/hu\/termek\/barna-4-soros-vulcano-cserepkalyha-ontottvas-ajtoval-es-fozolappal\/","og_site_name":"eSemineu","article_publisher":"https:\/\/web.facebook.com\/eSemineu","article_modified_time":"2025-09-17T14:30:32+00:00","og_image":[{"width":1000,"height":1000,"url":"https:\/\/esemineu.ro\/wp-content\/uploads\/2023\/02\/4R-VULKANO-TELI-FRONT.jpg","type":"image\/jpeg"}],"twitter_card":"summary_large_image","twitter_misc":{"Becs\u00fclt olvas\u00e1si id\u0151":"3 perc"},"schema":{"@context":"https:\/\/schema.org","@graph":[{"@type":"WebPage","@id":"https:\/\/esemineu.ro\/hu\/termek\/barna-4-soros-vulcano-cserepkalyha-ontottvas-ajtoval-es-fozolappal\/","url":"https:\/\/esemineu.ro\/hu\/termek\/barna-4-soros-vulcano-cserepkalyha-ontottvas-ajtoval-es-fozolappal\/","name":"Barna 4 soros Vulcano Cser\u00e9pk\u00e1lyha | Melegit\u0151 cser\u00e9pk\u00e1lyha","isPartOf":{"@id":"https:\/\/esemineu.ro\/hu\/#website"},"primaryImageOfPage":{"@id":"https:\/\/esemineu.ro\/hu\/termek\/barna-4-soros-vulcano-cserepkalyha-ontottvas-ajtoval-es-fozolappal\/#primaryimage"},"image":{"@id":"https:\/\/esemineu.ro\/hu\/termek\/barna-4-soros-vulcano-cserepkalyha-ontottvas-ajtoval-es-fozolappal\/#primaryimage"},"thumbnailUrl":"https:\/\/esemineu.ro\/wp-content\/uploads\/2023\/02\/4R-VULKANO-TELI-FRONT.jpg","datePublished":"2023-02-17T05:01:41+00:00","dateModified":"2025-09-17T14:30:32+00:00","description":"Barna 4 soros Vulcano Cser\u00e9pk\u00e1lyha - Pr\u00e9mium min\u0151s\u00e9g\u0171 barna cserepk\u00e1lyha \u00f6nt\u00f6ttvas ajt\u00f3val \u00e9s f\u0151z\u0151lappal. T\u00f6k\u00e9letes v\u00e1laszt\u00e1s meleg otthon\u00e9rt.","breadcrumb":{"@id":"https:\/\/esemineu.ro\/hu\/termek\/barna-4-soros-vulcano-cserepkalyha-ontottvas-ajtoval-es-fozolappal\/#breadcrumb"},"inLanguage":"hu","potentialAction":[{"@type":"ReadAction","target":["https:\/\/esemineu.ro\/hu\/termek\/barna-4-soros-vulcano-cserepkalyha-ontottvas-ajtoval-es-fozolappal\/"]}]},{"@type":"ImageObject","inLanguage":"hu","@id":"https:\/\/esemineu.ro\/hu\/termek\/barna-4-soros-vulcano-cserepkalyha-ontottvas-ajtoval-es-fozolappal\/#primaryimage","url":"https:\/\/esemineu.ro\/wp-content\/uploads\/2023\/02\/4R-VULKANO-TELI-FRONT.jpg","contentUrl":"https:\/\/esemineu.ro\/wp-content\/uploads\/2023\/02\/4R-VULKANO-TELI-FRONT.jpg","width":1000,"height":1000,"caption":"Barna 4 soros Vulcano Cser\u00e9pk\u00e1lyha"},{"@type":"BreadcrumbList","@id":"https:\/\/esemineu.ro\/hu\/termek\/barna-4-soros-vulcano-cserepkalyha-ontottvas-ajtoval-es-fozolappal\/#breadcrumb","itemListElement":[{"@type":"ListItem","position":1,"name":"Kezd\u0151lap","item":"https:\/\/esemineu.ro\/hu\/"},{"@type":"ListItem","position":2,"name":"\u00c1ruh\u00e1z","item":"https:\/\/esemineu.ro\/hu\/aruhaz\/"},{"@type":"ListItem","position":3,"name":"Barna 4 soros Vulcano Cser\u00e9pk\u00e1lyha, \u00d6nt\u00f6ttvas ajt\u00f3val \u00e9s f\u0151z\u0151lappal"}]},{"@type":"WebSite","@id":"https:\/\/esemineu.ro\/hu\/#website","url":"https:\/\/esemineu.ro\/hu\/","name":"eSemineu","description":"\u0218eminee de cea mai \u00eenalt\u0103 calitate","potentialAction":[{"@type":"SearchAction","target":{"@type":"EntryPoint","urlTemplate":"https:\/\/esemineu.ro\/hu\/?s={search_term_string}"},"query-input":{"@type":"PropertyValueSpecification","valueRequired":true,"valueName":"search_term_string"}}],"inLanguage":"hu"}]}},"_links":{"self":[{"href":"https:\/\/esemineu.ro\/hu\/wp-json\/wp\/v2\/product\/4542","targetHints":{"allow":["GET"]}}],"collection":[{"href":"https:\/\/esemineu.ro\/hu\/wp-json\/wp\/v2\/product"}],"about":[{"href":"https:\/\/esemineu.ro\/hu\/wp-json\/wp\/v2\/types\/product"}],"replies":[{"embeddable":true,"href":"https:\/\/esemineu.ro\/hu\/wp-json\/wp\/v2\/comments?post=4542"}],"wp:featuredmedia":[{"embeddable":true,"href":"https:\/\/esemineu.ro\/hu\/wp-json\/wp\/v2\/media\/17091"}],"wp:attachment":[{"href":"https:\/\/esemineu.ro\/hu\/wp-json\/wp\/v2\/media?parent=4542"}],"wp:term":[{"taxonomy":"product_brand","embeddable":true,"href":"https:\/\/esemineu.ro\/hu\/wp-json\/wp\/v2\/product_brand?post=4542"},{"taxonomy":"product_cat","embeddable":true,"href":"https:\/\/esemineu.ro\/hu\/wp-json\/wp\/v2\/product_cat?post=4542"},{"taxonomy":"product_tag","embeddable":true,"href":"https:\/\/esemineu.ro\/hu\/wp-json\/wp\/v2\/product_tag?post=4542"}],"curies":[{"name":"wp","href":"https:\/\/api.w.org\/{rel}","templated":true}]}}