{"id":4537,"date":"2023-02-20T14:05:13","date_gmt":"2023-02-20T11:05:13","guid":{"rendered":"https:\/\/esemineu.ro\/product\/soba-teracota-4-randuri\/"},"modified":"2025-11-25T15:05:04","modified_gmt":"2025-11-25T13:05:04","slug":"barna-melegito-cserepkalyha-4-soros-hordozhato-cserepkalyha-fozolappal-8kw","status":"publish","type":"product","link":"https:\/\/esemineu.ro\/hu\/termek\/barna-melegito-cserepkalyha-4-soros-hordozhato-cserepkalyha-fozolappal-8kw\/","title":{"rendered":"Barna Melegit\u0151 Cser\u00e9pk\u00e1lyha 4 soros, Hordozhat\u00f3 cser\u00e9pk\u00e1lyha F\u0151z\u0151lappal 8kW"},"content":{"rendered":"<p>Barna Melegit\u0151 Cser\u00e9pk\u00e1lyha 4 soros<\/p>\n<p>Ez a leny\u0171g\u00f6z\u0151 4 soros cser\u00e9pk\u00e1lyha ide\u00e1lis v\u00e1laszt\u00e1s, ha otthon\u00e1ban kellemes melegs\u00e9gre \u00e9s hangulatos l\u00e9gk\u00f6rre v\u00e1gyik. A k\u00e1lyha teljes\u00edtm\u00e9nye 8 kW, \u00edgy hat\u00e9konyan \u00e9s gazdas\u00e1gosan meleg\u00edt szob\u00e1j\u00e1ban.<\/p>\n<p>A cser\u00e9pk\u00e1lyha f\u0151z\u0151lapja kiv\u00e1l\u00f3 lehet\u0151s\u00e9get k\u00edn\u00e1l az egyszer\u0171 f\u0151z\u00e9sre vagy meleg\u00edt\u00e9sre. Tegye m\u00e9g k\u00e9nyelmesebb\u00e9 otthon\u00e1t ezzel a praktikus funkci\u00f3val, \u00e9s \u00e9lvezze a hagyom\u00e1nyos cser\u00e9pk\u00e1lyha ny\u00fajtotta el\u0151ny\u00f6ket.<\/p>\n<p>A term\u00e9k f\u00fcstcs\u0151 m\u00e9rete 120 mm, ez\u00e1ltal optim\u00e1lisan illeszkedik a legt\u00f6bb f\u0171t\u00e9srendszerhez. T\u00fczel\u0151anyagk\u00e9nt brikettet, sz\u00e9nf\u00e9l\u00e9ket \u00e9s t\u0171zif\u00e1t is haszn\u00e1lhat, \u00edgy lehet\u0151s\u00e9ge van a legmegfelel\u0151bb t\u00fczel\u0151anyag kiv\u00e1laszt\u00e1s\u00e1ra \u00e9s a szem\u00e9lyes ig\u00e9nyeihez val\u00f3 igaz\u00edt\u00e1sra.<\/p>\n<p>Az anyag min\u0151s\u00e9gi k\u00e1lyhacsempe, amely tart\u00f3ss\u00e1got \u00e9s megb\u00edzhat\u00f3s\u00e1got biztos\u00edt a k\u00e1lyha haszn\u00e1lata sor\u00e1n. A barna \u00e9s fekete sz\u00ednek t\u00f6k\u00e9letes harm\u00f3ni\u00e1ja modern \u00e9s hagyom\u00e1nyos enteri\u0151r\u00f6kbe egyar\u00e1nt illik, \u00edgy a cser\u00e9pk\u00e1lyha eleg\u00e1ns kieg\u00e9sz\u00edt\u0151je lehet otthon\u00e1nak.<\/p>\n<p>A Barna Melegit\u0151 Cser\u00e9pk\u00e1lyha 4 soros hossz\u00fas\u00e1ga \u00e9s sz\u00e9less\u00e9ge mind\u00f6ssze 470 mm, \u00edgy kompakt m\u00e9rete miatt k\u00f6nnyed\u00e9n elhelyezhet\u0151 b\u00e1rmelyik szob\u00e1ban vagy lak\u00f3t\u00e9rben. A 1100 mm-es magass\u00e1g pedig kiv\u00e1l\u00f3 h\u0151lead\u00e1st \u00e9s optim\u00e1lis l\u00e9g\u00e1raml\u00e1st biztos\u00edt a k\u00f6rnyez\u0151 t\u00e9rben.<\/p>\n<p>A cser\u00e9pk\u00e1lyha s\u00falya 200 kg, ami massz\u00edv \u00e9s stabil kialak\u00edt\u00e1st jelent, hozz\u00e1j\u00e1rulva a hossz\u00fa \u00e9lettartamhoz \u00e9s az energiatakar\u00e9kos m\u0171k\u00f6d\u00e9shez.<\/p>\n<p>V\u00e1lassza a barna meleg\u00edt\u0151 cser\u00e9pk\u00e1lyh\u00e1t otthona sz\u00edv\u00e9nek, \u00e9s \u00e9lvezze a meghitt hangulatot \u00e9s a kellemes meleget a hidegebb napokon. Legyen az \u00d6n otthona is egy igazi o\u00e1zis ezzel a csod\u00e1latos 4 soros cser\u00e9pk\u00e1lyh\u00e1val!<\/p>\n<p>Fontos megjegyezni, hogy a t\u0171zhely hullad\u00e9k \u00e9get\u00e9s\u00e9re nem alkalmas, kiz\u00e1r\u00f3lag f\u0171t\u00e9sre \u00e9s f\u0151z\u00e9sre haszn\u00e1lhat\u00f3. Az ilyen hullad\u00e9k \u00e9get\u00e9sekor a cser\u00e9pk\u00e1lyha f\u00fcstkivezet\u0151 ny\u00edl\u00e1sa k\u00f6nnyen elt\u00f6m\u0151dhet, ez\u00e9rt aj\u00e1nlott kiz\u00e1r\u00f3lag megfelel\u0151 anyagokat \u00e9getni benne.<\/p>\n<h6>Sz\u00e1ll\u00edt\u00e1si hat\u00e1rid\u0151:<\/h6>\n<ul>\n<li><strong>Magyarorsz\u00e1g \u00e9s az eg\u00e9sz Eur\u00f3pai Uni\u00f3 ter\u00fclet\u00e9n<\/strong>\u00a0is sz\u00e1ll\u00edtjuk.<\/li>\n<li>Rom\u00e1ni\u00e1ba 2-3 munkanap alatt sz\u00e1ll\u00edtjuk<\/li>\n<li>Magyarorsz\u00e1gra \u00e9s az EU ter\u00fclet\u00e9re az \u00e1tutal\u00e1s ut\u00e1n 5 munkanapon bel\u00fcl \u00e9rkezik meg a term\u00e9k.<\/li>\n<\/ul>\n<p>Ha b\u00e1rmilyen k\u00e9rd\u00e9se van, k\u00e9rj\u00fck, l\u00e9pjen kapcsolatba vel\u00fcnk.<\/p>\n<p>Tov\u00e1bbi aj\u00e1nlatok\u00e9rt kattintson\u00a0<a href=\"https:\/\/esemineu.ro\/hu\/termek-kategoria\/hordozhato-cserepkalyhak\/\">ide<\/a><\/p>\n<p>T\u0151bb inform\u00e1ci\u00f3\u00e9rt l\u00e1togasson el\u00a0<a href=\"https:\/\/www.youtube.com\/@esemineuromania\">YouTube<\/a>-csatorn\u00e1nkra, valamint\u00a0<a href=\"https:\/\/www.facebook.com\/eSemineu\">Facebook<\/a>\u00a0\u00e9s\u00a0<a href=\"https:\/\/www.instagram.com\/esemineu\/\">Instagram<\/a>\u00a0oldalainkra.<\/p>\n<p><a href=\"https:\/\/esemineu.ro\/\">eSemineu.ro<\/a>\u00a0 \u00a0Te rakod a t\u0171zet mi adjuk a meleget!<\/p>\n","protected":false},"excerpt":{"rendered":"<p>Barna Melegit\u0151 Cser\u00e9pk\u00e1lyha 4 soros Ez a leny\u0171g\u00f6z\u0151 4 soros cser\u00e9pk\u00e1lyha ide\u00e1lis v\u00e1laszt\u00e1s, ha otthon\u00e1ban kellemes melegs\u00e9gre \u00e9s hangulatos l\u00e9gk\u00f6rre v\u00e1gyik. A k\u00e1lyha teljes\u00edtm\u00e9nye 8 kW, \u00edgy hat\u00e9konyan \u00e9s gazdas\u00e1gosan meleg\u00edt szob\u00e1j\u00e1ban. A cser\u00e9pk\u00e1lyha f\u0151z\u0151lapja kiv\u00e1l\u00f3 lehet\u0151s\u00e9get k\u00edn\u00e1l az egyszer\u0171 f\u0151z\u00e9sre vagy meleg\u00edt\u00e9sre. Tegye m\u00e9g k\u00e9nyelmesebb\u00e9 otthon\u00e1t ezzel a praktikus funkci\u00f3val, \u00e9s \u00e9lvezze a hagyom\u00e1nyos cser\u00e9pk\u00e1lyha ny\u00fajtotta el\u0151ny\u00f6ket. A term\u00e9k f\u00fcstcs\u0151 m\u00e9rete 120 mm, ez\u00e1ltal optim\u00e1lisan illeszkedik a legt\u00f6bb f\u0171t\u00e9srendszerhez. T\u00fczel\u0151anyagk\u00e9nt brikettet, sz\u00e9nf\u00e9l\u00e9ket \u00e9s t\u0171zif\u00e1t is haszn\u00e1lhat, \u00edgy lehet\u0151s\u00e9ge van a legmegfelel\u0151bb t\u00fczel\u0151anyag kiv\u00e1laszt\u00e1s\u00e1ra \u00e9s a szem\u00e9lyes ig\u00e9nyeihez val\u00f3 igaz\u00edt\u00e1sra. Az anyag min\u0151s\u00e9gi k\u00e1lyhacsempe, amely tart\u00f3ss\u00e1got \u00e9s megb\u00edzhat\u00f3s\u00e1got biztos\u00edt a k\u00e1lyha haszn\u00e1lata sor\u00e1n. A barna \u00e9s fekete sz\u00ednek t\u00f6k\u00e9letes harm\u00f3ni\u00e1ja modern \u00e9s hagyom\u00e1nyos enteri\u0151r\u00f6kbe egyar\u00e1nt illik, \u00edgy a cser\u00e9pk\u00e1lyha eleg\u00e1ns kieg\u00e9sz\u00edt\u0151je lehet otthon\u00e1nak. A Barna Melegit\u0151 Cser\u00e9pk\u00e1lyha 4 soros hossz\u00fas\u00e1ga \u00e9s sz\u00e9less\u00e9ge mind\u00f6ssze 470 mm, \u00edgy kompakt m\u00e9rete miatt k\u00f6nnyed\u00e9n elhelyezhet\u0151 b\u00e1rmelyik szob\u00e1ban vagy lak\u00f3t\u00e9rben. A 1100 mm-es magass\u00e1g pedig &hellip; <a href=\"https:\/\/esemineu.ro\/hu\/termek\/barna-melegito-cserepkalyha-4-soros-hordozhato-cserepkalyha-fozolappal-8kw\/\">Folytatva<\/a><\/p>\n","protected":false},"featured_media":19837,"comment_status":"open","ping_status":"closed","template":"","meta":[],"product_brand":[695],"product_cat":[729,1680],"product_tag":[],"class_list":{"0":"post-4537","1":"product","2":"type-product","3":"status-publish","4":"has-post-thumbnail","6":"product_brand-esemineu","7":"product_cat-hordozhato-cserepkalyhak","8":"product_cat-melegito","9":"product_shipping_class-csempekalyhak","10":"pa_combustibil-utilizat-brikett","11":"pa_combustibil-utilizat-fa","12":"pa_culoare-barna","13":"pa_diametru-racordului-la-cos-120-mm-hu","14":"pa_material-acel-labak","15":"pa_material-teracota-hu","16":"pa_material-ontotvas-ajto-hoallo-uveggel","17":"pa_material-ontveny-fozolap","18":"pa_model-4-soros-melegito-hu","19":"pa_putere-7-kw-hu","20":"pa_randament-80-hu","21":"pa_suprafata-incalzita-mp-26-37-hu","22":"producer-soberom","24":"first","25":"instock","26":"shipping-taxable","27":"purchasable","28":"product-type-simple"},"acf":[],"yoast_head":"<!-- This site is optimized with the Yoast SEO Premium plugin v21.0 (Yoast SEO v27.3) - https:\/\/yoast.com\/product\/yoast-seo-premium-wordpress\/ -->\n<title>Barna Melegit\u0151 Cser\u00e9pk\u00e1lyha 4 soros | Hordozhat\u00f3 Cser\u00e9pk\u00e1lyha<\/title>\n<meta name=\"description\" content=\"Barna Melegit\u0151 Cser\u00e9pk\u00e1lyha 4 soros. Kiv\u00e1l\u00f3 min\u0151s\u00e9g\u0171 \u00e9s megb\u00edzhat\u00f3 k\u00e1lyha, amely melegs\u00e9get \u00e9s hangulatot hoz otthon\u00e1ba. | eSemineu.ro\" \/>\n<meta name=\"robots\" content=\"index, follow, max-snippet:-1, max-image-preview:large, max-video-preview:-1\" \/>\n<link rel=\"canonical\" href=\"https:\/\/esemineu.ro\/hu\/termek\/barna-melegito-cserepkalyha-4-soros-hordozhato-cserepkalyha-fozolappal-8kw\/\" \/>\n<meta property=\"og:locale\" content=\"hu_HU\" \/>\n<meta property=\"og:type\" content=\"article\" \/>\n<meta property=\"og:title\" content=\"Barna Melegit\u0151 Cser\u00e9pk\u00e1lyha 4 soros | Hordozhat\u00f3 Cser\u00e9pk\u00e1lyha\" \/>\n<meta property=\"og:description\" content=\"Barna Melegit\u0151 Cser\u00e9pk\u00e1lyha 4 soros. Kiv\u00e1l\u00f3 min\u0151s\u00e9g\u0171 \u00e9s megb\u00edzhat\u00f3 k\u00e1lyha, amely melegs\u00e9get \u00e9s hangulatot hoz otthon\u00e1ba. | eSemineu.ro\" \/>\n<meta property=\"og:url\" content=\"https:\/\/esemineu.ro\/hu\/termek\/barna-melegito-cserepkalyha-4-soros-hordozhato-cserepkalyha-fozolappal-8kw\/\" \/>\n<meta property=\"og:site_name\" content=\"eSemineu\" \/>\n<meta property=\"article:publisher\" content=\"https:\/\/web.facebook.com\/eSemineu\" \/>\n<meta property=\"article:modified_time\" content=\"2025-11-25T13:05:04+00:00\" \/>\n<meta property=\"og:image\" content=\"https:\/\/esemineu.ro\/wp-content\/uploads\/2023\/02\/FRONT.jpg\" \/>\n\t<meta property=\"og:image:width\" content=\"1000\" \/>\n\t<meta property=\"og:image:height\" content=\"1000\" \/>\n\t<meta property=\"og:image:type\" content=\"image\/jpeg\" \/>\n<meta name=\"twitter:card\" content=\"summary_large_image\" \/>\n<meta name=\"twitter:label1\" content=\"Becs\u00fclt olvas\u00e1si id\u0151\" \/>\n\t<meta name=\"twitter:data1\" content=\"3 perc\" \/>\n<script type=\"application\/ld+json\" class=\"yoast-schema-graph\">{\"@context\":\"https:\\\/\\\/schema.org\",\"@graph\":[{\"@type\":\"WebPage\",\"@id\":\"https:\\\/\\\/esemineu.ro\\\/hu\\\/termek\\\/barna-melegito-cserepkalyha-4-soros-hordozhato-cserepkalyha-fozolappal-8kw\\\/\",\"url\":\"https:\\\/\\\/esemineu.ro\\\/hu\\\/termek\\\/barna-melegito-cserepkalyha-4-soros-hordozhato-cserepkalyha-fozolappal-8kw\\\/\",\"name\":\"Barna Melegit\u0151 Cser\u00e9pk\u00e1lyha 4 soros | Hordozhat\u00f3 Cser\u00e9pk\u00e1lyha\",\"isPartOf\":{\"@id\":\"https:\\\/\\\/esemineu.ro\\\/hu\\\/#website\"},\"primaryImageOfPage\":{\"@id\":\"https:\\\/\\\/esemineu.ro\\\/hu\\\/termek\\\/barna-melegito-cserepkalyha-4-soros-hordozhato-cserepkalyha-fozolappal-8kw\\\/#primaryimage\"},\"image\":{\"@id\":\"https:\\\/\\\/esemineu.ro\\\/hu\\\/termek\\\/barna-melegito-cserepkalyha-4-soros-hordozhato-cserepkalyha-fozolappal-8kw\\\/#primaryimage\"},\"thumbnailUrl\":\"https:\\\/\\\/esemineu.ro\\\/wp-content\\\/uploads\\\/2023\\\/02\\\/FRONT.jpg\",\"datePublished\":\"2023-02-20T11:05:13+00:00\",\"dateModified\":\"2025-11-25T13:05:04+00:00\",\"description\":\"Barna Melegit\u0151 Cser\u00e9pk\u00e1lyha 4 soros. Kiv\u00e1l\u00f3 min\u0151s\u00e9g\u0171 \u00e9s megb\u00edzhat\u00f3 k\u00e1lyha, amely melegs\u00e9get \u00e9s hangulatot hoz otthon\u00e1ba. | eSemineu.ro\",\"breadcrumb\":{\"@id\":\"https:\\\/\\\/esemineu.ro\\\/hu\\\/termek\\\/barna-melegito-cserepkalyha-4-soros-hordozhato-cserepkalyha-fozolappal-8kw\\\/#breadcrumb\"},\"inLanguage\":\"hu\",\"potentialAction\":[{\"@type\":\"ReadAction\",\"target\":[\"https:\\\/\\\/esemineu.ro\\\/hu\\\/termek\\\/barna-melegito-cserepkalyha-4-soros-hordozhato-cserepkalyha-fozolappal-8kw\\\/\"]}]},{\"@type\":\"ImageObject\",\"inLanguage\":\"hu\",\"@id\":\"https:\\\/\\\/esemineu.ro\\\/hu\\\/termek\\\/barna-melegito-cserepkalyha-4-soros-hordozhato-cserepkalyha-fozolappal-8kw\\\/#primaryimage\",\"url\":\"https:\\\/\\\/esemineu.ro\\\/wp-content\\\/uploads\\\/2023\\\/02\\\/FRONT.jpg\",\"contentUrl\":\"https:\\\/\\\/esemineu.ro\\\/wp-content\\\/uploads\\\/2023\\\/02\\\/FRONT.jpg\",\"width\":1000,\"height\":1000},{\"@type\":\"BreadcrumbList\",\"@id\":\"https:\\\/\\\/esemineu.ro\\\/hu\\\/termek\\\/barna-melegito-cserepkalyha-4-soros-hordozhato-cserepkalyha-fozolappal-8kw\\\/#breadcrumb\",\"itemListElement\":[{\"@type\":\"ListItem\",\"position\":1,\"name\":\"Kezd\u0151lap\",\"item\":\"https:\\\/\\\/esemineu.ro\\\/hu\\\/\"},{\"@type\":\"ListItem\",\"position\":2,\"name\":\"\u00c1ruh\u00e1z\",\"item\":\"https:\\\/\\\/esemineu.ro\\\/hu\\\/aruhaz\\\/\"},{\"@type\":\"ListItem\",\"position\":3,\"name\":\"Barna Melegit\u0151 Cser\u00e9pk\u00e1lyha 4 soros, Hordozhat\u00f3 cser\u00e9pk\u00e1lyha F\u0151z\u0151lappal 8kW\"}]},{\"@type\":\"WebSite\",\"@id\":\"https:\\\/\\\/esemineu.ro\\\/hu\\\/#website\",\"url\":\"https:\\\/\\\/esemineu.ro\\\/hu\\\/\",\"name\":\"eSemineu\",\"description\":\"\u0218eminee de cea mai \u00eenalt\u0103 calitate\",\"potentialAction\":[{\"@type\":\"SearchAction\",\"target\":{\"@type\":\"EntryPoint\",\"urlTemplate\":\"https:\\\/\\\/esemineu.ro\\\/hu\\\/?s={search_term_string}\"},\"query-input\":{\"@type\":\"PropertyValueSpecification\",\"valueRequired\":true,\"valueName\":\"search_term_string\"}}],\"inLanguage\":\"hu\"}]}<\/script>\n<!-- \/ Yoast SEO Premium plugin. -->","yoast_head_json":{"title":"Barna Melegit\u0151 Cser\u00e9pk\u00e1lyha 4 soros | Hordozhat\u00f3 Cser\u00e9pk\u00e1lyha","description":"Barna Melegit\u0151 Cser\u00e9pk\u00e1lyha 4 soros. Kiv\u00e1l\u00f3 min\u0151s\u00e9g\u0171 \u00e9s megb\u00edzhat\u00f3 k\u00e1lyha, amely melegs\u00e9get \u00e9s hangulatot hoz otthon\u00e1ba. | eSemineu.ro","robots":{"index":"index","follow":"follow","max-snippet":"max-snippet:-1","max-image-preview":"max-image-preview:large","max-video-preview":"max-video-preview:-1"},"canonical":"https:\/\/esemineu.ro\/hu\/termek\/barna-melegito-cserepkalyha-4-soros-hordozhato-cserepkalyha-fozolappal-8kw\/","og_locale":"hu_HU","og_type":"article","og_title":"Barna Melegit\u0151 Cser\u00e9pk\u00e1lyha 4 soros | Hordozhat\u00f3 Cser\u00e9pk\u00e1lyha","og_description":"Barna Melegit\u0151 Cser\u00e9pk\u00e1lyha 4 soros. Kiv\u00e1l\u00f3 min\u0151s\u00e9g\u0171 \u00e9s megb\u00edzhat\u00f3 k\u00e1lyha, amely melegs\u00e9get \u00e9s hangulatot hoz otthon\u00e1ba. | eSemineu.ro","og_url":"https:\/\/esemineu.ro\/hu\/termek\/barna-melegito-cserepkalyha-4-soros-hordozhato-cserepkalyha-fozolappal-8kw\/","og_site_name":"eSemineu","article_publisher":"https:\/\/web.facebook.com\/eSemineu","article_modified_time":"2025-11-25T13:05:04+00:00","og_image":[{"width":1000,"height":1000,"url":"https:\/\/esemineu.ro\/wp-content\/uploads\/2023\/02\/FRONT.jpg","type":"image\/jpeg"}],"twitter_card":"summary_large_image","twitter_misc":{"Becs\u00fclt olvas\u00e1si id\u0151":"3 perc"},"schema":{"@context":"https:\/\/schema.org","@graph":[{"@type":"WebPage","@id":"https:\/\/esemineu.ro\/hu\/termek\/barna-melegito-cserepkalyha-4-soros-hordozhato-cserepkalyha-fozolappal-8kw\/","url":"https:\/\/esemineu.ro\/hu\/termek\/barna-melegito-cserepkalyha-4-soros-hordozhato-cserepkalyha-fozolappal-8kw\/","name":"Barna Melegit\u0151 Cser\u00e9pk\u00e1lyha 4 soros | Hordozhat\u00f3 Cser\u00e9pk\u00e1lyha","isPartOf":{"@id":"https:\/\/esemineu.ro\/hu\/#website"},"primaryImageOfPage":{"@id":"https:\/\/esemineu.ro\/hu\/termek\/barna-melegito-cserepkalyha-4-soros-hordozhato-cserepkalyha-fozolappal-8kw\/#primaryimage"},"image":{"@id":"https:\/\/esemineu.ro\/hu\/termek\/barna-melegito-cserepkalyha-4-soros-hordozhato-cserepkalyha-fozolappal-8kw\/#primaryimage"},"thumbnailUrl":"https:\/\/esemineu.ro\/wp-content\/uploads\/2023\/02\/FRONT.jpg","datePublished":"2023-02-20T11:05:13+00:00","dateModified":"2025-11-25T13:05:04+00:00","description":"Barna Melegit\u0151 Cser\u00e9pk\u00e1lyha 4 soros. Kiv\u00e1l\u00f3 min\u0151s\u00e9g\u0171 \u00e9s megb\u00edzhat\u00f3 k\u00e1lyha, amely melegs\u00e9get \u00e9s hangulatot hoz otthon\u00e1ba. | eSemineu.ro","breadcrumb":{"@id":"https:\/\/esemineu.ro\/hu\/termek\/barna-melegito-cserepkalyha-4-soros-hordozhato-cserepkalyha-fozolappal-8kw\/#breadcrumb"},"inLanguage":"hu","potentialAction":[{"@type":"ReadAction","target":["https:\/\/esemineu.ro\/hu\/termek\/barna-melegito-cserepkalyha-4-soros-hordozhato-cserepkalyha-fozolappal-8kw\/"]}]},{"@type":"ImageObject","inLanguage":"hu","@id":"https:\/\/esemineu.ro\/hu\/termek\/barna-melegito-cserepkalyha-4-soros-hordozhato-cserepkalyha-fozolappal-8kw\/#primaryimage","url":"https:\/\/esemineu.ro\/wp-content\/uploads\/2023\/02\/FRONT.jpg","contentUrl":"https:\/\/esemineu.ro\/wp-content\/uploads\/2023\/02\/FRONT.jpg","width":1000,"height":1000},{"@type":"BreadcrumbList","@id":"https:\/\/esemineu.ro\/hu\/termek\/barna-melegito-cserepkalyha-4-soros-hordozhato-cserepkalyha-fozolappal-8kw\/#breadcrumb","itemListElement":[{"@type":"ListItem","position":1,"name":"Kezd\u0151lap","item":"https:\/\/esemineu.ro\/hu\/"},{"@type":"ListItem","position":2,"name":"\u00c1ruh\u00e1z","item":"https:\/\/esemineu.ro\/hu\/aruhaz\/"},{"@type":"ListItem","position":3,"name":"Barna Melegit\u0151 Cser\u00e9pk\u00e1lyha 4 soros, Hordozhat\u00f3 cser\u00e9pk\u00e1lyha F\u0151z\u0151lappal 8kW"}]},{"@type":"WebSite","@id":"https:\/\/esemineu.ro\/hu\/#website","url":"https:\/\/esemineu.ro\/hu\/","name":"eSemineu","description":"\u0218eminee de cea mai \u00eenalt\u0103 calitate","potentialAction":[{"@type":"SearchAction","target":{"@type":"EntryPoint","urlTemplate":"https:\/\/esemineu.ro\/hu\/?s={search_term_string}"},"query-input":{"@type":"PropertyValueSpecification","valueRequired":true,"valueName":"search_term_string"}}],"inLanguage":"hu"}]}},"_links":{"self":[{"href":"https:\/\/esemineu.ro\/hu\/wp-json\/wp\/v2\/product\/4537","targetHints":{"allow":["GET"]}}],"collection":[{"href":"https:\/\/esemineu.ro\/hu\/wp-json\/wp\/v2\/product"}],"about":[{"href":"https:\/\/esemineu.ro\/hu\/wp-json\/wp\/v2\/types\/product"}],"replies":[{"embeddable":true,"href":"https:\/\/esemineu.ro\/hu\/wp-json\/wp\/v2\/comments?post=4537"}],"wp:featuredmedia":[{"embeddable":true,"href":"https:\/\/esemineu.ro\/hu\/wp-json\/wp\/v2\/media\/19837"}],"wp:attachment":[{"href":"https:\/\/esemineu.ro\/hu\/wp-json\/wp\/v2\/media?parent=4537"}],"wp:term":[{"taxonomy":"product_brand","embeddable":true,"href":"https:\/\/esemineu.ro\/hu\/wp-json\/wp\/v2\/product_brand?post=4537"},{"taxonomy":"product_cat","embeddable":true,"href":"https:\/\/esemineu.ro\/hu\/wp-json\/wp\/v2\/product_cat?post=4537"},{"taxonomy":"product_tag","embeddable":true,"href":"https:\/\/esemineu.ro\/hu\/wp-json\/wp\/v2\/product_tag?post=4537"}],"curies":[{"name":"wp","href":"https:\/\/api.w.org\/{rel}","templated":true}]}}