{"id":4534,"date":"2023-03-03T11:30:04","date_gmt":"2023-03-03T08:30:04","guid":{"rendered":"https:\/\/esemineu.ro\/product\/teracota-norbo-maro-usa-sticla\/"},"modified":"2026-02-06T12:47:45","modified_gmt":"2026-02-06T10:47:45","slug":"norbo-barna-cserepkalyha-uvegajtoval-fekete-vasalattal-barna-acelkeretbe-epitve-10kw","status":"publish","type":"product","link":"https:\/\/esemineu.ro\/hu\/termek\/norbo-barna-cserepkalyha-uvegajtoval-fekete-vasalattal-barna-acelkeretbe-epitve-10kw\/","title":{"rendered":"Norbo Barna cser\u00e9pk\u00e1lyha \u00fcvegajt\u00f3val, Fekete vasalattal, Barna ac\u00e9lkeretbe \u00e9p\u00edtve 10kW"},"content":{"rendered":"<p>Norbo Barna cser\u00e9pk\u00e1lyha \u00fcvegajt\u00f3val<\/p>\n<p>A Norbo Barna cser\u00e9pk\u00e1lyha \u00fcvegajt\u00f3val \u00e9s fekete vasalattal, barna ac\u00e9l keretbe \u00e9p\u00edtve egy eleg\u00e1ns \u00e9s hat\u00e9kony f\u0171t\u0151berendez\u00e9s, mely kiv\u00e1l\u00f3 v\u00e1laszt\u00e1s lehet az otthon meleg\u00e9nek megteremt\u00e9s\u00e9re \u00e9s kellemes hangulat\u00e1nak fokoz\u00e1s\u00e1ra. Ez a k\u00e1lyha 10kW-os teljes\u00edtm\u00e9ny\u00e9vel \u00e9s s\u00f6t\u00e9tbarna sz\u00edn\u00e9vel t\u00f6k\u00e9letesen illeszkedik a modern \u00e9s klasszikus bels\u0151 terekbe egyar\u00e1nt.<\/p>\n<p>A cser\u00e9pk\u00e1lyha kiv\u00e1l\u00f3 min\u0151s\u00e9g\u0171 anyagokb\u00f3l k\u00e9sz\u00fclt, \u00f6ntv\u00e9ny l\u00e1bak, ajt\u00f3k, f\u0151z\u0151lap, tet\u0151 \u00e9s f\u00fcstcs\u0151 kivezet\u00e9s biztos\u00edtj\u00e1k a tart\u00f3ss\u00e1got \u00e9s megb\u00edzhat\u00f3s\u00e1got. Az \u00fcvegajt\u00f3 lehet\u0151v\u00e9 teszi, hogy \u00e9lvezze a t\u0171z l\u00e1ngj\u00e1t, mik\u00f6zben a k\u00e1lyha hat\u00e9konyan f\u0171ti a helyis\u00e9get.<\/p>\n<p>A f\u00fcstcs\u0151 m\u00e9rete 120 mm, ami optim\u00e1lis f\u00fcstelvezet\u00e9st eredm\u00e9nyez, \u00e9s biztos\u00edtja a hat\u00e9kony \u00e9s k\u00f6rnyezetk\u00edm\u00e9l\u0151 m\u0171k\u00f6d\u00e9st. A k\u00e1lyh\u00e1nak bal \u00e9s jobb oldalon is rendelkez\u00e9sre \u00e1ll f\u00fcstkivezet\u00e9si lehet\u0151s\u00e9ge, \u00edgy k\u00f6nnyen alkalmazkodik a helyis\u00e9g adotts\u00e1gaihoz.<\/p>\n<p>A Norbo Barna cser\u00e9pk\u00e1lyha m\u00e9retei 1050 mm hossz\u00fas\u00e1gban, 610 mm m\u00e9lys\u00e9gben \u00e9s 760 mm magass\u00e1gban \u00e9rhet\u0151ek el, a s\u00falya pedig 190 kg, ami stabilit\u00e1st \u00e9s biztons\u00e1got biztos\u00edt a haszn\u00e1lat sor\u00e1n.<\/p>\n<p>A k\u00e1lyha k\u00fcl\u00f6nb\u00f6z\u0151 t\u00fczel\u0151anyagokkal m\u0171k\u00f6dik hat\u00e9konyan, \u00edgy lehet\u0151s\u00e9g van a brikett, sz\u00e9n \u00e9s t\u0171zifa haszn\u00e1lat\u00e1ra is. Ez\u00e1ltal az \u00fczemeltet\u00e9se rugalmas \u00e9s gazdas\u00e1gos, \u00edgy az \u00d6n ig\u00e9nyeihez \u00e9s lehet\u0151s\u00e9geihez igaz\u00edthat\u00f3.<\/p>\n<p>A Norbo Barna cser\u00e9pk\u00e1lyha nemcsak kiv\u00e1l\u00f3 f\u0171t\u0151teljes\u00edtm\u00e9nnyel rendelkezik, de egyben eszt\u00e9tikus kieg\u00e9sz\u00edt\u0151je is lesz otthon\u00e1nak. Eleg\u00e1ns megjelen\u00e9se \u00e9s megb\u00edzhat\u00f3 m\u0171k\u00f6d\u00e9se miatt hossz\u00fa t\u00e1von garant\u00e1ltan el\u00e9gedett lesz vele. Ha olyan k\u00e1lyh\u00e1t keres, amely meleggel \u00e9s hangulattal t\u00f6lti meg otthon\u00e1t, akkor a Norbo Barna cser\u00e9pk\u00e1lyha az ide\u00e1lis v\u00e1laszt\u00e1s.<\/p>\n<p>Fontos megjegyezni, hogy a t\u0171zhely hullad\u00e9k \u00e9get\u00e9s\u00e9re nem alkalmas, kiz\u00e1r\u00f3lag f\u0171t\u00e9sre \u00e9s f\u0151z\u00e9sre haszn\u00e1lhat\u00f3. Az ilyen hullad\u00e9k \u00e9get\u00e9sekor a cser\u00e9pk\u00e1lyha f\u00fcstkivezet\u0151 ny\u00edl\u00e1sa k\u00f6nnyen elt\u00f6m\u0151dhet, ez\u00e9rt aj\u00e1nlott kiz\u00e1r\u00f3lag megfelel\u0151 anyagokat \u00e9getni benne.<\/p>\n<h6>Sz\u00e1ll\u00edt\u00e1si hat\u00e1rid\u0151:<\/h6>\n<ul>\n<li><strong>Magyarorsz\u00e1g \u00e9s az eg\u00e9sz Eur\u00f3pai Uni\u00f3 ter\u00fclet\u00e9n<\/strong>\u00a0is sz\u00e1ll\u00edtjuk.<\/li>\n<li>Rom\u00e1ni\u00e1ba 2-3 munkanap alatt sz\u00e1ll\u00edtjuk<\/li>\n<li>Magyarorsz\u00e1gra \u00e9s az EU ter\u00fclet\u00e9re az \u00e1tutal\u00e1s ut\u00e1n 5 munkanapon bel\u00fcl \u00e9rkezik meg a term\u00e9k.<\/li>\n<\/ul>\n<p>Ha b\u00e1rmilyen k\u00e9rd\u00e9se van, k\u00e9rj\u00fck, l\u00e9pjen kapcsolatba vel\u00fcnk.<\/p>\n<p>Tov\u00e1bbi aj\u00e1nlatok\u00e9rt kattintson\u00a0<a href=\"https:\/\/esemineu.ro\/hu\/termek-kategoria\/hordozhato-cserepkalyhak\/\">ide<\/a><\/p>\n<p>T\u0151bb inform\u00e1ci\u00f3\u00e9rt l\u00e1togasson el\u00a0<a href=\"https:\/\/www.youtube.com\/@esemineuromania\">YouTube<\/a>-csatorn\u00e1nkra, valamint\u00a0<a href=\"https:\/\/www.facebook.com\/eSemineu\">Facebook<\/a>\u00a0\u00e9s\u00a0<a href=\"https:\/\/www.instagram.com\/esemineu\/\">Instagram<\/a>\u00a0oldalainkra.<\/p>\n<p><a href=\"https:\/\/esemineu.ro\/\">eSemineu.ro<\/a>\u00a0 \u00a0Te rakod a t\u0171zet, mi adjuk a meleget!<\/p>\n","protected":false},"excerpt":{"rendered":"<p>Norbo Barna cser\u00e9pk\u00e1lyha \u00fcvegajt\u00f3val A Norbo Barna cser\u00e9pk\u00e1lyha \u00fcvegajt\u00f3val \u00e9s fekete vasalattal, barna ac\u00e9l keretbe \u00e9p\u00edtve egy eleg\u00e1ns \u00e9s hat\u00e9kony f\u0171t\u0151berendez\u00e9s, mely kiv\u00e1l\u00f3 v\u00e1laszt\u00e1s lehet az otthon meleg\u00e9nek megteremt\u00e9s\u00e9re \u00e9s kellemes hangulat\u00e1nak fokoz\u00e1s\u00e1ra. Ez a k\u00e1lyha 10kW-os teljes\u00edtm\u00e9ny\u00e9vel \u00e9s s\u00f6t\u00e9tbarna sz\u00edn\u00e9vel t\u00f6k\u00e9letesen illeszkedik a modern \u00e9s klasszikus bels\u0151 terekbe egyar\u00e1nt. A cser\u00e9pk\u00e1lyha kiv\u00e1l\u00f3 min\u0151s\u00e9g\u0171 anyagokb\u00f3l k\u00e9sz\u00fclt, \u00f6ntv\u00e9ny l\u00e1bak, ajt\u00f3k, f\u0151z\u0151lap, tet\u0151 \u00e9s f\u00fcstcs\u0151 kivezet\u00e9s biztos\u00edtj\u00e1k a tart\u00f3ss\u00e1got \u00e9s megb\u00edzhat\u00f3s\u00e1got. Az \u00fcvegajt\u00f3 lehet\u0151v\u00e9 teszi, hogy \u00e9lvezze a t\u0171z l\u00e1ngj\u00e1t, mik\u00f6zben a k\u00e1lyha hat\u00e9konyan f\u0171ti a helyis\u00e9get. A f\u00fcstcs\u0151 m\u00e9rete 120 mm, ami optim\u00e1lis f\u00fcstelvezet\u00e9st eredm\u00e9nyez, \u00e9s biztos\u00edtja a hat\u00e9kony \u00e9s k\u00f6rnyezetk\u00edm\u00e9l\u0151 m\u0171k\u00f6d\u00e9st. A k\u00e1lyh\u00e1nak bal \u00e9s jobb oldalon is rendelkez\u00e9sre \u00e1ll f\u00fcstkivezet\u00e9si lehet\u0151s\u00e9ge, \u00edgy k\u00f6nnyen alkalmazkodik a helyis\u00e9g adotts\u00e1gaihoz. A Norbo Barna cser\u00e9pk\u00e1lyha m\u00e9retei 1050 mm hossz\u00fas\u00e1gban, 610 mm m\u00e9lys\u00e9gben \u00e9s 760 mm magass\u00e1gban \u00e9rhet\u0151ek el, a s\u00falya pedig 190 kg, ami stabilit\u00e1st \u00e9s biztons\u00e1got biztos\u00edt a haszn\u00e1lat sor\u00e1n. A k\u00e1lyha &hellip; <a href=\"https:\/\/esemineu.ro\/hu\/termek\/norbo-barna-cserepkalyha-uvegajtoval-fekete-vasalattal-barna-acelkeretbe-epitve-10kw\/\">Folytatva<\/a><\/p>\n","protected":false},"featured_media":29936,"comment_status":"open","ping_status":"closed","template":"","meta":[],"product_brand":[706],"product_cat":[1682,729],"product_tag":[],"class_list":{"0":"post-4534","1":"product","2":"type-product","3":"status-publish","4":"has-post-thumbnail","6":"product_brand-esemineu-premium","7":"product_cat-fozo","8":"product_cat-hordozhato-cserepkalyhak","9":"product_shipping_class-csempekalyhak","10":"pa_combustibil-utilizat-brikett","11":"pa_combustibil-utilizat-tuzifa-hu","12":"pa_culoare-sotet-barna","13":"pa_diametru-racordului-la-cos-120-mm-hu","14":"pa_evacuare-fum-bal","15":"pa_evacuare-fum-jobb","16":"pa_material-teracota-hu","17":"pa_material-ontotvas-ajto-hoallo-uveggel","18":"pa_material-ontveny-fozolap","19":"pa_material-ontveny-labak","20":"pa_model-asztal-tipusu-hu","21":"pa_putere-10-kw-hu","22":"pa_randament-94-hu","23":"pa_suprafata-incalzita-mp-55-60-hu","24":"producer-norbo","26":"first","27":"instock","28":"shipping-taxable","29":"purchasable","30":"product-type-variable"},"acf":[],"yoast_head":"<!-- This site is optimized with the Yoast SEO Premium plugin v21.0 (Yoast SEO v27.3) - https:\/\/yoast.com\/product\/yoast-seo-premium-wordpress\/ -->\n<title>Norbo Barna cser\u00e9pk\u00e1lyha \u00fcvegajt\u00f3val, 10 kW | eSemineu.ro<\/title>\n<meta name=\"description\" content=\"Norbo Barna cser\u00e9pk\u00e1lyha \u00fcvegajt\u00f3val, keretben \u00e9pitett f\u0151z\u0151lappal felszerelt. F\u00e1val t\u00fczel\u00e9ses cser\u00e9pk\u00e1lyha \u00f6nt\u00f6ttvas l\u00e1bakkal. | eSemineu.ro\" \/>\n<meta name=\"robots\" content=\"index, follow, max-snippet:-1, max-image-preview:large, max-video-preview:-1\" \/>\n<link rel=\"canonical\" href=\"https:\/\/esemineu.ro\/hu\/termek\/norbo-barna-cserepkalyha-uvegajtoval-fekete-vasalattal-barna-acelkeretbe-epitve-10kw\/\" \/>\n<meta property=\"og:locale\" content=\"hu_HU\" \/>\n<meta property=\"og:type\" content=\"article\" \/>\n<meta property=\"og:title\" content=\"Norbo Barna cser\u00e9pk\u00e1lyha \u00fcvegajt\u00f3val, 10 kW | eSemineu.ro\" \/>\n<meta property=\"og:description\" content=\"Norbo Barna cser\u00e9pk\u00e1lyha \u00fcvegajt\u00f3val, keretben \u00e9pitett f\u0151z\u0151lappal felszerelt. F\u00e1val t\u00fczel\u00e9ses cser\u00e9pk\u00e1lyha \u00f6nt\u00f6ttvas l\u00e1bakkal. | eSemineu.ro\" \/>\n<meta property=\"og:url\" content=\"https:\/\/esemineu.ro\/hu\/termek\/norbo-barna-cserepkalyha-uvegajtoval-fekete-vasalattal-barna-acelkeretbe-epitve-10kw\/\" \/>\n<meta property=\"og:site_name\" content=\"eSemineu\" \/>\n<meta property=\"article:publisher\" content=\"https:\/\/web.facebook.com\/eSemineu\" \/>\n<meta property=\"article:modified_time\" content=\"2026-02-06T10:47:45+00:00\" \/>\n<meta property=\"og:image\" content=\"https:\/\/esemineu.ro\/wp-content\/uploads\/2023\/03\/NORBO-MARO-LANDING-FR.jpg\" \/>\n\t<meta property=\"og:image:width\" content=\"1000\" \/>\n\t<meta property=\"og:image:height\" content=\"1000\" \/>\n\t<meta property=\"og:image:type\" content=\"image\/jpeg\" \/>\n<meta name=\"twitter:card\" content=\"summary_large_image\" \/>\n<meta name=\"twitter:label1\" content=\"Becs\u00fclt olvas\u00e1si id\u0151\" \/>\n\t<meta name=\"twitter:data1\" content=\"4 perc\" \/>\n<script type=\"application\/ld+json\" class=\"yoast-schema-graph\">{\"@context\":\"https:\\\/\\\/schema.org\",\"@graph\":[{\"@type\":\"WebPage\",\"@id\":\"https:\\\/\\\/esemineu.ro\\\/hu\\\/termek\\\/norbo-barna-cserepkalyha-uvegajtoval-fekete-vasalattal-barna-acelkeretbe-epitve-10kw\\\/\",\"url\":\"https:\\\/\\\/esemineu.ro\\\/hu\\\/termek\\\/norbo-barna-cserepkalyha-uvegajtoval-fekete-vasalattal-barna-acelkeretbe-epitve-10kw\\\/\",\"name\":\"Norbo Barna cser\u00e9pk\u00e1lyha \u00fcvegajt\u00f3val, 10 kW | eSemineu.ro\",\"isPartOf\":{\"@id\":\"https:\\\/\\\/esemineu.ro\\\/hu\\\/#website\"},\"primaryImageOfPage\":{\"@id\":\"https:\\\/\\\/esemineu.ro\\\/hu\\\/termek\\\/norbo-barna-cserepkalyha-uvegajtoval-fekete-vasalattal-barna-acelkeretbe-epitve-10kw\\\/#primaryimage\"},\"image\":{\"@id\":\"https:\\\/\\\/esemineu.ro\\\/hu\\\/termek\\\/norbo-barna-cserepkalyha-uvegajtoval-fekete-vasalattal-barna-acelkeretbe-epitve-10kw\\\/#primaryimage\"},\"thumbnailUrl\":\"https:\\\/\\\/esemineu.ro\\\/wp-content\\\/uploads\\\/2023\\\/03\\\/NORBO-MARO-ST-LANDING-FR.jpg\",\"datePublished\":\"2023-03-03T08:30:04+00:00\",\"dateModified\":\"2026-02-06T10:47:45+00:00\",\"description\":\"Norbo Barna cser\u00e9pk\u00e1lyha \u00fcvegajt\u00f3val, keretben \u00e9pitett f\u0151z\u0151lappal felszerelt. F\u00e1val t\u00fczel\u00e9ses cser\u00e9pk\u00e1lyha \u00f6nt\u00f6ttvas l\u00e1bakkal. | eSemineu.ro\",\"breadcrumb\":{\"@id\":\"https:\\\/\\\/esemineu.ro\\\/hu\\\/termek\\\/norbo-barna-cserepkalyha-uvegajtoval-fekete-vasalattal-barna-acelkeretbe-epitve-10kw\\\/#breadcrumb\"},\"inLanguage\":\"hu\",\"potentialAction\":[{\"@type\":\"ReadAction\",\"target\":[\"https:\\\/\\\/esemineu.ro\\\/hu\\\/termek\\\/norbo-barna-cserepkalyha-uvegajtoval-fekete-vasalattal-barna-acelkeretbe-epitve-10kw\\\/\"]}]},{\"@type\":\"ImageObject\",\"inLanguage\":\"hu\",\"@id\":\"https:\\\/\\\/esemineu.ro\\\/hu\\\/termek\\\/norbo-barna-cserepkalyha-uvegajtoval-fekete-vasalattal-barna-acelkeretbe-epitve-10kw\\\/#primaryimage\",\"url\":\"https:\\\/\\\/esemineu.ro\\\/wp-content\\\/uploads\\\/2023\\\/03\\\/NORBO-MARO-ST-LANDING-FR.jpg\",\"contentUrl\":\"https:\\\/\\\/esemineu.ro\\\/wp-content\\\/uploads\\\/2023\\\/03\\\/NORBO-MARO-ST-LANDING-FR.jpg\",\"width\":1000,\"height\":1000},{\"@type\":\"BreadcrumbList\",\"@id\":\"https:\\\/\\\/esemineu.ro\\\/hu\\\/termek\\\/norbo-barna-cserepkalyha-uvegajtoval-fekete-vasalattal-barna-acelkeretbe-epitve-10kw\\\/#breadcrumb\",\"itemListElement\":[{\"@type\":\"ListItem\",\"position\":1,\"name\":\"Kezd\u0151lap\",\"item\":\"https:\\\/\\\/esemineu.ro\\\/hu\\\/\"},{\"@type\":\"ListItem\",\"position\":2,\"name\":\"\u00c1ruh\u00e1z\",\"item\":\"https:\\\/\\\/esemineu.ro\\\/hu\\\/aruhaz\\\/\"},{\"@type\":\"ListItem\",\"position\":3,\"name\":\"Norbo Barna cser\u00e9pk\u00e1lyha \u00fcvegajt\u00f3val, Fekete vasalattal, Barna ac\u00e9lkeretbe \u00e9p\u00edtve 10kW\"}]},{\"@type\":\"WebSite\",\"@id\":\"https:\\\/\\\/esemineu.ro\\\/hu\\\/#website\",\"url\":\"https:\\\/\\\/esemineu.ro\\\/hu\\\/\",\"name\":\"eSemineu\",\"description\":\"\u0218eminee de cea mai \u00eenalt\u0103 calitate\",\"potentialAction\":[{\"@type\":\"SearchAction\",\"target\":{\"@type\":\"EntryPoint\",\"urlTemplate\":\"https:\\\/\\\/esemineu.ro\\\/hu\\\/?s={search_term_string}\"},\"query-input\":{\"@type\":\"PropertyValueSpecification\",\"valueRequired\":true,\"valueName\":\"search_term_string\"}}],\"inLanguage\":\"hu\"}]}<\/script>\n<!-- \/ Yoast SEO Premium plugin. -->","yoast_head_json":{"title":"Norbo Barna cser\u00e9pk\u00e1lyha \u00fcvegajt\u00f3val, 10 kW | eSemineu.ro","description":"Norbo Barna cser\u00e9pk\u00e1lyha \u00fcvegajt\u00f3val, keretben \u00e9pitett f\u0151z\u0151lappal felszerelt. F\u00e1val t\u00fczel\u00e9ses cser\u00e9pk\u00e1lyha \u00f6nt\u00f6ttvas l\u00e1bakkal. | eSemineu.ro","robots":{"index":"index","follow":"follow","max-snippet":"max-snippet:-1","max-image-preview":"max-image-preview:large","max-video-preview":"max-video-preview:-1"},"canonical":"https:\/\/esemineu.ro\/hu\/termek\/norbo-barna-cserepkalyha-uvegajtoval-fekete-vasalattal-barna-acelkeretbe-epitve-10kw\/","og_locale":"hu_HU","og_type":"article","og_title":"Norbo Barna cser\u00e9pk\u00e1lyha \u00fcvegajt\u00f3val, 10 kW | eSemineu.ro","og_description":"Norbo Barna cser\u00e9pk\u00e1lyha \u00fcvegajt\u00f3val, keretben \u00e9pitett f\u0151z\u0151lappal felszerelt. F\u00e1val t\u00fczel\u00e9ses cser\u00e9pk\u00e1lyha \u00f6nt\u00f6ttvas l\u00e1bakkal. | eSemineu.ro","og_url":"https:\/\/esemineu.ro\/hu\/termek\/norbo-barna-cserepkalyha-uvegajtoval-fekete-vasalattal-barna-acelkeretbe-epitve-10kw\/","og_site_name":"eSemineu","article_publisher":"https:\/\/web.facebook.com\/eSemineu","article_modified_time":"2026-02-06T10:47:45+00:00","og_image":[{"width":1000,"height":1000,"url":"https:\/\/esemineu.ro\/wp-content\/uploads\/2023\/03\/NORBO-MARO-LANDING-FR.jpg","type":"image\/jpeg"}],"twitter_card":"summary_large_image","twitter_misc":{"Becs\u00fclt olvas\u00e1si id\u0151":"4 perc"},"schema":{"@context":"https:\/\/schema.org","@graph":[{"@type":"WebPage","@id":"https:\/\/esemineu.ro\/hu\/termek\/norbo-barna-cserepkalyha-uvegajtoval-fekete-vasalattal-barna-acelkeretbe-epitve-10kw\/","url":"https:\/\/esemineu.ro\/hu\/termek\/norbo-barna-cserepkalyha-uvegajtoval-fekete-vasalattal-barna-acelkeretbe-epitve-10kw\/","name":"Norbo Barna cser\u00e9pk\u00e1lyha \u00fcvegajt\u00f3val, 10 kW | eSemineu.ro","isPartOf":{"@id":"https:\/\/esemineu.ro\/hu\/#website"},"primaryImageOfPage":{"@id":"https:\/\/esemineu.ro\/hu\/termek\/norbo-barna-cserepkalyha-uvegajtoval-fekete-vasalattal-barna-acelkeretbe-epitve-10kw\/#primaryimage"},"image":{"@id":"https:\/\/esemineu.ro\/hu\/termek\/norbo-barna-cserepkalyha-uvegajtoval-fekete-vasalattal-barna-acelkeretbe-epitve-10kw\/#primaryimage"},"thumbnailUrl":"https:\/\/esemineu.ro\/wp-content\/uploads\/2023\/03\/NORBO-MARO-ST-LANDING-FR.jpg","datePublished":"2023-03-03T08:30:04+00:00","dateModified":"2026-02-06T10:47:45+00:00","description":"Norbo Barna cser\u00e9pk\u00e1lyha \u00fcvegajt\u00f3val, keretben \u00e9pitett f\u0151z\u0151lappal felszerelt. F\u00e1val t\u00fczel\u00e9ses cser\u00e9pk\u00e1lyha \u00f6nt\u00f6ttvas l\u00e1bakkal. | eSemineu.ro","breadcrumb":{"@id":"https:\/\/esemineu.ro\/hu\/termek\/norbo-barna-cserepkalyha-uvegajtoval-fekete-vasalattal-barna-acelkeretbe-epitve-10kw\/#breadcrumb"},"inLanguage":"hu","potentialAction":[{"@type":"ReadAction","target":["https:\/\/esemineu.ro\/hu\/termek\/norbo-barna-cserepkalyha-uvegajtoval-fekete-vasalattal-barna-acelkeretbe-epitve-10kw\/"]}]},{"@type":"ImageObject","inLanguage":"hu","@id":"https:\/\/esemineu.ro\/hu\/termek\/norbo-barna-cserepkalyha-uvegajtoval-fekete-vasalattal-barna-acelkeretbe-epitve-10kw\/#primaryimage","url":"https:\/\/esemineu.ro\/wp-content\/uploads\/2023\/03\/NORBO-MARO-ST-LANDING-FR.jpg","contentUrl":"https:\/\/esemineu.ro\/wp-content\/uploads\/2023\/03\/NORBO-MARO-ST-LANDING-FR.jpg","width":1000,"height":1000},{"@type":"BreadcrumbList","@id":"https:\/\/esemineu.ro\/hu\/termek\/norbo-barna-cserepkalyha-uvegajtoval-fekete-vasalattal-barna-acelkeretbe-epitve-10kw\/#breadcrumb","itemListElement":[{"@type":"ListItem","position":1,"name":"Kezd\u0151lap","item":"https:\/\/esemineu.ro\/hu\/"},{"@type":"ListItem","position":2,"name":"\u00c1ruh\u00e1z","item":"https:\/\/esemineu.ro\/hu\/aruhaz\/"},{"@type":"ListItem","position":3,"name":"Norbo Barna cser\u00e9pk\u00e1lyha \u00fcvegajt\u00f3val, Fekete vasalattal, Barna ac\u00e9lkeretbe \u00e9p\u00edtve 10kW"}]},{"@type":"WebSite","@id":"https:\/\/esemineu.ro\/hu\/#website","url":"https:\/\/esemineu.ro\/hu\/","name":"eSemineu","description":"\u0218eminee de cea mai \u00eenalt\u0103 calitate","potentialAction":[{"@type":"SearchAction","target":{"@type":"EntryPoint","urlTemplate":"https:\/\/esemineu.ro\/hu\/?s={search_term_string}"},"query-input":{"@type":"PropertyValueSpecification","valueRequired":true,"valueName":"search_term_string"}}],"inLanguage":"hu"}]}},"_links":{"self":[{"href":"https:\/\/esemineu.ro\/hu\/wp-json\/wp\/v2\/product\/4534","targetHints":{"allow":["GET"]}}],"collection":[{"href":"https:\/\/esemineu.ro\/hu\/wp-json\/wp\/v2\/product"}],"about":[{"href":"https:\/\/esemineu.ro\/hu\/wp-json\/wp\/v2\/types\/product"}],"replies":[{"embeddable":true,"href":"https:\/\/esemineu.ro\/hu\/wp-json\/wp\/v2\/comments?post=4534"}],"wp:featuredmedia":[{"embeddable":true,"href":"https:\/\/esemineu.ro\/hu\/wp-json\/wp\/v2\/media\/29936"}],"wp:attachment":[{"href":"https:\/\/esemineu.ro\/hu\/wp-json\/wp\/v2\/media?parent=4534"}],"wp:term":[{"taxonomy":"product_brand","embeddable":true,"href":"https:\/\/esemineu.ro\/hu\/wp-json\/wp\/v2\/product_brand?post=4534"},{"taxonomy":"product_cat","embeddable":true,"href":"https:\/\/esemineu.ro\/hu\/wp-json\/wp\/v2\/product_cat?post=4534"},{"taxonomy":"product_tag","embeddable":true,"href":"https:\/\/esemineu.ro\/hu\/wp-json\/wp\/v2\/product_tag?post=4534"}],"curies":[{"name":"wp","href":"https:\/\/api.w.org\/{rel}","templated":true}]}}