{"id":4527,"date":"2023-03-04T10:32:20","date_gmt":"2023-03-04T07:32:20","guid":{"rendered":"https:\/\/esemineu.ro\/product\/soba-teracota-lucifer-crem-rustic\/"},"modified":"2026-04-07T09:08:35","modified_gmt":"2026-04-07T06:08:35","slug":"lucifer-cserepkalyha-rusztikus-krem-4-soros-uvegajtos-granitlappal-es-ontottvasalattal-12kw","status":"publish","type":"product","link":"https:\/\/esemineu.ro\/hu\/termek\/lucifer-cserepkalyha-rusztikus-krem-4-soros-uvegajtos-granitlappal-es-ontottvasalattal-12kw\/","title":{"rendered":"Lucifer cser\u00e9pk\u00e1lyha Rusztikus Kr\u00e9m, 4 soros, \u00fcvegajt\u00f3s, Gr\u00e1nitlappal \u00e9s \u00f6nt\u00f6ttvasalattal, 12kW"},"content":{"rendered":"<p>A Lucifer Rusztikus Kr\u00e9m 4 soros cser\u00e9pk\u00e1lyha egy igaz\u00e1n st\u00edlusos \u00e9s hat\u00e9kony t\u00fczel\u0151berendez\u00e9s, mely t\u00f6k\u00e9letes v\u00e1laszt\u00e1s az otthon meleg\u00e9nek \u00e9s k\u00e9nyelm\u00e9nek megteremt\u00e9s\u00e9hez. A k\u00e1lyha teljes\u00edtm\u00e9nye impoz\u00e1ns 12 kW, \u00edgy biztos\u00edtva a hat\u00e9kony \u00e9s megb\u00edzhat\u00f3 f\u0171t\u00e9st a legnagyobb hidegben is.<\/p>\n<p>Az \u0151nt\u0151vas ajt\u00f3 h\u0151\u00e1ll\u00f3 \u00fcveggel t\u00f6k\u00e9letes kombin\u00e1ci\u00f3ja a hagyom\u00e1nyos \u00e9s modern diz\u00e1jnnak, ami lehet\u0151v\u00e9 teszi, hogy \u00e9lvezze a l\u00e1ngok j\u00e1t\u00e9k\u00e1t, mik\u00f6zben a k\u00e1lyha biztons\u00e1gosan m\u0171k\u00f6dik. Az \u00f6nt\u00f6ttvas l\u00e1bak \u00e9s az egyedi gr\u00e1nitlappal kieg\u00e9sz\u00edtett cser\u00e9p anyagb\u00f3l k\u00e9sz\u00fclt k\u00e1lyha egyedi \u00e9s eleg\u00e1ns megjelen\u00e9st k\u00f6lcs\u00f6n\u00f6z a helyis\u00e9gnek.<\/p>\n<p>A k\u00e1lyha hat\u00e1sfoka 90,5%, ami azt jelenti, hogy a begy\u00fajtott t\u00fczel\u0151anyagb\u00f3l sz\u00e1rmaz\u00f3 energia t\u00falnyom\u00f3 r\u00e9sz\u00e9t hat\u00e9konyan hasznos\u00edtja a k\u00e1lyha, minimaliz\u00e1lva ezzel az energiavesztes\u00e9get \u00e9s cs\u00f6kkentve a f\u0171t\u00e9si k\u00f6lts\u00e9geket. A 120 mm-es f\u00fcstcs\u0151 lehet\u0151v\u00e9 teszi a hat\u00e9kony f\u00fcstelvezet\u00e9st, \u00edgy a k\u00e1lyha k\u00f6rnyezetbar\u00e1t \u00e9s k\u00f6rnyezettudatos v\u00e1laszt\u00e1s.<\/p>\n<p>A k\u00e1lyha sz\u00edne rusztikus kr\u00e9m \u00e9s fekete, amely eleg\u00e1ns megjelen\u00e9st k\u00f6lcs\u00f6n\u00f6z az enteri\u0151rnek \u00e9s t\u00f6k\u00e9letesen illeszkedik a legt\u00f6bb otthonba. A k\u00e1lyha m\u00e9retei 700 mm hossz\u00fas\u00e1gban \u00e9s sz\u00e9less\u00e9gben, 470 mm m\u00e9lys\u00e9gben, valamint 1080-1090 mm magass\u00e1gban vannak. A 300 kg-os s\u00faly stabilit\u00e1st \u00e9s masszivit\u00e1st biztos\u00edt a k\u00e1lyh\u00e1nak.<\/p>\n<p>A Lucifer Rusztikus Kr\u00e9m 4 soros cser\u00e9pk\u00e1lyha a min\u0151s\u00e9get, a megb\u00edzhat\u00f3s\u00e1got \u00e9s az eszt\u00e9tikumot \u00f6tv\u00f6zi, \u00edgy ide\u00e1lis v\u00e1laszt\u00e1s mindenki sz\u00e1m\u00e1ra, aki szeretn\u00e9 otthon\u00e1t egy meghitt \u00e9s meleg helysz\u00ednn\u00e9 var\u00e1zsolni. A k\u00e1lyha kiv\u00e1l\u00f3 min\u0151s\u00e9g\u0171 anyagokb\u00f3l k\u00e9sz\u00fclt, \u00e9s az elk\u00e9peszt\u0151 teljes\u00edtm\u00e9nye r\u00e9v\u00e9n a hideg t\u00e9li napokon is megb\u00edzhat\u00f3 meleget \u00e9s k\u00e9nyelmet biztos\u00edt.<\/p>\n<p>Fontos megjegyezni, hogy a t\u0171zhely hullad\u00e9k \u00e9get\u00e9s\u00e9re nem alkalmas, kiz\u00e1r\u00f3lag f\u0171t\u00e9sre \u00e9s f\u0151z\u00e9sre haszn\u00e1lhat\u00f3. Az ilyen hullad\u00e9k \u00e9get\u00e9sekor a cser\u00e9pk\u00e1lyha f\u00fcstkivezet\u0151 ny\u00edl\u00e1sa k\u00f6nnyen elt\u00f6m\u0151dhet, ez\u00e9rt aj\u00e1nlott kiz\u00e1r\u00f3lag megfelel\u0151 anyagokat \u00e9getni benne.<\/p>\n<h6>Sz\u00e1ll\u00edt\u00e1si hat\u00e1rid\u0151:<\/h6>\n<ul>\n<li><strong>Magyarorsz\u00e1g \u00e9s az eg\u00e9sz Eur\u00f3pai Uni\u00f3 ter\u00fclet\u00e9n<\/strong>\u00a0is sz\u00e1ll\u00edtjuk.<\/li>\n<li>Rom\u00e1ni\u00e1ba 2-3 munkanap alatt sz\u00e1ll\u00edtjuk<\/li>\n<li>Magyarorsz\u00e1gra \u00e9s az EU ter\u00fclet\u00e9re az \u00e1tutal\u00e1s ut\u00e1n 5 munkanapon bel\u00fcl \u00e9rkezik meg a term\u00e9k.<\/li>\n<\/ul>\n<p>Ha b\u00e1rmilyen k\u00e9rd\u00e9se van, k\u00e9rj\u00fck, l\u00e9pjen kapcsolatba vel\u00fcnk.<\/p>\n<p>Tov\u00e1bbi aj\u00e1nlatok\u00e9rt kattintson\u00a0<a href=\"https:\/\/esemineu.ro\/hu\/termek-kategoria\/hordozhato-cserepkalyhak\/\">ide<\/a><\/p>\n<p>T\u0151bb inform\u00e1ci\u00f3\u00e9rt l\u00e1togasson el\u00a0<a href=\"https:\/\/www.youtube.com\/@esemineuromania\">YouTube<\/a>-csatorn\u00e1nkra, valamint\u00a0<a href=\"https:\/\/www.facebook.com\/eSemineu\">Facebook<\/a>\u00a0\u00e9s\u00a0<a href=\"https:\/\/www.instagram.com\/esemineu\/\">Instagram<\/a>\u00a0oldalainkra.<\/p>\n<p><a href=\"https:\/\/esemineu.ro\/\">eSemineu.ro<\/a>\u00a0 \u00a0Te rakod a t\u0171zet mi adjuk a meleget!<\/p>\n","protected":false},"excerpt":{"rendered":"<p>A Lucifer Rusztikus Kr\u00e9m 4 soros cser\u00e9pk\u00e1lyha egy igaz\u00e1n st\u00edlusos \u00e9s hat\u00e9kony t\u00fczel\u0151berendez\u00e9s, mely t\u00f6k\u00e9letes v\u00e1laszt\u00e1s az otthon meleg\u00e9nek \u00e9s k\u00e9nyelm\u00e9nek megteremt\u00e9s\u00e9hez. A k\u00e1lyha teljes\u00edtm\u00e9nye impoz\u00e1ns 12 kW, \u00edgy biztos\u00edtva a hat\u00e9kony \u00e9s megb\u00edzhat\u00f3 f\u0171t\u00e9st a legnagyobb hidegben is. Az \u0151nt\u0151vas ajt\u00f3 h\u0151\u00e1ll\u00f3 \u00fcveggel t\u00f6k\u00e9letes kombin\u00e1ci\u00f3ja a hagyom\u00e1nyos \u00e9s modern diz\u00e1jnnak, ami lehet\u0151v\u00e9 teszi, hogy \u00e9lvezze a l\u00e1ngok j\u00e1t\u00e9k\u00e1t, mik\u00f6zben a k\u00e1lyha biztons\u00e1gosan m\u0171k\u00f6dik. Az \u00f6nt\u00f6ttvas l\u00e1bak \u00e9s az egyedi gr\u00e1nitlappal kieg\u00e9sz\u00edtett cser\u00e9p anyagb\u00f3l k\u00e9sz\u00fclt k\u00e1lyha egyedi \u00e9s eleg\u00e1ns megjelen\u00e9st k\u00f6lcs\u00f6n\u00f6z a helyis\u00e9gnek. A k\u00e1lyha hat\u00e1sfoka 90,5%, ami azt jelenti, hogy a begy\u00fajtott t\u00fczel\u0151anyagb\u00f3l sz\u00e1rmaz\u00f3 energia t\u00falnyom\u00f3 r\u00e9sz\u00e9t hat\u00e9konyan hasznos\u00edtja a k\u00e1lyha, minimaliz\u00e1lva ezzel az energiavesztes\u00e9get \u00e9s cs\u00f6kkentve a f\u0171t\u00e9si k\u00f6lts\u00e9geket. A 120 mm-es f\u00fcstcs\u0151 lehet\u0151v\u00e9 teszi a hat\u00e9kony f\u00fcstelvezet\u00e9st, \u00edgy a k\u00e1lyha k\u00f6rnyezetbar\u00e1t \u00e9s k\u00f6rnyezettudatos v\u00e1laszt\u00e1s. A k\u00e1lyha sz\u00edne rusztikus kr\u00e9m \u00e9s fekete, amely eleg\u00e1ns megjelen\u00e9st k\u00f6lcs\u00f6n\u00f6z az enteri\u0151rnek \u00e9s t\u00f6k\u00e9letesen illeszkedik a legt\u00f6bb otthonba. A k\u00e1lyha m\u00e9retei 700 &hellip; <a href=\"https:\/\/esemineu.ro\/hu\/termek\/lucifer-cserepkalyha-rusztikus-krem-4-soros-uvegajtos-granitlappal-es-ontottvasalattal-12kw\/\">Folytatva<\/a><\/p>\n","protected":false},"featured_media":17232,"comment_status":"open","ping_status":"closed","template":"","meta":[],"product_brand":[],"product_cat":[729,1680],"product_tag":[],"class_list":{"0":"post-4527","1":"product","2":"type-product","3":"status-publish","4":"has-post-thumbnail","6":"product_cat-hordozhato-cserepkalyhak","7":"product_cat-melegito","8":"product_shipping_class-csempekalyhak","9":"pa_combustibil-utilizat-brikett","10":"pa_combustibil-utilizat-fa","11":"pa_culoare-krem-bezs","12":"pa_diametru-racordului-la-cos-120-mm-hu","13":"pa_material-teracota-hu","14":"pa_material-ontotvas-ajto-hoallo-uveggel","15":"pa_material-ontveny-labak","16":"pa_model-4-soros-melegito-hu","17":"pa_putere-12-kw-hu","18":"pa_randament-94-hu","19":"pa_suprafata-incalzita-mp-60-68-hu","20":"producer-teramix","22":"first","23":"onbackorder","24":"shipping-taxable","25":"purchasable","26":"product-type-simple"},"acf":[],"yoast_head":"<!-- This site is optimized with the Yoast SEO Premium plugin v21.0 (Yoast SEO v27.3) - https:\/\/yoast.com\/product\/yoast-seo-premium-wordpress\/ -->\n<title>Lucifer cser\u00e9pk\u00e1lyha Rusztikus Kr\u00e9m | eSemineu.ro<\/title>\n<meta name=\"description\" content=\"Lucifer cser\u00e9pk\u00e1lyha Rusztikus Kr\u00e9m, 4 soros, \u00fcvegajt\u00f3s, Gr\u00e1nitlappal \u00e9s \u00f6nt\u00f6ttvasalattal. T\u00f6bb aj\u00e1nlat\u00e9rt keresse a Hordozhat\u00f3 csempek\u00e1lyh\u00e1k kateg\u00f3ri\u00e1t.\" \/>\n<meta name=\"robots\" content=\"index, follow, max-snippet:-1, max-image-preview:large, max-video-preview:-1\" \/>\n<link rel=\"canonical\" href=\"https:\/\/esemineu.ro\/hu\/termek\/lucifer-cserepkalyha-rusztikus-krem-4-soros-uvegajtos-granitlappal-es-ontottvasalattal-12kw\/\" \/>\n<meta property=\"og:locale\" content=\"hu_HU\" \/>\n<meta property=\"og:type\" content=\"article\" \/>\n<meta property=\"og:title\" content=\"Lucifer cser\u00e9pk\u00e1lyha Rusztikus Kr\u00e9m | eSemineu.ro\" \/>\n<meta property=\"og:description\" content=\"Lucifer cser\u00e9pk\u00e1lyha Rusztikus Kr\u00e9m, 4 soros, \u00fcvegajt\u00f3s, Gr\u00e1nitlappal \u00e9s \u00f6nt\u00f6ttvasalattal. T\u00f6bb aj\u00e1nlat\u00e9rt keresse a Hordozhat\u00f3 csempek\u00e1lyh\u00e1k kateg\u00f3ri\u00e1t.\" \/>\n<meta property=\"og:url\" content=\"https:\/\/esemineu.ro\/hu\/termek\/lucifer-cserepkalyha-rusztikus-krem-4-soros-uvegajtos-granitlappal-es-ontottvasalattal-12kw\/\" \/>\n<meta property=\"og:site_name\" content=\"eSemineu\" \/>\n<meta property=\"article:publisher\" content=\"https:\/\/web.facebook.com\/eSemineu\" \/>\n<meta property=\"article:modified_time\" content=\"2026-04-07T06:08:35+00:00\" \/>\n<meta property=\"og:image\" content=\"https:\/\/esemineu.ro\/wp-content\/uploads\/2023\/03\/LUCIFER-CREM-RUSTIC-FRONT-FR.jpg\" \/>\n\t<meta property=\"og:image:width\" content=\"1000\" \/>\n\t<meta property=\"og:image:height\" content=\"1000\" \/>\n\t<meta property=\"og:image:type\" content=\"image\/jpeg\" \/>\n<meta name=\"twitter:card\" content=\"summary_large_image\" \/>\n<meta name=\"twitter:label1\" content=\"Becs\u00fclt olvas\u00e1si id\u0151\" \/>\n\t<meta name=\"twitter:data1\" content=\"4 perc\" \/>\n<script type=\"application\/ld+json\" class=\"yoast-schema-graph\">{\"@context\":\"https:\\\/\\\/schema.org\",\"@graph\":[{\"@type\":\"WebPage\",\"@id\":\"https:\\\/\\\/esemineu.ro\\\/hu\\\/termek\\\/lucifer-cserepkalyha-rusztikus-krem-4-soros-uvegajtos-granitlappal-es-ontottvasalattal-12kw\\\/\",\"url\":\"https:\\\/\\\/esemineu.ro\\\/hu\\\/termek\\\/lucifer-cserepkalyha-rusztikus-krem-4-soros-uvegajtos-granitlappal-es-ontottvasalattal-12kw\\\/\",\"name\":\"Lucifer cser\u00e9pk\u00e1lyha Rusztikus Kr\u00e9m | eSemineu.ro\",\"isPartOf\":{\"@id\":\"https:\\\/\\\/esemineu.ro\\\/hu\\\/#website\"},\"primaryImageOfPage\":{\"@id\":\"https:\\\/\\\/esemineu.ro\\\/hu\\\/termek\\\/lucifer-cserepkalyha-rusztikus-krem-4-soros-uvegajtos-granitlappal-es-ontottvasalattal-12kw\\\/#primaryimage\"},\"image\":{\"@id\":\"https:\\\/\\\/esemineu.ro\\\/hu\\\/termek\\\/lucifer-cserepkalyha-rusztikus-krem-4-soros-uvegajtos-granitlappal-es-ontottvasalattal-12kw\\\/#primaryimage\"},\"thumbnailUrl\":\"https:\\\/\\\/esemineu.ro\\\/wp-content\\\/uploads\\\/2023\\\/03\\\/LUCIFER-CREM-RUSTIC-FRONT-FR.jpg\",\"datePublished\":\"2023-03-04T07:32:20+00:00\",\"dateModified\":\"2026-04-07T06:08:35+00:00\",\"description\":\"Lucifer cser\u00e9pk\u00e1lyha Rusztikus Kr\u00e9m, 4 soros, \u00fcvegajt\u00f3s, Gr\u00e1nitlappal \u00e9s \u00f6nt\u00f6ttvasalattal. T\u00f6bb aj\u00e1nlat\u00e9rt keresse a Hordozhat\u00f3 csempek\u00e1lyh\u00e1k kateg\u00f3ri\u00e1t.\",\"breadcrumb\":{\"@id\":\"https:\\\/\\\/esemineu.ro\\\/hu\\\/termek\\\/lucifer-cserepkalyha-rusztikus-krem-4-soros-uvegajtos-granitlappal-es-ontottvasalattal-12kw\\\/#breadcrumb\"},\"inLanguage\":\"hu\",\"potentialAction\":[{\"@type\":\"ReadAction\",\"target\":[\"https:\\\/\\\/esemineu.ro\\\/hu\\\/termek\\\/lucifer-cserepkalyha-rusztikus-krem-4-soros-uvegajtos-granitlappal-es-ontottvasalattal-12kw\\\/\"]}]},{\"@type\":\"ImageObject\",\"inLanguage\":\"hu\",\"@id\":\"https:\\\/\\\/esemineu.ro\\\/hu\\\/termek\\\/lucifer-cserepkalyha-rusztikus-krem-4-soros-uvegajtos-granitlappal-es-ontottvasalattal-12kw\\\/#primaryimage\",\"url\":\"https:\\\/\\\/esemineu.ro\\\/wp-content\\\/uploads\\\/2023\\\/03\\\/LUCIFER-CREM-RUSTIC-FRONT-FR.jpg\",\"contentUrl\":\"https:\\\/\\\/esemineu.ro\\\/wp-content\\\/uploads\\\/2023\\\/03\\\/LUCIFER-CREM-RUSTIC-FRONT-FR.jpg\",\"width\":1000,\"height\":1000,\"caption\":\"Descoper\u0103 Sob\u0103 teracot\u0103 Lucifer CremRustic 4 r\u00e2nduri de la eSemineu: putere de 12kW, eficien\u021b\u0103 mare, design rustic. Ideal\u0103 pentru c\u0103ldur\u0103 \u0219i g\u0103tit autentic.\"},{\"@type\":\"BreadcrumbList\",\"@id\":\"https:\\\/\\\/esemineu.ro\\\/hu\\\/termek\\\/lucifer-cserepkalyha-rusztikus-krem-4-soros-uvegajtos-granitlappal-es-ontottvasalattal-12kw\\\/#breadcrumb\",\"itemListElement\":[{\"@type\":\"ListItem\",\"position\":1,\"name\":\"Kezd\u0151lap\",\"item\":\"https:\\\/\\\/esemineu.ro\\\/hu\\\/\"},{\"@type\":\"ListItem\",\"position\":2,\"name\":\"\u00c1ruh\u00e1z\",\"item\":\"https:\\\/\\\/esemineu.ro\\\/hu\\\/aruhaz\\\/\"},{\"@type\":\"ListItem\",\"position\":3,\"name\":\"Lucifer cser\u00e9pk\u00e1lyha Rusztikus Kr\u00e9m, 4 soros, \u00fcvegajt\u00f3s, Gr\u00e1nitlappal \u00e9s \u00f6nt\u00f6ttvasalattal, 12kW\"}]},{\"@type\":\"WebSite\",\"@id\":\"https:\\\/\\\/esemineu.ro\\\/hu\\\/#website\",\"url\":\"https:\\\/\\\/esemineu.ro\\\/hu\\\/\",\"name\":\"eSemineu\",\"description\":\"\u0218eminee de cea mai \u00eenalt\u0103 calitate\",\"potentialAction\":[{\"@type\":\"SearchAction\",\"target\":{\"@type\":\"EntryPoint\",\"urlTemplate\":\"https:\\\/\\\/esemineu.ro\\\/hu\\\/?s={search_term_string}\"},\"query-input\":{\"@type\":\"PropertyValueSpecification\",\"valueRequired\":true,\"valueName\":\"search_term_string\"}}],\"inLanguage\":\"hu\"}]}<\/script>\n<!-- \/ Yoast SEO Premium plugin. -->","yoast_head_json":{"title":"Lucifer cser\u00e9pk\u00e1lyha Rusztikus Kr\u00e9m | eSemineu.ro","description":"Lucifer cser\u00e9pk\u00e1lyha Rusztikus Kr\u00e9m, 4 soros, \u00fcvegajt\u00f3s, Gr\u00e1nitlappal \u00e9s \u00f6nt\u00f6ttvasalattal. T\u00f6bb aj\u00e1nlat\u00e9rt keresse a Hordozhat\u00f3 csempek\u00e1lyh\u00e1k kateg\u00f3ri\u00e1t.","robots":{"index":"index","follow":"follow","max-snippet":"max-snippet:-1","max-image-preview":"max-image-preview:large","max-video-preview":"max-video-preview:-1"},"canonical":"https:\/\/esemineu.ro\/hu\/termek\/lucifer-cserepkalyha-rusztikus-krem-4-soros-uvegajtos-granitlappal-es-ontottvasalattal-12kw\/","og_locale":"hu_HU","og_type":"article","og_title":"Lucifer cser\u00e9pk\u00e1lyha Rusztikus Kr\u00e9m | eSemineu.ro","og_description":"Lucifer cser\u00e9pk\u00e1lyha Rusztikus Kr\u00e9m, 4 soros, \u00fcvegajt\u00f3s, Gr\u00e1nitlappal \u00e9s \u00f6nt\u00f6ttvasalattal. T\u00f6bb aj\u00e1nlat\u00e9rt keresse a Hordozhat\u00f3 csempek\u00e1lyh\u00e1k kateg\u00f3ri\u00e1t.","og_url":"https:\/\/esemineu.ro\/hu\/termek\/lucifer-cserepkalyha-rusztikus-krem-4-soros-uvegajtos-granitlappal-es-ontottvasalattal-12kw\/","og_site_name":"eSemineu","article_publisher":"https:\/\/web.facebook.com\/eSemineu","article_modified_time":"2026-04-07T06:08:35+00:00","og_image":[{"width":1000,"height":1000,"url":"https:\/\/esemineu.ro\/wp-content\/uploads\/2023\/03\/LUCIFER-CREM-RUSTIC-FRONT-FR.jpg","type":"image\/jpeg"}],"twitter_card":"summary_large_image","twitter_misc":{"Becs\u00fclt olvas\u00e1si id\u0151":"4 perc"},"schema":{"@context":"https:\/\/schema.org","@graph":[{"@type":"WebPage","@id":"https:\/\/esemineu.ro\/hu\/termek\/lucifer-cserepkalyha-rusztikus-krem-4-soros-uvegajtos-granitlappal-es-ontottvasalattal-12kw\/","url":"https:\/\/esemineu.ro\/hu\/termek\/lucifer-cserepkalyha-rusztikus-krem-4-soros-uvegajtos-granitlappal-es-ontottvasalattal-12kw\/","name":"Lucifer cser\u00e9pk\u00e1lyha Rusztikus Kr\u00e9m | eSemineu.ro","isPartOf":{"@id":"https:\/\/esemineu.ro\/hu\/#website"},"primaryImageOfPage":{"@id":"https:\/\/esemineu.ro\/hu\/termek\/lucifer-cserepkalyha-rusztikus-krem-4-soros-uvegajtos-granitlappal-es-ontottvasalattal-12kw\/#primaryimage"},"image":{"@id":"https:\/\/esemineu.ro\/hu\/termek\/lucifer-cserepkalyha-rusztikus-krem-4-soros-uvegajtos-granitlappal-es-ontottvasalattal-12kw\/#primaryimage"},"thumbnailUrl":"https:\/\/esemineu.ro\/wp-content\/uploads\/2023\/03\/LUCIFER-CREM-RUSTIC-FRONT-FR.jpg","datePublished":"2023-03-04T07:32:20+00:00","dateModified":"2026-04-07T06:08:35+00:00","description":"Lucifer cser\u00e9pk\u00e1lyha Rusztikus Kr\u00e9m, 4 soros, \u00fcvegajt\u00f3s, Gr\u00e1nitlappal \u00e9s \u00f6nt\u00f6ttvasalattal. T\u00f6bb aj\u00e1nlat\u00e9rt keresse a Hordozhat\u00f3 csempek\u00e1lyh\u00e1k kateg\u00f3ri\u00e1t.","breadcrumb":{"@id":"https:\/\/esemineu.ro\/hu\/termek\/lucifer-cserepkalyha-rusztikus-krem-4-soros-uvegajtos-granitlappal-es-ontottvasalattal-12kw\/#breadcrumb"},"inLanguage":"hu","potentialAction":[{"@type":"ReadAction","target":["https:\/\/esemineu.ro\/hu\/termek\/lucifer-cserepkalyha-rusztikus-krem-4-soros-uvegajtos-granitlappal-es-ontottvasalattal-12kw\/"]}]},{"@type":"ImageObject","inLanguage":"hu","@id":"https:\/\/esemineu.ro\/hu\/termek\/lucifer-cserepkalyha-rusztikus-krem-4-soros-uvegajtos-granitlappal-es-ontottvasalattal-12kw\/#primaryimage","url":"https:\/\/esemineu.ro\/wp-content\/uploads\/2023\/03\/LUCIFER-CREM-RUSTIC-FRONT-FR.jpg","contentUrl":"https:\/\/esemineu.ro\/wp-content\/uploads\/2023\/03\/LUCIFER-CREM-RUSTIC-FRONT-FR.jpg","width":1000,"height":1000,"caption":"Descoper\u0103 Sob\u0103 teracot\u0103 Lucifer CremRustic 4 r\u00e2nduri de la eSemineu: putere de 12kW, eficien\u021b\u0103 mare, design rustic. Ideal\u0103 pentru c\u0103ldur\u0103 \u0219i g\u0103tit autentic."},{"@type":"BreadcrumbList","@id":"https:\/\/esemineu.ro\/hu\/termek\/lucifer-cserepkalyha-rusztikus-krem-4-soros-uvegajtos-granitlappal-es-ontottvasalattal-12kw\/#breadcrumb","itemListElement":[{"@type":"ListItem","position":1,"name":"Kezd\u0151lap","item":"https:\/\/esemineu.ro\/hu\/"},{"@type":"ListItem","position":2,"name":"\u00c1ruh\u00e1z","item":"https:\/\/esemineu.ro\/hu\/aruhaz\/"},{"@type":"ListItem","position":3,"name":"Lucifer cser\u00e9pk\u00e1lyha Rusztikus Kr\u00e9m, 4 soros, \u00fcvegajt\u00f3s, Gr\u00e1nitlappal \u00e9s \u00f6nt\u00f6ttvasalattal, 12kW"}]},{"@type":"WebSite","@id":"https:\/\/esemineu.ro\/hu\/#website","url":"https:\/\/esemineu.ro\/hu\/","name":"eSemineu","description":"\u0218eminee de cea mai \u00eenalt\u0103 calitate","potentialAction":[{"@type":"SearchAction","target":{"@type":"EntryPoint","urlTemplate":"https:\/\/esemineu.ro\/hu\/?s={search_term_string}"},"query-input":{"@type":"PropertyValueSpecification","valueRequired":true,"valueName":"search_term_string"}}],"inLanguage":"hu"}]}},"_links":{"self":[{"href":"https:\/\/esemineu.ro\/hu\/wp-json\/wp\/v2\/product\/4527","targetHints":{"allow":["GET"]}}],"collection":[{"href":"https:\/\/esemineu.ro\/hu\/wp-json\/wp\/v2\/product"}],"about":[{"href":"https:\/\/esemineu.ro\/hu\/wp-json\/wp\/v2\/types\/product"}],"replies":[{"embeddable":true,"href":"https:\/\/esemineu.ro\/hu\/wp-json\/wp\/v2\/comments?post=4527"}],"wp:featuredmedia":[{"embeddable":true,"href":"https:\/\/esemineu.ro\/hu\/wp-json\/wp\/v2\/media\/17232"}],"wp:attachment":[{"href":"https:\/\/esemineu.ro\/hu\/wp-json\/wp\/v2\/media?parent=4527"}],"wp:term":[{"taxonomy":"product_brand","embeddable":true,"href":"https:\/\/esemineu.ro\/hu\/wp-json\/wp\/v2\/product_brand?post=4527"},{"taxonomy":"product_cat","embeddable":true,"href":"https:\/\/esemineu.ro\/hu\/wp-json\/wp\/v2\/product_cat?post=4527"},{"taxonomy":"product_tag","embeddable":true,"href":"https:\/\/esemineu.ro\/hu\/wp-json\/wp\/v2\/product_tag?post=4527"}],"curies":[{"name":"wp","href":"https:\/\/api.w.org\/{rel}","templated":true}]}}