{"id":4516,"date":"2023-03-24T10:38:50","date_gmt":"2023-03-24T07:38:50","guid":{"rendered":"https:\/\/esemineu.ro\/product\/soba-teracota-morano-maro-auriu-4r-de-incalzit-cu-granit-pe-deasupra\/"},"modified":"2024-04-09T07:56:04","modified_gmt":"2024-04-09T05:56:04","slug":"melegito-cserepkalyha-morano-aranybarna-4r-fatuzelesu-cserepkalyha-4-soros-granitlappal-8kw","status":"publish","type":"product","link":"https:\/\/esemineu.ro\/hu\/termek\/melegito-cserepkalyha-morano-aranybarna-4r-fatuzelesu-cserepkalyha-4-soros-granitlappal-8kw\/","title":{"rendered":"Meleg\u00edt\u0151 cser\u00e9pk\u00e1lyha Morano Aranybarna 4R, Fat\u00fczel\u00e9s\u0171 cser\u00e9pk\u00e1lyha 4 soros Gr\u00e1nitlappal, 8kW"},"content":{"rendered":"<p>Meleg\u00edt\u0151 cser\u00e9pk\u00e1lyha Morano Aranybarna 4R<\/p>\n<p>A Morano Aranybarna 4R Meleg\u00edt\u0151 Cser\u00e9pk\u00e1lyha olyan eleg\u00e1ns \u00e9s st\u00edlusos megjelen\u00e9ssel b\u00fcszk\u00e9lkedhet, amely a klasszikus \u00e9s modern st\u00edlus kedvel\u0151inek egyar\u00e1nt \u00f6r\u00f6met okoz. Ez a 4 soros cser\u00e9pk\u00e1lyha nem csak a l\u00e1tv\u00e1ny\u00e1ban, hanem a hat\u00e9kony 8 kW-os teljes\u00edtm\u00e9ny\u00e9ben is kiemelked\u0151.<\/p>\n<p>A Morano Aranybarna 4R Meleg\u00edt\u0151 Cser\u00e9pk\u00e1lyha rendelkezik egy 70%-os hat\u00e1sfokkal, ami azt jelenti, hogy a t\u00fczel\u0151anyagb\u00f3l nyert energi\u00e1t hat\u00e9konyan hasznos\u00edtja, \u00edgy kevesebb t\u00fczel\u0151anyag sz\u00fcks\u00e9ges a k\u00edv\u00e1nt h\u0151m\u00e9rs\u00e9klet el\u00e9r\u00e9s\u00e9hez. A f\u00fcstcs\u0151 m\u00e9rete 120 mm, \u00edgy k\u00f6nnyed\u00e9n csatlakoztathat\u00f3 a m\u00e1r megl\u00e9v\u0151 f\u0171t\u00e9si rendszerhez.<\/p>\n<p>Ez a fat\u00fczel\u00e9s\u0171 cser\u00e9pk\u00e1lyha t\u00f6k\u00e9letes v\u00e1laszt\u00e1s, ha szeretn\u00e9 \u00e9lvezni a val\u00f3di t\u0171z ropog\u00e1s\u00e1t \u00e9s a term\u00e9szetes f\u0171t\u00e9si m\u00f3dot. Brikettet \u00e9s t\u0171zif\u00e1t is haszn\u00e1lhat t\u00fczel\u0151anyagk\u00e9nt, \u00edgy az id\u00e9nyeknek megfelel\u0151en v\u00e1laszthatja meg a legink\u00e1bb megfelel\u0151 f\u0171t\u0151anyagot. A Morano Aranybarna 4R Meleg\u00edt\u0151 Cser\u00e9pk\u00e1lyha anyaga csempe t\u00e9gla \u00e9s m\u00e1rv\u00e1ny, amely eleganci\u00e1t \u00e9s tart\u00f3ss\u00e1got sugall. Az \u00f6ntv\u00e9ny ajt\u00f3k \u00e9s l\u00e1bak pedig egyedi megjelen\u00e9st \u00e9s stabil m\u0171k\u00f6d\u00e9st garant\u00e1lnak.<\/p>\n<p>A Morano Aranybarna 4R Meleg\u00edt\u0151 Cser\u00e9pk\u00e1lyha nem csup\u00e1n a meleget \u00e9s az atmoszf\u00e9r\u00e1t szolg\u00e1ltatja otthon\u00e1ban, hanem a sz\u00ednek \u00e9s anyagok tekintet\u00e9ben is k\u00e1pr\u00e1zatos. Az aranybarna sz\u00edn k\u00fcl\u00f6nleges \u00e9s eleg\u00e1ns megjelen\u00e9st k\u00f6lcs\u00f6n\u00f6z a k\u00e1lyh\u00e1nak, amely t\u00f6k\u00e9letesen illeszkedik a modern \u00e9s klasszikus bels\u0151 terekhez.<\/p>\n<p>A Meleg\u00edt\u0151 cser\u00e9pk\u00e1lyha Morano Aranybarna 4R m\u00e9retei t\u00f6k\u00e9letesen lettek tervezve: 500 mm sz\u00e9less\u00e9gben, 500 mm m\u00e9lys\u00e9gben \u00e9s 1050 mm magass\u00e1gban kaphat\u00f3, \u00e9s a 180 kg-os s\u00falya biztos\u00edtja a stabilit\u00e1st \u00e9s a biztons\u00e1got a k\u00e1lyha haszn\u00e1lata k\u00f6zben.<\/p>\n<p>Fontos megjegyezni, hogy a t\u0171zhely hullad\u00e9k \u00e9get\u00e9s\u00e9re nem alkalmas, kiz\u00e1r\u00f3lag f\u0171t\u00e9sre \u00e9s f\u0151z\u00e9sre haszn\u00e1lhat\u00f3. Az ilyen hullad\u00e9k \u00e9get\u00e9sekor a cser\u00e9pk\u00e1lyha f\u00fcstkivezet\u0151 ny\u00edl\u00e1sa k\u00f6nnyen elt\u00f6m\u0151dhet, ez\u00e9rt aj\u00e1nlott kiz\u00e1r\u00f3lag megfelel\u0151 anyagokat \u00e9getni benne.<\/p>\n<h6>Sz\u00e1ll\u00edt\u00e1si hat\u00e1rid\u0151:<\/h6>\n<ul>\n<li><strong>Magyarorsz\u00e1g \u00e9s az eg\u00e9sz Eur\u00f3pai Uni\u00f3 ter\u00fclet\u00e9n<\/strong>\u00a0is sz\u00e1ll\u00edtjuk.<\/li>\n<li>Rom\u00e1ni\u00e1ba 2-3 munkanap alatt sz\u00e1ll\u00edtjuk<\/li>\n<li>Magyarorsz\u00e1gra \u00e9s az EU ter\u00fclet\u00e9re az \u00e1tutal\u00e1s ut\u00e1n 5 munkanapon bel\u00fcl \u00e9rkezik meg a term\u00e9k.<\/li>\n<\/ul>\n<p>Ha b\u00e1rmilyen k\u00e9rd\u00e9se van, k\u00e9rj\u00fck, l\u00e9pjen kapcsolatba vel\u00fcnk.<\/p>\n<p>Tov\u00e1bbi aj\u00e1nlatok\u00e9rt kattintson\u00a0<a href=\"https:\/\/esemineu.ro\/hu\/termek-kategoria\/hordozhato-cserepkalyhak\/\">ide<\/a><\/p>\n<p>T\u0151bb inform\u00e1ci\u00f3\u00e9rt l\u00e1togasson el\u00a0<a href=\"https:\/\/www.youtube.com\/@esemineuromania\">YouTube<\/a>-csatorn\u00e1nkra, valamint\u00a0<a href=\"https:\/\/www.facebook.com\/eSemineu\">Facebook<\/a>\u00a0\u00e9s\u00a0<a href=\"https:\/\/www.instagram.com\/esemineu\/\">Instagram<\/a>\u00a0oldalainkra.<\/p>\n<p><a href=\"https:\/\/esemineu.ro\/\">eSemineu.ro<\/a>\u00a0 \u00a0Te rakod a t\u0171zet mi adjuk a meleget!<\/p>\n","protected":false},"excerpt":{"rendered":"<p>Meleg\u00edt\u0151 cser\u00e9pk\u00e1lyha Morano Aranybarna 4R A Morano Aranybarna 4R Meleg\u00edt\u0151 Cser\u00e9pk\u00e1lyha olyan eleg\u00e1ns \u00e9s st\u00edlusos megjelen\u00e9ssel b\u00fcszk\u00e9lkedhet, amely a klasszikus \u00e9s modern st\u00edlus kedvel\u0151inek egyar\u00e1nt \u00f6r\u00f6met okoz. Ez a 4 soros cser\u00e9pk\u00e1lyha nem csak a l\u00e1tv\u00e1ny\u00e1ban, hanem a hat\u00e9kony 8 kW-os teljes\u00edtm\u00e9ny\u00e9ben is kiemelked\u0151. A Morano Aranybarna 4R Meleg\u00edt\u0151 Cser\u00e9pk\u00e1lyha rendelkezik egy 70%-os hat\u00e1sfokkal, ami azt jelenti, hogy a t\u00fczel\u0151anyagb\u00f3l nyert energi\u00e1t hat\u00e9konyan hasznos\u00edtja, \u00edgy kevesebb t\u00fczel\u0151anyag sz\u00fcks\u00e9ges a k\u00edv\u00e1nt h\u0151m\u00e9rs\u00e9klet el\u00e9r\u00e9s\u00e9hez. A f\u00fcstcs\u0151 m\u00e9rete 120 mm, \u00edgy k\u00f6nnyed\u00e9n csatlakoztathat\u00f3 a m\u00e1r megl\u00e9v\u0151 f\u0171t\u00e9si rendszerhez. Ez a fat\u00fczel\u00e9s\u0171 cser\u00e9pk\u00e1lyha t\u00f6k\u00e9letes v\u00e1laszt\u00e1s, ha szeretn\u00e9 \u00e9lvezni a val\u00f3di t\u0171z ropog\u00e1s\u00e1t \u00e9s a term\u00e9szetes f\u0171t\u00e9si m\u00f3dot. Brikettet \u00e9s t\u0171zif\u00e1t is haszn\u00e1lhat t\u00fczel\u0151anyagk\u00e9nt, \u00edgy az id\u00e9nyeknek megfelel\u0151en v\u00e1laszthatja meg a legink\u00e1bb megfelel\u0151 f\u0171t\u0151anyagot. A Morano Aranybarna 4R Meleg\u00edt\u0151 Cser\u00e9pk\u00e1lyha anyaga csempe t\u00e9gla \u00e9s m\u00e1rv\u00e1ny, amely eleganci\u00e1t \u00e9s tart\u00f3ss\u00e1got sugall. Az \u00f6ntv\u00e9ny ajt\u00f3k \u00e9s l\u00e1bak pedig egyedi megjelen\u00e9st \u00e9s stabil m\u0171k\u00f6d\u00e9st garant\u00e1lnak. A Morano Aranybarna &hellip; <a href=\"https:\/\/esemineu.ro\/hu\/termek\/melegito-cserepkalyha-morano-aranybarna-4r-fatuzelesu-cserepkalyha-4-soros-granitlappal-8kw\/\">Folytatva<\/a><\/p>\n","protected":false},"featured_media":22551,"comment_status":"open","ping_status":"closed","template":"","meta":[],"product_brand":[706],"product_cat":[729,1680],"product_tag":[],"class_list":{"0":"post-4516","1":"product","2":"type-product","3":"status-publish","4":"has-post-thumbnail","6":"product_brand-esemineu-premium","7":"product_cat-hordozhato-cserepkalyhak","8":"product_cat-melegito","9":"product_shipping_class-csempekalyhak","10":"pa_combustibil-utilizat-brikett","11":"pa_combustibil-utilizat-fa","12":"pa_culoare-aranybarna","13":"pa_diametru-racordului-la-cos-120-mm-hu","14":"pa_material-teracota-hu","15":"pa_material-ontotvas-ajto-hoallo-uveggel","16":"pa_material-ontveny-labak","17":"pa_model-4-soros-melegito-hu","18":"pa_putere-8-kw-hu","19":"pa_randament-94-hu","20":"pa_suprafata-incalzita-mp-38-44-hu","21":"producer-teramix","23":"first","24":"outofstock","25":"shipping-taxable","26":"purchasable","27":"product-type-simple"},"acf":[],"yoast_head":"<!-- This site is optimized with the Yoast SEO Premium plugin v21.0 (Yoast SEO v27.3) - https:\/\/yoast.com\/product\/yoast-seo-premium-wordpress\/ -->\n<title>Meleg\u00edt\u0151 cser\u00e9pk\u00e1lyha Morano Aranybarna 4R | eSemineu.ro<\/title>\n<meta name=\"description\" content=\"Meleg\u00edt\u0151 cser\u00e9pk\u00e1lyha Morano Aranybarna 4R, fa t\u00fczel\u00e9s\u0171 cser\u00e9pk\u00e1lyha h\u0151\u00e1ll\u00f3 \u00fcveggel. | eSemineu.ro | Te rakod a t\u00fczet, mi adjuk a meleget.\" \/>\n<meta name=\"robots\" content=\"index, follow, max-snippet:-1, max-image-preview:large, max-video-preview:-1\" \/>\n<link rel=\"canonical\" href=\"https:\/\/esemineu.ro\/hu\/termek\/melegito-cserepkalyha-morano-aranybarna-4r-fatuzelesu-cserepkalyha-4-soros-granitlappal-8kw\/\" \/>\n<meta property=\"og:locale\" content=\"hu_HU\" \/>\n<meta property=\"og:type\" content=\"article\" \/>\n<meta property=\"og:title\" content=\"Meleg\u00edt\u0151 cser\u00e9pk\u00e1lyha Morano Aranybarna 4R | eSemineu.ro\" \/>\n<meta property=\"og:description\" content=\"Meleg\u00edt\u0151 cser\u00e9pk\u00e1lyha Morano Aranybarna 4R, fa t\u00fczel\u00e9s\u0171 cser\u00e9pk\u00e1lyha h\u0151\u00e1ll\u00f3 \u00fcveggel. | eSemineu.ro | Te rakod a t\u00fczet, mi adjuk a meleget.\" \/>\n<meta property=\"og:url\" content=\"https:\/\/esemineu.ro\/hu\/termek\/melegito-cserepkalyha-morano-aranybarna-4r-fatuzelesu-cserepkalyha-4-soros-granitlappal-8kw\/\" \/>\n<meta property=\"og:site_name\" content=\"eSemineu\" \/>\n<meta property=\"article:publisher\" content=\"https:\/\/web.facebook.com\/eSemineu\" \/>\n<meta property=\"article:modified_time\" content=\"2024-04-09T05:56:04+00:00\" \/>\n<meta property=\"og:image\" content=\"https:\/\/esemineu.ro\/wp-content\/uploads\/2023\/03\/4R-TM-MARO-AURIU-FR.jpg\" \/>\n\t<meta property=\"og:image:width\" content=\"1000\" \/>\n\t<meta property=\"og:image:height\" content=\"1000\" \/>\n\t<meta property=\"og:image:type\" content=\"image\/jpeg\" \/>\n<meta name=\"twitter:card\" content=\"summary_large_image\" \/>\n<meta name=\"twitter:label1\" content=\"Becs\u00fclt olvas\u00e1si id\u0151\" \/>\n\t<meta name=\"twitter:data1\" content=\"4 perc\" \/>\n<script type=\"application\/ld+json\" class=\"yoast-schema-graph\">{\"@context\":\"https:\\\/\\\/schema.org\",\"@graph\":[{\"@type\":\"WebPage\",\"@id\":\"https:\\\/\\\/esemineu.ro\\\/hu\\\/termek\\\/melegito-cserepkalyha-morano-aranybarna-4r-fatuzelesu-cserepkalyha-4-soros-granitlappal-8kw\\\/\",\"url\":\"https:\\\/\\\/esemineu.ro\\\/hu\\\/termek\\\/melegito-cserepkalyha-morano-aranybarna-4r-fatuzelesu-cserepkalyha-4-soros-granitlappal-8kw\\\/\",\"name\":\"Meleg\u00edt\u0151 cser\u00e9pk\u00e1lyha Morano Aranybarna 4R | eSemineu.ro\",\"isPartOf\":{\"@id\":\"https:\\\/\\\/esemineu.ro\\\/hu\\\/#website\"},\"primaryImageOfPage\":{\"@id\":\"https:\\\/\\\/esemineu.ro\\\/hu\\\/termek\\\/melegito-cserepkalyha-morano-aranybarna-4r-fatuzelesu-cserepkalyha-4-soros-granitlappal-8kw\\\/#primaryimage\"},\"image\":{\"@id\":\"https:\\\/\\\/esemineu.ro\\\/hu\\\/termek\\\/melegito-cserepkalyha-morano-aranybarna-4r-fatuzelesu-cserepkalyha-4-soros-granitlappal-8kw\\\/#primaryimage\"},\"thumbnailUrl\":\"https:\\\/\\\/esemineu.ro\\\/wp-content\\\/uploads\\\/2023\\\/03\\\/4R-TM-MARO-AURIU-FR.jpg\",\"datePublished\":\"2023-03-24T07:38:50+00:00\",\"dateModified\":\"2024-04-09T05:56:04+00:00\",\"description\":\"Meleg\u00edt\u0151 cser\u00e9pk\u00e1lyha Morano Aranybarna 4R, fa t\u00fczel\u00e9s\u0171 cser\u00e9pk\u00e1lyha h\u0151\u00e1ll\u00f3 \u00fcveggel. | eSemineu.ro | Te rakod a t\u00fczet, mi adjuk a meleget.\",\"breadcrumb\":{\"@id\":\"https:\\\/\\\/esemineu.ro\\\/hu\\\/termek\\\/melegito-cserepkalyha-morano-aranybarna-4r-fatuzelesu-cserepkalyha-4-soros-granitlappal-8kw\\\/#breadcrumb\"},\"inLanguage\":\"hu\",\"potentialAction\":[{\"@type\":\"ReadAction\",\"target\":[\"https:\\\/\\\/esemineu.ro\\\/hu\\\/termek\\\/melegito-cserepkalyha-morano-aranybarna-4r-fatuzelesu-cserepkalyha-4-soros-granitlappal-8kw\\\/\"]}]},{\"@type\":\"ImageObject\",\"inLanguage\":\"hu\",\"@id\":\"https:\\\/\\\/esemineu.ro\\\/hu\\\/termek\\\/melegito-cserepkalyha-morano-aranybarna-4r-fatuzelesu-cserepkalyha-4-soros-granitlappal-8kw\\\/#primaryimage\",\"url\":\"https:\\\/\\\/esemineu.ro\\\/wp-content\\\/uploads\\\/2023\\\/03\\\/4R-TM-MARO-AURIU-FR.jpg\",\"contentUrl\":\"https:\\\/\\\/esemineu.ro\\\/wp-content\\\/uploads\\\/2023\\\/03\\\/4R-TM-MARO-AURIU-FR.jpg\",\"width\":1000,\"height\":1000,\"caption\":\"Sob\u0103 din teracot\u0103 Maro\\\/Auriu Morano 4R\"},{\"@type\":\"BreadcrumbList\",\"@id\":\"https:\\\/\\\/esemineu.ro\\\/hu\\\/termek\\\/melegito-cserepkalyha-morano-aranybarna-4r-fatuzelesu-cserepkalyha-4-soros-granitlappal-8kw\\\/#breadcrumb\",\"itemListElement\":[{\"@type\":\"ListItem\",\"position\":1,\"name\":\"Kezd\u0151lap\",\"item\":\"https:\\\/\\\/esemineu.ro\\\/hu\\\/\"},{\"@type\":\"ListItem\",\"position\":2,\"name\":\"\u00c1ruh\u00e1z\",\"item\":\"https:\\\/\\\/esemineu.ro\\\/hu\\\/aruhaz\\\/\"},{\"@type\":\"ListItem\",\"position\":3,\"name\":\"Meleg\u00edt\u0151 cser\u00e9pk\u00e1lyha Morano Aranybarna 4R, Fat\u00fczel\u00e9s\u0171 cser\u00e9pk\u00e1lyha 4 soros Gr\u00e1nitlappal, 8kW\"}]},{\"@type\":\"WebSite\",\"@id\":\"https:\\\/\\\/esemineu.ro\\\/hu\\\/#website\",\"url\":\"https:\\\/\\\/esemineu.ro\\\/hu\\\/\",\"name\":\"eSemineu\",\"description\":\"\u0218eminee de cea mai \u00eenalt\u0103 calitate\",\"potentialAction\":[{\"@type\":\"SearchAction\",\"target\":{\"@type\":\"EntryPoint\",\"urlTemplate\":\"https:\\\/\\\/esemineu.ro\\\/hu\\\/?s={search_term_string}\"},\"query-input\":{\"@type\":\"PropertyValueSpecification\",\"valueRequired\":true,\"valueName\":\"search_term_string\"}}],\"inLanguage\":\"hu\"}]}<\/script>\n<!-- \/ Yoast SEO Premium plugin. -->","yoast_head_json":{"title":"Meleg\u00edt\u0151 cser\u00e9pk\u00e1lyha Morano Aranybarna 4R | eSemineu.ro","description":"Meleg\u00edt\u0151 cser\u00e9pk\u00e1lyha Morano Aranybarna 4R, fa t\u00fczel\u00e9s\u0171 cser\u00e9pk\u00e1lyha h\u0151\u00e1ll\u00f3 \u00fcveggel. | eSemineu.ro | Te rakod a t\u00fczet, mi adjuk a meleget.","robots":{"index":"index","follow":"follow","max-snippet":"max-snippet:-1","max-image-preview":"max-image-preview:large","max-video-preview":"max-video-preview:-1"},"canonical":"https:\/\/esemineu.ro\/hu\/termek\/melegito-cserepkalyha-morano-aranybarna-4r-fatuzelesu-cserepkalyha-4-soros-granitlappal-8kw\/","og_locale":"hu_HU","og_type":"article","og_title":"Meleg\u00edt\u0151 cser\u00e9pk\u00e1lyha Morano Aranybarna 4R | eSemineu.ro","og_description":"Meleg\u00edt\u0151 cser\u00e9pk\u00e1lyha Morano Aranybarna 4R, fa t\u00fczel\u00e9s\u0171 cser\u00e9pk\u00e1lyha h\u0151\u00e1ll\u00f3 \u00fcveggel. | eSemineu.ro | Te rakod a t\u00fczet, mi adjuk a meleget.","og_url":"https:\/\/esemineu.ro\/hu\/termek\/melegito-cserepkalyha-morano-aranybarna-4r-fatuzelesu-cserepkalyha-4-soros-granitlappal-8kw\/","og_site_name":"eSemineu","article_publisher":"https:\/\/web.facebook.com\/eSemineu","article_modified_time":"2024-04-09T05:56:04+00:00","og_image":[{"width":1000,"height":1000,"url":"https:\/\/esemineu.ro\/wp-content\/uploads\/2023\/03\/4R-TM-MARO-AURIU-FR.jpg","type":"image\/jpeg"}],"twitter_card":"summary_large_image","twitter_misc":{"Becs\u00fclt olvas\u00e1si id\u0151":"4 perc"},"schema":{"@context":"https:\/\/schema.org","@graph":[{"@type":"WebPage","@id":"https:\/\/esemineu.ro\/hu\/termek\/melegito-cserepkalyha-morano-aranybarna-4r-fatuzelesu-cserepkalyha-4-soros-granitlappal-8kw\/","url":"https:\/\/esemineu.ro\/hu\/termek\/melegito-cserepkalyha-morano-aranybarna-4r-fatuzelesu-cserepkalyha-4-soros-granitlappal-8kw\/","name":"Meleg\u00edt\u0151 cser\u00e9pk\u00e1lyha Morano Aranybarna 4R | eSemineu.ro","isPartOf":{"@id":"https:\/\/esemineu.ro\/hu\/#website"},"primaryImageOfPage":{"@id":"https:\/\/esemineu.ro\/hu\/termek\/melegito-cserepkalyha-morano-aranybarna-4r-fatuzelesu-cserepkalyha-4-soros-granitlappal-8kw\/#primaryimage"},"image":{"@id":"https:\/\/esemineu.ro\/hu\/termek\/melegito-cserepkalyha-morano-aranybarna-4r-fatuzelesu-cserepkalyha-4-soros-granitlappal-8kw\/#primaryimage"},"thumbnailUrl":"https:\/\/esemineu.ro\/wp-content\/uploads\/2023\/03\/4R-TM-MARO-AURIU-FR.jpg","datePublished":"2023-03-24T07:38:50+00:00","dateModified":"2024-04-09T05:56:04+00:00","description":"Meleg\u00edt\u0151 cser\u00e9pk\u00e1lyha Morano Aranybarna 4R, fa t\u00fczel\u00e9s\u0171 cser\u00e9pk\u00e1lyha h\u0151\u00e1ll\u00f3 \u00fcveggel. | eSemineu.ro | Te rakod a t\u00fczet, mi adjuk a meleget.","breadcrumb":{"@id":"https:\/\/esemineu.ro\/hu\/termek\/melegito-cserepkalyha-morano-aranybarna-4r-fatuzelesu-cserepkalyha-4-soros-granitlappal-8kw\/#breadcrumb"},"inLanguage":"hu","potentialAction":[{"@type":"ReadAction","target":["https:\/\/esemineu.ro\/hu\/termek\/melegito-cserepkalyha-morano-aranybarna-4r-fatuzelesu-cserepkalyha-4-soros-granitlappal-8kw\/"]}]},{"@type":"ImageObject","inLanguage":"hu","@id":"https:\/\/esemineu.ro\/hu\/termek\/melegito-cserepkalyha-morano-aranybarna-4r-fatuzelesu-cserepkalyha-4-soros-granitlappal-8kw\/#primaryimage","url":"https:\/\/esemineu.ro\/wp-content\/uploads\/2023\/03\/4R-TM-MARO-AURIU-FR.jpg","contentUrl":"https:\/\/esemineu.ro\/wp-content\/uploads\/2023\/03\/4R-TM-MARO-AURIU-FR.jpg","width":1000,"height":1000,"caption":"Sob\u0103 din teracot\u0103 Maro\/Auriu Morano 4R"},{"@type":"BreadcrumbList","@id":"https:\/\/esemineu.ro\/hu\/termek\/melegito-cserepkalyha-morano-aranybarna-4r-fatuzelesu-cserepkalyha-4-soros-granitlappal-8kw\/#breadcrumb","itemListElement":[{"@type":"ListItem","position":1,"name":"Kezd\u0151lap","item":"https:\/\/esemineu.ro\/hu\/"},{"@type":"ListItem","position":2,"name":"\u00c1ruh\u00e1z","item":"https:\/\/esemineu.ro\/hu\/aruhaz\/"},{"@type":"ListItem","position":3,"name":"Meleg\u00edt\u0151 cser\u00e9pk\u00e1lyha Morano Aranybarna 4R, Fat\u00fczel\u00e9s\u0171 cser\u00e9pk\u00e1lyha 4 soros Gr\u00e1nitlappal, 8kW"}]},{"@type":"WebSite","@id":"https:\/\/esemineu.ro\/hu\/#website","url":"https:\/\/esemineu.ro\/hu\/","name":"eSemineu","description":"\u0218eminee de cea mai \u00eenalt\u0103 calitate","potentialAction":[{"@type":"SearchAction","target":{"@type":"EntryPoint","urlTemplate":"https:\/\/esemineu.ro\/hu\/?s={search_term_string}"},"query-input":{"@type":"PropertyValueSpecification","valueRequired":true,"valueName":"search_term_string"}}],"inLanguage":"hu"}]}},"_links":{"self":[{"href":"https:\/\/esemineu.ro\/hu\/wp-json\/wp\/v2\/product\/4516","targetHints":{"allow":["GET"]}}],"collection":[{"href":"https:\/\/esemineu.ro\/hu\/wp-json\/wp\/v2\/product"}],"about":[{"href":"https:\/\/esemineu.ro\/hu\/wp-json\/wp\/v2\/types\/product"}],"replies":[{"embeddable":true,"href":"https:\/\/esemineu.ro\/hu\/wp-json\/wp\/v2\/comments?post=4516"}],"wp:featuredmedia":[{"embeddable":true,"href":"https:\/\/esemineu.ro\/hu\/wp-json\/wp\/v2\/media\/22551"}],"wp:attachment":[{"href":"https:\/\/esemineu.ro\/hu\/wp-json\/wp\/v2\/media?parent=4516"}],"wp:term":[{"taxonomy":"product_brand","embeddable":true,"href":"https:\/\/esemineu.ro\/hu\/wp-json\/wp\/v2\/product_brand?post=4516"},{"taxonomy":"product_cat","embeddable":true,"href":"https:\/\/esemineu.ro\/hu\/wp-json\/wp\/v2\/product_cat?post=4516"},{"taxonomy":"product_tag","embeddable":true,"href":"https:\/\/esemineu.ro\/hu\/wp-json\/wp\/v2\/product_tag?post=4516"}],"curies":[{"name":"wp","href":"https:\/\/api.w.org\/{rel}","templated":true}]}}