{"id":4506,"date":"2023-03-30T06:31:23","date_gmt":"2023-03-30T03:31:23","guid":{"rendered":"https:\/\/esemineu.ro\/product\/soba-teracota-caro-crem-rustic-5r-soba-de-teracota-pe-lemne-cu-granit-10-kw\/"},"modified":"2026-01-30T15:00:26","modified_gmt":"2026-01-30T13:00:26","slug":"melegito-cserepkalyha-rusztikus-krem-5r-fatuzelesu-cserepkalyha-5-soros-granit-lappal-10kw","status":"publish","type":"product","link":"https:\/\/esemineu.ro\/hu\/termek\/melegito-cserepkalyha-rusztikus-krem-5r-fatuzelesu-cserepkalyha-5-soros-granit-lappal-10kw\/","title":{"rendered":"Melegit\u0151 cser\u00e9pk\u00e1lyha Rusztikus Kr\u00e9m 5R, Fat\u00fczel\u00e9s\u0171 cser\u00e9pk\u00e1lyha 5 soros Gr\u00e1nit lappal, 10kW"},"content":{"rendered":"<p>A Melegit\u0151 cser\u00e9pk\u00e1lyha Rusztikus Kr\u00e9m 5R egy remek v\u00e1laszt\u00e1s, ha hat\u00e9kony \u00e9s eszt\u00e9tikus f\u0171t\u00e9sre v\u00e1gyik otthon\u00e1ban. Ez a fat\u00fczel\u00e9s\u0171 cser\u00e9pk\u00e1lyha nem csak meleg\u00edt, hanem a rusztikus kr\u00e9m sz\u00edn\u00e9vel \u00e9s a 5 soros gr\u00e1nit lappal egyed\u00fcl\u00e1ll\u00f3 hangulatot k\u00f6lcs\u00f6n\u00f6z a helyis\u00e9gnek.<\/p>\n<p>A cser\u00e9pk\u00e1lyha 10kW-os teljes\u00edtm\u00e9ny\u00e9nek k\u00f6sz\u00f6nhet\u0151en hat\u00e9konyan f\u0171ti a helyis\u00e9get, \u00edgy ak\u00e1r k\u00f6zepes vagy nagyobb m\u00e9ret\u0171 szob\u00e1ban is kellemes h\u0151m\u00e9rs\u00e9kletet teremthet. A fat\u00fczel\u00e9s el\u0151nye, hogy k\u00f6rnyezetbar\u00e1t \u00e9s gazdas\u00e1gos, hiszen a t\u0171zifa sz\u00e9les k\u00f6rben el\u00e9rhet\u0151 \u00e9s olcs\u00f3 t\u00fczel\u0151anyag.<\/p>\n<p>A cser\u00e9pk\u00e1lyha anyaga min\u0151s\u00e9gi \u00e9s tart\u00f3s. Az \u00f6nt\u00f6ttvas ajt\u00f3 h\u0151\u00e1ll\u00f3 \u00fcveggel nemcsak biztons\u00e1gos, hanem lehet\u0151v\u00e9 teszi a l\u00e1ngok l\u00e1tv\u00e1ny\u00e1nak \u00e9lvezet\u00e9t is. A gr\u00e1nit lap kiv\u00e1l\u00f3 min\u0151s\u00e9g\u0171 \u00e9s ellen\u00e1ll\u00f3 anyag, amely nemcsak eszt\u00e9tikus megjelen\u00e9st k\u00f6lcs\u00f6n\u00f6z a k\u00e1lyh\u00e1nak, hanem hossz\u00fa \u00e9lettartamot is garant\u00e1l.<\/p>\n<p>A rusztikus kr\u00e9m sz\u00edn\u0171 megjelen\u00e9s\u00e9vel a cser\u00e9pk\u00e1lyha klasszikus \u00e9s eleg\u00e1ns, k\u00f6nnyed\u00e9n illeszkedik b\u00e1rmely bels\u0151 t\u00e9rbe. A gr\u00e1nit lap pedig tov\u00e1bbi st\u00edlust ad a k\u00e1lyh\u00e1nak.<\/p>\n<p>A cser\u00e9pk\u00e1lyha rendelkezik 5 soros gr\u00e1nit lappal, amely m\u00e9g hat\u00e9konyabb\u00e1 teszi a f\u0171t\u00e9st. A k\u00e1lyha m\u00e9retei pedig k\u00e9nyelmesen elf\u00e9rnek a legt\u00f6bb helyis\u00e9gben. A fat\u00fczel\u00e9s\u0171 cser\u00e9pk\u00e1lyha nemcsak meleg\u00edt, hanem a l\u00e1tv\u00e1nya is k\u00fcl\u00f6nleges hangulatot var\u00e1zsol a t\u00e9rbe.<\/p>\n<p>Ha olyan cser\u00e9pk\u00e1lyh\u00e1t keres, ami hat\u00e9kony, st\u00edlusos \u00e9s eszt\u00e9tikus, akkor a Melegit\u0151 cser\u00e9pk\u00e1lyha Rusztikus Kr\u00e9m 5R a t\u00f6k\u00e9letes v\u00e1laszt\u00e1s. Fedezze fel a fat\u00fczel\u00e9s el\u0151nyeit \u00e9s \u00e9lvezze a kellemes meleget \u00e9s hangulatot otthon\u00e1ban!<\/p>\n<p>Fontos megjegyezni, hogy a t\u0171zhely hullad\u00e9k \u00e9get\u00e9s\u00e9re nem alkalmas, kiz\u00e1r\u00f3lag f\u0171t\u00e9sre \u00e9s f\u0151z\u00e9sre haszn\u00e1lhat\u00f3. Az ilyen hullad\u00e9k \u00e9get\u00e9sekor a cser\u00e9pk\u00e1lyha f\u00fcstkivezet\u0151 ny\u00edl\u00e1sa k\u00f6nnyen elt\u00f6m\u0151dhet, ez\u00e9rt aj\u00e1nlott kiz\u00e1r\u00f3lag megfelel\u0151 anyagokat \u00e9getni benne.<\/p>\n<h6>Sz\u00e1ll\u00edt\u00e1si hat\u00e1rid\u0151:<\/h6>\n<ul>\n<li><strong>Magyarorsz\u00e1g \u00e9s az eg\u00e9sz Eur\u00f3pai Uni\u00f3 ter\u00fclet\u00e9n<\/strong>\u00a0is sz\u00e1ll\u00edtjuk.<\/li>\n<li>Rom\u00e1ni\u00e1ba 2-3 munkanap alatt sz\u00e1ll\u00edtjuk<\/li>\n<li>Magyarorsz\u00e1gra \u00e9s az EU ter\u00fclet\u00e9re az \u00e1tutal\u00e1s ut\u00e1n 5 munkanapon bel\u00fcl \u00e9rkezik meg a term\u00e9k.<\/li>\n<\/ul>\n<p>Ha b\u00e1rmilyen k\u00e9rd\u00e9se van, k\u00e9rj\u00fck, l\u00e9pjen kapcsolatba vel\u00fcnk.<\/p>\n<p>Tov\u00e1bbi aj\u00e1nlatok\u00e9rt kattintson\u00a0<a href=\"https:\/\/esemineu.ro\/hu\/termek-kategoria\/hordozhato-cserepkalyhak\/\">ide<\/a><\/p>\n<p>T\u0151bb inform\u00e1ci\u00f3\u00e9rt l\u00e1togasson el\u00a0<a href=\"https:\/\/www.youtube.com\/@esemineuromania\">YouTube<\/a>-csatorn\u00e1nkra, valamint\u00a0<a href=\"https:\/\/www.facebook.com\/eSemineu\">Facebook<\/a>\u00a0\u00e9s\u00a0<a href=\"https:\/\/www.instagram.com\/esemineu\/\">Instagram<\/a>\u00a0oldalainkra.<\/p>\n<p><a href=\"https:\/\/esemineu.ro\/\">eSemineu.ro<\/a>\u00a0 \u00a0Te rakod a t\u0171zet, mi adjuk a meleget!<\/p>\n<p>&nbsp;<\/p>\n","protected":false},"excerpt":{"rendered":"<p>A Melegit\u0151 cser\u00e9pk\u00e1lyha Rusztikus Kr\u00e9m 5R egy remek v\u00e1laszt\u00e1s, ha hat\u00e9kony \u00e9s eszt\u00e9tikus f\u0171t\u00e9sre v\u00e1gyik otthon\u00e1ban. Ez a fat\u00fczel\u00e9s\u0171 cser\u00e9pk\u00e1lyha nem csak meleg\u00edt, hanem a rusztikus kr\u00e9m sz\u00edn\u00e9vel \u00e9s a 5 soros gr\u00e1nit lappal egyed\u00fcl\u00e1ll\u00f3 hangulatot k\u00f6lcs\u00f6n\u00f6z a helyis\u00e9gnek. A cser\u00e9pk\u00e1lyha 10kW-os teljes\u00edtm\u00e9ny\u00e9nek k\u00f6sz\u00f6nhet\u0151en hat\u00e9konyan f\u0171ti a helyis\u00e9get, \u00edgy ak\u00e1r k\u00f6zepes vagy nagyobb m\u00e9ret\u0171 szob\u00e1ban is kellemes h\u0151m\u00e9rs\u00e9kletet teremthet. A fat\u00fczel\u00e9s el\u0151nye, hogy k\u00f6rnyezetbar\u00e1t \u00e9s gazdas\u00e1gos, hiszen a t\u0171zifa sz\u00e9les k\u00f6rben el\u00e9rhet\u0151 \u00e9s olcs\u00f3 t\u00fczel\u0151anyag. A cser\u00e9pk\u00e1lyha anyaga min\u0151s\u00e9gi \u00e9s tart\u00f3s. Az \u00f6nt\u00f6ttvas ajt\u00f3 h\u0151\u00e1ll\u00f3 \u00fcveggel nemcsak biztons\u00e1gos, hanem lehet\u0151v\u00e9 teszi a l\u00e1ngok l\u00e1tv\u00e1ny\u00e1nak \u00e9lvezet\u00e9t is. A gr\u00e1nit lap kiv\u00e1l\u00f3 min\u0151s\u00e9g\u0171 \u00e9s ellen\u00e1ll\u00f3 anyag, amely nemcsak eszt\u00e9tikus megjelen\u00e9st k\u00f6lcs\u00f6n\u00f6z a k\u00e1lyh\u00e1nak, hanem hossz\u00fa \u00e9lettartamot is garant\u00e1l. A rusztikus kr\u00e9m sz\u00edn\u0171 megjelen\u00e9s\u00e9vel a cser\u00e9pk\u00e1lyha klasszikus \u00e9s eleg\u00e1ns, k\u00f6nnyed\u00e9n illeszkedik b\u00e1rmely bels\u0151 t\u00e9rbe. A gr\u00e1nit lap pedig tov\u00e1bbi st\u00edlust ad a k\u00e1lyh\u00e1nak. A cser\u00e9pk\u00e1lyha rendelkezik 5 soros gr\u00e1nit lappal, amely m\u00e9g hat\u00e9konyabb\u00e1 &hellip; <a href=\"https:\/\/esemineu.ro\/hu\/termek\/melegito-cserepkalyha-rusztikus-krem-5r-fatuzelesu-cserepkalyha-5-soros-granit-lappal-10kw\/\">Folytatva<\/a><\/p>\n","protected":false},"featured_media":23511,"comment_status":"open","ping_status":"closed","template":"","meta":[],"product_brand":[706],"product_cat":[729,1680],"product_tag":[],"class_list":{"0":"post-4506","1":"product","2":"type-product","3":"status-publish","4":"has-post-thumbnail","6":"product_brand-esemineu-premium","7":"product_cat-hordozhato-cserepkalyhak","8":"product_cat-melegito","9":"product_shipping_class-csempekalyhak","10":"pa_combustibil-utilizat-brikett","11":"pa_combustibil-utilizat-fa","12":"pa_culoare-krem-bezs","13":"pa_diametru-racordului-la-cos-120-mm-hu","14":"pa_material-teracota-hu","15":"pa_material-ontotvas-ajto-hoallo-uveggel","16":"pa_material-ontveny-labak","17":"pa_model-5-soros-melegito-hu","18":"pa_putere-10-kw-hu","19":"pa_randament-94-hu","20":"pa_suprafata-incalzita-mp-55-59-hu","21":"producer-teramix","23":"first","24":"instock","25":"shipping-taxable","26":"purchasable","27":"product-type-simple"},"acf":[],"yoast_head":"<!-- This site is optimized with the Yoast SEO Premium plugin v21.0 (Yoast SEO v27.3) - https:\/\/yoast.com\/product\/yoast-seo-premium-wordpress\/ -->\n<title>Melegit\u0151 cser\u00e9pk\u00e1lyha Rusztikus Kr\u00e9m 5R, fa | eSemineu.ro<\/title>\n<meta name=\"description\" content=\"Melegit\u0151 cser\u00e9pk\u00e1lyha Rusztikus Kr\u00e9m 5R, fa t\u00fczel\u00e9s\u0171 cser\u00e9pk\u00e1lyha \u00f6ntv\u00e9ny ajt\u00f3kkal \u00e9s h\u0151\u00e1ll\u00f3 \u00fcveggel. Meg t\u0151bb aj\u00e1nlat hordozhato-cser\u00e9pk\u00e1lyha eSemineu.ro\" \/>\n<meta name=\"robots\" content=\"index, follow, max-snippet:-1, max-image-preview:large, max-video-preview:-1\" \/>\n<link rel=\"canonical\" href=\"https:\/\/esemineu.ro\/hu\/termek\/melegito-cserepkalyha-rusztikus-krem-5r-fatuzelesu-cserepkalyha-5-soros-granit-lappal-10kw\/\" \/>\n<meta property=\"og:locale\" content=\"hu_HU\" \/>\n<meta property=\"og:type\" content=\"article\" \/>\n<meta property=\"og:title\" content=\"Melegit\u0151 cser\u00e9pk\u00e1lyha Rusztikus Kr\u00e9m 5R, fa | eSemineu.ro\" \/>\n<meta property=\"og:description\" content=\"Melegit\u0151 cser\u00e9pk\u00e1lyha Rusztikus Kr\u00e9m 5R, fa t\u00fczel\u00e9s\u0171 cser\u00e9pk\u00e1lyha \u00f6ntv\u00e9ny ajt\u00f3kkal \u00e9s h\u0151\u00e1ll\u00f3 \u00fcveggel. Meg t\u0151bb aj\u00e1nlat hordozhato-cser\u00e9pk\u00e1lyha eSemineu.ro\" \/>\n<meta property=\"og:url\" content=\"https:\/\/esemineu.ro\/hu\/termek\/melegito-cserepkalyha-rusztikus-krem-5r-fatuzelesu-cserepkalyha-5-soros-granit-lappal-10kw\/\" \/>\n<meta property=\"og:site_name\" content=\"eSemineu\" \/>\n<meta property=\"article:publisher\" content=\"https:\/\/web.facebook.com\/eSemineu\" \/>\n<meta property=\"article:modified_time\" content=\"2026-01-30T13:00:26+00:00\" \/>\n<meta property=\"og:image\" content=\"https:\/\/esemineu.ro\/wp-content\/uploads\/2023\/03\/5R-CARO-CREM-RUSTIC-LANDING-FR.jpg\" \/>\n\t<meta property=\"og:image:width\" content=\"1000\" \/>\n\t<meta property=\"og:image:height\" content=\"1000\" \/>\n\t<meta property=\"og:image:type\" content=\"image\/jpeg\" \/>\n<meta name=\"twitter:card\" content=\"summary_large_image\" \/>\n<meta name=\"twitter:label1\" content=\"Becs\u00fclt olvas\u00e1si id\u0151\" \/>\n\t<meta name=\"twitter:data1\" content=\"4 perc\" \/>\n<script type=\"application\/ld+json\" class=\"yoast-schema-graph\">{\"@context\":\"https:\\\/\\\/schema.org\",\"@graph\":[{\"@type\":\"WebPage\",\"@id\":\"https:\\\/\\\/esemineu.ro\\\/hu\\\/termek\\\/melegito-cserepkalyha-rusztikus-krem-5r-fatuzelesu-cserepkalyha-5-soros-granit-lappal-10kw\\\/\",\"url\":\"https:\\\/\\\/esemineu.ro\\\/hu\\\/termek\\\/melegito-cserepkalyha-rusztikus-krem-5r-fatuzelesu-cserepkalyha-5-soros-granit-lappal-10kw\\\/\",\"name\":\"Melegit\u0151 cser\u00e9pk\u00e1lyha Rusztikus Kr\u00e9m 5R, fa | eSemineu.ro\",\"isPartOf\":{\"@id\":\"https:\\\/\\\/esemineu.ro\\\/hu\\\/#website\"},\"primaryImageOfPage\":{\"@id\":\"https:\\\/\\\/esemineu.ro\\\/hu\\\/termek\\\/melegito-cserepkalyha-rusztikus-krem-5r-fatuzelesu-cserepkalyha-5-soros-granit-lappal-10kw\\\/#primaryimage\"},\"image\":{\"@id\":\"https:\\\/\\\/esemineu.ro\\\/hu\\\/termek\\\/melegito-cserepkalyha-rusztikus-krem-5r-fatuzelesu-cserepkalyha-5-soros-granit-lappal-10kw\\\/#primaryimage\"},\"thumbnailUrl\":\"https:\\\/\\\/esemineu.ro\\\/wp-content\\\/uploads\\\/2023\\\/03\\\/5R-CARO-CREM-RUSTIC-LANDING-FR.jpg\",\"datePublished\":\"2023-03-30T03:31:23+00:00\",\"dateModified\":\"2026-01-30T13:00:26+00:00\",\"description\":\"Melegit\u0151 cser\u00e9pk\u00e1lyha Rusztikus Kr\u00e9m 5R, fa t\u00fczel\u00e9s\u0171 cser\u00e9pk\u00e1lyha \u00f6ntv\u00e9ny ajt\u00f3kkal \u00e9s h\u0151\u00e1ll\u00f3 \u00fcveggel. Meg t\u0151bb aj\u00e1nlat hordozhato-cser\u00e9pk\u00e1lyha eSemineu.ro\",\"breadcrumb\":{\"@id\":\"https:\\\/\\\/esemineu.ro\\\/hu\\\/termek\\\/melegito-cserepkalyha-rusztikus-krem-5r-fatuzelesu-cserepkalyha-5-soros-granit-lappal-10kw\\\/#breadcrumb\"},\"inLanguage\":\"hu\",\"potentialAction\":[{\"@type\":\"ReadAction\",\"target\":[\"https:\\\/\\\/esemineu.ro\\\/hu\\\/termek\\\/melegito-cserepkalyha-rusztikus-krem-5r-fatuzelesu-cserepkalyha-5-soros-granit-lappal-10kw\\\/\"]}]},{\"@type\":\"ImageObject\",\"inLanguage\":\"hu\",\"@id\":\"https:\\\/\\\/esemineu.ro\\\/hu\\\/termek\\\/melegito-cserepkalyha-rusztikus-krem-5r-fatuzelesu-cserepkalyha-5-soros-granit-lappal-10kw\\\/#primaryimage\",\"url\":\"https:\\\/\\\/esemineu.ro\\\/wp-content\\\/uploads\\\/2023\\\/03\\\/5R-CARO-CREM-RUSTIC-LANDING-FR.jpg\",\"contentUrl\":\"https:\\\/\\\/esemineu.ro\\\/wp-content\\\/uploads\\\/2023\\\/03\\\/5R-CARO-CREM-RUSTIC-LANDING-FR.jpg\",\"width\":1000,\"height\":1000},{\"@type\":\"BreadcrumbList\",\"@id\":\"https:\\\/\\\/esemineu.ro\\\/hu\\\/termek\\\/melegito-cserepkalyha-rusztikus-krem-5r-fatuzelesu-cserepkalyha-5-soros-granit-lappal-10kw\\\/#breadcrumb\",\"itemListElement\":[{\"@type\":\"ListItem\",\"position\":1,\"name\":\"Kezd\u0151lap\",\"item\":\"https:\\\/\\\/esemineu.ro\\\/hu\\\/\"},{\"@type\":\"ListItem\",\"position\":2,\"name\":\"\u00c1ruh\u00e1z\",\"item\":\"https:\\\/\\\/esemineu.ro\\\/hu\\\/aruhaz\\\/\"},{\"@type\":\"ListItem\",\"position\":3,\"name\":\"Melegit\u0151 cser\u00e9pk\u00e1lyha Rusztikus Kr\u00e9m 5R, Fat\u00fczel\u00e9s\u0171 cser\u00e9pk\u00e1lyha 5 soros Gr\u00e1nit lappal, 10kW\"}]},{\"@type\":\"WebSite\",\"@id\":\"https:\\\/\\\/esemineu.ro\\\/hu\\\/#website\",\"url\":\"https:\\\/\\\/esemineu.ro\\\/hu\\\/\",\"name\":\"eSemineu\",\"description\":\"\u0218eminee de cea mai \u00eenalt\u0103 calitate\",\"potentialAction\":[{\"@type\":\"SearchAction\",\"target\":{\"@type\":\"EntryPoint\",\"urlTemplate\":\"https:\\\/\\\/esemineu.ro\\\/hu\\\/?s={search_term_string}\"},\"query-input\":{\"@type\":\"PropertyValueSpecification\",\"valueRequired\":true,\"valueName\":\"search_term_string\"}}],\"inLanguage\":\"hu\"}]}<\/script>\n<!-- \/ Yoast SEO Premium plugin. -->","yoast_head_json":{"title":"Melegit\u0151 cser\u00e9pk\u00e1lyha Rusztikus Kr\u00e9m 5R, fa | eSemineu.ro","description":"Melegit\u0151 cser\u00e9pk\u00e1lyha Rusztikus Kr\u00e9m 5R, fa t\u00fczel\u00e9s\u0171 cser\u00e9pk\u00e1lyha \u00f6ntv\u00e9ny ajt\u00f3kkal \u00e9s h\u0151\u00e1ll\u00f3 \u00fcveggel. Meg t\u0151bb aj\u00e1nlat hordozhato-cser\u00e9pk\u00e1lyha eSemineu.ro","robots":{"index":"index","follow":"follow","max-snippet":"max-snippet:-1","max-image-preview":"max-image-preview:large","max-video-preview":"max-video-preview:-1"},"canonical":"https:\/\/esemineu.ro\/hu\/termek\/melegito-cserepkalyha-rusztikus-krem-5r-fatuzelesu-cserepkalyha-5-soros-granit-lappal-10kw\/","og_locale":"hu_HU","og_type":"article","og_title":"Melegit\u0151 cser\u00e9pk\u00e1lyha Rusztikus Kr\u00e9m 5R, fa | eSemineu.ro","og_description":"Melegit\u0151 cser\u00e9pk\u00e1lyha Rusztikus Kr\u00e9m 5R, fa t\u00fczel\u00e9s\u0171 cser\u00e9pk\u00e1lyha \u00f6ntv\u00e9ny ajt\u00f3kkal \u00e9s h\u0151\u00e1ll\u00f3 \u00fcveggel. Meg t\u0151bb aj\u00e1nlat hordozhato-cser\u00e9pk\u00e1lyha eSemineu.ro","og_url":"https:\/\/esemineu.ro\/hu\/termek\/melegito-cserepkalyha-rusztikus-krem-5r-fatuzelesu-cserepkalyha-5-soros-granit-lappal-10kw\/","og_site_name":"eSemineu","article_publisher":"https:\/\/web.facebook.com\/eSemineu","article_modified_time":"2026-01-30T13:00:26+00:00","og_image":[{"width":1000,"height":1000,"url":"https:\/\/esemineu.ro\/wp-content\/uploads\/2023\/03\/5R-CARO-CREM-RUSTIC-LANDING-FR.jpg","type":"image\/jpeg"}],"twitter_card":"summary_large_image","twitter_misc":{"Becs\u00fclt olvas\u00e1si id\u0151":"4 perc"},"schema":{"@context":"https:\/\/schema.org","@graph":[{"@type":"WebPage","@id":"https:\/\/esemineu.ro\/hu\/termek\/melegito-cserepkalyha-rusztikus-krem-5r-fatuzelesu-cserepkalyha-5-soros-granit-lappal-10kw\/","url":"https:\/\/esemineu.ro\/hu\/termek\/melegito-cserepkalyha-rusztikus-krem-5r-fatuzelesu-cserepkalyha-5-soros-granit-lappal-10kw\/","name":"Melegit\u0151 cser\u00e9pk\u00e1lyha Rusztikus Kr\u00e9m 5R, fa | eSemineu.ro","isPartOf":{"@id":"https:\/\/esemineu.ro\/hu\/#website"},"primaryImageOfPage":{"@id":"https:\/\/esemineu.ro\/hu\/termek\/melegito-cserepkalyha-rusztikus-krem-5r-fatuzelesu-cserepkalyha-5-soros-granit-lappal-10kw\/#primaryimage"},"image":{"@id":"https:\/\/esemineu.ro\/hu\/termek\/melegito-cserepkalyha-rusztikus-krem-5r-fatuzelesu-cserepkalyha-5-soros-granit-lappal-10kw\/#primaryimage"},"thumbnailUrl":"https:\/\/esemineu.ro\/wp-content\/uploads\/2023\/03\/5R-CARO-CREM-RUSTIC-LANDING-FR.jpg","datePublished":"2023-03-30T03:31:23+00:00","dateModified":"2026-01-30T13:00:26+00:00","description":"Melegit\u0151 cser\u00e9pk\u00e1lyha Rusztikus Kr\u00e9m 5R, fa t\u00fczel\u00e9s\u0171 cser\u00e9pk\u00e1lyha \u00f6ntv\u00e9ny ajt\u00f3kkal \u00e9s h\u0151\u00e1ll\u00f3 \u00fcveggel. Meg t\u0151bb aj\u00e1nlat hordozhato-cser\u00e9pk\u00e1lyha eSemineu.ro","breadcrumb":{"@id":"https:\/\/esemineu.ro\/hu\/termek\/melegito-cserepkalyha-rusztikus-krem-5r-fatuzelesu-cserepkalyha-5-soros-granit-lappal-10kw\/#breadcrumb"},"inLanguage":"hu","potentialAction":[{"@type":"ReadAction","target":["https:\/\/esemineu.ro\/hu\/termek\/melegito-cserepkalyha-rusztikus-krem-5r-fatuzelesu-cserepkalyha-5-soros-granit-lappal-10kw\/"]}]},{"@type":"ImageObject","inLanguage":"hu","@id":"https:\/\/esemineu.ro\/hu\/termek\/melegito-cserepkalyha-rusztikus-krem-5r-fatuzelesu-cserepkalyha-5-soros-granit-lappal-10kw\/#primaryimage","url":"https:\/\/esemineu.ro\/wp-content\/uploads\/2023\/03\/5R-CARO-CREM-RUSTIC-LANDING-FR.jpg","contentUrl":"https:\/\/esemineu.ro\/wp-content\/uploads\/2023\/03\/5R-CARO-CREM-RUSTIC-LANDING-FR.jpg","width":1000,"height":1000},{"@type":"BreadcrumbList","@id":"https:\/\/esemineu.ro\/hu\/termek\/melegito-cserepkalyha-rusztikus-krem-5r-fatuzelesu-cserepkalyha-5-soros-granit-lappal-10kw\/#breadcrumb","itemListElement":[{"@type":"ListItem","position":1,"name":"Kezd\u0151lap","item":"https:\/\/esemineu.ro\/hu\/"},{"@type":"ListItem","position":2,"name":"\u00c1ruh\u00e1z","item":"https:\/\/esemineu.ro\/hu\/aruhaz\/"},{"@type":"ListItem","position":3,"name":"Melegit\u0151 cser\u00e9pk\u00e1lyha Rusztikus Kr\u00e9m 5R, Fat\u00fczel\u00e9s\u0171 cser\u00e9pk\u00e1lyha 5 soros Gr\u00e1nit lappal, 10kW"}]},{"@type":"WebSite","@id":"https:\/\/esemineu.ro\/hu\/#website","url":"https:\/\/esemineu.ro\/hu\/","name":"eSemineu","description":"\u0218eminee de cea mai \u00eenalt\u0103 calitate","potentialAction":[{"@type":"SearchAction","target":{"@type":"EntryPoint","urlTemplate":"https:\/\/esemineu.ro\/hu\/?s={search_term_string}"},"query-input":{"@type":"PropertyValueSpecification","valueRequired":true,"valueName":"search_term_string"}}],"inLanguage":"hu"}]}},"_links":{"self":[{"href":"https:\/\/esemineu.ro\/hu\/wp-json\/wp\/v2\/product\/4506","targetHints":{"allow":["GET"]}}],"collection":[{"href":"https:\/\/esemineu.ro\/hu\/wp-json\/wp\/v2\/product"}],"about":[{"href":"https:\/\/esemineu.ro\/hu\/wp-json\/wp\/v2\/types\/product"}],"replies":[{"embeddable":true,"href":"https:\/\/esemineu.ro\/hu\/wp-json\/wp\/v2\/comments?post=4506"}],"wp:featuredmedia":[{"embeddable":true,"href":"https:\/\/esemineu.ro\/hu\/wp-json\/wp\/v2\/media\/23511"}],"wp:attachment":[{"href":"https:\/\/esemineu.ro\/hu\/wp-json\/wp\/v2\/media?parent=4506"}],"wp:term":[{"taxonomy":"product_brand","embeddable":true,"href":"https:\/\/esemineu.ro\/hu\/wp-json\/wp\/v2\/product_brand?post=4506"},{"taxonomy":"product_cat","embeddable":true,"href":"https:\/\/esemineu.ro\/hu\/wp-json\/wp\/v2\/product_cat?post=4506"},{"taxonomy":"product_tag","embeddable":true,"href":"https:\/\/esemineu.ro\/hu\/wp-json\/wp\/v2\/product_tag?post=4506"}],"curies":[{"name":"wp","href":"https:\/\/api.w.org\/{rel}","templated":true}]}}