{"id":4500,"date":"2023-04-06T12:35:09","date_gmt":"2023-04-06T09:35:09","guid":{"rendered":"https:\/\/esemineu.ro\/product\/teracota-premium-tip-cizma-verde-de-incalzit-si-gatit-cu-usa-sticla-10kw\/"},"modified":"2026-03-26T10:56:51","modified_gmt":"2026-03-26T08:56:51","slug":"zold-csiko-cserepkalyha-fatuzelesu-cserepkalyha-jobbos-balos-kivitel-10kw","status":"publish","type":"product","link":"https:\/\/esemineu.ro\/hu\/termek\/zold-csiko-cserepkalyha-fatuzelesu-cserepkalyha-jobbos-balos-kivitel-10kw\/","title":{"rendered":"Z\u00f6ld Csik\u00f3 cser\u00e9pk\u00e1lyha, Fat\u00fczel\u00e9s\u0171 cser\u00e9pk\u00e1lyha jobbos-balos kivitel, 10kW"},"content":{"rendered":"<p>A Z\u00f6ld Csik\u00f3 cser\u00e9pk\u00e1lyha klasszikus \u00e9s st\u00edlusos z\u00f6ld sz\u00ednben \u00e9rhet\u0151 el, amely harm\u00f3ni\u00e1t teremt a k\u00f6rnyezet\u00e9ben. A term\u00e9k magas min\u0151s\u00e9g\u00e9t az \u0150nt\u0151vas ajt\u00f3 h\u0151\u00e1ll\u00f3 \u00fcveggel \u00e9s az \u00f6ntv\u00e9ny f\u0151z\u0151lap biztos\u00edtja, amelyek nemcsak eszt\u00e9tikusak, hanem tart\u00f3sak is.<\/p>\n<p>A Hordozhat\u00f3 z\u00f6ld csik\u00f3 cser\u00e9pk\u00e1lyha egy hagyom\u00e1nyos k\u00e9sz\u00edtt\u00e9s\u0171 erd\u00e9lyi k\u00e9zm\u0171ves cser\u00e9pk\u00e1lyha, amely a r\u00e9gi\u00f3 gazdag \u00f6r\u00f6ks\u00e9g\u00e9t t\u00fckr\u00f6zi.<\/p>\n<p>Ez a cser\u00e9pk\u00e1lyha kiv\u00e1l\u00f3an alkalmas k\u00fcl\u00f6nb\u00f6z\u0151 t\u00fczel\u0151anyagok, mint a brikett \u00e9s t\u0171zifa haszn\u00e1lat\u00e1ra. A 120 mm-es f\u00fcstcs\u0151 m\u00e9rete biztos\u00edtja a hat\u00e9kony f\u00fcstelvezet\u00e9st, \u00e9s lehet\u0151s\u00e9get ad a bal vagy jobb oldali f\u00fcstkivezet\u00e9sre, \u00edgy k\u00f6nnyen illeszkedik b\u00e1rmilyen k\u00f6rnyezetbe.<\/p>\n<p>A Z\u00f6ld Csik\u00f3 cser\u00e9pk\u00e1lyha kiv\u00e1l\u00f3an szab\u00e1lyozhat\u00f3, \u00edgy lehet\u0151s\u00e9g van a f\u0171t\u00e9s intenzit\u00e1s\u00e1nak szem\u00e9lyre szab\u00e1s\u00e1ra az adott helyis\u00e9g ig\u00e9nyeihez igazodva. A 10kW-os teljes\u00edtm\u00e9nye elegend\u0151 ahhoz, hogy kellemes meleget biztos\u00edtson egy k\u00f6zepes vagy ak\u00e1r nagyobb m\u00e9ret\u0171 helyis\u00e9gben is. Ez a teljes\u00edtm\u00e9nyegys\u00e9g azt mutatja meg, hogy a cser\u00e9pk\u00e1lyha mennyi h\u0151t k\u00e9pes termelni \u00e9s kisug\u00e1rozni egy adott id\u0151 alatt.<\/p>\n<p>A k\u00e1lyha kiv\u00e1l\u00f3 min\u0151s\u00e9g\u0171 cser\u00e9pb\u0151l k\u00e9sz\u00fcl, amely hossz\u00fa t\u00e1v\u00fa megb\u00edzhat\u00f3 m\u0171k\u00f6d\u00e9st garant\u00e1l. A kiv\u00e1l\u00f3 h\u0151tart\u00f3 k\u00e9pess\u00e9gnek k\u00f6sz\u00f6nhet\u0151en az \u00e1ltala sug\u00e1rzott meleg hosszan tart\u00f3 \u00e9s k\u00e9nyelmes f\u0171t\u00e9st biztos\u00edt otthona sz\u00e1m\u00e1ra.<\/p>\n<p>A Z\u00f6ld Csik\u00f3 cser\u00e9pk\u00e1lyha egyar\u00e1nt megfelel\u0151 otthoni \u00e9s \u00fcd\u00fcl\u0151helyi felhaszn\u00e1l\u00e1sra egyar\u00e1nt. Kiv\u00e1l\u00f3 v\u00e1laszt\u00e1s lehet mindazoknak, akik a hagyom\u00e1nyos megjelen\u00e9st, a modern technol\u00f3gi\u00e1t \u00e9s a hat\u00e9kony f\u0171t\u00e9st szeretn\u00e9k egyes\u00edteni egy cser\u00e9pk\u00e1lyh\u00e1ban.<\/p>\n<p>Ha szeretn\u00e9 \u00e9lvezni a kellemes meleget \u00e9s az eszt\u00e9tikus megjelen\u00e9st egy klasszikus st\u00edlus\u00fa, Z\u00f6ld Csik\u00f3 cser\u00e9pk\u00e1lyha mellett d\u00f6nts\u00f6n! H\u0151szigetelt fal\u00fa kivitelez\u00e9se biztos\u00edtja, hogy a k\u00e1lyha hossz\u00fa id\u0151n kereszt\u00fcl megtartsa a h\u0151t \u00e9s k\u00e9nyelmet ny\u00fajtson otthon\u00e1ban.<\/p>\n<p>Fontos megjegyezni, hogy a t\u0171zhely hullad\u00e9k \u00e9get\u00e9s\u00e9re nem alkalmas, kiz\u00e1r\u00f3lag f\u0171t\u00e9sre \u00e9s f\u0151z\u00e9sre haszn\u00e1lhat\u00f3. Az ilyen hullad\u00e9k \u00e9get\u00e9sekor a cser\u00e9pk\u00e1lyha f\u00fcstkivezet\u0151 ny\u00edl\u00e1sa k\u00f6nnyen elt\u00f6m\u0151dhet, ez\u00e9rt aj\u00e1nlott kiz\u00e1r\u00f3lag megfelel\u0151 anyagokat \u00e9getni benne.<\/p>\n<h4>Aj\u00e1nl\u00e1s a maxim\u00e1lis hat\u00e1sfok el\u00e9r\u00e9s\u00e9hez:<\/h4>\n<p>Az \u00e9g\u00e9s sor\u00e1n aj\u00e1nljuk, hogy tartsa az hamuz\u00f3 ajtaj\u00e1t legal\u00e1bb egy ujjnyira nyitva, hogy legyen megfelel\u0151 huzat. Miut\u00e1n a t\u0171z lelohadt, z\u00e1rja be az hamuz\u00f3t, hogy ne \u00e1ramoljon leveg\u0151 a k\u00e1lyh\u00e1ba \u00e9s a h\u0151 min\u00e9l hosszabb ideig megmaradjon. Ez el\u0151seg\u00edti az \u00e9g\u00e9si folyamat hat\u00e9konys\u00e1g\u00e1t \u00e9s a h\u0151m\u00e9rs\u00e9klet hosszabb ideig t\u00f6rt\u00e9n\u0151 fenntart\u00e1s\u00e1t. A szamot b\u00e9l\u00e9s seg\u00edts\u00e9g\u00e9vel, ha sz\u00e1raz f\u00e1t haszn\u00e1l, a t\u0171zt\u00e9r ajtaj\u00e1nak \u00fcvege tiszta marad. Az els\u0151 n\u00e9h\u00e1ny t\u0171zn\u00e9l ne f\u0171ts\u00f6n intenz\u00edven \u00e9s meleg\u00edtse fel a k\u00e1lyh\u00e1t fokozatosan. K\u00e9t t\u0171z ut\u00e1n kezd melegedni a szamot b\u00e9l\u00e9s \u00e9s a cser\u00e9pk\u00e1lyha, amelyek ezut\u00e1n kezdik sug\u00e1rozni a h\u0151t. A k\u00e9m\u00e9ny (f\u0171stelvezet\u0151 cs\u0151) hossz\u00e1nak legal\u00e1bb 5 m\u00e9ternek kell lennie, \u00e9s a k\u00e9m\u00e9nybe t\u00f6rt\u00e9n\u0151 kivezet\u00e9s vastags\u00e1g\u00e1nak 150 mm-nek kell lennie. L\u00e1sd a k\u00e9m\u00e9ny telep\u00edt\u00e9si utas\u00edt\u00e1sait a garancialev\u00e9l h\u00e1toldal\u00e1n.<\/p>\n<h4>Ne \u00e9gessen!<\/h4>\n<p>H\u00e1ztart\u00e1si hullad\u00e9kot, ragasztott vagy festett falemezt, forg\u00e1cslapot vagy egy\u00e9b fapartikul\u00e1kat tartalmaz\u00f3 lapokat, vagy m\u00e1s, mesters\u00e9ges k\u00e9miai kever\u00e9keket tartalmaz\u00f3 hullad\u00e9kokat, mivel a m\u00e9rgek nem \u00e9gnek el, csak megv\u00e1ltoztatj\u00e1k form\u00e1jukat, \u00e9s amikor a l\u00e9gk\u00f6rbe ker\u00fclnek, kisz\u00e1m\u00edthatatlan k\u00f6vetkezm\u00e9nyekhez vezethetnek. A cser\u00e9pk\u00e1lyha egy f\u0171t\u0151berendez\u00e9s. Ha hullad\u00e9kot \u00e9get a k\u00e1lyh\u00e1ban, elt\u00f6m\u0151dhet a cser\u00e9pk\u00e1lyha f\u00fcstelvezet\u0151 ny\u00edl\u00e1sa.<\/p>\n<h4>Figyelmeztet\u00e9s!<\/h4>\n<p>Minden kaz\u00e1nt, kandall\u00f3t \u00e9s t\u0171zhelyet a k\u00e9m\u00e9nysepr\u0151nek kell j\u00f3v\u00e1hagynia, amikor azokat csatlakoztatj\u00e1k. Ez t\u00f6rv\u00e9nyileg k\u00f6telez\u0151, ellenkez\u0151 esetben a term\u00e9kre semmilyen garancia nem vonatkozik:<\/p>\n<p>\u2022 A 2012-es XC. EU torv\u00e9ny a k\u00f6zszolg\u00e1lati k\u00e9m\u00e9nysepr\u00e9sr\u0151l \u00e9s a (XII.11) BM rendelet kimondja, hogy egy \u00e9g\u0151berendez\u00e9s k\u00e9m\u00e9nyhez t\u00f6rt\u00e9n\u0151 csatlakoztat\u00e1s\u00e1t a k\u00e9m\u00e9nysepr\u0151nek kell j\u00f3v\u00e1hagynia.<\/p>\n<p>\u2022 Az ipari k\u00e9m\u00e9nytiszt\u00edt\u00e1s nyilatkozata nem helyettes\u00edti a k\u00f6zszolg\u00e1lati k\u00e9m\u00e9nysepr\u0151 igazol\u00e1s\u00e1t.<\/p>\n<h4>Sz\u00e1ll\u00edt\u00e1si hat\u00e1rid\u0151:<\/h4>\n<ul>\n<li><strong>Magyarorsz\u00e1g \u00e9s az eg\u00e9sz Eur\u00f3pai Uni\u00f3 ter\u00fclet\u00e9n<\/strong>\u00a0is sz\u00e1ll\u00edtjuk.<\/li>\n<li>Rom\u00e1ni\u00e1ba 2-3 munkanap alatt sz\u00e1ll\u00edtjuk<\/li>\n<li>Magyarorsz\u00e1gra \u00e9s az EU ter\u00fclet\u00e9re az \u00e1tutal\u00e1s ut\u00e1n 5 munkanapon bel\u00fcl \u00e9rkezik meg a term\u00e9k.<\/li>\n<\/ul>\n<p>Ha b\u00e1rmilyen k\u00e9rd\u00e9se van, k\u00e9rj\u00fck, l\u00e9pjen kapcsolatba vel\u00fcnk.<\/p>\n<p>Tov\u00e1bbi aj\u00e1nlatok\u00e9rt kattintson\u00a0<a href=\"https:\/\/esemineu.ro\/hu\/termek-kategoria\/hordozhato-cserepkalyhak\/\">ide<\/a><\/p>\n<p>T\u0151bb inform\u00e1ci\u00f3\u00e9rt l\u00e1togasson el\u00a0<a href=\"https:\/\/www.youtube.com\/@esemineuromania\">YouTube<\/a>-csatorn\u00e1nkra, valamint\u00a0<a href=\"https:\/\/www.facebook.com\/eSemineu\">Facebook<\/a>\u00a0\u00e9s\u00a0<a href=\"https:\/\/www.instagram.com\/esemineu\/\">Instagram<\/a>\u00a0oldalainkra.<\/p>\n<p><a href=\"https:\/\/esemineu.ro\/\">eSemineu.ro<\/a>\u00a0 \u00a0Te rakod a t\u0171zet, mi adjuk a meleget!<\/p>\n","protected":false},"excerpt":{"rendered":"<p>A Z\u00f6ld Csik\u00f3 cser\u00e9pk\u00e1lyha klasszikus \u00e9s st\u00edlusos z\u00f6ld sz\u00ednben \u00e9rhet\u0151 el, amely harm\u00f3ni\u00e1t teremt a k\u00f6rnyezet\u00e9ben. A term\u00e9k magas min\u0151s\u00e9g\u00e9t az \u0150nt\u0151vas ajt\u00f3 h\u0151\u00e1ll\u00f3 \u00fcveggel \u00e9s az \u00f6ntv\u00e9ny f\u0151z\u0151lap biztos\u00edtja, amelyek nemcsak eszt\u00e9tikusak, hanem tart\u00f3sak is. A Hordozhat\u00f3 z\u00f6ld csik\u00f3 cser\u00e9pk\u00e1lyha egy hagyom\u00e1nyos k\u00e9sz\u00edtt\u00e9s\u0171 erd\u00e9lyi k\u00e9zm\u0171ves cser\u00e9pk\u00e1lyha, amely a r\u00e9gi\u00f3 gazdag \u00f6r\u00f6ks\u00e9g\u00e9t t\u00fckr\u00f6zi. Ez a cser\u00e9pk\u00e1lyha kiv\u00e1l\u00f3an alkalmas k\u00fcl\u00f6nb\u00f6z\u0151 t\u00fczel\u0151anyagok, mint a brikett \u00e9s t\u0171zifa haszn\u00e1lat\u00e1ra. A 120 mm-es f\u00fcstcs\u0151 m\u00e9rete biztos\u00edtja a hat\u00e9kony f\u00fcstelvezet\u00e9st, \u00e9s lehet\u0151s\u00e9get ad a bal vagy jobb oldali f\u00fcstkivezet\u00e9sre, \u00edgy k\u00f6nnyen illeszkedik b\u00e1rmilyen k\u00f6rnyezetbe. A Z\u00f6ld Csik\u00f3 cser\u00e9pk\u00e1lyha kiv\u00e1l\u00f3an szab\u00e1lyozhat\u00f3, \u00edgy lehet\u0151s\u00e9g van a f\u0171t\u00e9s intenzit\u00e1s\u00e1nak szem\u00e9lyre szab\u00e1s\u00e1ra az adott helyis\u00e9g ig\u00e9nyeihez igazodva. A 10kW-os teljes\u00edtm\u00e9nye elegend\u0151 ahhoz, hogy kellemes meleget biztos\u00edtson egy k\u00f6zepes vagy ak\u00e1r nagyobb m\u00e9ret\u0171 helyis\u00e9gben is. Ez a teljes\u00edtm\u00e9nyegys\u00e9g azt mutatja meg, hogy a cser\u00e9pk\u00e1lyha mennyi h\u0151t k\u00e9pes termelni \u00e9s kisug\u00e1rozni egy adott id\u0151 alatt. A k\u00e1lyha kiv\u00e1l\u00f3 min\u0151s\u00e9g\u0171 cser\u00e9pb\u0151l k\u00e9sz\u00fcl, &hellip; <a href=\"https:\/\/esemineu.ro\/hu\/termek\/zold-csiko-cserepkalyha-fatuzelesu-cserepkalyha-jobbos-balos-kivitel-10kw\/\">Folytatva<\/a><\/p>\n","protected":false},"featured_media":29569,"comment_status":"open","ping_status":"closed","template":"","meta":[],"product_brand":[706],"product_cat":[1678,729],"product_tag":[],"class_list":{"0":"post-4500","1":"product","2":"type-product","3":"status-publish","4":"has-post-thumbnail","6":"product_brand-esemineu-premium","7":"product_cat-csiko","8":"product_cat-hordozhato-cserepkalyhak","9":"product_shipping_class-csempekalyhak","10":"pa_combustibil-utilizat-brikett","11":"pa_combustibil-utilizat-fa","12":"pa_culoare-zold","13":"pa_diametru-racordului-la-cos-120-mm-hu","14":"pa_evacuare-fum-bal","15":"pa_evacuare-fum-jobb","16":"pa_material-teracota-hu","17":"pa_material-ontotvas-ajto-hoallo-uveggel","18":"pa_material-ontveny-fozolap","19":"pa_model-csiko-hu","20":"pa_putere-10-kw-hu","21":"pa_randament-94-hu","22":"pa_suprafata-incalzita-mp-55-60-hu","23":"producer-teramix","25":"first","26":"instock","27":"shipping-taxable","28":"purchasable","29":"product-type-variable"},"acf":[],"yoast_head":"<!-- This site is optimized with the Yoast SEO Premium plugin v21.0 (Yoast SEO v27.3) - https:\/\/yoast.com\/product\/yoast-seo-premium-wordpress\/ -->\n<title>Z\u00f6ld Csik\u00f3 cser\u00e9pk\u00e1lyha | eSemineu.ro<\/title>\n<meta name=\"description\" content=\"Z\u00f6ld Csik\u00f3 cser\u00e9pk\u00e1lyha, fa t\u00fczel\u00e9s\u0171 cser\u00e9pk\u00e1lyha h\u0151\u00e1ll\u00f3 \u00fcveggel. Meg t\u0151bb aj\u00e1nlat\u00e9rt keresse a hordozhato-cser\u00e9pk\u00e1lyha kategori\u00e1t | eSemineu.ro\" \/>\n<meta name=\"robots\" content=\"index, follow, max-snippet:-1, max-image-preview:large, max-video-preview:-1\" \/>\n<link rel=\"canonical\" href=\"https:\/\/esemineu.ro\/hu\/termek\/zold-csiko-cserepkalyha-fatuzelesu-cserepkalyha-jobbos-balos-kivitel-10kw\/\" \/>\n<meta property=\"og:locale\" content=\"hu_HU\" \/>\n<meta property=\"og:type\" content=\"article\" \/>\n<meta property=\"og:title\" content=\"Z\u00f6ld Csik\u00f3 cser\u00e9pk\u00e1lyha | eSemineu.ro\" \/>\n<meta property=\"og:description\" content=\"Z\u00f6ld Csik\u00f3 cser\u00e9pk\u00e1lyha, fa t\u00fczel\u00e9s\u0171 cser\u00e9pk\u00e1lyha h\u0151\u00e1ll\u00f3 \u00fcveggel. Meg t\u0151bb aj\u00e1nlat\u00e9rt keresse a hordozhato-cser\u00e9pk\u00e1lyha kategori\u00e1t | eSemineu.ro\" \/>\n<meta property=\"og:url\" content=\"https:\/\/esemineu.ro\/hu\/termek\/zold-csiko-cserepkalyha-fatuzelesu-cserepkalyha-jobbos-balos-kivitel-10kw\/\" \/>\n<meta property=\"og:site_name\" content=\"eSemineu\" \/>\n<meta property=\"article:publisher\" content=\"https:\/\/web.facebook.com\/eSemineu\" \/>\n<meta property=\"article:modified_time\" content=\"2026-03-26T08:56:51+00:00\" \/>\n<meta property=\"og:image\" content=\"https:\/\/esemineu.ro\/wp-content\/uploads\/2023\/04\/CIZMA-MARE-TM-VERDE-LANDING-FR.jpg\" \/>\n\t<meta property=\"og:image:width\" content=\"1000\" \/>\n\t<meta property=\"og:image:height\" content=\"1000\" \/>\n\t<meta property=\"og:image:type\" content=\"image\/jpeg\" \/>\n<meta name=\"twitter:card\" content=\"summary_large_image\" \/>\n<meta name=\"twitter:label1\" content=\"Becs\u00fclt olvas\u00e1si id\u0151\" \/>\n\t<meta name=\"twitter:data1\" content=\"4 perc\" \/>\n<script type=\"application\/ld+json\" class=\"yoast-schema-graph\">{\"@context\":\"https:\\\/\\\/schema.org\",\"@graph\":[{\"@type\":\"WebPage\",\"@id\":\"https:\\\/\\\/esemineu.ro\\\/hu\\\/termek\\\/zold-csiko-cserepkalyha-fatuzelesu-cserepkalyha-jobbos-balos-kivitel-10kw\\\/\",\"url\":\"https:\\\/\\\/esemineu.ro\\\/hu\\\/termek\\\/zold-csiko-cserepkalyha-fatuzelesu-cserepkalyha-jobbos-balos-kivitel-10kw\\\/\",\"name\":\"Z\u00f6ld Csik\u00f3 cser\u00e9pk\u00e1lyha | eSemineu.ro\",\"isPartOf\":{\"@id\":\"https:\\\/\\\/esemineu.ro\\\/hu\\\/#website\"},\"primaryImageOfPage\":{\"@id\":\"https:\\\/\\\/esemineu.ro\\\/hu\\\/termek\\\/zold-csiko-cserepkalyha-fatuzelesu-cserepkalyha-jobbos-balos-kivitel-10kw\\\/#primaryimage\"},\"image\":{\"@id\":\"https:\\\/\\\/esemineu.ro\\\/hu\\\/termek\\\/zold-csiko-cserepkalyha-fatuzelesu-cserepkalyha-jobbos-balos-kivitel-10kw\\\/#primaryimage\"},\"thumbnailUrl\":\"https:\\\/\\\/esemineu.ro\\\/wp-content\\\/uploads\\\/2023\\\/04\\\/CIZMA-MARE-VERDE-LANDING-FR.jpg\",\"datePublished\":\"2023-04-06T09:35:09+00:00\",\"dateModified\":\"2026-03-26T08:56:51+00:00\",\"description\":\"Z\u00f6ld Csik\u00f3 cser\u00e9pk\u00e1lyha, fa t\u00fczel\u00e9s\u0171 cser\u00e9pk\u00e1lyha h\u0151\u00e1ll\u00f3 \u00fcveggel. Meg t\u0151bb aj\u00e1nlat\u00e9rt keresse a hordozhato-cser\u00e9pk\u00e1lyha kategori\u00e1t | eSemineu.ro\",\"breadcrumb\":{\"@id\":\"https:\\\/\\\/esemineu.ro\\\/hu\\\/termek\\\/zold-csiko-cserepkalyha-fatuzelesu-cserepkalyha-jobbos-balos-kivitel-10kw\\\/#breadcrumb\"},\"inLanguage\":\"hu\",\"potentialAction\":[{\"@type\":\"ReadAction\",\"target\":[\"https:\\\/\\\/esemineu.ro\\\/hu\\\/termek\\\/zold-csiko-cserepkalyha-fatuzelesu-cserepkalyha-jobbos-balos-kivitel-10kw\\\/\"]}]},{\"@type\":\"ImageObject\",\"inLanguage\":\"hu\",\"@id\":\"https:\\\/\\\/esemineu.ro\\\/hu\\\/termek\\\/zold-csiko-cserepkalyha-fatuzelesu-cserepkalyha-jobbos-balos-kivitel-10kw\\\/#primaryimage\",\"url\":\"https:\\\/\\\/esemineu.ro\\\/wp-content\\\/uploads\\\/2023\\\/04\\\/CIZMA-MARE-VERDE-LANDING-FR.jpg\",\"contentUrl\":\"https:\\\/\\\/esemineu.ro\\\/wp-content\\\/uploads\\\/2023\\\/04\\\/CIZMA-MARE-VERDE-LANDING-FR.jpg\",\"width\":1000,\"height\":1000},{\"@type\":\"BreadcrumbList\",\"@id\":\"https:\\\/\\\/esemineu.ro\\\/hu\\\/termek\\\/zold-csiko-cserepkalyha-fatuzelesu-cserepkalyha-jobbos-balos-kivitel-10kw\\\/#breadcrumb\",\"itemListElement\":[{\"@type\":\"ListItem\",\"position\":1,\"name\":\"Kezd\u0151lap\",\"item\":\"https:\\\/\\\/esemineu.ro\\\/hu\\\/\"},{\"@type\":\"ListItem\",\"position\":2,\"name\":\"\u00c1ruh\u00e1z\",\"item\":\"https:\\\/\\\/esemineu.ro\\\/hu\\\/aruhaz\\\/\"},{\"@type\":\"ListItem\",\"position\":3,\"name\":\"Z\u00f6ld Csik\u00f3 cser\u00e9pk\u00e1lyha, Fat\u00fczel\u00e9s\u0171 cser\u00e9pk\u00e1lyha jobbos-balos kivitel, 10kW\"}]},{\"@type\":\"WebSite\",\"@id\":\"https:\\\/\\\/esemineu.ro\\\/hu\\\/#website\",\"url\":\"https:\\\/\\\/esemineu.ro\\\/hu\\\/\",\"name\":\"eSemineu\",\"description\":\"\u0218eminee de cea mai \u00eenalt\u0103 calitate\",\"potentialAction\":[{\"@type\":\"SearchAction\",\"target\":{\"@type\":\"EntryPoint\",\"urlTemplate\":\"https:\\\/\\\/esemineu.ro\\\/hu\\\/?s={search_term_string}\"},\"query-input\":{\"@type\":\"PropertyValueSpecification\",\"valueRequired\":true,\"valueName\":\"search_term_string\"}}],\"inLanguage\":\"hu\"}]}<\/script>\n<!-- \/ Yoast SEO Premium plugin. -->","yoast_head_json":{"title":"Z\u00f6ld Csik\u00f3 cser\u00e9pk\u00e1lyha | eSemineu.ro","description":"Z\u00f6ld Csik\u00f3 cser\u00e9pk\u00e1lyha, fa t\u00fczel\u00e9s\u0171 cser\u00e9pk\u00e1lyha h\u0151\u00e1ll\u00f3 \u00fcveggel. Meg t\u0151bb aj\u00e1nlat\u00e9rt keresse a hordozhato-cser\u00e9pk\u00e1lyha kategori\u00e1t | eSemineu.ro","robots":{"index":"index","follow":"follow","max-snippet":"max-snippet:-1","max-image-preview":"max-image-preview:large","max-video-preview":"max-video-preview:-1"},"canonical":"https:\/\/esemineu.ro\/hu\/termek\/zold-csiko-cserepkalyha-fatuzelesu-cserepkalyha-jobbos-balos-kivitel-10kw\/","og_locale":"hu_HU","og_type":"article","og_title":"Z\u00f6ld Csik\u00f3 cser\u00e9pk\u00e1lyha | eSemineu.ro","og_description":"Z\u00f6ld Csik\u00f3 cser\u00e9pk\u00e1lyha, fa t\u00fczel\u00e9s\u0171 cser\u00e9pk\u00e1lyha h\u0151\u00e1ll\u00f3 \u00fcveggel. Meg t\u0151bb aj\u00e1nlat\u00e9rt keresse a hordozhato-cser\u00e9pk\u00e1lyha kategori\u00e1t | eSemineu.ro","og_url":"https:\/\/esemineu.ro\/hu\/termek\/zold-csiko-cserepkalyha-fatuzelesu-cserepkalyha-jobbos-balos-kivitel-10kw\/","og_site_name":"eSemineu","article_publisher":"https:\/\/web.facebook.com\/eSemineu","article_modified_time":"2026-03-26T08:56:51+00:00","og_image":[{"width":1000,"height":1000,"url":"https:\/\/esemineu.ro\/wp-content\/uploads\/2023\/04\/CIZMA-MARE-TM-VERDE-LANDING-FR.jpg","type":"image\/jpeg"}],"twitter_card":"summary_large_image","twitter_misc":{"Becs\u00fclt olvas\u00e1si id\u0151":"4 perc"},"schema":{"@context":"https:\/\/schema.org","@graph":[{"@type":"WebPage","@id":"https:\/\/esemineu.ro\/hu\/termek\/zold-csiko-cserepkalyha-fatuzelesu-cserepkalyha-jobbos-balos-kivitel-10kw\/","url":"https:\/\/esemineu.ro\/hu\/termek\/zold-csiko-cserepkalyha-fatuzelesu-cserepkalyha-jobbos-balos-kivitel-10kw\/","name":"Z\u00f6ld Csik\u00f3 cser\u00e9pk\u00e1lyha | eSemineu.ro","isPartOf":{"@id":"https:\/\/esemineu.ro\/hu\/#website"},"primaryImageOfPage":{"@id":"https:\/\/esemineu.ro\/hu\/termek\/zold-csiko-cserepkalyha-fatuzelesu-cserepkalyha-jobbos-balos-kivitel-10kw\/#primaryimage"},"image":{"@id":"https:\/\/esemineu.ro\/hu\/termek\/zold-csiko-cserepkalyha-fatuzelesu-cserepkalyha-jobbos-balos-kivitel-10kw\/#primaryimage"},"thumbnailUrl":"https:\/\/esemineu.ro\/wp-content\/uploads\/2023\/04\/CIZMA-MARE-VERDE-LANDING-FR.jpg","datePublished":"2023-04-06T09:35:09+00:00","dateModified":"2026-03-26T08:56:51+00:00","description":"Z\u00f6ld Csik\u00f3 cser\u00e9pk\u00e1lyha, fa t\u00fczel\u00e9s\u0171 cser\u00e9pk\u00e1lyha h\u0151\u00e1ll\u00f3 \u00fcveggel. Meg t\u0151bb aj\u00e1nlat\u00e9rt keresse a hordozhato-cser\u00e9pk\u00e1lyha kategori\u00e1t | eSemineu.ro","breadcrumb":{"@id":"https:\/\/esemineu.ro\/hu\/termek\/zold-csiko-cserepkalyha-fatuzelesu-cserepkalyha-jobbos-balos-kivitel-10kw\/#breadcrumb"},"inLanguage":"hu","potentialAction":[{"@type":"ReadAction","target":["https:\/\/esemineu.ro\/hu\/termek\/zold-csiko-cserepkalyha-fatuzelesu-cserepkalyha-jobbos-balos-kivitel-10kw\/"]}]},{"@type":"ImageObject","inLanguage":"hu","@id":"https:\/\/esemineu.ro\/hu\/termek\/zold-csiko-cserepkalyha-fatuzelesu-cserepkalyha-jobbos-balos-kivitel-10kw\/#primaryimage","url":"https:\/\/esemineu.ro\/wp-content\/uploads\/2023\/04\/CIZMA-MARE-VERDE-LANDING-FR.jpg","contentUrl":"https:\/\/esemineu.ro\/wp-content\/uploads\/2023\/04\/CIZMA-MARE-VERDE-LANDING-FR.jpg","width":1000,"height":1000},{"@type":"BreadcrumbList","@id":"https:\/\/esemineu.ro\/hu\/termek\/zold-csiko-cserepkalyha-fatuzelesu-cserepkalyha-jobbos-balos-kivitel-10kw\/#breadcrumb","itemListElement":[{"@type":"ListItem","position":1,"name":"Kezd\u0151lap","item":"https:\/\/esemineu.ro\/hu\/"},{"@type":"ListItem","position":2,"name":"\u00c1ruh\u00e1z","item":"https:\/\/esemineu.ro\/hu\/aruhaz\/"},{"@type":"ListItem","position":3,"name":"Z\u00f6ld Csik\u00f3 cser\u00e9pk\u00e1lyha, Fat\u00fczel\u00e9s\u0171 cser\u00e9pk\u00e1lyha jobbos-balos kivitel, 10kW"}]},{"@type":"WebSite","@id":"https:\/\/esemineu.ro\/hu\/#website","url":"https:\/\/esemineu.ro\/hu\/","name":"eSemineu","description":"\u0218eminee de cea mai \u00eenalt\u0103 calitate","potentialAction":[{"@type":"SearchAction","target":{"@type":"EntryPoint","urlTemplate":"https:\/\/esemineu.ro\/hu\/?s={search_term_string}"},"query-input":{"@type":"PropertyValueSpecification","valueRequired":true,"valueName":"search_term_string"}}],"inLanguage":"hu"}]}},"_links":{"self":[{"href":"https:\/\/esemineu.ro\/hu\/wp-json\/wp\/v2\/product\/4500","targetHints":{"allow":["GET"]}}],"collection":[{"href":"https:\/\/esemineu.ro\/hu\/wp-json\/wp\/v2\/product"}],"about":[{"href":"https:\/\/esemineu.ro\/hu\/wp-json\/wp\/v2\/types\/product"}],"replies":[{"embeddable":true,"href":"https:\/\/esemineu.ro\/hu\/wp-json\/wp\/v2\/comments?post=4500"}],"wp:featuredmedia":[{"embeddable":true,"href":"https:\/\/esemineu.ro\/hu\/wp-json\/wp\/v2\/media\/29569"}],"wp:attachment":[{"href":"https:\/\/esemineu.ro\/hu\/wp-json\/wp\/v2\/media?parent=4500"}],"wp:term":[{"taxonomy":"product_brand","embeddable":true,"href":"https:\/\/esemineu.ro\/hu\/wp-json\/wp\/v2\/product_brand?post=4500"},{"taxonomy":"product_cat","embeddable":true,"href":"https:\/\/esemineu.ro\/hu\/wp-json\/wp\/v2\/product_cat?post=4500"},{"taxonomy":"product_tag","embeddable":true,"href":"https:\/\/esemineu.ro\/hu\/wp-json\/wp\/v2\/product_tag?post=4500"}],"curies":[{"name":"wp","href":"https:\/\/api.w.org\/{rel}","templated":true}]}}