{"id":4490,"date":"2023-04-15T06:24:59","date_gmt":"2023-04-15T03:24:59","guid":{"rendered":"https:\/\/esemineu.ro\/product\/soba-teracota-caro-natur-5r-soba-de-teracota-pe-lemne-cu-granit-10-kw\/"},"modified":"2026-01-30T15:00:20","modified_gmt":"2026-01-30T13:00:20","slug":"5-soros-hordozhato-natur-cserepkalyha-caro-natur-fatuzelesu-granit-lappal-10kw","status":"publish","type":"product","link":"https:\/\/esemineu.ro\/hu\/termek\/5-soros-hordozhato-natur-cserepkalyha-caro-natur-fatuzelesu-granit-lappal-10kw\/","title":{"rendered":"5 soros hordozhat\u00f3 Natur cser\u00e9pk\u00e1lyha, Caro Natur, Fat\u00fczel\u00e9s\u0171 gr\u00e1nit lappal, 10kW"},"content":{"rendered":"<p>5 soros hordozhat\u00f3 Natur cser\u00e9pk\u00e1lyha<\/p>\n<p>A Hordozhat\u00f3 5 soros Natur cser\u00e9pk\u00e1lyha egy hagyom\u00e1nyos k\u00e9sz\u00edtt\u00e9s\u0171 erd\u00e9lyi k\u00e9zm\u0171ves cser\u00e9pk\u00e1lyha, amely a r\u00e9gi\u00f3 gazdag \u00f6r\u00f6ks\u00e9g\u00e9t t\u00fckr\u00f6zi.<\/p>\n<p>Fedezze fel a <strong>5 soros hordozhat\u00f3 cser\u00e9pk\u00e1lyh\u00e1t<\/strong> a Caro Natur kollekci\u00f3b\u00f3l, amely most a esemineu.ro k\u00edn\u00e1lat\u00e1ban el\u00e9rhet\u0151. Ez a kiv\u00e1l\u00f3 min\u0151s\u00e9g\u0171 <strong>fat\u00fczel\u00e9s\u0171 gr\u00e1nit lappal<\/strong> ell\u00e1tott cser\u00e9pk\u00e1lyha ide\u00e1lis v\u00e1laszt\u00e1s azok sz\u00e1m\u00e1ra, akik egy egyedi \u00e9s hat\u00e9kony f\u0171t\u00e9si megold\u00e1st keresnek. A <strong>10kW<\/strong> teljes\u00edtm\u00e9ny biztos\u00edtja, hogy ez a <strong>hordozhat\u00f3 cser\u00e9pk\u00e1lyha<\/strong> elegend\u0151 meleget biztos\u00edtson m\u00e9g a legnagyobb terek sz\u00e1m\u00e1ra is.<\/p>\n<p>A <strong>samottal b\u00e9lelt<\/strong> t\u0171zt\u00e9r hozz\u00e1j\u00e1rul a k\u00e1lyha h\u0151tart\u00f3 k\u00e9pess\u00e9g\u00e9hez, lehet\u0151v\u00e9 t\u00e9ve a hosszantart\u00f3 \u00e9s egyenletes h\u0151lead\u00e1st. A <strong>Naturbarna cserepk\u00e1lyha<\/strong> nemcsak funkcion\u00e1lis, hanem eszt\u00e9tikai szempontb\u00f3l is kiv\u00e1l\u00f3 v\u00e1laszt\u00e1s, hozz\u00e1adva a helyis\u00e9g hangulat\u00e1hoz \u00e9s st\u00edlus\u00e1hoz.<\/p>\n<p>Az <strong>\u00f6nt\u00f6ttvas l\u00e1bakkal<\/strong> ell\u00e1tott k\u00e1lyha stabilit\u00e1st \u00e9s tart\u00f3ss\u00e1got biztos\u00edt, m\u00edg a <strong>120 mm-es f\u00fcstelvezet\u00e9s<\/strong> lehet\u0151v\u00e9 teszi a k\u00e1lyha k\u00f6nny\u0171 csatlakoztat\u00e1s\u00e1t a megl\u00e9v\u0151 k\u00e9m\u00e9nyrendszerhez. Ez a jellemz\u0151 n\u00f6veli a k\u00e1lyha sokoldal\u00fas\u00e1g\u00e1t \u00e9s egyszer\u0171s\u00edti a telep\u00edt\u00e9st.<\/p>\n<p>Az 5 soros hordozhat\u00f3 Natur cser\u00e9pk\u00e1lyha\u00a0a Caro Natur sorozatb\u00f3l, melyet az esemineu.ro k\u00edn\u00e1l, egyed\u00fcl\u00e1ll\u00f3 v\u00e1laszt\u00e1s azok sz\u00e1m\u00e1ra, akik egy hagyom\u00e1nyos, m\u00e9gis modern f\u0171t\u00e9si megold\u00e1st keresnek. Ez a <strong>hordozhat\u00f3 cser\u00e9pk\u00e1lyha<\/strong> nem csak hat\u00e9kony, hanem egy igazi d\u00edsz\u00edt\u0151 elem is otthon\u00e1ban.<\/p>\n<p>Az <strong>esemineu premium<\/strong> \u00e1ltal k\u00edn\u00e1lt k\u00e1lyha min\u0151s\u00e9ge \u00e9s megb\u00edzhat\u00f3s\u00e1ga garant\u00e1lt. V\u00e1lassza ezt a <strong>Naturbarna cserepk\u00e1lyh\u00e1t<\/strong> \u00e9s \u00e9lvezze a k\u00e9nyelmet, melegs\u00e9get \u00e9s st\u00edlust, amit ez a k\u00fcl\u00f6nleges term\u00e9k ny\u00fajt.<\/p>\n<h4>Aj\u00e1nl\u00e1s a maxim\u00e1lis hat\u00e1sfok el\u00e9r\u00e9s\u00e9hez:<\/h4>\n<p>Az \u00e9g\u00e9s sor\u00e1n aj\u00e1nljuk, hogy tartsa az hamuz\u00f3 ajtaj\u00e1t legal\u00e1bb egy ujjnyira nyitva, hogy legyen megfelel\u0151 huzat. Miut\u00e1n a t\u0171z lelohadt, z\u00e1rja be az hamuz\u00f3t, hogy ne \u00e1ramoljon leveg\u0151 a k\u00e1lyh\u00e1ba \u00e9s a h\u0151 min\u00e9l hosszabb ideig megmaradjon. Ez el\u0151seg\u00edti az \u00e9g\u00e9si folyamat hat\u00e9konys\u00e1g\u00e1t \u00e9s a h\u0151m\u00e9rs\u00e9klet hosszabb ideig t\u00f6rt\u00e9n\u0151 fenntart\u00e1s\u00e1t. A szamot b\u00e9l\u00e9s seg\u00edts\u00e9g\u00e9vel, ha sz\u00e1raz f\u00e1t haszn\u00e1l, a t\u0171zt\u00e9r ajtaj\u00e1nak \u00fcvege tiszta marad. Az els\u0151 n\u00e9h\u00e1ny t\u0171zn\u00e9l ne f\u0171ts\u00f6n intenz\u00edven \u00e9s meleg\u00edtse fel a k\u00e1lyh\u00e1t fokozatosan. K\u00e9t t\u0171z ut\u00e1n kezd melegedni a szamot b\u00e9l\u00e9s \u00e9s a cser\u00e9pk\u00e1lyha, amelyek ezut\u00e1n kezdik sug\u00e1rozni a h\u0151t. A k\u00e9m\u00e9ny (f\u0171stelvezet\u0151 cs\u0151) hossz\u00e1nak legal\u00e1bb 5 m\u00e9ternek kell lennie, \u00e9s a k\u00e9m\u00e9nybe t\u00f6rt\u00e9n\u0151 kivezet\u00e9s vastags\u00e1g\u00e1nak 150 mm-nek kell lennie. L\u00e1sd a k\u00e9m\u00e9ny telep\u00edt\u00e9si utas\u00edt\u00e1sait a garancialev\u00e9l h\u00e1toldal\u00e1n.<\/p>\n<h4>Figyelem! Ne \u00e9gessen!<\/h4>\n<p>H\u00e1ztart\u00e1si hullad\u00e9kot, ragasztott vagy festett falemezt, forg\u00e1cslapot vagy egy\u00e9b fapartikul\u00e1kat tartalmaz\u00f3 lapokat, vagy m\u00e1s, mesters\u00e9ges k\u00e9miai kever\u00e9keket tartalmaz\u00f3 hullad\u00e9kokat, mivel a m\u00e9rgek nem \u00e9gnek el, csak megv\u00e1ltoztatj\u00e1k form\u00e1jukat, \u00e9s amikor a l\u00e9gk\u00f6rbe ker\u00fclnek, kisz\u00e1m\u00edthatatlan k\u00f6vetkezm\u00e9nyekhez vezethetnek. A cser\u00e9pk\u00e1lyha egy f\u0171t\u0151berendez\u00e9s. Ha hullad\u00e9kot \u00e9get a k\u00e1lyh\u00e1ban, elt\u00f6m\u0151dhet a cser\u00e9pk\u00e1lyha f\u00fcstelvezet\u0151 ny\u00edl\u00e1sa.<\/p>\n<h4>Sz\u00e1ll\u00edt\u00e1si hat\u00e1rid\u0151:<\/h4>\n<ul>\n<li><strong>Magyarorsz\u00e1g \u00e9s az eg\u00e9sz Eur\u00f3pai Uni\u00f3 ter\u00fclet\u00e9n<\/strong>\u00a0is sz\u00e1ll\u00edtjuk.<\/li>\n<li>Rom\u00e1ni\u00e1ba 2-3 munkanap alatt sz\u00e1ll\u00edtjuk<\/li>\n<li>Magyarorsz\u00e1gra \u00e9s az EU ter\u00fclet\u00e9re az \u00e1tutal\u00e1s ut\u00e1n 5 munkanapon bel\u00fcl \u00e9rkezik meg a term\u00e9k.<\/li>\n<\/ul>\n<p>Ha b\u00e1rmilyen k\u00e9rd\u00e9se van, k\u00e9rj\u00fck, l\u00e9pjen kapcsolatba vel\u00fcnk.<\/p>\n<p>Tov\u00e1bbi aj\u00e1nlatok\u00e9rt kattintson\u00a0<a href=\"https:\/\/esemineu.ro\/hu\/termek-kategoria\/hordozhato-cserepkalyhak\/\">ide<\/a><\/p>\n<p>T\u0151bb inform\u00e1ci\u00f3\u00e9rt l\u00e1togasson el\u00a0<a href=\"https:\/\/www.youtube.com\/@esemineuromania\">YouTube<\/a>-csatorn\u00e1nkra, valamint\u00a0<a href=\"https:\/\/www.facebook.com\/eSemineu\">Facebook<\/a>\u00a0\u00e9s\u00a0<a href=\"https:\/\/www.instagram.com\/esemineu\/\">Instagram<\/a>\u00a0oldalainkra.<\/p>\n<p><a href=\"https:\/\/esemineu.ro\/\">eSemineu.ro<\/a>\u00a0 \u00a0Te rakod a t\u0171zet, mi adjuk a meleget!<\/p>\n","protected":false},"excerpt":{"rendered":"<p>5 soros hordozhat\u00f3 Natur cser\u00e9pk\u00e1lyha A Hordozhat\u00f3 5 soros Natur cser\u00e9pk\u00e1lyha egy hagyom\u00e1nyos k\u00e9sz\u00edtt\u00e9s\u0171 erd\u00e9lyi k\u00e9zm\u0171ves cser\u00e9pk\u00e1lyha, amely a r\u00e9gi\u00f3 gazdag \u00f6r\u00f6ks\u00e9g\u00e9t t\u00fckr\u00f6zi. Fedezze fel a 5 soros hordozhat\u00f3 cser\u00e9pk\u00e1lyh\u00e1t a Caro Natur kollekci\u00f3b\u00f3l, amely most a esemineu.ro k\u00edn\u00e1lat\u00e1ban el\u00e9rhet\u0151. Ez a kiv\u00e1l\u00f3 min\u0151s\u00e9g\u0171 fat\u00fczel\u00e9s\u0171 gr\u00e1nit lappal ell\u00e1tott cser\u00e9pk\u00e1lyha ide\u00e1lis v\u00e1laszt\u00e1s azok sz\u00e1m\u00e1ra, akik egy egyedi \u00e9s hat\u00e9kony f\u0171t\u00e9si megold\u00e1st keresnek. A 10kW teljes\u00edtm\u00e9ny biztos\u00edtja, hogy ez a hordozhat\u00f3 cser\u00e9pk\u00e1lyha elegend\u0151 meleget biztos\u00edtson m\u00e9g a legnagyobb terek sz\u00e1m\u00e1ra is. A samottal b\u00e9lelt t\u0171zt\u00e9r hozz\u00e1j\u00e1rul a k\u00e1lyha h\u0151tart\u00f3 k\u00e9pess\u00e9g\u00e9hez, lehet\u0151v\u00e9 t\u00e9ve a hosszantart\u00f3 \u00e9s egyenletes h\u0151lead\u00e1st. A Naturbarna cserepk\u00e1lyha nemcsak funkcion\u00e1lis, hanem eszt\u00e9tikai szempontb\u00f3l is kiv\u00e1l\u00f3 v\u00e1laszt\u00e1s, hozz\u00e1adva a helyis\u00e9g hangulat\u00e1hoz \u00e9s st\u00edlus\u00e1hoz. Az \u00f6nt\u00f6ttvas l\u00e1bakkal ell\u00e1tott k\u00e1lyha stabilit\u00e1st \u00e9s tart\u00f3ss\u00e1got biztos\u00edt, m\u00edg a 120 mm-es f\u00fcstelvezet\u00e9s lehet\u0151v\u00e9 teszi a k\u00e1lyha k\u00f6nny\u0171 csatlakoztat\u00e1s\u00e1t a megl\u00e9v\u0151 k\u00e9m\u00e9nyrendszerhez. Ez a jellemz\u0151 n\u00f6veli a k\u00e1lyha sokoldal\u00fas\u00e1g\u00e1t \u00e9s egyszer\u0171s\u00edti a telep\u00edt\u00e9st. Az 5 soros hordozhat\u00f3 &hellip; <a href=\"https:\/\/esemineu.ro\/hu\/termek\/5-soros-hordozhato-natur-cserepkalyha-caro-natur-fatuzelesu-granit-lappal-10kw\/\">Folytatva<\/a><\/p>\n","protected":false},"featured_media":21245,"comment_status":"open","ping_status":"closed","template":"","meta":[],"product_brand":[706],"product_cat":[729,1680],"product_tag":[],"class_list":{"0":"post-4490","1":"product","2":"type-product","3":"status-publish","4":"has-post-thumbnail","6":"product_brand-esemineu-premium","7":"product_cat-hordozhato-cserepkalyhak","8":"product_cat-melegito","9":"product_shipping_class-csempekalyhak","10":"pa_combustibil-utilizat-brikett","11":"pa_combustibil-utilizat-fa","12":"pa_culoare-maro-natur-hu","13":"pa_diametru-racordului-la-cos-120-mm-hu","14":"pa_material-teracota-hu","15":"pa_material-ontotvas-ajto-hoallo-uveggel","16":"pa_material-ontveny-labak","17":"pa_model-5-soros-melegito-hu","18":"pa_putere-10-kw-hu","19":"pa_randament-94-hu","20":"pa_suprafata-incalzita-mp-55-59-hu","21":"producer-teramix","23":"first","24":"instock","25":"shipping-taxable","26":"purchasable","27":"product-type-simple"},"acf":[],"yoast_head":"<!-- This site is optimized with the Yoast SEO Premium plugin v21.0 (Yoast SEO v27.3) - https:\/\/yoast.com\/product\/yoast-seo-premium-wordpress\/ -->\n<title>5 soros hordozhat\u00f3 Natur cser\u00e9pk\u00e1lyha | eSemineu.ro<\/title>\n<meta name=\"description\" content=\"5 soros hordozhat\u00f3 Natur cser\u00e9pk\u00e1lyha Caro Natur-t\u0151l az esemineu.ro-r\u00f3l. Eleg\u00e1ns fat\u00fczel\u00e9s\u0171 gr\u00e1nit lappal, 10kW teljes\u00edtm\u00e9ny\u0171, t\u00f6k\u00e9letes v\u00e1laszt\u00e1s.\" \/>\n<meta name=\"robots\" content=\"index, follow, max-snippet:-1, max-image-preview:large, max-video-preview:-1\" \/>\n<link rel=\"canonical\" href=\"https:\/\/esemineu.ro\/hu\/termek\/5-soros-hordozhato-natur-cserepkalyha-caro-natur-fatuzelesu-granit-lappal-10kw\/\" \/>\n<meta property=\"og:locale\" content=\"hu_HU\" \/>\n<meta property=\"og:type\" content=\"article\" \/>\n<meta property=\"og:title\" content=\"5 soros hordozhat\u00f3 Natur cser\u00e9pk\u00e1lyha | eSemineu.ro\" \/>\n<meta property=\"og:description\" content=\"5 soros hordozhat\u00f3 Natur cser\u00e9pk\u00e1lyha Caro Natur-t\u0151l az esemineu.ro-r\u00f3l. Eleg\u00e1ns fat\u00fczel\u00e9s\u0171 gr\u00e1nit lappal, 10kW teljes\u00edtm\u00e9ny\u0171, t\u00f6k\u00e9letes v\u00e1laszt\u00e1s.\" \/>\n<meta property=\"og:url\" content=\"https:\/\/esemineu.ro\/hu\/termek\/5-soros-hordozhato-natur-cserepkalyha-caro-natur-fatuzelesu-granit-lappal-10kw\/\" \/>\n<meta property=\"og:site_name\" content=\"eSemineu\" \/>\n<meta property=\"article:publisher\" content=\"https:\/\/web.facebook.com\/eSemineu\" \/>\n<meta property=\"article:modified_time\" content=\"2026-01-30T13:00:20+00:00\" \/>\n<meta property=\"og:image\" content=\"https:\/\/esemineu.ro\/wp-content\/uploads\/2023\/04\/5R-CARO-NATUR-FRONT-FR-1.jpg\" \/>\n\t<meta property=\"og:image:width\" content=\"1000\" \/>\n\t<meta property=\"og:image:height\" content=\"1000\" \/>\n\t<meta property=\"og:image:type\" content=\"image\/jpeg\" \/>\n<meta name=\"twitter:card\" content=\"summary_large_image\" \/>\n<meta name=\"twitter:label1\" content=\"Becs\u00fclt olvas\u00e1si id\u0151\" \/>\n\t<meta name=\"twitter:data1\" content=\"4 perc\" \/>\n<script type=\"application\/ld+json\" class=\"yoast-schema-graph\">{\"@context\":\"https:\\\/\\\/schema.org\",\"@graph\":[{\"@type\":\"WebPage\",\"@id\":\"https:\\\/\\\/esemineu.ro\\\/hu\\\/termek\\\/5-soros-hordozhato-natur-cserepkalyha-caro-natur-fatuzelesu-granit-lappal-10kw\\\/\",\"url\":\"https:\\\/\\\/esemineu.ro\\\/hu\\\/termek\\\/5-soros-hordozhato-natur-cserepkalyha-caro-natur-fatuzelesu-granit-lappal-10kw\\\/\",\"name\":\"5 soros hordozhat\u00f3 Natur cser\u00e9pk\u00e1lyha | eSemineu.ro\",\"isPartOf\":{\"@id\":\"https:\\\/\\\/esemineu.ro\\\/hu\\\/#website\"},\"primaryImageOfPage\":{\"@id\":\"https:\\\/\\\/esemineu.ro\\\/hu\\\/termek\\\/5-soros-hordozhato-natur-cserepkalyha-caro-natur-fatuzelesu-granit-lappal-10kw\\\/#primaryimage\"},\"image\":{\"@id\":\"https:\\\/\\\/esemineu.ro\\\/hu\\\/termek\\\/5-soros-hordozhato-natur-cserepkalyha-caro-natur-fatuzelesu-granit-lappal-10kw\\\/#primaryimage\"},\"thumbnailUrl\":\"https:\\\/\\\/esemineu.ro\\\/wp-content\\\/uploads\\\/2023\\\/04\\\/5R-CARO-NATUR-FRONT-FR-1.jpg\",\"datePublished\":\"2023-04-15T03:24:59+00:00\",\"dateModified\":\"2026-01-30T13:00:20+00:00\",\"description\":\"5 soros hordozhat\u00f3 Natur cser\u00e9pk\u00e1lyha Caro Natur-t\u0151l az esemineu.ro-r\u00f3l. Eleg\u00e1ns fat\u00fczel\u00e9s\u0171 gr\u00e1nit lappal, 10kW teljes\u00edtm\u00e9ny\u0171, t\u00f6k\u00e9letes v\u00e1laszt\u00e1s.\",\"breadcrumb\":{\"@id\":\"https:\\\/\\\/esemineu.ro\\\/hu\\\/termek\\\/5-soros-hordozhato-natur-cserepkalyha-caro-natur-fatuzelesu-granit-lappal-10kw\\\/#breadcrumb\"},\"inLanguage\":\"hu\",\"potentialAction\":[{\"@type\":\"ReadAction\",\"target\":[\"https:\\\/\\\/esemineu.ro\\\/hu\\\/termek\\\/5-soros-hordozhato-natur-cserepkalyha-caro-natur-fatuzelesu-granit-lappal-10kw\\\/\"]}]},{\"@type\":\"ImageObject\",\"inLanguage\":\"hu\",\"@id\":\"https:\\\/\\\/esemineu.ro\\\/hu\\\/termek\\\/5-soros-hordozhato-natur-cserepkalyha-caro-natur-fatuzelesu-granit-lappal-10kw\\\/#primaryimage\",\"url\":\"https:\\\/\\\/esemineu.ro\\\/wp-content\\\/uploads\\\/2023\\\/04\\\/5R-CARO-NATUR-FRONT-FR-1.jpg\",\"contentUrl\":\"https:\\\/\\\/esemineu.ro\\\/wp-content\\\/uploads\\\/2023\\\/04\\\/5R-CARO-NATUR-FRONT-FR-1.jpg\",\"width\":1000,\"height\":1000,\"caption\":\"5 soros hordozhat\u00f3 Natur cser\u00e9pk\u00e1lyha\"},{\"@type\":\"BreadcrumbList\",\"@id\":\"https:\\\/\\\/esemineu.ro\\\/hu\\\/termek\\\/5-soros-hordozhato-natur-cserepkalyha-caro-natur-fatuzelesu-granit-lappal-10kw\\\/#breadcrumb\",\"itemListElement\":[{\"@type\":\"ListItem\",\"position\":1,\"name\":\"Kezd\u0151lap\",\"item\":\"https:\\\/\\\/esemineu.ro\\\/hu\\\/\"},{\"@type\":\"ListItem\",\"position\":2,\"name\":\"\u00c1ruh\u00e1z\",\"item\":\"https:\\\/\\\/esemineu.ro\\\/hu\\\/aruhaz\\\/\"},{\"@type\":\"ListItem\",\"position\":3,\"name\":\"5 soros hordozhat\u00f3 Natur cser\u00e9pk\u00e1lyha, Caro Natur, Fat\u00fczel\u00e9s\u0171 gr\u00e1nit lappal, 10kW\"}]},{\"@type\":\"WebSite\",\"@id\":\"https:\\\/\\\/esemineu.ro\\\/hu\\\/#website\",\"url\":\"https:\\\/\\\/esemineu.ro\\\/hu\\\/\",\"name\":\"eSemineu\",\"description\":\"\u0218eminee de cea mai \u00eenalt\u0103 calitate\",\"potentialAction\":[{\"@type\":\"SearchAction\",\"target\":{\"@type\":\"EntryPoint\",\"urlTemplate\":\"https:\\\/\\\/esemineu.ro\\\/hu\\\/?s={search_term_string}\"},\"query-input\":{\"@type\":\"PropertyValueSpecification\",\"valueRequired\":true,\"valueName\":\"search_term_string\"}}],\"inLanguage\":\"hu\"}]}<\/script>\n<!-- \/ Yoast SEO Premium plugin. -->","yoast_head_json":{"title":"5 soros hordozhat\u00f3 Natur cser\u00e9pk\u00e1lyha | eSemineu.ro","description":"5 soros hordozhat\u00f3 Natur cser\u00e9pk\u00e1lyha Caro Natur-t\u0151l az esemineu.ro-r\u00f3l. Eleg\u00e1ns fat\u00fczel\u00e9s\u0171 gr\u00e1nit lappal, 10kW teljes\u00edtm\u00e9ny\u0171, t\u00f6k\u00e9letes v\u00e1laszt\u00e1s.","robots":{"index":"index","follow":"follow","max-snippet":"max-snippet:-1","max-image-preview":"max-image-preview:large","max-video-preview":"max-video-preview:-1"},"canonical":"https:\/\/esemineu.ro\/hu\/termek\/5-soros-hordozhato-natur-cserepkalyha-caro-natur-fatuzelesu-granit-lappal-10kw\/","og_locale":"hu_HU","og_type":"article","og_title":"5 soros hordozhat\u00f3 Natur cser\u00e9pk\u00e1lyha | eSemineu.ro","og_description":"5 soros hordozhat\u00f3 Natur cser\u00e9pk\u00e1lyha Caro Natur-t\u0151l az esemineu.ro-r\u00f3l. Eleg\u00e1ns fat\u00fczel\u00e9s\u0171 gr\u00e1nit lappal, 10kW teljes\u00edtm\u00e9ny\u0171, t\u00f6k\u00e9letes v\u00e1laszt\u00e1s.","og_url":"https:\/\/esemineu.ro\/hu\/termek\/5-soros-hordozhato-natur-cserepkalyha-caro-natur-fatuzelesu-granit-lappal-10kw\/","og_site_name":"eSemineu","article_publisher":"https:\/\/web.facebook.com\/eSemineu","article_modified_time":"2026-01-30T13:00:20+00:00","og_image":[{"width":1000,"height":1000,"url":"https:\/\/esemineu.ro\/wp-content\/uploads\/2023\/04\/5R-CARO-NATUR-FRONT-FR-1.jpg","type":"image\/jpeg"}],"twitter_card":"summary_large_image","twitter_misc":{"Becs\u00fclt olvas\u00e1si id\u0151":"4 perc"},"schema":{"@context":"https:\/\/schema.org","@graph":[{"@type":"WebPage","@id":"https:\/\/esemineu.ro\/hu\/termek\/5-soros-hordozhato-natur-cserepkalyha-caro-natur-fatuzelesu-granit-lappal-10kw\/","url":"https:\/\/esemineu.ro\/hu\/termek\/5-soros-hordozhato-natur-cserepkalyha-caro-natur-fatuzelesu-granit-lappal-10kw\/","name":"5 soros hordozhat\u00f3 Natur cser\u00e9pk\u00e1lyha | eSemineu.ro","isPartOf":{"@id":"https:\/\/esemineu.ro\/hu\/#website"},"primaryImageOfPage":{"@id":"https:\/\/esemineu.ro\/hu\/termek\/5-soros-hordozhato-natur-cserepkalyha-caro-natur-fatuzelesu-granit-lappal-10kw\/#primaryimage"},"image":{"@id":"https:\/\/esemineu.ro\/hu\/termek\/5-soros-hordozhato-natur-cserepkalyha-caro-natur-fatuzelesu-granit-lappal-10kw\/#primaryimage"},"thumbnailUrl":"https:\/\/esemineu.ro\/wp-content\/uploads\/2023\/04\/5R-CARO-NATUR-FRONT-FR-1.jpg","datePublished":"2023-04-15T03:24:59+00:00","dateModified":"2026-01-30T13:00:20+00:00","description":"5 soros hordozhat\u00f3 Natur cser\u00e9pk\u00e1lyha Caro Natur-t\u0151l az esemineu.ro-r\u00f3l. Eleg\u00e1ns fat\u00fczel\u00e9s\u0171 gr\u00e1nit lappal, 10kW teljes\u00edtm\u00e9ny\u0171, t\u00f6k\u00e9letes v\u00e1laszt\u00e1s.","breadcrumb":{"@id":"https:\/\/esemineu.ro\/hu\/termek\/5-soros-hordozhato-natur-cserepkalyha-caro-natur-fatuzelesu-granit-lappal-10kw\/#breadcrumb"},"inLanguage":"hu","potentialAction":[{"@type":"ReadAction","target":["https:\/\/esemineu.ro\/hu\/termek\/5-soros-hordozhato-natur-cserepkalyha-caro-natur-fatuzelesu-granit-lappal-10kw\/"]}]},{"@type":"ImageObject","inLanguage":"hu","@id":"https:\/\/esemineu.ro\/hu\/termek\/5-soros-hordozhato-natur-cserepkalyha-caro-natur-fatuzelesu-granit-lappal-10kw\/#primaryimage","url":"https:\/\/esemineu.ro\/wp-content\/uploads\/2023\/04\/5R-CARO-NATUR-FRONT-FR-1.jpg","contentUrl":"https:\/\/esemineu.ro\/wp-content\/uploads\/2023\/04\/5R-CARO-NATUR-FRONT-FR-1.jpg","width":1000,"height":1000,"caption":"5 soros hordozhat\u00f3 Natur cser\u00e9pk\u00e1lyha"},{"@type":"BreadcrumbList","@id":"https:\/\/esemineu.ro\/hu\/termek\/5-soros-hordozhato-natur-cserepkalyha-caro-natur-fatuzelesu-granit-lappal-10kw\/#breadcrumb","itemListElement":[{"@type":"ListItem","position":1,"name":"Kezd\u0151lap","item":"https:\/\/esemineu.ro\/hu\/"},{"@type":"ListItem","position":2,"name":"\u00c1ruh\u00e1z","item":"https:\/\/esemineu.ro\/hu\/aruhaz\/"},{"@type":"ListItem","position":3,"name":"5 soros hordozhat\u00f3 Natur cser\u00e9pk\u00e1lyha, Caro Natur, Fat\u00fczel\u00e9s\u0171 gr\u00e1nit lappal, 10kW"}]},{"@type":"WebSite","@id":"https:\/\/esemineu.ro\/hu\/#website","url":"https:\/\/esemineu.ro\/hu\/","name":"eSemineu","description":"\u0218eminee de cea mai \u00eenalt\u0103 calitate","potentialAction":[{"@type":"SearchAction","target":{"@type":"EntryPoint","urlTemplate":"https:\/\/esemineu.ro\/hu\/?s={search_term_string}"},"query-input":{"@type":"PropertyValueSpecification","valueRequired":true,"valueName":"search_term_string"}}],"inLanguage":"hu"}]}},"_links":{"self":[{"href":"https:\/\/esemineu.ro\/hu\/wp-json\/wp\/v2\/product\/4490","targetHints":{"allow":["GET"]}}],"collection":[{"href":"https:\/\/esemineu.ro\/hu\/wp-json\/wp\/v2\/product"}],"about":[{"href":"https:\/\/esemineu.ro\/hu\/wp-json\/wp\/v2\/types\/product"}],"replies":[{"embeddable":true,"href":"https:\/\/esemineu.ro\/hu\/wp-json\/wp\/v2\/comments?post=4490"}],"wp:featuredmedia":[{"embeddable":true,"href":"https:\/\/esemineu.ro\/hu\/wp-json\/wp\/v2\/media\/21245"}],"wp:attachment":[{"href":"https:\/\/esemineu.ro\/hu\/wp-json\/wp\/v2\/media?parent=4490"}],"wp:term":[{"taxonomy":"product_brand","embeddable":true,"href":"https:\/\/esemineu.ro\/hu\/wp-json\/wp\/v2\/product_brand?post=4490"},{"taxonomy":"product_cat","embeddable":true,"href":"https:\/\/esemineu.ro\/hu\/wp-json\/wp\/v2\/product_cat?post=4490"},{"taxonomy":"product_tag","embeddable":true,"href":"https:\/\/esemineu.ro\/hu\/wp-json\/wp\/v2\/product_tag?post=4490"}],"curies":[{"name":"wp","href":"https:\/\/api.w.org\/{rel}","templated":true}]}}