{"id":4489,"date":"2023-04-15T06:29:23","date_gmt":"2023-04-15T03:29:23","guid":{"rendered":"https:\/\/esemineu.ro\/product\/termosoba-de-teracota-morano-marochit-de-instalare-tip-centrala-4r-cu-spirala-termica-de-incalzit-8kw\/"},"modified":"2026-02-04T16:23:21","modified_gmt":"2026-02-04T14:23:21","slug":"hokozponti-cserepkalyha-morano-barna-4r-melegito-fatuzelesu-cserepkalyha-4-soros-granit-lappal-8kw","status":"publish","type":"product","link":"https:\/\/esemineu.ro\/hu\/termek\/hokozponti-cserepkalyha-morano-barna-4r-melegito-fatuzelesu-cserepkalyha-4-soros-granit-lappal-8kw\/","title":{"rendered":"H\u0151k\u00f6zponti cser\u00e9pk\u00e1lyha Morano Barna 4R, Melegit\u0151 fat\u00fczel\u00e9s\u0171 cser\u00e9pk\u00e1lyha 4 soros Gr\u00e1nit lappal, 8kW"},"content":{"rendered":"<p>H\u0151k\u00f6zponti cser\u00e9pk\u00e1lyha Morano barna 4R<\/p>\n<p>A H\u0151k\u00f6zponti cser\u00e9pk\u00e1lyha Morano barna 4R a kiv\u00e1l\u00f3 min\u0151s\u00e9g\u0171 anyagok \u00e9s a modern diz\u00e1jn tal\u00e1lkoz\u00e1sak\u00e9nt \u00e9rkezik otthon\u00e1ba, biztos\u00edtva a melegs\u00e9get \u00e9s a st\u00edlust egyszerre. Az <strong>esemineu.ro<\/strong>\u00a0b\u00fcszk\u00e9n k\u00edn\u00e1lja ezt a\u00a0<strong>pr\u00e9mium<\/strong>\u00a0kateg\u00f3ri\u00e1s term\u00e9ket, amely nem csup\u00e1n eszt\u00e9tikus, hanem rendk\u00edv\u00fcl hat\u00e9kony is.<\/p>\n<p>A \u00a0term\u00e9szetes sz\u00edn\u0171 kivitel minden enteri\u0151rben t\u00f6k\u00e9letesen illeszkedik, hozz\u00e1adva egy kis rusztikus eleganci\u00e1t a t\u00e9rhez. A<strong>\u00a0term\u00e9k<\/strong>\u00a08 kilowattos teljes\u00edtm\u00e9ny\u00e9t garant\u00e1lja, hogy az \u00d6n otthona a leghidegebb napokon is meleg maradjon.<\/p>\n<p>A K\u00f6zponti\u00a0<strong>4 soros<\/strong>\u00a0kialak\u00edt\u00e1s, mely egy\u00a0<strong>termikus spir\u00e1llal<\/strong>, azaz h\u0151spir\u00e1llal is rendelkezik, lehet\u0151v\u00e9 teszi az egyenletes \u00e9s hat\u00e9kony h\u0151eloszl\u00e1st. Valamint az integr\u00e1lt\u00a0<strong>Hoffman<\/strong>\u00a0kever\u0151 pumpa biztos\u00edtja a v\u00edz optim\u00e1lis kering\u00e9s\u00e9t a rendszerben, mely tov\u00e1bb n\u00f6veli a k\u00e1lyha hat\u00e9konys\u00e1g\u00e1t.<\/p>\n<p>A\u00a0 be\u00e9p\u00edtett radi\u00e1torral rendelkez\u0151 k\u00e1lyha kialak\u00edt\u00e1sa tov\u00e1bbi melegforr\u00e1st biztos\u00edt, \u00edgy \u00d6n biztos lehet abban, hogy otthona minden pontja k\u00e9nyelmesen meleg lesz. Az a t\u00e9ny, hogy a term\u00e9khez j\u00e1r\u00a0egy telep\u00edt\u00e9si k\u00e9szlet is, csak tov\u00e1bb n\u00f6veli az \u00d6n k\u00e9nyelm\u00e9t \u00e9s megk\u00f6nny\u00edti a term\u00e9k haszn\u00e1latba v\u00e9tel\u00e9t.<\/p>\n<h6>Mi\u00e9rt is j\u00f3 v\u00e1laszt\u00e1s a v\u00edzk\u00f6ppenyes cser\u00e9pk\u00e1lyha?<\/h6>\n<ol>\n<li><strong>Energiatakar\u00e9kos<\/strong>: A v\u00edzk\u00f6ppenyes cser\u00e9pk\u00e1lyha kihaszn\u00e1lja a t\u00fczel\u00e9s sor\u00e1n keletkez\u0151 h\u0151t a v\u00edz felmeleg\u00edt\u00e9s\u00e9re.\u00a0 A radi\u00e1torokon vagy padl\u00f3f\u0171t\u00e9sen kereszt\u00fcl sz\u00e9toszlik az otthonban. Ez az energiahat\u00e9kony m\u00f3dszer lehet\u0151v\u00e9 teszi, hogy kevesebb t\u00fczel\u0151anyaggal is nagy ter\u00fcleteket meleg\u00edts\u00fcnk.<\/li>\n<li><strong>K\u00f6rnyezetbar\u00e1t<\/strong>: A modern v\u00edzk\u00f6ppenyes cser\u00e9pk\u00e1lyh\u00e1k kialak\u00edt\u00e1sa cs\u00f6kkenti a k\u00e1rosanyag-kibocs\u00e1t\u00e1st, \u00edgy kev\u00e9sb\u00e9 terhelik a k\u00f6rnyezetet.<\/li>\n<li><strong>K\u00f6lts\u00e9ghat\u00e9kony<\/strong>: B\u00e1r a v\u00edzk\u00f6ppenyes cser\u00e9pk\u00e1lyha beszerz\u00e9se kezdetben dr\u00e1g\u00e1bb lehet, hossz\u00fa t\u00e1von megt\u00e9r\u00fcl a befektet\u00e9s, mivel kevesebb t\u00fczel\u0151anyagra van sz\u00fcks\u00e9g, \u00e9s a h\u0151vesztes\u00e9g is minimaliz\u00e1l\u00f3dik.<\/li>\n<li><strong>Egyenletes h\u0151eloszl\u00e1s<\/strong>: A rendszer kialak\u00edt\u00e1s\u00e1nak k\u00f6sz\u00f6nhet\u0151en a meleg v\u00edz egyenletesen oszlik el a radi\u00e1torokban vagy a padl\u00f3f\u0171t\u00e9sben, biztos\u00edtva a helyis\u00e9gek egyenletes felmeleged\u00e9s\u00e9t.<\/li>\n<li><strong>Kombin\u00e1lt haszn\u00e1lat<\/strong>: A v\u00edzk\u00f6ppenyes cser\u00e9pk\u00e1lyha lehet\u0151v\u00e9 teszi, hogy a k\u00f6zponti f\u0171t\u00e9s mellett a k\u00e1lyh\u00e1t is haszn\u00e1ljuk, \u00edgy k\u00e9t rendszer el\u0151nyeit kombin\u00e1lva kapjuk meg az otthoni meleg\u00edt\u00e9st.<\/li>\n<\/ol>\n<p>Fontos megjegyezni, hogy a t\u0171zhely hullad\u00e9k \u00e9get\u00e9s\u00e9re nem alkalmas, kiz\u00e1r\u00f3lag f\u0171t\u00e9sre \u00e9s f\u0151z\u00e9sre haszn\u00e1lhat\u00f3. Az ilyen hullad\u00e9k \u00e9get\u00e9sekor a cser\u00e9pk\u00e1lyha f\u00fcstkivezet\u0151 ny\u00edl\u00e1sa k\u00f6nnyen elt\u00f6m\u0151dhet, ez\u00e9rt aj\u00e1nlott kiz\u00e1r\u00f3lag megfelel\u0151 anyagokat \u00e9getni benne.<\/p>\n<h6>Sz\u00e1ll\u00edt\u00e1si hat\u00e1rid\u0151:<\/h6>\n<ul>\n<li><strong>Magyarorsz\u00e1g \u00e9s az eg\u00e9sz Eur\u00f3pai Uni\u00f3 ter\u00fclet\u00e9n<\/strong>\u00a0is sz\u00e1ll\u00edtjuk.<\/li>\n<li>Rom\u00e1ni\u00e1ba 2-3 munkanap alatt sz\u00e1ll\u00edtjuk<\/li>\n<li>Magyarorsz\u00e1gra \u00e9s az EU ter\u00fclet\u00e9re az \u00e1tutal\u00e1s ut\u00e1n 5 munkanapon bel\u00fcl \u00e9rkezik meg a term\u00e9k.<\/li>\n<\/ul>\n<p>Ha b\u00e1rmilyen k\u00e9rd\u00e9se van, k\u00e9rj\u00fck, l\u00e9pjen kapcsolatba vel\u00fcnk.<\/p>\n<p>Tov\u00e1bbi aj\u00e1nlatok\u00e9rt kattintson\u00a0<a href=\"https:\/\/esemineu.ro\/hu\/termek-kategoria\/hordozhato-cserepkalyhak\/\">ide<\/a><\/p>\n<p>T\u00f6bb inform\u00e1ci\u00f3\u00e9rt l\u00e1togasson el\u00a0<a href=\"https:\/\/www.youtube.com\/@esemineuromania\">YouTube<\/a>-csatorn\u00e1nkra, valamint\u00a0<a href=\"https:\/\/www.facebook.com\/eSemineu\">Facebook<\/a>\u00a0\u00e9s\u00a0<a href=\"https:\/\/www.instagram.com\/esemineu\/\">Instagram<\/a>\u00a0oldalainkra.<\/p>\n<p><a href=\"https:\/\/esemineu.ro\/\">eSemineu.ro<\/a>\u00a0 \u00a0Te rakod a t\u00fczet, mi adjuk a meleget!<\/p>\n","protected":false},"excerpt":{"rendered":"<p>H\u0151k\u00f6zponti cser\u00e9pk\u00e1lyha Morano barna 4R A H\u0151k\u00f6zponti cser\u00e9pk\u00e1lyha Morano barna 4R a kiv\u00e1l\u00f3 min\u0151s\u00e9g\u0171 anyagok \u00e9s a modern diz\u00e1jn tal\u00e1lkoz\u00e1sak\u00e9nt \u00e9rkezik otthon\u00e1ba, biztos\u00edtva a melegs\u00e9get \u00e9s a st\u00edlust egyszerre. Az esemineu.ro\u00a0b\u00fcszk\u00e9n k\u00edn\u00e1lja ezt a\u00a0pr\u00e9mium\u00a0kateg\u00f3ri\u00e1s term\u00e9ket, amely nem csup\u00e1n eszt\u00e9tikus, hanem rendk\u00edv\u00fcl hat\u00e9kony is. A \u00a0term\u00e9szetes sz\u00edn\u0171 kivitel minden enteri\u0151rben t\u00f6k\u00e9letesen illeszkedik, hozz\u00e1adva egy kis rusztikus eleganci\u00e1t a t\u00e9rhez. A\u00a0term\u00e9k\u00a08 kilowattos teljes\u00edtm\u00e9ny\u00e9t garant\u00e1lja, hogy az \u00d6n otthona a leghidegebb napokon is meleg maradjon. A K\u00f6zponti\u00a04 soros\u00a0kialak\u00edt\u00e1s, mely egy\u00a0termikus spir\u00e1llal, azaz h\u0151spir\u00e1llal is rendelkezik, lehet\u0151v\u00e9 teszi az egyenletes \u00e9s hat\u00e9kony h\u0151eloszl\u00e1st. Valamint az integr\u00e1lt\u00a0Hoffman\u00a0kever\u0151 pumpa biztos\u00edtja a v\u00edz optim\u00e1lis kering\u00e9s\u00e9t a rendszerben, mely tov\u00e1bb n\u00f6veli a k\u00e1lyha hat\u00e9konys\u00e1g\u00e1t. A\u00a0 be\u00e9p\u00edtett radi\u00e1torral rendelkez\u0151 k\u00e1lyha kialak\u00edt\u00e1sa tov\u00e1bbi melegforr\u00e1st biztos\u00edt, \u00edgy \u00d6n biztos lehet abban, hogy otthona minden pontja k\u00e9nyelmesen meleg lesz. Az a t\u00e9ny, hogy a term\u00e9khez j\u00e1r\u00a0egy telep\u00edt\u00e9si k\u00e9szlet is, csak tov\u00e1bb n\u00f6veli az \u00d6n k\u00e9nyelm\u00e9t \u00e9s megk\u00f6nny\u00edti a term\u00e9k haszn\u00e1latba v\u00e9tel\u00e9t. Mi\u00e9rt &hellip; <a href=\"https:\/\/esemineu.ro\/hu\/termek\/hokozponti-cserepkalyha-morano-barna-4r-melegito-fatuzelesu-cserepkalyha-4-soros-granit-lappal-8kw\/\">Folytatva<\/a><\/p>\n","protected":false},"featured_media":18027,"comment_status":"open","ping_status":"closed","template":"","meta":[],"product_brand":[706],"product_cat":[729,1680],"product_tag":[],"class_list":{"0":"post-4489","1":"product","2":"type-product","3":"status-publish","4":"has-post-thumbnail","6":"product_brand-esemineu-premium","7":"product_cat-hordozhato-cserepkalyhak","8":"product_cat-melegito","9":"product_shipping_class-csempekalyhak","10":"pa_combustibil-utilizat-brikett","11":"pa_combustibil-utilizat-fa","12":"pa_culoare-barna","13":"pa_diametru-racordului-la-cos-120-mm-hu","14":"pa_lungime-serpentina-m-2-m-hu","15":"pa_material-teracota-hu","16":"pa_material-ontotvas-ajto-hoallo-uveggel","17":"pa_material-ontveny-fozolap","18":"pa_material-ontveny-labak","19":"pa_model-4-soros-melegito-hu","20":"pa_putere-8-kw-hu","21":"pa_randament-94-hu","22":"pa_utere-termica-in-circuit-hi-2kw-hu-2","23":"producer-teramix","25":"first","26":"onbackorder","27":"shipping-taxable","28":"purchasable","29":"product-type-simple"},"acf":[],"yoast_head":"<!-- This site is optimized with the Yoast SEO Premium plugin v21.0 (Yoast SEO v27.3) - https:\/\/yoast.com\/product\/yoast-seo-premium-wordpress\/ -->\n<title>H\u0151k\u00f6zponti cser\u00e9pk\u00e1lyha Morano Barna 4R | eSemineu.ro<\/title>\n<meta name=\"description\" content=\"H\u0151k\u00f6zponti cser\u00e9pk\u00e1lyha Morano Barna 4R, fa t\u00fczel\u00e9s\u0171 h\u0151k\u00f6zponti cser\u00e9pk\u00e1lyha h\u0151\u00e1ll\u00f3 \u00fcveggel. Meg t\u0151bb aj\u00e1nlatert hordozhat\u00f3-cser\u00e9pk\u00e1lyha eSemineu.ro\" \/>\n<meta name=\"robots\" content=\"index, follow, max-snippet:-1, max-image-preview:large, max-video-preview:-1\" \/>\n<link rel=\"canonical\" href=\"https:\/\/esemineu.ro\/hu\/termek\/hokozponti-cserepkalyha-morano-barna-4r-melegito-fatuzelesu-cserepkalyha-4-soros-granit-lappal-8kw\/\" \/>\n<meta property=\"og:locale\" content=\"hu_HU\" \/>\n<meta property=\"og:type\" content=\"article\" \/>\n<meta property=\"og:title\" content=\"H\u0151k\u00f6zponti cser\u00e9pk\u00e1lyha Morano Barna 4R | eSemineu.ro\" \/>\n<meta property=\"og:description\" content=\"H\u0151k\u00f6zponti cser\u00e9pk\u00e1lyha Morano Barna 4R, fa t\u00fczel\u00e9s\u0171 h\u0151k\u00f6zponti cser\u00e9pk\u00e1lyha h\u0151\u00e1ll\u00f3 \u00fcveggel. Meg t\u0151bb aj\u00e1nlatert hordozhat\u00f3-cser\u00e9pk\u00e1lyha eSemineu.ro\" \/>\n<meta property=\"og:url\" content=\"https:\/\/esemineu.ro\/hu\/termek\/hokozponti-cserepkalyha-morano-barna-4r-melegito-fatuzelesu-cserepkalyha-4-soros-granit-lappal-8kw\/\" \/>\n<meta property=\"og:site_name\" content=\"eSemineu\" \/>\n<meta property=\"article:publisher\" content=\"https:\/\/web.facebook.com\/eSemineu\" \/>\n<meta property=\"article:modified_time\" content=\"2026-02-04T14:23:21+00:00\" \/>\n<meta property=\"og:image\" content=\"https:\/\/esemineu.ro\/wp-content\/uploads\/2023\/04\/4R-MORANO-NATUR-RADIATOR-1.jpg\" \/>\n\t<meta property=\"og:image:width\" content=\"1000\" \/>\n\t<meta property=\"og:image:height\" content=\"1000\" \/>\n\t<meta property=\"og:image:type\" content=\"image\/jpeg\" \/>\n<meta name=\"twitter:card\" content=\"summary_large_image\" \/>\n<meta name=\"twitter:label1\" content=\"Becs\u00fclt olvas\u00e1si id\u0151\" \/>\n\t<meta name=\"twitter:data1\" content=\"3 perc\" \/>\n<script type=\"application\/ld+json\" class=\"yoast-schema-graph\">{\"@context\":\"https:\\\/\\\/schema.org\",\"@graph\":[{\"@type\":\"WebPage\",\"@id\":\"https:\\\/\\\/esemineu.ro\\\/hu\\\/termek\\\/hokozponti-cserepkalyha-morano-barna-4r-melegito-fatuzelesu-cserepkalyha-4-soros-granit-lappal-8kw\\\/\",\"url\":\"https:\\\/\\\/esemineu.ro\\\/hu\\\/termek\\\/hokozponti-cserepkalyha-morano-barna-4r-melegito-fatuzelesu-cserepkalyha-4-soros-granit-lappal-8kw\\\/\",\"name\":\"H\u0151k\u00f6zponti cser\u00e9pk\u00e1lyha Morano Barna 4R | eSemineu.ro\",\"isPartOf\":{\"@id\":\"https:\\\/\\\/esemineu.ro\\\/hu\\\/#website\"},\"primaryImageOfPage\":{\"@id\":\"https:\\\/\\\/esemineu.ro\\\/hu\\\/termek\\\/hokozponti-cserepkalyha-morano-barna-4r-melegito-fatuzelesu-cserepkalyha-4-soros-granit-lappal-8kw\\\/#primaryimage\"},\"image\":{\"@id\":\"https:\\\/\\\/esemineu.ro\\\/hu\\\/termek\\\/hokozponti-cserepkalyha-morano-barna-4r-melegito-fatuzelesu-cserepkalyha-4-soros-granit-lappal-8kw\\\/#primaryimage\"},\"thumbnailUrl\":\"https:\\\/\\\/esemineu.ro\\\/wp-content\\\/uploads\\\/2023\\\/04\\\/4R-MORANO-NATUR-RADIATOR-1.jpg\",\"datePublished\":\"2023-04-15T03:29:23+00:00\",\"dateModified\":\"2026-02-04T14:23:21+00:00\",\"description\":\"H\u0151k\u00f6zponti cser\u00e9pk\u00e1lyha Morano Barna 4R, fa t\u00fczel\u00e9s\u0171 h\u0151k\u00f6zponti cser\u00e9pk\u00e1lyha h\u0151\u00e1ll\u00f3 \u00fcveggel. Meg t\u0151bb aj\u00e1nlatert hordozhat\u00f3-cser\u00e9pk\u00e1lyha eSemineu.ro\",\"breadcrumb\":{\"@id\":\"https:\\\/\\\/esemineu.ro\\\/hu\\\/termek\\\/hokozponti-cserepkalyha-morano-barna-4r-melegito-fatuzelesu-cserepkalyha-4-soros-granit-lappal-8kw\\\/#breadcrumb\"},\"inLanguage\":\"hu\",\"potentialAction\":[{\"@type\":\"ReadAction\",\"target\":[\"https:\\\/\\\/esemineu.ro\\\/hu\\\/termek\\\/hokozponti-cserepkalyha-morano-barna-4r-melegito-fatuzelesu-cserepkalyha-4-soros-granit-lappal-8kw\\\/\"]}]},{\"@type\":\"ImageObject\",\"inLanguage\":\"hu\",\"@id\":\"https:\\\/\\\/esemineu.ro\\\/hu\\\/termek\\\/hokozponti-cserepkalyha-morano-barna-4r-melegito-fatuzelesu-cserepkalyha-4-soros-granit-lappal-8kw\\\/#primaryimage\",\"url\":\"https:\\\/\\\/esemineu.ro\\\/wp-content\\\/uploads\\\/2023\\\/04\\\/4R-MORANO-NATUR-RADIATOR-1.jpg\",\"contentUrl\":\"https:\\\/\\\/esemineu.ro\\\/wp-content\\\/uploads\\\/2023\\\/04\\\/4R-MORANO-NATUR-RADIATOR-1.jpg\",\"width\":1000,\"height\":1000,\"caption\":\"Termosob\u0103 de teracot\u0103 Morano Maro\"},{\"@type\":\"BreadcrumbList\",\"@id\":\"https:\\\/\\\/esemineu.ro\\\/hu\\\/termek\\\/hokozponti-cserepkalyha-morano-barna-4r-melegito-fatuzelesu-cserepkalyha-4-soros-granit-lappal-8kw\\\/#breadcrumb\",\"itemListElement\":[{\"@type\":\"ListItem\",\"position\":1,\"name\":\"Kezd\u0151lap\",\"item\":\"https:\\\/\\\/esemineu.ro\\\/hu\\\/\"},{\"@type\":\"ListItem\",\"position\":2,\"name\":\"\u00c1ruh\u00e1z\",\"item\":\"https:\\\/\\\/esemineu.ro\\\/hu\\\/aruhaz\\\/\"},{\"@type\":\"ListItem\",\"position\":3,\"name\":\"H\u0151k\u00f6zponti cser\u00e9pk\u00e1lyha Morano Barna 4R, Melegit\u0151 fat\u00fczel\u00e9s\u0171 cser\u00e9pk\u00e1lyha 4 soros Gr\u00e1nit lappal, 8kW\"}]},{\"@type\":\"WebSite\",\"@id\":\"https:\\\/\\\/esemineu.ro\\\/hu\\\/#website\",\"url\":\"https:\\\/\\\/esemineu.ro\\\/hu\\\/\",\"name\":\"eSemineu\",\"description\":\"\u0218eminee de cea mai \u00eenalt\u0103 calitate\",\"potentialAction\":[{\"@type\":\"SearchAction\",\"target\":{\"@type\":\"EntryPoint\",\"urlTemplate\":\"https:\\\/\\\/esemineu.ro\\\/hu\\\/?s={search_term_string}\"},\"query-input\":{\"@type\":\"PropertyValueSpecification\",\"valueRequired\":true,\"valueName\":\"search_term_string\"}}],\"inLanguage\":\"hu\"}]}<\/script>\n<!-- \/ Yoast SEO Premium plugin. -->","yoast_head_json":{"title":"H\u0151k\u00f6zponti cser\u00e9pk\u00e1lyha Morano Barna 4R | eSemineu.ro","description":"H\u0151k\u00f6zponti cser\u00e9pk\u00e1lyha Morano Barna 4R, fa t\u00fczel\u00e9s\u0171 h\u0151k\u00f6zponti cser\u00e9pk\u00e1lyha h\u0151\u00e1ll\u00f3 \u00fcveggel. Meg t\u0151bb aj\u00e1nlatert hordozhat\u00f3-cser\u00e9pk\u00e1lyha eSemineu.ro","robots":{"index":"index","follow":"follow","max-snippet":"max-snippet:-1","max-image-preview":"max-image-preview:large","max-video-preview":"max-video-preview:-1"},"canonical":"https:\/\/esemineu.ro\/hu\/termek\/hokozponti-cserepkalyha-morano-barna-4r-melegito-fatuzelesu-cserepkalyha-4-soros-granit-lappal-8kw\/","og_locale":"hu_HU","og_type":"article","og_title":"H\u0151k\u00f6zponti cser\u00e9pk\u00e1lyha Morano Barna 4R | eSemineu.ro","og_description":"H\u0151k\u00f6zponti cser\u00e9pk\u00e1lyha Morano Barna 4R, fa t\u00fczel\u00e9s\u0171 h\u0151k\u00f6zponti cser\u00e9pk\u00e1lyha h\u0151\u00e1ll\u00f3 \u00fcveggel. Meg t\u0151bb aj\u00e1nlatert hordozhat\u00f3-cser\u00e9pk\u00e1lyha eSemineu.ro","og_url":"https:\/\/esemineu.ro\/hu\/termek\/hokozponti-cserepkalyha-morano-barna-4r-melegito-fatuzelesu-cserepkalyha-4-soros-granit-lappal-8kw\/","og_site_name":"eSemineu","article_publisher":"https:\/\/web.facebook.com\/eSemineu","article_modified_time":"2026-02-04T14:23:21+00:00","og_image":[{"width":1000,"height":1000,"url":"https:\/\/esemineu.ro\/wp-content\/uploads\/2023\/04\/4R-MORANO-NATUR-RADIATOR-1.jpg","type":"image\/jpeg"}],"twitter_card":"summary_large_image","twitter_misc":{"Becs\u00fclt olvas\u00e1si id\u0151":"3 perc"},"schema":{"@context":"https:\/\/schema.org","@graph":[{"@type":"WebPage","@id":"https:\/\/esemineu.ro\/hu\/termek\/hokozponti-cserepkalyha-morano-barna-4r-melegito-fatuzelesu-cserepkalyha-4-soros-granit-lappal-8kw\/","url":"https:\/\/esemineu.ro\/hu\/termek\/hokozponti-cserepkalyha-morano-barna-4r-melegito-fatuzelesu-cserepkalyha-4-soros-granit-lappal-8kw\/","name":"H\u0151k\u00f6zponti cser\u00e9pk\u00e1lyha Morano Barna 4R | eSemineu.ro","isPartOf":{"@id":"https:\/\/esemineu.ro\/hu\/#website"},"primaryImageOfPage":{"@id":"https:\/\/esemineu.ro\/hu\/termek\/hokozponti-cserepkalyha-morano-barna-4r-melegito-fatuzelesu-cserepkalyha-4-soros-granit-lappal-8kw\/#primaryimage"},"image":{"@id":"https:\/\/esemineu.ro\/hu\/termek\/hokozponti-cserepkalyha-morano-barna-4r-melegito-fatuzelesu-cserepkalyha-4-soros-granit-lappal-8kw\/#primaryimage"},"thumbnailUrl":"https:\/\/esemineu.ro\/wp-content\/uploads\/2023\/04\/4R-MORANO-NATUR-RADIATOR-1.jpg","datePublished":"2023-04-15T03:29:23+00:00","dateModified":"2026-02-04T14:23:21+00:00","description":"H\u0151k\u00f6zponti cser\u00e9pk\u00e1lyha Morano Barna 4R, fa t\u00fczel\u00e9s\u0171 h\u0151k\u00f6zponti cser\u00e9pk\u00e1lyha h\u0151\u00e1ll\u00f3 \u00fcveggel. Meg t\u0151bb aj\u00e1nlatert hordozhat\u00f3-cser\u00e9pk\u00e1lyha eSemineu.ro","breadcrumb":{"@id":"https:\/\/esemineu.ro\/hu\/termek\/hokozponti-cserepkalyha-morano-barna-4r-melegito-fatuzelesu-cserepkalyha-4-soros-granit-lappal-8kw\/#breadcrumb"},"inLanguage":"hu","potentialAction":[{"@type":"ReadAction","target":["https:\/\/esemineu.ro\/hu\/termek\/hokozponti-cserepkalyha-morano-barna-4r-melegito-fatuzelesu-cserepkalyha-4-soros-granit-lappal-8kw\/"]}]},{"@type":"ImageObject","inLanguage":"hu","@id":"https:\/\/esemineu.ro\/hu\/termek\/hokozponti-cserepkalyha-morano-barna-4r-melegito-fatuzelesu-cserepkalyha-4-soros-granit-lappal-8kw\/#primaryimage","url":"https:\/\/esemineu.ro\/wp-content\/uploads\/2023\/04\/4R-MORANO-NATUR-RADIATOR-1.jpg","contentUrl":"https:\/\/esemineu.ro\/wp-content\/uploads\/2023\/04\/4R-MORANO-NATUR-RADIATOR-1.jpg","width":1000,"height":1000,"caption":"Termosob\u0103 de teracot\u0103 Morano Maro"},{"@type":"BreadcrumbList","@id":"https:\/\/esemineu.ro\/hu\/termek\/hokozponti-cserepkalyha-morano-barna-4r-melegito-fatuzelesu-cserepkalyha-4-soros-granit-lappal-8kw\/#breadcrumb","itemListElement":[{"@type":"ListItem","position":1,"name":"Kezd\u0151lap","item":"https:\/\/esemineu.ro\/hu\/"},{"@type":"ListItem","position":2,"name":"\u00c1ruh\u00e1z","item":"https:\/\/esemineu.ro\/hu\/aruhaz\/"},{"@type":"ListItem","position":3,"name":"H\u0151k\u00f6zponti cser\u00e9pk\u00e1lyha Morano Barna 4R, Melegit\u0151 fat\u00fczel\u00e9s\u0171 cser\u00e9pk\u00e1lyha 4 soros Gr\u00e1nit lappal, 8kW"}]},{"@type":"WebSite","@id":"https:\/\/esemineu.ro\/hu\/#website","url":"https:\/\/esemineu.ro\/hu\/","name":"eSemineu","description":"\u0218eminee de cea mai \u00eenalt\u0103 calitate","potentialAction":[{"@type":"SearchAction","target":{"@type":"EntryPoint","urlTemplate":"https:\/\/esemineu.ro\/hu\/?s={search_term_string}"},"query-input":{"@type":"PropertyValueSpecification","valueRequired":true,"valueName":"search_term_string"}}],"inLanguage":"hu"}]}},"_links":{"self":[{"href":"https:\/\/esemineu.ro\/hu\/wp-json\/wp\/v2\/product\/4489","targetHints":{"allow":["GET"]}}],"collection":[{"href":"https:\/\/esemineu.ro\/hu\/wp-json\/wp\/v2\/product"}],"about":[{"href":"https:\/\/esemineu.ro\/hu\/wp-json\/wp\/v2\/types\/product"}],"replies":[{"embeddable":true,"href":"https:\/\/esemineu.ro\/hu\/wp-json\/wp\/v2\/comments?post=4489"}],"wp:featuredmedia":[{"embeddable":true,"href":"https:\/\/esemineu.ro\/hu\/wp-json\/wp\/v2\/media\/18027"}],"wp:attachment":[{"href":"https:\/\/esemineu.ro\/hu\/wp-json\/wp\/v2\/media?parent=4489"}],"wp:term":[{"taxonomy":"product_brand","embeddable":true,"href":"https:\/\/esemineu.ro\/hu\/wp-json\/wp\/v2\/product_brand?post=4489"},{"taxonomy":"product_cat","embeddable":true,"href":"https:\/\/esemineu.ro\/hu\/wp-json\/wp\/v2\/product_cat?post=4489"},{"taxonomy":"product_tag","embeddable":true,"href":"https:\/\/esemineu.ro\/hu\/wp-json\/wp\/v2\/product_tag?post=4489"}],"curies":[{"name":"wp","href":"https:\/\/api.w.org\/{rel}","templated":true}]}}