{"id":4487,"date":"2023-04-15T06:36:34","date_gmt":"2023-04-15T03:36:34","guid":{"rendered":"https:\/\/esemineu.ro\/product\/soba-teracota-junor-verde-3r-soba-de-teracota-cu-plita-si-usa-focar-sticla\/"},"modified":"2026-04-01T12:28:23","modified_gmt":"2026-04-01T09:28:23","slug":"melegito-cserepkalyha-zold-junor-3r-fatuzelesu-cserepkalyha-3-soros-fozo-lappal-6kw","status":"publish","type":"product","link":"https:\/\/esemineu.ro\/hu\/termek\/melegito-cserepkalyha-zold-junor-3r-fatuzelesu-cserepkalyha-3-soros-fozo-lappal-6kw\/","title":{"rendered":"Melegit\u0151 cser\u00e9pk\u00e1lyha Z\u00f6ld Junor 3R, Fat\u0171zel\u00e9s\u0171 cser\u00e9pk\u00e1lyha 3 soros F\u0151z\u0151 lappal, 6kW"},"content":{"rendered":"<p>Melegit\u0151 cser\u00e9pk\u00e1lyha Z\u00f6ld Junor 3R<\/p>\n<p>A Z\u00f6ld Junor 3R Meleg\u00edt\u0151 cser\u00e9pk\u00e1lyha egy kiv\u00e1l\u00f3 min\u0151s\u00e9g\u0171, fat\u00fczel\u00e9s\u0171 cser\u00e9pk\u00e1lyha, amely t\u00f6k\u00e9letes v\u00e1laszt\u00e1s lehet otthona meleg\u00e9nek biztos\u00edt\u00e1s\u00e1ra. A k\u00e1lyha 6 kW-os teljes\u00edtm\u00e9nnyel rendelkezik, ami hat\u00e9kony f\u0171t\u00e9st tesz lehet\u0151v\u00e9 egy 15 n\u00e9gyzetm\u00e9teres helyis\u00e9gben. Min\u00e9l magasabb a teljes\u00edtm\u00e9ny, ann\u00e1l nagyobb ter\u00fcletet \u00e9s helyis\u00e9get tud hat\u00e9konyan bef\u0171teni a k\u00e1lyha. A magas hat\u00e1sfok (90,5%) seg\u00edti a t\u00fczel\u0151anyag energi\u00e1j\u00e1nak optim\u00e1lis hasznos\u00edt\u00e1s\u00e1t, \u00edgy gazdas\u00e1gos \u00e9s takar\u00e9kos f\u0171t\u00e9st ny\u00fajt. Min\u00e9l magasabb a hat\u00e1sfok \u00e9rt\u00e9ke, ann\u00e1l jobb \u00e9s gazdas\u00e1gosabb a k\u00e1lyha teljes\u00edtm\u00e9nye.<\/p>\n<p>A k\u00e1lyha t\u0171zt\u00e9r m\u00e9rete 18 x 20 x 35 cm, \u00e9s egy praktikus f\u0151z\u0151lap is tal\u00e1lhat\u00f3 rajta, amely seg\u00edts\u00e9g\u00e9vel k\u00f6nnyed\u00e9n k\u00e9sz\u00edthet finom \u00e9teleket k\u00f6zvetlen\u00fcl a k\u00e1lyh\u00e1n. A 120 mm-es f\u00fcstcs\u0151 m\u00e9rete lehet\u0151v\u00e9 teszi a hat\u00e9kony \u00e9s gyors f\u00fcstelvezet\u00e9st.<\/p>\n<p>A Melegit\u0151 cser\u00e9pk\u00e1lyha Z\u0151ld Junor 3R diz\u00e1jnja is megnyer\u0151, hiszen z\u00f6ld sz\u00edn\u0171 kivitelben kaphat\u00f3, amely frissess\u00e9get \u00e9s term\u00e9szetess\u00e9get k\u00f6lcs\u00f6n\u00f6z a helyis\u00e9gnek. A k\u00e1lyha m\u00e9retei 460 mm x 460 mm x 82-84 cm, \u00e9s 146 kg s\u00faly\u00fa, ami lehet\u0151v\u00e9 teszi a k\u00f6nny\u0171 elhelyez\u00e9st \u00e9s sz\u00e1ll\u00edt\u00e1st.<\/p>\n<p>Az \u00f6nt\u00f6ttvas ajt\u00f3kkal \u00e9s f\u0151z\u0151lappal ell\u00e1tott Z\u00f6ld Junor 3R Meleg\u00edt\u0151 cser\u00e9pk\u00e1lyha nem csak hat\u00e9kony f\u0171t\u00e9st ny\u00fajt, de st\u00edlusos kieg\u00e9sz\u00edt\u0151je lehet a lak\u00e1snak. A term\u00e9szetes anyagok \u00e9s a tradicion\u00e1lis kivitelez\u00e9s \u00f6sszhangban van a modern ig\u00e9nyekkel, \u00edgy a k\u00e1lyha egyar\u00e1nt passzol klasszikus \u00e9s modern enteri\u0151rbe egyar\u00e1nt. B\u00edzza mag\u00e1t e megb\u00edzhat\u00f3 \u00e9s eszt\u00e9tikus k\u00e1lyha gondoskod\u00f3 meleg\u00e9re!<\/p>\n<p>Fontos megjegyezni, hogy a t\u0171zhely hullad\u00e9k \u00e9get\u00e9s\u00e9re nem alkalmas, kiz\u00e1r\u00f3lag f\u0171t\u00e9sre \u00e9s f\u0151z\u00e9sre haszn\u00e1lhat\u00f3. Az ilyen hullad\u00e9k \u00e9get\u00e9sekor a cser\u00e9pk\u00e1lyha f\u00fcstkivezet\u0151 ny\u00edl\u00e1sa k\u00f6nnyen elt\u00f6m\u0151dhet, ez\u00e9rt aj\u00e1nlott kiz\u00e1r\u00f3lag megfelel\u0151 anyagokat \u00e9getni benne.<\/p>\n<h6>Sz\u00e1ll\u00edt\u00e1si hat\u00e1rid\u0151:<\/h6>\n<ul>\n<li><strong>Magyarorsz\u00e1g \u00e9s az eg\u00e9sz Eur\u00f3pai Uni\u00f3 ter\u00fclet\u00e9n<\/strong>\u00a0is sz\u00e1ll\u00edtjuk.<\/li>\n<li>Rom\u00e1ni\u00e1ba 2-3 munkanap alatt sz\u00e1ll\u00edtjuk<\/li>\n<li>Magyarorsz\u00e1gra \u00e9s az EU ter\u00fclet\u00e9re az \u00e1tutal\u00e1s ut\u00e1n 5 munkanapon bel\u00fcl \u00e9rkezik meg a term\u00e9k.<\/li>\n<\/ul>\n<p>Ha b\u00e1rmilyen k\u00e9rd\u00e9se van, k\u00e9rj\u00fck, l\u00e9pjen kapcsolatba vel\u00fcnk.<\/p>\n<p>Tov\u00e1bbi aj\u00e1nlatok\u00e9rt kattintson\u00a0<a href=\"https:\/\/esemineu.ro\/hu\/termek-kategoria\/hordozhato-cserepkalyhak\/\">ide<\/a><\/p>\n<p>T\u0151bb inform\u00e1ci\u00f3\u00e9rt l\u00e1togasson el\u00a0<a href=\"https:\/\/www.youtube.com\/@esemineuromania\">YouTube<\/a>-csatorn\u00e1nkra, valamint\u00a0<a href=\"https:\/\/www.facebook.com\/eSemineu\">Facebook<\/a>\u00a0\u00e9s\u00a0<a href=\"https:\/\/www.instagram.com\/esemineu\/\">Instagram<\/a>\u00a0oldalainkra.<\/p>\n<p><a href=\"https:\/\/esemineu.ro\/\">eSemineu.ro<\/a>\u00a0 \u00a0Te rakod a t\u00fczet mi adjuk a meleget!<\/p>\n","protected":false},"excerpt":{"rendered":"<p>Melegit\u0151 cser\u00e9pk\u00e1lyha Z\u00f6ld Junor 3R A Z\u00f6ld Junor 3R Meleg\u00edt\u0151 cser\u00e9pk\u00e1lyha egy kiv\u00e1l\u00f3 min\u0151s\u00e9g\u0171, fat\u00fczel\u00e9s\u0171 cser\u00e9pk\u00e1lyha, amely t\u00f6k\u00e9letes v\u00e1laszt\u00e1s lehet otthona meleg\u00e9nek biztos\u00edt\u00e1s\u00e1ra. A k\u00e1lyha 6 kW-os teljes\u00edtm\u00e9nnyel rendelkezik, ami hat\u00e9kony f\u0171t\u00e9st tesz lehet\u0151v\u00e9 egy 15 n\u00e9gyzetm\u00e9teres helyis\u00e9gben. Min\u00e9l magasabb a teljes\u00edtm\u00e9ny, ann\u00e1l nagyobb ter\u00fcletet \u00e9s helyis\u00e9get tud hat\u00e9konyan bef\u0171teni a k\u00e1lyha. A magas hat\u00e1sfok (90,5%) seg\u00edti a t\u00fczel\u0151anyag energi\u00e1j\u00e1nak optim\u00e1lis hasznos\u00edt\u00e1s\u00e1t, \u00edgy gazdas\u00e1gos \u00e9s takar\u00e9kos f\u0171t\u00e9st ny\u00fajt. Min\u00e9l magasabb a hat\u00e1sfok \u00e9rt\u00e9ke, ann\u00e1l jobb \u00e9s gazdas\u00e1gosabb a k\u00e1lyha teljes\u00edtm\u00e9nye. A k\u00e1lyha t\u0171zt\u00e9r m\u00e9rete 18 x 20 x 35 cm, \u00e9s egy praktikus f\u0151z\u0151lap is tal\u00e1lhat\u00f3 rajta, amely seg\u00edts\u00e9g\u00e9vel k\u00f6nnyed\u00e9n k\u00e9sz\u00edthet finom \u00e9teleket k\u00f6zvetlen\u00fcl a k\u00e1lyh\u00e1n. A 120 mm-es f\u00fcstcs\u0151 m\u00e9rete lehet\u0151v\u00e9 teszi a hat\u00e9kony \u00e9s gyors f\u00fcstelvezet\u00e9st. A Melegit\u0151 cser\u00e9pk\u00e1lyha Z\u0151ld Junor 3R diz\u00e1jnja is megnyer\u0151, hiszen z\u00f6ld sz\u00edn\u0171 kivitelben kaphat\u00f3, amely frissess\u00e9get \u00e9s term\u00e9szetess\u00e9get k\u00f6lcs\u00f6n\u00f6z a helyis\u00e9gnek. A k\u00e1lyha m\u00e9retei 460 mm x 460 mm x 82-84 cm, &hellip; <a href=\"https:\/\/esemineu.ro\/hu\/termek\/melegito-cserepkalyha-zold-junor-3r-fatuzelesu-cserepkalyha-3-soros-fozo-lappal-6kw\/\">Folytatva<\/a><\/p>\n","protected":false},"featured_media":21597,"comment_status":"open","ping_status":"closed","template":"","meta":[],"product_brand":[706],"product_cat":[729,1680],"product_tag":[],"class_list":{"0":"post-4487","1":"product","2":"type-product","3":"status-publish","4":"has-post-thumbnail","6":"product_brand-esemineu-premium","7":"product_cat-hordozhato-cserepkalyhak","8":"product_cat-melegito","9":"product_shipping_class-csempekalyhak","10":"pa_combustibil-utilizat-brikett","11":"pa_combustibil-utilizat-tuzifa-hu","12":"pa_culoare-zold","13":"pa_diametru-racordului-la-cos-120-mm-hu","14":"pa_material-teracota-hu","15":"pa_material-ontotvas-ajto-hoallo-uveggel","16":"pa_material-ontveny-fozolap","17":"pa_material-ontveny-labak","18":"pa_model-3-soros-melegito-hu","19":"pa_putere-6-kw-hu","20":"pa_randament-94-hu","21":"pa_suprafata-incalzita-mp-10-25-hu","22":"producer-norbo","24":"first","25":"instock","26":"shipping-taxable","27":"purchasable","28":"product-type-simple"},"acf":[],"yoast_head":"<!-- This site is optimized with the Yoast SEO Premium plugin v21.0 (Yoast SEO v27.3) - https:\/\/yoast.com\/product\/yoast-seo-premium-wordpress\/ -->\n<title>Melegit\u0151 cser\u00e9pk\u00e1lyha Z\u00f6ld Junor 3R, eSemineu.ro<\/title>\n<meta name=\"description\" content=\"Melegit\u0151 cser\u00e9pk\u00e1lyha Z\u00f6ld Junor 3R egy kiv\u00e1l\u00f3 min\u0151s\u00e9g\u0171 \u00e9s hat\u00e9kony f\u0171t\u0151berendez\u00e9s, amely k\u00e9nyelmes \u00e9s meghitt atmoszf\u00e9r\u00e1t teremt otthon\u00e1ban. | eSemineu\" \/>\n<meta name=\"robots\" content=\"index, follow, max-snippet:-1, max-image-preview:large, max-video-preview:-1\" \/>\n<link rel=\"canonical\" href=\"https:\/\/esemineu.ro\/hu\/termek\/melegito-cserepkalyha-zold-junor-3r-fatuzelesu-cserepkalyha-3-soros-fozo-lappal-6kw\/\" \/>\n<meta property=\"og:locale\" content=\"hu_HU\" \/>\n<meta property=\"og:type\" content=\"article\" \/>\n<meta property=\"og:title\" content=\"Melegit\u0151 cser\u00e9pk\u00e1lyha Z\u00f6ld Junor 3R, eSemineu.ro\" \/>\n<meta property=\"og:description\" content=\"Melegit\u0151 cser\u00e9pk\u00e1lyha Z\u00f6ld Junor 3R egy kiv\u00e1l\u00f3 min\u0151s\u00e9g\u0171 \u00e9s hat\u00e9kony f\u0171t\u0151berendez\u00e9s, amely k\u00e9nyelmes \u00e9s meghitt atmoszf\u00e9r\u00e1t teremt otthon\u00e1ban. | eSemineu\" \/>\n<meta property=\"og:url\" content=\"https:\/\/esemineu.ro\/hu\/termek\/melegito-cserepkalyha-zold-junor-3r-fatuzelesu-cserepkalyha-3-soros-fozo-lappal-6kw\/\" \/>\n<meta property=\"og:site_name\" content=\"eSemineu\" \/>\n<meta property=\"article:publisher\" content=\"https:\/\/web.facebook.com\/eSemineu\" \/>\n<meta property=\"article:modified_time\" content=\"2026-04-01T09:28:23+00:00\" \/>\n<meta property=\"og:image\" content=\"https:\/\/esemineu.ro\/wp-content\/uploads\/2023\/04\/3R-VERDE-JUNOR-FRONT-FR2.jpg\" \/>\n\t<meta property=\"og:image:width\" content=\"1000\" \/>\n\t<meta property=\"og:image:height\" content=\"1000\" \/>\n\t<meta property=\"og:image:type\" content=\"image\/jpeg\" \/>\n<meta name=\"twitter:card\" content=\"summary_large_image\" \/>\n<meta name=\"twitter:label1\" content=\"Becs\u00fclt olvas\u00e1si id\u0151\" \/>\n\t<meta name=\"twitter:data1\" content=\"4 perc\" \/>\n<script type=\"application\/ld+json\" class=\"yoast-schema-graph\">{\"@context\":\"https:\\\/\\\/schema.org\",\"@graph\":[{\"@type\":\"WebPage\",\"@id\":\"https:\\\/\\\/esemineu.ro\\\/hu\\\/termek\\\/melegito-cserepkalyha-zold-junor-3r-fatuzelesu-cserepkalyha-3-soros-fozo-lappal-6kw\\\/\",\"url\":\"https:\\\/\\\/esemineu.ro\\\/hu\\\/termek\\\/melegito-cserepkalyha-zold-junor-3r-fatuzelesu-cserepkalyha-3-soros-fozo-lappal-6kw\\\/\",\"name\":\"Melegit\u0151 cser\u00e9pk\u00e1lyha Z\u00f6ld Junor 3R, eSemineu.ro\",\"isPartOf\":{\"@id\":\"https:\\\/\\\/esemineu.ro\\\/hu\\\/#website\"},\"primaryImageOfPage\":{\"@id\":\"https:\\\/\\\/esemineu.ro\\\/hu\\\/termek\\\/melegito-cserepkalyha-zold-junor-3r-fatuzelesu-cserepkalyha-3-soros-fozo-lappal-6kw\\\/#primaryimage\"},\"image\":{\"@id\":\"https:\\\/\\\/esemineu.ro\\\/hu\\\/termek\\\/melegito-cserepkalyha-zold-junor-3r-fatuzelesu-cserepkalyha-3-soros-fozo-lappal-6kw\\\/#primaryimage\"},\"thumbnailUrl\":\"https:\\\/\\\/esemineu.ro\\\/wp-content\\\/uploads\\\/2023\\\/04\\\/3R-VERDE-JUNOR-FRONT-FR2.jpg\",\"datePublished\":\"2023-04-15T03:36:34+00:00\",\"dateModified\":\"2026-04-01T09:28:23+00:00\",\"description\":\"Melegit\u0151 cser\u00e9pk\u00e1lyha Z\u00f6ld Junor 3R egy kiv\u00e1l\u00f3 min\u0151s\u00e9g\u0171 \u00e9s hat\u00e9kony f\u0171t\u0151berendez\u00e9s, amely k\u00e9nyelmes \u00e9s meghitt atmoszf\u00e9r\u00e1t teremt otthon\u00e1ban. | eSemineu\",\"breadcrumb\":{\"@id\":\"https:\\\/\\\/esemineu.ro\\\/hu\\\/termek\\\/melegito-cserepkalyha-zold-junor-3r-fatuzelesu-cserepkalyha-3-soros-fozo-lappal-6kw\\\/#breadcrumb\"},\"inLanguage\":\"hu\",\"potentialAction\":[{\"@type\":\"ReadAction\",\"target\":[\"https:\\\/\\\/esemineu.ro\\\/hu\\\/termek\\\/melegito-cserepkalyha-zold-junor-3r-fatuzelesu-cserepkalyha-3-soros-fozo-lappal-6kw\\\/\"]}]},{\"@type\":\"ImageObject\",\"inLanguage\":\"hu\",\"@id\":\"https:\\\/\\\/esemineu.ro\\\/hu\\\/termek\\\/melegito-cserepkalyha-zold-junor-3r-fatuzelesu-cserepkalyha-3-soros-fozo-lappal-6kw\\\/#primaryimage\",\"url\":\"https:\\\/\\\/esemineu.ro\\\/wp-content\\\/uploads\\\/2023\\\/04\\\/3R-VERDE-JUNOR-FRONT-FR2.jpg\",\"contentUrl\":\"https:\\\/\\\/esemineu.ro\\\/wp-content\\\/uploads\\\/2023\\\/04\\\/3R-VERDE-JUNOR-FRONT-FR2.jpg\",\"width\":1000,\"height\":1000,\"caption\":\"Sob\u0103 teracot\u0103 Junor Verde 3R\"},{\"@type\":\"BreadcrumbList\",\"@id\":\"https:\\\/\\\/esemineu.ro\\\/hu\\\/termek\\\/melegito-cserepkalyha-zold-junor-3r-fatuzelesu-cserepkalyha-3-soros-fozo-lappal-6kw\\\/#breadcrumb\",\"itemListElement\":[{\"@type\":\"ListItem\",\"position\":1,\"name\":\"Kezd\u0151lap\",\"item\":\"https:\\\/\\\/esemineu.ro\\\/hu\\\/\"},{\"@type\":\"ListItem\",\"position\":2,\"name\":\"\u00c1ruh\u00e1z\",\"item\":\"https:\\\/\\\/esemineu.ro\\\/hu\\\/aruhaz\\\/\"},{\"@type\":\"ListItem\",\"position\":3,\"name\":\"Melegit\u0151 cser\u00e9pk\u00e1lyha Z\u00f6ld Junor 3R, Fat\u0171zel\u00e9s\u0171 cser\u00e9pk\u00e1lyha 3 soros F\u0151z\u0151 lappal, 6kW\"}]},{\"@type\":\"WebSite\",\"@id\":\"https:\\\/\\\/esemineu.ro\\\/hu\\\/#website\",\"url\":\"https:\\\/\\\/esemineu.ro\\\/hu\\\/\",\"name\":\"eSemineu\",\"description\":\"\u0218eminee de cea mai \u00eenalt\u0103 calitate\",\"potentialAction\":[{\"@type\":\"SearchAction\",\"target\":{\"@type\":\"EntryPoint\",\"urlTemplate\":\"https:\\\/\\\/esemineu.ro\\\/hu\\\/?s={search_term_string}\"},\"query-input\":{\"@type\":\"PropertyValueSpecification\",\"valueRequired\":true,\"valueName\":\"search_term_string\"}}],\"inLanguage\":\"hu\"}]}<\/script>\n<!-- \/ Yoast SEO Premium plugin. -->","yoast_head_json":{"title":"Melegit\u0151 cser\u00e9pk\u00e1lyha Z\u00f6ld Junor 3R, eSemineu.ro","description":"Melegit\u0151 cser\u00e9pk\u00e1lyha Z\u00f6ld Junor 3R egy kiv\u00e1l\u00f3 min\u0151s\u00e9g\u0171 \u00e9s hat\u00e9kony f\u0171t\u0151berendez\u00e9s, amely k\u00e9nyelmes \u00e9s meghitt atmoszf\u00e9r\u00e1t teremt otthon\u00e1ban. | eSemineu","robots":{"index":"index","follow":"follow","max-snippet":"max-snippet:-1","max-image-preview":"max-image-preview:large","max-video-preview":"max-video-preview:-1"},"canonical":"https:\/\/esemineu.ro\/hu\/termek\/melegito-cserepkalyha-zold-junor-3r-fatuzelesu-cserepkalyha-3-soros-fozo-lappal-6kw\/","og_locale":"hu_HU","og_type":"article","og_title":"Melegit\u0151 cser\u00e9pk\u00e1lyha Z\u00f6ld Junor 3R, eSemineu.ro","og_description":"Melegit\u0151 cser\u00e9pk\u00e1lyha Z\u00f6ld Junor 3R egy kiv\u00e1l\u00f3 min\u0151s\u00e9g\u0171 \u00e9s hat\u00e9kony f\u0171t\u0151berendez\u00e9s, amely k\u00e9nyelmes \u00e9s meghitt atmoszf\u00e9r\u00e1t teremt otthon\u00e1ban. | eSemineu","og_url":"https:\/\/esemineu.ro\/hu\/termek\/melegito-cserepkalyha-zold-junor-3r-fatuzelesu-cserepkalyha-3-soros-fozo-lappal-6kw\/","og_site_name":"eSemineu","article_publisher":"https:\/\/web.facebook.com\/eSemineu","article_modified_time":"2026-04-01T09:28:23+00:00","og_image":[{"width":1000,"height":1000,"url":"https:\/\/esemineu.ro\/wp-content\/uploads\/2023\/04\/3R-VERDE-JUNOR-FRONT-FR2.jpg","type":"image\/jpeg"}],"twitter_card":"summary_large_image","twitter_misc":{"Becs\u00fclt olvas\u00e1si id\u0151":"4 perc"},"schema":{"@context":"https:\/\/schema.org","@graph":[{"@type":"WebPage","@id":"https:\/\/esemineu.ro\/hu\/termek\/melegito-cserepkalyha-zold-junor-3r-fatuzelesu-cserepkalyha-3-soros-fozo-lappal-6kw\/","url":"https:\/\/esemineu.ro\/hu\/termek\/melegito-cserepkalyha-zold-junor-3r-fatuzelesu-cserepkalyha-3-soros-fozo-lappal-6kw\/","name":"Melegit\u0151 cser\u00e9pk\u00e1lyha Z\u00f6ld Junor 3R, eSemineu.ro","isPartOf":{"@id":"https:\/\/esemineu.ro\/hu\/#website"},"primaryImageOfPage":{"@id":"https:\/\/esemineu.ro\/hu\/termek\/melegito-cserepkalyha-zold-junor-3r-fatuzelesu-cserepkalyha-3-soros-fozo-lappal-6kw\/#primaryimage"},"image":{"@id":"https:\/\/esemineu.ro\/hu\/termek\/melegito-cserepkalyha-zold-junor-3r-fatuzelesu-cserepkalyha-3-soros-fozo-lappal-6kw\/#primaryimage"},"thumbnailUrl":"https:\/\/esemineu.ro\/wp-content\/uploads\/2023\/04\/3R-VERDE-JUNOR-FRONT-FR2.jpg","datePublished":"2023-04-15T03:36:34+00:00","dateModified":"2026-04-01T09:28:23+00:00","description":"Melegit\u0151 cser\u00e9pk\u00e1lyha Z\u00f6ld Junor 3R egy kiv\u00e1l\u00f3 min\u0151s\u00e9g\u0171 \u00e9s hat\u00e9kony f\u0171t\u0151berendez\u00e9s, amely k\u00e9nyelmes \u00e9s meghitt atmoszf\u00e9r\u00e1t teremt otthon\u00e1ban. | eSemineu","breadcrumb":{"@id":"https:\/\/esemineu.ro\/hu\/termek\/melegito-cserepkalyha-zold-junor-3r-fatuzelesu-cserepkalyha-3-soros-fozo-lappal-6kw\/#breadcrumb"},"inLanguage":"hu","potentialAction":[{"@type":"ReadAction","target":["https:\/\/esemineu.ro\/hu\/termek\/melegito-cserepkalyha-zold-junor-3r-fatuzelesu-cserepkalyha-3-soros-fozo-lappal-6kw\/"]}]},{"@type":"ImageObject","inLanguage":"hu","@id":"https:\/\/esemineu.ro\/hu\/termek\/melegito-cserepkalyha-zold-junor-3r-fatuzelesu-cserepkalyha-3-soros-fozo-lappal-6kw\/#primaryimage","url":"https:\/\/esemineu.ro\/wp-content\/uploads\/2023\/04\/3R-VERDE-JUNOR-FRONT-FR2.jpg","contentUrl":"https:\/\/esemineu.ro\/wp-content\/uploads\/2023\/04\/3R-VERDE-JUNOR-FRONT-FR2.jpg","width":1000,"height":1000,"caption":"Sob\u0103 teracot\u0103 Junor Verde 3R"},{"@type":"BreadcrumbList","@id":"https:\/\/esemineu.ro\/hu\/termek\/melegito-cserepkalyha-zold-junor-3r-fatuzelesu-cserepkalyha-3-soros-fozo-lappal-6kw\/#breadcrumb","itemListElement":[{"@type":"ListItem","position":1,"name":"Kezd\u0151lap","item":"https:\/\/esemineu.ro\/hu\/"},{"@type":"ListItem","position":2,"name":"\u00c1ruh\u00e1z","item":"https:\/\/esemineu.ro\/hu\/aruhaz\/"},{"@type":"ListItem","position":3,"name":"Melegit\u0151 cser\u00e9pk\u00e1lyha Z\u00f6ld Junor 3R, Fat\u0171zel\u00e9s\u0171 cser\u00e9pk\u00e1lyha 3 soros F\u0151z\u0151 lappal, 6kW"}]},{"@type":"WebSite","@id":"https:\/\/esemineu.ro\/hu\/#website","url":"https:\/\/esemineu.ro\/hu\/","name":"eSemineu","description":"\u0218eminee de cea mai \u00eenalt\u0103 calitate","potentialAction":[{"@type":"SearchAction","target":{"@type":"EntryPoint","urlTemplate":"https:\/\/esemineu.ro\/hu\/?s={search_term_string}"},"query-input":{"@type":"PropertyValueSpecification","valueRequired":true,"valueName":"search_term_string"}}],"inLanguage":"hu"}]}},"_links":{"self":[{"href":"https:\/\/esemineu.ro\/hu\/wp-json\/wp\/v2\/product\/4487","targetHints":{"allow":["GET"]}}],"collection":[{"href":"https:\/\/esemineu.ro\/hu\/wp-json\/wp\/v2\/product"}],"about":[{"href":"https:\/\/esemineu.ro\/hu\/wp-json\/wp\/v2\/types\/product"}],"replies":[{"embeddable":true,"href":"https:\/\/esemineu.ro\/hu\/wp-json\/wp\/v2\/comments?post=4487"}],"wp:featuredmedia":[{"embeddable":true,"href":"https:\/\/esemineu.ro\/hu\/wp-json\/wp\/v2\/media\/21597"}],"wp:attachment":[{"href":"https:\/\/esemineu.ro\/hu\/wp-json\/wp\/v2\/media?parent=4487"}],"wp:term":[{"taxonomy":"product_brand","embeddable":true,"href":"https:\/\/esemineu.ro\/hu\/wp-json\/wp\/v2\/product_brand?post=4487"},{"taxonomy":"product_cat","embeddable":true,"href":"https:\/\/esemineu.ro\/hu\/wp-json\/wp\/v2\/product_cat?post=4487"},{"taxonomy":"product_tag","embeddable":true,"href":"https:\/\/esemineu.ro\/hu\/wp-json\/wp\/v2\/product_tag?post=4487"}],"curies":[{"name":"wp","href":"https:\/\/api.w.org\/{rel}","templated":true}]}}