{"id":4483,"date":"2023-04-15T06:40:13","date_gmt":"2023-04-15T03:40:13","guid":{"rendered":"https:\/\/esemineu.ro\/product\/teracota-premium-cizma-mica-maro-auriu-de-incalzit-si-gatit-cu-usa-sticla-8kw\/"},"modified":"2023-08-28T17:42:20","modified_gmt":"2023-08-28T14:42:20","slug":"premium-aranybarna-kis-csiko-cserepkalyha-fatuzelesu-jobbos-balos-fust-kivezetessel-8kw","status":"publish","type":"product","link":"https:\/\/esemineu.ro\/hu\/termek\/premium-aranybarna-kis-csiko-cserepkalyha-fatuzelesu-jobbos-balos-fust-kivezetessel-8kw\/","title":{"rendered":"Pr\u00e9mium Aranybarna Kis Csik\u00f3 Cser\u00e9pk\u00e1lyha, Fat\u0171zel\u00e9s\u0171 jobbos\/balos f\u0171st kivezet\u00e9ssel, 8kW"},"content":{"rendered":"<p>Pr\u00e9mium Aranybarna Kis Csik\u00f3 Cser\u00e9pk\u00e1lyha ide\u00e1lis v\u00e1laszt\u00e1s az otthona meleg\u00e9nek biztos\u00edt\u00e1s\u00e1ra. A modern \u00e9s eleg\u00e1ns kivitelnek k\u00f6sz\u00f6nhet\u0151en nemcsak hat\u00e9kony f\u0171t\u00e9st ny\u00fajt, hanem egyar\u00e1nt sz\u00e9p d\u00edsze lesz otthon\u00e1nak.<\/p>\n<p>A cser\u00e9pk\u00e1lyha sz\u00edne aranybarna, ami melegs\u00e9get \u00e9s eleganci\u00e1t sug\u00e1roz a t\u00e9rben. Az ilyen sz\u00edn\u0171 k\u00e1lyh\u00e1k harmonikusan illeszkednek a klasszikus \u00e9s modern bels\u0151 terekbe egyar\u00e1nt. Az Aranybarna Kis Csik\u00f3 Cser\u00e9pk\u00e1lyha kiv\u00e1l\u00f3 v\u00e1laszt\u00e1s otthon\u00e1nak b\u00e1rmely r\u00e9sz\u00e9be.<\/p>\n<p>A k\u00e1lyha t\u00fczel\u0151anyaga sokoldal\u00fa, hiszen t\u0171zif\u00e1val \u00e9s brikettel is haszn\u00e1lhat\u00f3. A 120 mm-es f\u00fcstcs\u0151 m\u00e9ret pedig kiv\u00e1l\u00f3an alkalmas a hat\u00e9kony f\u00fcstelvezet\u00e9sre, ami garant\u00e1lja a k\u00e1lyha hat\u00e9konys\u00e1g\u00e1t \u00e9s k\u00f6rnyezetbar\u00e1t m\u0171k\u00f6d\u00e9s\u00e9t.<\/p>\n<p>Az \u0150nt\u0151tvas ajt\u00f3 h\u0151\u00e1ll\u00f3 \u00fcveggel rendk\u00edv\u00fcl praktikus, hiszen lehet\u0151v\u00e9 teszi az \u00e9g\u00e9si folyamat figyel\u00e9s\u00e9t. &#8211; Biztons\u00e1gosan elz\u00e1rja a f\u00fcst\u00f6t \u00e9s a k\u00e1lyh\u00e1ban keletkez\u0151 h\u0151t a helyis\u00e9gben. Az \u00f6ntv\u00e9ny f\u0151z\u0151lap pedig extra funkcionalit\u00e1st ad a k\u00e1lyh\u00e1nak, lehet\u0151v\u00e9 t\u00e9ve az \u00e9tel k\u00e9sz\u00edt\u00e9s\u00e9t \u00e9s melegen tart\u00e1s\u00e1t a hideg t\u00e9li est\u00e9ken.<\/p>\n<p>A bal \u00e9s jobb oldalon is elhelyezett f\u00fcstkivezet\u00e9s lehet\u0151v\u00e9 teszi a k\u00e1lyha optim\u00e1lis elhelyez\u00e9s\u00e9t a helyis\u00e9gben, \u00e9s a f\u00fcstelvezet\u00e9s ir\u00e1ny\u00e1nak szab\u00e1lyoz\u00e1s\u00e1t a k\u00e9nyelmes haszn\u00e1lat \u00e9rdek\u00e9ben.<\/p>\n<p>Az Pr\u00e9mium Aranybarna Kis Csik\u00f3 Cser\u00e9pk\u00e1lyha m\u00e9retei (86-88 cm hossz\u00fas\u00e1g\/sz\u00e9less\u00e9g, 530 mm m\u00e9lys\u00e9g \u00e9s 98-100 cm magass\u00e1g) lehet\u0151v\u00e9 teszik a k\u00e1lyha k\u00f6nny\u0171 elhelyez\u00e9s\u00e9t \u00e9s beilleszt\u00e9s\u00e9t a k\u00edv\u00e1nt helyis\u00e9gbe.<\/p>\n<p>A term\u00e9k hat\u00e9konys\u00e1ga 94%, ami azt jelenti, hogy rendk\u00edv\u00fcl gazdas\u00e1gos \u00e9s hat\u00e9konyan haszn\u00e1lja fel a t\u00fczel\u0151anyagb\u00f3l sz\u00e1rmaz\u00f3 h\u0151t, cs\u00f6kkentve a f\u0171t\u00e9si k\u00f6lts\u00e9geket \u00e9s a k\u00f6rnyezeti terhel\u00e9st.<\/p>\n<p>Az 8 kW-os teljes\u00edtm\u00e9nye elegend\u0151 ahhoz, hogy hat\u00e9konyan f\u0171tse a kiv\u00e1lasztott helyis\u00e9get, \u00e9s biztos\u00edtsa a kellemes h\u0151m\u00e9rs\u00e9kletet m\u00e9g a hidegebb napokon is.<\/p>\n<p>V\u00e1lassza a Pr\u00e9mium Aranybarna Kis Csik\u00f3 Cser\u00e9pk\u00e1lyh\u00e1t, \u00e9s \u00e9lvezze a hat\u00e9kony, k\u00f6rnyezetbar\u00e1t \u00e9s st\u00edlusos f\u0171t\u00e9st otthon\u00e1ban!<\/p>\n<p>Fontos megjegyezni, hogy a t\u0171zhely hullad\u00e9k \u00e9get\u00e9s\u00e9re nem alkalmas, kiz\u00e1r\u00f3lag f\u0171t\u00e9sre \u00e9s f\u0151z\u00e9sre haszn\u00e1lhat\u00f3. Az ilyen hullad\u00e9k \u00e9get\u00e9sekor a cser\u00e9pk\u00e1lyha f\u00fcstkivezet\u0151 ny\u00edl\u00e1sa k\u00f6nnyen elt\u00f6m\u0151dhet, ez\u00e9rt aj\u00e1nlott kiz\u00e1r\u00f3lag megfelel\u0151 anyagokat \u00e9getni benne.<\/p>\n<h6>Sz\u00e1ll\u00edt\u00e1si hat\u00e1rid\u0151:<\/h6>\n<ul>\n<li><strong>Magyarorsz\u00e1g \u00e9s az eg\u00e9sz Eur\u00f3pai Uni\u00f3 ter\u00fclet\u00e9n<\/strong>\u00a0is sz\u00e1ll\u00edtjuk.<\/li>\n<li>Rom\u00e1ni\u00e1ba 2-3 munkanap alatt sz\u00e1ll\u00edtjuk<\/li>\n<li>Magyarorsz\u00e1gra \u00e9s az EU ter\u00fclet\u00e9re az \u00e1tutal\u00e1s ut\u00e1n 5 munkanapon bel\u00fcl \u00e9rkezik meg a term\u00e9k.<\/li>\n<\/ul>\n<p>Ha b\u00e1rmilyen k\u00e9rd\u00e9se van, k\u00e9rj\u00fck, l\u00e9pjen kapcsolatba vel\u00fcnk.<\/p>\n<p>Tov\u00e1bbi aj\u00e1nlatok\u00e9rt kattintson\u00a0<a href=\"https:\/\/esemineu.ro\/hu\/termek-kategoria\/hordozhato-cserepkalyhak\/\">ide<\/a><\/p>\n<p>T\u0151bb inform\u00e1ci\u00f3\u00e9rt l\u00e1togasson el\u00a0<a href=\"https:\/\/www.youtube.com\/@esemineuromania\">YouTube<\/a>-csatorn\u00e1nkra, valamint\u00a0<a href=\"https:\/\/www.facebook.com\/eSemineu\">Facebook<\/a>\u00a0\u00e9s\u00a0<a href=\"https:\/\/www.instagram.com\/esemineu\/\">Instagram<\/a>\u00a0oldalainkra.<\/p>\n<p><a href=\"https:\/\/esemineu.ro\/\">eSemineu.ro<\/a>\u00a0 \u00a0Te rakod a t\u0171zet, mi adjuk a meleget!<\/p>\n","protected":false},"excerpt":{"rendered":"<p>Pr\u00e9mium Aranybarna Kis Csik\u00f3 Cser\u00e9pk\u00e1lyha ide\u00e1lis v\u00e1laszt\u00e1s az otthona meleg\u00e9nek biztos\u00edt\u00e1s\u00e1ra. A modern \u00e9s eleg\u00e1ns kivitelnek k\u00f6sz\u00f6nhet\u0151en nemcsak hat\u00e9kony f\u0171t\u00e9st ny\u00fajt, hanem egyar\u00e1nt sz\u00e9p d\u00edsze lesz otthon\u00e1nak. A cser\u00e9pk\u00e1lyha sz\u00edne aranybarna, ami melegs\u00e9get \u00e9s eleganci\u00e1t sug\u00e1roz a t\u00e9rben. Az ilyen sz\u00edn\u0171 k\u00e1lyh\u00e1k harmonikusan illeszkednek a klasszikus \u00e9s modern bels\u0151 terekbe egyar\u00e1nt. Az Aranybarna Kis Csik\u00f3 Cser\u00e9pk\u00e1lyha kiv\u00e1l\u00f3 v\u00e1laszt\u00e1s otthon\u00e1nak b\u00e1rmely r\u00e9sz\u00e9be. A k\u00e1lyha t\u00fczel\u0151anyaga sokoldal\u00fa, hiszen t\u0171zif\u00e1val \u00e9s brikettel is haszn\u00e1lhat\u00f3. A 120 mm-es f\u00fcstcs\u0151 m\u00e9ret pedig kiv\u00e1l\u00f3an alkalmas a hat\u00e9kony f\u00fcstelvezet\u00e9sre, ami garant\u00e1lja a k\u00e1lyha hat\u00e9konys\u00e1g\u00e1t \u00e9s k\u00f6rnyezetbar\u00e1t m\u0171k\u00f6d\u00e9s\u00e9t. Az \u0150nt\u0151tvas ajt\u00f3 h\u0151\u00e1ll\u00f3 \u00fcveggel rendk\u00edv\u00fcl praktikus, hiszen lehet\u0151v\u00e9 teszi az \u00e9g\u00e9si folyamat figyel\u00e9s\u00e9t. &#8211; Biztons\u00e1gosan elz\u00e1rja a f\u00fcst\u00f6t \u00e9s a k\u00e1lyh\u00e1ban keletkez\u0151 h\u0151t a helyis\u00e9gben. Az \u00f6ntv\u00e9ny f\u0151z\u0151lap pedig extra funkcionalit\u00e1st ad a k\u00e1lyh\u00e1nak, lehet\u0151v\u00e9 t\u00e9ve az \u00e9tel k\u00e9sz\u00edt\u00e9s\u00e9t \u00e9s melegen tart\u00e1s\u00e1t a hideg t\u00e9li est\u00e9ken. A bal \u00e9s jobb oldalon is elhelyezett f\u00fcstkivezet\u00e9s lehet\u0151v\u00e9 teszi a k\u00e1lyha optim\u00e1lis &hellip; <a href=\"https:\/\/esemineu.ro\/hu\/termek\/premium-aranybarna-kis-csiko-cserepkalyha-fatuzelesu-jobbos-balos-fust-kivezetessel-8kw\/\">Folytatva<\/a><\/p>\n","protected":false},"featured_media":22258,"comment_status":"open","ping_status":"closed","template":"","meta":[],"product_brand":[706],"product_cat":[1678,729],"product_tag":[],"class_list":{"0":"post-4483","1":"product","2":"type-product","3":"status-publish","4":"has-post-thumbnail","6":"product_brand-esemineu-premium","7":"product_cat-csiko","8":"product_cat-hordozhato-cserepkalyhak","9":"product_shipping_class-csempekalyhak","10":"pa_combustibil-utilizat-brikett","11":"pa_combustibil-utilizat-tuzifa-hu","12":"pa_culoare-aranybarna","13":"pa_diametru-racordului-la-cos-120-mm-hu","14":"pa_evacuare-fum-bal","15":"pa_evacuare-fum-jobb","16":"pa_material-teracota-hu","17":"pa_material-ontotvas-ajto-hoallo-uveggel","18":"pa_material-ontveny-fozolap","19":"pa_model-csiko-hu","20":"pa_putere-8-kw-hu","21":"pa_randament-94-hu","22":"pa_suprafata-incalzita-mp-38-45-hu","23":"producer-teramix","25":"first","26":"outofstock","27":"shipping-taxable","28":"purchasable","29":"product-type-variable"},"acf":[],"yoast_head":"<!-- This site is optimized with the Yoast SEO Premium plugin v21.0 (Yoast SEO v27.3) - https:\/\/yoast.com\/product\/yoast-seo-premium-wordpress\/ -->\n<title>Pr\u00e9mium Aranybarna Kis Csik\u00f3 Cser\u00e9pk\u00e1lyha | eSemineu.ro<\/title>\n<meta name=\"description\" content=\"Pr\u00e9mium Aranybarna Kis Csik\u00f3 Cser\u00e9pk\u00e1lyha, fa t\u00fczel\u00e9s\u0171 k\u00e1lyha h\u0151\u00e1ll\u00f3 \u00fcveggel. T\u0151bb aj\u00e1nlat\u00e9rt keresse a hordozhato-cser\u00e9pk\u00e1lyha kategori\u00e1t.\" \/>\n<meta name=\"robots\" content=\"index, follow, max-snippet:-1, max-image-preview:large, max-video-preview:-1\" \/>\n<link rel=\"canonical\" href=\"https:\/\/esemineu.ro\/hu\/termek\/premium-aranybarna-kis-csiko-cserepkalyha-fatuzelesu-jobbos-balos-fust-kivezetessel-8kw\/\" \/>\n<meta property=\"og:locale\" content=\"hu_HU\" \/>\n<meta property=\"og:type\" content=\"article\" \/>\n<meta property=\"og:title\" content=\"Pr\u00e9mium Aranybarna Kis Csik\u00f3 Cser\u00e9pk\u00e1lyha | eSemineu.ro\" \/>\n<meta property=\"og:description\" content=\"Pr\u00e9mium Aranybarna Kis Csik\u00f3 Cser\u00e9pk\u00e1lyha, fa t\u00fczel\u00e9s\u0171 k\u00e1lyha h\u0151\u00e1ll\u00f3 \u00fcveggel. T\u0151bb aj\u00e1nlat\u00e9rt keresse a hordozhato-cser\u00e9pk\u00e1lyha kategori\u00e1t.\" \/>\n<meta property=\"og:url\" content=\"https:\/\/esemineu.ro\/hu\/termek\/premium-aranybarna-kis-csiko-cserepkalyha-fatuzelesu-jobbos-balos-fust-kivezetessel-8kw\/\" \/>\n<meta property=\"og:site_name\" content=\"eSemineu\" \/>\n<meta property=\"article:publisher\" content=\"https:\/\/web.facebook.com\/eSemineu\" \/>\n<meta property=\"article:modified_time\" content=\"2023-08-28T14:42:20+00:00\" \/>\n<meta property=\"og:image\" content=\"https:\/\/esemineu.ro\/wp-content\/uploads\/2023\/04\/CIZMA-MICA-TM-MARO-AURIU-LANDING-FR.jpg\" \/>\n\t<meta property=\"og:image:width\" content=\"1000\" \/>\n\t<meta property=\"og:image:height\" content=\"1000\" \/>\n\t<meta property=\"og:image:type\" content=\"image\/jpeg\" \/>\n<meta name=\"twitter:card\" content=\"summary_large_image\" \/>\n<meta name=\"twitter:label1\" content=\"Becs\u00fclt olvas\u00e1si id\u0151\" \/>\n\t<meta name=\"twitter:data1\" content=\"4 perc\" \/>\n<script type=\"application\/ld+json\" class=\"yoast-schema-graph\">{\"@context\":\"https:\\\/\\\/schema.org\",\"@graph\":[{\"@type\":\"WebPage\",\"@id\":\"https:\\\/\\\/esemineu.ro\\\/hu\\\/termek\\\/premium-aranybarna-kis-csiko-cserepkalyha-fatuzelesu-jobbos-balos-fust-kivezetessel-8kw\\\/\",\"url\":\"https:\\\/\\\/esemineu.ro\\\/hu\\\/termek\\\/premium-aranybarna-kis-csiko-cserepkalyha-fatuzelesu-jobbos-balos-fust-kivezetessel-8kw\\\/\",\"name\":\"Pr\u00e9mium Aranybarna Kis Csik\u00f3 Cser\u00e9pk\u00e1lyha | eSemineu.ro\",\"isPartOf\":{\"@id\":\"https:\\\/\\\/esemineu.ro\\\/hu\\\/#website\"},\"primaryImageOfPage\":{\"@id\":\"https:\\\/\\\/esemineu.ro\\\/hu\\\/termek\\\/premium-aranybarna-kis-csiko-cserepkalyha-fatuzelesu-jobbos-balos-fust-kivezetessel-8kw\\\/#primaryimage\"},\"image\":{\"@id\":\"https:\\\/\\\/esemineu.ro\\\/hu\\\/termek\\\/premium-aranybarna-kis-csiko-cserepkalyha-fatuzelesu-jobbos-balos-fust-kivezetessel-8kw\\\/#primaryimage\"},\"thumbnailUrl\":\"https:\\\/\\\/esemineu.ro\\\/wp-content\\\/uploads\\\/2023\\\/04\\\/CIZMA-MICA-TM-MARO-AURIU-LANDING-FR.jpg\",\"datePublished\":\"2023-04-15T03:40:13+00:00\",\"dateModified\":\"2023-08-28T14:42:20+00:00\",\"description\":\"Pr\u00e9mium Aranybarna Kis Csik\u00f3 Cser\u00e9pk\u00e1lyha, fa t\u00fczel\u00e9s\u0171 k\u00e1lyha h\u0151\u00e1ll\u00f3 \u00fcveggel. T\u0151bb aj\u00e1nlat\u00e9rt keresse a hordozhato-cser\u00e9pk\u00e1lyha kategori\u00e1t.\",\"breadcrumb\":{\"@id\":\"https:\\\/\\\/esemineu.ro\\\/hu\\\/termek\\\/premium-aranybarna-kis-csiko-cserepkalyha-fatuzelesu-jobbos-balos-fust-kivezetessel-8kw\\\/#breadcrumb\"},\"inLanguage\":\"hu\",\"potentialAction\":[{\"@type\":\"ReadAction\",\"target\":[\"https:\\\/\\\/esemineu.ro\\\/hu\\\/termek\\\/premium-aranybarna-kis-csiko-cserepkalyha-fatuzelesu-jobbos-balos-fust-kivezetessel-8kw\\\/\"]}]},{\"@type\":\"ImageObject\",\"inLanguage\":\"hu\",\"@id\":\"https:\\\/\\\/esemineu.ro\\\/hu\\\/termek\\\/premium-aranybarna-kis-csiko-cserepkalyha-fatuzelesu-jobbos-balos-fust-kivezetessel-8kw\\\/#primaryimage\",\"url\":\"https:\\\/\\\/esemineu.ro\\\/wp-content\\\/uploads\\\/2023\\\/04\\\/CIZMA-MICA-TM-MARO-AURIU-LANDING-FR.jpg\",\"contentUrl\":\"https:\\\/\\\/esemineu.ro\\\/wp-content\\\/uploads\\\/2023\\\/04\\\/CIZMA-MICA-TM-MARO-AURIU-LANDING-FR.jpg\",\"width\":1000,\"height\":1000,\"caption\":\"Teracot\u0103 Premium cizm\u0103 mic\u0103 Maro\\\/Auriu\"},{\"@type\":\"BreadcrumbList\",\"@id\":\"https:\\\/\\\/esemineu.ro\\\/hu\\\/termek\\\/premium-aranybarna-kis-csiko-cserepkalyha-fatuzelesu-jobbos-balos-fust-kivezetessel-8kw\\\/#breadcrumb\",\"itemListElement\":[{\"@type\":\"ListItem\",\"position\":1,\"name\":\"Kezd\u0151lap\",\"item\":\"https:\\\/\\\/esemineu.ro\\\/hu\\\/\"},{\"@type\":\"ListItem\",\"position\":2,\"name\":\"\u00c1ruh\u00e1z\",\"item\":\"https:\\\/\\\/esemineu.ro\\\/hu\\\/aruhaz\\\/\"},{\"@type\":\"ListItem\",\"position\":3,\"name\":\"Pr\u00e9mium Aranybarna Kis Csik\u00f3 Cser\u00e9pk\u00e1lyha, Fat\u0171zel\u00e9s\u0171 jobbos\\\/balos f\u0171st kivezet\u00e9ssel, 8kW\"}]},{\"@type\":\"WebSite\",\"@id\":\"https:\\\/\\\/esemineu.ro\\\/hu\\\/#website\",\"url\":\"https:\\\/\\\/esemineu.ro\\\/hu\\\/\",\"name\":\"eSemineu\",\"description\":\"\u0218eminee de cea mai \u00eenalt\u0103 calitate\",\"potentialAction\":[{\"@type\":\"SearchAction\",\"target\":{\"@type\":\"EntryPoint\",\"urlTemplate\":\"https:\\\/\\\/esemineu.ro\\\/hu\\\/?s={search_term_string}\"},\"query-input\":{\"@type\":\"PropertyValueSpecification\",\"valueRequired\":true,\"valueName\":\"search_term_string\"}}],\"inLanguage\":\"hu\"}]}<\/script>\n<!-- \/ Yoast SEO Premium plugin. -->","yoast_head_json":{"title":"Pr\u00e9mium Aranybarna Kis Csik\u00f3 Cser\u00e9pk\u00e1lyha | eSemineu.ro","description":"Pr\u00e9mium Aranybarna Kis Csik\u00f3 Cser\u00e9pk\u00e1lyha, fa t\u00fczel\u00e9s\u0171 k\u00e1lyha h\u0151\u00e1ll\u00f3 \u00fcveggel. T\u0151bb aj\u00e1nlat\u00e9rt keresse a hordozhato-cser\u00e9pk\u00e1lyha kategori\u00e1t.","robots":{"index":"index","follow":"follow","max-snippet":"max-snippet:-1","max-image-preview":"max-image-preview:large","max-video-preview":"max-video-preview:-1"},"canonical":"https:\/\/esemineu.ro\/hu\/termek\/premium-aranybarna-kis-csiko-cserepkalyha-fatuzelesu-jobbos-balos-fust-kivezetessel-8kw\/","og_locale":"hu_HU","og_type":"article","og_title":"Pr\u00e9mium Aranybarna Kis Csik\u00f3 Cser\u00e9pk\u00e1lyha | eSemineu.ro","og_description":"Pr\u00e9mium Aranybarna Kis Csik\u00f3 Cser\u00e9pk\u00e1lyha, fa t\u00fczel\u00e9s\u0171 k\u00e1lyha h\u0151\u00e1ll\u00f3 \u00fcveggel. T\u0151bb aj\u00e1nlat\u00e9rt keresse a hordozhato-cser\u00e9pk\u00e1lyha kategori\u00e1t.","og_url":"https:\/\/esemineu.ro\/hu\/termek\/premium-aranybarna-kis-csiko-cserepkalyha-fatuzelesu-jobbos-balos-fust-kivezetessel-8kw\/","og_site_name":"eSemineu","article_publisher":"https:\/\/web.facebook.com\/eSemineu","article_modified_time":"2023-08-28T14:42:20+00:00","og_image":[{"width":1000,"height":1000,"url":"https:\/\/esemineu.ro\/wp-content\/uploads\/2023\/04\/CIZMA-MICA-TM-MARO-AURIU-LANDING-FR.jpg","type":"image\/jpeg"}],"twitter_card":"summary_large_image","twitter_misc":{"Becs\u00fclt olvas\u00e1si id\u0151":"4 perc"},"schema":{"@context":"https:\/\/schema.org","@graph":[{"@type":"WebPage","@id":"https:\/\/esemineu.ro\/hu\/termek\/premium-aranybarna-kis-csiko-cserepkalyha-fatuzelesu-jobbos-balos-fust-kivezetessel-8kw\/","url":"https:\/\/esemineu.ro\/hu\/termek\/premium-aranybarna-kis-csiko-cserepkalyha-fatuzelesu-jobbos-balos-fust-kivezetessel-8kw\/","name":"Pr\u00e9mium Aranybarna Kis Csik\u00f3 Cser\u00e9pk\u00e1lyha | eSemineu.ro","isPartOf":{"@id":"https:\/\/esemineu.ro\/hu\/#website"},"primaryImageOfPage":{"@id":"https:\/\/esemineu.ro\/hu\/termek\/premium-aranybarna-kis-csiko-cserepkalyha-fatuzelesu-jobbos-balos-fust-kivezetessel-8kw\/#primaryimage"},"image":{"@id":"https:\/\/esemineu.ro\/hu\/termek\/premium-aranybarna-kis-csiko-cserepkalyha-fatuzelesu-jobbos-balos-fust-kivezetessel-8kw\/#primaryimage"},"thumbnailUrl":"https:\/\/esemineu.ro\/wp-content\/uploads\/2023\/04\/CIZMA-MICA-TM-MARO-AURIU-LANDING-FR.jpg","datePublished":"2023-04-15T03:40:13+00:00","dateModified":"2023-08-28T14:42:20+00:00","description":"Pr\u00e9mium Aranybarna Kis Csik\u00f3 Cser\u00e9pk\u00e1lyha, fa t\u00fczel\u00e9s\u0171 k\u00e1lyha h\u0151\u00e1ll\u00f3 \u00fcveggel. T\u0151bb aj\u00e1nlat\u00e9rt keresse a hordozhato-cser\u00e9pk\u00e1lyha kategori\u00e1t.","breadcrumb":{"@id":"https:\/\/esemineu.ro\/hu\/termek\/premium-aranybarna-kis-csiko-cserepkalyha-fatuzelesu-jobbos-balos-fust-kivezetessel-8kw\/#breadcrumb"},"inLanguage":"hu","potentialAction":[{"@type":"ReadAction","target":["https:\/\/esemineu.ro\/hu\/termek\/premium-aranybarna-kis-csiko-cserepkalyha-fatuzelesu-jobbos-balos-fust-kivezetessel-8kw\/"]}]},{"@type":"ImageObject","inLanguage":"hu","@id":"https:\/\/esemineu.ro\/hu\/termek\/premium-aranybarna-kis-csiko-cserepkalyha-fatuzelesu-jobbos-balos-fust-kivezetessel-8kw\/#primaryimage","url":"https:\/\/esemineu.ro\/wp-content\/uploads\/2023\/04\/CIZMA-MICA-TM-MARO-AURIU-LANDING-FR.jpg","contentUrl":"https:\/\/esemineu.ro\/wp-content\/uploads\/2023\/04\/CIZMA-MICA-TM-MARO-AURIU-LANDING-FR.jpg","width":1000,"height":1000,"caption":"Teracot\u0103 Premium cizm\u0103 mic\u0103 Maro\/Auriu"},{"@type":"BreadcrumbList","@id":"https:\/\/esemineu.ro\/hu\/termek\/premium-aranybarna-kis-csiko-cserepkalyha-fatuzelesu-jobbos-balos-fust-kivezetessel-8kw\/#breadcrumb","itemListElement":[{"@type":"ListItem","position":1,"name":"Kezd\u0151lap","item":"https:\/\/esemineu.ro\/hu\/"},{"@type":"ListItem","position":2,"name":"\u00c1ruh\u00e1z","item":"https:\/\/esemineu.ro\/hu\/aruhaz\/"},{"@type":"ListItem","position":3,"name":"Pr\u00e9mium Aranybarna Kis Csik\u00f3 Cser\u00e9pk\u00e1lyha, Fat\u0171zel\u00e9s\u0171 jobbos\/balos f\u0171st kivezet\u00e9ssel, 8kW"}]},{"@type":"WebSite","@id":"https:\/\/esemineu.ro\/hu\/#website","url":"https:\/\/esemineu.ro\/hu\/","name":"eSemineu","description":"\u0218eminee de cea mai \u00eenalt\u0103 calitate","potentialAction":[{"@type":"SearchAction","target":{"@type":"EntryPoint","urlTemplate":"https:\/\/esemineu.ro\/hu\/?s={search_term_string}"},"query-input":{"@type":"PropertyValueSpecification","valueRequired":true,"valueName":"search_term_string"}}],"inLanguage":"hu"}]}},"_links":{"self":[{"href":"https:\/\/esemineu.ro\/hu\/wp-json\/wp\/v2\/product\/4483","targetHints":{"allow":["GET"]}}],"collection":[{"href":"https:\/\/esemineu.ro\/hu\/wp-json\/wp\/v2\/product"}],"about":[{"href":"https:\/\/esemineu.ro\/hu\/wp-json\/wp\/v2\/types\/product"}],"replies":[{"embeddable":true,"href":"https:\/\/esemineu.ro\/hu\/wp-json\/wp\/v2\/comments?post=4483"}],"wp:featuredmedia":[{"embeddable":true,"href":"https:\/\/esemineu.ro\/hu\/wp-json\/wp\/v2\/media\/22258"}],"wp:attachment":[{"href":"https:\/\/esemineu.ro\/hu\/wp-json\/wp\/v2\/media?parent=4483"}],"wp:term":[{"taxonomy":"product_brand","embeddable":true,"href":"https:\/\/esemineu.ro\/hu\/wp-json\/wp\/v2\/product_brand?post=4483"},{"taxonomy":"product_cat","embeddable":true,"href":"https:\/\/esemineu.ro\/hu\/wp-json\/wp\/v2\/product_cat?post=4483"},{"taxonomy":"product_tag","embeddable":true,"href":"https:\/\/esemineu.ro\/hu\/wp-json\/wp\/v2\/product_tag?post=4483"}],"curies":[{"name":"wp","href":"https:\/\/api.w.org\/{rel}","templated":true}]}}