{"id":4477,"date":"2023-05-17T09:50:11","date_gmt":"2023-05-17T06:50:11","guid":{"rendered":"https:\/\/esemineu.ro\/product\/soba-teracota-crem-cu-plita-4r-usa-focar-sticla-7kw\/"},"modified":"2026-04-02T13:13:39","modified_gmt":"2026-04-02T10:13:39","slug":"melegito-cserepkalyha-natur-barna-morano-4r-fatuzelesu-cserepkalyha-4-soros-fozolappal-8kw","status":"publish","type":"product","link":"https:\/\/esemineu.ro\/hu\/termek\/melegito-cserepkalyha-natur-barna-morano-4r-fatuzelesu-cserepkalyha-4-soros-fozolappal-8kw\/","title":{"rendered":"Melegit\u0151 cser\u00e9pk\u00e1lyha Natur\/Barna Morano 4R, Fat\u00fczel\u00e9s\u0171 cser\u00e9pk\u00e1lyha 4 soros f\u0151z\u0151lappal, 8kW"},"content":{"rendered":"<div class=\"group final-completion w-full text-token-text-primary border-b border-black\/10 gizmo:border-0 dark:border-gray-900\/50 gizmo:dark:border-0 bg-gray-50 gizmo:bg-transparent dark:bg-[#444654] gizmo:dark:bg-transparent\" data-testid=\"conversation-turn-507\">\n<div class=\"p-4 justify-center text-base md:gap-6 md:py-6 m-auto\">\n<div class=\"flex flex-1 gap-4 text-base mx-auto md:gap-6 gizmo:gap-3 gizmo:md:px-5 gizmo:lg:px-1 gizmo:xl:px-5 md:max-w-2xl lg:max-w-[38rem] gizmo:md:max-w-3xl gizmo:lg:max-w-[40rem] gizmo:xl:max-w-[48rem] xl:max-w-3xl }\">\n<div class=\"relative flex w-[calc(100%-50px)] flex-col gizmo:w-full lg:w-[calc(100%-115px)] agent-turn\">\n<div class=\"flex-col gap-1 md:gap-3\">\n<div class=\"flex flex-grow flex-col gap-3 max-w-full\">\n<div class=\"min-h-[20px] flex flex-col items-start gap-3 whitespace-pre-wrap break-words overflow-x-auto\">\n<div class=\"markdown prose w-full break-words dark:prose-invert light\">\n<p>Melegit\u0151 cser\u00e9pk\u00e1lyha Natur\/Barna Morano 4R<\/p>\n<p>Fedezze fel az <strong>eSemineu Premium cserepk\u00e1lyha<\/strong> leg\u00fajabb modellj\u00e9t, a <strong>Melegit\u0151 cser\u00e9pk\u00e1lyha Natur\/Barna Morano 4R<\/strong>-t, amely t\u00f6k\u00e9letes v\u00e1laszt\u00e1s minden modern \u00e9s hagyom\u00e1nyos otthon sz\u00e1m\u00e1ra. Ez a <strong>Fat\u00fczel\u00e9s\u0171 cser\u00e9pk\u00e1lyha 4 soros f\u0151z\u0151lappal<\/strong> nemcsak meleget biztos\u00edt, hanem f\u0151z\u00e9si lehet\u0151s\u00e9get is k\u00edn\u00e1l, ide\u00e1lis minden csal\u00e1d sz\u00e1m\u00e1ra. A <strong>8kW<\/strong> teljes\u00edtm\u00e9ny\u0171 k\u00e1lyha kiv\u00e1l\u00f3an alkalmas k\u00f6zepes m\u00e9ret\u0171 helyis\u00e9gek f\u0171t\u00e9s\u00e9re.<\/p>\n<p>Az eleg\u00e1ns <strong>Naturbarna<\/strong> sz\u00edn \u00e9s az <strong>\u00f6ntv\u00e9ny ajt\u00f3k<\/strong>, valamint <strong>\u00f6ntv\u00e9ny l\u00e1bak<\/strong> biztos\u00edtj\u00e1k a tart\u00f3ss\u00e1got \u00e9s a st\u00edlusos megjelen\u00e9st. A <strong>Samott lapokkal belelt cserepk\u00e1lyha<\/strong> jav\u00edtja a h\u0151t\u00e1rol\u00e1si k\u00e9pess\u00e9get, \u00edgy a meleg sok\u00e1ig \u00e9rezhet\u0151 marad, m\u00e9g a t\u00fczel\u00e9s befejezte ut\u00e1n is. A k\u00e1lyha <strong>120 mm<\/strong> \u00e1tm\u00e9r\u0151j\u0171 k\u00e9m\u00e9nycsatlakoz\u00e1sa univerz\u00e1lis, \u00edgy k\u00f6nnyen integr\u00e1lhat\u00f3 a legt\u00f6bb k\u00e9m\u00e9nyrendszerbe.<\/p>\n<p>Ez a <strong>hordozhato cserepkalyha<\/strong> k\u00fcl\u00f6n\u00f6sen praktikus, mivel k\u00f6nnyen mozgathat\u00f3 egyik helyis\u00e9gb\u0151l a m\u00e1sikba. F\u0171ts\u00f6n brikettel vagy f\u00e1val, hiszen a <strong>Felhaszn\u00e1lt t\u00fczel\u0151anyag<\/strong> opci\u00f3k k\u00f6z\u00f6tt mindkett\u0151 megtal\u00e1lhat\u00f3. A <strong>4 soros fozolappal ellatott cserepkalyha<\/strong> lehet\u0151v\u00e9 teszi, hogy a f\u0171t\u00e9s mellett egyszerre t\u00f6bb \u00e9telt is meleg\u00edthessen vagy f\u0151zhessen.<\/p>\n<p>Az <strong>eSemineu.ro<\/strong> weboldalon k\u00edn\u00e1lt <strong>Melegit\u0151 cser\u00e9pk\u00e1lyha Natur\/Barna Morano 4R<\/strong> nem csak egy f\u0171t\u0151eszk\u00f6z, hanem egy multifunkcion\u00e1lis k\u00e9sz\u00fcl\u00e9k, amely meghitts\u00e9get \u00e9s k\u00e9nyelmet visz otthon\u00e1ba. B\u00e1tran v\u00e1lassza ezt a k\u00e1lyh\u00e1t, ha egy megb\u00edzhat\u00f3, energiatakar\u00e9kos \u00e9s eszt\u00e9tikailag is vonz\u00f3 megold\u00e1st keres otthona sz\u00e1m\u00e1ra. Tegye otthon\u00e1t melegebb\u00e9 \u00e9s vend\u00e9gszeret\u0151bb\u00e9 ezzel a kiv\u00e9teles cserepk\u00e1lyh\u00e1val!<\/p>\n<h4>Aj\u00e1nl\u00e1s a maxim\u00e1lis hat\u00e1sfok el\u00e9r\u00e9s\u00e9hez:<\/h4>\n<p>Az \u00e9g\u00e9s sor\u00e1n aj\u00e1nljuk, hogy tartsa az hamuz\u00f3 ajtaj\u00e1t legal\u00e1bb egy ujjnyira nyitva, hogy legyen megfelel\u0151 huzat. Miut\u00e1n a t\u0171z lelohadt, z\u00e1rja be az hamuz\u00f3t, hogy ne \u00e1ramoljon leveg\u0151 a k\u00e1lyh\u00e1ba \u00e9s a h\u0151 min\u00e9l hosszabb ideig megmaradjon. Ez el\u0151seg\u00edti az \u00e9g\u00e9si folyamat hat\u00e9konys\u00e1g\u00e1t \u00e9s a h\u0151m\u00e9rs\u00e9klet hosszabb ideig t\u00f6rt\u00e9n\u0151 fenntart\u00e1s\u00e1t. A szamot b\u00e9l\u00e9s seg\u00edts\u00e9g\u00e9vel, ha sz\u00e1raz f\u00e1t haszn\u00e1l, a t\u0171zt\u00e9r ajtaj\u00e1nak \u00fcvege tiszta marad. Az els\u0151 n\u00e9h\u00e1ny t\u0171zn\u00e9l ne f\u0171ts\u00f6n intenz\u00edven \u00e9s meleg\u00edtse fel a k\u00e1lyh\u00e1t fokozatosan. K\u00e9t t\u0171z ut\u00e1n kezd melegedni a szamot b\u00e9l\u00e9s \u00e9s a cser\u00e9pk\u00e1lyha, amelyek ezut\u00e1n kezdik sug\u00e1rozni a h\u0151t. A k\u00e9m\u00e9ny (f\u0171stelvezet\u0151 cs\u0151) hossz\u00e1nak legal\u00e1bb 5 m\u00e9ternek kell lennie, \u00e9s a k\u00e9m\u00e9nybe t\u00f6rt\u00e9n\u0151 kivezet\u00e9s vastags\u00e1g\u00e1nak 150 mm-nek kell lennie. L\u00e1sd a k\u00e9m\u00e9ny telep\u00edt\u00e9si utas\u00edt\u00e1sait a garancialev\u00e9l h\u00e1toldal\u00e1n.<\/p>\n<h4>Ne \u00e9gessen!<\/h4>\n<p>H\u00e1ztart\u00e1si hullad\u00e9kot, ragasztott vagy festett falemezt, forg\u00e1cslapot vagy egy\u00e9b fapartikul\u00e1kat tartalmaz\u00f3 lapokat, vagy m\u00e1s, mesters\u00e9ges k\u00e9miai kever\u00e9keket tartalmaz\u00f3 hullad\u00e9kokat, mivel a m\u00e9rgek nem \u00e9gnek el, csak megv\u00e1ltoztatj\u00e1k form\u00e1jukat, \u00e9s amikor a l\u00e9gk\u00f6rbe ker\u00fclnek, kisz\u00e1m\u00edthatatlan k\u00f6vetkezm\u00e9nyekhez vezethetnek. A cser\u00e9pk\u00e1lyha egy f\u0171t\u0151berendez\u00e9s. Ha hullad\u00e9kot \u00e9get a k\u00e1lyh\u00e1ban, elt\u00f6m\u0151dhet a cser\u00e9pk\u00e1lyha f\u00fcstelvezet\u0151 ny\u00edl\u00e1sa.<\/p>\n<h4>Figyelmeztet\u00e9s!<\/h4>\n<p>Minden kaz\u00e1nt, kandall\u00f3t \u00e9s t\u0171zhelyet a k\u00e9m\u00e9nysepr\u0151nek kell j\u00f3v\u00e1hagynia, amikor azokat csatlakoztatj\u00e1k. Ez t\u00f6rv\u00e9nyileg k\u00f6telez\u0151, ellenkez\u0151 esetben a term\u00e9kre semmilyen garancia nem vonatkozik:<\/p>\n<p>\u2022 A 2012-es XC. EU torv\u00e9ny a k\u00f6zszolg\u00e1lati k\u00e9m\u00e9nysepr\u00e9sr\u0151l \u00e9s a (XII.11) BM rendelet kimondja, hogy egy \u00e9g\u0151berendez\u00e9s k\u00e9m\u00e9nyhez t\u00f6rt\u00e9n\u0151 csatlakoztat\u00e1s\u00e1t a k\u00e9m\u00e9nysepr\u0151nek kell j\u00f3v\u00e1hagynia.<\/p>\n<p>\u2022 Az ipari k\u00e9m\u00e9nytiszt\u00edt\u00e1s nyilatkozata nem helyettes\u00edti a k\u00f6zszolg\u00e1lati k\u00e9m\u00e9nysepr\u0151 igazol\u00e1s\u00e1t.<\/p>\n<h4>Meleg\u00edt\u0151 4 soros cser\u00e9pk\u00e1lyha f\u0151z\u0151lappa sz\u00e1ll\u00edt\u00e1si hat\u00e1rid\u0151:<\/h4>\n<ul>\n<li><strong>Magyarorsz\u00e1g \u00e9s az eg\u00e9sz Eur\u00f3pai Uni\u00f3 ter\u00fclet\u00e9n<\/strong>\u00a0is sz\u00e1ll\u00edtjuk.<\/li>\n<li>Rom\u00e1ni\u00e1ba 2-3 munkanap alatt sz\u00e1ll\u00edtjuk<\/li>\n<li>Magyarorsz\u00e1gra \u00e9s az EU ter\u00fclet\u00e9re az \u00e1tutal\u00e1s ut\u00e1n 5 munkanapon bel\u00fcl \u00e9rkezik meg a term\u00e9k.<\/li>\n<\/ul>\n<p>Ha b\u00e1rmilyen k\u00e9rd\u00e9se van, k\u00e9rj\u00fck, l\u00e9pjen kapcsolatba vel\u00fcnk.<\/p>\n<p>Tov\u00e1bbi aj\u00e1nlatok\u00e9rt kattintson\u00a0<a href=\"https:\/\/esemineu.ro\/hu\/termek-kategoria\/hordozhato-cserepkalyhak\/\">ide<\/a><\/p>\n<p>T\u0151bb inform\u00e1ci\u00f3\u00e9rt l\u00e1togasson el\u00a0<a href=\"https:\/\/www.youtube.com\/@esemineuromania\">YouTube<\/a>-csatorn\u00e1nkra, valamint\u00a0<a href=\"https:\/\/www.facebook.com\/eSemineu\">Facebook<\/a>\u00a0\u00e9s\u00a0<a href=\"https:\/\/www.instagram.com\/esemineu\/\">Instagram<\/a>\u00a0oldalainkra.<\/p>\n<p><a href=\"https:\/\/esemineu.ro\/\">eSemineu.ro<\/a>\u00a0 \u00a0Te rakod a t\u0171zet mi adjuk a meleget!<\/p>\n<\/div>\n<\/div>\n<\/div>\n<div class=\"flex justify-between empty:hidden gizmo:justify-start gizmo:gap-3 lg:block\">\n<div class=\"text-gray-400 flex self-end lg:self-center justify-center gizmo:lg:justify-start mt-2 gizmo:mt-0 visible lg:gap-1 lg:absolute lg:top-0 lg:translate-x-full lg:right-0 lg:mt-0 lg:pl-2 gap-2 md:gap-3\"><\/div>\n<\/div>\n<\/div>\n<\/div>\n<\/div>\n<\/div>\n<\/div>\n","protected":false},"excerpt":{"rendered":"<p>Melegit\u0151 cser\u00e9pk\u00e1lyha Natur\/Barna Morano 4R Fedezze fel az eSemineu Premium cserepk\u00e1lyha leg\u00fajabb modellj\u00e9t, a Melegit\u0151 cser\u00e9pk\u00e1lyha Natur\/Barna Morano 4R-t, amely t\u00f6k\u00e9letes v\u00e1laszt\u00e1s minden modern \u00e9s hagyom\u00e1nyos otthon sz\u00e1m\u00e1ra. Ez a Fat\u00fczel\u00e9s\u0171 cser\u00e9pk\u00e1lyha 4 soros f\u0151z\u0151lappal nemcsak meleget biztos\u00edt, hanem f\u0151z\u00e9si lehet\u0151s\u00e9get is k\u00edn\u00e1l, ide\u00e1lis minden csal\u00e1d sz\u00e1m\u00e1ra. A 8kW teljes\u00edtm\u00e9ny\u0171 k\u00e1lyha kiv\u00e1l\u00f3an alkalmas k\u00f6zepes m\u00e9ret\u0171 helyis\u00e9gek f\u0171t\u00e9s\u00e9re. Az eleg\u00e1ns Naturbarna sz\u00edn \u00e9s az \u00f6ntv\u00e9ny ajt\u00f3k, valamint \u00f6ntv\u00e9ny l\u00e1bak biztos\u00edtj\u00e1k a tart\u00f3ss\u00e1got \u00e9s a st\u00edlusos megjelen\u00e9st. A Samott lapokkal belelt cserepk\u00e1lyha jav\u00edtja a h\u0151t\u00e1rol\u00e1si k\u00e9pess\u00e9get, \u00edgy a meleg sok\u00e1ig \u00e9rezhet\u0151 marad, m\u00e9g a t\u00fczel\u00e9s befejezte ut\u00e1n is. A k\u00e1lyha 120 mm \u00e1tm\u00e9r\u0151j\u0171 k\u00e9m\u00e9nycsatlakoz\u00e1sa univerz\u00e1lis, \u00edgy k\u00f6nnyen integr\u00e1lhat\u00f3 a legt\u00f6bb k\u00e9m\u00e9nyrendszerbe. Ez a hordozhato cserepkalyha k\u00fcl\u00f6n\u00f6sen praktikus, mivel k\u00f6nnyen mozgathat\u00f3 egyik helyis\u00e9gb\u0151l a m\u00e1sikba. F\u0171ts\u00f6n brikettel vagy f\u00e1val, hiszen a Felhaszn\u00e1lt t\u00fczel\u0151anyag opci\u00f3k k\u00f6z\u00f6tt mindkett\u0151 megtal\u00e1lhat\u00f3. A 4 soros fozolappal ellatott cserepkalyha lehet\u0151v\u00e9 teszi, hogy a f\u0171t\u00e9s mellett egyszerre t\u00f6bb \u00e9telt is &hellip; <a href=\"https:\/\/esemineu.ro\/hu\/termek\/melegito-cserepkalyha-natur-barna-morano-4r-fatuzelesu-cserepkalyha-4-soros-fozolappal-8kw\/\">Folytatva<\/a><\/p>\n","protected":false},"featured_media":23652,"comment_status":"open","ping_status":"closed","template":"","meta":[],"product_brand":[706],"product_cat":[729,1680],"product_tag":[],"class_list":{"0":"post-4477","1":"product","2":"type-product","3":"status-publish","4":"has-post-thumbnail","6":"product_brand-esemineu-premium","7":"product_cat-hordozhato-cserepkalyhak","8":"product_cat-melegito","9":"product_shipping_class-csempekalyhak","10":"pa_combustibil-utilizat-brikett","11":"pa_combustibil-utilizat-fa","12":"pa_culoare-maro-natur-hu","13":"pa_diametru-racordului-la-cos-120-mm-hu","14":"pa_material-teracota-hu","15":"pa_material-ontotvas-ajto-hoallo-uveggel","16":"pa_material-ontveny-fozolap","17":"pa_material-ontveny-labak","18":"pa_model-4-soros-melegito-hu","19":"pa_putere-8-kw-hu","20":"pa_randament-94-hu","21":"pa_suprafata-incalzita-mp-38-44-hu","22":"producer-teramix","24":"first","25":"onbackorder","26":"shipping-taxable","27":"purchasable","28":"product-type-simple"},"acf":[],"yoast_head":"<!-- This site is optimized with the Yoast SEO Premium plugin v21.0 (Yoast SEO v27.3) - https:\/\/yoast.com\/product\/yoast-seo-premium-wordpress\/ -->\n<title>Melegit\u0151 cser\u00e9pk\u00e1lyha Natur\/Barna Morano 4R | eSemineu.ro<\/title>\n<meta name=\"description\" content=\"Fedezze fel az eSemineu.ro-n a Melegit\u0151 cser\u00e9pk\u00e1lyha Natur\/Barna Morano 4R. St\u00edlusos, hordozhat\u00f3 \u00e9s multifunkcion\u00e1lis. 8kW hordozhat\u00f3 cser\u00e9pk\u00e1lyha.\" \/>\n<meta name=\"robots\" content=\"index, follow, max-snippet:-1, max-image-preview:large, max-video-preview:-1\" \/>\n<link rel=\"canonical\" href=\"https:\/\/esemineu.ro\/hu\/termek\/melegito-cserepkalyha-natur-barna-morano-4r-fatuzelesu-cserepkalyha-4-soros-fozolappal-8kw\/\" \/>\n<meta property=\"og:locale\" content=\"hu_HU\" \/>\n<meta property=\"og:type\" content=\"article\" \/>\n<meta property=\"og:title\" content=\"Melegit\u0151 cser\u00e9pk\u00e1lyha Natur\/Barna Morano 4R | eSemineu.ro\" \/>\n<meta property=\"og:description\" content=\"Fedezze fel az eSemineu.ro-n a Melegit\u0151 cser\u00e9pk\u00e1lyha Natur\/Barna Morano 4R. St\u00edlusos, hordozhat\u00f3 \u00e9s multifunkcion\u00e1lis. 8kW hordozhat\u00f3 cser\u00e9pk\u00e1lyha.\" \/>\n<meta property=\"og:url\" content=\"https:\/\/esemineu.ro\/hu\/termek\/melegito-cserepkalyha-natur-barna-morano-4r-fatuzelesu-cserepkalyha-4-soros-fozolappal-8kw\/\" \/>\n<meta property=\"og:site_name\" content=\"eSemineu\" \/>\n<meta property=\"article:publisher\" content=\"https:\/\/web.facebook.com\/eSemineu\" \/>\n<meta property=\"article:modified_time\" content=\"2026-04-02T10:13:39+00:00\" \/>\n<meta property=\"og:image\" content=\"https:\/\/esemineu.ro\/wp-content\/uploads\/2023\/05\/4R-MORANO-NATUR-PLITA-FR.jpg\" \/>\n\t<meta property=\"og:image:width\" content=\"1000\" \/>\n\t<meta property=\"og:image:height\" content=\"1000\" \/>\n\t<meta property=\"og:image:type\" content=\"image\/jpeg\" \/>\n<meta name=\"twitter:card\" content=\"summary_large_image\" \/>\n<meta name=\"twitter:label1\" content=\"Becs\u00fclt olvas\u00e1si id\u0151\" \/>\n\t<meta name=\"twitter:data1\" content=\"3 perc\" \/>\n<script type=\"application\/ld+json\" class=\"yoast-schema-graph\">{\"@context\":\"https:\\\/\\\/schema.org\",\"@graph\":[{\"@type\":\"WebPage\",\"@id\":\"https:\\\/\\\/esemineu.ro\\\/hu\\\/termek\\\/melegito-cserepkalyha-natur-barna-morano-4r-fatuzelesu-cserepkalyha-4-soros-fozolappal-8kw\\\/\",\"url\":\"https:\\\/\\\/esemineu.ro\\\/hu\\\/termek\\\/melegito-cserepkalyha-natur-barna-morano-4r-fatuzelesu-cserepkalyha-4-soros-fozolappal-8kw\\\/\",\"name\":\"Melegit\u0151 cser\u00e9pk\u00e1lyha Natur\\\/Barna Morano 4R | eSemineu.ro\",\"isPartOf\":{\"@id\":\"https:\\\/\\\/esemineu.ro\\\/hu\\\/#website\"},\"primaryImageOfPage\":{\"@id\":\"https:\\\/\\\/esemineu.ro\\\/hu\\\/termek\\\/melegito-cserepkalyha-natur-barna-morano-4r-fatuzelesu-cserepkalyha-4-soros-fozolappal-8kw\\\/#primaryimage\"},\"image\":{\"@id\":\"https:\\\/\\\/esemineu.ro\\\/hu\\\/termek\\\/melegito-cserepkalyha-natur-barna-morano-4r-fatuzelesu-cserepkalyha-4-soros-fozolappal-8kw\\\/#primaryimage\"},\"thumbnailUrl\":\"https:\\\/\\\/esemineu.ro\\\/wp-content\\\/uploads\\\/2023\\\/05\\\/4R-MORANO-NATUR-PLITA-FR.jpg\",\"datePublished\":\"2023-05-17T06:50:11+00:00\",\"dateModified\":\"2026-04-02T10:13:39+00:00\",\"description\":\"Fedezze fel az eSemineu.ro-n a Melegit\u0151 cser\u00e9pk\u00e1lyha Natur\\\/Barna Morano 4R. St\u00edlusos, hordozhat\u00f3 \u00e9s multifunkcion\u00e1lis. 8kW hordozhat\u00f3 cser\u00e9pk\u00e1lyha.\",\"breadcrumb\":{\"@id\":\"https:\\\/\\\/esemineu.ro\\\/hu\\\/termek\\\/melegito-cserepkalyha-natur-barna-morano-4r-fatuzelesu-cserepkalyha-4-soros-fozolappal-8kw\\\/#breadcrumb\"},\"inLanguage\":\"hu\",\"potentialAction\":[{\"@type\":\"ReadAction\",\"target\":[\"https:\\\/\\\/esemineu.ro\\\/hu\\\/termek\\\/melegito-cserepkalyha-natur-barna-morano-4r-fatuzelesu-cserepkalyha-4-soros-fozolappal-8kw\\\/\"]}]},{\"@type\":\"ImageObject\",\"inLanguage\":\"hu\",\"@id\":\"https:\\\/\\\/esemineu.ro\\\/hu\\\/termek\\\/melegito-cserepkalyha-natur-barna-morano-4r-fatuzelesu-cserepkalyha-4-soros-fozolappal-8kw\\\/#primaryimage\",\"url\":\"https:\\\/\\\/esemineu.ro\\\/wp-content\\\/uploads\\\/2023\\\/05\\\/4R-MORANO-NATUR-PLITA-FR.jpg\",\"contentUrl\":\"https:\\\/\\\/esemineu.ro\\\/wp-content\\\/uploads\\\/2023\\\/05\\\/4R-MORANO-NATUR-PLITA-FR.jpg\",\"width\":1000,\"height\":1000,\"caption\":\"Melegit\u0151 cser\u00e9pk\u00e1lyha Natur\\\/Barna Morano 4R\"},{\"@type\":\"BreadcrumbList\",\"@id\":\"https:\\\/\\\/esemineu.ro\\\/hu\\\/termek\\\/melegito-cserepkalyha-natur-barna-morano-4r-fatuzelesu-cserepkalyha-4-soros-fozolappal-8kw\\\/#breadcrumb\",\"itemListElement\":[{\"@type\":\"ListItem\",\"position\":1,\"name\":\"Kezd\u0151lap\",\"item\":\"https:\\\/\\\/esemineu.ro\\\/hu\\\/\"},{\"@type\":\"ListItem\",\"position\":2,\"name\":\"\u00c1ruh\u00e1z\",\"item\":\"https:\\\/\\\/esemineu.ro\\\/hu\\\/aruhaz\\\/\"},{\"@type\":\"ListItem\",\"position\":3,\"name\":\"Melegit\u0151 cser\u00e9pk\u00e1lyha Natur\\\/Barna Morano 4R, Fat\u00fczel\u00e9s\u0171 cser\u00e9pk\u00e1lyha 4 soros f\u0151z\u0151lappal, 8kW\"}]},{\"@type\":\"WebSite\",\"@id\":\"https:\\\/\\\/esemineu.ro\\\/hu\\\/#website\",\"url\":\"https:\\\/\\\/esemineu.ro\\\/hu\\\/\",\"name\":\"eSemineu\",\"description\":\"\u0218eminee de cea mai \u00eenalt\u0103 calitate\",\"potentialAction\":[{\"@type\":\"SearchAction\",\"target\":{\"@type\":\"EntryPoint\",\"urlTemplate\":\"https:\\\/\\\/esemineu.ro\\\/hu\\\/?s={search_term_string}\"},\"query-input\":{\"@type\":\"PropertyValueSpecification\",\"valueRequired\":true,\"valueName\":\"search_term_string\"}}],\"inLanguage\":\"hu\"}]}<\/script>\n<!-- \/ Yoast SEO Premium plugin. -->","yoast_head_json":{"title":"Melegit\u0151 cser\u00e9pk\u00e1lyha Natur\/Barna Morano 4R | eSemineu.ro","description":"Fedezze fel az eSemineu.ro-n a Melegit\u0151 cser\u00e9pk\u00e1lyha Natur\/Barna Morano 4R. St\u00edlusos, hordozhat\u00f3 \u00e9s multifunkcion\u00e1lis. 8kW hordozhat\u00f3 cser\u00e9pk\u00e1lyha.","robots":{"index":"index","follow":"follow","max-snippet":"max-snippet:-1","max-image-preview":"max-image-preview:large","max-video-preview":"max-video-preview:-1"},"canonical":"https:\/\/esemineu.ro\/hu\/termek\/melegito-cserepkalyha-natur-barna-morano-4r-fatuzelesu-cserepkalyha-4-soros-fozolappal-8kw\/","og_locale":"hu_HU","og_type":"article","og_title":"Melegit\u0151 cser\u00e9pk\u00e1lyha Natur\/Barna Morano 4R | eSemineu.ro","og_description":"Fedezze fel az eSemineu.ro-n a Melegit\u0151 cser\u00e9pk\u00e1lyha Natur\/Barna Morano 4R. St\u00edlusos, hordozhat\u00f3 \u00e9s multifunkcion\u00e1lis. 8kW hordozhat\u00f3 cser\u00e9pk\u00e1lyha.","og_url":"https:\/\/esemineu.ro\/hu\/termek\/melegito-cserepkalyha-natur-barna-morano-4r-fatuzelesu-cserepkalyha-4-soros-fozolappal-8kw\/","og_site_name":"eSemineu","article_publisher":"https:\/\/web.facebook.com\/eSemineu","article_modified_time":"2026-04-02T10:13:39+00:00","og_image":[{"width":1000,"height":1000,"url":"https:\/\/esemineu.ro\/wp-content\/uploads\/2023\/05\/4R-MORANO-NATUR-PLITA-FR.jpg","type":"image\/jpeg"}],"twitter_card":"summary_large_image","twitter_misc":{"Becs\u00fclt olvas\u00e1si id\u0151":"3 perc"},"schema":{"@context":"https:\/\/schema.org","@graph":[{"@type":"WebPage","@id":"https:\/\/esemineu.ro\/hu\/termek\/melegito-cserepkalyha-natur-barna-morano-4r-fatuzelesu-cserepkalyha-4-soros-fozolappal-8kw\/","url":"https:\/\/esemineu.ro\/hu\/termek\/melegito-cserepkalyha-natur-barna-morano-4r-fatuzelesu-cserepkalyha-4-soros-fozolappal-8kw\/","name":"Melegit\u0151 cser\u00e9pk\u00e1lyha Natur\/Barna Morano 4R | eSemineu.ro","isPartOf":{"@id":"https:\/\/esemineu.ro\/hu\/#website"},"primaryImageOfPage":{"@id":"https:\/\/esemineu.ro\/hu\/termek\/melegito-cserepkalyha-natur-barna-morano-4r-fatuzelesu-cserepkalyha-4-soros-fozolappal-8kw\/#primaryimage"},"image":{"@id":"https:\/\/esemineu.ro\/hu\/termek\/melegito-cserepkalyha-natur-barna-morano-4r-fatuzelesu-cserepkalyha-4-soros-fozolappal-8kw\/#primaryimage"},"thumbnailUrl":"https:\/\/esemineu.ro\/wp-content\/uploads\/2023\/05\/4R-MORANO-NATUR-PLITA-FR.jpg","datePublished":"2023-05-17T06:50:11+00:00","dateModified":"2026-04-02T10:13:39+00:00","description":"Fedezze fel az eSemineu.ro-n a Melegit\u0151 cser\u00e9pk\u00e1lyha Natur\/Barna Morano 4R. St\u00edlusos, hordozhat\u00f3 \u00e9s multifunkcion\u00e1lis. 8kW hordozhat\u00f3 cser\u00e9pk\u00e1lyha.","breadcrumb":{"@id":"https:\/\/esemineu.ro\/hu\/termek\/melegito-cserepkalyha-natur-barna-morano-4r-fatuzelesu-cserepkalyha-4-soros-fozolappal-8kw\/#breadcrumb"},"inLanguage":"hu","potentialAction":[{"@type":"ReadAction","target":["https:\/\/esemineu.ro\/hu\/termek\/melegito-cserepkalyha-natur-barna-morano-4r-fatuzelesu-cserepkalyha-4-soros-fozolappal-8kw\/"]}]},{"@type":"ImageObject","inLanguage":"hu","@id":"https:\/\/esemineu.ro\/hu\/termek\/melegito-cserepkalyha-natur-barna-morano-4r-fatuzelesu-cserepkalyha-4-soros-fozolappal-8kw\/#primaryimage","url":"https:\/\/esemineu.ro\/wp-content\/uploads\/2023\/05\/4R-MORANO-NATUR-PLITA-FR.jpg","contentUrl":"https:\/\/esemineu.ro\/wp-content\/uploads\/2023\/05\/4R-MORANO-NATUR-PLITA-FR.jpg","width":1000,"height":1000,"caption":"Melegit\u0151 cser\u00e9pk\u00e1lyha Natur\/Barna Morano 4R"},{"@type":"BreadcrumbList","@id":"https:\/\/esemineu.ro\/hu\/termek\/melegito-cserepkalyha-natur-barna-morano-4r-fatuzelesu-cserepkalyha-4-soros-fozolappal-8kw\/#breadcrumb","itemListElement":[{"@type":"ListItem","position":1,"name":"Kezd\u0151lap","item":"https:\/\/esemineu.ro\/hu\/"},{"@type":"ListItem","position":2,"name":"\u00c1ruh\u00e1z","item":"https:\/\/esemineu.ro\/hu\/aruhaz\/"},{"@type":"ListItem","position":3,"name":"Melegit\u0151 cser\u00e9pk\u00e1lyha Natur\/Barna Morano 4R, Fat\u00fczel\u00e9s\u0171 cser\u00e9pk\u00e1lyha 4 soros f\u0151z\u0151lappal, 8kW"}]},{"@type":"WebSite","@id":"https:\/\/esemineu.ro\/hu\/#website","url":"https:\/\/esemineu.ro\/hu\/","name":"eSemineu","description":"\u0218eminee de cea mai \u00eenalt\u0103 calitate","potentialAction":[{"@type":"SearchAction","target":{"@type":"EntryPoint","urlTemplate":"https:\/\/esemineu.ro\/hu\/?s={search_term_string}"},"query-input":{"@type":"PropertyValueSpecification","valueRequired":true,"valueName":"search_term_string"}}],"inLanguage":"hu"}]}},"_links":{"self":[{"href":"https:\/\/esemineu.ro\/hu\/wp-json\/wp\/v2\/product\/4477","targetHints":{"allow":["GET"]}}],"collection":[{"href":"https:\/\/esemineu.ro\/hu\/wp-json\/wp\/v2\/product"}],"about":[{"href":"https:\/\/esemineu.ro\/hu\/wp-json\/wp\/v2\/types\/product"}],"replies":[{"embeddable":true,"href":"https:\/\/esemineu.ro\/hu\/wp-json\/wp\/v2\/comments?post=4477"}],"wp:featuredmedia":[{"embeddable":true,"href":"https:\/\/esemineu.ro\/hu\/wp-json\/wp\/v2\/media\/23652"}],"wp:attachment":[{"href":"https:\/\/esemineu.ro\/hu\/wp-json\/wp\/v2\/media?parent=4477"}],"wp:term":[{"taxonomy":"product_brand","embeddable":true,"href":"https:\/\/esemineu.ro\/hu\/wp-json\/wp\/v2\/product_brand?post=4477"},{"taxonomy":"product_cat","embeddable":true,"href":"https:\/\/esemineu.ro\/hu\/wp-json\/wp\/v2\/product_cat?post=4477"},{"taxonomy":"product_tag","embeddable":true,"href":"https:\/\/esemineu.ro\/hu\/wp-json\/wp\/v2\/product_tag?post=4477"}],"curies":[{"name":"wp","href":"https:\/\/api.w.org\/{rel}","templated":true}]}}