{"id":4467,"date":"2023-06-01T06:46:49","date_gmt":"2023-06-01T04:46:49","guid":{"rendered":"https:\/\/esemineu.ro\/product\/termosemineu-pe-lemne-alpina-gri-termosemineu-tip-centrala-alpina-24kw\/"},"modified":"2023-11-27T11:43:34","modified_gmt":"2023-11-27T09:43:34","slug":"szurke-vizteres-kandallo-alpina-24kw-vizteres-kandallo","status":"publish","type":"product","link":"https:\/\/esemineu.ro\/hu\/termek\/szurke-vizteres-kandallo-alpina-24kw-vizteres-kandallo\/","title":{"rendered":"Sz\u00fcrke v\u00edzteres kandall\u00f3 Alpina 24kW, v\u00edzteres Kandall\u00f3"},"content":{"rendered":"<p>Sz\u00fcrke v\u00edzteres kandall\u00f3 Alpina 24Kw<\/p>\n<p>Az Alpina v\u00edzteres kandall\u00f3, a Pro Termo min\u0151s\u00e9gi term\u00e9ke, \u00edg\u00e9retet tesz az \u00fcgyf\u00e9l el\u00e9gedetts\u00e9g\u00e9re. Ez a fat\u00fczel\u00e9s\u0171, v\u00edzteres kandall\u00f3 egyed\u00fcl\u00e1ll\u00f3 designj\u00e1val ide\u00e1lis v\u00e1laszt\u00e1s lehet lak\u00e1sok vagy nyaral\u00f3k f\u0171t\u00e9s\u00e9re. Az als\u00f3 r\u00e9sz\u00e9n egy k\u00f6nnyed\u00e9n elt\u00e1vol\u00edthat\u00f3 \u00f6nt\u00f6ttvas r\u00e1cs tal\u00e1lhat\u00f3, alatta pedig egy kivehet\u0151 hamut\u00e1lca, \u00edgy a haszn\u00e1lat \u00e9s karbantart\u00e1s egyszer\u0171s\u00e9g\u00e9t biztos\u00edtja.<\/p>\n<p>Nagy m\u00e9ret\u0171, h\u0151\u00e1ll\u00f3 \u00fcvegezett ajtaja nem csak a h\u0151t vezeti el, de kellemes l\u00e1tv\u00e1nyt is ny\u00fajt, mivel \u00e1tengedi a t\u0171z l\u00e1tv\u00e1ny\u00e1t. Az Alpina kandall\u00f3 egy pr\u00e9mium min\u0151s\u00e9g\u0171 term\u00e9k, amelyet 2 mm vastag ac\u00e9llemezb\u0151l gy\u00e1rtottak a legjobb tart\u00f3ss\u00e1g \u00e9rdek\u00e9ben.<\/p>\n<p>A\u00a0Sz\u00fcrke v\u00edzteres kandall\u00f3 Alpina 24kW h\u0151\u00e1ll\u00f3 \u00fcveggel rendelkezik, mely ak\u00e1r 800\u00b0C-ig ellen\u00e1ll a magas h\u0151m\u00e9rs\u00e9kletnek. Az optim\u00e1lis hat\u00e9konys\u00e1g \u00e9rdek\u00e9ben javasoljuk, hogy az \u00e9g\u00e9s idej\u00e9n tartsa nyitva az ajt\u00f3n l\u00e9v\u0151 szell\u0151z\u0151j\u00e1ratot. A t\u0171z le\u00e9g\u00e9se ut\u00e1n z\u00e1rja le a j\u00e1ratot, hogy a kandall\u00f3ban ne keringjen a leveg\u0151, \u00e9s a h\u0151 a lehet\u0151 leghosszabb ideig megmaradjon. Sz\u00e1raz fahaszn\u00e1lat mellett az ablak tiszta marad, ami tov\u00e1bb n\u00f6veli az eszt\u00e9tikai \u00e9lvezetet.<\/p>\n<ol>\n<li>H\u00e1zf\u0171t\u00e9s: A v\u00edzteres kandall\u00f3k kiv\u00e1l\u00f3an alkalmasak eg\u00e9sz h\u00e1zak, vagy nagyobb lak\u00e1sok f\u0171t\u00e9s\u00e9re. A kandall\u00f3ban keletkezett h\u0151t a v\u00edz k\u00f6zvet\u00edti a radi\u00e1torokhoz vagy padl\u00f3f\u0171t\u00e9s rendszerhez, \u00edgy biztos\u00edtva a meleget a teljes \u00e9p\u00fcletben.<\/li>\n<li>Hangulat teremt\u00e9s: Mivel a v\u00edzteres kandall\u00f3k \u00e1ltal\u00e1ban \u00fcvegezett ajt\u00f3val rendelkeznek, lehet\u0151s\u00e9g van a t\u0171z megfigyel\u00e9s\u00e9re, ami kellemes, otthonos hangulatot teremt a helyis\u00e9gben.<\/li>\n<li>Energiatakar\u00e9kos: A v\u00edzteres kandall\u00f3k hat\u00e9kony energiak\u00f6zpontok, hiszen a fa t\u00fczel\u0151anyag h\u0151j\u00e9t a legoptim\u00e1lisabb m\u00f3don haszn\u00e1lj\u00e1k fel, \u00edgy cs\u00f6kkentik az energiafogyaszt\u00e1st \u00e9s a k\u00f6lts\u00e9geket.<\/li>\n<\/ol>\n<p>Ezek a tulajdons\u00e1gok teszik a v\u00edzteres kandall\u00f3kat kiv\u00e1l\u00f3 v\u00e1laszt\u00e1ss\u00e1 a termelt h\u0151 teljes felhaszn\u00e1l\u00e1s\u00e1\u00e9rt.<\/p>\n<h6>Sz\u00e1ll\u00edt\u00e1si hat\u00e1rid\u0151:<\/h6>\n<ul>\n<li><strong>Magyarorsz\u00e1g \u00e9s az eg\u00e9sz Eur\u00f3pai Uni\u00f3 ter\u00fclet\u00e9n<\/strong>\u00a0is sz\u00e1ll\u00edtjuk.<\/li>\n<li>Rom\u00e1ni\u00e1ba 2-3 munkanap alatt sz\u00e1ll\u00edtjuk<\/li>\n<li>Magyarorsz\u00e1gra \u00e9s az EU ter\u00fclet\u00e9re az \u00e1tutal\u00e1s ut\u00e1n 5 munkanapon bel\u00fcl \u00e9rkezik meg a term\u00e9k.<\/li>\n<\/ul>\n<p>Ha b\u00e1rmilyen k\u00e9rd\u00e9se van, k\u00e9rj\u00fck, l\u00e9pjen kapcsolatba vel\u00fcnk.<\/p>\n<p>Tov\u00e1bbi aj\u00e1nlatok\u00e9rt kattintson\u00a0<a href=\"https:\/\/esemineu.ro\/hu\/termek-kategoria\/vizteres-kandallok\/\">ide<\/a><\/p>\n<p>T\u0151bb inform\u00e1ci\u00f3\u00e9rt l\u00e1togasson el\u00a0<a href=\"https:\/\/www.youtube.com\/@esemineuromania\">YouTube<\/a>-csatorn\u00e1nkra, valamint\u00a0<a href=\"https:\/\/www.facebook.com\/eSemineu\">Facebook<\/a>\u00a0\u00e9s\u00a0<a href=\"https:\/\/www.instagram.com\/esemineu\/\">Instagram<\/a>\u00a0oldalainkra.<\/p>\n<p><a href=\"https:\/\/esemineu.ro\/\">eSemineu.ro<\/a>\u00a0 \u00a0Te rakod a t\u0171zet, mi adjuk a meleget!<\/p>\n","protected":false},"excerpt":{"rendered":"<p>Sz\u00fcrke v\u00edzteres kandall\u00f3 Alpina 24Kw Az Alpina v\u00edzteres kandall\u00f3, a Pro Termo min\u0151s\u00e9gi term\u00e9ke, \u00edg\u00e9retet tesz az \u00fcgyf\u00e9l el\u00e9gedetts\u00e9g\u00e9re. Ez a fat\u00fczel\u00e9s\u0171, v\u00edzteres kandall\u00f3 egyed\u00fcl\u00e1ll\u00f3 designj\u00e1val ide\u00e1lis v\u00e1laszt\u00e1s lehet lak\u00e1sok vagy nyaral\u00f3k f\u0171t\u00e9s\u00e9re. Az als\u00f3 r\u00e9sz\u00e9n egy k\u00f6nnyed\u00e9n elt\u00e1vol\u00edthat\u00f3 \u00f6nt\u00f6ttvas r\u00e1cs tal\u00e1lhat\u00f3, alatta pedig egy kivehet\u0151 hamut\u00e1lca, \u00edgy a haszn\u00e1lat \u00e9s karbantart\u00e1s egyszer\u0171s\u00e9g\u00e9t biztos\u00edtja. Nagy m\u00e9ret\u0171, h\u0151\u00e1ll\u00f3 \u00fcvegezett ajtaja nem csak a h\u0151t vezeti el, de kellemes l\u00e1tv\u00e1nyt is ny\u00fajt, mivel \u00e1tengedi a t\u0171z l\u00e1tv\u00e1ny\u00e1t. Az Alpina kandall\u00f3 egy pr\u00e9mium min\u0151s\u00e9g\u0171 term\u00e9k, amelyet 2 mm vastag ac\u00e9llemezb\u0151l gy\u00e1rtottak a legjobb tart\u00f3ss\u00e1g \u00e9rdek\u00e9ben. A\u00a0Sz\u00fcrke v\u00edzteres kandall\u00f3 Alpina 24kW h\u0151\u00e1ll\u00f3 \u00fcveggel rendelkezik, mely ak\u00e1r 800\u00b0C-ig ellen\u00e1ll a magas h\u0151m\u00e9rs\u00e9kletnek. Az optim\u00e1lis hat\u00e9konys\u00e1g \u00e9rdek\u00e9ben javasoljuk, hogy az \u00e9g\u00e9s idej\u00e9n tartsa nyitva az ajt\u00f3n l\u00e9v\u0151 szell\u0151z\u0151j\u00e1ratot. A t\u0171z le\u00e9g\u00e9se ut\u00e1n z\u00e1rja le a j\u00e1ratot, hogy a kandall\u00f3ban ne keringjen a leveg\u0151, \u00e9s a h\u0151 a lehet\u0151 leghosszabb ideig megmaradjon. Sz\u00e1raz fahaszn\u00e1lat mellett az ablak &hellip; <a href=\"https:\/\/esemineu.ro\/hu\/termek\/szurke-vizteres-kandallo-alpina-24kw-vizteres-kandallo\/\">Folytatva<\/a><\/p>\n","protected":false},"featured_media":14208,"comment_status":"open","ping_status":"closed","template":"","meta":[],"product_brand":[707],"product_cat":[825],"product_tag":[],"class_list":{"0":"post-4467","1":"product","2":"type-product","3":"status-publish","4":"has-post-thumbnail","6":"product_brand-pro-termo","7":"product_cat-vizteres-kandallok","8":"product_shipping_class-vizteres-kandallok","9":"pa_combustibil-utilizat-brikett","10":"pa_combustibil-utilizat-fa","11":"pa_culoare-gri-hu","12":"pa_culoare-matt-fekete","13":"pa_diametru-racordului-la-cos-150-mm-hu","14":"pa_grosime-material-2-mm-hu","15":"pa_model-alpina-24kw","16":"pa_putere-24-kw-hu","17":"pa_randament-79-hu","18":"pa_utere-termica-in-circuit-hi-20-5kw-hu","19":"producer-hasinto","21":"first","22":"outofstock","23":"featured","24":"shipping-taxable","25":"purchasable","26":"product-type-simple"},"acf":[],"yoast_head":"<!-- This site is optimized with the Yoast SEO Premium plugin v21.0 (Yoast SEO v27.3) - https:\/\/yoast.com\/product\/yoast-seo-premium-wordpress\/ -->\n<title>Sz\u00fcrke v\u00edzteres kandall\u00f3 Alpina 24kW | V\u00edztereskandall\u00f3k<\/title>\n<meta name=\"description\" content=\"Sz\u00fcrke v\u00edzteres kandall\u00f3 Alpina 24kW, mely hat\u00e9kony h\u0151lead\u00e1ssal \u00e9s eleg\u00e1ns megjelen\u00e9ssel t\u00f6k\u00e9letes v\u00e1laszt\u00e1s minden otthonba!\" \/>\n<meta name=\"robots\" content=\"index, follow, max-snippet:-1, max-image-preview:large, max-video-preview:-1\" \/>\n<link rel=\"canonical\" href=\"https:\/\/esemineu.ro\/hu\/termek\/szurke-vizteres-kandallo-alpina-24kw-vizteres-kandallo\/\" \/>\n<meta property=\"og:locale\" content=\"hu_HU\" \/>\n<meta property=\"og:type\" content=\"article\" \/>\n<meta property=\"og:title\" content=\"Sz\u00fcrke v\u00edzteres kandall\u00f3 Alpina 24kW | V\u00edztereskandall\u00f3k\" \/>\n<meta property=\"og:description\" content=\"Sz\u00fcrke v\u00edzteres kandall\u00f3 Alpina 24kW, mely hat\u00e9kony h\u0151lead\u00e1ssal \u00e9s eleg\u00e1ns megjelen\u00e9ssel t\u00f6k\u00e9letes v\u00e1laszt\u00e1s minden otthonba!\" \/>\n<meta property=\"og:url\" content=\"https:\/\/esemineu.ro\/hu\/termek\/szurke-vizteres-kandallo-alpina-24kw-vizteres-kandallo\/\" \/>\n<meta property=\"og:site_name\" content=\"eSemineu\" \/>\n<meta property=\"article:publisher\" content=\"https:\/\/web.facebook.com\/eSemineu\" \/>\n<meta property=\"article:modified_time\" content=\"2023-11-27T09:43:34+00:00\" \/>\n<meta property=\"og:image\" content=\"https:\/\/esemineu.ro\/wp-content\/uploads\/2023\/09\/Front-flacara.jpg\" \/>\n\t<meta property=\"og:image:width\" content=\"1000\" \/>\n\t<meta property=\"og:image:height\" content=\"1000\" \/>\n\t<meta property=\"og:image:type\" content=\"image\/jpeg\" \/>\n<meta name=\"twitter:card\" content=\"summary_large_image\" \/>\n<meta name=\"twitter:label1\" content=\"Becs\u00fclt olvas\u00e1si id\u0151\" \/>\n\t<meta name=\"twitter:data1\" content=\"5 perc\" \/>\n<script type=\"application\/ld+json\" class=\"yoast-schema-graph\">{\"@context\":\"https:\\\/\\\/schema.org\",\"@graph\":[{\"@type\":\"WebPage\",\"@id\":\"https:\\\/\\\/esemineu.ro\\\/hu\\\/termek\\\/szurke-vizteres-kandallo-alpina-24kw-vizteres-kandallo\\\/\",\"url\":\"https:\\\/\\\/esemineu.ro\\\/hu\\\/termek\\\/szurke-vizteres-kandallo-alpina-24kw-vizteres-kandallo\\\/\",\"name\":\"Sz\u00fcrke v\u00edzteres kandall\u00f3 Alpina 24kW | V\u00edztereskandall\u00f3k\",\"isPartOf\":{\"@id\":\"https:\\\/\\\/esemineu.ro\\\/hu\\\/#website\"},\"primaryImageOfPage\":{\"@id\":\"https:\\\/\\\/esemineu.ro\\\/hu\\\/termek\\\/szurke-vizteres-kandallo-alpina-24kw-vizteres-kandallo\\\/#primaryimage\"},\"image\":{\"@id\":\"https:\\\/\\\/esemineu.ro\\\/hu\\\/termek\\\/szurke-vizteres-kandallo-alpina-24kw-vizteres-kandallo\\\/#primaryimage\"},\"thumbnailUrl\":\"https:\\\/\\\/esemineu.ro\\\/wp-content\\\/uploads\\\/2023\\\/09\\\/Front-flacara.jpg\",\"datePublished\":\"2023-06-01T04:46:49+00:00\",\"dateModified\":\"2023-11-27T09:43:34+00:00\",\"description\":\"Sz\u00fcrke v\u00edzteres kandall\u00f3 Alpina 24kW, mely hat\u00e9kony h\u0151lead\u00e1ssal \u00e9s eleg\u00e1ns megjelen\u00e9ssel t\u00f6k\u00e9letes v\u00e1laszt\u00e1s minden otthonba!\",\"breadcrumb\":{\"@id\":\"https:\\\/\\\/esemineu.ro\\\/hu\\\/termek\\\/szurke-vizteres-kandallo-alpina-24kw-vizteres-kandallo\\\/#breadcrumb\"},\"inLanguage\":\"hu\",\"potentialAction\":[{\"@type\":\"ReadAction\",\"target\":[\"https:\\\/\\\/esemineu.ro\\\/hu\\\/termek\\\/szurke-vizteres-kandallo-alpina-24kw-vizteres-kandallo\\\/\"]}]},{\"@type\":\"ImageObject\",\"inLanguage\":\"hu\",\"@id\":\"https:\\\/\\\/esemineu.ro\\\/hu\\\/termek\\\/szurke-vizteres-kandallo-alpina-24kw-vizteres-kandallo\\\/#primaryimage\",\"url\":\"https:\\\/\\\/esemineu.ro\\\/wp-content\\\/uploads\\\/2023\\\/09\\\/Front-flacara.jpg\",\"contentUrl\":\"https:\\\/\\\/esemineu.ro\\\/wp-content\\\/uploads\\\/2023\\\/09\\\/Front-flacara.jpg\",\"width\":1000,\"height\":1000,\"caption\":\"Termo\u0219emineu pe lemne Alpina Gri\"},{\"@type\":\"BreadcrumbList\",\"@id\":\"https:\\\/\\\/esemineu.ro\\\/hu\\\/termek\\\/szurke-vizteres-kandallo-alpina-24kw-vizteres-kandallo\\\/#breadcrumb\",\"itemListElement\":[{\"@type\":\"ListItem\",\"position\":1,\"name\":\"Kezd\u0151lap\",\"item\":\"https:\\\/\\\/esemineu.ro\\\/hu\\\/\"},{\"@type\":\"ListItem\",\"position\":2,\"name\":\"\u00c1ruh\u00e1z\",\"item\":\"https:\\\/\\\/esemineu.ro\\\/hu\\\/aruhaz\\\/\"},{\"@type\":\"ListItem\",\"position\":3,\"name\":\"Sz\u00fcrke v\u00edzteres kandall\u00f3 Alpina 24kW, v\u00edzteres Kandall\u00f3\"}]},{\"@type\":\"WebSite\",\"@id\":\"https:\\\/\\\/esemineu.ro\\\/hu\\\/#website\",\"url\":\"https:\\\/\\\/esemineu.ro\\\/hu\\\/\",\"name\":\"eSemineu\",\"description\":\"\u0218eminee de cea mai \u00eenalt\u0103 calitate\",\"potentialAction\":[{\"@type\":\"SearchAction\",\"target\":{\"@type\":\"EntryPoint\",\"urlTemplate\":\"https:\\\/\\\/esemineu.ro\\\/hu\\\/?s={search_term_string}\"},\"query-input\":{\"@type\":\"PropertyValueSpecification\",\"valueRequired\":true,\"valueName\":\"search_term_string\"}}],\"inLanguage\":\"hu\"}]}<\/script>\n<!-- \/ Yoast SEO Premium plugin. -->","yoast_head_json":{"title":"Sz\u00fcrke v\u00edzteres kandall\u00f3 Alpina 24kW | V\u00edztereskandall\u00f3k","description":"Sz\u00fcrke v\u00edzteres kandall\u00f3 Alpina 24kW, mely hat\u00e9kony h\u0151lead\u00e1ssal \u00e9s eleg\u00e1ns megjelen\u00e9ssel t\u00f6k\u00e9letes v\u00e1laszt\u00e1s minden otthonba!","robots":{"index":"index","follow":"follow","max-snippet":"max-snippet:-1","max-image-preview":"max-image-preview:large","max-video-preview":"max-video-preview:-1"},"canonical":"https:\/\/esemineu.ro\/hu\/termek\/szurke-vizteres-kandallo-alpina-24kw-vizteres-kandallo\/","og_locale":"hu_HU","og_type":"article","og_title":"Sz\u00fcrke v\u00edzteres kandall\u00f3 Alpina 24kW | V\u00edztereskandall\u00f3k","og_description":"Sz\u00fcrke v\u00edzteres kandall\u00f3 Alpina 24kW, mely hat\u00e9kony h\u0151lead\u00e1ssal \u00e9s eleg\u00e1ns megjelen\u00e9ssel t\u00f6k\u00e9letes v\u00e1laszt\u00e1s minden otthonba!","og_url":"https:\/\/esemineu.ro\/hu\/termek\/szurke-vizteres-kandallo-alpina-24kw-vizteres-kandallo\/","og_site_name":"eSemineu","article_publisher":"https:\/\/web.facebook.com\/eSemineu","article_modified_time":"2023-11-27T09:43:34+00:00","og_image":[{"width":1000,"height":1000,"url":"https:\/\/esemineu.ro\/wp-content\/uploads\/2023\/09\/Front-flacara.jpg","type":"image\/jpeg"}],"twitter_card":"summary_large_image","twitter_misc":{"Becs\u00fclt olvas\u00e1si id\u0151":"5 perc"},"schema":{"@context":"https:\/\/schema.org","@graph":[{"@type":"WebPage","@id":"https:\/\/esemineu.ro\/hu\/termek\/szurke-vizteres-kandallo-alpina-24kw-vizteres-kandallo\/","url":"https:\/\/esemineu.ro\/hu\/termek\/szurke-vizteres-kandallo-alpina-24kw-vizteres-kandallo\/","name":"Sz\u00fcrke v\u00edzteres kandall\u00f3 Alpina 24kW | V\u00edztereskandall\u00f3k","isPartOf":{"@id":"https:\/\/esemineu.ro\/hu\/#website"},"primaryImageOfPage":{"@id":"https:\/\/esemineu.ro\/hu\/termek\/szurke-vizteres-kandallo-alpina-24kw-vizteres-kandallo\/#primaryimage"},"image":{"@id":"https:\/\/esemineu.ro\/hu\/termek\/szurke-vizteres-kandallo-alpina-24kw-vizteres-kandallo\/#primaryimage"},"thumbnailUrl":"https:\/\/esemineu.ro\/wp-content\/uploads\/2023\/09\/Front-flacara.jpg","datePublished":"2023-06-01T04:46:49+00:00","dateModified":"2023-11-27T09:43:34+00:00","description":"Sz\u00fcrke v\u00edzteres kandall\u00f3 Alpina 24kW, mely hat\u00e9kony h\u0151lead\u00e1ssal \u00e9s eleg\u00e1ns megjelen\u00e9ssel t\u00f6k\u00e9letes v\u00e1laszt\u00e1s minden otthonba!","breadcrumb":{"@id":"https:\/\/esemineu.ro\/hu\/termek\/szurke-vizteres-kandallo-alpina-24kw-vizteres-kandallo\/#breadcrumb"},"inLanguage":"hu","potentialAction":[{"@type":"ReadAction","target":["https:\/\/esemineu.ro\/hu\/termek\/szurke-vizteres-kandallo-alpina-24kw-vizteres-kandallo\/"]}]},{"@type":"ImageObject","inLanguage":"hu","@id":"https:\/\/esemineu.ro\/hu\/termek\/szurke-vizteres-kandallo-alpina-24kw-vizteres-kandallo\/#primaryimage","url":"https:\/\/esemineu.ro\/wp-content\/uploads\/2023\/09\/Front-flacara.jpg","contentUrl":"https:\/\/esemineu.ro\/wp-content\/uploads\/2023\/09\/Front-flacara.jpg","width":1000,"height":1000,"caption":"Termo\u0219emineu pe lemne Alpina Gri"},{"@type":"BreadcrumbList","@id":"https:\/\/esemineu.ro\/hu\/termek\/szurke-vizteres-kandallo-alpina-24kw-vizteres-kandallo\/#breadcrumb","itemListElement":[{"@type":"ListItem","position":1,"name":"Kezd\u0151lap","item":"https:\/\/esemineu.ro\/hu\/"},{"@type":"ListItem","position":2,"name":"\u00c1ruh\u00e1z","item":"https:\/\/esemineu.ro\/hu\/aruhaz\/"},{"@type":"ListItem","position":3,"name":"Sz\u00fcrke v\u00edzteres kandall\u00f3 Alpina 24kW, v\u00edzteres Kandall\u00f3"}]},{"@type":"WebSite","@id":"https:\/\/esemineu.ro\/hu\/#website","url":"https:\/\/esemineu.ro\/hu\/","name":"eSemineu","description":"\u0218eminee de cea mai \u00eenalt\u0103 calitate","potentialAction":[{"@type":"SearchAction","target":{"@type":"EntryPoint","urlTemplate":"https:\/\/esemineu.ro\/hu\/?s={search_term_string}"},"query-input":{"@type":"PropertyValueSpecification","valueRequired":true,"valueName":"search_term_string"}}],"inLanguage":"hu"}]}},"_links":{"self":[{"href":"https:\/\/esemineu.ro\/hu\/wp-json\/wp\/v2\/product\/4467","targetHints":{"allow":["GET"]}}],"collection":[{"href":"https:\/\/esemineu.ro\/hu\/wp-json\/wp\/v2\/product"}],"about":[{"href":"https:\/\/esemineu.ro\/hu\/wp-json\/wp\/v2\/types\/product"}],"replies":[{"embeddable":true,"href":"https:\/\/esemineu.ro\/hu\/wp-json\/wp\/v2\/comments?post=4467"}],"wp:featuredmedia":[{"embeddable":true,"href":"https:\/\/esemineu.ro\/hu\/wp-json\/wp\/v2\/media\/14208"}],"wp:attachment":[{"href":"https:\/\/esemineu.ro\/hu\/wp-json\/wp\/v2\/media?parent=4467"}],"wp:term":[{"taxonomy":"product_brand","embeddable":true,"href":"https:\/\/esemineu.ro\/hu\/wp-json\/wp\/v2\/product_brand?post=4467"},{"taxonomy":"product_cat","embeddable":true,"href":"https:\/\/esemineu.ro\/hu\/wp-json\/wp\/v2\/product_cat?post=4467"},{"taxonomy":"product_tag","embeddable":true,"href":"https:\/\/esemineu.ro\/hu\/wp-json\/wp\/v2\/product_tag?post=4467"}],"curies":[{"name":"wp","href":"https:\/\/api.w.org\/{rel}","templated":true}]}}